{"id":226308,"date":"2024-07-31T08:12:19","date_gmt":"2024-07-31T06:12:19","guid":{"rendered":"https:\/\/abc-office.eu\/?page_id=226308"},"modified":"2025-10-20T18:05:09","modified_gmt":"2025-10-20T16:05:09","slug":"yeminli-tercume-afrikaans-istanbul","status":"publish","type":"page","link":"https:\/\/abc-office.eu\/tr\/turkiye\/yeminli-tercume-turkiye\/yeminli-tercume-istanbul\/yeminli-tercume-afrikaans-istanbul\/","title":{"rendered":"Yeminli Terc\u00fcme Afrikaans Istanbul"},"content":{"rendered":"<div class=\"lRu31\" dir=\"ltr\">\n<h2><span class=\"HwtZe\" lang=\"tr\"><span class=\"jCAhz ChMk0b\"><span class=\"ryNqvb\">Yeminli Terc\u00fcme Afrikaans Istanbul<\/span><\/span><\/span><\/h2>\n<p style=\"text-align: justify;\">ABC Translation, Afrikancadan ve Afrikancaya yap\u0131lan yeminli ve noter onayl\u0131 terc\u00fcmelerde uzmanla\u015fm\u0131\u015f profesyonel bir \u00e7eviri ajans\u0131d\u0131r. \u0130stanbul\u2019daki sertifikal\u0131 Afrikanca terc\u00fcmanlar\u0131m\u0131z, taleplerinizi h\u0131zl\u0131 ve g\u00fcvenilir \u015fekilde i\u015fleme al\u0131r. Belgelerin yaln\u0131zca bir kopyas\u0131n\u0131 g\u00f6ndermeniz yeterlidir (t\u00fcm formatlar kabul edilir); orijinal belgeleri g\u00f6ndermeniz gerekmez (Yeminli Terc\u00fcme Afrikaans Istanbul).<\/p>\n<ol>\n<li style=\"text-align: justify;\">Belgelerinizi e-posta (<a href=\"mailto:info@abc-office.eu\">info@abc-office.eu<\/a>), ileti\u015fim formu veya WhatsApp arac\u0131l\u0131\u011f\u0131yla bize iletin.<\/li>\n<li style=\"text-align: justify;\">Terc\u00fcmenin hedef dilini ve gerekli onay t\u00fcr\u00fcn\u00fc (noter onay\u0131, apostil \u2013 Kaymakaml\u0131k, b\u00fcy\u00fckel\u00e7ilik veya konsolosluk tasdiki) belirtin.<\/li>\n<li style=\"text-align: justify;\">Proje y\u00f6neticilerimiz, genellikle 30 dakika i\u00e7inde, fiyat ve teslim s\u00fcresini i\u00e7eren bir teklif g\u00f6nderir.<br \/>\nBir saat i\u00e7inde yan\u0131t alamazsan\u0131z, l\u00fctfen bizi aray\u0131n.<\/li>\n<li style=\"text-align: justify;\">Teklifi onaylad\u0131\u011f\u0131n\u0131zda terc\u00fcme s\u00fcreci ba\u015flar.<br \/>\nSertifikal\u0131 terc\u00fcmeler size posta, DHL veya e-posta yoluyla g\u00f6nderilir.<br \/>\n\u0130sterseniz \u00f6nce e-posta yoluyla dijital bir kopya alabilirsiniz.<\/li>\n<\/ol>\n<p style=\"text-align: justify;\">Teslim s\u00fcresi genellikle 2\u20133 i\u015f g\u00fcn\u00fc olup, belgelerin hacmine ve zorluk derecesine g\u00f6re de\u011fi\u015febilir.<br \/>\n\u00d6rne\u011fin, bir sayfal\u0131k belge \u00e7o\u011fu durumda 2 i\u015f g\u00fcn\u00fc i\u00e7inde teslim edilir.<\/p>\n<h3><strong>Afrikanca ile \u00c7al\u0131\u015ft\u0131\u011f\u0131m\u0131z Diller<\/strong><\/h3>\n<p style=\"text-align: justify;\" data-start=\"1698\" data-end=\"2539\">Arnavut\u00e7a | Almanca | Amerikan \u0130ngilizcesi | Amharca | \u0130ngilizce | Arap\u00e7a | Ermenice | Aymara | Azerice | Bask\u00e7a | Bengalce | Beyaz Rus\u00e7a | Birmanca | Bo\u015fnak\u00e7a | Brezilyaca | Bulgarca | Kantonca | Katalanca | Sinhala | \u00c7ince | Basitle\u015ftirilmi\u015f \u00c7ince | Geleneksel \u00c7ince | Korece | H\u0131rvat\u00e7a | Danca | Darice | Estonca | Ewe | Fars\u00e7a | Fince | G\u00fcrc\u00fcce | Yunanca | Guarani | \u0130branice | Hint\u00e7e | Macarca | Endonezce | \u0130talyanca | Japonca | Kazak\u00e7a | Khmer | K\u0131rg\u0131zca | K\u00fcrt\u00e7e | Lao | Letonca | Lingala | Litvanca | Makedonca | Malayca | Malayalam | Mandarin | Moldovaca | Mo\u011folca | Karada\u011fca | Felemenk\u00e7e | Norve\u00e7\u00e7e | Urduca | \u00d6zbek\u00e7e | Pe\u015ftuca | Pencap\u00e7a | Fars\u00e7a | Fula | Leh\u00e7e | \u0130spanyolca | Ke\u00e7uva | Rumence | Rus\u00e7a | S\u0131rp\u00e7a | Slovak\u00e7a | Slovence | \u0130sve\u00e7\u00e7e | Tamilce | \u00c7ek\u00e7e | Tayca | T\u00fcrk\u00e7e | T\u00fcrkmence | Ukraynaca | Vietnamca | Portekizce<\/p>\n<h3><strong>Terc\u00fcme Edilen Belgeler<\/strong><\/h3>\n<p style=\"text-align: justify;\">Do\u011fum belgesi | Evlilik belgesi | N\u00fcfus kay\u0131t \u00f6rne\u011fi | Adli sicil kayd\u0131 | Diploma | Sertifika | Pasaport | Ehliyet | Patent | S\u00f6zle\u015fme | Vekaletname | Bo\u015fanma protokol\u00fc | Mahkeme karar\u0131 | Vergi beyannamesi | Vasiyetname | Beyanname | Aile c\u00fczdan\u0131 | Tutanak<\/p>\n<h3><strong>S\u0131k Kullan\u0131lan Sertifikasyon T\u00fcrleri<\/strong><\/h3>\n<ul>\n<li style=\"text-align: justify;\">Sertifikal\u0131 terc\u00fcme:<br \/>\n\u00c7eviri, ajans ka\u015fesi ve imzam\u0131zla sunulur.<\/li>\n<li style=\"text-align: justify;\">Yeminli terc\u00fcme:<br \/>\nT\u00fcrkiye\u2019de noter huzurunda yemin etmi\u015f terc\u00fcmanlar\u0131m\u0131z taraf\u0131ndan yap\u0131l\u0131r. Noter onay\u0131yla resmiyet kazan\u0131r; gerekti\u011finde apostil veya konsolosluk tasdiki ile yurt d\u0131\u015f\u0131nda da ge\u00e7erlilik kazan\u0131r.<\/li>\n<li style=\"text-align: justify;\">Noter onayl\u0131 terc\u00fcme:<br \/>\nNoter, terc\u00fcman\u0131n imzas\u0131n\u0131 onaylar ve belgeye resmiyet kazand\u0131r\u0131r.<\/li>\n<li style=\"text-align: justify;\">Apostilli terc\u00fcme:<br \/>\nKaymakaml\u0131k, noterin imzas\u0131n\u0131 tasdik eder.<\/li>\n<li style=\"text-align: justify;\">B\u00fcy\u00fckel\u00e7ilik veya konsolosluk onayl\u0131 terc\u00fcme:<br \/>\nBelgelerin nihai tasdiki, ilgili temsilcilik arac\u0131l\u0131\u011f\u0131yla organize edilir.<\/li>\n<\/ul>\n<h3><strong>Sonu\u00e7<\/strong><\/h3>\n<p style=\"text-align: justify;\">Do\u011fru sertifikasyon t\u00fcr\u00fc sayesinde terc\u00fcmeleriniz hem T\u00fcrkiye\u2019de hem de yurt d\u0131\u015f\u0131nda ge\u00e7erlidir.<br \/>\nHangi tasdikin gerekli oldu\u011fu konusunda emin de\u011filseniz, ekibimiz size s\u00fcre\u00e7 boyunca rehberlik eder.<\/p>\n<p style=\"text-align: justify;\">Sizinle \u00e7al\u0131\u015fmay\u0131 d\u00f6rt g\u00f6zle bekliyoruz (Yeminli Terc\u00fcme Afrikaans Istanbul).<\/p>\n<p><a href=\"https:\/\/abc-office.eu\/tr\/\"><strong>ABC Translation LLC<\/strong><\/a><\/p>\n<p data-start=\"3737\" data-end=\"3762\"><img loading=\"lazy\" decoding=\"async\" class=\"aligncenter wp-image-271\" src=\"https:\/\/abc-office.ch\/wp-content\/uploads\/2018\/06\/imageedit_1_6241191614.gif\" alt=\"Yeminli Terc\u00fcme Afrikaans Istanbul\" width=\"437\" height=\"437\" \/><\/p>\n<\/div>\n","protected":false},"excerpt":{"rendered":"<p>Yeminli Terc\u00fcme Afrikaans Istanbul ABC Translation, Afrikancadan ve Afrikancaya yap\u0131lan yeminli ve noter onayl\u0131 terc\u00fcmelerde uzmanla\u015fm\u0131\u015f profesyonel bir \u00e7eviri ajans\u0131d\u0131r. \u0130stanbul\u2019daki sertifikal\u0131 Afrikanca terc\u00fcmanlar\u0131m\u0131z, taleplerinizi h\u0131zl\u0131 ve g\u00fcvenilir \u015fekilde i\u015fleme al\u0131r. Belgelerin yaln\u0131zca bir kopyas\u0131n\u0131 g\u00f6ndermeniz yeterlidir (t\u00fcm formatlar kabul edilir); orijinal belgeleri g\u00f6ndermeniz gerekmez (Yeminli Terc\u00fcme Afrikaans Istanbul). Belgelerinizi e-posta (info@abc-office.eu), ileti\u015fim formu veya&#8230;<\/p>\n","protected":false},"author":1,"featured_media":226221,"parent":226289,"menu_order":0,"comment_status":"closed","ping_status":"closed","template":"","meta":{"sfsi_plus_gutenberg_text_before_share":"","sfsi_plus_gutenberg_show_text_before_share":"","sfsi_plus_gutenberg_icon_type":"","sfsi_plus_gutenberg_icon_alignemt":"","sfsi_plus_gutenburg_max_per_row":"","footnotes":""},"class_list":["post-226308","page","type-page","status-publish","has-post-thumbnail","hentry"],"yoast_head":"<!-- This site is optimized with the Yoast SEO plugin v23.8 - https:\/\/yoast.com\/wordpress\/plugins\/seo\/ -->\n<title>Yeminli Terc\u00fcme Afrikaans Istanbul | Yeminli Afrikanca terc\u00fcman<\/title>\n<meta name=\"description\" content=\"ABC Translation | Yeminli Terc\u00fcme Afrikaans Istanbul | Yeminli Afrikanca terc\u00fcman \u0130stanbul | Resm\u00ee Afrikanca terc\u00fcme \u0130stanbul\" \/>\n<meta name=\"robots\" content=\"index, follow, max-snippet:-1, max-image-preview:large, max-video-preview:-1\" \/>\n<link rel=\"canonical\" href=\"https:\/\/abc-office.eu\/tr\/turkiye\/yeminli-tercume-turkiye\/yeminli-tercume-istanbul\/yeminli-tercume-afrikaans-istanbul\/\" \/>\n<meta property=\"og:locale\" content=\"tr_TR\" \/>\n<meta property=\"og:type\" content=\"article\" \/>\n<meta property=\"og:title\" content=\"Yeminli Terc\u00fcme Afrikaans Istanbul | Yeminli Afrikanca terc\u00fcman\" \/>\n<meta property=\"og:description\" content=\"ABC Translation | Yeminli Terc\u00fcme Afrikaans Istanbul | Yeminli Afrikanca terc\u00fcman \u0130stanbul | Resm\u00ee Afrikanca terc\u00fcme \u0130stanbul\" \/>\n<meta property=\"og:url\" content=\"https:\/\/abc-office.eu\/tr\/turkiye\/yeminli-tercume-turkiye\/yeminli-tercume-istanbul\/yeminli-tercume-afrikaans-istanbul\/\" \/>\n<meta property=\"og:site_name\" content=\"ABC Translation\" \/>\n<meta property=\"article:modified_time\" content=\"2025-10-20T16:05:09+00:00\" \/>\n<meta property=\"og:image\" content=\"https:\/\/abc-office.eu\/wp-content\/uploads\/2025\/10\/Afrikaans-1.jpg\" \/>\n\t<meta property=\"og:image:width\" content=\"669\" \/>\n\t<meta property=\"og:image:height\" content=\"491\" \/>\n\t<meta property=\"og:image:type\" content=\"image\/jpeg\" \/>\n<meta name=\"twitter:card\" content=\"summary_large_image\" \/>\n<meta name=\"twitter:label1\" content=\"Tahmini okuma s\u00fcresi\" \/>\n\t<meta name=\"twitter:data1\" content=\"3 dakika\" \/>\n<script type=\"application\/ld+json\" class=\"yoast-schema-graph\">{\"@context\":\"https:\/\/schema.org\",\"@graph\":[{\"@type\":\"WebPage\",\"@id\":\"https:\/\/abc-office.eu\/tr\/turkiye\/yeminli-tercume-turkiye\/yeminli-tercume-istanbul\/yeminli-tercume-afrikaans-istanbul\/\",\"url\":\"https:\/\/abc-office.eu\/tr\/turkiye\/yeminli-tercume-turkiye\/yeminli-tercume-istanbul\/yeminli-tercume-afrikaans-istanbul\/\",\"name\":\"Yeminli Terc\u00fcme Afrikaans Istanbul | Yeminli Afrikanca terc\u00fcman\",\"isPartOf\":{\"@id\":\"https:\/\/abc-office.eu\/tr\/#website\"},\"primaryImageOfPage\":{\"@id\":\"https:\/\/abc-office.eu\/tr\/turkiye\/yeminli-tercume-turkiye\/yeminli-tercume-istanbul\/yeminli-tercume-afrikaans-istanbul\/#primaryimage\"},\"image\":{\"@id\":\"https:\/\/abc-office.eu\/tr\/turkiye\/yeminli-tercume-turkiye\/yeminli-tercume-istanbul\/yeminli-tercume-afrikaans-istanbul\/#primaryimage\"},\"thumbnailUrl\":\"https:\/\/abc-office.eu\/wp-content\/uploads\/2025\/10\/Afrikaans-1.jpg\",\"datePublished\":\"2024-07-31T06:12:19+00:00\",\"dateModified\":\"2025-10-20T16:05:09+00:00\",\"description\":\"ABC Translation | Yeminli Terc\u00fcme Afrikaans Istanbul | Yeminli Afrikanca terc\u00fcman \u0130stanbul | Resm\u00ee Afrikanca terc\u00fcme \u0130stanbul\",\"breadcrumb\":{\"@id\":\"https:\/\/abc-office.eu\/tr\/turkiye\/yeminli-tercume-turkiye\/yeminli-tercume-istanbul\/yeminli-tercume-afrikaans-istanbul\/#breadcrumb\"},\"inLanguage\":\"tr\",\"potentialAction\":[{\"@type\":\"ReadAction\",\"target\":[\"https:\/\/abc-office.eu\/tr\/turkiye\/yeminli-tercume-turkiye\/yeminli-tercume-istanbul\/yeminli-tercume-afrikaans-istanbul\/\"]}]},{\"@type\":\"ImageObject\",\"inLanguage\":\"tr\",\"@id\":\"https:\/\/abc-office.eu\/tr\/turkiye\/yeminli-tercume-turkiye\/yeminli-tercume-istanbul\/yeminli-tercume-afrikaans-istanbul\/#primaryimage\",\"url\":\"https:\/\/abc-office.eu\/wp-content\/uploads\/2025\/10\/Afrikaans-1.jpg\",\"contentUrl\":\"https:\/\/abc-office.eu\/wp-content\/uploads\/2025\/10\/Afrikaans-1.jpg\",\"width\":669,\"height\":491},{\"@type\":\"BreadcrumbList\",\"@id\":\"https:\/\/abc-office.eu\/tr\/turkiye\/yeminli-tercume-turkiye\/yeminli-tercume-istanbul\/yeminli-tercume-afrikaans-istanbul\/#breadcrumb\",\"itemListElement\":[{\"@type\":\"ListItem\",\"position\":1,\"name\":\"Accueil\",\"item\":\"https:\/\/abc-office.eu\/tr\/\"},{\"@type\":\"ListItem\",\"position\":2,\"name\":\"T\u00fcrkiye\",\"item\":\"https:\/\/abc-office.eu\/tr\/turkiye\/\"},{\"@type\":\"ListItem\",\"position\":3,\"name\":\"Yeminli terc\u00fcme T\u00fcrkiye\",\"item\":\"https:\/\/abc-office.eu\/tr\/turkiye\/yeminli-tercume-turkiye\/\"},{\"@type\":\"ListItem\",\"position\":4,\"name\":\"Yeminli terc\u00fcme Istanbul\",\"item\":\"https:\/\/abc-office.eu\/tr\/turkiye\/yeminli-tercume-turkiye\/yeminli-tercume-istanbul\/\"},{\"@type\":\"ListItem\",\"position\":5,\"name\":\"Yeminli Terc\u00fcme Afrikaans Istanbul\"}]},{\"@type\":\"WebSite\",\"@id\":\"https:\/\/abc-office.eu\/tr\/#website\",\"url\":\"https:\/\/abc-office.eu\/tr\/\",\"name\":\"ABC Translation\",\"description\":\"info@abc-office.eu\",\"potentialAction\":[{\"@type\":\"SearchAction\",\"target\":{\"@type\":\"EntryPoint\",\"urlTemplate\":\"https:\/\/abc-office.eu\/tr\/?s={search_term_string}\"},\"query-input\":{\"@type\":\"PropertyValueSpecification\",\"valueRequired\":true,\"valueName\":\"search_term_string\"}}],\"inLanguage\":\"tr\"}]}<\/script>\n<!-- \/ Yoast SEO plugin. -->","yoast_head_json":{"title":"Yeminli Terc\u00fcme Afrikaans Istanbul | Yeminli Afrikanca terc\u00fcman","description":"ABC Translation | Yeminli Terc\u00fcme Afrikaans Istanbul | Yeminli Afrikanca terc\u00fcman \u0130stanbul | Resm\u00ee Afrikanca terc\u00fcme \u0130stanbul","robots":{"index":"index","follow":"follow","max-snippet":"max-snippet:-1","max-image-preview":"max-image-preview:large","max-video-preview":"max-video-preview:-1"},"canonical":"https:\/\/abc-office.eu\/tr\/turkiye\/yeminli-tercume-turkiye\/yeminli-tercume-istanbul\/yeminli-tercume-afrikaans-istanbul\/","og_locale":"tr_TR","og_type":"article","og_title":"Yeminli Terc\u00fcme Afrikaans Istanbul | Yeminli Afrikanca terc\u00fcman","og_description":"ABC Translation | Yeminli Terc\u00fcme Afrikaans Istanbul | Yeminli Afrikanca terc\u00fcman \u0130stanbul | Resm\u00ee Afrikanca terc\u00fcme \u0130stanbul","og_url":"https:\/\/abc-office.eu\/tr\/turkiye\/yeminli-tercume-turkiye\/yeminli-tercume-istanbul\/yeminli-tercume-afrikaans-istanbul\/","og_site_name":"ABC Translation","article_modified_time":"2025-10-20T16:05:09+00:00","og_image":[{"width":669,"height":491,"url":"https:\/\/abc-office.eu\/wp-content\/uploads\/2025\/10\/Afrikaans-1.jpg","type":"image\/jpeg"}],"twitter_card":"summary_large_image","twitter_misc":{"Tahmini okuma s\u00fcresi":"3 dakika"},"schema":{"@context":"https:\/\/schema.org","@graph":[{"@type":"WebPage","@id":"https:\/\/abc-office.eu\/tr\/turkiye\/yeminli-tercume-turkiye\/yeminli-tercume-istanbul\/yeminli-tercume-afrikaans-istanbul\/","url":"https:\/\/abc-office.eu\/tr\/turkiye\/yeminli-tercume-turkiye\/yeminli-tercume-istanbul\/yeminli-tercume-afrikaans-istanbul\/","name":"Yeminli Terc\u00fcme Afrikaans Istanbul | Yeminli Afrikanca terc\u00fcman","isPartOf":{"@id":"https:\/\/abc-office.eu\/tr\/#website"},"primaryImageOfPage":{"@id":"https:\/\/abc-office.eu\/tr\/turkiye\/yeminli-tercume-turkiye\/yeminli-tercume-istanbul\/yeminli-tercume-afrikaans-istanbul\/#primaryimage"},"image":{"@id":"https:\/\/abc-office.eu\/tr\/turkiye\/yeminli-tercume-turkiye\/yeminli-tercume-istanbul\/yeminli-tercume-afrikaans-istanbul\/#primaryimage"},"thumbnailUrl":"https:\/\/abc-office.eu\/wp-content\/uploads\/2025\/10\/Afrikaans-1.jpg","datePublished":"2024-07-31T06:12:19+00:00","dateModified":"2025-10-20T16:05:09+00:00","description":"ABC Translation | Yeminli Terc\u00fcme Afrikaans Istanbul | Yeminli Afrikanca terc\u00fcman \u0130stanbul | Resm\u00ee Afrikanca terc\u00fcme \u0130stanbul","breadcrumb":{"@id":"https:\/\/abc-office.eu\/tr\/turkiye\/yeminli-tercume-turkiye\/yeminli-tercume-istanbul\/yeminli-tercume-afrikaans-istanbul\/#breadcrumb"},"inLanguage":"tr","potentialAction":[{"@type":"ReadAction","target":["https:\/\/abc-office.eu\/tr\/turkiye\/yeminli-tercume-turkiye\/yeminli-tercume-istanbul\/yeminli-tercume-afrikaans-istanbul\/"]}]},{"@type":"ImageObject","inLanguage":"tr","@id":"https:\/\/abc-office.eu\/tr\/turkiye\/yeminli-tercume-turkiye\/yeminli-tercume-istanbul\/yeminli-tercume-afrikaans-istanbul\/#primaryimage","url":"https:\/\/abc-office.eu\/wp-content\/uploads\/2025\/10\/Afrikaans-1.jpg","contentUrl":"https:\/\/abc-office.eu\/wp-content\/uploads\/2025\/10\/Afrikaans-1.jpg","width":669,"height":491},{"@type":"BreadcrumbList","@id":"https:\/\/abc-office.eu\/tr\/turkiye\/yeminli-tercume-turkiye\/yeminli-tercume-istanbul\/yeminli-tercume-afrikaans-istanbul\/#breadcrumb","itemListElement":[{"@type":"ListItem","position":1,"name":"Accueil","item":"https:\/\/abc-office.eu\/tr\/"},{"@type":"ListItem","position":2,"name":"T\u00fcrkiye","item":"https:\/\/abc-office.eu\/tr\/turkiye\/"},{"@type":"ListItem","position":3,"name":"Yeminli terc\u00fcme T\u00fcrkiye","item":"https:\/\/abc-office.eu\/tr\/turkiye\/yeminli-tercume-turkiye\/"},{"@type":"ListItem","position":4,"name":"Yeminli terc\u00fcme Istanbul","item":"https:\/\/abc-office.eu\/tr\/turkiye\/yeminli-tercume-turkiye\/yeminli-tercume-istanbul\/"},{"@type":"ListItem","position":5,"name":"Yeminli Terc\u00fcme Afrikaans Istanbul"}]},{"@type":"WebSite","@id":"https:\/\/abc-office.eu\/tr\/#website","url":"https:\/\/abc-office.eu\/tr\/","name":"ABC Translation","description":"info@abc-office.eu","potentialAction":[{"@type":"SearchAction","target":{"@type":"EntryPoint","urlTemplate":"https:\/\/abc-office.eu\/tr\/?s={search_term_string}"},"query-input":{"@type":"PropertyValueSpecification","valueRequired":true,"valueName":"search_term_string"}}],"inLanguage":"tr"}]}},"_links":{"self":[{"href":"https:\/\/abc-office.eu\/tr\/wp-json\/wp\/v2\/pages\/226308","targetHints":{"allow":["GET"]}}],"collection":[{"href":"https:\/\/abc-office.eu\/tr\/wp-json\/wp\/v2\/pages"}],"about":[{"href":"https:\/\/abc-office.eu\/tr\/wp-json\/wp\/v2\/types\/page"}],"author":[{"embeddable":true,"href":"https:\/\/abc-office.eu\/tr\/wp-json\/wp\/v2\/users\/1"}],"replies":[{"embeddable":true,"href":"https:\/\/abc-office.eu\/tr\/wp-json\/wp\/v2\/comments?post=226308"}],"version-history":[{"count":7,"href":"https:\/\/abc-office.eu\/tr\/wp-json\/wp\/v2\/pages\/226308\/revisions"}],"predecessor-version":[{"id":229380,"href":"https:\/\/abc-office.eu\/tr\/wp-json\/wp\/v2\/pages\/226308\/revisions\/229380"}],"up":[{"embeddable":true,"href":"https:\/\/abc-office.eu\/tr\/wp-json\/wp\/v2\/pages\/226289"}],"wp:featuredmedia":[{"embeddable":true,"href":"https:\/\/abc-office.eu\/tr\/wp-json\/wp\/v2\/media\/226221"}],"wp:attachment":[{"href":"https:\/\/abc-office.eu\/tr\/wp-json\/wp\/v2\/media?parent=226308"}],"curies":[{"name":"wp","href":"https:\/\/api.w.org\/{rel}","templated":true}]}}