{"id":226289,"date":"2024-07-31T08:07:39","date_gmt":"2024-07-31T06:07:39","guid":{"rendered":"https:\/\/abc-office.eu\/?page_id=226289"},"modified":"2025-10-20T18:03:24","modified_gmt":"2025-10-20T16:03:24","slug":"yeminli-tercume-istanbul","status":"publish","type":"page","link":"https:\/\/abc-office.eu\/tr\/turkiye\/yeminli-tercume-turkiye\/yeminli-tercume-istanbul\/","title":{"rendered":"Yeminli terc\u00fcme Istanbul"},"content":{"rendered":"<h2><span class=\"HwtZe\" lang=\"tr\"><span class=\"jCAhz ChMk0b\"><span class=\"ryNqvb\">Yeminli terc\u00fcme Istanbul<\/span><\/span><\/span><\/h2>\n<p style=\"text-align: justify;\">ABC Translation, 80\u2019den fazla dilde yeminli ve noter onayl\u0131 terc\u00fcme hizmetlerinde uzmanla\u015fm\u0131\u015f profesyonel bir \u00e7eviri b\u00fcrosudur. \u0130stanbul\u2019daki ekibimiz taleplerinizi h\u0131zl\u0131 ve g\u00fcvenilir bi\u00e7imde i\u015fleme al\u0131r.<br \/>\nBelgelerin yaln\u0131zca bir kopyas\u0131n\u0131 g\u00f6ndermeniz yeterlidir (t\u00fcm formatlar kabul edilir); orijinal belgelerin g\u00f6nderilmesine gerek yoktur (Yeminli terc\u00fcme Istanbul).<\/p>\n<h3><strong>Nas\u0131l \u00c7al\u0131\u015f\u0131yoruz<\/strong><\/h3>\n<ol>\n<li style=\"text-align: justify;\">Belgelerinizi e-posta (<a href=\"mailto:info@abc-office.eu\">info@abc-office.eu<\/a>), ileti\u015fim formu veya WhatsApp \u00fczerinden bize g\u00f6nderin.<\/li>\n<li style=\"text-align: justify;\">Terc\u00fcmenin yap\u0131laca\u011f\u0131 dili ve gerekli onay t\u00fcr\u00fcn\u00fc belirtin (noter onay\u0131, apostil \u2013 Kaymakaml\u0131k\/Valilik \u2013 veya konsolosluk\/b\u00fcy\u00fckel\u00e7ilik tasdiki).<\/li>\n<li style=\"text-align: justify;\">Proje y\u00f6neticilerimiz, genellikle 30 dakika i\u00e7inde, fiyat ve teslim s\u00fcresini i\u00e7eren bir teklif g\u00f6nderir.<br \/>\nE\u011fer bir saat i\u00e7inde yan\u0131t alamazsan\u0131z, l\u00fctfen bizimle telefonla ileti\u015fime ge\u00e7in.<\/li>\n<li style=\"text-align: justify;\">Teklifi onaylad\u0131\u011f\u0131n\u0131zda terc\u00fcme s\u00fcreci ba\u015flat\u0131l\u0131r.<br \/>\nOnayl\u0131 terc\u00fcmeleriniz size posta, DHL veya e-posta yoluyla g\u00f6nderilir.<br \/>\n\u0130sterseniz, belgelerinizi orijinal teslimattan \u00f6nce e-posta ile dijital kopya olarak da alabilirsiniz.<\/li>\n<\/ol>\n<p style=\"text-align: justify;\">Teslim s\u00fcresi genellikle 2\u20133 i\u015f g\u00fcn\u00fc olup, belgenin hacmine ve zorluk derecesine g\u00f6re de\u011fi\u015febilir. \u00d6rne\u011fin, tek sayfal\u0131k bir belgeyi genellikle 2 i\u015f g\u00fcn\u00fc i\u00e7inde teslim ediyoruz (Yeminli terc\u00fcme \u0130stanbul).<\/p>\n<h3><strong>Ba\u015fl\u0131ca Dillerimiz<\/strong><\/h3>\n<p style=\"text-align: justify;\" data-start=\"1579\" data-end=\"2437\">Afrikaanca | Arnavut\u00e7a | Almanca | Amerikan \u0130ngilizcesi | Amharca | \u0130ngilizce | Arap\u00e7a | Ermenice | Aymara | Azerice | Bask\u00e7a | Bengalce | Beyaz Rus\u00e7a | Birmanca | Bo\u015fnak\u00e7a | Brezilyaca | Bulgarca | Kantonca | Katalanca | Seylanca | \u00c7ince | Basitle\u015ftirilmi\u015f \u00c7ince | Geleneksel \u00c7ince | Korece | H\u0131rvat\u00e7a | Danca | Dari | \u0130spanyolca | Estonca | Ewe | Fars\u00e7a | Fince | G\u00fcrc\u00fcce | Yunanca | Guarani | \u0130branice | Hint\u00e7e | Macarca | Endonezce | \u0130talyanca | Japonca | Kazak\u00e7a | Khmer | K\u0131rg\u0131zca | K\u00fcrt\u00e7e | Lao | Letonca | Lingala | Litvanca | Makedonca | Malayca | Malayalam | Mandarin | Moldovaca | Mo\u011folca | Karada\u011fca | Felemenk\u00e7e | Norve\u00e7\u00e7e | Urduca | \u00d6zbek\u00e7e | Pe\u015ftuca | Pencap\u00e7a | Fars\u00e7a | Fula | Leh\u00e7e | Portekizce | Ke\u00e7uva dili | Rumence | Rus\u00e7a | S\u0131rp\u00e7a | Slovak\u00e7a | Slovence | \u0130sve\u00e7\u00e7e | Tamilce | \u00c7ek\u00e7e | Tayca | T\u00fcrk\u00e7e | T\u00fcrkmence | Ukraynaca | Vietnamca<\/p>\n<h3><strong>Terc\u00fcme Edilen Belge T\u00fcrleri<\/strong><\/h3>\n<p style=\"text-align: justify;\">Do\u011fum belgesi | Evlilik belgesi | N\u00fcfus kay\u0131t \u00f6rne\u011fi | Tasdikname | Patent | Adli sicil kayd\u0131 | Sertifika | Bek\u00e2rl\u0131k belgesi | \u00d6l\u00fcm belgesi | Aile belgesi | \u00c7al\u0131\u015fma belgesi | Vergi beyannamesi | Diploma | Pasaport | Ehliyet | Vasiyetname | Vize | S\u00f6zle\u015fme | Bo\u015fanma protokol\u00fc | Evlilik s\u00f6zle\u015fmesi | Mahkeme karar\u0131 | Dava dosyas\u0131 | Vekaletname | Tutanak<\/p>\n<p><strong>S\u0131k Kullan\u0131lan Onay T\u00fcrleri<\/strong><strong data-start=\"2821\" data-end=\"2879\"> (Yeminli terc\u00fcme Istanbul):<\/strong><\/p>\n<ul>\n<li>Onayl\u0131 terc\u00fcme:<br \/>\nTerc\u00fcme, ajans ka\u015fesi ve imzam\u0131zla sunulur.<\/li>\n<li>Yeminli terc\u00fcme:<br \/>\nT\u00fcrkiye\u2019de noter huzurunda yemin etmi\u015f terc\u00fcmanlar\u0131m\u0131z taraf\u0131ndan yap\u0131l\u0131r.<br \/>\nNoter onay\u0131yla resmiyet kazan\u0131r ve gerekti\u011finde apostil veya konsolosluk tasdiki ile yurt d\u0131\u015f\u0131nda da ge\u00e7erlilik kazan\u0131r.<\/li>\n<li>Noter onayl\u0131 terc\u00fcme:<br \/>\nNoter, terc\u00fcman\u0131n imzas\u0131n\u0131 tasdik eder.<\/li>\n<li>Apostilli terc\u00fcme:<br \/>\nKaymakaml\u0131k\/Valilik, noterin imzas\u0131n\u0131 onaylar.<\/li>\n<li>B\u00fcy\u00fckel\u00e7ilik veya konsolosluk tasdiki:<br \/>\n\u00c7eviri, yurt d\u0131\u015f\u0131nda kullan\u0131lmak \u00fczere ilgili temsilcilik taraf\u0131ndan onaylan\u0131r.<\/li>\n<\/ul>\n<h3><strong>Sonu\u00e7<\/strong><\/h3>\n<p style=\"text-align: justify;\">Do\u011fru onay t\u00fcr\u00fc sayesinde terc\u00fcmeleriniz hem T\u00fcrkiye\u2019de hem de yurt d\u0131\u015f\u0131nda ge\u00e7erli olur. Belgeleriniz i\u00e7in hangi onay t\u00fcr\u00fcn\u00fcn gerekli oldu\u011funu bilmiyorsan\u0131z, ekibimiz size s\u00fcre\u00e7 boyunca rehberlik eder.<\/p>\n<p style=\"text-align: justify;\">Sizinle i\u015f birli\u011fi yapmay\u0131 d\u00f6rt g\u00f6zle bekliyoruz.<\/p>\n<h3 style=\"text-align: justify;\"><a href=\"https:\/\/abc-office.eu\/tr\/\"><strong>ABC Translation LLC<\/strong><\/a><\/h3>\n<p data-start=\"3415\" data-end=\"3440\"><img loading=\"lazy\" decoding=\"async\" class=\"aligncenter wp-image-271\" src=\"https:\/\/abc-office.ch\/wp-content\/uploads\/2018\/06\/imageedit_1_6241191614.gif\" alt=\"Yeminli terc\u00fcme \u0130stanbul\" width=\"437\" height=\"437\" \/><\/p>\n","protected":false},"excerpt":{"rendered":"<p>Yeminli terc\u00fcme Istanbul ABC Translation, 80\u2019den fazla dilde yeminli ve noter onayl\u0131 terc\u00fcme hizmetlerinde uzmanla\u015fm\u0131\u015f profesyonel bir \u00e7eviri b\u00fcrosudur. \u0130stanbul\u2019daki ekibimiz taleplerinizi h\u0131zl\u0131 ve g\u00fcvenilir bi\u00e7imde i\u015fleme al\u0131r. Belgelerin yaln\u0131zca bir kopyas\u0131n\u0131 g\u00f6ndermeniz yeterlidir (t\u00fcm formatlar kabul edilir); orijinal belgelerin g\u00f6nderilmesine gerek yoktur (Yeminli terc\u00fcme Istanbul). Nas\u0131l \u00c7al\u0131\u015f\u0131yoruz Belgelerinizi e-posta (info@abc-office.eu), ileti\u015fim formu veya WhatsApp&#8230;<\/p>\n","protected":false},"author":1,"featured_media":226290,"parent":226275,"menu_order":0,"comment_status":"closed","ping_status":"closed","template":"","meta":{"sfsi_plus_gutenberg_text_before_share":"","sfsi_plus_gutenberg_show_text_before_share":"","sfsi_plus_gutenberg_icon_type":"","sfsi_plus_gutenberg_icon_alignemt":"","sfsi_plus_gutenburg_max_per_row":"","footnotes":""},"class_list":["post-226289","page","type-page","status-publish","has-post-thumbnail","hentry"],"yoast_head":"<!-- This site is optimized with the Yoast SEO plugin v23.8 - https:\/\/yoast.com\/wordpress\/plugins\/seo\/ -->\n<title>Yeminli terc\u00fcme Istanbul | Yeminli terc\u00fcman \u0130stanbul | Resm\u00ee<\/title>\n<meta name=\"description\" content=\"ABC Translation | Yeminli terc\u00fcme Istanbul | Yeminli terc\u00fcman \u0130stanbul | Resm\u00ee terc\u00fcme \u0130stanbul | Sertifikal\u0131 terc\u00fcman \u0130stanbul\" \/>\n<meta name=\"robots\" content=\"index, follow, max-snippet:-1, max-image-preview:large, max-video-preview:-1\" \/>\n<link rel=\"canonical\" href=\"https:\/\/abc-office.eu\/tr\/turkiye\/yeminli-tercume-turkiye\/yeminli-tercume-istanbul\/\" \/>\n<meta property=\"og:locale\" content=\"tr_TR\" \/>\n<meta property=\"og:type\" content=\"article\" \/>\n<meta property=\"og:title\" content=\"Yeminli terc\u00fcme Istanbul | Yeminli terc\u00fcman \u0130stanbul | Resm\u00ee\" \/>\n<meta property=\"og:description\" content=\"ABC Translation | Yeminli terc\u00fcme Istanbul | Yeminli terc\u00fcman \u0130stanbul | Resm\u00ee terc\u00fcme \u0130stanbul | Sertifikal\u0131 terc\u00fcman \u0130stanbul\" \/>\n<meta property=\"og:url\" content=\"https:\/\/abc-office.eu\/tr\/turkiye\/yeminli-tercume-turkiye\/yeminli-tercume-istanbul\/\" \/>\n<meta property=\"og:site_name\" content=\"ABC Translation\" \/>\n<meta property=\"article:modified_time\" content=\"2025-10-20T16:03:24+00:00\" \/>\n<meta property=\"og:image\" content=\"https:\/\/abc-office.eu\/wp-content\/uploads\/2025\/10\/Istanbul-768x432-1.jpg\" \/>\n\t<meta property=\"og:image:width\" content=\"768\" \/>\n\t<meta property=\"og:image:height\" content=\"432\" \/>\n\t<meta property=\"og:image:type\" content=\"image\/jpeg\" \/>\n<meta name=\"twitter:card\" content=\"summary_large_image\" \/>\n<meta name=\"twitter:label1\" content=\"Tahmini okuma s\u00fcresi\" \/>\n\t<meta name=\"twitter:data1\" content=\"3 dakika\" \/>\n<script type=\"application\/ld+json\" class=\"yoast-schema-graph\">{\"@context\":\"https:\/\/schema.org\",\"@graph\":[{\"@type\":\"WebPage\",\"@id\":\"https:\/\/abc-office.eu\/tr\/turkiye\/yeminli-tercume-turkiye\/yeminli-tercume-istanbul\/\",\"url\":\"https:\/\/abc-office.eu\/tr\/turkiye\/yeminli-tercume-turkiye\/yeminli-tercume-istanbul\/\",\"name\":\"Yeminli terc\u00fcme Istanbul | Yeminli terc\u00fcman \u0130stanbul | Resm\u00ee\",\"isPartOf\":{\"@id\":\"https:\/\/abc-office.eu\/tr\/#website\"},\"primaryImageOfPage\":{\"@id\":\"https:\/\/abc-office.eu\/tr\/turkiye\/yeminli-tercume-turkiye\/yeminli-tercume-istanbul\/#primaryimage\"},\"image\":{\"@id\":\"https:\/\/abc-office.eu\/tr\/turkiye\/yeminli-tercume-turkiye\/yeminli-tercume-istanbul\/#primaryimage\"},\"thumbnailUrl\":\"https:\/\/abc-office.eu\/wp-content\/uploads\/2025\/10\/Istanbul-768x432-1.jpg\",\"datePublished\":\"2024-07-31T06:07:39+00:00\",\"dateModified\":\"2025-10-20T16:03:24+00:00\",\"description\":\"ABC Translation | Yeminli terc\u00fcme Istanbul | Yeminli terc\u00fcman \u0130stanbul | Resm\u00ee terc\u00fcme \u0130stanbul | Sertifikal\u0131 terc\u00fcman \u0130stanbul\",\"breadcrumb\":{\"@id\":\"https:\/\/abc-office.eu\/tr\/turkiye\/yeminli-tercume-turkiye\/yeminli-tercume-istanbul\/#breadcrumb\"},\"inLanguage\":\"tr\",\"potentialAction\":[{\"@type\":\"ReadAction\",\"target\":[\"https:\/\/abc-office.eu\/tr\/turkiye\/yeminli-tercume-turkiye\/yeminli-tercume-istanbul\/\"]}]},{\"@type\":\"ImageObject\",\"inLanguage\":\"tr\",\"@id\":\"https:\/\/abc-office.eu\/tr\/turkiye\/yeminli-tercume-turkiye\/yeminli-tercume-istanbul\/#primaryimage\",\"url\":\"https:\/\/abc-office.eu\/wp-content\/uploads\/2025\/10\/Istanbul-768x432-1.jpg\",\"contentUrl\":\"https:\/\/abc-office.eu\/wp-content\/uploads\/2025\/10\/Istanbul-768x432-1.jpg\",\"width\":768,\"height\":432},{\"@type\":\"BreadcrumbList\",\"@id\":\"https:\/\/abc-office.eu\/tr\/turkiye\/yeminli-tercume-turkiye\/yeminli-tercume-istanbul\/#breadcrumb\",\"itemListElement\":[{\"@type\":\"ListItem\",\"position\":1,\"name\":\"Accueil\",\"item\":\"https:\/\/abc-office.eu\/tr\/\"},{\"@type\":\"ListItem\",\"position\":2,\"name\":\"T\u00fcrkiye\",\"item\":\"https:\/\/abc-office.eu\/tr\/turkiye\/\"},{\"@type\":\"ListItem\",\"position\":3,\"name\":\"Yeminli terc\u00fcme T\u00fcrkiye\",\"item\":\"https:\/\/abc-office.eu\/tr\/turkiye\/yeminli-tercume-turkiye\/\"},{\"@type\":\"ListItem\",\"position\":4,\"name\":\"Yeminli terc\u00fcme Istanbul\"}]},{\"@type\":\"WebSite\",\"@id\":\"https:\/\/abc-office.eu\/tr\/#website\",\"url\":\"https:\/\/abc-office.eu\/tr\/\",\"name\":\"ABC Translation\",\"description\":\"info@abc-office.eu\",\"potentialAction\":[{\"@type\":\"SearchAction\",\"target\":{\"@type\":\"EntryPoint\",\"urlTemplate\":\"https:\/\/abc-office.eu\/tr\/?s={search_term_string}\"},\"query-input\":{\"@type\":\"PropertyValueSpecification\",\"valueRequired\":true,\"valueName\":\"search_term_string\"}}],\"inLanguage\":\"tr\"}]}<\/script>\n<!-- \/ Yoast SEO plugin. -->","yoast_head_json":{"title":"Yeminli terc\u00fcme Istanbul | Yeminli terc\u00fcman \u0130stanbul | Resm\u00ee","description":"ABC Translation | Yeminli terc\u00fcme Istanbul | Yeminli terc\u00fcman \u0130stanbul | Resm\u00ee terc\u00fcme \u0130stanbul | Sertifikal\u0131 terc\u00fcman \u0130stanbul","robots":{"index":"index","follow":"follow","max-snippet":"max-snippet:-1","max-image-preview":"max-image-preview:large","max-video-preview":"max-video-preview:-1"},"canonical":"https:\/\/abc-office.eu\/tr\/turkiye\/yeminli-tercume-turkiye\/yeminli-tercume-istanbul\/","og_locale":"tr_TR","og_type":"article","og_title":"Yeminli terc\u00fcme Istanbul | Yeminli terc\u00fcman \u0130stanbul | Resm\u00ee","og_description":"ABC Translation | Yeminli terc\u00fcme Istanbul | Yeminli terc\u00fcman \u0130stanbul | Resm\u00ee terc\u00fcme \u0130stanbul | Sertifikal\u0131 terc\u00fcman \u0130stanbul","og_url":"https:\/\/abc-office.eu\/tr\/turkiye\/yeminli-tercume-turkiye\/yeminli-tercume-istanbul\/","og_site_name":"ABC Translation","article_modified_time":"2025-10-20T16:03:24+00:00","og_image":[{"width":768,"height":432,"url":"https:\/\/abc-office.eu\/wp-content\/uploads\/2025\/10\/Istanbul-768x432-1.jpg","type":"image\/jpeg"}],"twitter_card":"summary_large_image","twitter_misc":{"Tahmini okuma s\u00fcresi":"3 dakika"},"schema":{"@context":"https:\/\/schema.org","@graph":[{"@type":"WebPage","@id":"https:\/\/abc-office.eu\/tr\/turkiye\/yeminli-tercume-turkiye\/yeminli-tercume-istanbul\/","url":"https:\/\/abc-office.eu\/tr\/turkiye\/yeminli-tercume-turkiye\/yeminli-tercume-istanbul\/","name":"Yeminli terc\u00fcme Istanbul | Yeminli terc\u00fcman \u0130stanbul | Resm\u00ee","isPartOf":{"@id":"https:\/\/abc-office.eu\/tr\/#website"},"primaryImageOfPage":{"@id":"https:\/\/abc-office.eu\/tr\/turkiye\/yeminli-tercume-turkiye\/yeminli-tercume-istanbul\/#primaryimage"},"image":{"@id":"https:\/\/abc-office.eu\/tr\/turkiye\/yeminli-tercume-turkiye\/yeminli-tercume-istanbul\/#primaryimage"},"thumbnailUrl":"https:\/\/abc-office.eu\/wp-content\/uploads\/2025\/10\/Istanbul-768x432-1.jpg","datePublished":"2024-07-31T06:07:39+00:00","dateModified":"2025-10-20T16:03:24+00:00","description":"ABC Translation | Yeminli terc\u00fcme Istanbul | Yeminli terc\u00fcman \u0130stanbul | Resm\u00ee terc\u00fcme \u0130stanbul | Sertifikal\u0131 terc\u00fcman \u0130stanbul","breadcrumb":{"@id":"https:\/\/abc-office.eu\/tr\/turkiye\/yeminli-tercume-turkiye\/yeminli-tercume-istanbul\/#breadcrumb"},"inLanguage":"tr","potentialAction":[{"@type":"ReadAction","target":["https:\/\/abc-office.eu\/tr\/turkiye\/yeminli-tercume-turkiye\/yeminli-tercume-istanbul\/"]}]},{"@type":"ImageObject","inLanguage":"tr","@id":"https:\/\/abc-office.eu\/tr\/turkiye\/yeminli-tercume-turkiye\/yeminli-tercume-istanbul\/#primaryimage","url":"https:\/\/abc-office.eu\/wp-content\/uploads\/2025\/10\/Istanbul-768x432-1.jpg","contentUrl":"https:\/\/abc-office.eu\/wp-content\/uploads\/2025\/10\/Istanbul-768x432-1.jpg","width":768,"height":432},{"@type":"BreadcrumbList","@id":"https:\/\/abc-office.eu\/tr\/turkiye\/yeminli-tercume-turkiye\/yeminli-tercume-istanbul\/#breadcrumb","itemListElement":[{"@type":"ListItem","position":1,"name":"Accueil","item":"https:\/\/abc-office.eu\/tr\/"},{"@type":"ListItem","position":2,"name":"T\u00fcrkiye","item":"https:\/\/abc-office.eu\/tr\/turkiye\/"},{"@type":"ListItem","position":3,"name":"Yeminli terc\u00fcme T\u00fcrkiye","item":"https:\/\/abc-office.eu\/tr\/turkiye\/yeminli-tercume-turkiye\/"},{"@type":"ListItem","position":4,"name":"Yeminli terc\u00fcme Istanbul"}]},{"@type":"WebSite","@id":"https:\/\/abc-office.eu\/tr\/#website","url":"https:\/\/abc-office.eu\/tr\/","name":"ABC Translation","description":"info@abc-office.eu","potentialAction":[{"@type":"SearchAction","target":{"@type":"EntryPoint","urlTemplate":"https:\/\/abc-office.eu\/tr\/?s={search_term_string}"},"query-input":{"@type":"PropertyValueSpecification","valueRequired":true,"valueName":"search_term_string"}}],"inLanguage":"tr"}]}},"_links":{"self":[{"href":"https:\/\/abc-office.eu\/tr\/wp-json\/wp\/v2\/pages\/226289","targetHints":{"allow":["GET"]}}],"collection":[{"href":"https:\/\/abc-office.eu\/tr\/wp-json\/wp\/v2\/pages"}],"about":[{"href":"https:\/\/abc-office.eu\/tr\/wp-json\/wp\/v2\/types\/page"}],"author":[{"embeddable":true,"href":"https:\/\/abc-office.eu\/tr\/wp-json\/wp\/v2\/users\/1"}],"replies":[{"embeddable":true,"href":"https:\/\/abc-office.eu\/tr\/wp-json\/wp\/v2\/comments?post=226289"}],"version-history":[{"count":6,"href":"https:\/\/abc-office.eu\/tr\/wp-json\/wp\/v2\/pages\/226289\/revisions"}],"predecessor-version":[{"id":229379,"href":"https:\/\/abc-office.eu\/tr\/wp-json\/wp\/v2\/pages\/226289\/revisions\/229379"}],"up":[{"embeddable":true,"href":"https:\/\/abc-office.eu\/tr\/wp-json\/wp\/v2\/pages\/226275"}],"wp:featuredmedia":[{"embeddable":true,"href":"https:\/\/abc-office.eu\/tr\/wp-json\/wp\/v2\/media\/226290"}],"wp:attachment":[{"href":"https:\/\/abc-office.eu\/tr\/wp-json\/wp\/v2\/media?parent=226289"}],"curies":[{"name":"wp","href":"https:\/\/api.w.org\/{rel}","templated":true}]}}