{"id":226275,"date":"2024-07-31T07:58:35","date_gmt":"2024-07-31T05:58:35","guid":{"rendered":"https:\/\/abc-office.eu\/?page_id=226275"},"modified":"2025-10-20T14:45:57","modified_gmt":"2025-10-20T12:45:57","slug":"yeminli-tercume-turkiye","status":"publish","type":"page","link":"https:\/\/abc-office.eu\/tr\/turkiye\/yeminli-tercume-turkiye\/","title":{"rendered":"Yeminli terc\u00fcme T\u00fcrkiye"},"content":{"rendered":"<h2>Yeminli terc\u00fcme T\u00fcrkiye<\/h2>\n<p style=\"text-align: justify;\"><strong>ABC Translation<\/strong>, uzun y\u0131llard\u0131r <strong>yeminli terc\u00fcme<\/strong> alan\u0131nda uzmanla\u015fm\u0131\u015f, T\u00fcrkiye genelinde faaliyet g\u00f6steren profesyonel bir \u00e7eviri ajans\u0131d\u0131r.<br \/>\n\u0130ster <strong>resm\u00ee terc\u00fcme<\/strong>, ister <strong>basit terc\u00fcme<\/strong> veya <strong>s\u00f6zl\u00fc terc\u00fcme (canl\u0131 \u00e7eviri)<\/strong> ihtiyac\u0131n\u0131z olsun, ekibimiz size en uygun \u00e7\u00f6z\u00fcmleri h\u0131zl\u0131 ve g\u00fcvenilir \u015fekilde sunar.<br \/>\n(Yeminli terc\u00fcme T\u00fcrkiye)<\/p>\n<h3>Uzman Ekibimiz<\/h3>\n<p style=\"text-align: justify;\">500\u2019den fazla deneyimli <strong>yeminli terc\u00fcman ve m\u00fctercim<\/strong>den olu\u015fan kadromuzla, her \u00f6l\u00e7ekteki projeyi k\u0131sa s\u00fcrede tamamlayabiliyoruz.<br \/>\n<strong>Kalite, gizlilik ve h\u0131zl\u0131 teslim<\/strong>, m\u00fc\u015fterilerimizin bize duydu\u011fu g\u00fcvenin temelini olu\u015fturur.<br \/>\nT\u00fcm T\u00fcrkiye genelinde hizmet vermekteyiz ve bug\u00fcn itibar\u0131yla <strong>60\u2019tan fazla dilde<\/strong> profesyonel terc\u00fcme deste\u011fi sunuyoruz.<br \/>\n<em>(Yeminli terc\u00fcme T\u00fcrkiye)<\/em><\/p>\n<h3><strong>Resm\u00ee Terc\u00fcme Hizmetleri<\/strong><\/h3>\n<p style=\"text-align: justify;\">T\u00fcrkiye\u2019ye geli\u015finizde veya yurt d\u0131\u015f\u0131na \u00e7\u0131k\u0131\u015f i\u015flemlerinizde belgelerinizin resm\u00ee ge\u00e7erlili\u011fini sa\u011flamak bizim i\u015fimizdir.<br \/>\nTerc\u00fcmeler genellikle <strong>noter onayl\u0131<\/strong> yap\u0131l\u0131r; ard\u0131ndan <strong>Valilik \/ Kaymakaml\u0131k (Kan\u00e7\u0131larya)<\/strong> taraf\u0131ndan <strong>apostil<\/strong> veya <strong>tasdik<\/strong> i\u015flemleri tamamlan\u0131r.<\/p>\n<p style=\"text-align: justify;\">K\u0131sa teslim s\u00fcrelerimiz sayesinde, belgelerinizin \u00e7eviri ve onay s\u00fcre\u00e7lerini rekor h\u0131zda sonu\u00e7land\u0131rabiliyoruz.<br \/>\n\u00d6rne\u011fin, <strong>5 sayfadan az<\/strong> bir belge i\u00e7in t\u00fcm i\u015flemler (terc\u00fcme + noter onay\u0131 + apostil) <strong>2 g\u00fcn i\u00e7inde<\/strong> tamamlanabilmektedir.<br \/>\nGerekirse, bu belgeler <strong>ilgili \u00fclkenin konsoloslu\u011fu<\/strong> taraf\u0131ndan da tasdik ettirilebilir.<\/p>\n<p style=\"text-align: justify;\">Ayr\u0131ca, <strong>yabanc\u0131 diplomalar\u0131n\u0131z\u0131n T\u00fcrkiye\u2019de tan\u0131nmas\u0131<\/strong> i\u00e7in gerekli terc\u00fcmeler de hizmetlerimiz kapsam\u0131ndad\u0131r. Belgelerinizi terc\u00fcme edip noter onay\u0131yla ge\u00e7erlilik kazand\u0131r\u0131yoruz. B\u00f6ylece dosyan\u0131z, ilgili kurumlara sunulmaya haz\u0131r hale gelir.<\/p>\n<h3><strong>Terc\u00fcme Dilleri<\/strong><\/h3>\n<p style=\"text-align: justify;\" data-start=\"1786\" data-end=\"2638\">Afrikaanca | Arnavut\u00e7a | Almanca | Amerikan \u0130ngilizcesi | Amharca | \u0130ngilizce | Arap\u00e7a | Ermenice | Aymara | Azerice | Bask\u00e7a | Bengalce | Beyaz Rus\u00e7a | Birmanca | Bo\u015fnak\u00e7a | Brezilyaca | Bulgarca | Kantonca | Katalanca | Sinhala | \u00c7ince | Basitle\u015ftirilmi\u015f \u00c7ince | Geleneksel \u00c7ince | Korece | H\u0131rvat\u00e7a | Danca | Dari | \u0130spanyolca | Estonca | Ewe | Fars\u00e7a | Fince | G\u00fcrc\u00fcce | Yunanca | Guarani | \u0130branice | Hint\u00e7e | Macarca | Endonezce | \u0130talyanca | Japonca | Kazak\u00e7a | Khmer | K\u0131rg\u0131zca | K\u00fcrt\u00e7e | Lao | Letonca | Lingala | Litvanca | Makedonca | Malayca | Malayalam | Mandarin | Moldovaca | Mo\u011folca | Karada\u011fca | Hollandaca | Norve\u00e7\u00e7e | Urduca | \u00d6zbek\u00e7e | Pe\u015ftuca | Pencap\u00e7a | Fars\u00e7a | Fula | Leh\u00e7e | Portekizce | Ke\u00e7uva | Romence | Rus\u00e7a | S\u0131rp\u00e7a | Slovak\u00e7a | Slovence | \u0130sve\u00e7\u00e7e | Tamilce | \u00c7ek\u00e7e | Tayca | T\u00fcrk\u00e7e | T\u00fcrkmence | Ukraynaca | Vietnamca<\/p>\n<h3><strong>Terc\u00fcme Edilen Belge T\u00fcrleri<\/strong><\/h3>\n<p style=\"text-align: justify;\">Do\u011fum belgesi \u00b7 Evlilik belgesi \u00b7 N\u00fcfus kay\u0131t \u00f6rne\u011fi \u00b7 Tasdikname \u00b7 Patent \u00b7 Adli sicil kayd\u0131 \u00b7 Sertifika \u00b7 Bek\u00e2rl\u0131k belgesi \u00b7 \u00d6l\u00fcm belgesi \u00b7 Aile c\u00fczdan\u0131 \u00b7 \u00c7al\u0131\u015fma belgesi \u00b7 Vergi beyannamesi \u00b7 Diploma \u00b7 Pasaport \u00b7 Ehliyet \u00b7 Vasiyetname \u00b7 Vize \u00b7 S\u00f6zle\u015fme \u00b7 Bo\u015fanma protokol\u00fc \u00b7 Evlilik s\u00f6zle\u015fmesi \u00b7 Mahkeme karar\u0131 \u00b7 Vek\u00e2letname \u00b7 Tutanak<\/p>\n<h3><strong>\u0130leti\u015fim<\/strong><\/h3>\n<p style=\"text-align: justify;\">Her t\u00fcrl\u00fc dilde \u00e7eviri ihtiyac\u0131n\u0131z i\u00e7in bizimle ileti\u015fime ge\u00e7mekten \u00e7ekinmeyin.<br \/>\nEkibimiz size <strong>30 dakika i\u00e7inde<\/strong> d\u00f6n\u00fc\u015f yaparak fiyat ve teslim s\u00fcresini <a href=\"https:\/\/abc-office.eu\/tr\/\">bildirir<\/a>.<\/p>\n<p data-start=\"3009\" data-end=\"3069\"><img loading=\"lazy\" decoding=\"async\" class=\"aligncenter wp-image-26 size-medium\" src=\"https:\/\/abc-office.ch\/wp-content\/uploads\/2018\/06\/imageedit_1_6241191614-300x300.gif\" alt=\"Yeminli terc\u00fcme T\u00fcrkiye\" width=\"300\" height=\"300\" \/><\/p>\n","protected":false},"excerpt":{"rendered":"<p>Yeminli terc\u00fcme T\u00fcrkiye ABC Translation, uzun y\u0131llard\u0131r yeminli terc\u00fcme alan\u0131nda uzmanla\u015fm\u0131\u015f, T\u00fcrkiye genelinde faaliyet g\u00f6steren profesyonel bir \u00e7eviri ajans\u0131d\u0131r. \u0130ster resm\u00ee terc\u00fcme, ister basit terc\u00fcme veya s\u00f6zl\u00fc terc\u00fcme (canl\u0131 \u00e7eviri) ihtiyac\u0131n\u0131z olsun, ekibimiz size en uygun \u00e7\u00f6z\u00fcmleri h\u0131zl\u0131 ve g\u00fcvenilir \u015fekilde sunar. (Yeminli terc\u00fcme T\u00fcrkiye) Uzman Ekibimiz 500\u2019den fazla deneyimli yeminli terc\u00fcman ve m\u00fctercimden olu\u015fan&#8230;<\/p>\n","protected":false},"author":1,"featured_media":226276,"parent":226259,"menu_order":0,"comment_status":"closed","ping_status":"closed","template":"","meta":{"sfsi_plus_gutenberg_text_before_share":"","sfsi_plus_gutenberg_show_text_before_share":"","sfsi_plus_gutenberg_icon_type":"","sfsi_plus_gutenberg_icon_alignemt":"","sfsi_plus_gutenburg_max_per_row":"","footnotes":""},"class_list":["post-226275","page","type-page","status-publish","has-post-thumbnail","hentry"],"yoast_head":"<!-- This site is optimized with the Yoast SEO plugin v23.8 - https:\/\/yoast.com\/wordpress\/plugins\/seo\/ -->\n<title>Yeminli terc\u00fcme T\u00fcrkiye | Yeminli terc\u00fcman T\u00fcrkiye | Resm\u00ee<\/title>\n<meta name=\"description\" content=\"ABC Translation | Yeminli terc\u00fcme T\u00fcrkiye | Yeminli terc\u00fcman T\u00fcrkiye | Resm\u00ee terc\u00fcme T\u00fcrkiye | Sertifikal\u0131 terc\u00fcman T\u00fcrkiye\" \/>\n<meta name=\"robots\" content=\"index, follow, max-snippet:-1, max-image-preview:large, max-video-preview:-1\" \/>\n<link rel=\"canonical\" href=\"https:\/\/abc-office.eu\/tr\/turkiye\/yeminli-tercume-turkiye\/\" \/>\n<meta property=\"og:locale\" content=\"tr_TR\" \/>\n<meta property=\"og:type\" content=\"article\" \/>\n<meta property=\"og:title\" content=\"Yeminli terc\u00fcme T\u00fcrkiye | Yeminli terc\u00fcman T\u00fcrkiye | Resm\u00ee\" \/>\n<meta property=\"og:description\" content=\"ABC Translation | Yeminli terc\u00fcme T\u00fcrkiye | Yeminli terc\u00fcman T\u00fcrkiye | Resm\u00ee terc\u00fcme T\u00fcrkiye | Sertifikal\u0131 terc\u00fcman T\u00fcrkiye\" \/>\n<meta property=\"og:url\" content=\"https:\/\/abc-office.eu\/tr\/turkiye\/yeminli-tercume-turkiye\/\" \/>\n<meta property=\"og:site_name\" content=\"ABC Translation\" \/>\n<meta property=\"article:modified_time\" content=\"2025-10-20T12:45:57+00:00\" \/>\n<meta property=\"og:image\" content=\"https:\/\/abc-office.eu\/wp-content\/uploads\/2025\/10\/turkish-flag-768x476-1.jpg\" \/>\n\t<meta property=\"og:image:width\" content=\"768\" \/>\n\t<meta property=\"og:image:height\" content=\"476\" \/>\n\t<meta property=\"og:image:type\" content=\"image\/jpeg\" \/>\n<meta name=\"twitter:card\" content=\"summary_large_image\" \/>\n<meta name=\"twitter:label1\" content=\"Tahmini okuma s\u00fcresi\" \/>\n\t<meta name=\"twitter:data1\" content=\"3 dakika\" \/>\n<script type=\"application\/ld+json\" class=\"yoast-schema-graph\">{\"@context\":\"https:\/\/schema.org\",\"@graph\":[{\"@type\":\"WebPage\",\"@id\":\"https:\/\/abc-office.eu\/tr\/turkiye\/yeminli-tercume-turkiye\/\",\"url\":\"https:\/\/abc-office.eu\/tr\/turkiye\/yeminli-tercume-turkiye\/\",\"name\":\"Yeminli terc\u00fcme T\u00fcrkiye | Yeminli terc\u00fcman T\u00fcrkiye | Resm\u00ee\",\"isPartOf\":{\"@id\":\"https:\/\/abc-office.eu\/tr\/#website\"},\"primaryImageOfPage\":{\"@id\":\"https:\/\/abc-office.eu\/tr\/turkiye\/yeminli-tercume-turkiye\/#primaryimage\"},\"image\":{\"@id\":\"https:\/\/abc-office.eu\/tr\/turkiye\/yeminli-tercume-turkiye\/#primaryimage\"},\"thumbnailUrl\":\"https:\/\/abc-office.eu\/wp-content\/uploads\/2025\/10\/turkish-flag-768x476-1.jpg\",\"datePublished\":\"2024-07-31T05:58:35+00:00\",\"dateModified\":\"2025-10-20T12:45:57+00:00\",\"description\":\"ABC Translation | Yeminli terc\u00fcme T\u00fcrkiye | Yeminli terc\u00fcman T\u00fcrkiye | Resm\u00ee terc\u00fcme T\u00fcrkiye | Sertifikal\u0131 terc\u00fcman T\u00fcrkiye\",\"breadcrumb\":{\"@id\":\"https:\/\/abc-office.eu\/tr\/turkiye\/yeminli-tercume-turkiye\/#breadcrumb\"},\"inLanguage\":\"tr\",\"potentialAction\":[{\"@type\":\"ReadAction\",\"target\":[\"https:\/\/abc-office.eu\/tr\/turkiye\/yeminli-tercume-turkiye\/\"]}]},{\"@type\":\"ImageObject\",\"inLanguage\":\"tr\",\"@id\":\"https:\/\/abc-office.eu\/tr\/turkiye\/yeminli-tercume-turkiye\/#primaryimage\",\"url\":\"https:\/\/abc-office.eu\/wp-content\/uploads\/2025\/10\/turkish-flag-768x476-1.jpg\",\"contentUrl\":\"https:\/\/abc-office.eu\/wp-content\/uploads\/2025\/10\/turkish-flag-768x476-1.jpg\",\"width\":768,\"height\":476,\"caption\":\"Waving turkish flag\"},{\"@type\":\"BreadcrumbList\",\"@id\":\"https:\/\/abc-office.eu\/tr\/turkiye\/yeminli-tercume-turkiye\/#breadcrumb\",\"itemListElement\":[{\"@type\":\"ListItem\",\"position\":1,\"name\":\"Accueil\",\"item\":\"https:\/\/abc-office.eu\/tr\/\"},{\"@type\":\"ListItem\",\"position\":2,\"name\":\"T\u00fcrkiye\",\"item\":\"https:\/\/abc-office.eu\/tr\/turkiye\/\"},{\"@type\":\"ListItem\",\"position\":3,\"name\":\"Yeminli terc\u00fcme T\u00fcrkiye\"}]},{\"@type\":\"WebSite\",\"@id\":\"https:\/\/abc-office.eu\/tr\/#website\",\"url\":\"https:\/\/abc-office.eu\/tr\/\",\"name\":\"ABC Translation\",\"description\":\"info@abc-office.eu\",\"potentialAction\":[{\"@type\":\"SearchAction\",\"target\":{\"@type\":\"EntryPoint\",\"urlTemplate\":\"https:\/\/abc-office.eu\/tr\/?s={search_term_string}\"},\"query-input\":{\"@type\":\"PropertyValueSpecification\",\"valueRequired\":true,\"valueName\":\"search_term_string\"}}],\"inLanguage\":\"tr\"}]}<\/script>\n<!-- \/ Yoast SEO plugin. -->","yoast_head_json":{"title":"Yeminli terc\u00fcme T\u00fcrkiye | Yeminli terc\u00fcman T\u00fcrkiye | Resm\u00ee","description":"ABC Translation | Yeminli terc\u00fcme T\u00fcrkiye | Yeminli terc\u00fcman T\u00fcrkiye | Resm\u00ee terc\u00fcme T\u00fcrkiye | Sertifikal\u0131 terc\u00fcman T\u00fcrkiye","robots":{"index":"index","follow":"follow","max-snippet":"max-snippet:-1","max-image-preview":"max-image-preview:large","max-video-preview":"max-video-preview:-1"},"canonical":"https:\/\/abc-office.eu\/tr\/turkiye\/yeminli-tercume-turkiye\/","og_locale":"tr_TR","og_type":"article","og_title":"Yeminli terc\u00fcme T\u00fcrkiye | Yeminli terc\u00fcman T\u00fcrkiye | Resm\u00ee","og_description":"ABC Translation | Yeminli terc\u00fcme T\u00fcrkiye | Yeminli terc\u00fcman T\u00fcrkiye | Resm\u00ee terc\u00fcme T\u00fcrkiye | Sertifikal\u0131 terc\u00fcman T\u00fcrkiye","og_url":"https:\/\/abc-office.eu\/tr\/turkiye\/yeminli-tercume-turkiye\/","og_site_name":"ABC Translation","article_modified_time":"2025-10-20T12:45:57+00:00","og_image":[{"width":768,"height":476,"url":"https:\/\/abc-office.eu\/wp-content\/uploads\/2025\/10\/turkish-flag-768x476-1.jpg","type":"image\/jpeg"}],"twitter_card":"summary_large_image","twitter_misc":{"Tahmini okuma s\u00fcresi":"3 dakika"},"schema":{"@context":"https:\/\/schema.org","@graph":[{"@type":"WebPage","@id":"https:\/\/abc-office.eu\/tr\/turkiye\/yeminli-tercume-turkiye\/","url":"https:\/\/abc-office.eu\/tr\/turkiye\/yeminli-tercume-turkiye\/","name":"Yeminli terc\u00fcme T\u00fcrkiye | Yeminli terc\u00fcman T\u00fcrkiye | Resm\u00ee","isPartOf":{"@id":"https:\/\/abc-office.eu\/tr\/#website"},"primaryImageOfPage":{"@id":"https:\/\/abc-office.eu\/tr\/turkiye\/yeminli-tercume-turkiye\/#primaryimage"},"image":{"@id":"https:\/\/abc-office.eu\/tr\/turkiye\/yeminli-tercume-turkiye\/#primaryimage"},"thumbnailUrl":"https:\/\/abc-office.eu\/wp-content\/uploads\/2025\/10\/turkish-flag-768x476-1.jpg","datePublished":"2024-07-31T05:58:35+00:00","dateModified":"2025-10-20T12:45:57+00:00","description":"ABC Translation | Yeminli terc\u00fcme T\u00fcrkiye | Yeminli terc\u00fcman T\u00fcrkiye | Resm\u00ee terc\u00fcme T\u00fcrkiye | Sertifikal\u0131 terc\u00fcman T\u00fcrkiye","breadcrumb":{"@id":"https:\/\/abc-office.eu\/tr\/turkiye\/yeminli-tercume-turkiye\/#breadcrumb"},"inLanguage":"tr","potentialAction":[{"@type":"ReadAction","target":["https:\/\/abc-office.eu\/tr\/turkiye\/yeminli-tercume-turkiye\/"]}]},{"@type":"ImageObject","inLanguage":"tr","@id":"https:\/\/abc-office.eu\/tr\/turkiye\/yeminli-tercume-turkiye\/#primaryimage","url":"https:\/\/abc-office.eu\/wp-content\/uploads\/2025\/10\/turkish-flag-768x476-1.jpg","contentUrl":"https:\/\/abc-office.eu\/wp-content\/uploads\/2025\/10\/turkish-flag-768x476-1.jpg","width":768,"height":476,"caption":"Waving turkish flag"},{"@type":"BreadcrumbList","@id":"https:\/\/abc-office.eu\/tr\/turkiye\/yeminli-tercume-turkiye\/#breadcrumb","itemListElement":[{"@type":"ListItem","position":1,"name":"Accueil","item":"https:\/\/abc-office.eu\/tr\/"},{"@type":"ListItem","position":2,"name":"T\u00fcrkiye","item":"https:\/\/abc-office.eu\/tr\/turkiye\/"},{"@type":"ListItem","position":3,"name":"Yeminli terc\u00fcme T\u00fcrkiye"}]},{"@type":"WebSite","@id":"https:\/\/abc-office.eu\/tr\/#website","url":"https:\/\/abc-office.eu\/tr\/","name":"ABC Translation","description":"info@abc-office.eu","potentialAction":[{"@type":"SearchAction","target":{"@type":"EntryPoint","urlTemplate":"https:\/\/abc-office.eu\/tr\/?s={search_term_string}"},"query-input":{"@type":"PropertyValueSpecification","valueRequired":true,"valueName":"search_term_string"}}],"inLanguage":"tr"}]}},"_links":{"self":[{"href":"https:\/\/abc-office.eu\/tr\/wp-json\/wp\/v2\/pages\/226275","targetHints":{"allow":["GET"]}}],"collection":[{"href":"https:\/\/abc-office.eu\/tr\/wp-json\/wp\/v2\/pages"}],"about":[{"href":"https:\/\/abc-office.eu\/tr\/wp-json\/wp\/v2\/types\/page"}],"author":[{"embeddable":true,"href":"https:\/\/abc-office.eu\/tr\/wp-json\/wp\/v2\/users\/1"}],"replies":[{"embeddable":true,"href":"https:\/\/abc-office.eu\/tr\/wp-json\/wp\/v2\/comments?post=226275"}],"version-history":[{"count":3,"href":"https:\/\/abc-office.eu\/tr\/wp-json\/wp\/v2\/pages\/226275\/revisions"}],"predecessor-version":[{"id":229356,"href":"https:\/\/abc-office.eu\/tr\/wp-json\/wp\/v2\/pages\/226275\/revisions\/229356"}],"up":[{"embeddable":true,"href":"https:\/\/abc-office.eu\/tr\/wp-json\/wp\/v2\/pages\/226259"}],"wp:featuredmedia":[{"embeddable":true,"href":"https:\/\/abc-office.eu\/tr\/wp-json\/wp\/v2\/media\/226276"}],"wp:attachment":[{"href":"https:\/\/abc-office.eu\/tr\/wp-json\/wp\/v2\/media?parent=226275"}],"curies":[{"name":"wp","href":"https:\/\/api.w.org\/{rel}","templated":true}]}}