{"id":226259,"date":"2024-04-13T08:59:37","date_gmt":"2024-04-13T06:59:37","guid":{"rendered":"https:\/\/abc-office.eu\/?page_id=226259"},"modified":"2025-10-20T14:22:29","modified_gmt":"2025-10-20T12:22:29","slug":"turkiye","status":"publish","type":"page","link":"https:\/\/abc-office.eu\/tr\/turkiye\/","title":{"rendered":"T\u00fcrkiye"},"content":{"rendered":"<h2>T\u00fcrkiye<\/h2>\n<p style=\"text-align: justify;\"><strong>ABC Translation<\/strong>, 80\u2019den fazla dilde <strong>yeminli ve noter onayl\u0131 \u00e7eviri<\/strong> ile <strong>tasdik hizmetlerinde<\/strong> uzmanla\u015fm\u0131\u015ft\u0131r. T\u00fcrkiye\u2019deki ekibimiz, taleplerinizi h\u0131zl\u0131 bir \u015fekilde i\u015fleme al\u0131r. \u00c7evirisi yap\u0131lacak belgelerin <strong>yaln\u0131zca bir kopyas\u0131<\/strong> yeterlidir (her format kabul edilir); orijinal belgelere gerek yoktur (T\u00fcrkiye).<\/p>\n<ol>\n<li style=\"text-align: justify;\">Belgelerinizi bize e-posta (<a href=\"mailto:info@abc-office.eu\">info@abc-office.eu<\/a>), web sitemizdeki form veya WhatsApp \u00fczerinden iletebilirsiniz.<\/li>\n<li style=\"text-align: justify;\"><strong>Talebinizi Belirtin<\/strong><br \/>\n\u00c7evirinin hangi dil(ler)e yap\u0131laca\u011f\u0131n\u0131, noter onay\u0131, apostil (Kaymakaml\u0131k) veya konsolosluk\/b\u00fcy\u00fckel\u00e7ilik tasdiki gerekip gerekmedi\u011fini belirtin.<\/li>\n<li style=\"text-align: justify;\"><strong>Teklif Al\u0131n<\/strong><br \/>\nProje y\u00f6neticilerimiz, genellikle <strong>30 dakika i\u00e7inde<\/strong>, fiyat ve teslim s\u00fcresini i\u00e7eren bir teklif g\u00f6nderir.<br \/>\nE\u011fer bir saat i\u00e7inde yan\u0131t alamazsan\u0131z, bizi telefonla arayabilirsiniz.<\/li>\n<li style=\"text-align: justify;\"><strong>Teslimat<\/strong><br \/>\nTeklifi onaylad\u0131\u011f\u0131n\u0131zda \u00e7eviri s\u00fcreci ba\u015flar.<br \/>\nNoter onayl\u0131 \u00e7evirileriniz ve\/veya tasdikli belgeleriniz size <strong>posta veya DHL<\/strong> ile g\u00f6nderilir.<br \/>\n\u0130sterseniz \u00f6nce e-posta yoluyla dijital bir kopya da payla\u015f\u0131l\u0131r.<br \/>\nTeslim s\u00fcresi genellikle <strong>2\u20133 i\u015f g\u00fcn\u00fc<\/strong> olup, belgenin hacmine ve i\u00e7eri\u011fine g\u00f6re de\u011fi\u015febilir (\u00f6rne\u011fin, tek sayfal\u0131k bir belge 2 i\u015f g\u00fcn\u00fc i\u00e7inde teslim edilir).<\/li>\n<\/ol>\n<h3><strong>Ba\u015fl\u0131ca Dillerimiz<\/strong><\/h3>\n<p style=\"text-align: justify;\" data-start=\"1698\" data-end=\"2549\">Afrikanca | Arnavut\u00e7a | Almanca | Amerikan \u0130ngilizcesi | Amharca | \u0130ngilizce | Arap\u00e7a | Ermenice | Aymara | Azerice | Bask\u00e7a | Bengalce | Beyaz Rus\u00e7a | Birmanca | Bo\u015fnak\u00e7a | Brezilyaca | Bulgarca | Kantonca | Katalanca | Sinhala | \u00c7ince | Basitle\u015ftirilmi\u015f \u00c7ince | Geleneksel \u00c7ince | Korece | H\u0131rvat\u00e7a | Danca | Dari | \u0130spanyolca | Estonca | Ewe | Fars\u00e7a | Fince | G\u00fcrc\u00fcce | Yunanca | Guarani | \u0130branice | Hint\u00e7e | Macarca | Endonezce | \u0130talyanca | Japonca | Kazak\u00e7a | Khmer | K\u0131rg\u0131zca | K\u00fcrt\u00e7e | Lao | Letonca | Lingala | Litvanca | Makedonca | Malayca | Malayalam | Mandarin | Moldovaca | Mo\u011folca | Karada\u011fca | Hollandaca | Norve\u00e7\u00e7e | Urduca | \u00d6zbek\u00e7e | Pe\u015ftuca | Pencap\u00e7a | Fars\u00e7a | Fula | Leh\u00e7e | Portekizce | Ke\u00e7uva | Rumence | Rus\u00e7a | S\u0131rp\u00e7a | Slovak\u00e7a | Slovence | \u0130sve\u00e7\u00e7e | Tamilce | \u00c7ek\u00e7e | Tayca | T\u00fcrk\u00e7e | T\u00fcrkmence | Ukraynaca | Vietnamca<\/p>\n<h3><strong>\u00c7evrilen Belge T\u00fcrleri<\/strong><\/h3>\n<p style=\"text-align: justify;\">Do\u011fum belgesi | Evlilik belgesi | N\u00fcfus kay\u0131t \u00f6rne\u011fi | Adli sicil kayd\u0131 | Diploma | Sertifika | Pasaport | Ehliyet | S\u00f6zle\u015fme | Vekaletname | Bo\u015fanma karar\u0131 | Vergi beyannamesi | Vasiyetname | Patent | Mahkeme karar\u0131 | Aile c\u00fczdan\u0131 | Beyanname | Vize | Tutanak<\/p>\n<h3><strong>T\u00fcrkiye\u2019de Yayg\u0131n Tasdik T\u00fcrleri<\/strong><\/h3>\n<ul>\n<li style=\"text-align: justify;\"><strong>Yeminli terc\u00fcme:<\/strong><br \/>\nNoter huzurunda yemin etmi\u015f terc\u00fcmanlar\u0131m\u0131z taraf\u0131ndan yap\u0131l\u0131r. Noter onay\u0131yla birlikte resmiyet kazan\u0131r; gerekti\u011finde <strong>apostil<\/strong> veya <strong>konsolosluk tasdiki<\/strong> ile yurt d\u0131\u015f\u0131nda da ge\u00e7erlilik kazan\u0131r.<\/li>\n<li style=\"text-align: justify;\"><strong>Noter tasdikli \u00e7eviri:<\/strong><br \/>\nNoter, \u00e7evirmenin imzas\u0131n\u0131 onaylar ve belgeye resmiyet kazand\u0131r\u0131r.<\/li>\n<li style=\"text-align: justify;\"><strong>Apostil \u015ferhli \u00e7eviri:<\/strong><br \/>\nKaymakaml\u0131k, noterin imzas\u0131n\u0131 tasdik eder.<br \/>\nLahey Konvansiyonu\u2019na taraf \u00fclkelerde konsolosluk vizesine gerek kalmadan ge\u00e7erlidir.<\/li>\n<li style=\"text-align: justify;\"><strong>B\u00fcy\u00fckel\u00e7ilik veya konsolosluk tasdiki:<\/strong><br \/>\nBaz\u0131 \u00fclkelerde (\u00f6rne\u011fin \u00c7in) belgelerin ge\u00e7erli say\u0131labilmesi i\u00e7in ilgili temsilcilik taraf\u0131ndan onaylanmas\u0131 gerekir.<br \/>\nBu i\u015flemden \u00f6nce noter ve kaymakaml\u0131k tasdiki yap\u0131l\u0131r.<\/li>\n<li style=\"text-align: justify;\"><strong>Onayl\u0131 suret (Vidimus \/ Brevet):<\/strong><br \/>\nNoter, belgenin kopyas\u0131n\u0131n asl\u0131na uygun oldu\u011funu onaylar. Yabanc\u0131 kurumlar veya resmi mercilerce talep edilebilir.<\/li>\n<li style=\"text-align: justify;\"><strong>\u0130mza tasdiki:<\/strong><br \/>\nNoter, imzan\u0131n ger\u00e7ekli\u011fini onaylar. Genellikle vekalaetnamelerde kullan\u0131l\u0131r (T\u00fcrkiye).<\/li>\n<\/ul>\n<p style=\"text-align: justify;\">Do\u011fru tasdik t\u00fcr\u00fc sayesinde belgeleriniz T\u00fcrkiye\u2019de ve yurt d\u0131\u015f\u0131nda ge\u00e7erli olur. Hangi tasdikin gerekli oldu\u011fu konusunda emin de\u011filseniz, ekibimiz size s\u00fcre\u00e7 boyunca rehberlik eder.<\/p>\n<p><a href=\"https:\/\/abc-office.eu\/tr\/\"><strong>ABC Translation LLC<\/strong><\/a>,<br \/>\nSizinle \u00e7al\u0131\u015fmay\u0131 d\u00f6rt g\u00f6zle bekliyor.<\/p>\n<p data-start=\"4633\" data-end=\"4658\">\n<p data-start=\"4633\" data-end=\"4658\"><img loading=\"lazy\" decoding=\"async\" class=\"aligncenter wp-image-271\" src=\"https:\/\/abc-office.ch\/wp-content\/uploads\/2018\/06\/imageedit_1_6241191614.gif\" alt=\"T\u00fcrkiye\" width=\"437\" height=\"437\" \/><\/p>\n","protected":false},"excerpt":{"rendered":"<p>T\u00fcrkiye ABC Translation, 80\u2019den fazla dilde yeminli ve noter onayl\u0131 \u00e7eviri ile tasdik hizmetlerinde uzmanla\u015fm\u0131\u015ft\u0131r. T\u00fcrkiye\u2019deki ekibimiz, taleplerinizi h\u0131zl\u0131 bir \u015fekilde i\u015fleme al\u0131r. \u00c7evirisi yap\u0131lacak belgelerin yaln\u0131zca bir kopyas\u0131 yeterlidir (her format kabul edilir); orijinal belgelere gerek yoktur (T\u00fcrkiye). Belgelerinizi bize e-posta (info@abc-office.eu), web sitemizdeki form veya WhatsApp \u00fczerinden iletebilirsiniz. Talebinizi Belirtin \u00c7evirinin hangi dil(ler)e&#8230;<\/p>\n","protected":false},"author":1,"featured_media":226260,"parent":0,"menu_order":0,"comment_status":"closed","ping_status":"closed","template":"","meta":{"sfsi_plus_gutenberg_text_before_share":"","sfsi_plus_gutenberg_show_text_before_share":"","sfsi_plus_gutenberg_icon_type":"","sfsi_plus_gutenberg_icon_alignemt":"","sfsi_plus_gutenburg_max_per_row":"","footnotes":""},"class_list":["post-226259","page","type-page","status-publish","has-post-thumbnail","hentry"],"yoast_head":"<!-- This site is optimized with the Yoast SEO plugin v23.8 - https:\/\/yoast.com\/wordpress\/plugins\/seo\/ -->\n<title>T\u00fcrkiye\u2019de noter onayl\u0131 \u00e7eviri | Yeminli terc\u00fcman T\u00fcrkiye | Tasdikli<\/title>\n<meta name=\"description\" content=\"ABC Translation | T\u00fcrkiye\u2019de noter onayl\u0131 \u00e7eviri | Yeminli terc\u00fcman T\u00fcrkiye | Noter tasdiki | Apostil | Konsolosluk | B\u00fcy\u00fckel\u00e7ilik\" \/>\n<meta name=\"robots\" content=\"index, follow, max-snippet:-1, max-image-preview:large, max-video-preview:-1\" \/>\n<link rel=\"canonical\" href=\"https:\/\/abc-office.eu\/tr\/turkiye\/\" \/>\n<meta property=\"og:locale\" content=\"tr_TR\" \/>\n<meta property=\"og:type\" content=\"article\" \/>\n<meta property=\"og:title\" content=\"T\u00fcrkiye\u2019de noter onayl\u0131 \u00e7eviri | Yeminli terc\u00fcman T\u00fcrkiye | Tasdikli\" \/>\n<meta property=\"og:description\" content=\"ABC Translation | T\u00fcrkiye\u2019de noter onayl\u0131 \u00e7eviri | Yeminli terc\u00fcman T\u00fcrkiye | Noter tasdiki | Apostil | Konsolosluk | B\u00fcy\u00fckel\u00e7ilik\" \/>\n<meta property=\"og:url\" content=\"https:\/\/abc-office.eu\/tr\/turkiye\/\" \/>\n<meta property=\"og:site_name\" content=\"ABC Translation\" \/>\n<meta property=\"article:modified_time\" content=\"2025-10-20T12:22:29+00:00\" \/>\n<meta property=\"og:image\" content=\"https:\/\/abc-office.eu\/wp-content\/uploads\/2025\/10\/turkish_flag_by_donaldberkowitz_dcx8i4q-pre-768x512-1.jpg\" \/>\n\t<meta property=\"og:image:width\" content=\"768\" \/>\n\t<meta property=\"og:image:height\" content=\"512\" \/>\n\t<meta property=\"og:image:type\" content=\"image\/jpeg\" \/>\n<meta name=\"twitter:card\" content=\"summary_large_image\" \/>\n<meta name=\"twitter:label1\" content=\"Tahmini okuma s\u00fcresi\" \/>\n\t<meta name=\"twitter:data1\" content=\"3 dakika\" \/>\n<script type=\"application\/ld+json\" class=\"yoast-schema-graph\">{\"@context\":\"https:\/\/schema.org\",\"@graph\":[{\"@type\":\"WebPage\",\"@id\":\"https:\/\/abc-office.eu\/tr\/turkiye\/\",\"url\":\"https:\/\/abc-office.eu\/tr\/turkiye\/\",\"name\":\"T\u00fcrkiye\u2019de noter onayl\u0131 \u00e7eviri | Yeminli terc\u00fcman T\u00fcrkiye | Tasdikli\",\"isPartOf\":{\"@id\":\"https:\/\/abc-office.eu\/tr\/#website\"},\"primaryImageOfPage\":{\"@id\":\"https:\/\/abc-office.eu\/tr\/turkiye\/#primaryimage\"},\"image\":{\"@id\":\"https:\/\/abc-office.eu\/tr\/turkiye\/#primaryimage\"},\"thumbnailUrl\":\"https:\/\/abc-office.eu\/wp-content\/uploads\/2025\/10\/turkish_flag_by_donaldberkowitz_dcx8i4q-pre-768x512-1.jpg\",\"datePublished\":\"2024-04-13T06:59:37+00:00\",\"dateModified\":\"2025-10-20T12:22:29+00:00\",\"description\":\"ABC Translation | T\u00fcrkiye\u2019de noter onayl\u0131 \u00e7eviri | Yeminli terc\u00fcman T\u00fcrkiye | Noter tasdiki | Apostil | Konsolosluk | B\u00fcy\u00fckel\u00e7ilik\",\"breadcrumb\":{\"@id\":\"https:\/\/abc-office.eu\/tr\/turkiye\/#breadcrumb\"},\"inLanguage\":\"tr\",\"potentialAction\":[{\"@type\":\"ReadAction\",\"target\":[\"https:\/\/abc-office.eu\/tr\/turkiye\/\"]}]},{\"@type\":\"ImageObject\",\"inLanguage\":\"tr\",\"@id\":\"https:\/\/abc-office.eu\/tr\/turkiye\/#primaryimage\",\"url\":\"https:\/\/abc-office.eu\/wp-content\/uploads\/2025\/10\/turkish_flag_by_donaldberkowitz_dcx8i4q-pre-768x512-1.jpg\",\"contentUrl\":\"https:\/\/abc-office.eu\/wp-content\/uploads\/2025\/10\/turkish_flag_by_donaldberkowitz_dcx8i4q-pre-768x512-1.jpg\",\"width\":768,\"height\":512},{\"@type\":\"BreadcrumbList\",\"@id\":\"https:\/\/abc-office.eu\/tr\/turkiye\/#breadcrumb\",\"itemListElement\":[{\"@type\":\"ListItem\",\"position\":1,\"name\":\"Accueil\",\"item\":\"https:\/\/abc-office.eu\/tr\/\"},{\"@type\":\"ListItem\",\"position\":2,\"name\":\"T\u00fcrkiye\"}]},{\"@type\":\"WebSite\",\"@id\":\"https:\/\/abc-office.eu\/tr\/#website\",\"url\":\"https:\/\/abc-office.eu\/tr\/\",\"name\":\"ABC Translation\",\"description\":\"info@abc-office.eu\",\"potentialAction\":[{\"@type\":\"SearchAction\",\"target\":{\"@type\":\"EntryPoint\",\"urlTemplate\":\"https:\/\/abc-office.eu\/tr\/?s={search_term_string}\"},\"query-input\":{\"@type\":\"PropertyValueSpecification\",\"valueRequired\":true,\"valueName\":\"search_term_string\"}}],\"inLanguage\":\"tr\"}]}<\/script>\n<!-- \/ Yoast SEO plugin. -->","yoast_head_json":{"title":"T\u00fcrkiye\u2019de noter onayl\u0131 \u00e7eviri | Yeminli terc\u00fcman T\u00fcrkiye | Tasdikli","description":"ABC Translation | T\u00fcrkiye\u2019de noter onayl\u0131 \u00e7eviri | Yeminli terc\u00fcman T\u00fcrkiye | Noter tasdiki | Apostil | Konsolosluk | B\u00fcy\u00fckel\u00e7ilik","robots":{"index":"index","follow":"follow","max-snippet":"max-snippet:-1","max-image-preview":"max-image-preview:large","max-video-preview":"max-video-preview:-1"},"canonical":"https:\/\/abc-office.eu\/tr\/turkiye\/","og_locale":"tr_TR","og_type":"article","og_title":"T\u00fcrkiye\u2019de noter onayl\u0131 \u00e7eviri | Yeminli terc\u00fcman T\u00fcrkiye | Tasdikli","og_description":"ABC Translation | T\u00fcrkiye\u2019de noter onayl\u0131 \u00e7eviri | Yeminli terc\u00fcman T\u00fcrkiye | Noter tasdiki | Apostil | Konsolosluk | B\u00fcy\u00fckel\u00e7ilik","og_url":"https:\/\/abc-office.eu\/tr\/turkiye\/","og_site_name":"ABC Translation","article_modified_time":"2025-10-20T12:22:29+00:00","og_image":[{"width":768,"height":512,"url":"https:\/\/abc-office.eu\/wp-content\/uploads\/2025\/10\/turkish_flag_by_donaldberkowitz_dcx8i4q-pre-768x512-1.jpg","type":"image\/jpeg"}],"twitter_card":"summary_large_image","twitter_misc":{"Tahmini okuma s\u00fcresi":"3 dakika"},"schema":{"@context":"https:\/\/schema.org","@graph":[{"@type":"WebPage","@id":"https:\/\/abc-office.eu\/tr\/turkiye\/","url":"https:\/\/abc-office.eu\/tr\/turkiye\/","name":"T\u00fcrkiye\u2019de noter onayl\u0131 \u00e7eviri | Yeminli terc\u00fcman T\u00fcrkiye | Tasdikli","isPartOf":{"@id":"https:\/\/abc-office.eu\/tr\/#website"},"primaryImageOfPage":{"@id":"https:\/\/abc-office.eu\/tr\/turkiye\/#primaryimage"},"image":{"@id":"https:\/\/abc-office.eu\/tr\/turkiye\/#primaryimage"},"thumbnailUrl":"https:\/\/abc-office.eu\/wp-content\/uploads\/2025\/10\/turkish_flag_by_donaldberkowitz_dcx8i4q-pre-768x512-1.jpg","datePublished":"2024-04-13T06:59:37+00:00","dateModified":"2025-10-20T12:22:29+00:00","description":"ABC Translation | T\u00fcrkiye\u2019de noter onayl\u0131 \u00e7eviri | Yeminli terc\u00fcman T\u00fcrkiye | Noter tasdiki | Apostil | Konsolosluk | B\u00fcy\u00fckel\u00e7ilik","breadcrumb":{"@id":"https:\/\/abc-office.eu\/tr\/turkiye\/#breadcrumb"},"inLanguage":"tr","potentialAction":[{"@type":"ReadAction","target":["https:\/\/abc-office.eu\/tr\/turkiye\/"]}]},{"@type":"ImageObject","inLanguage":"tr","@id":"https:\/\/abc-office.eu\/tr\/turkiye\/#primaryimage","url":"https:\/\/abc-office.eu\/wp-content\/uploads\/2025\/10\/turkish_flag_by_donaldberkowitz_dcx8i4q-pre-768x512-1.jpg","contentUrl":"https:\/\/abc-office.eu\/wp-content\/uploads\/2025\/10\/turkish_flag_by_donaldberkowitz_dcx8i4q-pre-768x512-1.jpg","width":768,"height":512},{"@type":"BreadcrumbList","@id":"https:\/\/abc-office.eu\/tr\/turkiye\/#breadcrumb","itemListElement":[{"@type":"ListItem","position":1,"name":"Accueil","item":"https:\/\/abc-office.eu\/tr\/"},{"@type":"ListItem","position":2,"name":"T\u00fcrkiye"}]},{"@type":"WebSite","@id":"https:\/\/abc-office.eu\/tr\/#website","url":"https:\/\/abc-office.eu\/tr\/","name":"ABC Translation","description":"info@abc-office.eu","potentialAction":[{"@type":"SearchAction","target":{"@type":"EntryPoint","urlTemplate":"https:\/\/abc-office.eu\/tr\/?s={search_term_string}"},"query-input":{"@type":"PropertyValueSpecification","valueRequired":true,"valueName":"search_term_string"}}],"inLanguage":"tr"}]}},"_links":{"self":[{"href":"https:\/\/abc-office.eu\/tr\/wp-json\/wp\/v2\/pages\/226259","targetHints":{"allow":["GET"]}}],"collection":[{"href":"https:\/\/abc-office.eu\/tr\/wp-json\/wp\/v2\/pages"}],"about":[{"href":"https:\/\/abc-office.eu\/tr\/wp-json\/wp\/v2\/types\/page"}],"author":[{"embeddable":true,"href":"https:\/\/abc-office.eu\/tr\/wp-json\/wp\/v2\/users\/1"}],"replies":[{"embeddable":true,"href":"https:\/\/abc-office.eu\/tr\/wp-json\/wp\/v2\/comments?post=226259"}],"version-history":[{"count":3,"href":"https:\/\/abc-office.eu\/tr\/wp-json\/wp\/v2\/pages\/226259\/revisions"}],"predecessor-version":[{"id":229354,"href":"https:\/\/abc-office.eu\/tr\/wp-json\/wp\/v2\/pages\/226259\/revisions\/229354"}],"wp:featuredmedia":[{"embeddable":true,"href":"https:\/\/abc-office.eu\/tr\/wp-json\/wp\/v2\/media\/226260"}],"wp:attachment":[{"href":"https:\/\/abc-office.eu\/tr\/wp-json\/wp\/v2\/media?parent=226259"}],"curies":[{"name":"wp","href":"https:\/\/api.w.org\/{rel}","templated":true}]}}