{"id":226243,"date":"2022-04-25T10:26:44","date_gmt":"2022-04-25T08:26:44","guid":{"rendered":"https:\/\/abc-office.eu\/?page_id=226243"},"modified":"2025-10-20T14:08:37","modified_gmt":"2025-10-20T12:08:37","slug":"iletisim","status":"publish","type":"page","link":"https:\/\/abc-office.eu\/tr\/iletisim\/","title":{"rendered":"\u0130leti\u015fim"},"content":{"rendered":"<h2><strong>\u0130leti\u015fim \u2013 Avrupa Birli\u011fi\u2019ndeki \u00c7eviri Ajans\u0131n\u0131z<\/strong><\/h2>\n<p><br data-start=\"136\" data-end=\"139\" \/>E-posta: <a class=\"decorated-link cursor-pointer\" href=\"mailto:info@abc-office.eu\" rel=\"noopener\" data-start=\"150\" data-end=\"168\">info@abc-office.eu<\/a><\/p>\n<h3 data-start=\"174\" data-end=\"195\"><strong data-start=\"174\" data-end=\"193\">ABC Translation<\/strong><\/h3>\n<p style=\"text-align: justify;\">Avrupa Birli\u011fi genelinde faaliyet g\u00f6steren bir \u00e7eviri ajans\u0131d\u0131r. T\u00fcm terc\u00fcman ve redakt\u00f6rlerimiz, <strong>\u00c7eviri alan\u0131nda y\u00fcksek lisans derecesine sahip profesyonellerdir<\/strong> ve pazarlama, ekonomi, siyaset, hukuk ve t\u0131p gibi farkl\u0131 uzmanl\u0131k alanlar\u0131nda deneyim sahibidirler.<\/p>\n<p style=\"text-align: justify;\">H\u0131zl\u0131 bir teklif almak i\u00e7in sayfan\u0131n sa\u011f taraf\u0131ndaki formu doldurabilirsiniz. Ekibimiz size, \u00e7eviri maliyetiyle birlikte <strong>teslim s\u00fcresini<\/strong> de i\u00e7eren ayr\u0131nt\u0131l\u0131 bir teklif g\u00f6nderecektir. Tekliflerimiz, hem \u00e7eviri hem de ikinci bir profesyonel taraf\u0131ndan yap\u0131lan <strong>redaksiyon (dil ve kalite kontrol\u00fc)<\/strong> s\u00fcrecini kapsamaktad\u0131r. Tamamlanan \u00e7eviriler size <strong>e-posta<\/strong> yoluyla veya <strong>yeminli \u00e7eviri<\/strong> ise <strong>posta<\/strong> arac\u0131l\u0131\u011f\u0131yla g\u00f6nderilir.<\/p>\n<h3><strong>Kalite Taahh\u00fcd\u00fcm\u00fcz<\/strong><\/h3>\n<p style=\"text-align: justify;\">\u00c7eviri s\u00f6z konusu oldu\u011funda kalite bizim i\u00e7in \u00f6nceliktir.<strong>Titizlik, verimlilik ve dakiklik<\/strong> ilkelerimiz sayesinde her g\u00fcn \u00e7ok say\u0131da \u015firket ve bireysel m\u00fc\u015fteriyle \u00e7al\u0131\u015f\u0131yoruz. Uzmanl\u0131k alanlar\u0131m\u0131z aras\u0131nda web sitesi \u00e7evirileri, resm\u00ee belgeler ve teknik i\u00e7erikler bulunmaktad\u0131r.<\/p>\n<h3><strong>Fiyatland\u0131rma<\/strong><\/h3>\n<p style=\"text-align: justify;\">Fiyatlar\u0131m\u0131z, Avrupa Birli\u011fi standartlar\u0131na uygun, \u015feffaf bir sistemle belirlenmektedir. \u00dccretler, metnin <strong>zorluk derecesine<\/strong> ve <strong>uzunlu\u011funa<\/strong> g\u00f6re hesaplan\u0131r:<br \/>\nya <strong>kelime ba\u015f\u0131na<\/strong>, ya da <strong>55 karakterlik sat\u0131r ba\u015f\u0131na<\/strong>.<\/p>\n<p style=\"text-align: justify;\">Bu sistem, m\u00fc\u015fterilerimiz i\u00e7in tam \u015feffafl\u0131k sa\u011flar ve do\u011fru, \u00f6ng\u00f6r\u00fclebilir teklifler sunmam\u0131za olanak tan\u0131r.<br \/>\n<strong>Avrupa genelinde hem kurumlarla hem de bireysel m\u00fc\u015fterilerle<\/strong> i\u015f birli\u011fi yapmaktan <a href=\"https:\/\/abc-office.eu\/tr\/\">gurur<\/a> duyuyoruz.<\/p>\n<p data-start=\"1167\" data-end=\"1598\"><img loading=\"lazy\" decoding=\"async\" class=\"aligncenter wp-image-28719\" src=\"https:\/\/abc-office.eu\/wp-content\/uploads\/2017\/02\/second_image-300x200.jpg\" alt=\"\u0130leti\u015fim\" width=\"715\" height=\"476\" srcset=\"https:\/\/abc-office.eu\/wp-content\/uploads\/2017\/02\/second_image-300x200.jpg 300w, https:\/\/abc-office.eu\/wp-content\/uploads\/2017\/02\/second_image-1024x682.jpg 1024w, https:\/\/abc-office.eu\/wp-content\/uploads\/2017\/02\/second_image-768x512.jpg 768w, https:\/\/abc-office.eu\/wp-content\/uploads\/2017\/02\/second_image-1080x720.jpg 1080w, https:\/\/abc-office.eu\/wp-content\/uploads\/2017\/02\/second_image-1280x853.jpg 1280w, https:\/\/abc-office.eu\/wp-content\/uploads\/2017\/02\/second_image-980x653.jpg 980w, https:\/\/abc-office.eu\/wp-content\/uploads\/2017\/02\/second_image-480x320.jpg 480w, https:\/\/abc-office.eu\/wp-content\/uploads\/2017\/02\/second_image.jpg 1400w\" sizes=\"auto, (max-width: 715px) 100vw, 715px\" \/><\/p>\n","protected":false},"excerpt":{"rendered":"<p>\u0130leti\u015fim \u2013 Avrupa Birli\u011fi\u2019ndeki \u00c7eviri Ajans\u0131n\u0131z E-posta: info@abc-office.eu ABC Translation Avrupa Birli\u011fi genelinde faaliyet g\u00f6steren bir \u00e7eviri ajans\u0131d\u0131r. T\u00fcm terc\u00fcman ve redakt\u00f6rlerimiz, \u00c7eviri alan\u0131nda y\u00fcksek lisans derecesine sahip profesyonellerdir ve pazarlama, ekonomi, siyaset, hukuk ve t\u0131p gibi farkl\u0131 uzmanl\u0131k alanlar\u0131nda deneyim sahibidirler. H\u0131zl\u0131 bir teklif almak i\u00e7in sayfan\u0131n sa\u011f taraf\u0131ndaki formu doldurabilirsiniz. Ekibimiz size, \u00e7eviri&#8230;<\/p>\n","protected":false},"author":1,"featured_media":226148,"parent":0,"menu_order":0,"comment_status":"closed","ping_status":"closed","template":"","meta":{"sfsi_plus_gutenberg_text_before_share":"","sfsi_plus_gutenberg_show_text_before_share":"","sfsi_plus_gutenberg_icon_type":"","sfsi_plus_gutenberg_icon_alignemt":"","sfsi_plus_gutenburg_max_per_row":"","footnotes":""},"class_list":["post-226243","page","type-page","status-publish","has-post-thumbnail","hentry"],"yoast_head":"<!-- This site is optimized with the Yoast SEO plugin v23.8 - https:\/\/yoast.com\/wordpress\/plugins\/seo\/ -->\n<title>\u0130leti\u015fim \u00e7evirisi | Terc\u00fcman | Avrupa Birli\u011fi | Birle\u015fik Krall\u0131k<\/title>\n<meta name=\"description\" content=\"ABC Translation: \u0130leti\u015fim | web sitesi \u00e7evirisi | Resm\u00ee belgelerin \u00e7evirisi | Uzmanl\u0131k gerektiren \u00e7eviri | Avrupa Birli\u011fi\" \/>\n<meta name=\"robots\" content=\"index, follow, max-snippet:-1, max-image-preview:large, max-video-preview:-1\" \/>\n<link rel=\"canonical\" href=\"https:\/\/abc-office.eu\/tr\/iletisim\/\" \/>\n<meta property=\"og:locale\" content=\"tr_TR\" \/>\n<meta property=\"og:type\" content=\"article\" \/>\n<meta property=\"og:title\" content=\"\u0130leti\u015fim \u00e7evirisi | Terc\u00fcman | Avrupa Birli\u011fi | Birle\u015fik Krall\u0131k\" \/>\n<meta property=\"og:description\" content=\"ABC Translation: \u0130leti\u015fim | web sitesi \u00e7evirisi | Resm\u00ee belgelerin \u00e7evirisi | Uzmanl\u0131k gerektiren \u00e7eviri | Avrupa Birli\u011fi\" \/>\n<meta property=\"og:url\" content=\"https:\/\/abc-office.eu\/tr\/iletisim\/\" \/>\n<meta property=\"og:site_name\" content=\"ABC Translation\" \/>\n<meta property=\"article:modified_time\" content=\"2025-10-20T12:08:37+00:00\" \/>\n<meta property=\"og:image\" content=\"https:\/\/abc-office.eu\/wp-content\/uploads\/2025\/10\/Flag_of_Europe-2-768x512-2.png\" \/>\n\t<meta property=\"og:image:width\" content=\"768\" \/>\n\t<meta property=\"og:image:height\" content=\"512\" \/>\n\t<meta property=\"og:image:type\" content=\"image\/png\" \/>\n<meta name=\"twitter:card\" content=\"summary_large_image\" \/>\n<meta name=\"twitter:label1\" content=\"Tahmini okuma s\u00fcresi\" \/>\n\t<meta name=\"twitter:data1\" content=\"2 dakika\" \/>\n<script type=\"application\/ld+json\" class=\"yoast-schema-graph\">{\"@context\":\"https:\/\/schema.org\",\"@graph\":[{\"@type\":\"WebPage\",\"@id\":\"https:\/\/abc-office.eu\/tr\/iletisim\/\",\"url\":\"https:\/\/abc-office.eu\/tr\/iletisim\/\",\"name\":\"\u0130leti\u015fim \u00e7evirisi | Terc\u00fcman | Avrupa Birli\u011fi | Birle\u015fik Krall\u0131k\",\"isPartOf\":{\"@id\":\"https:\/\/abc-office.eu\/tr\/#website\"},\"primaryImageOfPage\":{\"@id\":\"https:\/\/abc-office.eu\/tr\/iletisim\/#primaryimage\"},\"image\":{\"@id\":\"https:\/\/abc-office.eu\/tr\/iletisim\/#primaryimage\"},\"thumbnailUrl\":\"https:\/\/abc-office.eu\/wp-content\/uploads\/2025\/10\/Flag_of_Europe-2-768x512-2.png\",\"datePublished\":\"2022-04-25T08:26:44+00:00\",\"dateModified\":\"2025-10-20T12:08:37+00:00\",\"description\":\"ABC Translation: \u0130leti\u015fim | web sitesi \u00e7evirisi | Resm\u00ee belgelerin \u00e7evirisi | Uzmanl\u0131k gerektiren \u00e7eviri | Avrupa Birli\u011fi\",\"breadcrumb\":{\"@id\":\"https:\/\/abc-office.eu\/tr\/iletisim\/#breadcrumb\"},\"inLanguage\":\"tr\",\"potentialAction\":[{\"@type\":\"ReadAction\",\"target\":[\"https:\/\/abc-office.eu\/tr\/iletisim\/\"]}]},{\"@type\":\"ImageObject\",\"inLanguage\":\"tr\",\"@id\":\"https:\/\/abc-office.eu\/tr\/iletisim\/#primaryimage\",\"url\":\"https:\/\/abc-office.eu\/wp-content\/uploads\/2025\/10\/Flag_of_Europe-2-768x512-2.png\",\"contentUrl\":\"https:\/\/abc-office.eu\/wp-content\/uploads\/2025\/10\/Flag_of_Europe-2-768x512-2.png\",\"width\":768,\"height\":512},{\"@type\":\"BreadcrumbList\",\"@id\":\"https:\/\/abc-office.eu\/tr\/iletisim\/#breadcrumb\",\"itemListElement\":[{\"@type\":\"ListItem\",\"position\":1,\"name\":\"Accueil\",\"item\":\"https:\/\/abc-office.eu\/tr\/\"},{\"@type\":\"ListItem\",\"position\":2,\"name\":\"\u0130leti\u015fim\"}]},{\"@type\":\"WebSite\",\"@id\":\"https:\/\/abc-office.eu\/tr\/#website\",\"url\":\"https:\/\/abc-office.eu\/tr\/\",\"name\":\"ABC Translation\",\"description\":\"info@abc-office.eu\",\"potentialAction\":[{\"@type\":\"SearchAction\",\"target\":{\"@type\":\"EntryPoint\",\"urlTemplate\":\"https:\/\/abc-office.eu\/tr\/?s={search_term_string}\"},\"query-input\":{\"@type\":\"PropertyValueSpecification\",\"valueRequired\":true,\"valueName\":\"search_term_string\"}}],\"inLanguage\":\"tr\"}]}<\/script>\n<!-- \/ Yoast SEO plugin. -->","yoast_head_json":{"title":"\u0130leti\u015fim \u00e7evirisi | Terc\u00fcman | Avrupa Birli\u011fi | Birle\u015fik Krall\u0131k","description":"ABC Translation: \u0130leti\u015fim | web sitesi \u00e7evirisi | Resm\u00ee belgelerin \u00e7evirisi | Uzmanl\u0131k gerektiren \u00e7eviri | Avrupa Birli\u011fi","robots":{"index":"index","follow":"follow","max-snippet":"max-snippet:-1","max-image-preview":"max-image-preview:large","max-video-preview":"max-video-preview:-1"},"canonical":"https:\/\/abc-office.eu\/tr\/iletisim\/","og_locale":"tr_TR","og_type":"article","og_title":"\u0130leti\u015fim \u00e7evirisi | Terc\u00fcman | Avrupa Birli\u011fi | Birle\u015fik Krall\u0131k","og_description":"ABC Translation: \u0130leti\u015fim | web sitesi \u00e7evirisi | Resm\u00ee belgelerin \u00e7evirisi | Uzmanl\u0131k gerektiren \u00e7eviri | Avrupa Birli\u011fi","og_url":"https:\/\/abc-office.eu\/tr\/iletisim\/","og_site_name":"ABC Translation","article_modified_time":"2025-10-20T12:08:37+00:00","og_image":[{"width":768,"height":512,"url":"https:\/\/abc-office.eu\/wp-content\/uploads\/2025\/10\/Flag_of_Europe-2-768x512-2.png","type":"image\/png"}],"twitter_card":"summary_large_image","twitter_misc":{"Tahmini okuma s\u00fcresi":"2 dakika"},"schema":{"@context":"https:\/\/schema.org","@graph":[{"@type":"WebPage","@id":"https:\/\/abc-office.eu\/tr\/iletisim\/","url":"https:\/\/abc-office.eu\/tr\/iletisim\/","name":"\u0130leti\u015fim \u00e7evirisi | Terc\u00fcman | Avrupa Birli\u011fi | Birle\u015fik Krall\u0131k","isPartOf":{"@id":"https:\/\/abc-office.eu\/tr\/#website"},"primaryImageOfPage":{"@id":"https:\/\/abc-office.eu\/tr\/iletisim\/#primaryimage"},"image":{"@id":"https:\/\/abc-office.eu\/tr\/iletisim\/#primaryimage"},"thumbnailUrl":"https:\/\/abc-office.eu\/wp-content\/uploads\/2025\/10\/Flag_of_Europe-2-768x512-2.png","datePublished":"2022-04-25T08:26:44+00:00","dateModified":"2025-10-20T12:08:37+00:00","description":"ABC Translation: \u0130leti\u015fim | web sitesi \u00e7evirisi | Resm\u00ee belgelerin \u00e7evirisi | Uzmanl\u0131k gerektiren \u00e7eviri | Avrupa Birli\u011fi","breadcrumb":{"@id":"https:\/\/abc-office.eu\/tr\/iletisim\/#breadcrumb"},"inLanguage":"tr","potentialAction":[{"@type":"ReadAction","target":["https:\/\/abc-office.eu\/tr\/iletisim\/"]}]},{"@type":"ImageObject","inLanguage":"tr","@id":"https:\/\/abc-office.eu\/tr\/iletisim\/#primaryimage","url":"https:\/\/abc-office.eu\/wp-content\/uploads\/2025\/10\/Flag_of_Europe-2-768x512-2.png","contentUrl":"https:\/\/abc-office.eu\/wp-content\/uploads\/2025\/10\/Flag_of_Europe-2-768x512-2.png","width":768,"height":512},{"@type":"BreadcrumbList","@id":"https:\/\/abc-office.eu\/tr\/iletisim\/#breadcrumb","itemListElement":[{"@type":"ListItem","position":1,"name":"Accueil","item":"https:\/\/abc-office.eu\/tr\/"},{"@type":"ListItem","position":2,"name":"\u0130leti\u015fim"}]},{"@type":"WebSite","@id":"https:\/\/abc-office.eu\/tr\/#website","url":"https:\/\/abc-office.eu\/tr\/","name":"ABC Translation","description":"info@abc-office.eu","potentialAction":[{"@type":"SearchAction","target":{"@type":"EntryPoint","urlTemplate":"https:\/\/abc-office.eu\/tr\/?s={search_term_string}"},"query-input":{"@type":"PropertyValueSpecification","valueRequired":true,"valueName":"search_term_string"}}],"inLanguage":"tr"}]}},"_links":{"self":[{"href":"https:\/\/abc-office.eu\/tr\/wp-json\/wp\/v2\/pages\/226243","targetHints":{"allow":["GET"]}}],"collection":[{"href":"https:\/\/abc-office.eu\/tr\/wp-json\/wp\/v2\/pages"}],"about":[{"href":"https:\/\/abc-office.eu\/tr\/wp-json\/wp\/v2\/types\/page"}],"author":[{"embeddable":true,"href":"https:\/\/abc-office.eu\/tr\/wp-json\/wp\/v2\/users\/1"}],"replies":[{"embeddable":true,"href":"https:\/\/abc-office.eu\/tr\/wp-json\/wp\/v2\/comments?post=226243"}],"version-history":[{"count":3,"href":"https:\/\/abc-office.eu\/tr\/wp-json\/wp\/v2\/pages\/226243\/revisions"}],"predecessor-version":[{"id":229352,"href":"https:\/\/abc-office.eu\/tr\/wp-json\/wp\/v2\/pages\/226243\/revisions\/229352"}],"wp:featuredmedia":[{"embeddable":true,"href":"https:\/\/abc-office.eu\/tr\/wp-json\/wp\/v2\/media\/226148"}],"wp:attachment":[{"href":"https:\/\/abc-office.eu\/tr\/wp-json\/wp\/v2\/media?parent=226243"}],"curies":[{"name":"wp","href":"https:\/\/api.w.org\/{rel}","templated":true}]}}