{"id":226240,"date":"2022-04-25T09:58:57","date_gmt":"2022-04-25T07:58:57","guid":{"rendered":"https:\/\/abc-office.eu\/?page_id=226240"},"modified":"2025-10-20T14:03:50","modified_gmt":"2025-10-20T12:03:50","slug":"hukuk-islemleri","status":"publish","type":"page","link":"https:\/\/abc-office.eu\/tr\/hukuk-islemleri\/","title":{"rendered":"Hukuk \u0130\u015flemleri"},"content":{"rendered":"<h2 data-start=\"90\" data-end=\"101\"><strong>Hukuk \u0130\u015flemleri<\/strong><\/h2>\n<p style=\"text-align: justify;\"><strong>ABC Translation<\/strong>, Avrupa Birli\u011fi ve uluslararas\u0131 hukukla ba\u011flant\u0131l\u0131 \u00e7e\u015fitli alanlarda uzmanla\u015fm\u0131\u015ft\u0131r.<br \/>\nHer g\u00fcn <strong>noterler, avukatlar ve hukuk dan\u0131\u015fmanlar\u0131<\/strong> ile i\u015f birli\u011fi yaparak Avrupa genelinde t\u00fcm hukuki ihtiya\u00e7lar\u0131n\u0131za \u00e7\u00f6z\u00fcm sunuyoruz (Hukuk \u0130\u015flemleri).<\/p>\n<h3><strong>Noter Hizmetleri<\/strong>:<\/h3>\n<p style=\"text-align: justify;\">Noter ortaklar\u0131m\u0131zla birlikte belgelerinizin haz\u0131rlanmas\u0131, tasdiki ve resm\u00eele\u015ftirilmesi s\u00fcre\u00e7lerinde size rehberlik ediyoruz. Aile ve ta\u015f\u0131nmaz hukuku, miras ve servet y\u00f6netimi, ticaret ve \u015firket hukuku, vek\u00e2letnameler ve uluslararas\u0131 belgeler gibi \u00f6zel alanlarda uzman deste\u011fi sa\u011fl\u0131yoruz.<\/p>\n<h3 data-start=\"717\" data-end=\"736\"><strong data-start=\"717\" data-end=\"734\">Hukuk b\u00fcrosu:<\/strong><\/h3>\n<p style=\"text-align: justify;\">Hukuk b\u00fcromuz; bankac\u0131l\u0131k, \u00e7ok uluslu \u015firketler, uluslararas\u0131 tr\u00f6stler ve Avrupa Birli\u011fi kurumlar\u0131nda deneyim kazanm\u0131\u015f avukatlardan olu\u015fmaktad\u0131r. Uzmanl\u0131k alanlar\u0131m\u0131z aras\u0131nda \u015funlar yer almaktad\u0131r:<\/p>\n<ul>\n<li>\u0130\u015f ve ticaret hukuku<\/li>\n<li>Kira, tahliye ve gayrimenkul i\u015flemleri<\/li>\n<li>Ulusal ve uluslararas\u0131 s\u00f6zle\u015fmeler<\/li>\n<li>\u015eirket birle\u015fmeleri (M&amp;A) ve devir i\u015flemleri<\/li>\n<li>Aile hukuku, bo\u015fanma ve miras<\/li>\n<li>Ceza ve sigorta hukuku<\/li>\n<li>Bankac\u0131l\u0131k, kredi ve icra i\u015flemleri<\/li>\n<li>Bili\u015fim, internet ve lisans s\u00f6zle\u015fmeleri<\/li>\n<li>Kamu hukuku ve zor durumdaki \u015firketlerin tasfiyesi<\/li>\n<\/ul>\n<p style=\"text-align: justify;\">Avukatlar\u0131m\u0131z, karma\u015f\u0131k ve s\u0131n\u0131r \u00f6tesi hukuki konularda size g\u00fcvenilir bir rehberlik sa\u011flar.<\/p>\n<h3><strong>Hukuk M\u00fc\u015favirli\u011fi<\/strong><\/h3>\n<p style=\"text-align: justify;\">Ekibimizdeki hukuk m\u00fc\u015favirleri, ticari, mali veya \u00e7evresel konularda dan\u0131\u015fmanl\u0131k hizmeti sunar. \u00d6nleyici a\u015famada \u2014\u00f6rne\u011fin s\u00f6zle\u015fme haz\u0131rlama veya m\u00fczakere s\u00fcre\u00e7lerinde\u2014 stratejik destek verirler. Dava durumunda s\u00fcreci y\u00f6nlendirir, ancak baroya kay\u0131tl\u0131 olmad\u0131klar\u0131 i\u00e7in mahkemede temsil g\u00f6revini avukatlar \u00fcstlenir. Ayr\u0131ca, \u015firket y\u00f6netim kurullar\u0131n\u0131n karar s\u00fcre\u00e7lerinin yasal \u00e7er\u00e7evede y\u00fcr\u00fct\u00fclmesini denetlerler (Hukuk \u0130\u015flemleri).<\/p>\n<h3 data-start=\"2065\" data-end=\"2090\"><strong data-start=\"2065\" data-end=\"2088\">Hukuki dan\u0131\u015fmanl\u0131k:<\/strong><\/h3>\n<p style=\"text-align: justify;\">Hukuk departman\u0131m\u0131z, geliri ne olursa olsun herkesin eri\u015fimine a\u00e7\u0131k bir <strong>hukuki dan\u0131\u015fmanl\u0131k<\/strong> hizmeti sunar. Avukatlar\u0131m\u0131z ve hukuk m\u00fc\u015favirlerimiz taraf\u0131ndan verilen bu hizmet <strong>anonim, gizli ve g\u00fcvenlidir<\/strong>. Amac\u0131m\u0131z, herkesin hukuki haklar\u0131n\u0131 g\u00fcvenle \u00f6\u011frenmesini ve korumas\u0131n\u0131 <a href=\"https:\/\/abc-office.eu\/tr\/\">sa\u011flamakt\u0131r<\/a>.<\/p>\n<p data-start=\"2092\" data-end=\"2336\"><img loading=\"lazy\" decoding=\"async\" class=\"aligncenter wp-image-141\" src=\"https:\/\/abc-office.ch\/wp-content\/uploads\/2018\/06\/Droit11-300x225.jpg\" alt=\"Hukuk \u0130\u015flemleri\" width=\"383\" height=\"287\" \/><\/p>\n","protected":false},"excerpt":{"rendered":"<p>Hukuk \u0130\u015flemleri ABC Translation, Avrupa Birli\u011fi ve uluslararas\u0131 hukukla ba\u011flant\u0131l\u0131 \u00e7e\u015fitli alanlarda uzmanla\u015fm\u0131\u015ft\u0131r. Her g\u00fcn noterler, avukatlar ve hukuk dan\u0131\u015fmanlar\u0131 ile i\u015f birli\u011fi yaparak Avrupa genelinde t\u00fcm hukuki ihtiya\u00e7lar\u0131n\u0131za \u00e7\u00f6z\u00fcm sunuyoruz (Hukuk \u0130\u015flemleri). Noter Hizmetleri: Noter ortaklar\u0131m\u0131zla birlikte belgelerinizin haz\u0131rlanmas\u0131, tasdiki ve resm\u00eele\u015ftirilmesi s\u00fcre\u00e7lerinde size rehberlik ediyoruz. Aile ve ta\u015f\u0131nmaz hukuku, miras ve servet y\u00f6netimi,&#8230;<\/p>\n","protected":false},"author":1,"featured_media":226134,"parent":0,"menu_order":0,"comment_status":"closed","ping_status":"closed","template":"","meta":{"sfsi_plus_gutenberg_text_before_share":"","sfsi_plus_gutenberg_show_text_before_share":"","sfsi_plus_gutenberg_icon_type":"","sfsi_plus_gutenberg_icon_alignemt":"","sfsi_plus_gutenburg_max_per_row":"","footnotes":""},"class_list":["post-226240","page","type-page","status-publish","has-post-thumbnail","hentry"],"yoast_head":"<!-- This site is optimized with the Yoast SEO plugin v23.8 - https:\/\/yoast.com\/wordpress\/plugins\/seo\/ -->\n<title>Hukuk \u0130\u015flemleri l ABC Translation l Noter l Hukuk B\u00fcrosu l Hukuk<\/title>\n<meta name=\"description\" content=\"ABC Translation l Hukuk \u0130\u015flemleri l Noter l Hukuk B\u00fcrosu l Hukuk M\u00fc\u015faviri l Hukuki Dan\u0131\u015fmanl\u0131k l Avrupa Birli\u011fi ve Uluslararas\u0131 l Arazi\" \/>\n<meta name=\"robots\" content=\"index, follow, max-snippet:-1, max-image-preview:large, max-video-preview:-1\" \/>\n<link rel=\"canonical\" href=\"https:\/\/abc-office.eu\/tr\/hukuk-islemleri\/\" \/>\n<meta property=\"og:locale\" content=\"tr_TR\" \/>\n<meta property=\"og:type\" content=\"article\" \/>\n<meta property=\"og:title\" content=\"Hukuk \u0130\u015flemleri l ABC Translation l Noter l Hukuk B\u00fcrosu l Hukuk\" \/>\n<meta property=\"og:description\" content=\"ABC Translation l Hukuk \u0130\u015flemleri l Noter l Hukuk B\u00fcrosu l Hukuk M\u00fc\u015faviri l Hukuki Dan\u0131\u015fmanl\u0131k l Avrupa Birli\u011fi ve Uluslararas\u0131 l Arazi\" \/>\n<meta property=\"og:url\" content=\"https:\/\/abc-office.eu\/tr\/hukuk-islemleri\/\" \/>\n<meta property=\"og:site_name\" content=\"ABC Translation\" \/>\n<meta property=\"article:modified_time\" content=\"2025-10-20T12:03:50+00:00\" \/>\n<meta property=\"og:image\" content=\"https:\/\/abc-office.eu\/wp-content\/uploads\/2025\/10\/Droit1-768x432-2.jpg\" \/>\n\t<meta property=\"og:image:width\" content=\"768\" \/>\n\t<meta property=\"og:image:height\" content=\"432\" \/>\n\t<meta property=\"og:image:type\" content=\"image\/jpeg\" \/>\n<meta name=\"twitter:card\" content=\"summary_large_image\" \/>\n<meta name=\"twitter:label1\" content=\"Tahmini okuma s\u00fcresi\" \/>\n\t<meta name=\"twitter:data1\" content=\"2 dakika\" \/>\n<script type=\"application\/ld+json\" class=\"yoast-schema-graph\">{\"@context\":\"https:\/\/schema.org\",\"@graph\":[{\"@type\":\"WebPage\",\"@id\":\"https:\/\/abc-office.eu\/tr\/hukuk-islemleri\/\",\"url\":\"https:\/\/abc-office.eu\/tr\/hukuk-islemleri\/\",\"name\":\"Hukuk \u0130\u015flemleri l ABC Translation l Noter l Hukuk B\u00fcrosu l Hukuk\",\"isPartOf\":{\"@id\":\"https:\/\/abc-office.eu\/tr\/#website\"},\"primaryImageOfPage\":{\"@id\":\"https:\/\/abc-office.eu\/tr\/hukuk-islemleri\/#primaryimage\"},\"image\":{\"@id\":\"https:\/\/abc-office.eu\/tr\/hukuk-islemleri\/#primaryimage\"},\"thumbnailUrl\":\"https:\/\/abc-office.eu\/wp-content\/uploads\/2025\/10\/Droit1-768x432-2.jpg\",\"datePublished\":\"2022-04-25T07:58:57+00:00\",\"dateModified\":\"2025-10-20T12:03:50+00:00\",\"description\":\"ABC Translation l Hukuk \u0130\u015flemleri l Noter l Hukuk B\u00fcrosu l Hukuk M\u00fc\u015faviri l Hukuki Dan\u0131\u015fmanl\u0131k l Avrupa Birli\u011fi ve Uluslararas\u0131 l Arazi\",\"breadcrumb\":{\"@id\":\"https:\/\/abc-office.eu\/tr\/hukuk-islemleri\/#breadcrumb\"},\"inLanguage\":\"tr\",\"potentialAction\":[{\"@type\":\"ReadAction\",\"target\":[\"https:\/\/abc-office.eu\/tr\/hukuk-islemleri\/\"]}]},{\"@type\":\"ImageObject\",\"inLanguage\":\"tr\",\"@id\":\"https:\/\/abc-office.eu\/tr\/hukuk-islemleri\/#primaryimage\",\"url\":\"https:\/\/abc-office.eu\/wp-content\/uploads\/2025\/10\/Droit1-768x432-2.jpg\",\"contentUrl\":\"https:\/\/abc-office.eu\/wp-content\/uploads\/2025\/10\/Droit1-768x432-2.jpg\",\"width\":768,\"height\":432},{\"@type\":\"BreadcrumbList\",\"@id\":\"https:\/\/abc-office.eu\/tr\/hukuk-islemleri\/#breadcrumb\",\"itemListElement\":[{\"@type\":\"ListItem\",\"position\":1,\"name\":\"Accueil\",\"item\":\"https:\/\/abc-office.eu\/tr\/\"},{\"@type\":\"ListItem\",\"position\":2,\"name\":\"Hukuk \u0130\u015flemleri\"}]},{\"@type\":\"WebSite\",\"@id\":\"https:\/\/abc-office.eu\/tr\/#website\",\"url\":\"https:\/\/abc-office.eu\/tr\/\",\"name\":\"ABC Translation\",\"description\":\"info@abc-office.eu\",\"potentialAction\":[{\"@type\":\"SearchAction\",\"target\":{\"@type\":\"EntryPoint\",\"urlTemplate\":\"https:\/\/abc-office.eu\/tr\/?s={search_term_string}\"},\"query-input\":{\"@type\":\"PropertyValueSpecification\",\"valueRequired\":true,\"valueName\":\"search_term_string\"}}],\"inLanguage\":\"tr\"}]}<\/script>\n<!-- \/ Yoast SEO plugin. -->","yoast_head_json":{"title":"Hukuk \u0130\u015flemleri l ABC Translation l Noter l Hukuk B\u00fcrosu l Hukuk","description":"ABC Translation l Hukuk \u0130\u015flemleri l Noter l Hukuk B\u00fcrosu l Hukuk M\u00fc\u015faviri l Hukuki Dan\u0131\u015fmanl\u0131k l Avrupa Birli\u011fi ve Uluslararas\u0131 l Arazi","robots":{"index":"index","follow":"follow","max-snippet":"max-snippet:-1","max-image-preview":"max-image-preview:large","max-video-preview":"max-video-preview:-1"},"canonical":"https:\/\/abc-office.eu\/tr\/hukuk-islemleri\/","og_locale":"tr_TR","og_type":"article","og_title":"Hukuk \u0130\u015flemleri l ABC Translation l Noter l Hukuk B\u00fcrosu l Hukuk","og_description":"ABC Translation l Hukuk \u0130\u015flemleri l Noter l Hukuk B\u00fcrosu l Hukuk M\u00fc\u015faviri l Hukuki Dan\u0131\u015fmanl\u0131k l Avrupa Birli\u011fi ve Uluslararas\u0131 l Arazi","og_url":"https:\/\/abc-office.eu\/tr\/hukuk-islemleri\/","og_site_name":"ABC Translation","article_modified_time":"2025-10-20T12:03:50+00:00","og_image":[{"width":768,"height":432,"url":"https:\/\/abc-office.eu\/wp-content\/uploads\/2025\/10\/Droit1-768x432-2.jpg","type":"image\/jpeg"}],"twitter_card":"summary_large_image","twitter_misc":{"Tahmini okuma s\u00fcresi":"2 dakika"},"schema":{"@context":"https:\/\/schema.org","@graph":[{"@type":"WebPage","@id":"https:\/\/abc-office.eu\/tr\/hukuk-islemleri\/","url":"https:\/\/abc-office.eu\/tr\/hukuk-islemleri\/","name":"Hukuk \u0130\u015flemleri l ABC Translation l Noter l Hukuk B\u00fcrosu l Hukuk","isPartOf":{"@id":"https:\/\/abc-office.eu\/tr\/#website"},"primaryImageOfPage":{"@id":"https:\/\/abc-office.eu\/tr\/hukuk-islemleri\/#primaryimage"},"image":{"@id":"https:\/\/abc-office.eu\/tr\/hukuk-islemleri\/#primaryimage"},"thumbnailUrl":"https:\/\/abc-office.eu\/wp-content\/uploads\/2025\/10\/Droit1-768x432-2.jpg","datePublished":"2022-04-25T07:58:57+00:00","dateModified":"2025-10-20T12:03:50+00:00","description":"ABC Translation l Hukuk \u0130\u015flemleri l Noter l Hukuk B\u00fcrosu l Hukuk M\u00fc\u015faviri l Hukuki Dan\u0131\u015fmanl\u0131k l Avrupa Birli\u011fi ve Uluslararas\u0131 l Arazi","breadcrumb":{"@id":"https:\/\/abc-office.eu\/tr\/hukuk-islemleri\/#breadcrumb"},"inLanguage":"tr","potentialAction":[{"@type":"ReadAction","target":["https:\/\/abc-office.eu\/tr\/hukuk-islemleri\/"]}]},{"@type":"ImageObject","inLanguage":"tr","@id":"https:\/\/abc-office.eu\/tr\/hukuk-islemleri\/#primaryimage","url":"https:\/\/abc-office.eu\/wp-content\/uploads\/2025\/10\/Droit1-768x432-2.jpg","contentUrl":"https:\/\/abc-office.eu\/wp-content\/uploads\/2025\/10\/Droit1-768x432-2.jpg","width":768,"height":432},{"@type":"BreadcrumbList","@id":"https:\/\/abc-office.eu\/tr\/hukuk-islemleri\/#breadcrumb","itemListElement":[{"@type":"ListItem","position":1,"name":"Accueil","item":"https:\/\/abc-office.eu\/tr\/"},{"@type":"ListItem","position":2,"name":"Hukuk \u0130\u015flemleri"}]},{"@type":"WebSite","@id":"https:\/\/abc-office.eu\/tr\/#website","url":"https:\/\/abc-office.eu\/tr\/","name":"ABC Translation","description":"info@abc-office.eu","potentialAction":[{"@type":"SearchAction","target":{"@type":"EntryPoint","urlTemplate":"https:\/\/abc-office.eu\/tr\/?s={search_term_string}"},"query-input":{"@type":"PropertyValueSpecification","valueRequired":true,"valueName":"search_term_string"}}],"inLanguage":"tr"}]}},"_links":{"self":[{"href":"https:\/\/abc-office.eu\/tr\/wp-json\/wp\/v2\/pages\/226240","targetHints":{"allow":["GET"]}}],"collection":[{"href":"https:\/\/abc-office.eu\/tr\/wp-json\/wp\/v2\/pages"}],"about":[{"href":"https:\/\/abc-office.eu\/tr\/wp-json\/wp\/v2\/types\/page"}],"author":[{"embeddable":true,"href":"https:\/\/abc-office.eu\/tr\/wp-json\/wp\/v2\/users\/1"}],"replies":[{"embeddable":true,"href":"https:\/\/abc-office.eu\/tr\/wp-json\/wp\/v2\/comments?post=226240"}],"version-history":[{"count":3,"href":"https:\/\/abc-office.eu\/tr\/wp-json\/wp\/v2\/pages\/226240\/revisions"}],"predecessor-version":[{"id":229350,"href":"https:\/\/abc-office.eu\/tr\/wp-json\/wp\/v2\/pages\/226240\/revisions\/229350"}],"wp:featuredmedia":[{"embeddable":true,"href":"https:\/\/abc-office.eu\/tr\/wp-json\/wp\/v2\/media\/226134"}],"wp:attachment":[{"href":"https:\/\/abc-office.eu\/tr\/wp-json\/wp\/v2\/media?parent=226240"}],"curies":[{"name":"wp","href":"https:\/\/api.w.org\/{rel}","templated":true}]}}