{"id":226237,"date":"2017-02-16T09:16:01","date_gmt":"2017-02-16T08:16:01","guid":{"rendered":"https:\/\/abc-office.eu\/?page_id=226237"},"modified":"2025-10-20T13:57:48","modified_gmt":"2025-10-20T11:57:48","slug":"emlak-hizmetleri","status":"publish","type":"page","link":"https:\/\/abc-office.eu\/tr\/emlak-hizmetleri\/","title":{"rendered":"Emlak Hizmetleri"},"content":{"rendered":"<h2><strong>Emlak Hizmetleri<\/strong><\/h2>\n<p style=\"text-align: justify;\"><strong>ABC Translation<\/strong> emlak departman\u0131, 2017 y\u0131l\u0131nda \u0130svi\u00e7re\u2019de 5,5 odal\u0131 bir dairenin sat\u0131n al\u0131narak uluslararas\u0131 bir \u00f6\u011frenci yurduna d\u00f6n\u00fc\u015ft\u00fcr\u00fclmesiyle faaliyetlerine ba\u015flad\u0131. Lozan \u00dcniversitesi ve EPFL\u2019e yak\u0131n konumu sayesinde, yurt Eyl\u00fcl 2017\u2019de kap\u0131lar\u0131n\u0131 a\u00e7ar a\u00e7maz b\u00fcy\u00fck ilgi g\u00f6rd\u00fc: d\u00f6rt oda birka\u00e7 g\u00fcn i\u00e7inde kiraland\u0131. Bu ba\u015far\u0131, emlak alan\u0131ndaki uzmanl\u0131\u011f\u0131m\u0131z\u0131n temelini olu\u015fturdu (Emlak Hizmetleri).<\/p>\n<p style=\"text-align: justify;\">Bug\u00fcn, <strong>\u0130svi\u00e7re\u2019de ve yurt d\u0131\u015f\u0131nda<\/strong> gayrimenkul al\u0131m, sat\u0131m, kiralama ve y\u00f6netim hizmetleri sunmaktay\u0131z.<\/p>\n<h3 data-start=\"645\" data-end=\"662\"><strong data-start=\"645\" data-end=\"660\">Sat\u0131n alma:<\/strong><\/h3>\n<p style=\"text-align: justify;\">Bir m\u00fclk sat\u0131n almak uzun vadeli bir karard\u0131r ve dikkatle de\u011ferlendirilmelidir. Ekibimiz, m\u00fclk\u00fcn durumu, ipotek hesaplamalar\u0131 ve yat\u0131r\u0131m\u0131n s\u00fcrd\u00fcr\u00fclebilirli\u011fi gibi konularda size profesyonel rehberlik sunar. Amac\u0131m\u0131z, s\u00fcreci sizin i\u00e7in g\u00fcvenli ve sorunsuz hale getirmektir.<\/p>\n<h3 data-start=\"1071\" data-end=\"1083\"><strong data-start=\"1071\" data-end=\"1081\">Sat\u0131\u015f:<\/strong><\/h3>\n<p style=\"text-align: justify;\">\u0130svi\u00e7re emlak piyasas\u0131 son y\u0131llarda h\u0131zla geli\u015fmi\u015ftir, ancak artan arz nedeniyle sat\u0131\u015f s\u00fcreci daha rekabet\u00e7i hale gelmi\u015ftir. Uzmanlar\u0131m\u0131z, m\u00fclk\u00fcn\u00fcz\u00fc do\u011fru de\u011ferle ve m\u00fcmk\u00fcn olan en k\u0131sa s\u00fcrede satabilmeniz i\u00e7in size destek olur. Geni\u015f <strong>yerel ve uluslararas\u0131 a\u011f\u0131m\u0131z<\/strong> sayesinde sat\u0131\u015f \u015fans\u0131n\u0131z\u0131 art\u0131r\u0131yoruz.<\/p>\n<h3 data-start=\"1504\" data-end=\"1519\"><strong data-start=\"1504\" data-end=\"1517\">Kiralama:<\/strong><\/h3>\n<p style=\"text-align: justify;\">Bir evi veya daireyi kiraya vermek san\u0131ld\u0131\u011f\u0131 kadar kolay de\u011fildir. Kirac\u0131n\u0131n g\u00fcvenilirli\u011fini de\u011ferlendirmek, gerekli belgeleri (\u00f6rne\u011fin maa\u015f bordrolar\u0131, sab\u0131ka kayd\u0131) toplamak ve depozito i\u015flemlerini d\u00fczenlemek \u00f6nemlidir. Ekibimiz, kiralama s\u00fcrecinizi g\u00fcvenle y\u00f6netmenize yard\u0131mc\u0131 olur.<\/p>\n<h3 data-start=\"1908\" data-end=\"1934\"><strong data-start=\"1908\" data-end=\"1932\">\u00d6\u011frenci konaklamas\u0131:<\/strong><\/h3>\n<p style=\"text-align: justify;\">K\u0131sa veya uzun s\u00fcreli \u00f6\u011frenci konaklamalar\u0131m\u0131z, <strong>Lozan \u00dcniversitesi<\/strong>, <strong>EPFL<\/strong>, <strong>ECAL<\/strong> ve <strong>EHL<\/strong> yak\u0131n\u0131nda yer almaktad\u0131r. En \u00e7ok tercih edilen konut tipleri <strong>payla\u015f\u0131ml\u0131 odalar<\/strong> ve <strong>st\u00fcdyolard\u0131r<\/strong>. D\u00f6nem ba\u015flang\u0131c\u0131nda yer bulabilmek i\u00e7in erken rezervasyon yapman\u0131z\u0131 tavsiye ederiz.<\/p>\n<h3><strong>Daire Avc\u0131l\u0131\u011f\u0131<\/strong>:<\/h3>\n<p style=\"text-align: justify;\" data-start=\"2261\" data-end=\"2547\">Kriterlerinize uygun konaklama bulmakta zorlan\u0131yor veya kiral\u0131k daire bulam\u0131yor musunuz? Daire avc\u0131lar\u0131m\u0131z, size en k\u0131sa s\u00fcrede ve kriterlerinize uygun bir m\u00fclk bulmak i\u00e7in hizmetinizdedir. A\u011f\u0131m\u0131z ve profesyonelli\u011fimiz sayesinde size m\u00fcmk\u00fcn olan en k\u0131sa s\u00fcrede uygun konutu bulaca\u011f\u0131z.<\/p>\n<h3 data-start=\"2549\" data-end=\"2583\"><strong data-start=\"2549\" data-end=\"2581\">Ev D\u00fczenleme (Home Staging):<\/strong><\/h3>\n<p style=\"text-align: justify;\">\u0130stedi\u011finiz kriterlere uygun bir konut bulmakta zorlan\u0131yor musunuz? Deneyimli <strong>daire avc\u0131lar\u0131m\u0131z<\/strong>, a\u011f\u0131m\u0131z ve profesyonel uzmanl\u0131\u011f\u0131m\u0131z sayesinde size en k\u0131sa s\u00fcrede uygun evi bulur.<\/p>\n<h3><strong>Home Staging (Ev D\u00fczenleme)<\/strong>:<\/h3>\n<p style=\"text-align: justify;\">M\u00fclk\u00fcn\u00fcz\u00fcn sat\u0131\u015f\u0131n\u0131 h\u0131zland\u0131rmak m\u0131 istiyorsunuz? Home Staging ekibimiz, daire ve evleri k\u00fc\u00e7\u00fck dokunu\u015flarla daha \u00e7ekici hale getirir. Bu y\u00f6ntem, h\u0131zl\u0131 sat\u0131\u015f hedefleyen m\u00fclklerde olduk\u00e7a etkilidir.<\/p>\n<h3><strong>Fiyat Tahmini<\/strong><\/h3>\n<p style=\"text-align: justify;\">Bir m\u00fclk\u00fcn do\u011fru fiyattan de\u011ferlendirilmesi, ba\u015far\u0131l\u0131 bir sat\u0131\u015f\u0131n anahtar\u0131d\u0131r. Konum, in\u015faat y\u0131l\u0131 ve piyasa trendlerini analiz ederek, m\u00fclk\u00fcn\u00fcz\u00fcn <strong>ger\u00e7ek piyasa de\u011ferine<\/strong> en yak\u0131n tahmini <a href=\"https:\/\/abc-office.eu\/tr\/\">sunuyoruz<\/a>.<\/p>\n<p data-start=\"3167\" data-end=\"3243\"><a href=\"https:\/\/www.instagram.com\/dr_immo\/?hl=fr\"><img loading=\"lazy\" decoding=\"async\" class=\"aligncenter wp-image-109\" src=\"https:\/\/abc-office.ch\/wp-content\/uploads\/2018\/06\/Dr_Immo.jpg\" alt=\"Emlak\" width=\"222\" height=\"222\" \/><\/a><\/p>\n","protected":false},"excerpt":{"rendered":"<p>Emlak Hizmetleri ABC Translation emlak departman\u0131, 2017 y\u0131l\u0131nda \u0130svi\u00e7re\u2019de 5,5 odal\u0131 bir dairenin sat\u0131n al\u0131narak uluslararas\u0131 bir \u00f6\u011frenci yurduna d\u00f6n\u00fc\u015ft\u00fcr\u00fclmesiyle faaliyetlerine ba\u015flad\u0131. Lozan \u00dcniversitesi ve EPFL\u2019e yak\u0131n konumu sayesinde, yurt Eyl\u00fcl 2017\u2019de kap\u0131lar\u0131n\u0131 a\u00e7ar a\u00e7maz b\u00fcy\u00fck ilgi g\u00f6rd\u00fc: d\u00f6rt oda birka\u00e7 g\u00fcn i\u00e7inde kiraland\u0131. Bu ba\u015far\u0131, emlak alan\u0131ndaki uzmanl\u0131\u011f\u0131m\u0131z\u0131n temelini olu\u015fturdu (Emlak Hizmetleri). Bug\u00fcn, \u0130svi\u00e7re\u2019de&#8230;<\/p>\n","protected":false},"author":1,"featured_media":226120,"parent":0,"menu_order":0,"comment_status":"closed","ping_status":"closed","template":"","meta":{"sfsi_plus_gutenberg_text_before_share":"","sfsi_plus_gutenberg_show_text_before_share":"","sfsi_plus_gutenberg_icon_type":"","sfsi_plus_gutenberg_icon_alignemt":"","sfsi_plus_gutenburg_max_per_row":"","footnotes":""},"class_list":["post-226237","page","type-page","status-publish","has-post-thumbnail","hentry"],"yoast_head":"<!-- This site is optimized with the Yoast SEO plugin v23.8 - https:\/\/yoast.com\/wordpress\/plugins\/seo\/ -->\n<title>Emlak Hizmetleri l ABC Translation l Sat\u0131n Al l Sat Kirala \u00d6\u011frenci<\/title>\n<meta name=\"description\" content=\"ABC Translation l Emlak Hizmetleri l Sat\u0131n Al l Sat l Kirala l Kiraya Ver l \u00d6\u011frenci Konaklamas\u0131 l Home Staging l Avrupa Birli\u011fi\u2019nde Emlak\" \/>\n<meta name=\"robots\" content=\"index, follow, max-snippet:-1, max-image-preview:large, max-video-preview:-1\" \/>\n<link rel=\"canonical\" href=\"https:\/\/abc-office.eu\/tr\/emlak-hizmetleri\/\" \/>\n<meta property=\"og:locale\" content=\"tr_TR\" \/>\n<meta property=\"og:type\" content=\"article\" \/>\n<meta property=\"og:title\" content=\"Emlak Hizmetleri l ABC Translation l Sat\u0131n Al l Sat Kirala \u00d6\u011frenci\" \/>\n<meta property=\"og:description\" content=\"ABC Translation l Emlak Hizmetleri l Sat\u0131n Al l Sat l Kirala l Kiraya Ver l \u00d6\u011frenci Konaklamas\u0131 l Home Staging l Avrupa Birli\u011fi\u2019nde Emlak\" \/>\n<meta property=\"og:url\" content=\"https:\/\/abc-office.eu\/tr\/emlak-hizmetleri\/\" \/>\n<meta property=\"og:site_name\" content=\"ABC Translation\" \/>\n<meta property=\"article:modified_time\" content=\"2025-10-20T11:57:48+00:00\" \/>\n<meta property=\"og:image\" content=\"https:\/\/abc-office.eu\/wp-content\/uploads\/2025\/10\/Immo-768x513-2.jpg\" \/>\n\t<meta property=\"og:image:width\" content=\"768\" \/>\n\t<meta property=\"og:image:height\" content=\"513\" \/>\n\t<meta property=\"og:image:type\" content=\"image\/jpeg\" \/>\n<meta name=\"twitter:card\" content=\"summary_large_image\" \/>\n<meta name=\"twitter:label1\" content=\"Tahmini okuma s\u00fcresi\" \/>\n\t<meta name=\"twitter:data1\" content=\"2 dakika\" \/>\n<script type=\"application\/ld+json\" class=\"yoast-schema-graph\">{\"@context\":\"https:\/\/schema.org\",\"@graph\":[{\"@type\":\"WebPage\",\"@id\":\"https:\/\/abc-office.eu\/tr\/emlak-hizmetleri\/\",\"url\":\"https:\/\/abc-office.eu\/tr\/emlak-hizmetleri\/\",\"name\":\"Emlak Hizmetleri l ABC Translation l Sat\u0131n Al l Sat Kirala \u00d6\u011frenci\",\"isPartOf\":{\"@id\":\"https:\/\/abc-office.eu\/tr\/#website\"},\"primaryImageOfPage\":{\"@id\":\"https:\/\/abc-office.eu\/tr\/emlak-hizmetleri\/#primaryimage\"},\"image\":{\"@id\":\"https:\/\/abc-office.eu\/tr\/emlak-hizmetleri\/#primaryimage\"},\"thumbnailUrl\":\"https:\/\/abc-office.eu\/wp-content\/uploads\/2025\/10\/Immo-768x513-2.jpg\",\"datePublished\":\"2017-02-16T08:16:01+00:00\",\"dateModified\":\"2025-10-20T11:57:48+00:00\",\"description\":\"ABC Translation l Emlak Hizmetleri l Sat\u0131n Al l Sat l Kirala l Kiraya Ver l \u00d6\u011frenci Konaklamas\u0131 l Home Staging l Avrupa Birli\u011fi\u2019nde Emlak\",\"breadcrumb\":{\"@id\":\"https:\/\/abc-office.eu\/tr\/emlak-hizmetleri\/#breadcrumb\"},\"inLanguage\":\"tr\",\"potentialAction\":[{\"@type\":\"ReadAction\",\"target\":[\"https:\/\/abc-office.eu\/tr\/emlak-hizmetleri\/\"]}]},{\"@type\":\"ImageObject\",\"inLanguage\":\"tr\",\"@id\":\"https:\/\/abc-office.eu\/tr\/emlak-hizmetleri\/#primaryimage\",\"url\":\"https:\/\/abc-office.eu\/wp-content\/uploads\/2025\/10\/Immo-768x513-2.jpg\",\"contentUrl\":\"https:\/\/abc-office.eu\/wp-content\/uploads\/2025\/10\/Immo-768x513-2.jpg\",\"width\":768,\"height\":513},{\"@type\":\"BreadcrumbList\",\"@id\":\"https:\/\/abc-office.eu\/tr\/emlak-hizmetleri\/#breadcrumb\",\"itemListElement\":[{\"@type\":\"ListItem\",\"position\":1,\"name\":\"Accueil\",\"item\":\"https:\/\/abc-office.eu\/tr\/\"},{\"@type\":\"ListItem\",\"position\":2,\"name\":\"Emlak Hizmetleri\"}]},{\"@type\":\"WebSite\",\"@id\":\"https:\/\/abc-office.eu\/tr\/#website\",\"url\":\"https:\/\/abc-office.eu\/tr\/\",\"name\":\"ABC Translation\",\"description\":\"info@abc-office.eu\",\"potentialAction\":[{\"@type\":\"SearchAction\",\"target\":{\"@type\":\"EntryPoint\",\"urlTemplate\":\"https:\/\/abc-office.eu\/tr\/?s={search_term_string}\"},\"query-input\":{\"@type\":\"PropertyValueSpecification\",\"valueRequired\":true,\"valueName\":\"search_term_string\"}}],\"inLanguage\":\"tr\"}]}<\/script>\n<!-- \/ Yoast SEO plugin. -->","yoast_head_json":{"title":"Emlak Hizmetleri l ABC Translation l Sat\u0131n Al l Sat Kirala \u00d6\u011frenci","description":"ABC Translation l Emlak Hizmetleri l Sat\u0131n Al l Sat l Kirala l Kiraya Ver l \u00d6\u011frenci Konaklamas\u0131 l Home Staging l Avrupa Birli\u011fi\u2019nde Emlak","robots":{"index":"index","follow":"follow","max-snippet":"max-snippet:-1","max-image-preview":"max-image-preview:large","max-video-preview":"max-video-preview:-1"},"canonical":"https:\/\/abc-office.eu\/tr\/emlak-hizmetleri\/","og_locale":"tr_TR","og_type":"article","og_title":"Emlak Hizmetleri l ABC Translation l Sat\u0131n Al l Sat Kirala \u00d6\u011frenci","og_description":"ABC Translation l Emlak Hizmetleri l Sat\u0131n Al l Sat l Kirala l Kiraya Ver l \u00d6\u011frenci Konaklamas\u0131 l Home Staging l Avrupa Birli\u011fi\u2019nde Emlak","og_url":"https:\/\/abc-office.eu\/tr\/emlak-hizmetleri\/","og_site_name":"ABC Translation","article_modified_time":"2025-10-20T11:57:48+00:00","og_image":[{"width":768,"height":513,"url":"https:\/\/abc-office.eu\/wp-content\/uploads\/2025\/10\/Immo-768x513-2.jpg","type":"image\/jpeg"}],"twitter_card":"summary_large_image","twitter_misc":{"Tahmini okuma s\u00fcresi":"2 dakika"},"schema":{"@context":"https:\/\/schema.org","@graph":[{"@type":"WebPage","@id":"https:\/\/abc-office.eu\/tr\/emlak-hizmetleri\/","url":"https:\/\/abc-office.eu\/tr\/emlak-hizmetleri\/","name":"Emlak Hizmetleri l ABC Translation l Sat\u0131n Al l Sat Kirala \u00d6\u011frenci","isPartOf":{"@id":"https:\/\/abc-office.eu\/tr\/#website"},"primaryImageOfPage":{"@id":"https:\/\/abc-office.eu\/tr\/emlak-hizmetleri\/#primaryimage"},"image":{"@id":"https:\/\/abc-office.eu\/tr\/emlak-hizmetleri\/#primaryimage"},"thumbnailUrl":"https:\/\/abc-office.eu\/wp-content\/uploads\/2025\/10\/Immo-768x513-2.jpg","datePublished":"2017-02-16T08:16:01+00:00","dateModified":"2025-10-20T11:57:48+00:00","description":"ABC Translation l Emlak Hizmetleri l Sat\u0131n Al l Sat l Kirala l Kiraya Ver l \u00d6\u011frenci Konaklamas\u0131 l Home Staging l Avrupa Birli\u011fi\u2019nde Emlak","breadcrumb":{"@id":"https:\/\/abc-office.eu\/tr\/emlak-hizmetleri\/#breadcrumb"},"inLanguage":"tr","potentialAction":[{"@type":"ReadAction","target":["https:\/\/abc-office.eu\/tr\/emlak-hizmetleri\/"]}]},{"@type":"ImageObject","inLanguage":"tr","@id":"https:\/\/abc-office.eu\/tr\/emlak-hizmetleri\/#primaryimage","url":"https:\/\/abc-office.eu\/wp-content\/uploads\/2025\/10\/Immo-768x513-2.jpg","contentUrl":"https:\/\/abc-office.eu\/wp-content\/uploads\/2025\/10\/Immo-768x513-2.jpg","width":768,"height":513},{"@type":"BreadcrumbList","@id":"https:\/\/abc-office.eu\/tr\/emlak-hizmetleri\/#breadcrumb","itemListElement":[{"@type":"ListItem","position":1,"name":"Accueil","item":"https:\/\/abc-office.eu\/tr\/"},{"@type":"ListItem","position":2,"name":"Emlak Hizmetleri"}]},{"@type":"WebSite","@id":"https:\/\/abc-office.eu\/tr\/#website","url":"https:\/\/abc-office.eu\/tr\/","name":"ABC Translation","description":"info@abc-office.eu","potentialAction":[{"@type":"SearchAction","target":{"@type":"EntryPoint","urlTemplate":"https:\/\/abc-office.eu\/tr\/?s={search_term_string}"},"query-input":{"@type":"PropertyValueSpecification","valueRequired":true,"valueName":"search_term_string"}}],"inLanguage":"tr"}]}},"_links":{"self":[{"href":"https:\/\/abc-office.eu\/tr\/wp-json\/wp\/v2\/pages\/226237","targetHints":{"allow":["GET"]}}],"collection":[{"href":"https:\/\/abc-office.eu\/tr\/wp-json\/wp\/v2\/pages"}],"about":[{"href":"https:\/\/abc-office.eu\/tr\/wp-json\/wp\/v2\/types\/page"}],"author":[{"embeddable":true,"href":"https:\/\/abc-office.eu\/tr\/wp-json\/wp\/v2\/users\/1"}],"replies":[{"embeddable":true,"href":"https:\/\/abc-office.eu\/tr\/wp-json\/wp\/v2\/comments?post=226237"}],"version-history":[{"count":3,"href":"https:\/\/abc-office.eu\/tr\/wp-json\/wp\/v2\/pages\/226237\/revisions"}],"predecessor-version":[{"id":229348,"href":"https:\/\/abc-office.eu\/tr\/wp-json\/wp\/v2\/pages\/226237\/revisions\/229348"}],"wp:featuredmedia":[{"embeddable":true,"href":"https:\/\/abc-office.eu\/tr\/wp-json\/wp\/v2\/media\/226120"}],"wp:attachment":[{"href":"https:\/\/abc-office.eu\/tr\/wp-json\/wp\/v2\/media?parent=226237"}],"curies":[{"name":"wp","href":"https:\/\/api.w.org\/{rel}","templated":true}]}}