{"id":226232,"date":"2017-02-16T09:16:27","date_gmt":"2017-02-16T08:16:27","guid":{"rendered":"https:\/\/abc-office.eu\/?page_id=226232"},"modified":"2025-10-20T13:46:14","modified_gmt":"2025-10-20T11:46:14","slug":"noter-tasdiki","status":"publish","type":"page","link":"https:\/\/abc-office.eu\/tr\/noter-tasdiki\/","title":{"rendered":"Noter Tasdiki"},"content":{"rendered":"<h2><strong>Noter Tasdiki<\/strong><\/h2>\n<p style=\"text-align: justify;\">Ajans\u0131m\u0131z <strong>ABC Translation<\/strong>, resm\u00ee belgelerin tasdiki konusunda uzmand\u0131r. <strong>Apostil<\/strong>, <strong>onayl\u0131 suret (vidimus \/ patent)<\/strong> veya <strong>el\u00e7ilik-konsolosluk tasdiki<\/strong> gibi t\u00fcm onay t\u00fcrlerinde size do\u011fru y\u00f6nlendirmeyi ve h\u0131zl\u0131 sonu\u00e7 alman\u0131z\u0131 sa\u011fl\u0131yoruz (Noter Tasdiki).<\/p>\n<p style=\"text-align: justify;\">Noterler, valilikler, \u015fans\u00f6lyelikler, el\u00e7ilikler ve konsolosluklarla i\u015f birli\u011fi yaparak belgelerinizi eksiksiz ve ge\u00e7erli bi\u00e7imde tasdik ettiriyoruz. Genellikle i\u015flemler <strong>2 ila 5 i\u015f g\u00fcn\u00fc<\/strong> i\u00e7inde tamamlanabilmektedir.<\/p>\n<h3 data-start=\"687\" data-end=\"709\"><strong data-start=\"687\" data-end=\"707\">Apostil tasdiki:<\/strong><\/h3>\n<p style=\"text-align: justify;\">Lahey S\u00f6zle\u015fmesi\u2019ni imzalam\u0131\u015f \u00fclkeler, \u00fczerinde <strong>apostil m\u00fchr\u00fc<\/strong> bulunan belgeleri do\u011frudan ge\u00e7erli kabul eder; konsolosluk veya el\u00e7ilik vizesi gerekmez. Apostil yaln\u0131zca <strong>resm\u00ee bir k\u00e2tibin veya noterin<\/strong> imzas\u0131na eklenebilir. \u00d6zel ki\u015filer taraf\u0131ndan imzalanan belgeler apostillenemez.<\/p>\n<h3 data-start=\"1021\" data-end=\"1040\"><strong data-start=\"1021\" data-end=\"1038\">Basit tasdik:<\/strong><\/h3>\n<p style=\"text-align: justify;\">Basit tasdik, Lahey S\u00f6zle\u015fmesi\u2019ne taraf olmayan \u00fclkelerde ge\u00e7erlidir. Bu durumda belge, ilgili \u00fclkenin <strong>el\u00e7ili\u011fi, konsoloslu\u011fu veya diplomatik misyonu<\/strong> taraf\u0131ndan m\u00fch\u00fcrlenerek tasdiklenir. \u0130mzas\u0131 resm\u00ee olarak tan\u0131nan t\u00fcm belgeler i\u00e7in bu i\u015flem yap\u0131labilir.<\/p>\n<h3><strong>El\u00e7ilik \/ Konsolosluk Tasdiki<\/strong><\/h3>\n<p style=\"text-align: justify;\">Baz\u0131 \u00fclkeler (\u00f6rne\u011fin \u00c7in) belgelerin yaln\u0131zca kendi <strong>el\u00e7ilik veya konsolosluklar\u0131<\/strong> taraf\u0131ndan onaylanmas\u0131 ko\u015fuluyla ge\u00e7erlili\u011fini tan\u0131r. Bu durumda belgeler, \u00f6nce <strong>noter<\/strong> ve <strong>valilik \/ \u015fans\u00f6lyelik<\/strong> taraf\u0131ndan tasdik edilir, ard\u0131ndan el\u00e7ilik veya konsolosluk vizesi eklenir.<\/p>\n<h3><strong>Onayl\u0131 Suret (Vidimus \/ Brevet)<\/strong><\/h3>\n<p style=\"text-align: justify;\">Onayl\u0131 suret, bir belgenin <strong>asl\u0131na uygun kopyas\u0131<\/strong> olup noter taraf\u0131ndan onaylan\u0131r. Yabanc\u0131 makamlarca d\u00fczenlenmi\u015f belgelerde veya yurtd\u0131\u015f\u0131nda kullan\u0131lacak evraklarda kurumlar s\u0131kl\u0131kla bu t\u00fcr bir onayl\u0131 suret talep eder.<\/p>\n<h3 data-start=\"1987\" data-end=\"2006\"><strong data-start=\"1987\" data-end=\"2004\">\u0130mza tasdiki:<\/strong><\/h3>\n<p style=\"text-align: justify;\">\u0130mza tasdiki, noter taraf\u0131ndan bir imzan\u0131n <strong>ger\u00e7ekli\u011finin onaylanmas\u0131<\/strong> i\u015flemidir. Noter, belgenin \u00fczerindeki imzan\u0131n ger\u00e7ekten o ki\u015fiye ait oldu\u011funu resmi olarak <a href=\"https:\/\/abc-office.eu\/tr\/\">teyit<\/a> eder.<\/p>\n<p data-start=\"2008\" data-end=\"2164\"><img loading=\"lazy\" decoding=\"async\" class=\"aligncenter wp-image-26 size-medium\" src=\"https:\/\/abc-office.ch\/wp-content\/uploads\/2018\/06\/imageedit_1_6241191614-300x300.gif\" alt=\"Noter Tasdiki\" width=\"300\" height=\"300\" \/><\/p>\n","protected":false},"excerpt":{"rendered":"<p>Noter Tasdiki Ajans\u0131m\u0131z ABC Translation, resm\u00ee belgelerin tasdiki konusunda uzmand\u0131r. Apostil, onayl\u0131 suret (vidimus \/ patent) veya el\u00e7ilik-konsolosluk tasdiki gibi t\u00fcm onay t\u00fcrlerinde size do\u011fru y\u00f6nlendirmeyi ve h\u0131zl\u0131 sonu\u00e7 alman\u0131z\u0131 sa\u011fl\u0131yoruz (Noter Tasdiki). Noterler, valilikler, \u015fans\u00f6lyelikler, el\u00e7ilikler ve konsolosluklarla i\u015f birli\u011fi yaparak belgelerinizi eksiksiz ve ge\u00e7erli bi\u00e7imde tasdik ettiriyoruz. Genellikle i\u015flemler 2 ila 5 i\u015f&#8230;<\/p>\n","protected":false},"author":1,"featured_media":226106,"parent":0,"menu_order":0,"comment_status":"closed","ping_status":"closed","template":"","meta":{"sfsi_plus_gutenberg_text_before_share":"","sfsi_plus_gutenberg_show_text_before_share":"","sfsi_plus_gutenberg_icon_type":"","sfsi_plus_gutenberg_icon_alignemt":"","sfsi_plus_gutenburg_max_per_row":"","footnotes":""},"class_list":["post-226232","page","type-page","status-publish","has-post-thumbnail","hentry"],"yoast_head":"<!-- This site is optimized with the Yoast SEO plugin v23.8 - https:\/\/yoast.com\/wordpress\/plugins\/seo\/ -->\n<title>Noter Tasdiki l ABC Translation l Apostil Tasdiki l El\u00e7ilik Konsolosluk<\/title>\n<meta name=\"description\" content=\"Noter Tasdiki l Apostil ile tasdik l Bir el\u00e7ilik veya konsolosluk taraf\u0131ndan l Onayl\u0131 suret l Noter l \u015eans\u00f6lyelik\" \/>\n<meta name=\"robots\" content=\"index, follow, max-snippet:-1, max-image-preview:large, max-video-preview:-1\" \/>\n<link rel=\"canonical\" href=\"https:\/\/abc-office.eu\/tr\/noter-tasdiki\/\" \/>\n<meta property=\"og:locale\" content=\"tr_TR\" \/>\n<meta property=\"og:type\" content=\"article\" \/>\n<meta property=\"og:title\" content=\"Noter Tasdiki l ABC Translation l Apostil Tasdiki l El\u00e7ilik Konsolosluk\" \/>\n<meta property=\"og:description\" content=\"Noter Tasdiki l Apostil ile tasdik l Bir el\u00e7ilik veya konsolosluk taraf\u0131ndan l Onayl\u0131 suret l Noter l \u015eans\u00f6lyelik\" \/>\n<meta property=\"og:url\" content=\"https:\/\/abc-office.eu\/tr\/noter-tasdiki\/\" \/>\n<meta property=\"og:site_name\" content=\"ABC Translation\" \/>\n<meta property=\"article:modified_time\" content=\"2025-10-20T11:46:14+00:00\" \/>\n<meta property=\"og:image\" content=\"https:\/\/abc-office.eu\/wp-content\/uploads\/2025\/10\/apostille-3joo-768x522-2.jpg\" \/>\n\t<meta property=\"og:image:width\" content=\"768\" \/>\n\t<meta property=\"og:image:height\" content=\"522\" \/>\n\t<meta property=\"og:image:type\" content=\"image\/jpeg\" \/>\n<meta name=\"twitter:card\" content=\"summary_large_image\" \/>\n<meta name=\"twitter:label1\" content=\"Tahmini okuma s\u00fcresi\" \/>\n\t<meta name=\"twitter:data1\" content=\"2 dakika\" \/>\n<script type=\"application\/ld+json\" class=\"yoast-schema-graph\">{\"@context\":\"https:\/\/schema.org\",\"@graph\":[{\"@type\":\"WebPage\",\"@id\":\"https:\/\/abc-office.eu\/tr\/noter-tasdiki\/\",\"url\":\"https:\/\/abc-office.eu\/tr\/noter-tasdiki\/\",\"name\":\"Noter Tasdiki l ABC Translation l Apostil Tasdiki l El\u00e7ilik Konsolosluk\",\"isPartOf\":{\"@id\":\"https:\/\/abc-office.eu\/tr\/#website\"},\"primaryImageOfPage\":{\"@id\":\"https:\/\/abc-office.eu\/tr\/noter-tasdiki\/#primaryimage\"},\"image\":{\"@id\":\"https:\/\/abc-office.eu\/tr\/noter-tasdiki\/#primaryimage\"},\"thumbnailUrl\":\"https:\/\/abc-office.eu\/wp-content\/uploads\/2025\/10\/apostille-3joo-768x522-2.jpg\",\"datePublished\":\"2017-02-16T08:16:27+00:00\",\"dateModified\":\"2025-10-20T11:46:14+00:00\",\"description\":\"Noter Tasdiki l Apostil ile tasdik l Bir el\u00e7ilik veya konsolosluk taraf\u0131ndan l Onayl\u0131 suret l Noter l \u015eans\u00f6lyelik\",\"breadcrumb\":{\"@id\":\"https:\/\/abc-office.eu\/tr\/noter-tasdiki\/#breadcrumb\"},\"inLanguage\":\"tr\",\"potentialAction\":[{\"@type\":\"ReadAction\",\"target\":[\"https:\/\/abc-office.eu\/tr\/noter-tasdiki\/\"]}]},{\"@type\":\"ImageObject\",\"inLanguage\":\"tr\",\"@id\":\"https:\/\/abc-office.eu\/tr\/noter-tasdiki\/#primaryimage\",\"url\":\"https:\/\/abc-office.eu\/wp-content\/uploads\/2025\/10\/apostille-3joo-768x522-2.jpg\",\"contentUrl\":\"https:\/\/abc-office.eu\/wp-content\/uploads\/2025\/10\/apostille-3joo-768x522-2.jpg\",\"width\":768,\"height\":522},{\"@type\":\"BreadcrumbList\",\"@id\":\"https:\/\/abc-office.eu\/tr\/noter-tasdiki\/#breadcrumb\",\"itemListElement\":[{\"@type\":\"ListItem\",\"position\":1,\"name\":\"Accueil\",\"item\":\"https:\/\/abc-office.eu\/tr\/\"},{\"@type\":\"ListItem\",\"position\":2,\"name\":\"Noter Tasdiki\"}]},{\"@type\":\"WebSite\",\"@id\":\"https:\/\/abc-office.eu\/tr\/#website\",\"url\":\"https:\/\/abc-office.eu\/tr\/\",\"name\":\"ABC Translation\",\"description\":\"info@abc-office.eu\",\"potentialAction\":[{\"@type\":\"SearchAction\",\"target\":{\"@type\":\"EntryPoint\",\"urlTemplate\":\"https:\/\/abc-office.eu\/tr\/?s={search_term_string}\"},\"query-input\":{\"@type\":\"PropertyValueSpecification\",\"valueRequired\":true,\"valueName\":\"search_term_string\"}}],\"inLanguage\":\"tr\"}]}<\/script>\n<!-- \/ Yoast SEO plugin. -->","yoast_head_json":{"title":"Noter Tasdiki l ABC Translation l Apostil Tasdiki l El\u00e7ilik Konsolosluk","description":"Noter Tasdiki l Apostil ile tasdik l Bir el\u00e7ilik veya konsolosluk taraf\u0131ndan l Onayl\u0131 suret l Noter l \u015eans\u00f6lyelik","robots":{"index":"index","follow":"follow","max-snippet":"max-snippet:-1","max-image-preview":"max-image-preview:large","max-video-preview":"max-video-preview:-1"},"canonical":"https:\/\/abc-office.eu\/tr\/noter-tasdiki\/","og_locale":"tr_TR","og_type":"article","og_title":"Noter Tasdiki l ABC Translation l Apostil Tasdiki l El\u00e7ilik Konsolosluk","og_description":"Noter Tasdiki l Apostil ile tasdik l Bir el\u00e7ilik veya konsolosluk taraf\u0131ndan l Onayl\u0131 suret l Noter l \u015eans\u00f6lyelik","og_url":"https:\/\/abc-office.eu\/tr\/noter-tasdiki\/","og_site_name":"ABC Translation","article_modified_time":"2025-10-20T11:46:14+00:00","og_image":[{"width":768,"height":522,"url":"https:\/\/abc-office.eu\/wp-content\/uploads\/2025\/10\/apostille-3joo-768x522-2.jpg","type":"image\/jpeg"}],"twitter_card":"summary_large_image","twitter_misc":{"Tahmini okuma s\u00fcresi":"2 dakika"},"schema":{"@context":"https:\/\/schema.org","@graph":[{"@type":"WebPage","@id":"https:\/\/abc-office.eu\/tr\/noter-tasdiki\/","url":"https:\/\/abc-office.eu\/tr\/noter-tasdiki\/","name":"Noter Tasdiki l ABC Translation l Apostil Tasdiki l El\u00e7ilik Konsolosluk","isPartOf":{"@id":"https:\/\/abc-office.eu\/tr\/#website"},"primaryImageOfPage":{"@id":"https:\/\/abc-office.eu\/tr\/noter-tasdiki\/#primaryimage"},"image":{"@id":"https:\/\/abc-office.eu\/tr\/noter-tasdiki\/#primaryimage"},"thumbnailUrl":"https:\/\/abc-office.eu\/wp-content\/uploads\/2025\/10\/apostille-3joo-768x522-2.jpg","datePublished":"2017-02-16T08:16:27+00:00","dateModified":"2025-10-20T11:46:14+00:00","description":"Noter Tasdiki l Apostil ile tasdik l Bir el\u00e7ilik veya konsolosluk taraf\u0131ndan l Onayl\u0131 suret l Noter l \u015eans\u00f6lyelik","breadcrumb":{"@id":"https:\/\/abc-office.eu\/tr\/noter-tasdiki\/#breadcrumb"},"inLanguage":"tr","potentialAction":[{"@type":"ReadAction","target":["https:\/\/abc-office.eu\/tr\/noter-tasdiki\/"]}]},{"@type":"ImageObject","inLanguage":"tr","@id":"https:\/\/abc-office.eu\/tr\/noter-tasdiki\/#primaryimage","url":"https:\/\/abc-office.eu\/wp-content\/uploads\/2025\/10\/apostille-3joo-768x522-2.jpg","contentUrl":"https:\/\/abc-office.eu\/wp-content\/uploads\/2025\/10\/apostille-3joo-768x522-2.jpg","width":768,"height":522},{"@type":"BreadcrumbList","@id":"https:\/\/abc-office.eu\/tr\/noter-tasdiki\/#breadcrumb","itemListElement":[{"@type":"ListItem","position":1,"name":"Accueil","item":"https:\/\/abc-office.eu\/tr\/"},{"@type":"ListItem","position":2,"name":"Noter Tasdiki"}]},{"@type":"WebSite","@id":"https:\/\/abc-office.eu\/tr\/#website","url":"https:\/\/abc-office.eu\/tr\/","name":"ABC Translation","description":"info@abc-office.eu","potentialAction":[{"@type":"SearchAction","target":{"@type":"EntryPoint","urlTemplate":"https:\/\/abc-office.eu\/tr\/?s={search_term_string}"},"query-input":{"@type":"PropertyValueSpecification","valueRequired":true,"valueName":"search_term_string"}}],"inLanguage":"tr"}]}},"_links":{"self":[{"href":"https:\/\/abc-office.eu\/tr\/wp-json\/wp\/v2\/pages\/226232","targetHints":{"allow":["GET"]}}],"collection":[{"href":"https:\/\/abc-office.eu\/tr\/wp-json\/wp\/v2\/pages"}],"about":[{"href":"https:\/\/abc-office.eu\/tr\/wp-json\/wp\/v2\/types\/page"}],"author":[{"embeddable":true,"href":"https:\/\/abc-office.eu\/tr\/wp-json\/wp\/v2\/users\/1"}],"replies":[{"embeddable":true,"href":"https:\/\/abc-office.eu\/tr\/wp-json\/wp\/v2\/comments?post=226232"}],"version-history":[{"count":3,"href":"https:\/\/abc-office.eu\/tr\/wp-json\/wp\/v2\/pages\/226232\/revisions"}],"predecessor-version":[{"id":229346,"href":"https:\/\/abc-office.eu\/tr\/wp-json\/wp\/v2\/pages\/226232\/revisions\/229346"}],"wp:featuredmedia":[{"embeddable":true,"href":"https:\/\/abc-office.eu\/tr\/wp-json\/wp\/v2\/media\/226106"}],"wp:attachment":[{"href":"https:\/\/abc-office.eu\/tr\/wp-json\/wp\/v2\/media?parent=226232"}],"curies":[{"name":"wp","href":"https:\/\/api.w.org\/{rel}","templated":true}]}}