{"id":226229,"date":"2017-02-16T09:17:00","date_gmt":"2017-02-16T08:17:00","guid":{"rendered":"https:\/\/abc-office.eu\/?page_id=226229"},"modified":"2025-10-20T12:35:38","modified_gmt":"2025-10-20T10:35:38","slug":"ceviri","status":"publish","type":"page","link":"https:\/\/abc-office.eu\/tr\/ceviri\/","title":{"rendered":"\u00c7eviri"},"content":{"rendered":"<h2 data-start=\"85\" data-end=\"97\"><strong data-start=\"85\" data-end=\"95\">\u00c7eviri<\/strong><\/h2>\n<p style=\"text-align: justify;\">Ajans\u0131m\u0131z ABC Translation, uzun y\u0131llard\u0131r \u00e7eviri ve terc\u00fcmanl\u0131k alan\u0131nda uzmanla\u015fm\u0131\u015ft\u0131r. \u0130ster yeminli (resm\u00ee) ister basit (serbest) \u00e7eviri, isterse s\u00f6zl\u00fc terc\u00fcme (simultane veya ard\u0131l) hizmetine ihtiyac\u0131n\u0131z olsun, t\u00fcm dil \u00e7\u00f6z\u00fcmlerini tek bir \u00e7at\u0131 alt\u0131nda sunuyoruz.<\/p>\n<p style=\"text-align: justify;\">800\u2019\u00fcn \u00fczerinde profesyonel \u00e7evirmen ve terc\u00fcmandan olu\u015fan ekibimizle her \u00f6l\u00e7ekteki projeyi k\u0131sa s\u00fcrede tamaml\u0131yoruz. <strong>Kalite<\/strong>, <strong>h\u0131z<\/strong> ve <strong>g\u00fcvenilirlik<\/strong>, m\u00fc\u015fterilerimizin beklentilerini kar\u015f\u0131layan hizmet anlay\u0131\u015f\u0131m\u0131z\u0131n temelini olu\u015fturur. Avrupa Birli\u011fi ve Birle\u015fik Krall\u0131k\u2019ta faaliyet g\u00f6steriyor; 60\u2019tan fazla dilde \u00e7eviri hizmeti sunuyoruz.<\/p>\n<h3><strong>Resm\u00ee (Yeminli) \u00c7eviri<\/strong><\/h3>\n<p style=\"text-align: justify;\">Resm\u00ee \u00e7eviri alan\u0131nda uzman\u0131z. AB \u00fclkelerine veya Birle\u015fik Krall\u0131k\u2019a ta\u015f\u0131n\u0131rken, \u00e7al\u0131\u015f\u0131rken ya da e\u011fitim g\u00f6r\u00fcrken belgelerinizin ge\u00e7erlili\u011fini sa\u011fl\u0131yoruz. \u00c7evirilerimiz noterimiz taraf\u0131ndan onaylanmakta, ard\u0131ndan <strong>apostil<\/strong> veya ilgili \u00fclke yasalar\u0131na uygun \u015fekilde <strong>tasdik<\/strong> edilmektedir.<\/p>\n<p style=\"text-align: justify;\">Teslim s\u00fcrelerimiz genellikle \u00e7ok k\u0131sad\u0131r: \u00f6rne\u011fin, 5 sayfadan az bir belge genellikle <strong>2 i\u015f g\u00fcn\u00fc<\/strong> i\u00e7inde \u00e7evrilip tasdik edilebilir. Gerekti\u011finde, hedef \u00fclkenin <strong>konsoloslu\u011fu<\/strong> taraf\u0131ndan da onay i\u015flemleri tamamlanabilir.<\/p>\n<p style=\"text-align: justify;\">Ayr\u0131ca, <strong>yabanc\u0131 diplomalar\u0131n\u0131z\u0131n Avrupa Birli\u011fi veya Birle\u015fik Krall\u0131k\u2019ta tan\u0131nmas\u0131<\/strong> i\u00e7in gerekli resm\u00ee \u00e7evirileri de sa\u011fl\u0131yoruz. Belgeleriniz noter onayl\u0131 olarak haz\u0131rlan\u0131r ve tan\u0131ma kurumlar\u0131 taraf\u0131ndan eksiksiz bi\u00e7imde kabul edilir.<\/p>\n<h3><strong>Hizmet Verdi\u011fimiz Diller<\/strong><\/h3>\n<p style=\"text-align: justify;\" data-start=\"1786\" data-end=\"2657\">Afrikaanca | Arnavut\u00e7a | Almanca | Amerikan \u0130ngilizcesi | Amharca | \u0130ngilizce | Arap\u00e7a | Ermenice | Aymara | Azerice | Bask\u00e7a | Bengalce | Beyaz Rus\u00e7a | Birmanca | Bo\u015fnak\u00e7a | Brezilya Portekizcesi | Bulgarca | Kantonca | Katalanca | Sinhala | \u00c7ince | Basitle\u015ftirilmi\u015f \u00c7ince | Geleneksel \u00c7ince | Korece | H\u0131rvat\u00e7a | Danca | Dari | \u0130spanyolca | Estonca | Ewe | Fars\u00e7a | Fince | G\u00fcrc\u00fcce | Yunanca | Guarani | \u0130branice | Hint\u00e7e | Macarca | Endonezce | \u0130talyanca | Japonca | Kazak\u00e7a | Khmerce | K\u0131rg\u0131zca | K\u00fcrt\u00e7e | Laoca | Letonca | Lingala | Litvanca | Makedonca | Malayca | Malayalam | Mandarin | Moldovaca | Mo\u011folca | Karada\u011fca | Hollandaca | Norve\u00e7\u00e7e | Urduca | \u00d6zbek\u00e7e | Pe\u015ftuca | Pencap\u00e7a | Fars\u00e7a | Fulfulde | Leh\u00e7e | Portekizce | Ke\u00e7uva | Rumence | Rus\u00e7a | S\u0131rp\u00e7a | Slovak\u00e7a | Slovence | \u0130sve\u00e7\u00e7e | Tamilce | \u00c7ek\u00e7e | Tayca | T\u00fcrk\u00e7e | T\u00fcrkmence | Ukraynaca | Vietnamca<\/p>\n<h3><strong>\u00c7evrilen Belge T\u00fcrleri<\/strong><\/h3>\n<p style=\"text-align: justify;\">Do\u011fum belgesi | Evlilik belgesi | N\u00fcfus kay\u0131t \u00f6rne\u011fi | Sab\u0131ka kayd\u0131 | Diploma | Sertifika | Pasaport | Ehliyet | S\u00f6zle\u015fme | Vekaletname | Bo\u015fanma karar\u0131 | Evlilik s\u00f6zle\u015fmesi | Vergi beyannamesi | Vasiyetname | Patent | Beyan | Vize belgeleri | Tutanak | Mahkeme karar\u0131 | Prosed\u00fcr belgeleri<\/p>\n<p style=\"text-align: justify;\" data-start=\"3007\" data-end=\"3067\">Ba\u015fka bir dil i\u00e7in bizimle ileti\u015fime ge\u00e7mekten \u00e7ekinmeyin.<\/p>\n<p data-start=\"3007\" data-end=\"3067\"><img loading=\"lazy\" decoding=\"async\" class=\"aligncenter wp-image-26 size-medium\" src=\"https:\/\/abc-office.ch\/wp-content\/uploads\/2018\/06\/imageedit_1_6241191614-300x300.gif\" alt=\"\u00c7eviri\" width=\"300\" height=\"300\" \/><\/p>\n","protected":false},"excerpt":{"rendered":"<p>\u00c7eviri Ajans\u0131m\u0131z ABC Translation, uzun y\u0131llard\u0131r \u00e7eviri ve terc\u00fcmanl\u0131k alan\u0131nda uzmanla\u015fm\u0131\u015ft\u0131r. \u0130ster yeminli (resm\u00ee) ister basit (serbest) \u00e7eviri, isterse s\u00f6zl\u00fc terc\u00fcme (simultane veya ard\u0131l) hizmetine ihtiyac\u0131n\u0131z olsun, t\u00fcm dil \u00e7\u00f6z\u00fcmlerini tek bir \u00e7at\u0131 alt\u0131nda sunuyoruz. 800\u2019\u00fcn \u00fczerinde profesyonel \u00e7evirmen ve terc\u00fcmandan olu\u015fan ekibimizle her \u00f6l\u00e7ekteki projeyi k\u0131sa s\u00fcrede tamaml\u0131yoruz. Kalite, h\u0131z ve g\u00fcvenilirlik, m\u00fc\u015fterilerimizin beklentilerini&#8230;<\/p>\n","protected":false},"author":1,"featured_media":226092,"parent":0,"menu_order":0,"comment_status":"closed","ping_status":"closed","template":"","meta":{"sfsi_plus_gutenberg_text_before_share":"","sfsi_plus_gutenberg_show_text_before_share":"","sfsi_plus_gutenberg_icon_type":"","sfsi_plus_gutenberg_icon_alignemt":"","sfsi_plus_gutenburg_max_per_row":"","footnotes":""},"class_list":["post-226229","page","type-page","status-publish","has-post-thumbnail","hentry"],"yoast_head":"<!-- This site is optimized with the Yoast SEO plugin v23.8 - https:\/\/yoast.com\/wordpress\/plugins\/seo\/ -->\n<title>\u00c7eviri l Resm\u00ee \u00e7eviri l Y\u00fcksek kaliteli profesyonel \u00e7eviri<\/title>\n<meta name=\"description\" content=\"\u0130dari i\u015flemleriniz i\u00e7in \u00e7eviri l Onayl\u0131 ve resm\u00ee \u00e7eviri l AB\u2019de ve yurtd\u0131\u015f\u0131ndaki t\u00fcm kurumlar taraf\u0131ndan tan\u0131n\u0131r\" \/>\n<meta name=\"robots\" content=\"index, follow, max-snippet:-1, max-image-preview:large, max-video-preview:-1\" \/>\n<link rel=\"canonical\" href=\"https:\/\/abc-office.eu\/tr\/ceviri\/\" \/>\n<meta property=\"og:locale\" content=\"tr_TR\" \/>\n<meta property=\"og:type\" content=\"article\" \/>\n<meta property=\"og:title\" content=\"\u00c7eviri l Resm\u00ee \u00e7eviri l Y\u00fcksek kaliteli profesyonel \u00e7eviri\" \/>\n<meta property=\"og:description\" content=\"\u0130dari i\u015flemleriniz i\u00e7in \u00e7eviri l Onayl\u0131 ve resm\u00ee \u00e7eviri l AB\u2019de ve yurtd\u0131\u015f\u0131ndaki t\u00fcm kurumlar taraf\u0131ndan tan\u0131n\u0131r\" \/>\n<meta property=\"og:url\" content=\"https:\/\/abc-office.eu\/tr\/ceviri\/\" \/>\n<meta property=\"og:site_name\" content=\"ABC Translation\" \/>\n<meta property=\"article:modified_time\" content=\"2025-10-20T10:35:38+00:00\" \/>\n<meta property=\"og:image\" content=\"https:\/\/abc-office.eu\/wp-content\/uploads\/2025\/10\/Traduction-1.jpg\" \/>\n\t<meta property=\"og:image:width\" content=\"650\" \/>\n\t<meta property=\"og:image:height\" content=\"400\" \/>\n\t<meta property=\"og:image:type\" content=\"image\/jpeg\" \/>\n<meta name=\"twitter:card\" content=\"summary_large_image\" \/>\n<meta name=\"twitter:label1\" content=\"Tahmini okuma s\u00fcresi\" \/>\n\t<meta name=\"twitter:data1\" content=\"3 dakika\" \/>\n<script type=\"application\/ld+json\" class=\"yoast-schema-graph\">{\"@context\":\"https:\/\/schema.org\",\"@graph\":[{\"@type\":\"WebPage\",\"@id\":\"https:\/\/abc-office.eu\/tr\/ceviri\/\",\"url\":\"https:\/\/abc-office.eu\/tr\/ceviri\/\",\"name\":\"\u00c7eviri l Resm\u00ee \u00e7eviri l Y\u00fcksek kaliteli profesyonel \u00e7eviri\",\"isPartOf\":{\"@id\":\"https:\/\/abc-office.eu\/tr\/#website\"},\"primaryImageOfPage\":{\"@id\":\"https:\/\/abc-office.eu\/tr\/ceviri\/#primaryimage\"},\"image\":{\"@id\":\"https:\/\/abc-office.eu\/tr\/ceviri\/#primaryimage\"},\"thumbnailUrl\":\"https:\/\/abc-office.eu\/wp-content\/uploads\/2025\/10\/Traduction-1.jpg\",\"datePublished\":\"2017-02-16T08:17:00+00:00\",\"dateModified\":\"2025-10-20T10:35:38+00:00\",\"description\":\"\u0130dari i\u015flemleriniz i\u00e7in \u00e7eviri l Onayl\u0131 ve resm\u00ee \u00e7eviri l AB\u2019de ve yurtd\u0131\u015f\u0131ndaki t\u00fcm kurumlar taraf\u0131ndan tan\u0131n\u0131r\",\"breadcrumb\":{\"@id\":\"https:\/\/abc-office.eu\/tr\/ceviri\/#breadcrumb\"},\"inLanguage\":\"tr\",\"potentialAction\":[{\"@type\":\"ReadAction\",\"target\":[\"https:\/\/abc-office.eu\/tr\/ceviri\/\"]}]},{\"@type\":\"ImageObject\",\"inLanguage\":\"tr\",\"@id\":\"https:\/\/abc-office.eu\/tr\/ceviri\/#primaryimage\",\"url\":\"https:\/\/abc-office.eu\/wp-content\/uploads\/2025\/10\/Traduction-1.jpg\",\"contentUrl\":\"https:\/\/abc-office.eu\/wp-content\/uploads\/2025\/10\/Traduction-1.jpg\",\"width\":650,\"height\":400},{\"@type\":\"BreadcrumbList\",\"@id\":\"https:\/\/abc-office.eu\/tr\/ceviri\/#breadcrumb\",\"itemListElement\":[{\"@type\":\"ListItem\",\"position\":1,\"name\":\"Accueil\",\"item\":\"https:\/\/abc-office.eu\/tr\/\"},{\"@type\":\"ListItem\",\"position\":2,\"name\":\"\u00c7eviri\"}]},{\"@type\":\"WebSite\",\"@id\":\"https:\/\/abc-office.eu\/tr\/#website\",\"url\":\"https:\/\/abc-office.eu\/tr\/\",\"name\":\"ABC Translation\",\"description\":\"info@abc-office.eu\",\"potentialAction\":[{\"@type\":\"SearchAction\",\"target\":{\"@type\":\"EntryPoint\",\"urlTemplate\":\"https:\/\/abc-office.eu\/tr\/?s={search_term_string}\"},\"query-input\":{\"@type\":\"PropertyValueSpecification\",\"valueRequired\":true,\"valueName\":\"search_term_string\"}}],\"inLanguage\":\"tr\"}]}<\/script>\n<!-- \/ Yoast SEO plugin. -->","yoast_head_json":{"title":"\u00c7eviri l Resm\u00ee \u00e7eviri l Y\u00fcksek kaliteli profesyonel \u00e7eviri","description":"\u0130dari i\u015flemleriniz i\u00e7in \u00e7eviri l Onayl\u0131 ve resm\u00ee \u00e7eviri l AB\u2019de ve yurtd\u0131\u015f\u0131ndaki t\u00fcm kurumlar taraf\u0131ndan tan\u0131n\u0131r","robots":{"index":"index","follow":"follow","max-snippet":"max-snippet:-1","max-image-preview":"max-image-preview:large","max-video-preview":"max-video-preview:-1"},"canonical":"https:\/\/abc-office.eu\/tr\/ceviri\/","og_locale":"tr_TR","og_type":"article","og_title":"\u00c7eviri l Resm\u00ee \u00e7eviri l Y\u00fcksek kaliteli profesyonel \u00e7eviri","og_description":"\u0130dari i\u015flemleriniz i\u00e7in \u00e7eviri l Onayl\u0131 ve resm\u00ee \u00e7eviri l AB\u2019de ve yurtd\u0131\u015f\u0131ndaki t\u00fcm kurumlar taraf\u0131ndan tan\u0131n\u0131r","og_url":"https:\/\/abc-office.eu\/tr\/ceviri\/","og_site_name":"ABC Translation","article_modified_time":"2025-10-20T10:35:38+00:00","og_image":[{"width":650,"height":400,"url":"https:\/\/abc-office.eu\/wp-content\/uploads\/2025\/10\/Traduction-1.jpg","type":"image\/jpeg"}],"twitter_card":"summary_large_image","twitter_misc":{"Tahmini okuma s\u00fcresi":"3 dakika"},"schema":{"@context":"https:\/\/schema.org","@graph":[{"@type":"WebPage","@id":"https:\/\/abc-office.eu\/tr\/ceviri\/","url":"https:\/\/abc-office.eu\/tr\/ceviri\/","name":"\u00c7eviri l Resm\u00ee \u00e7eviri l Y\u00fcksek kaliteli profesyonel \u00e7eviri","isPartOf":{"@id":"https:\/\/abc-office.eu\/tr\/#website"},"primaryImageOfPage":{"@id":"https:\/\/abc-office.eu\/tr\/ceviri\/#primaryimage"},"image":{"@id":"https:\/\/abc-office.eu\/tr\/ceviri\/#primaryimage"},"thumbnailUrl":"https:\/\/abc-office.eu\/wp-content\/uploads\/2025\/10\/Traduction-1.jpg","datePublished":"2017-02-16T08:17:00+00:00","dateModified":"2025-10-20T10:35:38+00:00","description":"\u0130dari i\u015flemleriniz i\u00e7in \u00e7eviri l Onayl\u0131 ve resm\u00ee \u00e7eviri l AB\u2019de ve yurtd\u0131\u015f\u0131ndaki t\u00fcm kurumlar taraf\u0131ndan tan\u0131n\u0131r","breadcrumb":{"@id":"https:\/\/abc-office.eu\/tr\/ceviri\/#breadcrumb"},"inLanguage":"tr","potentialAction":[{"@type":"ReadAction","target":["https:\/\/abc-office.eu\/tr\/ceviri\/"]}]},{"@type":"ImageObject","inLanguage":"tr","@id":"https:\/\/abc-office.eu\/tr\/ceviri\/#primaryimage","url":"https:\/\/abc-office.eu\/wp-content\/uploads\/2025\/10\/Traduction-1.jpg","contentUrl":"https:\/\/abc-office.eu\/wp-content\/uploads\/2025\/10\/Traduction-1.jpg","width":650,"height":400},{"@type":"BreadcrumbList","@id":"https:\/\/abc-office.eu\/tr\/ceviri\/#breadcrumb","itemListElement":[{"@type":"ListItem","position":1,"name":"Accueil","item":"https:\/\/abc-office.eu\/tr\/"},{"@type":"ListItem","position":2,"name":"\u00c7eviri"}]},{"@type":"WebSite","@id":"https:\/\/abc-office.eu\/tr\/#website","url":"https:\/\/abc-office.eu\/tr\/","name":"ABC Translation","description":"info@abc-office.eu","potentialAction":[{"@type":"SearchAction","target":{"@type":"EntryPoint","urlTemplate":"https:\/\/abc-office.eu\/tr\/?s={search_term_string}"},"query-input":{"@type":"PropertyValueSpecification","valueRequired":true,"valueName":"search_term_string"}}],"inLanguage":"tr"}]}},"_links":{"self":[{"href":"https:\/\/abc-office.eu\/tr\/wp-json\/wp\/v2\/pages\/226229","targetHints":{"allow":["GET"]}}],"collection":[{"href":"https:\/\/abc-office.eu\/tr\/wp-json\/wp\/v2\/pages"}],"about":[{"href":"https:\/\/abc-office.eu\/tr\/wp-json\/wp\/v2\/types\/page"}],"author":[{"embeddable":true,"href":"https:\/\/abc-office.eu\/tr\/wp-json\/wp\/v2\/users\/1"}],"replies":[{"embeddable":true,"href":"https:\/\/abc-office.eu\/tr\/wp-json\/wp\/v2\/comments?post=226229"}],"version-history":[{"count":3,"href":"https:\/\/abc-office.eu\/tr\/wp-json\/wp\/v2\/pages\/226229\/revisions"}],"predecessor-version":[{"id":229340,"href":"https:\/\/abc-office.eu\/tr\/wp-json\/wp\/v2\/pages\/226229\/revisions\/229340"}],"wp:featuredmedia":[{"embeddable":true,"href":"https:\/\/abc-office.eu\/tr\/wp-json\/wp\/v2\/media\/226092"}],"wp:attachment":[{"href":"https:\/\/abc-office.eu\/tr\/wp-json\/wp\/v2\/media?parent=226229"}],"curies":[{"name":"wp","href":"https:\/\/api.w.org\/{rel}","templated":true}]}}