{"id":226224,"date":"2017-02-16T09:13:19","date_gmt":"2017-02-16T08:13:19","guid":{"rendered":"https:\/\/abc-office.eu\/?page_id=226224"},"modified":"2025-10-20T11:18:39","modified_gmt":"2025-10-20T09:18:39","slug":"ana-sayfa","status":"publish","type":"page","link":"https:\/\/abc-office.eu\/tr\/","title":{"rendered":"Ana Sayfa"},"content":{"rendered":"<h2 data-start=\"95\" data-end=\"116\"><strong data-start=\"95\" data-end=\"114\">ABC Translation<\/strong><\/h2>\n<p style=\"text-align: justify;\" data-start=\"118\" data-end=\"542\">ABC Translation; \u00e7eviri, tasdik, emlak ve hukuk alanlar\u0131nda uzmanla\u015fm\u0131\u015ft\u0131r. D\u00fcnya genelinde 500\u2019\u00fcn \u00fczerinde \u00e7al\u0131\u015fan\u0131m\u0131zla, bu uzmanl\u0131k alanlar\u0131nda lider konumday\u0131z ve geni\u015f ekibimiz sayesinde h\u0131zl\u0131 hareket edebilmekteyiz. 55 farkl\u0131 milletten temsilcimiz ve 85\u2019ten fazla \u00fclkede ba\u011flant\u0131lar\u0131m\u0131z bulunmaktad\u0131r. K\u00fcreselle\u015fmenin getirdi\u011fi f\u0131rsatlar\u0131 de\u011ferlendirerek, giderek daha talepk\u00e2r bir m\u00fc\u015fteri profiliyle \u00e7al\u0131\u015fmaktay\u0131z.<\/p>\n<h3 data-start=\"544\" data-end=\"577\"><strong data-start=\"544\" data-end=\"575\">Rakamlarla ABC Translation:<\/strong><\/h3>\n<ul>\n<li>D\u00fcnya genelinde 500 \u00e7al\u0131\u015fan<\/li>\n<li>60 farkl\u0131 dilde hizmet<\/li>\n<li>Y\u0131lda 4 000\u2019den fazla proje<\/li>\n<li>10 y\u0131l\u0131 a\u015fk\u0131n sekt\u00f6r deneyimi<\/li>\n<li>1 000\u2019den fazla d\u00fczenli kurumsal m\u00fc\u015fteri<\/li>\n<li>Her y\u0131l 2 000\u2019den fazla bireysel m\u00fc\u015fteri<\/li>\n<\/ul>\n<p style=\"text-align: justify;\">Belgelerinizin m\u00fcmk\u00fcn olan en k\u0131sa s\u00fcrede tasdik edilebilmesi i\u00e7in \u00e7ok say\u0131da noter ofisiyle i\u015f birli\u011fi i\u00e7erisindeyiz. Yurtd\u0131\u015f\u0131na gidecek belgeler i\u00e7in el\u00e7ilikler, konsolosluklarla ve \u015fans\u00f6lyeliklerle \u00e7al\u0131\u015f\u0131yoruz. Bu farkl\u0131 kurumlarla olan ba\u011flant\u0131lar\u0131m\u0131z sayesinde belgelerinizi rekor s\u00fcrede \u00e7evirip tasdik edebilme kapasitesine sahibiz. Ayr\u0131ca, \u00e7evreye duyarl\u0131 bisikletli kuryelerimiz belgelerinizi ilgili ofislere ula\u015ft\u0131rmaktad\u0131r. Avrupa i\u00e7i g\u00f6nderimler i\u00e7in Avrupa posta hizmetlerini, d\u00fcnya genelinde ise DHL\u2019i tercih ediyoruz.<\/p>\n<p style=\"text-align: justify;\" data-start=\"1312\" data-end=\"1852\">Hizmetimizin kalitesi ve h\u0131z\u0131, y\u0131llar boyunca fark\u0131m\u0131z\u0131 ortaya koydu. Bu alandaki ba\u015far\u0131 i\u00e7in en \u00f6nemli unsurun h\u0131zl\u0131 hareket kabiliyeti oldu\u011funa inan\u0131yoruz. M\u00fc\u015fteri taleplerine daha h\u0131zl\u0131 yan\u0131t verebilmek i\u00e7in alt yap\u0131m\u0131z\u0131 bu do\u011frultuda kurduk. Bize telefon ve e-posta yoluyla ula\u015fabilirsiniz. Sayfam\u0131z\u0131n sa\u011f taraf\u0131nda bulunan ileti\u015fim formu \u00f6zellikle belgelerin g\u00f6nderimi i\u00e7in uygundur. Dosyalar\u0131n\u0131z\u0131 ald\u0131ktan sonra genellikle 10 \u2013 20 dakika i\u00e7inde teklif sunmaktay\u0131z. Teklifimiz, projenin toplam fiyat\u0131n\u0131 ve teslim s\u00fcresini i\u00e7ermektedir.<\/p>\n<p style=\"text-align: justify;\" data-start=\"1312\" data-end=\"1852\">T\u00fcm ekibimiz her zaman hizmetinizdedir ve sizinle \u00e7al\u0131\u015fmay\u0131 sab\u0131rs\u0131zl\u0131kla bekliyoruz.<\/p>\n<p data-start=\"1854\" data-end=\"1942\"><img loading=\"lazy\" decoding=\"async\" class=\"aligncenter wp-image-298\" src=\"https:\/\/abc-office.ch\/wp-content\/uploads\/2020\/03\/bim91-1024x682.jpg\" alt=\"ABC Translation\" width=\"640\" height=\"426\" \/><\/p>\n","protected":false},"excerpt":{"rendered":"<p>ABC Translation ABC Translation; \u00e7eviri, tasdik, emlak ve hukuk alanlar\u0131nda uzmanla\u015fm\u0131\u015ft\u0131r. D\u00fcnya genelinde 500\u2019\u00fcn \u00fczerinde \u00e7al\u0131\u015fan\u0131m\u0131zla, bu uzmanl\u0131k alanlar\u0131nda lider konumday\u0131z ve geni\u015f ekibimiz sayesinde h\u0131zl\u0131 hareket edebilmekteyiz. 55 farkl\u0131 milletten temsilcimiz ve 85\u2019ten fazla \u00fclkede ba\u011flant\u0131lar\u0131m\u0131z bulunmaktad\u0131r. K\u00fcreselle\u015fmenin getirdi\u011fi f\u0131rsatlar\u0131 de\u011ferlendirerek, giderek daha talepk\u00e2r bir m\u00fc\u015fteri profiliyle \u00e7al\u0131\u015fmaktay\u0131z. Rakamlarla ABC Translation: D\u00fcnya genelinde 500&#8230;<\/p>\n","protected":false},"author":1,"featured_media":226078,"parent":0,"menu_order":0,"comment_status":"closed","ping_status":"closed","template":"","meta":{"sfsi_plus_gutenberg_text_before_share":"","sfsi_plus_gutenberg_show_text_before_share":"","sfsi_plus_gutenberg_icon_type":"","sfsi_plus_gutenberg_icon_alignemt":"","sfsi_plus_gutenburg_max_per_row":"","footnotes":""},"class_list":["post-226224","page","type-page","status-publish","has-post-thumbnail","hentry"],"yoast_head":"<!-- This site is optimized with the Yoast SEO plugin v23.8 - https:\/\/yoast.com\/wordpress\/plugins\/seo\/ -->\n<title>ABC Translation l \u00c7eviri l Noter Tasdiki l Emlak Hizmetleri l Yurt D\u0131\u015f\u0131<\/title>\n<meta name=\"description\" content=\"ABC Translation l Noter Tasdiki l Emlak Hizmetleri l Yurt D\u0131\u015f\u0131 Hizmetleri l Terc\u00fcme l Noter l Hukuk B\u00fcrosu l Ki\u015fi Ta\u015f\u0131nmas\u0131 l \u015eirket l \u00c7eviri\" \/>\n<meta name=\"robots\" content=\"index, follow, max-snippet:-1, max-image-preview:large, max-video-preview:-1\" \/>\n<link rel=\"canonical\" href=\"https:\/\/abc-office.eu\/tr\/\" \/>\n<meta property=\"og:locale\" content=\"tr_TR\" \/>\n<meta property=\"og:type\" content=\"article\" \/>\n<meta property=\"og:title\" content=\"ABC Translation l \u00c7eviri l Noter Tasdiki l Emlak Hizmetleri l Yurt D\u0131\u015f\u0131\" \/>\n<meta property=\"og:description\" content=\"ABC Translation l Noter Tasdiki l Emlak Hizmetleri l Yurt D\u0131\u015f\u0131 Hizmetleri l Terc\u00fcme l Noter l Hukuk B\u00fcrosu l Ki\u015fi Ta\u015f\u0131nmas\u0131 l \u015eirket l \u00c7eviri\" \/>\n<meta property=\"og:url\" content=\"https:\/\/abc-office.eu\/tr\/\" \/>\n<meta property=\"og:site_name\" content=\"ABC Translation\" \/>\n<meta property=\"article:modified_time\" content=\"2025-10-20T09:18:39+00:00\" \/>\n<meta property=\"og:image\" content=\"https:\/\/abc-office.eu\/wp-content\/uploads\/2025\/10\/6190976a-768x433-2.jpg\" \/>\n\t<meta property=\"og:image:width\" content=\"768\" \/>\n\t<meta property=\"og:image:height\" content=\"433\" \/>\n\t<meta property=\"og:image:type\" content=\"image\/jpeg\" \/>\n<meta name=\"twitter:card\" content=\"summary_large_image\" \/>\n<meta name=\"twitter:label1\" content=\"Tahmini okuma s\u00fcresi\" \/>\n\t<meta name=\"twitter:data1\" content=\"2 dakika\" \/>\n<script type=\"application\/ld+json\" class=\"yoast-schema-graph\">{\"@context\":\"https:\/\/schema.org\",\"@graph\":[{\"@type\":\"WebPage\",\"@id\":\"https:\/\/abc-office.eu\/tr\/\",\"url\":\"https:\/\/abc-office.eu\/tr\/\",\"name\":\"ABC Translation l \u00c7eviri l Noter Tasdiki l Emlak Hizmetleri l Yurt D\u0131\u015f\u0131\",\"isPartOf\":{\"@id\":\"https:\/\/abc-office.eu\/tr\/#website\"},\"primaryImageOfPage\":{\"@id\":\"https:\/\/abc-office.eu\/tr\/#primaryimage\"},\"image\":{\"@id\":\"https:\/\/abc-office.eu\/tr\/#primaryimage\"},\"thumbnailUrl\":\"https:\/\/abc-office.eu\/wp-content\/uploads\/2025\/10\/6190976a-768x433-2.jpg\",\"datePublished\":\"2017-02-16T08:13:19+00:00\",\"dateModified\":\"2025-10-20T09:18:39+00:00\",\"description\":\"ABC Translation l Noter Tasdiki l Emlak Hizmetleri l Yurt D\u0131\u015f\u0131 Hizmetleri l Terc\u00fcme l Noter l Hukuk B\u00fcrosu l Ki\u015fi Ta\u015f\u0131nmas\u0131 l \u015eirket l \u00c7eviri\",\"breadcrumb\":{\"@id\":\"https:\/\/abc-office.eu\/tr\/#breadcrumb\"},\"inLanguage\":\"tr\",\"potentialAction\":[{\"@type\":\"ReadAction\",\"target\":[\"https:\/\/abc-office.eu\/tr\/\"]}]},{\"@type\":\"ImageObject\",\"inLanguage\":\"tr\",\"@id\":\"https:\/\/abc-office.eu\/tr\/#primaryimage\",\"url\":\"https:\/\/abc-office.eu\/wp-content\/uploads\/2025\/10\/6190976a-768x433-2.jpg\",\"contentUrl\":\"https:\/\/abc-office.eu\/wp-content\/uploads\/2025\/10\/6190976a-768x433-2.jpg\",\"width\":768,\"height\":433},{\"@type\":\"BreadcrumbList\",\"@id\":\"https:\/\/abc-office.eu\/tr\/#breadcrumb\",\"itemListElement\":[{\"@type\":\"ListItem\",\"position\":1,\"name\":\"Accueil\",\"item\":\"https:\/\/abc-office.eu\/tr\/\"},{\"@type\":\"ListItem\",\"position\":2,\"name\":\"Ana Sayfa\"}]},{\"@type\":\"WebSite\",\"@id\":\"https:\/\/abc-office.eu\/tr\/#website\",\"url\":\"https:\/\/abc-office.eu\/tr\/\",\"name\":\"ABC Translation\",\"description\":\"info@abc-office.eu\",\"potentialAction\":[{\"@type\":\"SearchAction\",\"target\":{\"@type\":\"EntryPoint\",\"urlTemplate\":\"https:\/\/abc-office.eu\/tr\/?s={search_term_string}\"},\"query-input\":{\"@type\":\"PropertyValueSpecification\",\"valueRequired\":true,\"valueName\":\"search_term_string\"}}],\"inLanguage\":\"tr\"}]}<\/script>\n<!-- \/ Yoast SEO plugin. -->","yoast_head_json":{"title":"ABC Translation l \u00c7eviri l Noter Tasdiki l Emlak Hizmetleri l Yurt D\u0131\u015f\u0131","description":"ABC Translation l Noter Tasdiki l Emlak Hizmetleri l Yurt D\u0131\u015f\u0131 Hizmetleri l Terc\u00fcme l Noter l Hukuk B\u00fcrosu l Ki\u015fi Ta\u015f\u0131nmas\u0131 l \u015eirket l \u00c7eviri","robots":{"index":"index","follow":"follow","max-snippet":"max-snippet:-1","max-image-preview":"max-image-preview:large","max-video-preview":"max-video-preview:-1"},"canonical":"https:\/\/abc-office.eu\/tr\/","og_locale":"tr_TR","og_type":"article","og_title":"ABC Translation l \u00c7eviri l Noter Tasdiki l Emlak Hizmetleri l Yurt D\u0131\u015f\u0131","og_description":"ABC Translation l Noter Tasdiki l Emlak Hizmetleri l Yurt D\u0131\u015f\u0131 Hizmetleri l Terc\u00fcme l Noter l Hukuk B\u00fcrosu l Ki\u015fi Ta\u015f\u0131nmas\u0131 l \u015eirket l \u00c7eviri","og_url":"https:\/\/abc-office.eu\/tr\/","og_site_name":"ABC Translation","article_modified_time":"2025-10-20T09:18:39+00:00","og_image":[{"width":768,"height":433,"url":"https:\/\/abc-office.eu\/wp-content\/uploads\/2025\/10\/6190976a-768x433-2.jpg","type":"image\/jpeg"}],"twitter_card":"summary_large_image","twitter_misc":{"Tahmini okuma s\u00fcresi":"2 dakika"},"schema":{"@context":"https:\/\/schema.org","@graph":[{"@type":"WebPage","@id":"https:\/\/abc-office.eu\/tr\/","url":"https:\/\/abc-office.eu\/tr\/","name":"ABC Translation l \u00c7eviri l Noter Tasdiki l Emlak Hizmetleri l Yurt D\u0131\u015f\u0131","isPartOf":{"@id":"https:\/\/abc-office.eu\/tr\/#website"},"primaryImageOfPage":{"@id":"https:\/\/abc-office.eu\/tr\/#primaryimage"},"image":{"@id":"https:\/\/abc-office.eu\/tr\/#primaryimage"},"thumbnailUrl":"https:\/\/abc-office.eu\/wp-content\/uploads\/2025\/10\/6190976a-768x433-2.jpg","datePublished":"2017-02-16T08:13:19+00:00","dateModified":"2025-10-20T09:18:39+00:00","description":"ABC Translation l Noter Tasdiki l Emlak Hizmetleri l Yurt D\u0131\u015f\u0131 Hizmetleri l Terc\u00fcme l Noter l Hukuk B\u00fcrosu l Ki\u015fi Ta\u015f\u0131nmas\u0131 l \u015eirket l \u00c7eviri","breadcrumb":{"@id":"https:\/\/abc-office.eu\/tr\/#breadcrumb"},"inLanguage":"tr","potentialAction":[{"@type":"ReadAction","target":["https:\/\/abc-office.eu\/tr\/"]}]},{"@type":"ImageObject","inLanguage":"tr","@id":"https:\/\/abc-office.eu\/tr\/#primaryimage","url":"https:\/\/abc-office.eu\/wp-content\/uploads\/2025\/10\/6190976a-768x433-2.jpg","contentUrl":"https:\/\/abc-office.eu\/wp-content\/uploads\/2025\/10\/6190976a-768x433-2.jpg","width":768,"height":433},{"@type":"BreadcrumbList","@id":"https:\/\/abc-office.eu\/tr\/#breadcrumb","itemListElement":[{"@type":"ListItem","position":1,"name":"Accueil","item":"https:\/\/abc-office.eu\/tr\/"},{"@type":"ListItem","position":2,"name":"Ana Sayfa"}]},{"@type":"WebSite","@id":"https:\/\/abc-office.eu\/tr\/#website","url":"https:\/\/abc-office.eu\/tr\/","name":"ABC Translation","description":"info@abc-office.eu","potentialAction":[{"@type":"SearchAction","target":{"@type":"EntryPoint","urlTemplate":"https:\/\/abc-office.eu\/tr\/?s={search_term_string}"},"query-input":{"@type":"PropertyValueSpecification","valueRequired":true,"valueName":"search_term_string"}}],"inLanguage":"tr"}]}},"_links":{"self":[{"href":"https:\/\/abc-office.eu\/tr\/wp-json\/wp\/v2\/pages\/226224","targetHints":{"allow":["GET"]}}],"collection":[{"href":"https:\/\/abc-office.eu\/tr\/wp-json\/wp\/v2\/pages"}],"about":[{"href":"https:\/\/abc-office.eu\/tr\/wp-json\/wp\/v2\/types\/page"}],"author":[{"embeddable":true,"href":"https:\/\/abc-office.eu\/tr\/wp-json\/wp\/v2\/users\/1"}],"replies":[{"embeddable":true,"href":"https:\/\/abc-office.eu\/tr\/wp-json\/wp\/v2\/comments?post=226224"}],"version-history":[{"count":3,"href":"https:\/\/abc-office.eu\/tr\/wp-json\/wp\/v2\/pages\/226224\/revisions"}],"predecessor-version":[{"id":229331,"href":"https:\/\/abc-office.eu\/tr\/wp-json\/wp\/v2\/pages\/226224\/revisions\/229331"}],"wp:featuredmedia":[{"embeddable":true,"href":"https:\/\/abc-office.eu\/tr\/wp-json\/wp\/v2\/media\/226078"}],"wp:attachment":[{"href":"https:\/\/abc-office.eu\/tr\/wp-json\/wp\/v2\/media?parent=226224"}],"curies":[{"name":"wp","href":"https:\/\/api.w.org\/{rel}","templated":true}]}}