{"id":227390,"date":"2024-07-24T15:08:57","date_gmt":"2024-07-24T13:08:57","guid":{"rendered":"https:\/\/abc-office.eu\/?page_id=227390"},"modified":"2025-10-22T10:54:38","modified_gmt":"2025-10-22T08:54:38","slug":"auktoriserad-oversattning-stockholm","status":"publish","type":"page","link":"https:\/\/abc-office.eu\/sv\/sverige\/auktoriserad-oversattning-sverige\/auktoriserad-oversattning-stockholm\/","title":{"rendered":"Auktoriserad \u00f6vers\u00e4ttning Stockholm"},"content":{"rendered":"<h2 data-start=\"101\" data-end=\"142\"><strong data-start=\"101\" data-end=\"140\">Auktoriserad \u00f6vers\u00e4ttning Stockholm<\/strong><\/h2>\n<p style=\"text-align: justify;\" data-start=\"144\" data-end=\"481\">V\u00e5r \u00f6vers\u00e4ttningsbyr\u00e5 \u00e4r specialiserad p\u00e5 auktoriserade och bestyrkta \u00f6vers\u00e4ttningar p\u00e5 mer \u00e4n 80 spr\u00e5k. V\u00e5rt team baserat i Stockholm kan snabbt behandla din f\u00f6rfr\u00e5gan. Vi beh\u00f6ver endast f\u00e5 en kopia av de dokument som ska \u00f6vers\u00e4ttas (alla format accepteras). Originaldokumenten kr\u00e4vs inte l\u00e4ngre (auktoriserad \u00f6vers\u00e4ttning Stockholm).<\/p>\n<ol>\n<li>F\u00f6r det f\u00f6rsta, anv\u00e4nd g\u00e4rna v\u00e5r e-postadress (<a href=\"mailto:info@abc-office.eu\">info@abc-office.eu<\/a>), kontaktformul\u00e4ret eller v\u00e5r WhatsApp-l\u00e4nk.<\/li>\n<li>F\u00f6r det andra, ange vilket spr\u00e5k du vill f\u00e5 \u00f6vers\u00e4ttningen till och om du beh\u00f6ver att \u00f6vers\u00e4ttningen legaliserad av notarius publicus och\/eller f\u00f6rsedd med apostille (Kansliet).<\/li>\n<li>F\u00f6r det tredje, kommer en av v\u00e5ra projektledare snabbt att skicka dig en offert med pris och leveranstid f\u00f6r projektet. Vi svarar vanligtvis inom 30 minuter. Skulle du inte f\u00e5 svar inom en timme, v\u00e4nligen ring oss.<\/li>\n<li>F\u00f6r det fj\u00e4rde och viktigaste, n\u00e4r offerten \u00e4r accepterad p\u00e5b\u00f6rjar vi \u00f6vers\u00e4ttningsprocessen och skickar de auktoriserade \u00f6vers\u00e4ttningarna med post. Om du \u00e4ven beh\u00f6ver en kopia av \u00f6vers\u00e4ttningen via e-post, v\u00e4nligen meddela projektledaren s\u00e5 skickar vi den innan originalet postas.<\/li>\n<\/ol>\n<p style=\"text-align: justify;\" data-start=\"1277\" data-end=\"1552\">N\u00e4r det g\u00e4ller leveranstid skickas de auktoriserade \u00f6vers\u00e4ttningarna med post eller DHL och\/eller via e-post inom 2\u20133 arbetsdagar. Detta beror dock \u00e4ven p\u00e5 dokumentens omfattning och sv\u00e5righetsgrad. Till exempel b\u00f6r du f\u00e5 ett en-sidigt dokument inom 2 arbetsdagar med post.<\/p>\n<h3 data-start=\"1554\" data-end=\"1597\"><strong data-start=\"1554\" data-end=\"1595\">H\u00e4r \u00e4r en lista \u00f6ver v\u00e5ra huvudspr\u00e5k:<\/strong><\/h3>\n<p style=\"text-align: justify;\" data-start=\"1599\" data-end=\"2547\">Afrikaans | Albanska | Tyska | Amerikansk engelska | Amhariska | Engelska | Arabiska | Armeniska | Aymara | Azerbajdzjanska | Baskiska | Bengali | Vitryska | Burmesiska | Bosniska | Brasiliansk portugisiska | Bulgariska | Kantonesiska | Katalanska | Singalesiska | Kinesiska | F\u00f6renklad kinesiska | Traditionell kinesiska | Koreanska | Kroatiska | Danska | Dari | Spanska | Estniska | Ewe | Farsi | Finska | Georgiska | Grekiska | Guarani | Hebreiska | Hindi | Ungerska | Indonesiska | Italienska | Japanska | Kazakiska | Khmer | Kirgiziska | Kurdiska | Lao | Lettiska | Lingala | Litauiska | Makedonska | Malajiska | Malayalam | Mandarin | Moldaviska | Mongoliska | Montenegrinska | Nederl\u00e4ndska | Norska | Urdu | Uzbekiska | Pashto | Punjabi | Persiska | Fula | Polska | Portugisiska | Quechua | Rum\u00e4nska | Ryska | Serbiska | Slovakiska | Slovenska | Svenska | Tamil | Tjeckiska | Thail\u00e4ndska | Turkiska | Turkmenska | Ukrainska | Vietnamesiska<\/p>\n<h3 data-start=\"2549\" data-end=\"2601\"><strong data-start=\"2549\" data-end=\"2599\">H\u00e4r \u00e4r en icke-utt\u00f6mmande lista \u00f6ver dokument:<\/strong><\/h3>\n<p style=\"text-align: justify;\" data-start=\"2603\" data-end=\"2937\">F\u00f6delseattest | Vigselbevis | Civilst\u00e5ndsintyg | Intyg | Patent | Utdrag ur brottsregistret | Certifikat | Intyg om ogift | D\u00f6dsattest | Familjebevis | Arbetsintyg | Skattedeklaration | Examensbevis | Pass | K\u00f6rkort | Testamente | Visum | Avtal | \u00c4ktenskapsskillnadsavtal | \u00c4ktenskapsf\u00f6rord | Dom | F\u00f6rfarande | Fullmakt | Protokoll<\/p>\n<h3 data-start=\"2939\" data-end=\"3030\"><strong data-start=\"2939\" data-end=\"3028\">Vanliga typer av certifieringar\/legaliseringar (auktoriserad \u00f6vers\u00e4ttning Stockholm):<\/strong><\/h3>\n<ul>\n<li style=\"text-align: justify;\" data-start=\"3033\" data-end=\"3132\"><strong data-start=\"3033\" data-end=\"3063\">Auktoriserad \u00f6vers\u00e4ttning:<\/strong> vi tillhandah\u00e5ller \u00f6vers\u00e4ttningen med v\u00e5r st\u00e4mpel och underskrift.<\/li>\n<li style=\"text-align: justify;\" data-start=\"3183\" data-end=\"3282\"><strong>Auktoriserad \u00f6vers\u00e4ttning:<\/strong> I Sverige kan endast auktoriserade translatorer, godk\u00e4nda av Kammarkollegiet, utf\u00f6ra juridiskt giltiga \u00f6vers\u00e4ttningar. Dessa \u00f6vers\u00e4ttningar f\u00f6rses med st\u00e4mpel och underskrift och accepteras av myndigheter b\u00e5de i Sverige och utomlands. Vid behov kan \u00f6vers\u00e4ttningen \u00e4ven legaliseras av notarius publicus eller f\u00f6rses med apostille f\u00f6r internationellt bruk.<\/li>\n<li style=\"text-align: justify;\" data-start=\"3135\" data-end=\"3241\"><strong data-start=\"3135\" data-end=\"3164\">Legaliserad \u00f6vers\u00e4ttning:<\/strong> notarius publicus legaliserar \u00f6vers\u00e4ttarens underskrift p\u00e5 \u00f6vers\u00e4ttningen.<\/li>\n<li style=\"text-align: justify;\" data-start=\"3244\" data-end=\"3321\"><strong data-start=\"3244\" data-end=\"3275\">\u00d6vers\u00e4ttning med apostille:<\/strong> kansliet legaliserar notariens underskrift.<\/li>\n<li style=\"text-align: justify;\" data-start=\"3474\" data-end=\"3613\"><strong data-start=\"3474\" data-end=\"3530\">\u00d6vers\u00e4ttning legaliserad av ambassad eller konsulat:<\/strong> ambassaden eller konsulatet legaliserar \u00f6vers\u00e4ttningen f\u00f6r anv\u00e4ndning utomlands.<\/li>\n<\/ul>\n<p style=\"text-align: justify;\" data-start=\"3323\" data-end=\"3622\">Som ett resultat och tack vare r\u00e4tt certifiering kommer \u00f6vers\u00e4ttningarna att accepteras i Sverige och utomlands. Om du har fr\u00e5gor om vilken typ av certifiering som kr\u00e4vs f\u00f6r dina dokument, tveka inte att kontakta v\u00e5rt team. Vi guidar dig genom hela processen (auktoriserad \u00f6vers\u00e4ttning Stockholm).<\/p>\n<p style=\"text-align: justify;\" data-start=\"3624\" data-end=\"3665\">Vi ser fram emot att samarbeta med dig.<\/p>\n<p style=\"text-align: justify;\" data-start=\"3667\" data-end=\"3691\"><a href=\"https:\/\/abc-office.eu\/sv\/\"><strong data-start=\"3667\" data-end=\"3689\">ABC Translation AB<\/strong><\/a><\/p>\n<p data-start=\"3667\" data-end=\"3691\"><img loading=\"lazy\" decoding=\"async\" class=\"aligncenter wp-image-271\" src=\"https:\/\/abc-office.ch\/wp-content\/uploads\/2018\/06\/imageedit_1_6241191614.gif\" alt=\"Auktoriserad \u00f6vers\u00e4ttning Stockholm\" width=\"437\" height=\"437\" \/><\/p>\n","protected":false},"excerpt":{"rendered":"<p>Auktoriserad \u00f6vers\u00e4ttning Stockholm V\u00e5r \u00f6vers\u00e4ttningsbyr\u00e5 \u00e4r specialiserad p\u00e5 auktoriserade och bestyrkta \u00f6vers\u00e4ttningar p\u00e5 mer \u00e4n 80 spr\u00e5k. V\u00e5rt team baserat i Stockholm kan snabbt behandla din f\u00f6rfr\u00e5gan. Vi beh\u00f6ver endast f\u00e5 en kopia av de dokument som ska \u00f6vers\u00e4ttas (alla format accepteras). Originaldokumenten kr\u00e4vs inte l\u00e4ngre (auktoriserad \u00f6vers\u00e4ttning Stockholm). F\u00f6r det f\u00f6rsta, anv\u00e4nd g\u00e4rna v\u00e5r&#8230;<\/p>\n","protected":false},"author":1,"featured_media":227391,"parent":227387,"menu_order":0,"comment_status":"closed","ping_status":"closed","template":"","meta":{"sfsi_plus_gutenberg_text_before_share":"","sfsi_plus_gutenberg_show_text_before_share":"","sfsi_plus_gutenberg_icon_type":"","sfsi_plus_gutenberg_icon_alignemt":"","sfsi_plus_gutenburg_max_per_row":"","footnotes":""},"class_list":["post-227390","page","type-page","status-publish","has-post-thumbnail","hentry"],"yoast_head":"<!-- This site is optimized with the Yoast SEO plugin v23.8 - https:\/\/yoast.com\/wordpress\/plugins\/seo\/ -->\n<title>Auktoriserad \u00f6vers\u00e4ttning Stockholm | Auktoriserad translator<\/title>\n<meta name=\"description\" content=\"ABC Translation | Auktoriserad \u00f6vers\u00e4ttning Stockholm | Auktoriserad translator Stockholm | Officiell \u00f6vers\u00e4ttning | Notarius legalisering\" \/>\n<meta name=\"robots\" content=\"index, follow, max-snippet:-1, max-image-preview:large, max-video-preview:-1\" \/>\n<link rel=\"canonical\" href=\"https:\/\/abc-office.eu\/sv\/sverige\/auktoriserad-oversattning-sverige\/auktoriserad-oversattning-stockholm\/\" \/>\n<meta property=\"og:locale\" content=\"sv_SE\" \/>\n<meta property=\"og:type\" content=\"article\" \/>\n<meta property=\"og:title\" content=\"Auktoriserad \u00f6vers\u00e4ttning Stockholm | Auktoriserad translator\" \/>\n<meta property=\"og:description\" content=\"ABC Translation | Auktoriserad \u00f6vers\u00e4ttning Stockholm | Auktoriserad translator Stockholm | Officiell \u00f6vers\u00e4ttning | Notarius legalisering\" \/>\n<meta property=\"og:url\" content=\"https:\/\/abc-office.eu\/sv\/sverige\/auktoriserad-oversattning-sverige\/auktoriserad-oversattning-stockholm\/\" \/>\n<meta property=\"og:site_name\" content=\"ABC Translation\" \/>\n<meta property=\"article:modified_time\" content=\"2025-10-22T08:54:38+00:00\" \/>\n<meta property=\"og:image\" content=\"https:\/\/abc-office.eu\/wp-content\/uploads\/2025\/10\/Stockholm_-_Stockholms_stadshus1-768x396-1.jpg\" \/>\n\t<meta property=\"og:image:width\" content=\"768\" \/>\n\t<meta property=\"og:image:height\" content=\"396\" \/>\n\t<meta property=\"og:image:type\" content=\"image\/jpeg\" \/>\n<meta name=\"twitter:card\" content=\"summary_large_image\" \/>\n<meta name=\"twitter:label1\" content=\"Ber\u00e4knad l\u00e4stid\" \/>\n\t<meta name=\"twitter:data1\" content=\"3 minuter\" \/>\n<script type=\"application\/ld+json\" class=\"yoast-schema-graph\">{\"@context\":\"https:\/\/schema.org\",\"@graph\":[{\"@type\":\"WebPage\",\"@id\":\"https:\/\/abc-office.eu\/sv\/sverige\/auktoriserad-oversattning-sverige\/auktoriserad-oversattning-stockholm\/\",\"url\":\"https:\/\/abc-office.eu\/sv\/sverige\/auktoriserad-oversattning-sverige\/auktoriserad-oversattning-stockholm\/\",\"name\":\"Auktoriserad \u00f6vers\u00e4ttning Stockholm | Auktoriserad translator\",\"isPartOf\":{\"@id\":\"https:\/\/abc-office.eu\/sv\/#website\"},\"primaryImageOfPage\":{\"@id\":\"https:\/\/abc-office.eu\/sv\/sverige\/auktoriserad-oversattning-sverige\/auktoriserad-oversattning-stockholm\/#primaryimage\"},\"image\":{\"@id\":\"https:\/\/abc-office.eu\/sv\/sverige\/auktoriserad-oversattning-sverige\/auktoriserad-oversattning-stockholm\/#primaryimage\"},\"thumbnailUrl\":\"https:\/\/abc-office.eu\/wp-content\/uploads\/2025\/10\/Stockholm_-_Stockholms_stadshus1-768x396-1.jpg\",\"datePublished\":\"2024-07-24T13:08:57+00:00\",\"dateModified\":\"2025-10-22T08:54:38+00:00\",\"description\":\"ABC Translation | Auktoriserad \u00f6vers\u00e4ttning Stockholm | Auktoriserad translator Stockholm | Officiell \u00f6vers\u00e4ttning | Notarius legalisering\",\"breadcrumb\":{\"@id\":\"https:\/\/abc-office.eu\/sv\/sverige\/auktoriserad-oversattning-sverige\/auktoriserad-oversattning-stockholm\/#breadcrumb\"},\"inLanguage\":\"sv-SE\",\"potentialAction\":[{\"@type\":\"ReadAction\",\"target\":[\"https:\/\/abc-office.eu\/sv\/sverige\/auktoriserad-oversattning-sverige\/auktoriserad-oversattning-stockholm\/\"]}]},{\"@type\":\"ImageObject\",\"inLanguage\":\"sv-SE\",\"@id\":\"https:\/\/abc-office.eu\/sv\/sverige\/auktoriserad-oversattning-sverige\/auktoriserad-oversattning-stockholm\/#primaryimage\",\"url\":\"https:\/\/abc-office.eu\/wp-content\/uploads\/2025\/10\/Stockholm_-_Stockholms_stadshus1-768x396-1.jpg\",\"contentUrl\":\"https:\/\/abc-office.eu\/wp-content\/uploads\/2025\/10\/Stockholm_-_Stockholms_stadshus1-768x396-1.jpg\",\"width\":768,\"height\":396},{\"@type\":\"BreadcrumbList\",\"@id\":\"https:\/\/abc-office.eu\/sv\/sverige\/auktoriserad-oversattning-sverige\/auktoriserad-oversattning-stockholm\/#breadcrumb\",\"itemListElement\":[{\"@type\":\"ListItem\",\"position\":1,\"name\":\"Accueil\",\"item\":\"https:\/\/abc-office.eu\/sv\/\"},{\"@type\":\"ListItem\",\"position\":2,\"name\":\"Sverige\",\"item\":\"https:\/\/abc-office.eu\/sv\/sverige\/\"},{\"@type\":\"ListItem\",\"position\":3,\"name\":\"Auktoriserad \u00f6vers\u00e4ttning Sverige\",\"item\":\"https:\/\/abc-office.eu\/sv\/sverige\/auktoriserad-oversattning-sverige\/\"},{\"@type\":\"ListItem\",\"position\":4,\"name\":\"Auktoriserad \u00f6vers\u00e4ttning Stockholm\"}]},{\"@type\":\"WebSite\",\"@id\":\"https:\/\/abc-office.eu\/sv\/#website\",\"url\":\"https:\/\/abc-office.eu\/sv\/\",\"name\":\"ABC Translation\",\"description\":\"info@abc-office.eu\",\"potentialAction\":[{\"@type\":\"SearchAction\",\"target\":{\"@type\":\"EntryPoint\",\"urlTemplate\":\"https:\/\/abc-office.eu\/sv\/?s={search_term_string}\"},\"query-input\":{\"@type\":\"PropertyValueSpecification\",\"valueRequired\":true,\"valueName\":\"search_term_string\"}}],\"inLanguage\":\"sv-SE\"}]}<\/script>\n<!-- \/ Yoast SEO plugin. -->","yoast_head_json":{"title":"Auktoriserad \u00f6vers\u00e4ttning Stockholm | Auktoriserad translator","description":"ABC Translation | Auktoriserad \u00f6vers\u00e4ttning Stockholm | Auktoriserad translator Stockholm | Officiell \u00f6vers\u00e4ttning | Notarius legalisering","robots":{"index":"index","follow":"follow","max-snippet":"max-snippet:-1","max-image-preview":"max-image-preview:large","max-video-preview":"max-video-preview:-1"},"canonical":"https:\/\/abc-office.eu\/sv\/sverige\/auktoriserad-oversattning-sverige\/auktoriserad-oversattning-stockholm\/","og_locale":"sv_SE","og_type":"article","og_title":"Auktoriserad \u00f6vers\u00e4ttning Stockholm | Auktoriserad translator","og_description":"ABC Translation | Auktoriserad \u00f6vers\u00e4ttning Stockholm | Auktoriserad translator Stockholm | Officiell \u00f6vers\u00e4ttning | Notarius legalisering","og_url":"https:\/\/abc-office.eu\/sv\/sverige\/auktoriserad-oversattning-sverige\/auktoriserad-oversattning-stockholm\/","og_site_name":"ABC Translation","article_modified_time":"2025-10-22T08:54:38+00:00","og_image":[{"width":768,"height":396,"url":"https:\/\/abc-office.eu\/wp-content\/uploads\/2025\/10\/Stockholm_-_Stockholms_stadshus1-768x396-1.jpg","type":"image\/jpeg"}],"twitter_card":"summary_large_image","twitter_misc":{"Ber\u00e4knad l\u00e4stid":"3 minuter"},"schema":{"@context":"https:\/\/schema.org","@graph":[{"@type":"WebPage","@id":"https:\/\/abc-office.eu\/sv\/sverige\/auktoriserad-oversattning-sverige\/auktoriserad-oversattning-stockholm\/","url":"https:\/\/abc-office.eu\/sv\/sverige\/auktoriserad-oversattning-sverige\/auktoriserad-oversattning-stockholm\/","name":"Auktoriserad \u00f6vers\u00e4ttning Stockholm | Auktoriserad translator","isPartOf":{"@id":"https:\/\/abc-office.eu\/sv\/#website"},"primaryImageOfPage":{"@id":"https:\/\/abc-office.eu\/sv\/sverige\/auktoriserad-oversattning-sverige\/auktoriserad-oversattning-stockholm\/#primaryimage"},"image":{"@id":"https:\/\/abc-office.eu\/sv\/sverige\/auktoriserad-oversattning-sverige\/auktoriserad-oversattning-stockholm\/#primaryimage"},"thumbnailUrl":"https:\/\/abc-office.eu\/wp-content\/uploads\/2025\/10\/Stockholm_-_Stockholms_stadshus1-768x396-1.jpg","datePublished":"2024-07-24T13:08:57+00:00","dateModified":"2025-10-22T08:54:38+00:00","description":"ABC Translation | Auktoriserad \u00f6vers\u00e4ttning Stockholm | Auktoriserad translator Stockholm | Officiell \u00f6vers\u00e4ttning | Notarius legalisering","breadcrumb":{"@id":"https:\/\/abc-office.eu\/sv\/sverige\/auktoriserad-oversattning-sverige\/auktoriserad-oversattning-stockholm\/#breadcrumb"},"inLanguage":"sv-SE","potentialAction":[{"@type":"ReadAction","target":["https:\/\/abc-office.eu\/sv\/sverige\/auktoriserad-oversattning-sverige\/auktoriserad-oversattning-stockholm\/"]}]},{"@type":"ImageObject","inLanguage":"sv-SE","@id":"https:\/\/abc-office.eu\/sv\/sverige\/auktoriserad-oversattning-sverige\/auktoriserad-oversattning-stockholm\/#primaryimage","url":"https:\/\/abc-office.eu\/wp-content\/uploads\/2025\/10\/Stockholm_-_Stockholms_stadshus1-768x396-1.jpg","contentUrl":"https:\/\/abc-office.eu\/wp-content\/uploads\/2025\/10\/Stockholm_-_Stockholms_stadshus1-768x396-1.jpg","width":768,"height":396},{"@type":"BreadcrumbList","@id":"https:\/\/abc-office.eu\/sv\/sverige\/auktoriserad-oversattning-sverige\/auktoriserad-oversattning-stockholm\/#breadcrumb","itemListElement":[{"@type":"ListItem","position":1,"name":"Accueil","item":"https:\/\/abc-office.eu\/sv\/"},{"@type":"ListItem","position":2,"name":"Sverige","item":"https:\/\/abc-office.eu\/sv\/sverige\/"},{"@type":"ListItem","position":3,"name":"Auktoriserad \u00f6vers\u00e4ttning Sverige","item":"https:\/\/abc-office.eu\/sv\/sverige\/auktoriserad-oversattning-sverige\/"},{"@type":"ListItem","position":4,"name":"Auktoriserad \u00f6vers\u00e4ttning Stockholm"}]},{"@type":"WebSite","@id":"https:\/\/abc-office.eu\/sv\/#website","url":"https:\/\/abc-office.eu\/sv\/","name":"ABC Translation","description":"info@abc-office.eu","potentialAction":[{"@type":"SearchAction","target":{"@type":"EntryPoint","urlTemplate":"https:\/\/abc-office.eu\/sv\/?s={search_term_string}"},"query-input":{"@type":"PropertyValueSpecification","valueRequired":true,"valueName":"search_term_string"}}],"inLanguage":"sv-SE"}]}},"_links":{"self":[{"href":"https:\/\/abc-office.eu\/sv\/wp-json\/wp\/v2\/pages\/227390","targetHints":{"allow":["GET"]}}],"collection":[{"href":"https:\/\/abc-office.eu\/sv\/wp-json\/wp\/v2\/pages"}],"about":[{"href":"https:\/\/abc-office.eu\/sv\/wp-json\/wp\/v2\/types\/page"}],"author":[{"embeddable":true,"href":"https:\/\/abc-office.eu\/sv\/wp-json\/wp\/v2\/users\/1"}],"replies":[{"embeddable":true,"href":"https:\/\/abc-office.eu\/sv\/wp-json\/wp\/v2\/comments?post=227390"}],"version-history":[{"count":2,"href":"https:\/\/abc-office.eu\/sv\/wp-json\/wp\/v2\/pages\/227390\/revisions"}],"predecessor-version":[{"id":230253,"href":"https:\/\/abc-office.eu\/sv\/wp-json\/wp\/v2\/pages\/227390\/revisions\/230253"}],"up":[{"embeddable":true,"href":"https:\/\/abc-office.eu\/sv\/wp-json\/wp\/v2\/pages\/227387"}],"wp:featuredmedia":[{"embeddable":true,"href":"https:\/\/abc-office.eu\/sv\/wp-json\/wp\/v2\/media\/227391"}],"wp:attachment":[{"href":"https:\/\/abc-office.eu\/sv\/wp-json\/wp\/v2\/media?parent=227390"}],"curies":[{"name":"wp","href":"https:\/\/api.w.org\/{rel}","templated":true}]}}