{"id":227387,"date":"2024-07-24T15:06:16","date_gmt":"2024-07-24T13:06:16","guid":{"rendered":"https:\/\/abc-office.eu\/?page_id=227387"},"modified":"2025-10-16T06:55:34","modified_gmt":"2025-10-16T04:55:34","slug":"auktoriserad-oversattning-sverige","status":"publish","type":"page","link":"https:\/\/abc-office.eu\/sv\/sverige\/auktoriserad-oversattning-sverige\/","title":{"rendered":"Auktoriserad \u00f6vers\u00e4ttning Sverige"},"content":{"rendered":"<h2 data-start=\"92\" data-end=\"131\"><strong data-start=\"92\" data-end=\"129\">Auktoriserad \u00f6vers\u00e4ttning Sverige<\/strong><\/h2>\n<p style=\"text-align: justify;\" data-start=\"133\" data-end=\"414\">V\u00e5r byr\u00e5, ABC Translation, har i m\u00e5nga \u00e5r varit specialiserad inom omr\u00e5det auktoriserad \u00f6vers\u00e4ttning. Vi kan erbjuda alla tj\u00e4nster inom detta omr\u00e5de, vare sig det g\u00e4ller en officiell \u00f6vers\u00e4ttning, en enkel \u00f6vers\u00e4ttning eller behov av tolkning (auktoriserad \u00f6vers\u00e4ttning Sverige).<\/p>\n<p style=\"text-align: justify;\" data-start=\"416\" data-end=\"831\">Med ett team p\u00e5 \u00f6ver 500 \u00f6vers\u00e4ttare och tolkar kan vi hantera alla typer av projekt inom mycket korta tidsramar. Kvalitet och snabbhet \u00e4r v\u00e5ra ledord f\u00f6r resultat som alltid motsvarar v\u00e5ra kunders f\u00f6rv\u00e4ntningar. Vi \u00e4r verksamma i hela Sverige. Tack vare denna n\u00e4rvaro och v\u00e5r flexibilitet har vi kunnat utvecklas och erbjuder nu \u00f6vers\u00e4ttningstj\u00e4nster p\u00e5 mer \u00e4n 60 olika spr\u00e5k (auktoriserad \u00f6vers\u00e4ttning Sverige).<\/p>\n<h3 data-start=\"833\" data-end=\"862\"><strong data-start=\"833\" data-end=\"860\">Officiell \u00f6vers\u00e4ttning:<\/strong><\/h3>\n<p style=\"text-align: justify;\" data-start=\"864\" data-end=\"1199\">Vi \u00e4r specialiserade p\u00e5 auktoriserade \u00f6vers\u00e4ttningar f\u00f6r att underl\u00e4tta f\u00f6r dig n\u00e4r du anl\u00e4nder till Sverige eller f\u00f6r en resa utomlands. \u00d6vers\u00e4ttningar legaliseras vanligtvis av notarius publicus och d\u00e4refter vid Kansliet med apostille eller annan legalisering enligt g\u00e4llande konventioner. Kundernas tidsramar \u00e4r ofta mycket korta.<\/p>\n<p style=\"text-align: justify;\" data-start=\"1201\" data-end=\"1516\">D\u00e4rf\u00f6r har vi inf\u00f6rt ett system som g\u00f6r det m\u00f6jligt att \u00f6vers\u00e4tta, legalisera och apostillera dokument p\u00e5 rekordtid. Till exempel beh\u00f6ver vi tv\u00e5 dagar f\u00f6r att genomf\u00f6ra de olika stegen f\u00f6r ett dokument p\u00e5 mindre \u00e4n 5 sidor. Dessa \u00f6vers\u00e4ttningar kan sedan legaliseras av destinationslandets konsulat om det beh\u00f6vs.<\/p>\n<p style=\"text-align: justify;\" data-start=\"1518\" data-end=\"1828\">Officiell \u00f6vers\u00e4ttning f\u00f6r erk\u00e4nnande av dina utl\u00e4ndska examina i Sverige \u00e4r ocks\u00e5 en del av v\u00e5rt tj\u00e4nsteutbud. \u00c4ven h\u00e4r \u00f6vers\u00e4tter vi dokumenten och legaliserar dem d\u00e4refter med notarius publicus s\u00e5 att de kan accepteras av de ber\u00f6rda myndigheterna. Din akt blir komplett f\u00f6r pr\u00f6vning hos erk\u00e4nnandeorganen.<\/p>\n<h3 data-start=\"1830\" data-end=\"1842\"><strong data-start=\"1830\" data-end=\"1840\">Spr\u00e5k:<\/strong><\/h3>\n<p style=\"text-align: justify;\" data-start=\"1844\" data-end=\"2792\">Afrikaans | Albanska | Tyska | Amerikansk engelska | Amhariska | Engelska | Arabiska | Armeniska | Aymara | Azerbajdzjanska | Baskiska | Bengali | Vitryska | Burmesiska | Bosniska | Brasiliansk portugisiska | Bulgariska | Kantonesiska | Katalanska | Singalesiska | Kinesiska | F\u00f6renklad kinesiska | Traditionell kinesiska | Koreanska | Kroatiska | Danska | Dari | Spanska | Estniska | Ewe | Farsi | Finska | Georgiska | Grekiska | Guarani | Hebreiska | Hindi | Ungerska | Indonesiska | Italienska | Japanska | Kazakiska | Khmer | Kirgiziska | Kurdiska | Lao | Lettiska | Lingala | Litauiska | Makedonska | Malajiska | Malayalam | Mandarin | Moldaviska | Mongoliska | Montenegrinska | Nederl\u00e4ndska | Norska | Urdu | Uzbekiska | Pashto | Punjabi | Persiska | Fula | Polska | Portugisiska | Quechua | Rum\u00e4nska | Ryska | Serbiska | Slovakiska | Slovenska | Svenska | Tamil | Tjeckiska | Thail\u00e4ndska | Turkiska | Turkmenska | Ukrainska | Vietnamesiska<\/p>\n<h3 data-start=\"2794\" data-end=\"2809\"><strong data-start=\"2794\" data-end=\"2807\">Dokument:<\/strong><\/h3>\n<p style=\"text-align: justify;\" data-start=\"2811\" data-end=\"3145\">F\u00f6delseattest | Vigselbevis | Civilst\u00e5ndsintyg | Intyg | Patent | Utdrag ur brottsregistret | Certifikat | Intyg om ogift | D\u00f6dsattest | Familjebevis | Arbetsintyg | Skattedeklaration | Examensbevis | Pass | K\u00f6rkort | Testamente | Visum | Avtal | \u00c4ktenskapsskillnadsavtal | \u00c4ktenskapsf\u00f6rord | Dom | F\u00f6rfarande | Fullmakt | Protokoll<\/p>\n<p style=\"text-align: justify;\" data-start=\"3147\" data-end=\"3198\">F\u00f6r ett annat spr\u00e5k, tveka inte att <a href=\"https:\/\/abc-office.eu\/sv\/\">kontakta<\/a> oss.<\/p>\n<p data-start=\"3147\" data-end=\"3198\"><img loading=\"lazy\" decoding=\"async\" class=\"aligncenter wp-image-26 size-medium\" src=\"https:\/\/abc-office.ch\/wp-content\/uploads\/2018\/06\/imageedit_1_6241191614-300x300.gif\" alt=\"Auktoriserad \u00f6vers\u00e4ttning Sverige\" width=\"300\" height=\"300\" \/><\/p>\n","protected":false},"excerpt":{"rendered":"<p>Auktoriserad \u00f6vers\u00e4ttning Sverige V\u00e5r byr\u00e5, ABC Translation, har i m\u00e5nga \u00e5r varit specialiserad inom omr\u00e5det auktoriserad \u00f6vers\u00e4ttning. Vi kan erbjuda alla tj\u00e4nster inom detta omr\u00e5de, vare sig det g\u00e4ller en officiell \u00f6vers\u00e4ttning, en enkel \u00f6vers\u00e4ttning eller behov av tolkning (auktoriserad \u00f6vers\u00e4ttning Sverige). Med ett team p\u00e5 \u00f6ver 500 \u00f6vers\u00e4ttare och tolkar kan vi hantera alla&#8230;<\/p>\n","protected":false},"author":1,"featured_media":227370,"parent":227369,"menu_order":0,"comment_status":"closed","ping_status":"closed","template":"","meta":{"sfsi_plus_gutenberg_text_before_share":"","sfsi_plus_gutenberg_show_text_before_share":"","sfsi_plus_gutenberg_icon_type":"","sfsi_plus_gutenberg_icon_alignemt":"","sfsi_plus_gutenburg_max_per_row":"","footnotes":""},"class_list":["post-227387","page","type-page","status-publish","has-post-thumbnail","hentry"],"yoast_head":"<!-- This site is optimized with the Yoast SEO plugin v23.8 - https:\/\/yoast.com\/wordpress\/plugins\/seo\/ -->\n<title>Auktoriserad \u00f6vers\u00e4ttning Sverige | Auktoriserad translator Sverige<\/title>\n<meta name=\"description\" content=\"ABC Translation | Auktoriserad \u00f6vers\u00e4ttning Sverige | Auktoriserad translator Sverige | Officiell \u00f6vers\u00e4ttning Sverige | Auktoriserad\" \/>\n<meta name=\"robots\" content=\"index, follow, max-snippet:-1, max-image-preview:large, max-video-preview:-1\" \/>\n<link rel=\"canonical\" href=\"https:\/\/abc-office.eu\/sv\/sverige\/auktoriserad-oversattning-sverige\/\" \/>\n<meta property=\"og:locale\" content=\"sv_SE\" \/>\n<meta property=\"og:type\" content=\"article\" \/>\n<meta property=\"og:title\" content=\"Auktoriserad \u00f6vers\u00e4ttning Sverige | Auktoriserad translator Sverige\" \/>\n<meta property=\"og:description\" content=\"ABC Translation | Auktoriserad \u00f6vers\u00e4ttning Sverige | Auktoriserad translator Sverige | Officiell \u00f6vers\u00e4ttning Sverige | Auktoriserad\" \/>\n<meta property=\"og:url\" content=\"https:\/\/abc-office.eu\/sv\/sverige\/auktoriserad-oversattning-sverige\/\" \/>\n<meta property=\"og:site_name\" content=\"ABC Translation\" \/>\n<meta property=\"article:modified_time\" content=\"2025-10-16T04:55:34+00:00\" \/>\n<meta property=\"og:image\" content=\"https:\/\/abc-office.eu\/wp-content\/uploads\/2025\/10\/Sweden-542x340-1.png\" \/>\n\t<meta property=\"og:image:width\" content=\"542\" \/>\n\t<meta property=\"og:image:height\" content=\"340\" \/>\n\t<meta property=\"og:image:type\" content=\"image\/png\" \/>\n<meta name=\"twitter:card\" content=\"summary_large_image\" \/>\n<meta name=\"twitter:label1\" content=\"Ber\u00e4knad l\u00e4stid\" \/>\n\t<meta name=\"twitter:data1\" content=\"3 minuter\" \/>\n<script type=\"application\/ld+json\" class=\"yoast-schema-graph\">{\"@context\":\"https:\/\/schema.org\",\"@graph\":[{\"@type\":\"WebPage\",\"@id\":\"https:\/\/abc-office.eu\/sv\/sverige\/auktoriserad-oversattning-sverige\/\",\"url\":\"https:\/\/abc-office.eu\/sv\/sverige\/auktoriserad-oversattning-sverige\/\",\"name\":\"Auktoriserad \u00f6vers\u00e4ttning Sverige | Auktoriserad translator Sverige\",\"isPartOf\":{\"@id\":\"https:\/\/abc-office.eu\/sv\/#website\"},\"primaryImageOfPage\":{\"@id\":\"https:\/\/abc-office.eu\/sv\/sverige\/auktoriserad-oversattning-sverige\/#primaryimage\"},\"image\":{\"@id\":\"https:\/\/abc-office.eu\/sv\/sverige\/auktoriserad-oversattning-sverige\/#primaryimage\"},\"thumbnailUrl\":\"https:\/\/abc-office.eu\/wp-content\/uploads\/2025\/10\/Sweden-542x340-1.png\",\"datePublished\":\"2024-07-24T13:06:16+00:00\",\"dateModified\":\"2025-10-16T04:55:34+00:00\",\"description\":\"ABC Translation | Auktoriserad \u00f6vers\u00e4ttning Sverige | Auktoriserad translator Sverige | Officiell \u00f6vers\u00e4ttning Sverige | Auktoriserad\",\"breadcrumb\":{\"@id\":\"https:\/\/abc-office.eu\/sv\/sverige\/auktoriserad-oversattning-sverige\/#breadcrumb\"},\"inLanguage\":\"sv-SE\",\"potentialAction\":[{\"@type\":\"ReadAction\",\"target\":[\"https:\/\/abc-office.eu\/sv\/sverige\/auktoriserad-oversattning-sverige\/\"]}]},{\"@type\":\"ImageObject\",\"inLanguage\":\"sv-SE\",\"@id\":\"https:\/\/abc-office.eu\/sv\/sverige\/auktoriserad-oversattning-sverige\/#primaryimage\",\"url\":\"https:\/\/abc-office.eu\/wp-content\/uploads\/2025\/10\/Sweden-542x340-1.png\",\"contentUrl\":\"https:\/\/abc-office.eu\/wp-content\/uploads\/2025\/10\/Sweden-542x340-1.png\",\"width\":542,\"height\":340},{\"@type\":\"BreadcrumbList\",\"@id\":\"https:\/\/abc-office.eu\/sv\/sverige\/auktoriserad-oversattning-sverige\/#breadcrumb\",\"itemListElement\":[{\"@type\":\"ListItem\",\"position\":1,\"name\":\"Accueil\",\"item\":\"https:\/\/abc-office.eu\/sv\/\"},{\"@type\":\"ListItem\",\"position\":2,\"name\":\"Sverige\",\"item\":\"https:\/\/abc-office.eu\/sv\/sverige\/\"},{\"@type\":\"ListItem\",\"position\":3,\"name\":\"Auktoriserad \u00f6vers\u00e4ttning Sverige\"}]},{\"@type\":\"WebSite\",\"@id\":\"https:\/\/abc-office.eu\/sv\/#website\",\"url\":\"https:\/\/abc-office.eu\/sv\/\",\"name\":\"ABC Translation\",\"description\":\"info@abc-office.eu\",\"potentialAction\":[{\"@type\":\"SearchAction\",\"target\":{\"@type\":\"EntryPoint\",\"urlTemplate\":\"https:\/\/abc-office.eu\/sv\/?s={search_term_string}\"},\"query-input\":{\"@type\":\"PropertyValueSpecification\",\"valueRequired\":true,\"valueName\":\"search_term_string\"}}],\"inLanguage\":\"sv-SE\"}]}<\/script>\n<!-- \/ Yoast SEO plugin. -->","yoast_head_json":{"title":"Auktoriserad \u00f6vers\u00e4ttning Sverige | Auktoriserad translator Sverige","description":"ABC Translation | Auktoriserad \u00f6vers\u00e4ttning Sverige | Auktoriserad translator Sverige | Officiell \u00f6vers\u00e4ttning Sverige | Auktoriserad","robots":{"index":"index","follow":"follow","max-snippet":"max-snippet:-1","max-image-preview":"max-image-preview:large","max-video-preview":"max-video-preview:-1"},"canonical":"https:\/\/abc-office.eu\/sv\/sverige\/auktoriserad-oversattning-sverige\/","og_locale":"sv_SE","og_type":"article","og_title":"Auktoriserad \u00f6vers\u00e4ttning Sverige | Auktoriserad translator Sverige","og_description":"ABC Translation | Auktoriserad \u00f6vers\u00e4ttning Sverige | Auktoriserad translator Sverige | Officiell \u00f6vers\u00e4ttning Sverige | Auktoriserad","og_url":"https:\/\/abc-office.eu\/sv\/sverige\/auktoriserad-oversattning-sverige\/","og_site_name":"ABC Translation","article_modified_time":"2025-10-16T04:55:34+00:00","og_image":[{"width":542,"height":340,"url":"https:\/\/abc-office.eu\/wp-content\/uploads\/2025\/10\/Sweden-542x340-1.png","type":"image\/png"}],"twitter_card":"summary_large_image","twitter_misc":{"Ber\u00e4knad l\u00e4stid":"3 minuter"},"schema":{"@context":"https:\/\/schema.org","@graph":[{"@type":"WebPage","@id":"https:\/\/abc-office.eu\/sv\/sverige\/auktoriserad-oversattning-sverige\/","url":"https:\/\/abc-office.eu\/sv\/sverige\/auktoriserad-oversattning-sverige\/","name":"Auktoriserad \u00f6vers\u00e4ttning Sverige | Auktoriserad translator Sverige","isPartOf":{"@id":"https:\/\/abc-office.eu\/sv\/#website"},"primaryImageOfPage":{"@id":"https:\/\/abc-office.eu\/sv\/sverige\/auktoriserad-oversattning-sverige\/#primaryimage"},"image":{"@id":"https:\/\/abc-office.eu\/sv\/sverige\/auktoriserad-oversattning-sverige\/#primaryimage"},"thumbnailUrl":"https:\/\/abc-office.eu\/wp-content\/uploads\/2025\/10\/Sweden-542x340-1.png","datePublished":"2024-07-24T13:06:16+00:00","dateModified":"2025-10-16T04:55:34+00:00","description":"ABC Translation | Auktoriserad \u00f6vers\u00e4ttning Sverige | Auktoriserad translator Sverige | Officiell \u00f6vers\u00e4ttning Sverige | Auktoriserad","breadcrumb":{"@id":"https:\/\/abc-office.eu\/sv\/sverige\/auktoriserad-oversattning-sverige\/#breadcrumb"},"inLanguage":"sv-SE","potentialAction":[{"@type":"ReadAction","target":["https:\/\/abc-office.eu\/sv\/sverige\/auktoriserad-oversattning-sverige\/"]}]},{"@type":"ImageObject","inLanguage":"sv-SE","@id":"https:\/\/abc-office.eu\/sv\/sverige\/auktoriserad-oversattning-sverige\/#primaryimage","url":"https:\/\/abc-office.eu\/wp-content\/uploads\/2025\/10\/Sweden-542x340-1.png","contentUrl":"https:\/\/abc-office.eu\/wp-content\/uploads\/2025\/10\/Sweden-542x340-1.png","width":542,"height":340},{"@type":"BreadcrumbList","@id":"https:\/\/abc-office.eu\/sv\/sverige\/auktoriserad-oversattning-sverige\/#breadcrumb","itemListElement":[{"@type":"ListItem","position":1,"name":"Accueil","item":"https:\/\/abc-office.eu\/sv\/"},{"@type":"ListItem","position":2,"name":"Sverige","item":"https:\/\/abc-office.eu\/sv\/sverige\/"},{"@type":"ListItem","position":3,"name":"Auktoriserad \u00f6vers\u00e4ttning Sverige"}]},{"@type":"WebSite","@id":"https:\/\/abc-office.eu\/sv\/#website","url":"https:\/\/abc-office.eu\/sv\/","name":"ABC Translation","description":"info@abc-office.eu","potentialAction":[{"@type":"SearchAction","target":{"@type":"EntryPoint","urlTemplate":"https:\/\/abc-office.eu\/sv\/?s={search_term_string}"},"query-input":{"@type":"PropertyValueSpecification","valueRequired":true,"valueName":"search_term_string"}}],"inLanguage":"sv-SE"}]}},"_links":{"self":[{"href":"https:\/\/abc-office.eu\/sv\/wp-json\/wp\/v2\/pages\/227387","targetHints":{"allow":["GET"]}}],"collection":[{"href":"https:\/\/abc-office.eu\/sv\/wp-json\/wp\/v2\/pages"}],"about":[{"href":"https:\/\/abc-office.eu\/sv\/wp-json\/wp\/v2\/types\/page"}],"author":[{"embeddable":true,"href":"https:\/\/abc-office.eu\/sv\/wp-json\/wp\/v2\/users\/1"}],"replies":[{"embeddable":true,"href":"https:\/\/abc-office.eu\/sv\/wp-json\/wp\/v2\/comments?post=227387"}],"version-history":[{"count":1,"href":"https:\/\/abc-office.eu\/sv\/wp-json\/wp\/v2\/pages\/227387\/revisions"}],"predecessor-version":[{"id":227389,"href":"https:\/\/abc-office.eu\/sv\/wp-json\/wp\/v2\/pages\/227387\/revisions\/227389"}],"up":[{"embeddable":true,"href":"https:\/\/abc-office.eu\/sv\/wp-json\/wp\/v2\/pages\/227369"}],"wp:featuredmedia":[{"embeddable":true,"href":"https:\/\/abc-office.eu\/sv\/wp-json\/wp\/v2\/media\/227370"}],"wp:attachment":[{"href":"https:\/\/abc-office.eu\/sv\/wp-json\/wp\/v2\/media?parent=227387"}],"curies":[{"name":"wp","href":"https:\/\/api.w.org\/{rel}","templated":true}]}}