{"id":227098,"date":"2022-04-25T10:26:44","date_gmt":"2022-04-25T08:26:44","guid":{"rendered":"https:\/\/abc-office.eu\/?page_id=227098"},"modified":"2025-10-15T16:46:46","modified_gmt":"2025-10-15T14:46:46","slug":"kontakt","status":"publish","type":"page","link":"https:\/\/abc-office.eu\/sv\/kontakt\/","title":{"rendered":"Kontakt"},"content":{"rendered":"<h2><strong data-start=\"111\" data-end=\"167\">Kontakt \u2013 din \u00f6vers\u00e4ttningsbyr\u00e5 i Europeiska unionen<\/strong><\/h2>\n<p><br data-start=\"167\" data-end=\"170\" \/>E-post: <a class=\"decorated-link cursor-pointer\" href=\"mailto:info@abc-office.eu\" rel=\"noopener\" data-start=\"178\" data-end=\"196\">info@abc-office.eu<\/a><\/p>\n<h3 data-start=\"200\" data-end=\"221\"><strong data-start=\"200\" data-end=\"219\">ABC Translation<\/strong><\/h3>\n<p style=\"text-align: justify;\" data-start=\"223\" data-end=\"884\">V\u00e5ra \u00f6vers\u00e4ttare och korrekturl\u00e4sare, baserade i Europeiska unionen, har alla en masterexamen i \u00f6vers\u00e4ttning. De \u00e4r specialiserade inom olika omr\u00e5den s\u00e5som marknadsf\u00f6ring, ekonomi, politik, juridik och medicin. F\u00f6r en snabb f\u00f6rfr\u00e5gan, fyll i formul\u00e4ret p\u00e5 h\u00f6ger sida av sk\u00e4rmen. D\u00e4refter skickar v\u00e5rt team en offert som visar b\u00e5de kostnaden och leveranstiden f\u00f6r \u00f6vers\u00e4ttningen. V\u00e5rt erbjudande omfattar \u00f6vers\u00e4ttningen av texten samt en korrekturl\u00e4sning utf\u00f6rd av en annan \u00f6vers\u00e4ttare f\u00f6r att s\u00e4kerst\u00e4lla kvaliteten. N\u00e4r texten \u00e4r \u00f6versatt och korrekturl\u00e4st skickar vi tillbaka den till dig via e-post eller med post vid behov av en auktoriserad \u00f6vers\u00e4ttning.<\/p>\n<p style=\"text-align: justify;\" data-start=\"886\" data-end=\"1192\">Arbetets kvalitet m\u00e5ste vara perfekt n\u00e4r det g\u00e4ller \u00f6vers\u00e4ttning. Tack vare v\u00e5ra fr\u00e4msta styrkor \u2013 noggrannhet, effektivitet och punktlighet \u2013 samarbetar vi dagligen med ett stort antal f\u00f6retag och privatpersoner. Vi arbetar med \u00f6vers\u00e4ttning av webbplatser, officiella dokument och specialiserade texter.<\/p>\n<p style=\"text-align: justify;\" data-start=\"1194\" data-end=\"1616\">Vi fastst\u00e4ller v\u00e5rt prisspann enligt ett exakt EU-system. Denna f\u00f6rening inr\u00e4ttades f\u00f6r att skapa ett prissystem som tar h\u00e4nsyn till k\u00e4lltextens sv\u00e5righetsgrad. Priset kan ber\u00e4knas antingen per antal ord eller per rad om 55 tecken. Detta system m\u00f6jligg\u00f6r fullst\u00e4ndig transparens gentemot kunden och g\u00f6r det m\u00f6jligt att utarbeta korrekta offerter. Vi arbetar med b\u00e5de f\u00f6retag och privatpersoner i hela Europeiska unionen.<\/p>\n<p data-start=\"1194\" data-end=\"1616\"><img loading=\"lazy\" decoding=\"async\" class=\"aligncenter wp-image-28719\" src=\"https:\/\/abc-office.eu\/wp-content\/uploads\/2017\/02\/second_image-300x200.jpg\" alt=\"Kontakt\" width=\"715\" height=\"476\" srcset=\"https:\/\/abc-office.eu\/wp-content\/uploads\/2017\/02\/second_image-300x200.jpg 300w, https:\/\/abc-office.eu\/wp-content\/uploads\/2017\/02\/second_image-1024x682.jpg 1024w, https:\/\/abc-office.eu\/wp-content\/uploads\/2017\/02\/second_image-768x512.jpg 768w, https:\/\/abc-office.eu\/wp-content\/uploads\/2017\/02\/second_image-1080x720.jpg 1080w, https:\/\/abc-office.eu\/wp-content\/uploads\/2017\/02\/second_image-1280x853.jpg 1280w, https:\/\/abc-office.eu\/wp-content\/uploads\/2017\/02\/second_image-980x653.jpg 980w, https:\/\/abc-office.eu\/wp-content\/uploads\/2017\/02\/second_image-480x320.jpg 480w, https:\/\/abc-office.eu\/wp-content\/uploads\/2017\/02\/second_image.jpg 1400w\" sizes=\"auto, (max-width: 715px) 100vw, 715px\" \/><\/p>\n","protected":false},"excerpt":{"rendered":"<p>Kontakt \u2013 din \u00f6vers\u00e4ttningsbyr\u00e5 i Europeiska unionen E-post: info@abc-office.eu ABC Translation V\u00e5ra \u00f6vers\u00e4ttare och korrekturl\u00e4sare, baserade i Europeiska unionen, har alla en masterexamen i \u00f6vers\u00e4ttning. De \u00e4r specialiserade inom olika omr\u00e5den s\u00e5som marknadsf\u00f6ring, ekonomi, politik, juridik och medicin. F\u00f6r en snabb f\u00f6rfr\u00e5gan, fyll i formul\u00e4ret p\u00e5 h\u00f6ger sida av sk\u00e4rmen. D\u00e4refter skickar v\u00e5rt team en&#8230;<\/p>\n","protected":false},"author":1,"featured_media":226972,"parent":0,"menu_order":0,"comment_status":"closed","ping_status":"closed","template":"","meta":{"sfsi_plus_gutenberg_text_before_share":"","sfsi_plus_gutenberg_show_text_before_share":"","sfsi_plus_gutenberg_icon_type":"","sfsi_plus_gutenberg_icon_alignemt":"","sfsi_plus_gutenburg_max_per_row":"","footnotes":""},"class_list":["post-227098","page","type-page","status-publish","has-post-thumbnail","hentry"],"yoast_head":"<!-- This site is optimized with the Yoast SEO plugin v23.8 - https:\/\/yoast.com\/wordpress\/plugins\/seo\/ -->\n<title>Kontakt \u00f6vers\u00e4ttning | \u00d6vers\u00e4ttare | Europeiska unionen<\/title>\n<meta name=\"description\" content=\"ABC Translation: Kontakt | Webbplats\u00f6vers\u00e4ttning | \u00d6vers\u00e4ttning av officiella dokument | Specialiserad \u00f6vers\u00e4ttning | Europeiska unionen\" \/>\n<meta name=\"robots\" content=\"index, follow, max-snippet:-1, max-image-preview:large, max-video-preview:-1\" \/>\n<link rel=\"canonical\" href=\"https:\/\/abc-office.eu\/sv\/kontakt\/\" \/>\n<meta property=\"og:locale\" content=\"sv_SE\" \/>\n<meta property=\"og:type\" content=\"article\" \/>\n<meta property=\"og:title\" content=\"Kontakt \u00f6vers\u00e4ttning | \u00d6vers\u00e4ttare | Europeiska unionen\" \/>\n<meta property=\"og:description\" content=\"ABC Translation: Kontakt | Webbplats\u00f6vers\u00e4ttning | \u00d6vers\u00e4ttning av officiella dokument | Specialiserad \u00f6vers\u00e4ttning | Europeiska unionen\" \/>\n<meta property=\"og:url\" content=\"https:\/\/abc-office.eu\/sv\/kontakt\/\" \/>\n<meta property=\"og:site_name\" content=\"ABC Translation\" \/>\n<meta property=\"article:modified_time\" content=\"2025-10-15T14:46:46+00:00\" \/>\n<meta property=\"og:image\" content=\"https:\/\/abc-office.eu\/wp-content\/uploads\/2025\/10\/Flag_of_Europe-2-768x512-4.png\" \/>\n\t<meta property=\"og:image:width\" content=\"768\" \/>\n\t<meta property=\"og:image:height\" content=\"512\" \/>\n\t<meta property=\"og:image:type\" content=\"image\/png\" \/>\n<meta name=\"twitter:card\" content=\"summary_large_image\" \/>\n<meta name=\"twitter:label1\" content=\"Ber\u00e4knad l\u00e4stid\" \/>\n\t<meta name=\"twitter:data1\" content=\"2 minuter\" \/>\n<script type=\"application\/ld+json\" class=\"yoast-schema-graph\">{\"@context\":\"https:\/\/schema.org\",\"@graph\":[{\"@type\":\"WebPage\",\"@id\":\"https:\/\/abc-office.eu\/sv\/kontakt\/\",\"url\":\"https:\/\/abc-office.eu\/sv\/kontakt\/\",\"name\":\"Kontakt \u00f6vers\u00e4ttning | \u00d6vers\u00e4ttare | Europeiska unionen\",\"isPartOf\":{\"@id\":\"https:\/\/abc-office.eu\/sv\/#website\"},\"primaryImageOfPage\":{\"@id\":\"https:\/\/abc-office.eu\/sv\/kontakt\/#primaryimage\"},\"image\":{\"@id\":\"https:\/\/abc-office.eu\/sv\/kontakt\/#primaryimage\"},\"thumbnailUrl\":\"https:\/\/abc-office.eu\/wp-content\/uploads\/2025\/10\/Flag_of_Europe-2-768x512-4.png\",\"datePublished\":\"2022-04-25T08:26:44+00:00\",\"dateModified\":\"2025-10-15T14:46:46+00:00\",\"description\":\"ABC Translation: Kontakt | Webbplats\u00f6vers\u00e4ttning | \u00d6vers\u00e4ttning av officiella dokument | Specialiserad \u00f6vers\u00e4ttning | Europeiska unionen\",\"breadcrumb\":{\"@id\":\"https:\/\/abc-office.eu\/sv\/kontakt\/#breadcrumb\"},\"inLanguage\":\"sv-SE\",\"potentialAction\":[{\"@type\":\"ReadAction\",\"target\":[\"https:\/\/abc-office.eu\/sv\/kontakt\/\"]}]},{\"@type\":\"ImageObject\",\"inLanguage\":\"sv-SE\",\"@id\":\"https:\/\/abc-office.eu\/sv\/kontakt\/#primaryimage\",\"url\":\"https:\/\/abc-office.eu\/wp-content\/uploads\/2025\/10\/Flag_of_Europe-2-768x512-4.png\",\"contentUrl\":\"https:\/\/abc-office.eu\/wp-content\/uploads\/2025\/10\/Flag_of_Europe-2-768x512-4.png\",\"width\":768,\"height\":512},{\"@type\":\"BreadcrumbList\",\"@id\":\"https:\/\/abc-office.eu\/sv\/kontakt\/#breadcrumb\",\"itemListElement\":[{\"@type\":\"ListItem\",\"position\":1,\"name\":\"Accueil\",\"item\":\"https:\/\/abc-office.eu\/sv\/\"},{\"@type\":\"ListItem\",\"position\":2,\"name\":\"Kontakt\"}]},{\"@type\":\"WebSite\",\"@id\":\"https:\/\/abc-office.eu\/sv\/#website\",\"url\":\"https:\/\/abc-office.eu\/sv\/\",\"name\":\"ABC Translation\",\"description\":\"info@abc-office.eu\",\"potentialAction\":[{\"@type\":\"SearchAction\",\"target\":{\"@type\":\"EntryPoint\",\"urlTemplate\":\"https:\/\/abc-office.eu\/sv\/?s={search_term_string}\"},\"query-input\":{\"@type\":\"PropertyValueSpecification\",\"valueRequired\":true,\"valueName\":\"search_term_string\"}}],\"inLanguage\":\"sv-SE\"}]}<\/script>\n<!-- \/ Yoast SEO plugin. -->","yoast_head_json":{"title":"Kontakt \u00f6vers\u00e4ttning | \u00d6vers\u00e4ttare | Europeiska unionen","description":"ABC Translation: Kontakt | Webbplats\u00f6vers\u00e4ttning | \u00d6vers\u00e4ttning av officiella dokument | Specialiserad \u00f6vers\u00e4ttning | Europeiska unionen","robots":{"index":"index","follow":"follow","max-snippet":"max-snippet:-1","max-image-preview":"max-image-preview:large","max-video-preview":"max-video-preview:-1"},"canonical":"https:\/\/abc-office.eu\/sv\/kontakt\/","og_locale":"sv_SE","og_type":"article","og_title":"Kontakt \u00f6vers\u00e4ttning | \u00d6vers\u00e4ttare | Europeiska unionen","og_description":"ABC Translation: Kontakt | Webbplats\u00f6vers\u00e4ttning | \u00d6vers\u00e4ttning av officiella dokument | Specialiserad \u00f6vers\u00e4ttning | Europeiska unionen","og_url":"https:\/\/abc-office.eu\/sv\/kontakt\/","og_site_name":"ABC Translation","article_modified_time":"2025-10-15T14:46:46+00:00","og_image":[{"width":768,"height":512,"url":"https:\/\/abc-office.eu\/wp-content\/uploads\/2025\/10\/Flag_of_Europe-2-768x512-4.png","type":"image\/png"}],"twitter_card":"summary_large_image","twitter_misc":{"Ber\u00e4knad l\u00e4stid":"2 minuter"},"schema":{"@context":"https:\/\/schema.org","@graph":[{"@type":"WebPage","@id":"https:\/\/abc-office.eu\/sv\/kontakt\/","url":"https:\/\/abc-office.eu\/sv\/kontakt\/","name":"Kontakt \u00f6vers\u00e4ttning | \u00d6vers\u00e4ttare | Europeiska unionen","isPartOf":{"@id":"https:\/\/abc-office.eu\/sv\/#website"},"primaryImageOfPage":{"@id":"https:\/\/abc-office.eu\/sv\/kontakt\/#primaryimage"},"image":{"@id":"https:\/\/abc-office.eu\/sv\/kontakt\/#primaryimage"},"thumbnailUrl":"https:\/\/abc-office.eu\/wp-content\/uploads\/2025\/10\/Flag_of_Europe-2-768x512-4.png","datePublished":"2022-04-25T08:26:44+00:00","dateModified":"2025-10-15T14:46:46+00:00","description":"ABC Translation: Kontakt | Webbplats\u00f6vers\u00e4ttning | \u00d6vers\u00e4ttning av officiella dokument | Specialiserad \u00f6vers\u00e4ttning | Europeiska unionen","breadcrumb":{"@id":"https:\/\/abc-office.eu\/sv\/kontakt\/#breadcrumb"},"inLanguage":"sv-SE","potentialAction":[{"@type":"ReadAction","target":["https:\/\/abc-office.eu\/sv\/kontakt\/"]}]},{"@type":"ImageObject","inLanguage":"sv-SE","@id":"https:\/\/abc-office.eu\/sv\/kontakt\/#primaryimage","url":"https:\/\/abc-office.eu\/wp-content\/uploads\/2025\/10\/Flag_of_Europe-2-768x512-4.png","contentUrl":"https:\/\/abc-office.eu\/wp-content\/uploads\/2025\/10\/Flag_of_Europe-2-768x512-4.png","width":768,"height":512},{"@type":"BreadcrumbList","@id":"https:\/\/abc-office.eu\/sv\/kontakt\/#breadcrumb","itemListElement":[{"@type":"ListItem","position":1,"name":"Accueil","item":"https:\/\/abc-office.eu\/sv\/"},{"@type":"ListItem","position":2,"name":"Kontakt"}]},{"@type":"WebSite","@id":"https:\/\/abc-office.eu\/sv\/#website","url":"https:\/\/abc-office.eu\/sv\/","name":"ABC Translation","description":"info@abc-office.eu","potentialAction":[{"@type":"SearchAction","target":{"@type":"EntryPoint","urlTemplate":"https:\/\/abc-office.eu\/sv\/?s={search_term_string}"},"query-input":{"@type":"PropertyValueSpecification","valueRequired":true,"valueName":"search_term_string"}}],"inLanguage":"sv-SE"}]}},"_links":{"self":[{"href":"https:\/\/abc-office.eu\/sv\/wp-json\/wp\/v2\/pages\/227098","targetHints":{"allow":["GET"]}}],"collection":[{"href":"https:\/\/abc-office.eu\/sv\/wp-json\/wp\/v2\/pages"}],"about":[{"href":"https:\/\/abc-office.eu\/sv\/wp-json\/wp\/v2\/types\/page"}],"author":[{"embeddable":true,"href":"https:\/\/abc-office.eu\/sv\/wp-json\/wp\/v2\/users\/1"}],"replies":[{"embeddable":true,"href":"https:\/\/abc-office.eu\/sv\/wp-json\/wp\/v2\/comments?post=227098"}],"version-history":[{"count":1,"href":"https:\/\/abc-office.eu\/sv\/wp-json\/wp\/v2\/pages\/227098\/revisions"}],"predecessor-version":[{"id":227107,"href":"https:\/\/abc-office.eu\/sv\/wp-json\/wp\/v2\/pages\/227098\/revisions\/227107"}],"wp:featuredmedia":[{"embeddable":true,"href":"https:\/\/abc-office.eu\/sv\/wp-json\/wp\/v2\/media\/226972"}],"wp:attachment":[{"href":"https:\/\/abc-office.eu\/sv\/wp-json\/wp\/v2\/media?parent=227098"}],"curies":[{"name":"wp","href":"https:\/\/api.w.org\/{rel}","templated":true}]}}