{"id":227087,"date":"2022-04-25T09:58:57","date_gmt":"2022-04-25T07:58:57","guid":{"rendered":"https:\/\/abc-office.eu\/?page_id=227087"},"modified":"2025-10-15T16:40:12","modified_gmt":"2025-10-15T14:40:12","slug":"juridik","status":"publish","type":"page","link":"https:\/\/abc-office.eu\/sv\/juridik\/","title":{"rendered":"Juridik"},"content":{"rendered":"<h2 data-start=\"104\" data-end=\"117\"><strong data-start=\"104\" data-end=\"115\">Juridik<\/strong><\/h2>\n<p style=\"text-align: justify;\" data-start=\"119\" data-end=\"388\">V\u00e5rt f\u00f6retag, ABC Translation, \u00e4r specialiserat inom flera omr\u00e5den som ofta r\u00f6r Europeiska unionens och internationell r\u00e4tt. Vi samarbetar dagligen med notarier, advokater och juridiska r\u00e5dgivare. Vi kan tillgodose alla dina juridiska behov i hela Europeiska unionen.<\/p>\n<h3 data-start=\"390\" data-end=\"414\"><strong data-start=\"390\" data-end=\"412\">Notarius publicus:<\/strong><\/h3>\n<p style=\"text-align: justify;\" data-start=\"416\" data-end=\"781\">Vi samarbetar med notarius publicus f\u00f6r att ge dig r\u00e5d och erbjuda kvalitativa tj\u00e4nster f\u00f6r uppr\u00e4ttande och legalisering av alla dina dokument. Vi \u00e4r specialiserade inom mycket specifika omr\u00e5den s\u00e5som familjer\u00e4tt, fastighetsr\u00e4tt, f\u00f6rm\u00f6genhetsf\u00f6rvaltning, bolagsr\u00e4tt, \u00e4renden som r\u00f6r internationella eller gr\u00e4ns\u00f6verskridande klienter, fullmakter och autentisering.<\/p>\n<h3 data-start=\"783\" data-end=\"801\"><strong data-start=\"783\" data-end=\"799\">Advokatbyr\u00e5:<\/strong><\/h3>\n<p style=\"text-align: justify;\" data-start=\"803\" data-end=\"1696\">V\u00e5r byr\u00e5 samlar advokater som har arbetat inom banker, multinationella f\u00f6retag, internationella f\u00f6rvaltare och juridiska byr\u00e5er i Europeiska unionen och utomlands. De \u00e4r specialiserade inom f\u00f6ljande omr\u00e5den: arbete, upps\u00e4gning, hyresavtal, avgifter, granskning, ledighet, avhysning, interna och internationella kontrakt, transaktioner, distribution, f\u00f6rs\u00e4ljning, franchise, konkurrens, bolag, goodwill, \u00f6verl\u00e5telser, familj, skilsm\u00e4ssor, arv, testamente, sam\u00e4gande, delning, balans, fastigheter, bostadsr\u00e4tt, byggnation, sakkunnigutl\u00e5tanden, fusioner och f\u00f6rv\u00e4rv, M&amp;A, ansvarsgarantier, straffr\u00e4tt, aff\u00e4rsjuridik, f\u00f6rfalskning, bedr\u00e4geri, ABS, bank, l\u00e5n, bestridande, f\u00f6rs\u00e4kring, indrivning, verkst\u00e4llighet, skadest\u00e5nd, deposition, exekutiva \u00e5tg\u00e4rder, garanti p\u00e5 f\u00f6rsta beg\u00e4ran, IT, internet, webbplatser, licenser, ansvar, etik, yrken, f\u00f6retag i sv\u00e5righeter, likvidation och offentlig r\u00e4tt.<\/p>\n<h3 data-start=\"1698\" data-end=\"1724\"><strong data-start=\"1698\" data-end=\"1722\">Juridiska r\u00e5dgivare:<\/strong><\/h3>\n<p style=\"text-align: justify;\" data-start=\"1726\" data-end=\"2218\">V\u00e5ra juridiska r\u00e5dgivare konsulteras dagligen i fr\u00e5gor som r\u00f6r juridik (kommersiell, skattem\u00e4ssig, milj\u00f6m\u00e4ssig etc.). P\u00e5 ett f\u00f6rebyggande stadium ger de r\u00e5d, till exempel vid uppr\u00e4ttande och f\u00f6rhandling av kontrakt. De ingriper p\u00e5 ett \u201dkurativt\u201d s\u00e4tt vid tvister, \u00e4ven om de inte f\u00f6retr\u00e4der kunderna i domstol, eftersom de inte \u00e4r medlemmar i advokatsamfundet. Slutligen garanterar de lagligheten i de olika beslutsprocesserna inom f\u00f6retaget, till exempel genom att f\u00f6rbereda styrelsem\u00f6ten.<\/p>\n<h3 data-start=\"2220\" data-end=\"2246\"><strong data-start=\"2220\" data-end=\"2244\">Juridisk r\u00e5dgivning:<\/strong><\/h3>\n<p style=\"text-align: justify;\" data-start=\"2248\" data-end=\"2497\">V\u00e5r byr\u00e5s juridiska r\u00e5dgivning ger alla personer, oavsett inkomst, m\u00f6jlighet att f\u00e5 r\u00e5d och information. Dessa tillhandah\u00e5lls av advokater och juridiska r\u00e5dgivare p\u00e5 v\u00e5r juridiska avdelning och \u00e4r anonyma, konfidentiella och tillg\u00e4ngliga f\u00f6r <a href=\"https:\/\/abc-office.eu\/sv\/\">alla<\/a>.<\/p>\n<p data-start=\"2248\" data-end=\"2497\"><img loading=\"lazy\" decoding=\"async\" class=\"aligncenter wp-image-141\" src=\"https:\/\/abc-office.ch\/wp-content\/uploads\/2018\/06\/Droit11-300x225.jpg\" alt=\"Juridik\" width=\"383\" height=\"287\" \/><\/p>\n","protected":false},"excerpt":{"rendered":"<p>Juridik V\u00e5rt f\u00f6retag, ABC Translation, \u00e4r specialiserat inom flera omr\u00e5den som ofta r\u00f6r Europeiska unionens och internationell r\u00e4tt. Vi samarbetar dagligen med notarier, advokater och juridiska r\u00e5dgivare. Vi kan tillgodose alla dina juridiska behov i hela Europeiska unionen. Notarius publicus: Vi samarbetar med notarius publicus f\u00f6r att ge dig r\u00e5d och erbjuda kvalitativa tj\u00e4nster f\u00f6r&#8230;<\/p>\n","protected":false},"author":1,"featured_media":226952,"parent":0,"menu_order":0,"comment_status":"closed","ping_status":"closed","template":"","meta":{"sfsi_plus_gutenberg_text_before_share":"","sfsi_plus_gutenberg_show_text_before_share":"","sfsi_plus_gutenberg_icon_type":"","sfsi_plus_gutenberg_icon_alignemt":"","sfsi_plus_gutenburg_max_per_row":"","footnotes":""},"class_list":["post-227087","page","type-page","status-publish","has-post-thumbnail","hentry"],"yoast_head":"<!-- This site is optimized with the Yoast SEO plugin v23.8 - https:\/\/yoast.com\/wordpress\/plugins\/seo\/ -->\n<title>Juridik l ABC Translation l Notarius publicus l Advokatbyr\u00e5 l Juridisk<\/title>\n<meta name=\"description\" content=\"ABC Translation l Juridik l Notarius publicus l Advokatbyr\u00e5 l Juridisk r\u00e5dgivare l Juridisk r\u00e5dgivning l Europeiska unionen och\" \/>\n<meta name=\"robots\" content=\"index, follow, max-snippet:-1, max-image-preview:large, max-video-preview:-1\" \/>\n<link rel=\"canonical\" href=\"https:\/\/abc-office.eu\/sv\/juridik\/\" \/>\n<meta property=\"og:locale\" content=\"sv_SE\" \/>\n<meta property=\"og:type\" content=\"article\" \/>\n<meta property=\"og:title\" content=\"Juridik l ABC Translation l Notarius publicus l Advokatbyr\u00e5 l Juridisk\" \/>\n<meta property=\"og:description\" content=\"ABC Translation l Juridik l Notarius publicus l Advokatbyr\u00e5 l Juridisk r\u00e5dgivare l Juridisk r\u00e5dgivning l Europeiska unionen och\" \/>\n<meta property=\"og:url\" content=\"https:\/\/abc-office.eu\/sv\/juridik\/\" \/>\n<meta property=\"og:site_name\" content=\"ABC Translation\" \/>\n<meta property=\"article:modified_time\" content=\"2025-10-15T14:40:12+00:00\" \/>\n<meta property=\"og:image\" content=\"https:\/\/abc-office.eu\/wp-content\/uploads\/2025\/10\/Droit1-768x432-4.jpg\" \/>\n\t<meta property=\"og:image:width\" content=\"768\" \/>\n\t<meta property=\"og:image:height\" content=\"432\" \/>\n\t<meta property=\"og:image:type\" content=\"image\/jpeg\" \/>\n<meta name=\"twitter:card\" content=\"summary_large_image\" \/>\n<meta name=\"twitter:label1\" content=\"Ber\u00e4knad l\u00e4stid\" \/>\n\t<meta name=\"twitter:data1\" content=\"2 minuter\" \/>\n<script type=\"application\/ld+json\" class=\"yoast-schema-graph\">{\"@context\":\"https:\/\/schema.org\",\"@graph\":[{\"@type\":\"WebPage\",\"@id\":\"https:\/\/abc-office.eu\/sv\/juridik\/\",\"url\":\"https:\/\/abc-office.eu\/sv\/juridik\/\",\"name\":\"Juridik l ABC Translation l Notarius publicus l Advokatbyr\u00e5 l Juridisk\",\"isPartOf\":{\"@id\":\"https:\/\/abc-office.eu\/sv\/#website\"},\"primaryImageOfPage\":{\"@id\":\"https:\/\/abc-office.eu\/sv\/juridik\/#primaryimage\"},\"image\":{\"@id\":\"https:\/\/abc-office.eu\/sv\/juridik\/#primaryimage\"},\"thumbnailUrl\":\"https:\/\/abc-office.eu\/wp-content\/uploads\/2025\/10\/Droit1-768x432-4.jpg\",\"datePublished\":\"2022-04-25T07:58:57+00:00\",\"dateModified\":\"2025-10-15T14:40:12+00:00\",\"description\":\"ABC Translation l Juridik l Notarius publicus l Advokatbyr\u00e5 l Juridisk r\u00e5dgivare l Juridisk r\u00e5dgivning l Europeiska unionen och\",\"breadcrumb\":{\"@id\":\"https:\/\/abc-office.eu\/sv\/juridik\/#breadcrumb\"},\"inLanguage\":\"sv-SE\",\"potentialAction\":[{\"@type\":\"ReadAction\",\"target\":[\"https:\/\/abc-office.eu\/sv\/juridik\/\"]}]},{\"@type\":\"ImageObject\",\"inLanguage\":\"sv-SE\",\"@id\":\"https:\/\/abc-office.eu\/sv\/juridik\/#primaryimage\",\"url\":\"https:\/\/abc-office.eu\/wp-content\/uploads\/2025\/10\/Droit1-768x432-4.jpg\",\"contentUrl\":\"https:\/\/abc-office.eu\/wp-content\/uploads\/2025\/10\/Droit1-768x432-4.jpg\",\"width\":768,\"height\":432},{\"@type\":\"BreadcrumbList\",\"@id\":\"https:\/\/abc-office.eu\/sv\/juridik\/#breadcrumb\",\"itemListElement\":[{\"@type\":\"ListItem\",\"position\":1,\"name\":\"Accueil\",\"item\":\"https:\/\/abc-office.eu\/sv\/\"},{\"@type\":\"ListItem\",\"position\":2,\"name\":\"Juridik\"}]},{\"@type\":\"WebSite\",\"@id\":\"https:\/\/abc-office.eu\/sv\/#website\",\"url\":\"https:\/\/abc-office.eu\/sv\/\",\"name\":\"ABC Translation\",\"description\":\"info@abc-office.eu\",\"potentialAction\":[{\"@type\":\"SearchAction\",\"target\":{\"@type\":\"EntryPoint\",\"urlTemplate\":\"https:\/\/abc-office.eu\/sv\/?s={search_term_string}\"},\"query-input\":{\"@type\":\"PropertyValueSpecification\",\"valueRequired\":true,\"valueName\":\"search_term_string\"}}],\"inLanguage\":\"sv-SE\"}]}<\/script>\n<!-- \/ Yoast SEO plugin. -->","yoast_head_json":{"title":"Juridik l ABC Translation l Notarius publicus l Advokatbyr\u00e5 l Juridisk","description":"ABC Translation l Juridik l Notarius publicus l Advokatbyr\u00e5 l Juridisk r\u00e5dgivare l Juridisk r\u00e5dgivning l Europeiska unionen och","robots":{"index":"index","follow":"follow","max-snippet":"max-snippet:-1","max-image-preview":"max-image-preview:large","max-video-preview":"max-video-preview:-1"},"canonical":"https:\/\/abc-office.eu\/sv\/juridik\/","og_locale":"sv_SE","og_type":"article","og_title":"Juridik l ABC Translation l Notarius publicus l Advokatbyr\u00e5 l Juridisk","og_description":"ABC Translation l Juridik l Notarius publicus l Advokatbyr\u00e5 l Juridisk r\u00e5dgivare l Juridisk r\u00e5dgivning l Europeiska unionen och","og_url":"https:\/\/abc-office.eu\/sv\/juridik\/","og_site_name":"ABC Translation","article_modified_time":"2025-10-15T14:40:12+00:00","og_image":[{"width":768,"height":432,"url":"https:\/\/abc-office.eu\/wp-content\/uploads\/2025\/10\/Droit1-768x432-4.jpg","type":"image\/jpeg"}],"twitter_card":"summary_large_image","twitter_misc":{"Ber\u00e4knad l\u00e4stid":"2 minuter"},"schema":{"@context":"https:\/\/schema.org","@graph":[{"@type":"WebPage","@id":"https:\/\/abc-office.eu\/sv\/juridik\/","url":"https:\/\/abc-office.eu\/sv\/juridik\/","name":"Juridik l ABC Translation l Notarius publicus l Advokatbyr\u00e5 l Juridisk","isPartOf":{"@id":"https:\/\/abc-office.eu\/sv\/#website"},"primaryImageOfPage":{"@id":"https:\/\/abc-office.eu\/sv\/juridik\/#primaryimage"},"image":{"@id":"https:\/\/abc-office.eu\/sv\/juridik\/#primaryimage"},"thumbnailUrl":"https:\/\/abc-office.eu\/wp-content\/uploads\/2025\/10\/Droit1-768x432-4.jpg","datePublished":"2022-04-25T07:58:57+00:00","dateModified":"2025-10-15T14:40:12+00:00","description":"ABC Translation l Juridik l Notarius publicus l Advokatbyr\u00e5 l Juridisk r\u00e5dgivare l Juridisk r\u00e5dgivning l Europeiska unionen och","breadcrumb":{"@id":"https:\/\/abc-office.eu\/sv\/juridik\/#breadcrumb"},"inLanguage":"sv-SE","potentialAction":[{"@type":"ReadAction","target":["https:\/\/abc-office.eu\/sv\/juridik\/"]}]},{"@type":"ImageObject","inLanguage":"sv-SE","@id":"https:\/\/abc-office.eu\/sv\/juridik\/#primaryimage","url":"https:\/\/abc-office.eu\/wp-content\/uploads\/2025\/10\/Droit1-768x432-4.jpg","contentUrl":"https:\/\/abc-office.eu\/wp-content\/uploads\/2025\/10\/Droit1-768x432-4.jpg","width":768,"height":432},{"@type":"BreadcrumbList","@id":"https:\/\/abc-office.eu\/sv\/juridik\/#breadcrumb","itemListElement":[{"@type":"ListItem","position":1,"name":"Accueil","item":"https:\/\/abc-office.eu\/sv\/"},{"@type":"ListItem","position":2,"name":"Juridik"}]},{"@type":"WebSite","@id":"https:\/\/abc-office.eu\/sv\/#website","url":"https:\/\/abc-office.eu\/sv\/","name":"ABC Translation","description":"info@abc-office.eu","potentialAction":[{"@type":"SearchAction","target":{"@type":"EntryPoint","urlTemplate":"https:\/\/abc-office.eu\/sv\/?s={search_term_string}"},"query-input":{"@type":"PropertyValueSpecification","valueRequired":true,"valueName":"search_term_string"}}],"inLanguage":"sv-SE"}]}},"_links":{"self":[{"href":"https:\/\/abc-office.eu\/sv\/wp-json\/wp\/v2\/pages\/227087","targetHints":{"allow":["GET"]}}],"collection":[{"href":"https:\/\/abc-office.eu\/sv\/wp-json\/wp\/v2\/pages"}],"about":[{"href":"https:\/\/abc-office.eu\/sv\/wp-json\/wp\/v2\/types\/page"}],"author":[{"embeddable":true,"href":"https:\/\/abc-office.eu\/sv\/wp-json\/wp\/v2\/users\/1"}],"replies":[{"embeddable":true,"href":"https:\/\/abc-office.eu\/sv\/wp-json\/wp\/v2\/comments?post=227087"}],"version-history":[{"count":1,"href":"https:\/\/abc-office.eu\/sv\/wp-json\/wp\/v2\/pages\/227087\/revisions"}],"predecessor-version":[{"id":227097,"href":"https:\/\/abc-office.eu\/sv\/wp-json\/wp\/v2\/pages\/227087\/revisions\/227097"}],"wp:featuredmedia":[{"embeddable":true,"href":"https:\/\/abc-office.eu\/sv\/wp-json\/wp\/v2\/media\/226952"}],"wp:attachment":[{"href":"https:\/\/abc-office.eu\/sv\/wp-json\/wp\/v2\/media?parent=227087"}],"curies":[{"name":"wp","href":"https:\/\/api.w.org\/{rel}","templated":true}]}}