{"id":227070,"date":"2017-02-16T09:16:01","date_gmt":"2017-02-16T08:16:01","guid":{"rendered":"https:\/\/abc-office.eu\/?page_id=227070"},"modified":"2025-10-15T16:04:11","modified_gmt":"2025-10-15T14:04:11","slug":"fastigheter","status":"publish","type":"page","link":"https:\/\/abc-office.eu\/sv\/fastigheter\/","title":{"rendered":"Fastigheter"},"content":{"rendered":"<h2 data-start=\"94\" data-end=\"111\"><strong data-start=\"94\" data-end=\"109\">Fastigheter<\/strong><\/h2>\n<p style=\"text-align: justify;\" data-start=\"113\" data-end=\"468\">V\u00e5rt fastighetskontor, ABC Translation, startade 2017 genom att k\u00f6pa en 5,5-rumsl\u00e4genhet i Schweiz f\u00f6r att g\u00f6ra den till ett internationellt studentboende. Eftersom Lausanne-universitetet och EPFL ligger i n\u00e4rheten blev boendet en framg\u00e5ng redan vid \u00f6ppningen i september 2017. De fyra rummen hyrdes ut p\u00e5 n\u00e5gra dagar och v\u00e5r fastighetsavdelning f\u00f6ddes.<\/p>\n<p style=\"text-align: justify;\" data-start=\"470\" data-end=\"639\">Sedan denna f\u00f6rsta erfarenhet har vi fortsatt att v\u00e4xa och vi kan nu hantera k\u00f6p, f\u00f6rs\u00e4ljning, uthyrning och f\u00f6rvaltning av din fastighet i Schweiz och \u00e4ven utomlands.<\/p>\n<h3 data-start=\"641\" data-end=\"651\"><strong data-start=\"641\" data-end=\"649\">K\u00f6p:<\/strong><\/h3>\n<p style=\"text-align: justify;\" data-start=\"653\" data-end=\"1036\">Att k\u00f6pa en fastighet \u00e4r ett mycket viktigt beslut som kommer att p\u00e5verka din framtid under flera \u00e5r. Ett s\u00e5dant beslut b\u00f6r inte tas l\u00e4ttvindigt. D\u00e4rf\u00f6r \u00e4r det viktigt att v\u00e4lja r\u00e4tt partner som kan ge r\u00e5d i flera viktiga fr\u00e5gor, s\u00e5som fastighetens skick, ber\u00e4kning av bol\u00e5n och investeringens l\u00e5ngsiktiga l\u00f6nsamhet. En god analys av situationen garanterar ett sunt och s\u00e4kert k\u00f6p.<\/p>\n<h3 data-start=\"1038\" data-end=\"1056\"><strong data-start=\"1038\" data-end=\"1054\">F\u00f6rs\u00e4ljning:<\/strong><\/h3>\n<p style=\"text-align: justify;\" data-start=\"1058\" data-end=\"1537\">Fastighetsmarknaden i Schweiz har fortsatt att utvecklas, med st\u00e4ndigt stigande priser. Vi har n\u00e5tt en avg\u00f6rande punkt d\u00e4r utbudet \u00f6verstiger efterfr\u00e5gan, och det har nu blivit sv\u00e5rt att s\u00e4lja sin fastighet p\u00e5 grund av det stora antalet bost\u00e4der till salu. Genom att anlita en expert \u00f6kar du dina chanser att s\u00e4lja din fastighet p\u00e5 kortare tid och till det \u00f6nskade priset. Dra nytta av v\u00e5rt n\u00e4tverk i hela Schweiz och internationellt f\u00f6r att \u00f6ka dina m\u00f6jligheter till framg\u00e5ng.<\/p>\n<h3 data-start=\"1539\" data-end=\"1555\"><strong data-start=\"1539\" data-end=\"1553\">Uthyrning:<\/strong><\/h3>\n<p style=\"text-align: justify;\" data-start=\"1557\" data-end=\"2000\">Att hyra ut sin fastighet kan verka enkelt, men det finns flera fallgropar att undvika n\u00e4r du vill hyra ut din l\u00e4genhet, ditt hus eller till och med ett rum. En komplett dokumentation m\u00e5ste vara p\u00e5 plats innan man kan \u00f6verv\u00e4ga en potentiell hyresg\u00e4st, till exempel ett utdrag ur r\u00e4ttsprocesser och de tre senaste l\u00f6nespecifikationerna. Sedan m\u00e5ste depositionen betalas via bank\u00f6verf\u00f6ring eller genom en hyresgaranti hos ett f\u00f6rs\u00e4kringsbolag.<\/p>\n<h3 data-start=\"2002\" data-end=\"2022\"><strong data-start=\"2002\" data-end=\"2020\">Studentboende:<\/strong><\/h3>\n<p style=\"text-align: justify;\" data-start=\"2024\" data-end=\"2312\">Vi har flera studentbost\u00e4der tillg\u00e4ngliga f\u00f6r korta eller l\u00e5nga perioder. De flesta av v\u00e5ra boenden ligger n\u00e4ra Lausanne-universitetet, EPFL, ECAL och EHL. De mest efterfr\u00e5gade \u00e4r delade rum och studios. Man m\u00e5ste planera i f\u00f6rv\u00e4g f\u00f6r att vara s\u00e4ker p\u00e5 att f\u00e5 bostad vid terminsstarten.<\/p>\n<h3 data-start=\"2314\" data-end=\"2350\"><strong data-start=\"2314\" data-end=\"2348\">L\u00e4genhetsj\u00e4gare (fastigheter):<\/strong><\/h3>\n<p style=\"text-align: justify;\" data-start=\"2352\" data-end=\"2678\">Har du sv\u00e5rt att hitta boende enligt dina kriterier eller problem att hitta en hyresl\u00e4genhet? V\u00e5ra l\u00e4genhetsj\u00e4gare st\u00e5r till ditt f\u00f6rfogande f\u00f6r att hj\u00e4lpa dig att hitta en bostad s\u00e5 snabbt som m\u00f6jligt. Tack vare v\u00e5rt n\u00e4tverk och v\u00e5r professionalism hittar vi en bostad \u00e5t dig s\u00e5 snart som m\u00f6jligt och enligt dina kriterier.<\/p>\n<h3 data-start=\"2680\" data-end=\"2699\"><strong data-start=\"2680\" data-end=\"2697\">Home Staging:<\/strong><\/h3>\n<p style=\"text-align: justify;\" data-start=\"2701\" data-end=\"3016\">Har du problem med att s\u00e4lja din fastighet? I s\u00e5 fall kan du anlita v\u00e5rt Home Staging-team, som \u00e4r specialiserat p\u00e5 att lyfta fram l\u00e4genheter och hus f\u00f6r att underl\u00e4tta f\u00f6rs\u00e4ljningen. Detta system har visat sig effektivt f\u00f6r fastigheter som beh\u00f6ver en snabb renovering eller n\u00e5gra \u00e4ndringar f\u00f6r att g\u00f6ra skillnad.<\/p>\n<h3 data-start=\"3018\" data-end=\"3048\"><strong data-start=\"3018\" data-end=\"3046\">V\u00e4rdering (fastigheter):<\/strong><\/h3>\n<p style=\"text-align: justify;\" data-start=\"3050\" data-end=\"3338\">En korrekt v\u00e4rdering av en fastighet i f\u00f6rh\u00e5llande till marknadspriset \u00e4r avg\u00f6rande f\u00f6r en lyckad f\u00f6rs\u00e4ljning och till r\u00e4tt pris. Tack vare kriterier s\u00e5som byggnads\u00e5ret och l\u00e4get kan vi uppskatta din fastighet s\u00e5 n\u00e4ra dess verkliga v\u00e4rde p\u00e5 den aktuella fastighetsmarknaden som <a href=\"https:\/\/abc-office.eu\/sv\/\">m\u00f6jligt<\/a>.<\/p>\n<p data-start=\"3050\" data-end=\"3338\"><a href=\"https:\/\/www.instagram.com\/dr_immo\/?hl=fr\"><img loading=\"lazy\" decoding=\"async\" class=\"aligncenter wp-image-109\" src=\"https:\/\/abc-office.ch\/wp-content\/uploads\/2018\/06\/Dr_Immo.jpg\" alt=\"Fastigheter\" width=\"222\" height=\"222\" \/><\/a><\/p>\n","protected":false},"excerpt":{"rendered":"<p>Fastigheter V\u00e5rt fastighetskontor, ABC Translation, startade 2017 genom att k\u00f6pa en 5,5-rumsl\u00e4genhet i Schweiz f\u00f6r att g\u00f6ra den till ett internationellt studentboende. Eftersom Lausanne-universitetet och EPFL ligger i n\u00e4rheten blev boendet en framg\u00e5ng redan vid \u00f6ppningen i september 2017. De fyra rummen hyrdes ut p\u00e5 n\u00e5gra dagar och v\u00e5r fastighetsavdelning f\u00f6ddes. Sedan denna f\u00f6rsta erfarenhet&#8230;<\/p>\n","protected":false},"author":1,"featured_media":226934,"parent":0,"menu_order":0,"comment_status":"closed","ping_status":"closed","template":"","meta":{"sfsi_plus_gutenberg_text_before_share":"","sfsi_plus_gutenberg_show_text_before_share":"","sfsi_plus_gutenberg_icon_type":"","sfsi_plus_gutenberg_icon_alignemt":"","sfsi_plus_gutenburg_max_per_row":"","footnotes":""},"class_list":["post-227070","page","type-page","status-publish","has-post-thumbnail","hentry"],"yoast_head":"<!-- This site is optimized with the Yoast SEO plugin v23.8 - https:\/\/yoast.com\/wordpress\/plugins\/seo\/ -->\n<title>Fastigheter l ABC Translation l K\u00f6pa l S\u00e4lja l Hyra l Studentboende<\/title>\n<meta name=\"description\" content=\"ABC Translation l Fastigheter l K\u00f6pa l S\u00e4lja l Hyra l Uthyrning l Studentboende l Homestyling l Fastighetsbyr\u00e5 i Europeiska unionen\" \/>\n<meta name=\"robots\" content=\"index, follow, max-snippet:-1, max-image-preview:large, max-video-preview:-1\" \/>\n<link rel=\"canonical\" href=\"https:\/\/abc-office.eu\/sv\/fastigheter\/\" \/>\n<meta property=\"og:locale\" content=\"sv_SE\" \/>\n<meta property=\"og:type\" content=\"article\" \/>\n<meta property=\"og:title\" content=\"Fastigheter l ABC Translation l K\u00f6pa l S\u00e4lja l Hyra l Studentboende\" \/>\n<meta property=\"og:description\" content=\"ABC Translation l Fastigheter l K\u00f6pa l S\u00e4lja l Hyra l Uthyrning l Studentboende l Homestyling l Fastighetsbyr\u00e5 i Europeiska unionen\" \/>\n<meta property=\"og:url\" content=\"https:\/\/abc-office.eu\/sv\/fastigheter\/\" \/>\n<meta property=\"og:site_name\" content=\"ABC Translation\" \/>\n<meta property=\"article:modified_time\" content=\"2025-10-15T14:04:11+00:00\" \/>\n<meta property=\"og:image\" content=\"https:\/\/abc-office.eu\/wp-content\/uploads\/2025\/10\/Immo-768x513-4.jpg\" \/>\n\t<meta property=\"og:image:width\" content=\"768\" \/>\n\t<meta property=\"og:image:height\" content=\"513\" \/>\n\t<meta property=\"og:image:type\" content=\"image\/jpeg\" \/>\n<meta name=\"twitter:card\" content=\"summary_large_image\" \/>\n<meta name=\"twitter:label1\" content=\"Ber\u00e4knad l\u00e4stid\" \/>\n\t<meta name=\"twitter:data1\" content=\"3 minuter\" \/>\n<script type=\"application\/ld+json\" class=\"yoast-schema-graph\">{\"@context\":\"https:\/\/schema.org\",\"@graph\":[{\"@type\":\"WebPage\",\"@id\":\"https:\/\/abc-office.eu\/sv\/fastigheter\/\",\"url\":\"https:\/\/abc-office.eu\/sv\/fastigheter\/\",\"name\":\"Fastigheter l ABC Translation l K\u00f6pa l S\u00e4lja l Hyra l Studentboende\",\"isPartOf\":{\"@id\":\"https:\/\/abc-office.eu\/sv\/#website\"},\"primaryImageOfPage\":{\"@id\":\"https:\/\/abc-office.eu\/sv\/fastigheter\/#primaryimage\"},\"image\":{\"@id\":\"https:\/\/abc-office.eu\/sv\/fastigheter\/#primaryimage\"},\"thumbnailUrl\":\"https:\/\/abc-office.eu\/wp-content\/uploads\/2025\/10\/Immo-768x513-4.jpg\",\"datePublished\":\"2017-02-16T08:16:01+00:00\",\"dateModified\":\"2025-10-15T14:04:11+00:00\",\"description\":\"ABC Translation l Fastigheter l K\u00f6pa l S\u00e4lja l Hyra l Uthyrning l Studentboende l Homestyling l Fastighetsbyr\u00e5 i Europeiska unionen\",\"breadcrumb\":{\"@id\":\"https:\/\/abc-office.eu\/sv\/fastigheter\/#breadcrumb\"},\"inLanguage\":\"sv-SE\",\"potentialAction\":[{\"@type\":\"ReadAction\",\"target\":[\"https:\/\/abc-office.eu\/sv\/fastigheter\/\"]}]},{\"@type\":\"ImageObject\",\"inLanguage\":\"sv-SE\",\"@id\":\"https:\/\/abc-office.eu\/sv\/fastigheter\/#primaryimage\",\"url\":\"https:\/\/abc-office.eu\/wp-content\/uploads\/2025\/10\/Immo-768x513-4.jpg\",\"contentUrl\":\"https:\/\/abc-office.eu\/wp-content\/uploads\/2025\/10\/Immo-768x513-4.jpg\",\"width\":768,\"height\":513},{\"@type\":\"BreadcrumbList\",\"@id\":\"https:\/\/abc-office.eu\/sv\/fastigheter\/#breadcrumb\",\"itemListElement\":[{\"@type\":\"ListItem\",\"position\":1,\"name\":\"Accueil\",\"item\":\"https:\/\/abc-office.eu\/sv\/\"},{\"@type\":\"ListItem\",\"position\":2,\"name\":\"Fastigheter\"}]},{\"@type\":\"WebSite\",\"@id\":\"https:\/\/abc-office.eu\/sv\/#website\",\"url\":\"https:\/\/abc-office.eu\/sv\/\",\"name\":\"ABC Translation\",\"description\":\"info@abc-office.eu\",\"potentialAction\":[{\"@type\":\"SearchAction\",\"target\":{\"@type\":\"EntryPoint\",\"urlTemplate\":\"https:\/\/abc-office.eu\/sv\/?s={search_term_string}\"},\"query-input\":{\"@type\":\"PropertyValueSpecification\",\"valueRequired\":true,\"valueName\":\"search_term_string\"}}],\"inLanguage\":\"sv-SE\"}]}<\/script>\n<!-- \/ Yoast SEO plugin. -->","yoast_head_json":{"title":"Fastigheter l ABC Translation l K\u00f6pa l S\u00e4lja l Hyra l Studentboende","description":"ABC Translation l Fastigheter l K\u00f6pa l S\u00e4lja l Hyra l Uthyrning l Studentboende l Homestyling l Fastighetsbyr\u00e5 i Europeiska unionen","robots":{"index":"index","follow":"follow","max-snippet":"max-snippet:-1","max-image-preview":"max-image-preview:large","max-video-preview":"max-video-preview:-1"},"canonical":"https:\/\/abc-office.eu\/sv\/fastigheter\/","og_locale":"sv_SE","og_type":"article","og_title":"Fastigheter l ABC Translation l K\u00f6pa l S\u00e4lja l Hyra l Studentboende","og_description":"ABC Translation l Fastigheter l K\u00f6pa l S\u00e4lja l Hyra l Uthyrning l Studentboende l Homestyling l Fastighetsbyr\u00e5 i Europeiska unionen","og_url":"https:\/\/abc-office.eu\/sv\/fastigheter\/","og_site_name":"ABC Translation","article_modified_time":"2025-10-15T14:04:11+00:00","og_image":[{"width":768,"height":513,"url":"https:\/\/abc-office.eu\/wp-content\/uploads\/2025\/10\/Immo-768x513-4.jpg","type":"image\/jpeg"}],"twitter_card":"summary_large_image","twitter_misc":{"Ber\u00e4knad l\u00e4stid":"3 minuter"},"schema":{"@context":"https:\/\/schema.org","@graph":[{"@type":"WebPage","@id":"https:\/\/abc-office.eu\/sv\/fastigheter\/","url":"https:\/\/abc-office.eu\/sv\/fastigheter\/","name":"Fastigheter l ABC Translation l K\u00f6pa l S\u00e4lja l Hyra l Studentboende","isPartOf":{"@id":"https:\/\/abc-office.eu\/sv\/#website"},"primaryImageOfPage":{"@id":"https:\/\/abc-office.eu\/sv\/fastigheter\/#primaryimage"},"image":{"@id":"https:\/\/abc-office.eu\/sv\/fastigheter\/#primaryimage"},"thumbnailUrl":"https:\/\/abc-office.eu\/wp-content\/uploads\/2025\/10\/Immo-768x513-4.jpg","datePublished":"2017-02-16T08:16:01+00:00","dateModified":"2025-10-15T14:04:11+00:00","description":"ABC Translation l Fastigheter l K\u00f6pa l S\u00e4lja l Hyra l Uthyrning l Studentboende l Homestyling l Fastighetsbyr\u00e5 i Europeiska unionen","breadcrumb":{"@id":"https:\/\/abc-office.eu\/sv\/fastigheter\/#breadcrumb"},"inLanguage":"sv-SE","potentialAction":[{"@type":"ReadAction","target":["https:\/\/abc-office.eu\/sv\/fastigheter\/"]}]},{"@type":"ImageObject","inLanguage":"sv-SE","@id":"https:\/\/abc-office.eu\/sv\/fastigheter\/#primaryimage","url":"https:\/\/abc-office.eu\/wp-content\/uploads\/2025\/10\/Immo-768x513-4.jpg","contentUrl":"https:\/\/abc-office.eu\/wp-content\/uploads\/2025\/10\/Immo-768x513-4.jpg","width":768,"height":513},{"@type":"BreadcrumbList","@id":"https:\/\/abc-office.eu\/sv\/fastigheter\/#breadcrumb","itemListElement":[{"@type":"ListItem","position":1,"name":"Accueil","item":"https:\/\/abc-office.eu\/sv\/"},{"@type":"ListItem","position":2,"name":"Fastigheter"}]},{"@type":"WebSite","@id":"https:\/\/abc-office.eu\/sv\/#website","url":"https:\/\/abc-office.eu\/sv\/","name":"ABC Translation","description":"info@abc-office.eu","potentialAction":[{"@type":"SearchAction","target":{"@type":"EntryPoint","urlTemplate":"https:\/\/abc-office.eu\/sv\/?s={search_term_string}"},"query-input":{"@type":"PropertyValueSpecification","valueRequired":true,"valueName":"search_term_string"}}],"inLanguage":"sv-SE"}]}},"_links":{"self":[{"href":"https:\/\/abc-office.eu\/sv\/wp-json\/wp\/v2\/pages\/227070","targetHints":{"allow":["GET"]}}],"collection":[{"href":"https:\/\/abc-office.eu\/sv\/wp-json\/wp\/v2\/pages"}],"about":[{"href":"https:\/\/abc-office.eu\/sv\/wp-json\/wp\/v2\/types\/page"}],"author":[{"embeddable":true,"href":"https:\/\/abc-office.eu\/sv\/wp-json\/wp\/v2\/users\/1"}],"replies":[{"embeddable":true,"href":"https:\/\/abc-office.eu\/sv\/wp-json\/wp\/v2\/comments?post=227070"}],"version-history":[{"count":1,"href":"https:\/\/abc-office.eu\/sv\/wp-json\/wp\/v2\/pages\/227070\/revisions"}],"predecessor-version":[{"id":227074,"href":"https:\/\/abc-office.eu\/sv\/wp-json\/wp\/v2\/pages\/227070\/revisions\/227074"}],"wp:featuredmedia":[{"embeddable":true,"href":"https:\/\/abc-office.eu\/sv\/wp-json\/wp\/v2\/media\/226934"}],"wp:attachment":[{"href":"https:\/\/abc-office.eu\/sv\/wp-json\/wp\/v2\/media?parent=227070"}],"curies":[{"name":"wp","href":"https:\/\/api.w.org\/{rel}","templated":true}]}}