{"id":227064,"date":"2017-02-16T09:17:00","date_gmt":"2017-02-16T08:17:00","guid":{"rendered":"https:\/\/abc-office.eu\/?page_id=227064"},"modified":"2025-10-15T15:41:37","modified_gmt":"2025-10-15T13:41:37","slug":"oversattning","status":"publish","type":"page","link":"https:\/\/abc-office.eu\/sv\/oversattning\/","title":{"rendered":"\u00d6vers\u00e4ttning"},"content":{"rendered":"<h2 data-start=\"101\" data-end=\"119\"><strong data-start=\"101\" data-end=\"117\">\u00d6vers\u00e4ttning<\/strong><\/h2>\n<p style=\"text-align: justify;\" data-start=\"121\" data-end=\"374\">V\u00e5r byr\u00e5, ABC Translation, har i m\u00e5nga \u00e5r specialiserat sig p\u00e5 \u00f6vers\u00e4ttning och tolkning. Vi kan n\u00e4mligen erbjuda alla tj\u00e4nster inom detta omr\u00e5de, vare sig det g\u00e4ller en officiell \u00f6vers\u00e4ttning, en enkel \u00f6vers\u00e4ttning eller ett behov av tolkning (live).<\/p>\n<p style=\"text-align: justify;\" data-start=\"376\" data-end=\"793\">Med ett team p\u00e5 \u00f6ver 800 \u00f6vers\u00e4ttare och tolkar vet vi hur man hanterar alla typer av projekt inom mycket korta tidsfrister. Kvalitet och snabbhet \u00e4r v\u00e5ra ledord f\u00f6r resultat som alltid motsvarar v\u00e5ra kunders f\u00f6rv\u00e4ntningar. Vi finns b\u00e5de i Europeiska unionen och i Storbritannien. Tack vare denna n\u00e4rvaro och v\u00e5r snabbhet har vi kunnat utvecklas, och idag erbjuder vi \u00f6vers\u00e4ttningstj\u00e4nster p\u00e5 mer \u00e4n 60 olika spr\u00e5k.<\/p>\n<h3 data-start=\"795\" data-end=\"824\"><strong data-start=\"795\" data-end=\"822\">Officiell \u00f6vers\u00e4ttning:<\/strong><\/h3>\n<p style=\"text-align: justify;\" data-start=\"826\" data-end=\"1174\">Vi \u00e4r specialiserade p\u00e5 officiella \u00f6vers\u00e4ttningar f\u00f6r att underl\u00e4tta f\u00f6r dig n\u00e4r du anl\u00e4nder till EU eller Storbritannien eller inf\u00f6r en resa utomlands. \u00d6vers\u00e4ttningar legaliseras vanligtvis av v\u00e5r notarius publicus och d\u00e4refter vid kansliet med apostille eller legalisering enligt g\u00e4llande konventioner. Kundernas tidsramar \u00e4r ofta mycket korta.<\/p>\n<p style=\"text-align: justify;\" data-start=\"1176\" data-end=\"1501\">D\u00e4rf\u00f6r har vi skapat ett system som g\u00f6r det m\u00f6jligt att \u00f6vers\u00e4tta, legalisera och f\u00f6rse dokument med apostille p\u00e5 rekordtid. Till exempel beh\u00f6ver vi tv\u00e5 dagar f\u00f6r att genomf\u00f6ra de olika stegen f\u00f6r ett dokument p\u00e5 mindre \u00e4n fem sidor. Dessa \u00f6vers\u00e4ttningar kan sedan legaliseras av destinationslandets konsulat om det beh\u00f6vs.<\/p>\n<p style=\"text-align: justify;\" data-start=\"1503\" data-end=\"1773\">Officiell \u00f6vers\u00e4ttning f\u00f6r erk\u00e4nnande av dina utl\u00e4ndska examina i EU och\/eller Storbritannien ing\u00e5r ocks\u00e5 i v\u00e5rt tj\u00e4nsteutbud. \u00c4ven h\u00e4r \u00f6vers\u00e4tter vi dokumenten och legaliserar dem d\u00e4refter hos v\u00e5r notarius publicus s\u00e5 att de kan accepteras av erk\u00e4nnandemyndigheterna.<\/p>\n<p style=\"text-align: justify;\" data-start=\"1775\" data-end=\"1852\">Din akt kommer att vara komplett f\u00f6r granskning av erk\u00e4nnandemyndigheterna.<\/p>\n<h3 data-start=\"1854\" data-end=\"1866\"><strong data-start=\"1854\" data-end=\"1864\">Spr\u00e5k:<\/strong><\/h3>\n<p style=\"text-align: justify;\" data-start=\"1868\" data-end=\"2816\">Afrikaans | Albanska | Tyska | Amerikansk engelska | Amhariska | Engelska | Arabiska | Armeniska | Aymara | Azerbajdzjanska | Baskiska | Bengali | Vitryska | Burmesiska | Bosniska | Brasiliansk portugisiska | Bulgariska | Kantonesiska | Katalanska | Singalesiska | Kinesiska | F\u00f6renklad kinesiska | Traditionell kinesiska | Koreanska | Kroatiska | Danska | Dari | Spanska | Estniska | Ewe | Farsi | Finska | Georgiska | Grekiska | Guarani | Hebreiska | Hindi | Ungerska | Indonesiska | Italienska | Japanska | Kazakiska | Khmer | Kirgiziska | Kurdiska | Lao | Lettiska | Lingala | Litauiska | Makedonska | Malajiska | Malayalam | Mandarin | Moldaviska | Mongoliska | Montenegrinska | Nederl\u00e4ndska | Norska | Urdu | Uzbekiska | Pashto | Punjabi | Persiska | Fula | Polska | Portugisiska | Quechua | Rum\u00e4nska | Ryska | Serbiska | Slovakiska | Slovenska | Svenska | Tamil | Tjeckiska | Thail\u00e4ndska | Turkiska | Turkmenska | Ukrainska | Vietnamesiska<\/p>\n<h3 data-start=\"2818\" data-end=\"2833\"><strong data-start=\"2818\" data-end=\"2831\">Dokument:<\/strong><\/h3>\n<p style=\"text-align: justify;\" data-start=\"2835\" data-end=\"3169\">F\u00f6delseattest | Vigselbevis | Civilst\u00e5ndsintyg | Intyg | Patent | Utdrag ur brottsregistret | Certifikat | Intyg om ogift | D\u00f6dsattest | Familjebevis | Arbetsintyg | Skattedeklaration | Examensbevis | Pass | K\u00f6rkort | Testamente | Visum | Avtal | \u00c4ktenskapsskillnadsavtal | \u00c4ktenskapsf\u00f6rord | Dom | F\u00f6rfarande | Fullmakt | Protokoll<\/p>\n<p style=\"text-align: justify;\" data-start=\"3171\" data-end=\"3222\">F\u00f6r ett annat spr\u00e5k, tveka inte att <a href=\"https:\/\/abc-office.eu\/sv\/\">kontakta<\/a> oss.<\/p>\n<p data-start=\"3171\" data-end=\"3222\"><img loading=\"lazy\" decoding=\"async\" class=\"aligncenter wp-image-26 size-medium\" src=\"https:\/\/abc-office.ch\/wp-content\/uploads\/2018\/06\/imageedit_1_6241191614-300x300.gif\" alt=\"\u00d6vers\u00e4ttning\" width=\"300\" height=\"300\" \/><\/p>\n","protected":false},"excerpt":{"rendered":"<p>\u00d6vers\u00e4ttning V\u00e5r byr\u00e5, ABC Translation, har i m\u00e5nga \u00e5r specialiserat sig p\u00e5 \u00f6vers\u00e4ttning och tolkning. Vi kan n\u00e4mligen erbjuda alla tj\u00e4nster inom detta omr\u00e5de, vare sig det g\u00e4ller en officiell \u00f6vers\u00e4ttning, en enkel \u00f6vers\u00e4ttning eller ett behov av tolkning (live). Med ett team p\u00e5 \u00f6ver 800 \u00f6vers\u00e4ttare och tolkar vet vi hur man hanterar alla&#8230;<\/p>\n","protected":false},"author":1,"featured_media":226898,"parent":0,"menu_order":0,"comment_status":"closed","ping_status":"closed","template":"","meta":{"sfsi_plus_gutenberg_text_before_share":"","sfsi_plus_gutenberg_show_text_before_share":"","sfsi_plus_gutenberg_icon_type":"","sfsi_plus_gutenberg_icon_alignemt":"","sfsi_plus_gutenburg_max_per_row":"","footnotes":""},"class_list":["post-227064","page","type-page","status-publish","has-post-thumbnail","hentry"],"yoast_head":"<!-- This site is optimized with the Yoast SEO plugin v23.8 - https:\/\/yoast.com\/wordpress\/plugins\/seo\/ -->\n<title>\u00d6vers\u00e4ttning l Officiell \u00f6vers\u00e4ttning l Professionell \u00f6vers\u00e4ttning<\/title>\n<meta name=\"description\" content=\"\u00d6vers\u00e4ttning f\u00f6r dina administrativa \u00e4renden l Auktoriserad och officiell \u00f6vers\u00e4ttning l Erk\u00e4nd av alla institutioner inom EU och utomlands\" \/>\n<meta name=\"robots\" content=\"index, follow, max-snippet:-1, max-image-preview:large, max-video-preview:-1\" \/>\n<link rel=\"canonical\" href=\"https:\/\/abc-office.eu\/sv\/oversattning\/\" \/>\n<meta property=\"og:locale\" content=\"sv_SE\" \/>\n<meta property=\"og:type\" content=\"article\" \/>\n<meta property=\"og:title\" content=\"\u00d6vers\u00e4ttning l Officiell \u00f6vers\u00e4ttning l Professionell \u00f6vers\u00e4ttning\" \/>\n<meta property=\"og:description\" content=\"\u00d6vers\u00e4ttning f\u00f6r dina administrativa \u00e4renden l Auktoriserad och officiell \u00f6vers\u00e4ttning l Erk\u00e4nd av alla institutioner inom EU och utomlands\" \/>\n<meta property=\"og:url\" content=\"https:\/\/abc-office.eu\/sv\/oversattning\/\" \/>\n<meta property=\"og:site_name\" content=\"ABC Translation\" \/>\n<meta property=\"article:modified_time\" content=\"2025-10-15T13:41:37+00:00\" \/>\n<meta property=\"og:image\" content=\"https:\/\/abc-office.eu\/wp-content\/uploads\/2025\/10\/Traduction-3.jpg\" \/>\n\t<meta property=\"og:image:width\" content=\"650\" \/>\n\t<meta property=\"og:image:height\" content=\"400\" \/>\n\t<meta property=\"og:image:type\" content=\"image\/jpeg\" \/>\n<meta name=\"twitter:card\" content=\"summary_large_image\" \/>\n<meta name=\"twitter:label1\" content=\"Ber\u00e4knad l\u00e4stid\" \/>\n\t<meta name=\"twitter:data1\" content=\"3 minuter\" \/>\n<script type=\"application\/ld+json\" class=\"yoast-schema-graph\">{\"@context\":\"https:\/\/schema.org\",\"@graph\":[{\"@type\":\"WebPage\",\"@id\":\"https:\/\/abc-office.eu\/sv\/oversattning\/\",\"url\":\"https:\/\/abc-office.eu\/sv\/oversattning\/\",\"name\":\"\u00d6vers\u00e4ttning l Officiell \u00f6vers\u00e4ttning l Professionell \u00f6vers\u00e4ttning\",\"isPartOf\":{\"@id\":\"https:\/\/abc-office.eu\/sv\/#website\"},\"primaryImageOfPage\":{\"@id\":\"https:\/\/abc-office.eu\/sv\/oversattning\/#primaryimage\"},\"image\":{\"@id\":\"https:\/\/abc-office.eu\/sv\/oversattning\/#primaryimage\"},\"thumbnailUrl\":\"https:\/\/abc-office.eu\/wp-content\/uploads\/2025\/10\/Traduction-3.jpg\",\"datePublished\":\"2017-02-16T08:17:00+00:00\",\"dateModified\":\"2025-10-15T13:41:37+00:00\",\"description\":\"\u00d6vers\u00e4ttning f\u00f6r dina administrativa \u00e4renden l Auktoriserad och officiell \u00f6vers\u00e4ttning l Erk\u00e4nd av alla institutioner inom EU och utomlands\",\"breadcrumb\":{\"@id\":\"https:\/\/abc-office.eu\/sv\/oversattning\/#breadcrumb\"},\"inLanguage\":\"sv-SE\",\"potentialAction\":[{\"@type\":\"ReadAction\",\"target\":[\"https:\/\/abc-office.eu\/sv\/oversattning\/\"]}]},{\"@type\":\"ImageObject\",\"inLanguage\":\"sv-SE\",\"@id\":\"https:\/\/abc-office.eu\/sv\/oversattning\/#primaryimage\",\"url\":\"https:\/\/abc-office.eu\/wp-content\/uploads\/2025\/10\/Traduction-3.jpg\",\"contentUrl\":\"https:\/\/abc-office.eu\/wp-content\/uploads\/2025\/10\/Traduction-3.jpg\",\"width\":650,\"height\":400},{\"@type\":\"BreadcrumbList\",\"@id\":\"https:\/\/abc-office.eu\/sv\/oversattning\/#breadcrumb\",\"itemListElement\":[{\"@type\":\"ListItem\",\"position\":1,\"name\":\"Accueil\",\"item\":\"https:\/\/abc-office.eu\/sv\/\"},{\"@type\":\"ListItem\",\"position\":2,\"name\":\"\u00d6vers\u00e4ttning\"}]},{\"@type\":\"WebSite\",\"@id\":\"https:\/\/abc-office.eu\/sv\/#website\",\"url\":\"https:\/\/abc-office.eu\/sv\/\",\"name\":\"ABC Translation\",\"description\":\"info@abc-office.eu\",\"potentialAction\":[{\"@type\":\"SearchAction\",\"target\":{\"@type\":\"EntryPoint\",\"urlTemplate\":\"https:\/\/abc-office.eu\/sv\/?s={search_term_string}\"},\"query-input\":{\"@type\":\"PropertyValueSpecification\",\"valueRequired\":true,\"valueName\":\"search_term_string\"}}],\"inLanguage\":\"sv-SE\"}]}<\/script>\n<!-- \/ Yoast SEO plugin. -->","yoast_head_json":{"title":"\u00d6vers\u00e4ttning l Officiell \u00f6vers\u00e4ttning l Professionell \u00f6vers\u00e4ttning","description":"\u00d6vers\u00e4ttning f\u00f6r dina administrativa \u00e4renden l Auktoriserad och officiell \u00f6vers\u00e4ttning l Erk\u00e4nd av alla institutioner inom EU och utomlands","robots":{"index":"index","follow":"follow","max-snippet":"max-snippet:-1","max-image-preview":"max-image-preview:large","max-video-preview":"max-video-preview:-1"},"canonical":"https:\/\/abc-office.eu\/sv\/oversattning\/","og_locale":"sv_SE","og_type":"article","og_title":"\u00d6vers\u00e4ttning l Officiell \u00f6vers\u00e4ttning l Professionell \u00f6vers\u00e4ttning","og_description":"\u00d6vers\u00e4ttning f\u00f6r dina administrativa \u00e4renden l Auktoriserad och officiell \u00f6vers\u00e4ttning l Erk\u00e4nd av alla institutioner inom EU och utomlands","og_url":"https:\/\/abc-office.eu\/sv\/oversattning\/","og_site_name":"ABC Translation","article_modified_time":"2025-10-15T13:41:37+00:00","og_image":[{"width":650,"height":400,"url":"https:\/\/abc-office.eu\/wp-content\/uploads\/2025\/10\/Traduction-3.jpg","type":"image\/jpeg"}],"twitter_card":"summary_large_image","twitter_misc":{"Ber\u00e4knad l\u00e4stid":"3 minuter"},"schema":{"@context":"https:\/\/schema.org","@graph":[{"@type":"WebPage","@id":"https:\/\/abc-office.eu\/sv\/oversattning\/","url":"https:\/\/abc-office.eu\/sv\/oversattning\/","name":"\u00d6vers\u00e4ttning l Officiell \u00f6vers\u00e4ttning l Professionell \u00f6vers\u00e4ttning","isPartOf":{"@id":"https:\/\/abc-office.eu\/sv\/#website"},"primaryImageOfPage":{"@id":"https:\/\/abc-office.eu\/sv\/oversattning\/#primaryimage"},"image":{"@id":"https:\/\/abc-office.eu\/sv\/oversattning\/#primaryimage"},"thumbnailUrl":"https:\/\/abc-office.eu\/wp-content\/uploads\/2025\/10\/Traduction-3.jpg","datePublished":"2017-02-16T08:17:00+00:00","dateModified":"2025-10-15T13:41:37+00:00","description":"\u00d6vers\u00e4ttning f\u00f6r dina administrativa \u00e4renden l Auktoriserad och officiell \u00f6vers\u00e4ttning l Erk\u00e4nd av alla institutioner inom EU och utomlands","breadcrumb":{"@id":"https:\/\/abc-office.eu\/sv\/oversattning\/#breadcrumb"},"inLanguage":"sv-SE","potentialAction":[{"@type":"ReadAction","target":["https:\/\/abc-office.eu\/sv\/oversattning\/"]}]},{"@type":"ImageObject","inLanguage":"sv-SE","@id":"https:\/\/abc-office.eu\/sv\/oversattning\/#primaryimage","url":"https:\/\/abc-office.eu\/wp-content\/uploads\/2025\/10\/Traduction-3.jpg","contentUrl":"https:\/\/abc-office.eu\/wp-content\/uploads\/2025\/10\/Traduction-3.jpg","width":650,"height":400},{"@type":"BreadcrumbList","@id":"https:\/\/abc-office.eu\/sv\/oversattning\/#breadcrumb","itemListElement":[{"@type":"ListItem","position":1,"name":"Accueil","item":"https:\/\/abc-office.eu\/sv\/"},{"@type":"ListItem","position":2,"name":"\u00d6vers\u00e4ttning"}]},{"@type":"WebSite","@id":"https:\/\/abc-office.eu\/sv\/#website","url":"https:\/\/abc-office.eu\/sv\/","name":"ABC Translation","description":"info@abc-office.eu","potentialAction":[{"@type":"SearchAction","target":{"@type":"EntryPoint","urlTemplate":"https:\/\/abc-office.eu\/sv\/?s={search_term_string}"},"query-input":{"@type":"PropertyValueSpecification","valueRequired":true,"valueName":"search_term_string"}}],"inLanguage":"sv-SE"}]}},"_links":{"self":[{"href":"https:\/\/abc-office.eu\/sv\/wp-json\/wp\/v2\/pages\/227064","targetHints":{"allow":["GET"]}}],"collection":[{"href":"https:\/\/abc-office.eu\/sv\/wp-json\/wp\/v2\/pages"}],"about":[{"href":"https:\/\/abc-office.eu\/sv\/wp-json\/wp\/v2\/types\/page"}],"author":[{"embeddable":true,"href":"https:\/\/abc-office.eu\/sv\/wp-json\/wp\/v2\/users\/1"}],"replies":[{"embeddable":true,"href":"https:\/\/abc-office.eu\/sv\/wp-json\/wp\/v2\/comments?post=227064"}],"version-history":[{"count":1,"href":"https:\/\/abc-office.eu\/sv\/wp-json\/wp\/v2\/pages\/227064\/revisions"}],"predecessor-version":[{"id":227066,"href":"https:\/\/abc-office.eu\/sv\/wp-json\/wp\/v2\/pages\/227064\/revisions\/227066"}],"wp:featuredmedia":[{"embeddable":true,"href":"https:\/\/abc-office.eu\/sv\/wp-json\/wp\/v2\/media\/226898"}],"wp:attachment":[{"href":"https:\/\/abc-office.eu\/sv\/wp-json\/wp\/v2\/media?parent=227064"}],"curies":[{"name":"wp","href":"https:\/\/api.w.org\/{rel}","templated":true}]}}