{"id":227061,"date":"2017-02-16T09:13:19","date_gmt":"2017-02-16T08:13:19","guid":{"rendered":"https:\/\/abc-office.eu\/?page_id=227061"},"modified":"2025-10-15T15:31:56","modified_gmt":"2025-10-15T13:31:56","slug":"hem","status":"publish","type":"page","link":"https:\/\/abc-office.eu\/sv\/","title":{"rendered":"Hem"},"content":{"rendered":"<h2 data-start=\"104\" data-end=\"125\"><strong data-start=\"104\" data-end=\"123\">ABC Translation<\/strong><\/h2>\n<p style=\"text-align: justify;\" data-start=\"127\" data-end=\"615\">ABC Translation \u00e4r specialiserat inom flera omr\u00e5den s\u00e5som \u00f6vers\u00e4ttning, fastigheter, legaliseringar, juridik och relocation. Med ett team p\u00e5 \u00f6ver 500 anst\u00e4llda v\u00e4rlden \u00f6ver \u00e4r ABC Translation en ledare inom dessa specialiseringar och kan agera mycket snabbt tack vare sitt stora team av kvalificerade experter. F\u00f6retaget representerar 55 olika nationaliteter och har kontakter i mer \u00e4n 85 l\u00e4nder. Det har dragit nytta av globaliseringen f\u00f6r att attrahera en allt mer kr\u00e4vande kundkrets.<\/p>\n<h3 data-start=\"617\" data-end=\"649\"><strong data-start=\"617\" data-end=\"647\">ABC Translation i siffror:<\/strong><\/h3>\n<ul>\n<li>500 anst\u00e4llda v\u00e4rlden \u00f6ver<\/li>\n<li>60 spr\u00e5k talas<\/li>\n<li>4000 projekt per \u00e5r<\/li>\n<li>\u00d6ver 10 \u00e5rs erfarenhet<\/li>\n<li>\u00d6ver 1000 regelbundna f\u00f6retagskunder<\/li>\n<li>Mer \u00e4n 2000 privatkunder varje \u00e5r<\/li>\n<\/ul>\n<p style=\"text-align: justify;\" data-start=\"820\" data-end=\"1359\">Vi samarbetar med flera notariebyr\u00e5er f\u00f6r att kunna legalisera olika dokument s\u00e5 snabbt som m\u00f6jligt. F\u00f6r dokument som ska anv\u00e4ndas utomlands arbetar vi med ambassader, konsulat och kanslier. Denna samverkan mellan olika akt\u00f6rer g\u00f6r att vi kan vara mycket snabba n\u00e4r det g\u00e4ller att \u00f6vers\u00e4tta och legalisera dina dokument p\u00e5 rekordtid. Dessutom s\u00e4kerst\u00e4ller v\u00e5ra cykelbud leveransen av dokument till de olika kontoren med respekt f\u00f6r milj\u00f6n. F\u00f6r slutlig leverans i Europa och v\u00e4rlden anv\u00e4nder vi sedan de europeiska posttj\u00e4nsterna och DHL.<\/p>\n<p style=\"text-align: justify;\" data-start=\"1361\" data-end=\"1879\">Kvaliteten och snabbheten i v\u00e5ra tj\u00e4nster har gjort skillnad genom \u00e5ren. Inom detta omr\u00e5de \u00e4r snabb respons nyckeln till framg\u00e5ng. V\u00e5r infrastruktur har etablerats f\u00f6r att kunna svara snabbare p\u00e5 kundernas f\u00f6rfr\u00e5gningar. F\u00f6r snabb kontakt kan du n\u00e5 oss via telefon eller e-post. Kontaktformul\u00e4ret till h\u00f6ger p\u00e5 denna sida kan ocks\u00e5 anv\u00e4ndas, s\u00e4rskilt f\u00f6r att skicka dokument. Vi skickar vanligtvis offerten 10\u201320 minuter efter att vi mottagit filerna. Den inneh\u00e5ller det totala priset och projektets genomf\u00f6randetid.<\/p>\n<p style=\"text-align: justify;\" data-start=\"1881\" data-end=\"1965\">Hela teamet st\u00e5r till ditt f\u00f6rfogande och vi ser fram emot att arbeta tillsammans.<\/p>\n<p data-start=\"1881\" data-end=\"1965\"><img loading=\"lazy\" decoding=\"async\" class=\"aligncenter wp-image-298\" src=\"https:\/\/abc-office.ch\/wp-content\/uploads\/2020\/03\/bim91-1024x682.jpg\" alt=\"ABC Translation\" width=\"659\" height=\"439\" \/><\/p>\n","protected":false},"excerpt":{"rendered":"<p>ABC Translation ABC Translation \u00e4r specialiserat inom flera omr\u00e5den s\u00e5som \u00f6vers\u00e4ttning, fastigheter, legaliseringar, juridik och relocation. Med ett team p\u00e5 \u00f6ver 500 anst\u00e4llda v\u00e4rlden \u00f6ver \u00e4r ABC Translation en ledare inom dessa specialiseringar och kan agera mycket snabbt tack vare sitt stora team av kvalificerade experter. F\u00f6retaget representerar 55 olika nationaliteter och har kontakter i&#8230;<\/p>\n","protected":false},"author":1,"featured_media":226880,"parent":0,"menu_order":0,"comment_status":"closed","ping_status":"closed","template":"","meta":{"sfsi_plus_gutenberg_text_before_share":"","sfsi_plus_gutenberg_show_text_before_share":"","sfsi_plus_gutenberg_icon_type":"","sfsi_plus_gutenberg_icon_alignemt":"","sfsi_plus_gutenburg_max_per_row":"","footnotes":""},"class_list":["post-227061","page","type-page","status-publish","has-post-thumbnail","hentry"],"yoast_head":"<!-- This site is optimized with the Yoast SEO plugin v23.8 - https:\/\/yoast.com\/wordpress\/plugins\/seo\/ -->\n<title>ABC Translation l \u00d6vers\u00e4ttning Legalisering Fastigheter Expatriater<\/title>\n<meta name=\"description\" content=\"ABC Translation l Legalisering l Fastigheter l Expatriater l Tolkning l Notarius publicus l Advokatbyr\u00e5 l Personrelokalisering l F\u00f6retag\" \/>\n<meta name=\"robots\" content=\"index, follow, max-snippet:-1, max-image-preview:large, max-video-preview:-1\" \/>\n<link rel=\"canonical\" href=\"https:\/\/abc-office.eu\/sv\/\" \/>\n<meta property=\"og:locale\" content=\"sv_SE\" \/>\n<meta property=\"og:type\" content=\"article\" \/>\n<meta property=\"og:title\" content=\"ABC Translation l \u00d6vers\u00e4ttning Legalisering Fastigheter Expatriater\" \/>\n<meta property=\"og:description\" content=\"ABC Translation l Legalisering l Fastigheter l Expatriater l Tolkning l Notarius publicus l Advokatbyr\u00e5 l Personrelokalisering l F\u00f6retag\" \/>\n<meta property=\"og:url\" content=\"https:\/\/abc-office.eu\/sv\/\" \/>\n<meta property=\"og:site_name\" content=\"ABC Translation\" \/>\n<meta property=\"article:modified_time\" content=\"2025-10-15T13:31:56+00:00\" \/>\n<meta property=\"og:image\" content=\"https:\/\/abc-office.eu\/wp-content\/uploads\/2025\/10\/6190976a-768x433-4.jpg\" \/>\n\t<meta property=\"og:image:width\" content=\"768\" \/>\n\t<meta property=\"og:image:height\" content=\"433\" \/>\n\t<meta property=\"og:image:type\" content=\"image\/jpeg\" \/>\n<meta name=\"twitter:card\" content=\"summary_large_image\" \/>\n<meta name=\"twitter:label1\" content=\"Ber\u00e4knad l\u00e4stid\" \/>\n\t<meta name=\"twitter:data1\" content=\"2 minuter\" \/>\n<script type=\"application\/ld+json\" class=\"yoast-schema-graph\">{\"@context\":\"https:\/\/schema.org\",\"@graph\":[{\"@type\":\"WebPage\",\"@id\":\"https:\/\/abc-office.eu\/sv\/\",\"url\":\"https:\/\/abc-office.eu\/sv\/\",\"name\":\"ABC Translation l \u00d6vers\u00e4ttning Legalisering Fastigheter Expatriater\",\"isPartOf\":{\"@id\":\"https:\/\/abc-office.eu\/sv\/#website\"},\"primaryImageOfPage\":{\"@id\":\"https:\/\/abc-office.eu\/sv\/#primaryimage\"},\"image\":{\"@id\":\"https:\/\/abc-office.eu\/sv\/#primaryimage\"},\"thumbnailUrl\":\"https:\/\/abc-office.eu\/wp-content\/uploads\/2025\/10\/6190976a-768x433-4.jpg\",\"datePublished\":\"2017-02-16T08:13:19+00:00\",\"dateModified\":\"2025-10-15T13:31:56+00:00\",\"description\":\"ABC Translation l Legalisering l Fastigheter l Expatriater l Tolkning l Notarius publicus l Advokatbyr\u00e5 l Personrelokalisering l F\u00f6retag\",\"breadcrumb\":{\"@id\":\"https:\/\/abc-office.eu\/sv\/#breadcrumb\"},\"inLanguage\":\"sv-SE\",\"potentialAction\":[{\"@type\":\"ReadAction\",\"target\":[\"https:\/\/abc-office.eu\/sv\/\"]}]},{\"@type\":\"ImageObject\",\"inLanguage\":\"sv-SE\",\"@id\":\"https:\/\/abc-office.eu\/sv\/#primaryimage\",\"url\":\"https:\/\/abc-office.eu\/wp-content\/uploads\/2025\/10\/6190976a-768x433-4.jpg\",\"contentUrl\":\"https:\/\/abc-office.eu\/wp-content\/uploads\/2025\/10\/6190976a-768x433-4.jpg\",\"width\":768,\"height\":433},{\"@type\":\"BreadcrumbList\",\"@id\":\"https:\/\/abc-office.eu\/sv\/#breadcrumb\",\"itemListElement\":[{\"@type\":\"ListItem\",\"position\":1,\"name\":\"Accueil\",\"item\":\"https:\/\/abc-office.eu\/sv\/\"},{\"@type\":\"ListItem\",\"position\":2,\"name\":\"Hem\"}]},{\"@type\":\"WebSite\",\"@id\":\"https:\/\/abc-office.eu\/sv\/#website\",\"url\":\"https:\/\/abc-office.eu\/sv\/\",\"name\":\"ABC Translation\",\"description\":\"info@abc-office.eu\",\"potentialAction\":[{\"@type\":\"SearchAction\",\"target\":{\"@type\":\"EntryPoint\",\"urlTemplate\":\"https:\/\/abc-office.eu\/sv\/?s={search_term_string}\"},\"query-input\":{\"@type\":\"PropertyValueSpecification\",\"valueRequired\":true,\"valueName\":\"search_term_string\"}}],\"inLanguage\":\"sv-SE\"}]}<\/script>\n<!-- \/ Yoast SEO plugin. -->","yoast_head_json":{"title":"ABC Translation l \u00d6vers\u00e4ttning Legalisering Fastigheter Expatriater","description":"ABC Translation l Legalisering l Fastigheter l Expatriater l Tolkning l Notarius publicus l Advokatbyr\u00e5 l Personrelokalisering l F\u00f6retag","robots":{"index":"index","follow":"follow","max-snippet":"max-snippet:-1","max-image-preview":"max-image-preview:large","max-video-preview":"max-video-preview:-1"},"canonical":"https:\/\/abc-office.eu\/sv\/","og_locale":"sv_SE","og_type":"article","og_title":"ABC Translation l \u00d6vers\u00e4ttning Legalisering Fastigheter Expatriater","og_description":"ABC Translation l Legalisering l Fastigheter l Expatriater l Tolkning l Notarius publicus l Advokatbyr\u00e5 l Personrelokalisering l F\u00f6retag","og_url":"https:\/\/abc-office.eu\/sv\/","og_site_name":"ABC Translation","article_modified_time":"2025-10-15T13:31:56+00:00","og_image":[{"width":768,"height":433,"url":"https:\/\/abc-office.eu\/wp-content\/uploads\/2025\/10\/6190976a-768x433-4.jpg","type":"image\/jpeg"}],"twitter_card":"summary_large_image","twitter_misc":{"Ber\u00e4knad l\u00e4stid":"2 minuter"},"schema":{"@context":"https:\/\/schema.org","@graph":[{"@type":"WebPage","@id":"https:\/\/abc-office.eu\/sv\/","url":"https:\/\/abc-office.eu\/sv\/","name":"ABC Translation l \u00d6vers\u00e4ttning Legalisering Fastigheter Expatriater","isPartOf":{"@id":"https:\/\/abc-office.eu\/sv\/#website"},"primaryImageOfPage":{"@id":"https:\/\/abc-office.eu\/sv\/#primaryimage"},"image":{"@id":"https:\/\/abc-office.eu\/sv\/#primaryimage"},"thumbnailUrl":"https:\/\/abc-office.eu\/wp-content\/uploads\/2025\/10\/6190976a-768x433-4.jpg","datePublished":"2017-02-16T08:13:19+00:00","dateModified":"2025-10-15T13:31:56+00:00","description":"ABC Translation l Legalisering l Fastigheter l Expatriater l Tolkning l Notarius publicus l Advokatbyr\u00e5 l Personrelokalisering l F\u00f6retag","breadcrumb":{"@id":"https:\/\/abc-office.eu\/sv\/#breadcrumb"},"inLanguage":"sv-SE","potentialAction":[{"@type":"ReadAction","target":["https:\/\/abc-office.eu\/sv\/"]}]},{"@type":"ImageObject","inLanguage":"sv-SE","@id":"https:\/\/abc-office.eu\/sv\/#primaryimage","url":"https:\/\/abc-office.eu\/wp-content\/uploads\/2025\/10\/6190976a-768x433-4.jpg","contentUrl":"https:\/\/abc-office.eu\/wp-content\/uploads\/2025\/10\/6190976a-768x433-4.jpg","width":768,"height":433},{"@type":"BreadcrumbList","@id":"https:\/\/abc-office.eu\/sv\/#breadcrumb","itemListElement":[{"@type":"ListItem","position":1,"name":"Accueil","item":"https:\/\/abc-office.eu\/sv\/"},{"@type":"ListItem","position":2,"name":"Hem"}]},{"@type":"WebSite","@id":"https:\/\/abc-office.eu\/sv\/#website","url":"https:\/\/abc-office.eu\/sv\/","name":"ABC Translation","description":"info@abc-office.eu","potentialAction":[{"@type":"SearchAction","target":{"@type":"EntryPoint","urlTemplate":"https:\/\/abc-office.eu\/sv\/?s={search_term_string}"},"query-input":{"@type":"PropertyValueSpecification","valueRequired":true,"valueName":"search_term_string"}}],"inLanguage":"sv-SE"}]}},"_links":{"self":[{"href":"https:\/\/abc-office.eu\/sv\/wp-json\/wp\/v2\/pages\/227061","targetHints":{"allow":["GET"]}}],"collection":[{"href":"https:\/\/abc-office.eu\/sv\/wp-json\/wp\/v2\/pages"}],"about":[{"href":"https:\/\/abc-office.eu\/sv\/wp-json\/wp\/v2\/types\/page"}],"author":[{"embeddable":true,"href":"https:\/\/abc-office.eu\/sv\/wp-json\/wp\/v2\/users\/1"}],"replies":[{"embeddable":true,"href":"https:\/\/abc-office.eu\/sv\/wp-json\/wp\/v2\/comments?post=227061"}],"version-history":[{"count":1,"href":"https:\/\/abc-office.eu\/sv\/wp-json\/wp\/v2\/pages\/227061\/revisions"}],"predecessor-version":[{"id":227063,"href":"https:\/\/abc-office.eu\/sv\/wp-json\/wp\/v2\/pages\/227061\/revisions\/227063"}],"wp:featuredmedia":[{"embeddable":true,"href":"https:\/\/abc-office.eu\/sv\/wp-json\/wp\/v2\/media\/226880"}],"wp:attachment":[{"href":"https:\/\/abc-office.eu\/sv\/wp-json\/wp\/v2\/media?parent=227061"}],"curies":[{"name":"wp","href":"https:\/\/api.w.org\/{rel}","templated":true}]}}