{"id":228553,"date":"2024-10-08T12:44:56","date_gmt":"2024-10-08T10:44:56","guid":{"rendered":"https:\/\/abc-office.eu\/?page_id=228553"},"modified":"2025-10-20T06:42:44","modified_gmt":"2025-10-20T04:42:44","slug":"perkthim-i-certifikuar-tirane","status":"publish","type":"page","link":"https:\/\/abc-office.eu\/sq\/shqiperia\/perkthimi-certifikuar-shqiperi\/perkthim-i-certifikuar-tirane\/","title":{"rendered":"P\u00ebrkthim i certifikuar Tiran\u00eb"},"content":{"rendered":"<h2 data-start=\"104\" data-end=\"139\"><strong data-start=\"104\" data-end=\"137\">P\u00ebrkthim i certifikuar Tiran\u00eb<\/strong><\/h2>\n<p style=\"text-align: justify;\" data-start=\"141\" data-end=\"509\">Agjencia jon\u00eb e p\u00ebrkthimit \u00ebsht\u00eb e specializuar n\u00eb p\u00ebrkthime t\u00eb certifikuara dhe t\u00eb betuara n\u00eb m\u00eb shum\u00eb se 80 gjuh\u00eb. Ekipi yn\u00eb me baz\u00eb n\u00eb Tiran\u00eb mund t\u00eb p\u00ebrpunoj\u00eb me shpejt\u00ebsi k\u00ebrkes\u00ebn tuaj. Nevojitet vet\u00ebm t\u00eb marrim nj\u00eb kopje t\u00eb dokumenteve q\u00eb duhet t\u00eb p\u00ebrkthehen (pranohen t\u00eb gjitha formatet). Dokumentet origjinale nuk k\u00ebrkohen m\u00eb (p\u00ebrkthim i certifikuar Tiran\u00eb).<\/p>\n<ol>\n<li style=\"text-align: justify;\">SS\u00eb pari, mund t\u00eb p\u00ebrdorni adres\u00ebn ton\u00eb t\u00eb email-it (<a href=\"mailto:info@abc-office.eu\">info@abc-office.eu<\/a>), formularin e kontaktit, ose gjithashtu mund t\u00eb p\u00ebrdorni <strong>numrin<\/strong> ton\u00eb WhatsApp.<\/li>\n<li style=\"text-align: justify;\">S\u00eb dyti, ju lutemi t\u00eb p\u00ebrmendni gjuh\u00ebn n\u00eb t\u00eb cil\u00ebn d\u00ebshironi t\u00eb merrni p\u00ebrkthimin dhe n\u00ebse keni nevoj\u00eb q\u00eb p\u00ebrkthimi t\u00eb legalizohet nga noteri dhe\/ose t\u00eb apostilohet (Kancelaria).<\/li>\n<li style=\"text-align: justify;\">S\u00eb treti, nj\u00eb nga menaxher\u00ebt tan\u00eb t\u00eb projekteve do t\u2019ju d\u00ebrgoj\u00eb shpejt nj\u00eb ofert\u00eb ku p\u00ebrmendet \u00e7mimi dhe koha e p\u00ebrpunimit t\u00eb k\u00ebtij projekti. Zakonisht p\u00ebrgjigjemi brenda 30 minutave. Megjithat\u00eb, ju lutemi na telefononi n\u00ebse nuk keni marr\u00eb p\u00ebrgjigje brenda m\u00eb shum\u00eb se nj\u00eb ore.<\/li>\n<li style=\"text-align: justify;\">S\u00eb kat\u00ebrti dhe m\u00eb e r\u00ebnd\u00ebsishmja, sapo oferta t\u00eb pranohet, ne do t\u00eb fillojm\u00eb procesin e p\u00ebrkthimit dhe do t\u2019ju d\u00ebrgojm\u00eb p\u00ebrkthimet e certifikuara me post\u00eb. N\u00ebse keni nevoj\u00eb edhe p\u00ebr nj\u00eb kopje t\u00eb p\u00ebrkthimit me email, ju lutemi ta njoftoni menaxherin e projektit dhe ne do t\u2019ua d\u00ebrgojm\u00eb me email p\u00ebrpara se t\u00eb nisim origjinalin me post\u00eb.<\/li>\n<\/ol>\n<p style=\"text-align: justify;\" data-start=\"1465\" data-end=\"1750\">Sa i p\u00ebrket afateve, p\u00ebrkthimet e certifikuara d\u00ebrgohen me post\u00eb ose DHL dhe\/ose me email brenda 2-3 dit\u00ebve pune. Megjithat\u00eb, kjo gjithashtu varet nga volumi dhe niveli i v\u00ebshtir\u00ebsis\u00eb s\u00eb dokumenteve. P\u00ebr shembull, nj\u00eb dokument nj\u00ebfaq\u00ebsh duhet ta merrni brenda 2 dit\u00ebve pune me post\u00eb.<\/p>\n<h3 data-start=\"1752\" data-end=\"1803\"><strong data-start=\"1752\" data-end=\"1801\">K\u00ebtu \u00ebsht\u00eb nj\u00eb list\u00eb e gjuh\u00ebve tona kryesore:<\/strong><\/h3>\n<p style=\"text-align: justify;\" data-start=\"1805\" data-end=\"2750\">Afrikanisht | Shqip | Gjermanisht | Amerikane | Amharisht | Anglisht | Arabisht | Armenisht | Ajmara | Azerbajxhanisht | Baskisht | Bengalishte | Bjelloruse | Burmeze | Boshnjake | Braziliane | Bullgarisht | Kantonisht | Katalanisht | Sinhaleze | Kineze | Kineze e thjeshtuar | Kineze tradicionale | Koreane | Kroatisht | Danisht | Dari | Spanjisht | Estonisht | Ewe | Farsi | Finlandisht | Gjeorgjiane | Greke | Guarani | Hebraisht | Hindi | Hungarisht | Indonezisht | Italisht | Japonisht | Kazakisht | Khmer | Kirgize | Kurdisht | Laosisht | Letonisht | Lingala | Lituanisht | Maqedonisht | Malajziane | Malajalam | Mandarin | Moldave | Mongolisht | Malazeze | Holandisht | Norvegjisht | Urdu | Uzbekisht | Pashto | Panjabisht | Persisht | Fula | Polonisht | Portugalisht | Ke\u00e7uane | Rumanisht | Rusisht | Serbisht | Sllovakisht | Sllovenisht | Suedisht | Tamilisht | \u00c7ekisht | Tajlandisht | Turqisht | Turkmenisht | Ukrainisht | Vietnameze<\/p>\n<h3 data-start=\"2752\" data-end=\"2804\"><strong data-start=\"2752\" data-end=\"2802\">K\u00ebtu \u00ebsht\u00eb nj\u00eb list\u00eb e pjesshme e dokumenteve:<\/strong><\/h3>\n<p style=\"text-align: justify;\" data-start=\"2806\" data-end=\"3184\">Certifikata e lindjes | certifikata e martes\u00ebs | certifikata e gjendjes civile | v\u00ebrtetim | patent\u00eb | d\u00ebshmia penale | certifikat\u00eb | certifikata e beqaris\u00eb | certifikata familjare | v\u00ebrtetim pune | deklarat\u00eb tatimore | diplom\u00eb | pasaport\u00eb | leje drejtimi | testament | viz\u00eb | kontrat\u00eb | kontrat\u00eb divorci | kontrat\u00eb martese | vendim gjykate | procedur\u00eb | prokur\u00eb | procesverbal<\/p>\n<h3 data-start=\"3186\" data-end=\"3273\"><strong data-start=\"3186\" data-end=\"3271\">Llojet e zakonshme t\u00eb certifikimeve\/legalizimeve (p\u00ebrkthim i certifikuar Tiran\u00eb):<\/strong><\/h3>\n<ul>\n<li style=\"text-align: justify;\" data-start=\"3276\" data-end=\"3358\"><strong data-start=\"3276\" data-end=\"3303\">P\u00ebrkthim i certifikuar:<\/strong> ne ofrojm\u00eb p\u00ebrkthimin me vul\u00ebn dhe n\u00ebnshkrimin ton\u00eb.<\/li>\n<li style=\"text-align: justify;\" data-start=\"3276\" data-end=\"3358\"><strong data-start=\"48\" data-end=\"70\">P\u00ebrkthim i betuar:<\/strong> nj\u00eb p\u00ebrkthim i certifikuar i kryer nga nj\u00eb p\u00ebrkthyes i autorizuar, i shoq\u00ebruar me n\u00ebnshkrimin dhe vul\u00ebn e tij, i cili i jep dokumentit vlefshm\u00ebri ligjore zyrtare p\u00ebrpara institucioneve n\u00eb Shqip\u00ebri dhe jasht\u00eb saj.<\/li>\n<li style=\"text-align: justify;\" data-start=\"3361\" data-end=\"3446\"><strong data-start=\"3361\" data-end=\"3387\">P\u00ebrkthim i legalizuar:<\/strong> noteri legalizon n\u00ebnshkrimin e p\u00ebrkthyesit mbi p\u00ebrkthim.<\/li>\n<li style=\"text-align: justify;\" data-start=\"3449\" data-end=\"3520\"><strong data-start=\"3449\" data-end=\"3474\">P\u00ebrkthim me apostil\u00eb:<\/strong> kancelaria legalizon n\u00ebnshkrimin e noterit.<\/li>\n<li style=\"text-align: justify;\" data-start=\"3655\" data-end=\"3788\"><strong data-start=\"3655\" data-end=\"3713\">P\u00ebrkthim i legalizuar nga nj\u00eb ambasad\u00eb ose konsullat\u00eb:<\/strong> ambasada ose konsullata legalizon p\u00ebrkthimin p\u00ebr p\u00ebrdorim jasht\u00eb vendit.<\/li>\n<\/ul>\n<p style=\"text-align: justify;\" data-start=\"3522\" data-end=\"3822\">Si rezultat dhe fal\u00eb certifikimit t\u00eb duhur, p\u00ebrkthimet do t\u00eb pranohen n\u00eb Shqip\u00ebri dhe jasht\u00eb saj. P\u00ebr \u00e7do pyetje lidhur me llojin e certifikimit q\u00eb ju nevojitet p\u00ebr dokumentet tuaja, mos hezitoni t\u00eb kontaktoni ekipin ton\u00eb. Ne do t\u2019ju udh\u00ebzojm\u00eb gjat\u00eb gjith\u00eb procesit (p\u00ebrkthim i certifikuar Tiran\u00eb).<\/p>\n<p style=\"text-align: justify;\" data-start=\"3824\" data-end=\"3864\">Ne mezi presim t\u00eb bashk\u00ebpunojm\u00eb me ju.<\/p>\n<p style=\"text-align: justify;\" data-start=\"3866\" data-end=\"3891\"><a href=\"https:\/\/abc-office.eu\/sq\/\"><strong data-start=\"3866\" data-end=\"3889\">ABC Translation LLC<\/strong><\/a><\/p>\n<p data-start=\"3866\" data-end=\"3891\"><img loading=\"lazy\" decoding=\"async\" class=\"aligncenter wp-image-271\" src=\"https:\/\/abc-office.ch\/wp-content\/uploads\/2018\/06\/imageedit_1_6241191614.gif\" alt=\"P\u00ebrkthim i certifikuar Tiran\u00eb\" width=\"437\" height=\"437\" \/><\/p>\n","protected":false},"excerpt":{"rendered":"<p>P\u00ebrkthim i certifikuar Tiran\u00eb Agjencia jon\u00eb e p\u00ebrkthimit \u00ebsht\u00eb e specializuar n\u00eb p\u00ebrkthime t\u00eb certifikuara dhe t\u00eb betuara n\u00eb m\u00eb shum\u00eb se 80 gjuh\u00eb. Ekipi yn\u00eb me baz\u00eb n\u00eb Tiran\u00eb mund t\u00eb p\u00ebrpunoj\u00eb me shpejt\u00ebsi k\u00ebrkes\u00ebn tuaj. Nevojitet vet\u00ebm t\u00eb marrim nj\u00eb kopje t\u00eb dokumenteve q\u00eb duhet t\u00eb p\u00ebrkthehen (pranohen t\u00eb gjitha formatet). Dokumentet origjinale&#8230;<\/p>\n","protected":false},"author":1,"featured_media":228554,"parent":228551,"menu_order":0,"comment_status":"closed","ping_status":"closed","template":"","meta":{"sfsi_plus_gutenberg_text_before_share":"","sfsi_plus_gutenberg_show_text_before_share":"","sfsi_plus_gutenberg_icon_type":"","sfsi_plus_gutenberg_icon_alignemt":"","sfsi_plus_gutenburg_max_per_row":"","footnotes":""},"class_list":["post-228553","page","type-page","status-publish","has-post-thumbnail","hentry"],"yoast_head":"<!-- This site is optimized with the Yoast SEO plugin v23.8 - https:\/\/yoast.com\/wordpress\/plugins\/seo\/ -->\n<title>P\u00ebrkthim i certifikuar Tiran\u00eb | P\u00ebrkthyes i betuar zyrtar Tiran\u00eb<\/title>\n<meta name=\"description\" content=\"ABC Translation | P\u00ebrkthim i certifikuar Tiran\u00eb | P\u00ebrkthyes i betuar Tiran\u00eb | P\u00ebrkthim zyrtar Tiran\u00eb | P\u00ebrkthyes i certifikuar Tiran\u00eb\" \/>\n<meta name=\"robots\" content=\"index, follow, max-snippet:-1, max-image-preview:large, max-video-preview:-1\" \/>\n<link rel=\"canonical\" href=\"https:\/\/abc-office.eu\/sq\/shqiperia\/perkthimi-certifikuar-shqiperi\/perkthim-i-certifikuar-tirane\/\" \/>\n<meta property=\"og:locale\" content=\"sq_AL\" \/>\n<meta property=\"og:type\" content=\"article\" \/>\n<meta property=\"og:title\" content=\"P\u00ebrkthim i certifikuar Tiran\u00eb | P\u00ebrkthyes i betuar zyrtar Tiran\u00eb\" \/>\n<meta property=\"og:description\" content=\"ABC Translation | P\u00ebrkthim i certifikuar Tiran\u00eb | P\u00ebrkthyes i betuar Tiran\u00eb | P\u00ebrkthim zyrtar Tiran\u00eb | P\u00ebrkthyes i certifikuar Tiran\u00eb\" \/>\n<meta property=\"og:url\" content=\"https:\/\/abc-office.eu\/sq\/shqiperia\/perkthimi-certifikuar-shqiperi\/perkthim-i-certifikuar-tirane\/\" \/>\n<meta property=\"og:site_name\" content=\"ABC Translation\" \/>\n<meta property=\"article:modified_time\" content=\"2025-10-20T04:42:44+00:00\" \/>\n<meta property=\"og:image\" content=\"https:\/\/abc-office.eu\/wp-content\/uploads\/2025\/10\/Tirana-768x511-1.jpg\" \/>\n\t<meta property=\"og:image:width\" content=\"768\" \/>\n\t<meta property=\"og:image:height\" content=\"511\" \/>\n\t<meta property=\"og:image:type\" content=\"image\/jpeg\" \/>\n<meta name=\"twitter:card\" content=\"summary_large_image\" \/>\n<meta name=\"twitter:label1\" content=\"Est. reading time\" \/>\n\t<meta name=\"twitter:data1\" content=\"4 minutes\" \/>\n<script type=\"application\/ld+json\" class=\"yoast-schema-graph\">{\"@context\":\"https:\/\/schema.org\",\"@graph\":[{\"@type\":\"WebPage\",\"@id\":\"https:\/\/abc-office.eu\/sq\/shqiperia\/perkthimi-certifikuar-shqiperi\/perkthim-i-certifikuar-tirane\/\",\"url\":\"https:\/\/abc-office.eu\/sq\/shqiperia\/perkthimi-certifikuar-shqiperi\/perkthim-i-certifikuar-tirane\/\",\"name\":\"P\u00ebrkthim i certifikuar Tiran\u00eb | P\u00ebrkthyes i betuar zyrtar Tiran\u00eb\",\"isPartOf\":{\"@id\":\"https:\/\/abc-office.eu\/sq\/#website\"},\"primaryImageOfPage\":{\"@id\":\"https:\/\/abc-office.eu\/sq\/shqiperia\/perkthimi-certifikuar-shqiperi\/perkthim-i-certifikuar-tirane\/#primaryimage\"},\"image\":{\"@id\":\"https:\/\/abc-office.eu\/sq\/shqiperia\/perkthimi-certifikuar-shqiperi\/perkthim-i-certifikuar-tirane\/#primaryimage\"},\"thumbnailUrl\":\"https:\/\/abc-office.eu\/wp-content\/uploads\/2025\/10\/Tirana-768x511-1.jpg\",\"datePublished\":\"2024-10-08T10:44:56+00:00\",\"dateModified\":\"2025-10-20T04:42:44+00:00\",\"description\":\"ABC Translation | P\u00ebrkthim i certifikuar Tiran\u00eb | P\u00ebrkthyes i betuar Tiran\u00eb | P\u00ebrkthim zyrtar Tiran\u00eb | P\u00ebrkthyes i certifikuar Tiran\u00eb\",\"breadcrumb\":{\"@id\":\"https:\/\/abc-office.eu\/sq\/shqiperia\/perkthimi-certifikuar-shqiperi\/perkthim-i-certifikuar-tirane\/#breadcrumb\"},\"inLanguage\":\"sq-AL\",\"potentialAction\":[{\"@type\":\"ReadAction\",\"target\":[\"https:\/\/abc-office.eu\/sq\/shqiperia\/perkthimi-certifikuar-shqiperi\/perkthim-i-certifikuar-tirane\/\"]}]},{\"@type\":\"ImageObject\",\"inLanguage\":\"sq-AL\",\"@id\":\"https:\/\/abc-office.eu\/sq\/shqiperia\/perkthimi-certifikuar-shqiperi\/perkthim-i-certifikuar-tirane\/#primaryimage\",\"url\":\"https:\/\/abc-office.eu\/wp-content\/uploads\/2025\/10\/Tirana-768x511-1.jpg\",\"contentUrl\":\"https:\/\/abc-office.eu\/wp-content\/uploads\/2025\/10\/Tirana-768x511-1.jpg\",\"width\":768,\"height\":511},{\"@type\":\"BreadcrumbList\",\"@id\":\"https:\/\/abc-office.eu\/sq\/shqiperia\/perkthimi-certifikuar-shqiperi\/perkthim-i-certifikuar-tirane\/#breadcrumb\",\"itemListElement\":[{\"@type\":\"ListItem\",\"position\":1,\"name\":\"Accueil\",\"item\":\"https:\/\/abc-office.eu\/sq\/\"},{\"@type\":\"ListItem\",\"position\":2,\"name\":\"Shqip\u00ebria\",\"item\":\"https:\/\/abc-office.eu\/sq\/shqiperia\/\"},{\"@type\":\"ListItem\",\"position\":3,\"name\":\"P\u00ebrkthim i certifikuar Shqip\u00ebri\",\"item\":\"https:\/\/abc-office.eu\/sq\/shqiperia\/perkthimi-certifikuar-shqiperi\/\"},{\"@type\":\"ListItem\",\"position\":4,\"name\":\"P\u00ebrkthim i certifikuar Tiran\u00eb\"}]},{\"@type\":\"WebSite\",\"@id\":\"https:\/\/abc-office.eu\/sq\/#website\",\"url\":\"https:\/\/abc-office.eu\/sq\/\",\"name\":\"ABC Translation\",\"description\":\"info@abc-office.eu\",\"potentialAction\":[{\"@type\":\"SearchAction\",\"target\":{\"@type\":\"EntryPoint\",\"urlTemplate\":\"https:\/\/abc-office.eu\/sq\/?s={search_term_string}\"},\"query-input\":{\"@type\":\"PropertyValueSpecification\",\"valueRequired\":true,\"valueName\":\"search_term_string\"}}],\"inLanguage\":\"sq-AL\"}]}<\/script>\n<!-- \/ Yoast SEO plugin. -->","yoast_head_json":{"title":"P\u00ebrkthim i certifikuar Tiran\u00eb | P\u00ebrkthyes i betuar zyrtar Tiran\u00eb","description":"ABC Translation | P\u00ebrkthim i certifikuar Tiran\u00eb | P\u00ebrkthyes i betuar Tiran\u00eb | P\u00ebrkthim zyrtar Tiran\u00eb | P\u00ebrkthyes i certifikuar Tiran\u00eb","robots":{"index":"index","follow":"follow","max-snippet":"max-snippet:-1","max-image-preview":"max-image-preview:large","max-video-preview":"max-video-preview:-1"},"canonical":"https:\/\/abc-office.eu\/sq\/shqiperia\/perkthimi-certifikuar-shqiperi\/perkthim-i-certifikuar-tirane\/","og_locale":"sq_AL","og_type":"article","og_title":"P\u00ebrkthim i certifikuar Tiran\u00eb | P\u00ebrkthyes i betuar zyrtar Tiran\u00eb","og_description":"ABC Translation | P\u00ebrkthim i certifikuar Tiran\u00eb | P\u00ebrkthyes i betuar Tiran\u00eb | P\u00ebrkthim zyrtar Tiran\u00eb | P\u00ebrkthyes i certifikuar Tiran\u00eb","og_url":"https:\/\/abc-office.eu\/sq\/shqiperia\/perkthimi-certifikuar-shqiperi\/perkthim-i-certifikuar-tirane\/","og_site_name":"ABC Translation","article_modified_time":"2025-10-20T04:42:44+00:00","og_image":[{"width":768,"height":511,"url":"https:\/\/abc-office.eu\/wp-content\/uploads\/2025\/10\/Tirana-768x511-1.jpg","type":"image\/jpeg"}],"twitter_card":"summary_large_image","twitter_misc":{"Est. reading time":"4 minutes"},"schema":{"@context":"https:\/\/schema.org","@graph":[{"@type":"WebPage","@id":"https:\/\/abc-office.eu\/sq\/shqiperia\/perkthimi-certifikuar-shqiperi\/perkthim-i-certifikuar-tirane\/","url":"https:\/\/abc-office.eu\/sq\/shqiperia\/perkthimi-certifikuar-shqiperi\/perkthim-i-certifikuar-tirane\/","name":"P\u00ebrkthim i certifikuar Tiran\u00eb | P\u00ebrkthyes i betuar zyrtar Tiran\u00eb","isPartOf":{"@id":"https:\/\/abc-office.eu\/sq\/#website"},"primaryImageOfPage":{"@id":"https:\/\/abc-office.eu\/sq\/shqiperia\/perkthimi-certifikuar-shqiperi\/perkthim-i-certifikuar-tirane\/#primaryimage"},"image":{"@id":"https:\/\/abc-office.eu\/sq\/shqiperia\/perkthimi-certifikuar-shqiperi\/perkthim-i-certifikuar-tirane\/#primaryimage"},"thumbnailUrl":"https:\/\/abc-office.eu\/wp-content\/uploads\/2025\/10\/Tirana-768x511-1.jpg","datePublished":"2024-10-08T10:44:56+00:00","dateModified":"2025-10-20T04:42:44+00:00","description":"ABC Translation | P\u00ebrkthim i certifikuar Tiran\u00eb | P\u00ebrkthyes i betuar Tiran\u00eb | P\u00ebrkthim zyrtar Tiran\u00eb | P\u00ebrkthyes i certifikuar Tiran\u00eb","breadcrumb":{"@id":"https:\/\/abc-office.eu\/sq\/shqiperia\/perkthimi-certifikuar-shqiperi\/perkthim-i-certifikuar-tirane\/#breadcrumb"},"inLanguage":"sq-AL","potentialAction":[{"@type":"ReadAction","target":["https:\/\/abc-office.eu\/sq\/shqiperia\/perkthimi-certifikuar-shqiperi\/perkthim-i-certifikuar-tirane\/"]}]},{"@type":"ImageObject","inLanguage":"sq-AL","@id":"https:\/\/abc-office.eu\/sq\/shqiperia\/perkthimi-certifikuar-shqiperi\/perkthim-i-certifikuar-tirane\/#primaryimage","url":"https:\/\/abc-office.eu\/wp-content\/uploads\/2025\/10\/Tirana-768x511-1.jpg","contentUrl":"https:\/\/abc-office.eu\/wp-content\/uploads\/2025\/10\/Tirana-768x511-1.jpg","width":768,"height":511},{"@type":"BreadcrumbList","@id":"https:\/\/abc-office.eu\/sq\/shqiperia\/perkthimi-certifikuar-shqiperi\/perkthim-i-certifikuar-tirane\/#breadcrumb","itemListElement":[{"@type":"ListItem","position":1,"name":"Accueil","item":"https:\/\/abc-office.eu\/sq\/"},{"@type":"ListItem","position":2,"name":"Shqip\u00ebria","item":"https:\/\/abc-office.eu\/sq\/shqiperia\/"},{"@type":"ListItem","position":3,"name":"P\u00ebrkthim i certifikuar Shqip\u00ebri","item":"https:\/\/abc-office.eu\/sq\/shqiperia\/perkthimi-certifikuar-shqiperi\/"},{"@type":"ListItem","position":4,"name":"P\u00ebrkthim i certifikuar Tiran\u00eb"}]},{"@type":"WebSite","@id":"https:\/\/abc-office.eu\/sq\/#website","url":"https:\/\/abc-office.eu\/sq\/","name":"ABC Translation","description":"info@abc-office.eu","potentialAction":[{"@type":"SearchAction","target":{"@type":"EntryPoint","urlTemplate":"https:\/\/abc-office.eu\/sq\/?s={search_term_string}"},"query-input":{"@type":"PropertyValueSpecification","valueRequired":true,"valueName":"search_term_string"}}],"inLanguage":"sq-AL"}]}},"_links":{"self":[{"href":"https:\/\/abc-office.eu\/sq\/wp-json\/wp\/v2\/pages\/228553","targetHints":{"allow":["GET"]}}],"collection":[{"href":"https:\/\/abc-office.eu\/sq\/wp-json\/wp\/v2\/pages"}],"about":[{"href":"https:\/\/abc-office.eu\/sq\/wp-json\/wp\/v2\/types\/page"}],"author":[{"embeddable":true,"href":"https:\/\/abc-office.eu\/sq\/wp-json\/wp\/v2\/users\/1"}],"replies":[{"embeddable":true,"href":"https:\/\/abc-office.eu\/sq\/wp-json\/wp\/v2\/comments?post=228553"}],"version-history":[{"count":2,"href":"https:\/\/abc-office.eu\/sq\/wp-json\/wp\/v2\/pages\/228553\/revisions"}],"predecessor-version":[{"id":229300,"href":"https:\/\/abc-office.eu\/sq\/wp-json\/wp\/v2\/pages\/228553\/revisions\/229300"}],"up":[{"embeddable":true,"href":"https:\/\/abc-office.eu\/sq\/wp-json\/wp\/v2\/pages\/228551"}],"wp:featuredmedia":[{"embeddable":true,"href":"https:\/\/abc-office.eu\/sq\/wp-json\/wp\/v2\/media\/228554"}],"wp:attachment":[{"href":"https:\/\/abc-office.eu\/sq\/wp-json\/wp\/v2\/media?parent=228553"}],"curies":[{"name":"wp","href":"https:\/\/api.w.org\/{rel}","templated":true}]}}