{"id":228551,"date":"2024-10-08T08:58:30","date_gmt":"2024-10-08T06:58:30","guid":{"rendered":"https:\/\/abc-office.eu\/?page_id=228551"},"modified":"2025-10-20T06:40:57","modified_gmt":"2025-10-20T04:40:57","slug":"perkthimi-certifikuar-shqiperi","status":"publish","type":"page","link":"https:\/\/abc-office.eu\/sq\/shqiperia\/perkthimi-certifikuar-shqiperi\/","title":{"rendered":"P\u00ebrkthim i certifikuar Shqip\u00ebri"},"content":{"rendered":"<h2 data-start=\"244\" data-end=\"282\">P\u00ebrkthim i certifikuar Shqip\u00ebri<\/h2>\n<p style=\"text-align: justify;\" data-start=\"284\" data-end=\"586\">Agjencia jon\u00eb, <strong data-start=\"299\" data-end=\"318\">ABC Translation<\/strong>, \u00ebsht\u00eb e specializuar prej shum\u00eb vitesh n\u00eb fush\u00ebn e p\u00ebrkthimeve t\u00eb certifikuara.\u00a0Ne mund t\u2019ju ofrojm\u00eb t\u00eb gjitha sh\u00ebrbimet q\u00eb lidhen me k\u00ebt\u00eb fush\u00eb, qoft\u00eb p\u00ebr nj\u00eb p\u00ebrkthim zyrtar, nj\u00eb p\u00ebrkthim t\u00eb thjesht\u00eb apo nevoja p\u00ebr interpretim (p\u00ebrkthim i certifikuar Shqip\u00ebri).<\/p>\n<p style=\"text-align: justify;\" data-start=\"588\" data-end=\"1081\">Me nj\u00eb ekip prej mbi 500 p\u00ebrkthyesish dhe interpret\u00ebsh, dim\u00eb si t\u00eb menaxhojm\u00eb \u00e7do lloj projekti brenda afateve jasht\u00ebzakonisht t\u00eb shkurtra. Cil\u00ebsia dhe reagimi i shpejt\u00eb jan\u00eb fjal\u00ebt tona ky\u00e7e p\u00ebr rezultate gjithmon\u00eb n\u00eb nivelin e pritshm\u00ebrive t\u00eb klient\u00ebve tan\u00eb. Ne jemi t\u00eb pranish\u00ebm n\u00eb gjith\u00eb territorin shqiptar.\u00a0Fal\u00eb k\u00ebsaj pranie dhe reagueshm\u00ebris\u00eb son\u00eb, kemi arritur t\u00eb zhvillohemi dhe tani ofrojm\u00eb sh\u00ebrbime p\u00ebrkthimi n\u00eb m\u00eb shum\u00eb se 60 gjuh\u00eb t\u00eb ndryshme (p\u00ebrkthim i certifikuar Shqip\u00ebri).<\/p>\n<h3 data-start=\"1083\" data-end=\"1105\"><strong data-start=\"1083\" data-end=\"1103\">P\u00ebrkthim zyrtar:<\/strong><\/h3>\n<p style=\"text-align: justify;\" data-start=\"1107\" data-end=\"1428\">Jemi t\u00eb specializuar n\u00eb p\u00ebrkthimin e certifikuar p\u00ebr t\u2019jua leht\u00ebsuar procesin sapo t\u00eb mb\u00ebrrini n\u00eb Shqip\u00ebri ose p\u00ebr nj\u00eb udh\u00ebtim jasht\u00eb vendit. P\u00ebrkthimet zakonisht legalizohen te noteri yn\u00eb dhe m\u00eb pas legalizohen n\u00eb Kancelari me apostil\u00eb ose legalizim sipas konventave. Afatet e klient\u00ebve jan\u00eb shpesh shum\u00eb t\u00eb shkurtra.<\/p>\n<p style=\"text-align: justify;\" data-start=\"1430\" data-end=\"1782\">Pik\u00ebrisht p\u00ebr k\u00ebt\u00eb arsye kemi ngritur nj\u00eb sistem q\u00eb lejon dokumentet t\u00eb p\u00ebrkthehen, legalizohen dhe t\u00eb apostilohen n\u00eb koh\u00eb rekord. P\u00ebr shembull, na nevojiten vet\u00ebm dy dit\u00eb p\u00ebr t\u00eb kryer t\u00eb gjitha hapat p\u00ebr nj\u00eb dokument me m\u00eb pak se 5 faqe. K\u00ebto p\u00ebrkthime m\u00eb pas mund t\u00eb legalizohen edhe nga konsullata e vendit t\u00eb destinacionit n\u00ebse \u00ebsht\u00eb e nevojshme.<\/p>\n<p style=\"text-align: justify;\" data-start=\"1784\" data-end=\"2086\">P\u00ebrkthimi zyrtar p\u00ebr njohjen e diplomave tuaja t\u00eb huaja n\u00eb Shqip\u00ebri \u00ebsht\u00eb gjithashtu pjes\u00eb e gam\u00ebs son\u00eb t\u00eb sh\u00ebrbimeve. P\u00ebrs\u00ebri, ne p\u00ebrkthejm\u00eb dokumentet dhe m\u00eb pas i legalizojm\u00eb te noteri yn\u00eb q\u00eb ato t\u00eb pranohen nga organet p\u00ebrkat\u00ebse. Dosja juaj do t\u00eb jet\u00eb e plot\u00eb p\u00ebr shqyrtim nga organet e njohjes.<\/p>\n<h3 data-start=\"2088\" data-end=\"2101\"><strong data-start=\"2088\" data-end=\"2099\">Gjuh\u00ebt:<\/strong><\/h3>\n<p style=\"text-align: justify;\" data-start=\"2103\" data-end=\"3048\">Afrikanisht | Shqip | Gjermanisht | Amerikane | Amharisht | Anglisht | Arabisht | Armenisht | Ajmara | Azerbajxhanisht | Baskisht | Bengalishte | Bjelloruse | Burmeze | Boshnjake | Braziliane | Bullgarisht | Kantonisht | Katalanisht | Sinhaleze | Kineze | Kineze e thjeshtuar | Kineze tradicionale | Koreane | Kroatisht | Danisht | Dari | Spanjisht | Estonisht | Ewe | Farsi | Finlandisht | Gjeorgjiane | Greke | Guarani | Hebraisht | Hindi | Hungarisht | Indonezisht | Italisht | Japonisht | Kazakisht | Khmer | Kirgize | Kurdisht | Laosisht | Letonisht | Lingala | Lituanisht | Maqedonisht | Malajziane | Malajalam | Mandarin | Moldave | Mongolisht | Malazeze | Holandisht | Norvegjisht | Urdu | Uzbekisht | Pashto | Panjabisht | Persisht | Fula | Polonisht | Portugalisht | Ke\u00e7uane | Rumanisht | Rusisht | Serbisht | Sllovakisht | Sllovenisht | Suedisht | Tamilisht | \u00c7ekisht | Tajlandisht | Turqisht | Turkmenisht | Ukrainisht | Vietnameze<\/p>\n<h3 data-start=\"3050\" data-end=\"3067\"><strong data-start=\"3050\" data-end=\"3065\">Dokumentet:<\/strong><\/h3>\n<p style=\"text-align: justify;\" data-start=\"3069\" data-end=\"3447\">Certifikata e lindjes | certifikata e martes\u00ebs | certifikata e gjendjes civile | v\u00ebrtetim | patent\u00eb | d\u00ebshmia penale | certifikat\u00eb | certifikata e beqaris\u00eb | certifikata familjare | v\u00ebrtetim pune | deklarat\u00eb tatimore | diplom\u00eb | pasaport\u00eb | leje drejtimi | testament | viz\u00eb | kontrat\u00eb | kontrat\u00eb divorci | kontrat\u00eb martese | vendim gjykate | procedur\u00eb | prokur\u00eb | procesverbal<\/p>\n<p style=\"text-align: justify;\" data-start=\"3449\" data-end=\"3503\">P\u00ebr nj\u00eb gjuh\u00eb tjet\u00ebr, mos hezitoni t\u00eb na <a href=\"https:\/\/abc-office.eu\/sq\/\">kontaktoni<\/a>.<\/p>\n<p data-start=\"3449\" data-end=\"3503\"><img loading=\"lazy\" decoding=\"async\" class=\"aligncenter wp-image-26 size-medium\" src=\"https:\/\/abc-office.ch\/wp-content\/uploads\/2018\/06\/imageedit_1_6241191614-300x300.gif\" alt=\"P\u00ebrkthim i certifikuar Shqip\u00ebri\" width=\"300\" height=\"300\" \/><\/p>\n","protected":false},"excerpt":{"rendered":"<p>P\u00ebrkthim i certifikuar Shqip\u00ebri Agjencia jon\u00eb, ABC Translation, \u00ebsht\u00eb e specializuar prej shum\u00eb vitesh n\u00eb fush\u00ebn e p\u00ebrkthimeve t\u00eb certifikuara.\u00a0Ne mund t\u2019ju ofrojm\u00eb t\u00eb gjitha sh\u00ebrbimet q\u00eb lidhen me k\u00ebt\u00eb fush\u00eb, qoft\u00eb p\u00ebr nj\u00eb p\u00ebrkthim zyrtar, nj\u00eb p\u00ebrkthim t\u00eb thjesht\u00eb apo nevoja p\u00ebr interpretim (p\u00ebrkthim i certifikuar Shqip\u00ebri). Me nj\u00eb ekip prej mbi 500 p\u00ebrkthyesish&#8230;<\/p>\n","protected":false},"author":1,"featured_media":228531,"parent":228530,"menu_order":0,"comment_status":"closed","ping_status":"closed","template":"","meta":{"sfsi_plus_gutenberg_text_before_share":"","sfsi_plus_gutenberg_show_text_before_share":"","sfsi_plus_gutenberg_icon_type":"","sfsi_plus_gutenberg_icon_alignemt":"","sfsi_plus_gutenburg_max_per_row":"","footnotes":""},"class_list":["post-228551","page","type-page","status-publish","has-post-thumbnail","hentry"],"yoast_head":"<!-- This site is optimized with the Yoast SEO plugin v23.8 - https:\/\/yoast.com\/wordpress\/plugins\/seo\/ -->\n<title>P\u00ebrkthim i certifikuar Shqip\u00ebri | P\u00ebrkthyes i betuar Shqip\u00ebria<\/title>\n<meta name=\"description\" content=\"ABC Translation | P\u00ebrkthim i certifikuar Shqip\u00ebri | P\u00ebrkthyes i betuar Shqip\u00ebria | P\u00ebrkthim zyrtar Shqip\u00ebria | P\u00ebrkthyes i certifikuar\" \/>\n<meta name=\"robots\" content=\"index, follow, max-snippet:-1, max-image-preview:large, max-video-preview:-1\" \/>\n<link rel=\"canonical\" href=\"https:\/\/abc-office.eu\/sq\/shqiperia\/perkthimi-certifikuar-shqiperi\/\" \/>\n<meta property=\"og:locale\" content=\"sq_AL\" \/>\n<meta property=\"og:type\" content=\"article\" \/>\n<meta property=\"og:title\" content=\"P\u00ebrkthim i certifikuar Shqip\u00ebri | P\u00ebrkthyes i betuar Shqip\u00ebria\" \/>\n<meta property=\"og:description\" content=\"ABC Translation | P\u00ebrkthim i certifikuar Shqip\u00ebri | P\u00ebrkthyes i betuar Shqip\u00ebria | P\u00ebrkthim zyrtar Shqip\u00ebria | P\u00ebrkthyes i certifikuar\" \/>\n<meta property=\"og:url\" content=\"https:\/\/abc-office.eu\/sq\/shqiperia\/perkthimi-certifikuar-shqiperi\/\" \/>\n<meta property=\"og:site_name\" content=\"ABC Translation\" \/>\n<meta property=\"article:modified_time\" content=\"2025-10-20T04:40:57+00:00\" \/>\n<meta property=\"og:image\" content=\"https:\/\/abc-office.eu\/wp-content\/uploads\/2025\/10\/albania-768x432-1.jpg\" \/>\n\t<meta property=\"og:image:width\" content=\"768\" \/>\n\t<meta property=\"og:image:height\" content=\"432\" \/>\n\t<meta property=\"og:image:type\" content=\"image\/jpeg\" \/>\n<meta name=\"twitter:card\" content=\"summary_large_image\" \/>\n<meta name=\"twitter:label1\" content=\"Est. reading time\" \/>\n\t<meta name=\"twitter:data1\" content=\"3 minutes\" \/>\n<script type=\"application\/ld+json\" class=\"yoast-schema-graph\">{\"@context\":\"https:\/\/schema.org\",\"@graph\":[{\"@type\":\"WebPage\",\"@id\":\"https:\/\/abc-office.eu\/sq\/shqiperia\/perkthimi-certifikuar-shqiperi\/\",\"url\":\"https:\/\/abc-office.eu\/sq\/shqiperia\/perkthimi-certifikuar-shqiperi\/\",\"name\":\"P\u00ebrkthim i certifikuar Shqip\u00ebri | P\u00ebrkthyes i betuar Shqip\u00ebria\",\"isPartOf\":{\"@id\":\"https:\/\/abc-office.eu\/sq\/#website\"},\"primaryImageOfPage\":{\"@id\":\"https:\/\/abc-office.eu\/sq\/shqiperia\/perkthimi-certifikuar-shqiperi\/#primaryimage\"},\"image\":{\"@id\":\"https:\/\/abc-office.eu\/sq\/shqiperia\/perkthimi-certifikuar-shqiperi\/#primaryimage\"},\"thumbnailUrl\":\"https:\/\/abc-office.eu\/wp-content\/uploads\/2025\/10\/albania-768x432-1.jpg\",\"datePublished\":\"2024-10-08T06:58:30+00:00\",\"dateModified\":\"2025-10-20T04:40:57+00:00\",\"description\":\"ABC Translation | P\u00ebrkthim i certifikuar Shqip\u00ebri | P\u00ebrkthyes i betuar Shqip\u00ebria | P\u00ebrkthim zyrtar Shqip\u00ebria | P\u00ebrkthyes i certifikuar\",\"breadcrumb\":{\"@id\":\"https:\/\/abc-office.eu\/sq\/shqiperia\/perkthimi-certifikuar-shqiperi\/#breadcrumb\"},\"inLanguage\":\"sq-AL\",\"potentialAction\":[{\"@type\":\"ReadAction\",\"target\":[\"https:\/\/abc-office.eu\/sq\/shqiperia\/perkthimi-certifikuar-shqiperi\/\"]}]},{\"@type\":\"ImageObject\",\"inLanguage\":\"sq-AL\",\"@id\":\"https:\/\/abc-office.eu\/sq\/shqiperia\/perkthimi-certifikuar-shqiperi\/#primaryimage\",\"url\":\"https:\/\/abc-office.eu\/wp-content\/uploads\/2025\/10\/albania-768x432-1.jpg\",\"contentUrl\":\"https:\/\/abc-office.eu\/wp-content\/uploads\/2025\/10\/albania-768x432-1.jpg\",\"width\":768,\"height\":432},{\"@type\":\"BreadcrumbList\",\"@id\":\"https:\/\/abc-office.eu\/sq\/shqiperia\/perkthimi-certifikuar-shqiperi\/#breadcrumb\",\"itemListElement\":[{\"@type\":\"ListItem\",\"position\":1,\"name\":\"Accueil\",\"item\":\"https:\/\/abc-office.eu\/sq\/\"},{\"@type\":\"ListItem\",\"position\":2,\"name\":\"Shqip\u00ebria\",\"item\":\"https:\/\/abc-office.eu\/sq\/shqiperia\/\"},{\"@type\":\"ListItem\",\"position\":3,\"name\":\"P\u00ebrkthim i certifikuar Shqip\u00ebri\"}]},{\"@type\":\"WebSite\",\"@id\":\"https:\/\/abc-office.eu\/sq\/#website\",\"url\":\"https:\/\/abc-office.eu\/sq\/\",\"name\":\"ABC Translation\",\"description\":\"info@abc-office.eu\",\"potentialAction\":[{\"@type\":\"SearchAction\",\"target\":{\"@type\":\"EntryPoint\",\"urlTemplate\":\"https:\/\/abc-office.eu\/sq\/?s={search_term_string}\"},\"query-input\":{\"@type\":\"PropertyValueSpecification\",\"valueRequired\":true,\"valueName\":\"search_term_string\"}}],\"inLanguage\":\"sq-AL\"}]}<\/script>\n<!-- \/ Yoast SEO plugin. -->","yoast_head_json":{"title":"P\u00ebrkthim i certifikuar Shqip\u00ebri | P\u00ebrkthyes i betuar Shqip\u00ebria","description":"ABC Translation | P\u00ebrkthim i certifikuar Shqip\u00ebri | P\u00ebrkthyes i betuar Shqip\u00ebria | P\u00ebrkthim zyrtar Shqip\u00ebria | P\u00ebrkthyes i certifikuar","robots":{"index":"index","follow":"follow","max-snippet":"max-snippet:-1","max-image-preview":"max-image-preview:large","max-video-preview":"max-video-preview:-1"},"canonical":"https:\/\/abc-office.eu\/sq\/shqiperia\/perkthimi-certifikuar-shqiperi\/","og_locale":"sq_AL","og_type":"article","og_title":"P\u00ebrkthim i certifikuar Shqip\u00ebri | P\u00ebrkthyes i betuar Shqip\u00ebria","og_description":"ABC Translation | P\u00ebrkthim i certifikuar Shqip\u00ebri | P\u00ebrkthyes i betuar Shqip\u00ebria | P\u00ebrkthim zyrtar Shqip\u00ebria | P\u00ebrkthyes i certifikuar","og_url":"https:\/\/abc-office.eu\/sq\/shqiperia\/perkthimi-certifikuar-shqiperi\/","og_site_name":"ABC Translation","article_modified_time":"2025-10-20T04:40:57+00:00","og_image":[{"width":768,"height":432,"url":"https:\/\/abc-office.eu\/wp-content\/uploads\/2025\/10\/albania-768x432-1.jpg","type":"image\/jpeg"}],"twitter_card":"summary_large_image","twitter_misc":{"Est. reading time":"3 minutes"},"schema":{"@context":"https:\/\/schema.org","@graph":[{"@type":"WebPage","@id":"https:\/\/abc-office.eu\/sq\/shqiperia\/perkthimi-certifikuar-shqiperi\/","url":"https:\/\/abc-office.eu\/sq\/shqiperia\/perkthimi-certifikuar-shqiperi\/","name":"P\u00ebrkthim i certifikuar Shqip\u00ebri | P\u00ebrkthyes i betuar Shqip\u00ebria","isPartOf":{"@id":"https:\/\/abc-office.eu\/sq\/#website"},"primaryImageOfPage":{"@id":"https:\/\/abc-office.eu\/sq\/shqiperia\/perkthimi-certifikuar-shqiperi\/#primaryimage"},"image":{"@id":"https:\/\/abc-office.eu\/sq\/shqiperia\/perkthimi-certifikuar-shqiperi\/#primaryimage"},"thumbnailUrl":"https:\/\/abc-office.eu\/wp-content\/uploads\/2025\/10\/albania-768x432-1.jpg","datePublished":"2024-10-08T06:58:30+00:00","dateModified":"2025-10-20T04:40:57+00:00","description":"ABC Translation | P\u00ebrkthim i certifikuar Shqip\u00ebri | P\u00ebrkthyes i betuar Shqip\u00ebria | P\u00ebrkthim zyrtar Shqip\u00ebria | P\u00ebrkthyes i certifikuar","breadcrumb":{"@id":"https:\/\/abc-office.eu\/sq\/shqiperia\/perkthimi-certifikuar-shqiperi\/#breadcrumb"},"inLanguage":"sq-AL","potentialAction":[{"@type":"ReadAction","target":["https:\/\/abc-office.eu\/sq\/shqiperia\/perkthimi-certifikuar-shqiperi\/"]}]},{"@type":"ImageObject","inLanguage":"sq-AL","@id":"https:\/\/abc-office.eu\/sq\/shqiperia\/perkthimi-certifikuar-shqiperi\/#primaryimage","url":"https:\/\/abc-office.eu\/wp-content\/uploads\/2025\/10\/albania-768x432-1.jpg","contentUrl":"https:\/\/abc-office.eu\/wp-content\/uploads\/2025\/10\/albania-768x432-1.jpg","width":768,"height":432},{"@type":"BreadcrumbList","@id":"https:\/\/abc-office.eu\/sq\/shqiperia\/perkthimi-certifikuar-shqiperi\/#breadcrumb","itemListElement":[{"@type":"ListItem","position":1,"name":"Accueil","item":"https:\/\/abc-office.eu\/sq\/"},{"@type":"ListItem","position":2,"name":"Shqip\u00ebria","item":"https:\/\/abc-office.eu\/sq\/shqiperia\/"},{"@type":"ListItem","position":3,"name":"P\u00ebrkthim i certifikuar Shqip\u00ebri"}]},{"@type":"WebSite","@id":"https:\/\/abc-office.eu\/sq\/#website","url":"https:\/\/abc-office.eu\/sq\/","name":"ABC Translation","description":"info@abc-office.eu","potentialAction":[{"@type":"SearchAction","target":{"@type":"EntryPoint","urlTemplate":"https:\/\/abc-office.eu\/sq\/?s={search_term_string}"},"query-input":{"@type":"PropertyValueSpecification","valueRequired":true,"valueName":"search_term_string"}}],"inLanguage":"sq-AL"}]}},"_links":{"self":[{"href":"https:\/\/abc-office.eu\/sq\/wp-json\/wp\/v2\/pages\/228551","targetHints":{"allow":["GET"]}}],"collection":[{"href":"https:\/\/abc-office.eu\/sq\/wp-json\/wp\/v2\/pages"}],"about":[{"href":"https:\/\/abc-office.eu\/sq\/wp-json\/wp\/v2\/types\/page"}],"author":[{"embeddable":true,"href":"https:\/\/abc-office.eu\/sq\/wp-json\/wp\/v2\/users\/1"}],"replies":[{"embeddable":true,"href":"https:\/\/abc-office.eu\/sq\/wp-json\/wp\/v2\/comments?post=228551"}],"version-history":[{"count":3,"href":"https:\/\/abc-office.eu\/sq\/wp-json\/wp\/v2\/pages\/228551\/revisions"}],"predecessor-version":[{"id":229299,"href":"https:\/\/abc-office.eu\/sq\/wp-json\/wp\/v2\/pages\/228551\/revisions\/229299"}],"up":[{"embeddable":true,"href":"https:\/\/abc-office.eu\/sq\/wp-json\/wp\/v2\/pages\/228530"}],"wp:featuredmedia":[{"embeddable":true,"href":"https:\/\/abc-office.eu\/sq\/wp-json\/wp\/v2\/media\/228531"}],"wp:attachment":[{"href":"https:\/\/abc-office.eu\/sq\/wp-json\/wp\/v2\/media?parent=228551"}],"curies":[{"name":"wp","href":"https:\/\/api.w.org\/{rel}","templated":true}]}}