{"id":228530,"date":"2024-04-13T09:39:06","date_gmt":"2024-04-13T07:39:06","guid":{"rendered":"https:\/\/abc-office.eu\/?page_id=228530"},"modified":"2025-10-20T06:35:52","modified_gmt":"2025-10-20T04:35:52","slug":"shqiperia","status":"publish","type":"page","link":"https:\/\/abc-office.eu\/sq\/shqiperia\/","title":{"rendered":"Shqip\u00ebria"},"content":{"rendered":"<h2 data-start=\"104\" data-end=\"119\"><strong data-start=\"104\" data-end=\"117\">Shqip\u00ebria<\/strong><\/h2>\n<p style=\"text-align: justify;\" data-start=\"121\" data-end=\"508\">Agjencia jon\u00eb e p\u00ebrkthimit dhe legalizimit \u00ebsht\u00eb e specializuar n\u00eb p\u00ebrkthime t\u00eb certifikuara dhe t\u00eb betuara n\u00eb m\u00eb shum\u00eb se 80 gjuh\u00eb si edhe n\u00eb legalizime. Ekipi yn\u00eb me baz\u00eb n\u00eb Shqip\u00ebri mund t\u00eb p\u00ebrpunoj\u00eb me shpejt\u00ebsi k\u00ebrkes\u00ebn tuaj. Nevojitet vet\u00ebm t\u00eb marrim nj\u00eb kopje t\u00eb dokumenteve q\u00eb duhet t\u00eb p\u00ebrkthehen (pranohen t\u00eb gjitha formatet). Dokumentet origjinale nuk k\u00ebrkohen m\u00eb (Shqip\u00ebria).<\/p>\n<ol>\n<li style=\"text-align: justify;\">S\u00eb pari, mund t\u00eb p\u00ebrdorni adres\u00ebn ton\u00eb t\u00eb email-it (<a href=\"mailto:info@abc-office.eu\">info@abc-office.eu<\/a>), formularin e kontaktit, ose gjithashtu mund t\u00eb p\u00ebrdorni <strong>numrin<\/strong> ton\u00eb WhatsApp.<\/li>\n<li style=\"text-align: justify;\">S\u00eb dyti, ju lutemi t\u00eb p\u00ebrmendni gjuh\u00ebn n\u00eb t\u00eb cil\u00ebn d\u00ebshironi t\u00eb merrni p\u00ebrkthimin dhe n\u00ebse keni nevoj\u00eb q\u00eb p\u00ebrkthimi t\u00eb legalizohet nga noteri dhe\/ose t\u00eb apostilohet (Kancelaria) dhe n\u00ebse keni nevoj\u00eb p\u00ebr legalizim n\u00ebp\u00ebrmjet ambasad\u00ebs ose konsullat\u00ebs.<\/li>\n<li style=\"text-align: justify;\">S\u00eb treti, nj\u00eb nga menaxher\u00ebt tan\u00eb t\u00eb projekteve do t\u2019ju d\u00ebrgoj\u00eb shpejt nj\u00eb ofert\u00eb ku p\u00ebrmendet \u00e7mimi dhe koha e p\u00ebrpunimit t\u00eb k\u00ebtij projekti. Zakonisht p\u00ebrgjigjemi brenda 30 minutave. Megjithat\u00eb, ju lutemi na telefononi n\u00ebse nuk keni marr\u00eb p\u00ebrgjigje brenda m\u00eb shum\u00eb se nj\u00eb ore.<\/li>\n<li style=\"text-align: justify;\">S\u00eb kat\u00ebrti dhe m\u00eb e r\u00ebnd\u00ebsishmja, sapo oferta t\u00eb pranohet, ne do t\u00eb fillojm\u00eb procesin e p\u00ebrkthimit ose legalizimit dhe do t\u2019ju d\u00ebrgojm\u00eb p\u00ebrkthimet e certifikuara dhe\/ose legalizimet me post\u00eb. N\u00ebse keni nevoj\u00eb edhe p\u00ebr nj\u00eb kopje t\u00eb p\u00ebrkthimit dhe legalizimit me email, ju lutemi ta njoftoni menaxherin e projektit dhe ne do t\u2019ua d\u00ebrgojm\u00eb me email p\u00ebrpara se t\u00eb nisim origjinalin me post\u00eb.<\/li>\n<\/ol>\n<p style=\"text-align: justify;\" data-start=\"1587\" data-end=\"1892\">Sa i p\u00ebrket afateve, p\u00ebrkthimet e certifikuara dhe\/ose legalizimet d\u00ebrgohen me post\u00eb ose DHL dhe\/ose me email brenda 2-3 dit\u00ebve pune. Megjithat\u00eb, kjo gjithashtu varet nga volumi dhe niveli i v\u00ebshtir\u00ebsis\u00eb s\u00eb dokumenteve. P\u00ebr shembull, nj\u00eb dokument nj\u00ebfaq\u00ebsh duhet ta merrni brenda 2 dit\u00ebve pune me post\u00eb.<\/p>\n<h3 data-start=\"1894\" data-end=\"1945\"><strong data-start=\"1894\" data-end=\"1943\">K\u00ebtu \u00ebsht\u00eb nj\u00eb list\u00eb e gjuh\u00ebve tona kryesore:<\/strong><\/h3>\n<p style=\"text-align: justify;\" data-start=\"1947\" data-end=\"2889\">Afrikanisht | Shqip | Gjermanisht | Amerikane | Amharisht | Anglisht | Arabisht | Armenisht | Ajmara | Azerbajxhanisht | Baskisht | Bengalishte | Bjelloruse | Burmeze | Boshnjake | Braziliane | Bullgarisht | Kantonisht | Katalanisht | Sinhaleze | Kineze | Kineze e thjeshtuar | Kineze tradicionale | Koreane | Kroate | Danisht | Dari | Spanjisht | Estonisht | Ewe | Farsi | Finlandisht | Gjeorgjiane | Greke | Guarani | Hebraisht | Hindi | Hungarisht | Indonezisht | Italisht | Japonisht | Kazakisht | Khmer | Kirgize | Kurdisht | Laosisht | Letonisht | Lingala | Lituanisht | Maqedonisht | Malajziane | Malajalam | Mandarin | Moldave | Mongolisht | Malazeze | Holandisht | Norvegjisht | Urdu | Uzbekisht | Pashto | Panjabisht | Persisht | Fula | Polonisht | Portugalisht | Ke\u00e7uane | Rumanisht | Rusisht | Serbisht | Sllovakisht | Sllovenisht | Suedisht | Tamilisht | \u00c7ekisht | Tajlandisht | Turqisht | Turkmenisht | Ukrainisht | Vietnameze<\/p>\n<h3 data-start=\"2891\" data-end=\"2943\"><strong data-start=\"2891\" data-end=\"2941\">K\u00ebtu \u00ebsht\u00eb nj\u00eb list\u00eb e pjesshme e dokumenteve:<\/strong><\/h3>\n<p style=\"text-align: justify;\" data-start=\"2945\" data-end=\"3323\">Certifikata e lindjes | certifikata e martes\u00ebs | certifikata e gjendjes civile | v\u00ebrtetim | patent\u00eb | d\u00ebshmia penale | certifikat\u00eb | certifikata e beqaris\u00eb | certifikata familjare | v\u00ebrtetim pune | deklarat\u00eb tatimore | diplom\u00eb | pasaport\u00eb | leje drejtimi | testament | viz\u00eb | kontrat\u00eb | kontrat\u00eb divorci | kontrat\u00eb martese | vendim gjykate | procedur\u00eb | prokur\u00eb | procesverbal<\/p>\n<h3 data-start=\"3325\" data-end=\"3405\"><strong data-start=\"3325\" data-end=\"3403\">Llojet e zakonshme t\u00eb certifikimeve\/legalizimeve p\u00ebr p\u00ebrkthime (Shqip\u00ebria):<\/strong><\/h3>\n<ul>\n<li style=\"text-align: justify;\" data-start=\"3408\" data-end=\"3490\"><strong data-start=\"3408\" data-end=\"3435\">P\u00ebrkthim i certifikuar:<\/strong> ne ofrojm\u00eb p\u00ebrkthimin me vul\u00ebn dhe n\u00ebnshkrimin ton\u00eb.<\/li>\n<li style=\"text-align: justify;\" data-start=\"3408\" data-end=\"3490\"><strong data-start=\"48\" data-end=\"70\">P\u00ebrkthim i betuar:<\/strong> nj\u00eb p\u00ebrkthim i certifikuar i kryer nga nj\u00eb p\u00ebrkthyes i autorizuar, i shoq\u00ebruar me n\u00ebnshkrimin dhe vul\u00ebn e tij, i cili i jep dokumentit vlefshm\u00ebri ligjore zyrtare p\u00ebrpara institucioneve n\u00eb Shqip\u00ebri dhe jasht\u00eb saj.<\/li>\n<li style=\"text-align: justify;\" data-start=\"3493\" data-end=\"3578\"><strong data-start=\"3493\" data-end=\"3519\">P\u00ebrkthim i legalizuar:<\/strong> noteri legalizon n\u00ebnshkrimin e p\u00ebrkthyesit mbi p\u00ebrkthim.<\/li>\n<li style=\"text-align: justify;\" data-start=\"3581\" data-end=\"3652\"><strong data-start=\"3581\" data-end=\"3606\">P\u00ebrkthim me apostil\u00eb:<\/strong> kancelaria legalizon n\u00ebnshkrimin e noterit.<\/li>\n<li style=\"text-align: justify;\" data-start=\"3655\" data-end=\"3788\"><strong data-start=\"3655\" data-end=\"3713\">P\u00ebrkthim i legalizuar nga nj\u00eb ambasad\u00eb ose konsullat\u00eb:<\/strong> ambasada ose konsullata legalizon p\u00ebrkthimin p\u00ebr p\u00ebrdorim jasht\u00eb vendit.<\/li>\n<\/ul>\n<h3 data-start=\"3790\" data-end=\"3862\"><strong data-start=\"3790\" data-end=\"3860\">Llojet e zakonshme t\u00eb legalizimeve p\u00ebr p\u00ebrdorim zyrtar (Shqip\u00ebria):<\/strong><\/h3>\n<ul>\n<li style=\"text-align: justify;\" data-start=\"3865\" data-end=\"4062\"><strong data-start=\"3865\" data-end=\"3891\">Legalizim me apostil\u00eb:<\/strong> vendet q\u00eb kan\u00eb n\u00ebnshkruar Konvent\u00ebn e Hag\u00ebs njohin vlefshm\u00ebrin\u00eb e nj\u00eb dokumenti pa viz\u00ebn e nj\u00eb konsullate ose ambasade, me kusht q\u00eb ai t\u00eb mbaj\u00eb legalizimin me apostil\u00eb.<\/li>\n<li style=\"text-align: justify;\" data-start=\"4065\" data-end=\"4369\"><strong data-start=\"4065\" data-end=\"4111\">Legalizim nga nj\u00eb ambasad\u00eb ose konsullat\u00eb:<\/strong> q\u00eb dokumentet t\u00eb jen\u00eb t\u00eb vlefshme n\u00eb disa vende, si Kina, ato duhet t\u00eb legalizohen n\u00eb Ambasad\u00eb ose Konsullat\u00eb. T\u00eb gjitha dokumentet duhet t\u00eb legalizohen nga noteri dhe Kancelaria\/Prefektura p\u00ebrpara se Ambasada ose konsullata t\u00eb vendos\u00eb legalizimin e tyre.<\/li>\n<li style=\"text-align: justify;\" data-start=\"4372\" data-end=\"4775\"><strong data-start=\"4372\" data-end=\"4394\">Kopje e v\u00ebrtetuar:<\/strong> nj\u00eb kopje e v\u00ebrtetuar, e quajtur gjithashtu <strong data-start=\"4439\" data-end=\"4450\">Vidimus<\/strong> ose <strong data-start=\"4455\" data-end=\"4465\">Brevet<\/strong>, \u00ebsht\u00eb nj\u00eb kopje e cila \u00ebsht\u00eb njohur si e p\u00ebrputhshme me dokumentin origjinal nga nj\u00eb noter. Kur dokumentet origjinale jan\u00eb l\u00ebshuar nga autoritetet e huaja, disa institucione k\u00ebrkojn\u00eb kopje t\u00eb noterizuara t\u00eb cilat jan\u00eb v\u00ebrtetuar nga nj\u00eb noter. E nj\u00ebjta gj\u00eb vlen edhe p\u00ebr dokumentet q\u00eb shkojn\u00eb jasht\u00eb vendit.<\/li>\n<li style=\"text-align: justify;\" data-start=\"4778\" data-end=\"4941\"><strong data-start=\"4778\" data-end=\"4787\">Viza:<\/strong> nj\u00eb viz\u00eb \u00ebsht\u00eb nj\u00eb legalizim i b\u00ebr\u00eb mbi nj\u00eb kopje t\u00eb origjinalit. N\u00eb rast se nuk jeni n\u00eb posedim t\u00eb origjinalit, ne p\u00ebrs\u00ebri mund t\u00eb legalizojm\u00eb kopjen.<\/li>\n<li style=\"text-align: justify;\" data-start=\"4944\" data-end=\"5181\"><strong data-start=\"4944\" data-end=\"4973\">Legalizimi i n\u00ebnshkrimit:<\/strong> duke legalizuar nj\u00eb n\u00ebnshkrim, noteri d\u00ebshmon v\u00ebrtet\u00ebsin\u00eb e tij: n\u00ebnshkrimi q\u00eb shfaqet n\u00eb fund t\u00eb nj\u00eb dokumenti \u00ebsht\u00eb ai i personit q\u00eb pretendon se e ka n\u00ebnshkruar at\u00eb. Kjo p\u00ebrdoret kryesisht p\u00ebr prokurat.<\/li>\n<\/ul>\n<p style=\"text-align: justify;\" data-start=\"5183\" data-end=\"5494\">Si rezultat dhe fal\u00eb certifikimit t\u00eb duhur, p\u00ebrkthimet dhe legalizimet do t\u00eb pranohen n\u00eb Shqip\u00ebri dhe jasht\u00eb saj. P\u00ebr \u00e7do pyetje lidhur me llojin e certifikimit ose legalizimit q\u00eb ju nevojitet p\u00ebr dokumentet tuaja, mos hezitoni t\u00eb kontaktoni ekipin ton\u00eb. Ne do t\u2019ju udh\u00ebzojm\u00eb gjat\u00eb gjith\u00eb procesit (Shqip\u00ebria).<\/p>\n<p style=\"text-align: justify;\" data-start=\"5496\" data-end=\"5536\">Ne mezi presim t\u00eb bashk\u00ebpunojm\u00eb me ju.<\/p>\n<p style=\"text-align: justify;\" data-start=\"5538\" data-end=\"5563\"><a href=\"https:\/\/abc-office.eu\/sq\/\"><strong data-start=\"5538\" data-end=\"5561\">ABC Translation LLC<\/strong><\/a><\/p>\n<p data-start=\"5538\" data-end=\"5563\"><img loading=\"lazy\" decoding=\"async\" class=\"aligncenter wp-image-271\" src=\"https:\/\/abc-office.ch\/wp-content\/uploads\/2018\/06\/imageedit_1_6241191614.gif\" alt=\"Shqip\u00ebria\" width=\"437\" height=\"437\" \/><\/p>\n","protected":false},"excerpt":{"rendered":"<p>Shqip\u00ebria Agjencia jon\u00eb e p\u00ebrkthimit dhe legalizimit \u00ebsht\u00eb e specializuar n\u00eb p\u00ebrkthime t\u00eb certifikuara dhe t\u00eb betuara n\u00eb m\u00eb shum\u00eb se 80 gjuh\u00eb si edhe n\u00eb legalizime. Ekipi yn\u00eb me baz\u00eb n\u00eb Shqip\u00ebri mund t\u00eb p\u00ebrpunoj\u00eb me shpejt\u00ebsi k\u00ebrkes\u00ebn tuaj. Nevojitet vet\u00ebm t\u00eb marrim nj\u00eb kopje t\u00eb dokumenteve q\u00eb duhet t\u00eb p\u00ebrkthehen (pranohen t\u00eb gjitha&#8230;<\/p>\n","protected":false},"author":1,"featured_media":228531,"parent":0,"menu_order":0,"comment_status":"closed","ping_status":"closed","template":"","meta":{"sfsi_plus_gutenberg_text_before_share":"","sfsi_plus_gutenberg_show_text_before_share":"","sfsi_plus_gutenberg_icon_type":"","sfsi_plus_gutenberg_icon_alignemt":"","sfsi_plus_gutenburg_max_per_row":"","footnotes":""},"class_list":["post-228530","page","type-page","status-publish","has-post-thumbnail","hentry"],"yoast_head":"<!-- This site is optimized with the Yoast SEO plugin v23.8 - https:\/\/yoast.com\/wordpress\/plugins\/seo\/ -->\n<title>P\u00ebrkthim i certifikuar Shqip\u00ebria | P\u00ebrkthyes i betuar Shqip\u00ebria<\/title>\n<meta name=\"description\" content=\"ABC Translation | P\u00ebrkthim i certifikuar Shqip\u00ebria | P\u00ebrkthyes i betuar Shqip\u00ebria | Legalizim nga noteri | Apostil\u00eb | Konsullat\u00eb | Ambasad\u00eb\" \/>\n<meta name=\"robots\" content=\"index, follow, max-snippet:-1, max-image-preview:large, max-video-preview:-1\" \/>\n<link rel=\"canonical\" href=\"https:\/\/abc-office.eu\/sq\/shqiperia\/\" \/>\n<meta property=\"og:locale\" content=\"sq_AL\" \/>\n<meta property=\"og:type\" content=\"article\" \/>\n<meta property=\"og:title\" content=\"P\u00ebrkthim i certifikuar Shqip\u00ebria | P\u00ebrkthyes i betuar Shqip\u00ebria\" \/>\n<meta property=\"og:description\" content=\"ABC Translation | P\u00ebrkthim i certifikuar Shqip\u00ebria | P\u00ebrkthyes i betuar Shqip\u00ebria | Legalizim nga noteri | Apostil\u00eb | Konsullat\u00eb | Ambasad\u00eb\" \/>\n<meta property=\"og:url\" content=\"https:\/\/abc-office.eu\/sq\/shqiperia\/\" \/>\n<meta property=\"og:site_name\" content=\"ABC Translation\" \/>\n<meta property=\"article:modified_time\" content=\"2025-10-20T04:35:52+00:00\" \/>\n<meta property=\"og:image\" content=\"https:\/\/abc-office.eu\/wp-content\/uploads\/2025\/10\/albania-768x432-1.jpg\" \/>\n\t<meta property=\"og:image:width\" content=\"768\" \/>\n\t<meta property=\"og:image:height\" content=\"432\" \/>\n\t<meta property=\"og:image:type\" content=\"image\/jpeg\" \/>\n<meta name=\"twitter:card\" content=\"summary_large_image\" \/>\n<meta name=\"twitter:label1\" content=\"Est. reading time\" \/>\n\t<meta name=\"twitter:data1\" content=\"5 minutes\" \/>\n<script type=\"application\/ld+json\" class=\"yoast-schema-graph\">{\"@context\":\"https:\/\/schema.org\",\"@graph\":[{\"@type\":\"WebPage\",\"@id\":\"https:\/\/abc-office.eu\/sq\/shqiperia\/\",\"url\":\"https:\/\/abc-office.eu\/sq\/shqiperia\/\",\"name\":\"P\u00ebrkthim i certifikuar Shqip\u00ebria | P\u00ebrkthyes i betuar Shqip\u00ebria\",\"isPartOf\":{\"@id\":\"https:\/\/abc-office.eu\/sq\/#website\"},\"primaryImageOfPage\":{\"@id\":\"https:\/\/abc-office.eu\/sq\/shqiperia\/#primaryimage\"},\"image\":{\"@id\":\"https:\/\/abc-office.eu\/sq\/shqiperia\/#primaryimage\"},\"thumbnailUrl\":\"https:\/\/abc-office.eu\/wp-content\/uploads\/2025\/10\/albania-768x432-1.jpg\",\"datePublished\":\"2024-04-13T07:39:06+00:00\",\"dateModified\":\"2025-10-20T04:35:52+00:00\",\"description\":\"ABC Translation | P\u00ebrkthim i certifikuar Shqip\u00ebria | P\u00ebrkthyes i betuar Shqip\u00ebria | Legalizim nga noteri | Apostil\u00eb | Konsullat\u00eb | Ambasad\u00eb\",\"breadcrumb\":{\"@id\":\"https:\/\/abc-office.eu\/sq\/shqiperia\/#breadcrumb\"},\"inLanguage\":\"sq-AL\",\"potentialAction\":[{\"@type\":\"ReadAction\",\"target\":[\"https:\/\/abc-office.eu\/sq\/shqiperia\/\"]}]},{\"@type\":\"ImageObject\",\"inLanguage\":\"sq-AL\",\"@id\":\"https:\/\/abc-office.eu\/sq\/shqiperia\/#primaryimage\",\"url\":\"https:\/\/abc-office.eu\/wp-content\/uploads\/2025\/10\/albania-768x432-1.jpg\",\"contentUrl\":\"https:\/\/abc-office.eu\/wp-content\/uploads\/2025\/10\/albania-768x432-1.jpg\",\"width\":768,\"height\":432},{\"@type\":\"BreadcrumbList\",\"@id\":\"https:\/\/abc-office.eu\/sq\/shqiperia\/#breadcrumb\",\"itemListElement\":[{\"@type\":\"ListItem\",\"position\":1,\"name\":\"Accueil\",\"item\":\"https:\/\/abc-office.eu\/sq\/\"},{\"@type\":\"ListItem\",\"position\":2,\"name\":\"Shqip\u00ebria\"}]},{\"@type\":\"WebSite\",\"@id\":\"https:\/\/abc-office.eu\/sq\/#website\",\"url\":\"https:\/\/abc-office.eu\/sq\/\",\"name\":\"ABC Translation\",\"description\":\"info@abc-office.eu\",\"potentialAction\":[{\"@type\":\"SearchAction\",\"target\":{\"@type\":\"EntryPoint\",\"urlTemplate\":\"https:\/\/abc-office.eu\/sq\/?s={search_term_string}\"},\"query-input\":{\"@type\":\"PropertyValueSpecification\",\"valueRequired\":true,\"valueName\":\"search_term_string\"}}],\"inLanguage\":\"sq-AL\"}]}<\/script>\n<!-- \/ Yoast SEO plugin. -->","yoast_head_json":{"title":"P\u00ebrkthim i certifikuar Shqip\u00ebria | P\u00ebrkthyes i betuar Shqip\u00ebria","description":"ABC Translation | P\u00ebrkthim i certifikuar Shqip\u00ebria | P\u00ebrkthyes i betuar Shqip\u00ebria | Legalizim nga noteri | Apostil\u00eb | Konsullat\u00eb | Ambasad\u00eb","robots":{"index":"index","follow":"follow","max-snippet":"max-snippet:-1","max-image-preview":"max-image-preview:large","max-video-preview":"max-video-preview:-1"},"canonical":"https:\/\/abc-office.eu\/sq\/shqiperia\/","og_locale":"sq_AL","og_type":"article","og_title":"P\u00ebrkthim i certifikuar Shqip\u00ebria | P\u00ebrkthyes i betuar Shqip\u00ebria","og_description":"ABC Translation | P\u00ebrkthim i certifikuar Shqip\u00ebria | P\u00ebrkthyes i betuar Shqip\u00ebria | Legalizim nga noteri | Apostil\u00eb | Konsullat\u00eb | Ambasad\u00eb","og_url":"https:\/\/abc-office.eu\/sq\/shqiperia\/","og_site_name":"ABC Translation","article_modified_time":"2025-10-20T04:35:52+00:00","og_image":[{"width":768,"height":432,"url":"https:\/\/abc-office.eu\/wp-content\/uploads\/2025\/10\/albania-768x432-1.jpg","type":"image\/jpeg"}],"twitter_card":"summary_large_image","twitter_misc":{"Est. reading time":"5 minutes"},"schema":{"@context":"https:\/\/schema.org","@graph":[{"@type":"WebPage","@id":"https:\/\/abc-office.eu\/sq\/shqiperia\/","url":"https:\/\/abc-office.eu\/sq\/shqiperia\/","name":"P\u00ebrkthim i certifikuar Shqip\u00ebria | P\u00ebrkthyes i betuar Shqip\u00ebria","isPartOf":{"@id":"https:\/\/abc-office.eu\/sq\/#website"},"primaryImageOfPage":{"@id":"https:\/\/abc-office.eu\/sq\/shqiperia\/#primaryimage"},"image":{"@id":"https:\/\/abc-office.eu\/sq\/shqiperia\/#primaryimage"},"thumbnailUrl":"https:\/\/abc-office.eu\/wp-content\/uploads\/2025\/10\/albania-768x432-1.jpg","datePublished":"2024-04-13T07:39:06+00:00","dateModified":"2025-10-20T04:35:52+00:00","description":"ABC Translation | P\u00ebrkthim i certifikuar Shqip\u00ebria | P\u00ebrkthyes i betuar Shqip\u00ebria | Legalizim nga noteri | Apostil\u00eb | Konsullat\u00eb | Ambasad\u00eb","breadcrumb":{"@id":"https:\/\/abc-office.eu\/sq\/shqiperia\/#breadcrumb"},"inLanguage":"sq-AL","potentialAction":[{"@type":"ReadAction","target":["https:\/\/abc-office.eu\/sq\/shqiperia\/"]}]},{"@type":"ImageObject","inLanguage":"sq-AL","@id":"https:\/\/abc-office.eu\/sq\/shqiperia\/#primaryimage","url":"https:\/\/abc-office.eu\/wp-content\/uploads\/2025\/10\/albania-768x432-1.jpg","contentUrl":"https:\/\/abc-office.eu\/wp-content\/uploads\/2025\/10\/albania-768x432-1.jpg","width":768,"height":432},{"@type":"BreadcrumbList","@id":"https:\/\/abc-office.eu\/sq\/shqiperia\/#breadcrumb","itemListElement":[{"@type":"ListItem","position":1,"name":"Accueil","item":"https:\/\/abc-office.eu\/sq\/"},{"@type":"ListItem","position":2,"name":"Shqip\u00ebria"}]},{"@type":"WebSite","@id":"https:\/\/abc-office.eu\/sq\/#website","url":"https:\/\/abc-office.eu\/sq\/","name":"ABC Translation","description":"info@abc-office.eu","potentialAction":[{"@type":"SearchAction","target":{"@type":"EntryPoint","urlTemplate":"https:\/\/abc-office.eu\/sq\/?s={search_term_string}"},"query-input":{"@type":"PropertyValueSpecification","valueRequired":true,"valueName":"search_term_string"}}],"inLanguage":"sq-AL"}]}},"_links":{"self":[{"href":"https:\/\/abc-office.eu\/sq\/wp-json\/wp\/v2\/pages\/228530","targetHints":{"allow":["GET"]}}],"collection":[{"href":"https:\/\/abc-office.eu\/sq\/wp-json\/wp\/v2\/pages"}],"about":[{"href":"https:\/\/abc-office.eu\/sq\/wp-json\/wp\/v2\/types\/page"}],"author":[{"embeddable":true,"href":"https:\/\/abc-office.eu\/sq\/wp-json\/wp\/v2\/users\/1"}],"replies":[{"embeddable":true,"href":"https:\/\/abc-office.eu\/sq\/wp-json\/wp\/v2\/comments?post=228530"}],"version-history":[{"count":2,"href":"https:\/\/abc-office.eu\/sq\/wp-json\/wp\/v2\/pages\/228530\/revisions"}],"predecessor-version":[{"id":229297,"href":"https:\/\/abc-office.eu\/sq\/wp-json\/wp\/v2\/pages\/228530\/revisions\/229297"}],"wp:featuredmedia":[{"embeddable":true,"href":"https:\/\/abc-office.eu\/sq\/wp-json\/wp\/v2\/media\/228531"}],"wp:attachment":[{"href":"https:\/\/abc-office.eu\/sq\/wp-json\/wp\/v2\/media?parent=228530"}],"curies":[{"name":"wp","href":"https:\/\/api.w.org\/{rel}","templated":true}]}}