{"id":228500,"date":"2022-04-25T10:26:44","date_gmt":"2022-04-25T08:26:44","guid":{"rendered":"https:\/\/abc-office.eu\/?page_id=228500"},"modified":"2025-10-18T16:23:07","modified_gmt":"2025-10-18T14:23:07","slug":"kontakti","status":"publish","type":"page","link":"https:\/\/abc-office.eu\/sq\/kontakti\/","title":{"rendered":"Kontakti"},"content":{"rendered":"<h2><strong data-start=\"105\" data-end=\"171\">Kontakti \u2013 agjencit\u00eb tuaja t\u00eb p\u00ebrkthimit n\u00eb Bashkimin Evropian<\/strong><\/h2>\n<p><br data-start=\"171\" data-end=\"174\" \/>Email: <a class=\"decorated-link cursor-pointer\" href=\"mailto:info@abc-office.eu\" rel=\"noopener\" data-start=\"181\" data-end=\"199\">info@abc-office.eu<\/a><\/p>\n<h3 data-start=\"203\" data-end=\"224\"><strong data-start=\"203\" data-end=\"222\">ABC Translation<\/strong><\/h3>\n<p style=\"text-align: justify;\" data-start=\"226\" data-end=\"928\">P\u00ebrkthyesit dhe redaktor\u00ebt tan\u00eb, t\u00eb bazuar n\u00eb Bashkimin Evropian, jan\u00eb t\u00eb gjith\u00eb t\u00eb diplomuar me Master n\u00eb P\u00ebrkthim. Ata jan\u00eb t\u00eb specializuar n\u00eb fusha t\u00eb ndryshme si marketingu, ekonomia, politika, ligji dhe mjek\u00ebsia. P\u00ebr nj\u00eb k\u00ebrkes\u00eb t\u00eb shpejt\u00eb, ju lutemi plot\u00ebsoni formularin n\u00eb an\u00ebn e djatht\u00eb t\u00eb ekranit. M\u00eb pas, ekipi yn\u00eb do t\u2019ju d\u00ebrgoj\u00eb nj\u00eb ofert\u00eb q\u00eb tregon koston si dhe koh\u00ebn e dor\u00ebzimit p\u00ebr p\u00ebrkthimin. Oferta jon\u00eb p\u00ebrfshin p\u00ebrkthimin e tekstit si dhe nj\u00eb rishikim (korrektur\u00eb) t\u00eb kryer nga nj\u00eb p\u00ebrkthyes tjet\u00ebr p\u00ebr t\u00eb siguruar cil\u00ebsin\u00eb e p\u00ebrkthimit. Pasi teksti t\u00eb jet\u00eb p\u00ebrkthyer dhe rishikuar, ne ua d\u00ebrgojm\u00eb p\u00ebrs\u00ebri me email ose me post\u00eb n\u00eb rastin e nj\u00eb p\u00ebrkthimi t\u00eb noterizuar\/certifikuar.<\/p>\n<p style=\"text-align: justify;\" data-start=\"930\" data-end=\"1263\">Cil\u00ebsia e pun\u00ebs duhet t\u00eb jet\u00eb e p\u00ebrsosur kur b\u00ebhet fjal\u00eb p\u00ebr p\u00ebrkthimin. Fal\u00eb p\u00ebrpar\u00ebsive tona kryesore q\u00eb jan\u00eb sakt\u00ebsia, efikasiteti dhe korrekt\u00ebsia n\u00eb koh\u00eb, ne bashk\u00ebpunojm\u00eb \u00e7do dit\u00eb me nj\u00eb num\u00ebr t\u00eb madh kompanish dhe individ\u00ebsh. Ne merremi me p\u00ebrkthimin e faqeve t\u00eb internetit, dokumenteve zyrtare dhe teksteve t\u00eb specializuara.<\/p>\n<p style=\"text-align: justify;\" data-start=\"1265\" data-end=\"1721\">Ne p\u00ebrcaktojm\u00eb gam\u00ebn e \u00e7mimeve tona sipas nj\u00eb sistemi t\u00eb sakt\u00eb t\u00eb BE-s\u00eb. Ky asociacion \u00ebsht\u00eb krijuar p\u00ebr t\u00eb ngritur nj\u00eb sistem \u00e7mimesh q\u00eb merr parasysh v\u00ebshtir\u00ebsin\u00eb e tekstit burimor. \u00c7mimi mund t\u00eb llogaritet sipas numrit t\u00eb fjal\u00ebve ose p\u00ebr \u00e7do rresht prej 55 karakteresh. Ky sistem lejon transparenc\u00eb t\u00eb plot\u00eb ndaj klientit dhe mund\u00ebson hartimin e ofertave t\u00eb drejta. Ne punojm\u00eb si me kompani ashtu edhe me individ\u00eb privat\u00eb n\u00eb gjith\u00eb Bashkimin <a href=\"https:\/\/abc-office.eu\/sq\/\">Evropian<\/a>.<\/p>\n<p data-start=\"1265\" data-end=\"1721\"><img loading=\"lazy\" decoding=\"async\" class=\"aligncenter wp-image-28719\" src=\"https:\/\/abc-office.eu\/wp-content\/uploads\/2017\/02\/second_image-300x200.jpg\" alt=\"Kontakti\" width=\"715\" height=\"476\" srcset=\"https:\/\/abc-office.eu\/wp-content\/uploads\/2017\/02\/second_image-300x200.jpg 300w, https:\/\/abc-office.eu\/wp-content\/uploads\/2017\/02\/second_image-1024x682.jpg 1024w, https:\/\/abc-office.eu\/wp-content\/uploads\/2017\/02\/second_image-768x512.jpg 768w, https:\/\/abc-office.eu\/wp-content\/uploads\/2017\/02\/second_image-1080x720.jpg 1080w, https:\/\/abc-office.eu\/wp-content\/uploads\/2017\/02\/second_image-1280x853.jpg 1280w, https:\/\/abc-office.eu\/wp-content\/uploads\/2017\/02\/second_image-980x653.jpg 980w, https:\/\/abc-office.eu\/wp-content\/uploads\/2017\/02\/second_image-480x320.jpg 480w, https:\/\/abc-office.eu\/wp-content\/uploads\/2017\/02\/second_image.jpg 1400w\" sizes=\"auto, (max-width: 715px) 100vw, 715px\" \/><\/p>\n","protected":false},"excerpt":{"rendered":"<p>Kontakti \u2013 agjencit\u00eb tuaja t\u00eb p\u00ebrkthimit n\u00eb Bashkimin Evropian Email: info@abc-office.eu ABC Translation P\u00ebrkthyesit dhe redaktor\u00ebt tan\u00eb, t\u00eb bazuar n\u00eb Bashkimin Evropian, jan\u00eb t\u00eb gjith\u00eb t\u00eb diplomuar me Master n\u00eb P\u00ebrkthim. Ata jan\u00eb t\u00eb specializuar n\u00eb fusha t\u00eb ndryshme si marketingu, ekonomia, politika, ligji dhe mjek\u00ebsia. P\u00ebr nj\u00eb k\u00ebrkes\u00eb t\u00eb shpejt\u00eb, ju lutemi plot\u00ebsoni formularin&#8230;<\/p>\n","protected":false},"author":1,"featured_media":228501,"parent":0,"menu_order":0,"comment_status":"closed","ping_status":"closed","template":"","meta":{"sfsi_plus_gutenberg_text_before_share":"","sfsi_plus_gutenberg_show_text_before_share":"","sfsi_plus_gutenberg_icon_type":"","sfsi_plus_gutenberg_icon_alignemt":"","sfsi_plus_gutenburg_max_per_row":"","footnotes":""},"class_list":["post-228500","page","type-page","status-publish","has-post-thumbnail","hentry"],"yoast_head":"<!-- This site is optimized with the Yoast SEO plugin v23.8 - https:\/\/yoast.com\/wordpress\/plugins\/seo\/ -->\n<title>Kontakti | P\u00ebrkthyes | Bashkimi Evropian | Mbret\u00ebria e Bashkuar<\/title>\n<meta name=\"description\" content=\"ABC Translation: Kontakti | P\u00ebrkthim faqesh interneti | P\u00ebrkthim dokumentesh zyrtare | P\u00ebrkthim i specializuar | Bashkimi Evropian\" \/>\n<meta name=\"robots\" content=\"index, follow, max-snippet:-1, max-image-preview:large, max-video-preview:-1\" \/>\n<link rel=\"canonical\" href=\"https:\/\/abc-office.eu\/sq\/kontakti\/\" \/>\n<meta property=\"og:locale\" content=\"sq_AL\" \/>\n<meta property=\"og:type\" content=\"article\" \/>\n<meta property=\"og:title\" content=\"Kontakti | P\u00ebrkthyes | Bashkimi Evropian | Mbret\u00ebria e Bashkuar\" \/>\n<meta property=\"og:description\" content=\"ABC Translation: Kontakti | P\u00ebrkthim faqesh interneti | P\u00ebrkthim dokumentesh zyrtare | P\u00ebrkthim i specializuar | Bashkimi Evropian\" \/>\n<meta property=\"og:url\" content=\"https:\/\/abc-office.eu\/sq\/kontakti\/\" \/>\n<meta property=\"og:site_name\" content=\"ABC Translation\" \/>\n<meta property=\"article:modified_time\" content=\"2025-10-18T14:23:07+00:00\" \/>\n<meta property=\"og:image\" content=\"https:\/\/abc-office.eu\/wp-content\/uploads\/2025\/10\/Flag_of_Europe-2-768x512-7.png\" \/>\n\t<meta property=\"og:image:width\" content=\"768\" \/>\n\t<meta property=\"og:image:height\" content=\"512\" \/>\n\t<meta property=\"og:image:type\" content=\"image\/png\" \/>\n<meta name=\"twitter:card\" content=\"summary_large_image\" \/>\n<meta name=\"twitter:label1\" content=\"Est. reading time\" \/>\n\t<meta name=\"twitter:data1\" content=\"2 minutes\" \/>\n<script type=\"application\/ld+json\" class=\"yoast-schema-graph\">{\"@context\":\"https:\/\/schema.org\",\"@graph\":[{\"@type\":\"WebPage\",\"@id\":\"https:\/\/abc-office.eu\/sq\/kontakti\/\",\"url\":\"https:\/\/abc-office.eu\/sq\/kontakti\/\",\"name\":\"Kontakti | P\u00ebrkthyes | Bashkimi Evropian | Mbret\u00ebria e Bashkuar\",\"isPartOf\":{\"@id\":\"https:\/\/abc-office.eu\/sq\/#website\"},\"primaryImageOfPage\":{\"@id\":\"https:\/\/abc-office.eu\/sq\/kontakti\/#primaryimage\"},\"image\":{\"@id\":\"https:\/\/abc-office.eu\/sq\/kontakti\/#primaryimage\"},\"thumbnailUrl\":\"https:\/\/abc-office.eu\/wp-content\/uploads\/2025\/10\/Flag_of_Europe-2-768x512-7.png\",\"datePublished\":\"2022-04-25T08:26:44+00:00\",\"dateModified\":\"2025-10-18T14:23:07+00:00\",\"description\":\"ABC Translation: Kontakti | P\u00ebrkthim faqesh interneti | P\u00ebrkthim dokumentesh zyrtare | P\u00ebrkthim i specializuar | Bashkimi Evropian\",\"breadcrumb\":{\"@id\":\"https:\/\/abc-office.eu\/sq\/kontakti\/#breadcrumb\"},\"inLanguage\":\"sq-AL\",\"potentialAction\":[{\"@type\":\"ReadAction\",\"target\":[\"https:\/\/abc-office.eu\/sq\/kontakti\/\"]}]},{\"@type\":\"ImageObject\",\"inLanguage\":\"sq-AL\",\"@id\":\"https:\/\/abc-office.eu\/sq\/kontakti\/#primaryimage\",\"url\":\"https:\/\/abc-office.eu\/wp-content\/uploads\/2025\/10\/Flag_of_Europe-2-768x512-7.png\",\"contentUrl\":\"https:\/\/abc-office.eu\/wp-content\/uploads\/2025\/10\/Flag_of_Europe-2-768x512-7.png\",\"width\":768,\"height\":512},{\"@type\":\"BreadcrumbList\",\"@id\":\"https:\/\/abc-office.eu\/sq\/kontakti\/#breadcrumb\",\"itemListElement\":[{\"@type\":\"ListItem\",\"position\":1,\"name\":\"Accueil\",\"item\":\"https:\/\/abc-office.eu\/sq\/\"},{\"@type\":\"ListItem\",\"position\":2,\"name\":\"Kontakti\"}]},{\"@type\":\"WebSite\",\"@id\":\"https:\/\/abc-office.eu\/sq\/#website\",\"url\":\"https:\/\/abc-office.eu\/sq\/\",\"name\":\"ABC Translation\",\"description\":\"info@abc-office.eu\",\"potentialAction\":[{\"@type\":\"SearchAction\",\"target\":{\"@type\":\"EntryPoint\",\"urlTemplate\":\"https:\/\/abc-office.eu\/sq\/?s={search_term_string}\"},\"query-input\":{\"@type\":\"PropertyValueSpecification\",\"valueRequired\":true,\"valueName\":\"search_term_string\"}}],\"inLanguage\":\"sq-AL\"}]}<\/script>\n<!-- \/ Yoast SEO plugin. -->","yoast_head_json":{"title":"Kontakti | P\u00ebrkthyes | Bashkimi Evropian | Mbret\u00ebria e Bashkuar","description":"ABC Translation: Kontakti | P\u00ebrkthim faqesh interneti | P\u00ebrkthim dokumentesh zyrtare | P\u00ebrkthim i specializuar | Bashkimi Evropian","robots":{"index":"index","follow":"follow","max-snippet":"max-snippet:-1","max-image-preview":"max-image-preview:large","max-video-preview":"max-video-preview:-1"},"canonical":"https:\/\/abc-office.eu\/sq\/kontakti\/","og_locale":"sq_AL","og_type":"article","og_title":"Kontakti | P\u00ebrkthyes | Bashkimi Evropian | Mbret\u00ebria e Bashkuar","og_description":"ABC Translation: Kontakti | P\u00ebrkthim faqesh interneti | P\u00ebrkthim dokumentesh zyrtare | P\u00ebrkthim i specializuar | Bashkimi Evropian","og_url":"https:\/\/abc-office.eu\/sq\/kontakti\/","og_site_name":"ABC Translation","article_modified_time":"2025-10-18T14:23:07+00:00","og_image":[{"width":768,"height":512,"url":"https:\/\/abc-office.eu\/wp-content\/uploads\/2025\/10\/Flag_of_Europe-2-768x512-7.png","type":"image\/png"}],"twitter_card":"summary_large_image","twitter_misc":{"Est. reading time":"2 minutes"},"schema":{"@context":"https:\/\/schema.org","@graph":[{"@type":"WebPage","@id":"https:\/\/abc-office.eu\/sq\/kontakti\/","url":"https:\/\/abc-office.eu\/sq\/kontakti\/","name":"Kontakti | P\u00ebrkthyes | Bashkimi Evropian | Mbret\u00ebria e Bashkuar","isPartOf":{"@id":"https:\/\/abc-office.eu\/sq\/#website"},"primaryImageOfPage":{"@id":"https:\/\/abc-office.eu\/sq\/kontakti\/#primaryimage"},"image":{"@id":"https:\/\/abc-office.eu\/sq\/kontakti\/#primaryimage"},"thumbnailUrl":"https:\/\/abc-office.eu\/wp-content\/uploads\/2025\/10\/Flag_of_Europe-2-768x512-7.png","datePublished":"2022-04-25T08:26:44+00:00","dateModified":"2025-10-18T14:23:07+00:00","description":"ABC Translation: Kontakti | P\u00ebrkthim faqesh interneti | P\u00ebrkthim dokumentesh zyrtare | P\u00ebrkthim i specializuar | Bashkimi Evropian","breadcrumb":{"@id":"https:\/\/abc-office.eu\/sq\/kontakti\/#breadcrumb"},"inLanguage":"sq-AL","potentialAction":[{"@type":"ReadAction","target":["https:\/\/abc-office.eu\/sq\/kontakti\/"]}]},{"@type":"ImageObject","inLanguage":"sq-AL","@id":"https:\/\/abc-office.eu\/sq\/kontakti\/#primaryimage","url":"https:\/\/abc-office.eu\/wp-content\/uploads\/2025\/10\/Flag_of_Europe-2-768x512-7.png","contentUrl":"https:\/\/abc-office.eu\/wp-content\/uploads\/2025\/10\/Flag_of_Europe-2-768x512-7.png","width":768,"height":512},{"@type":"BreadcrumbList","@id":"https:\/\/abc-office.eu\/sq\/kontakti\/#breadcrumb","itemListElement":[{"@type":"ListItem","position":1,"name":"Accueil","item":"https:\/\/abc-office.eu\/sq\/"},{"@type":"ListItem","position":2,"name":"Kontakti"}]},{"@type":"WebSite","@id":"https:\/\/abc-office.eu\/sq\/#website","url":"https:\/\/abc-office.eu\/sq\/","name":"ABC Translation","description":"info@abc-office.eu","potentialAction":[{"@type":"SearchAction","target":{"@type":"EntryPoint","urlTemplate":"https:\/\/abc-office.eu\/sq\/?s={search_term_string}"},"query-input":{"@type":"PropertyValueSpecification","valueRequired":true,"valueName":"search_term_string"}}],"inLanguage":"sq-AL"}]}},"_links":{"self":[{"href":"https:\/\/abc-office.eu\/sq\/wp-json\/wp\/v2\/pages\/228500","targetHints":{"allow":["GET"]}}],"collection":[{"href":"https:\/\/abc-office.eu\/sq\/wp-json\/wp\/v2\/pages"}],"about":[{"href":"https:\/\/abc-office.eu\/sq\/wp-json\/wp\/v2\/types\/page"}],"author":[{"embeddable":true,"href":"https:\/\/abc-office.eu\/sq\/wp-json\/wp\/v2\/users\/1"}],"replies":[{"embeddable":true,"href":"https:\/\/abc-office.eu\/sq\/wp-json\/wp\/v2\/comments?post=228500"}],"version-history":[{"count":1,"href":"https:\/\/abc-office.eu\/sq\/wp-json\/wp\/v2\/pages\/228500\/revisions"}],"predecessor-version":[{"id":228527,"href":"https:\/\/abc-office.eu\/sq\/wp-json\/wp\/v2\/pages\/228500\/revisions\/228527"}],"wp:featuredmedia":[{"embeddable":true,"href":"https:\/\/abc-office.eu\/sq\/wp-json\/wp\/v2\/media\/228501"}],"wp:attachment":[{"href":"https:\/\/abc-office.eu\/sq\/wp-json\/wp\/v2\/media?parent=228500"}],"curies":[{"name":"wp","href":"https:\/\/api.w.org\/{rel}","templated":true}]}}