{"id":228479,"date":"2022-04-25T09:58:57","date_gmt":"2022-04-25T07:58:57","guid":{"rendered":"https:\/\/abc-office.eu\/?page_id=228479"},"modified":"2025-10-20T06:34:12","modified_gmt":"2025-10-20T04:34:12","slug":"ligji","status":"publish","type":"page","link":"https:\/\/abc-office.eu\/sq\/ligji\/","title":{"rendered":"Ligji"},"content":{"rendered":"<h2 data-start=\"87\" data-end=\"98\"><strong data-start=\"87\" data-end=\"96\">Ligji<\/strong><\/h2>\n<p style=\"text-align: justify;\" data-start=\"100\" data-end=\"402\">Kompania jon\u00eb, <strong data-start=\"115\" data-end=\"134\">ABC Translation<\/strong>, \u00ebsht\u00eb e specializuar n\u00eb disa fusha q\u00eb shum\u00eb shpesh lidhen me t\u00eb drejt\u00ebn e Bashkimit Evropian dhe me t\u00eb drejt\u00ebn nd\u00ebrkomb\u00ebtare. Ne bashk\u00ebpunojm\u00eb \u00e7do dit\u00eb me noter\u00eb, avokat\u00eb dhe jurist\u00eb. Mund t\u00eb plot\u00ebsojm\u00eb t\u00eb gjitha nevojat tuaja ligjore n\u00eb gjith\u00eb Bashkimin Evropian (ligji).<\/p>\n<h3 data-start=\"404\" data-end=\"424\"><strong data-start=\"404\" data-end=\"422\">Noteri publik:<\/strong><\/h3>\n<p style=\"text-align: justify;\" data-start=\"426\" data-end=\"817\">Ne punojm\u00eb n\u00eb partneritet me noter publik p\u00ebr t\u2019ju k\u00ebshilluar dhe p\u00ebr t\u2019ju ofruar sh\u00ebrbime cil\u00ebsore p\u00ebr hartimin dhe legalizimin e t\u00eb gjitha dokumenteve tuaja. Jemi t\u00eb specializuar n\u00eb fusha shum\u00eb specifike si e drejta familjare dhe ajo e pron\u00ebs, menaxhimi i pasuris\u00eb, e drejta tregtare dhe e shoq\u00ebrive, dosjet q\u00eb lidhen me klient\u00eb nd\u00ebrkomb\u00ebtar\u00eb ose nd\u00ebrkufitar\u00eb, prokurat dhe <strong>v\u00ebrtetimet<\/strong>.<\/p>\n<h3 data-start=\"819\" data-end=\"840\"><strong data-start=\"819\" data-end=\"838\">Studio ligjore:<\/strong><\/h3>\n<p style=\"text-align: justify;\" data-start=\"842\" data-end=\"1783\">Firma jon\u00eb bashkon avokat\u00eb q\u00eb kan\u00eb punuar n\u00eb banka, kompani multinacionale, truste nd\u00ebrkomb\u00ebtare dhe zyra ligjore n\u00eb Bashkimin Evropian dhe jasht\u00eb tij. Ata jan\u00eb t\u00eb specializuar n\u00eb k\u00ebto fusha: e drejta e pun\u00ebs, shkarkimi nga puna, e drejta e qiras\u00eb, akuza, rishikimet gjyq\u00ebsore, d\u00ebbimet, kontratat e brendshme dhe nd\u00ebrkomb\u00ebtare, transaksionet, shp\u00ebrndarja, shitja, franshiza, konkurrenca, shoq\u00ebrit\u00eb tregtare, vlera e biznesit, transferimet, familja, divorcet, trash\u00ebgimit\u00eb, testamentet, pron\u00ebsi e pandar\u00eb, ndarja, bilancet, pasuri t\u00eb paluajtshme, bashk\u00ebpron\u00ebsit\u00eb, nd\u00ebrtimtari, ekspertizat, bashkimet dhe blerjet (M&amp;A), garancit\u00eb e p\u00ebrgjegj\u00ebsis\u00eb, \u00e7\u00ebshtjet penale, \u00e7\u00ebshtjet penale ekonomike, falsifikimet, mashtrimet, ABS, bankat, kredit\u00eb, kund\u00ebrshtimet, sigurimet, mbledhje borxhesh (inkaso), ekzekutimet, d\u00ebmshp\u00ebrblimet, depozitat, sekuestrimet, garancia me k\u00ebrkes\u00eb t\u00eb par\u00eb, e drejta e teknologjis\u00eb s\u00eb informacionit, internet, faqet e internetit, licencat, p\u00ebrgjegj\u00ebsia, etika, profesionet, nd\u00ebrmarrjet n\u00eb v\u00ebshtir\u00ebsi, likuidimet, e drejta publike.<\/p>\n<h3 data-start=\"1785\" data-end=\"1812\"><strong data-start=\"1785\" data-end=\"1810\">Jurist\u00ebt (Solicitor):<\/strong><\/h3>\n<p style=\"text-align: justify;\" data-start=\"1814\" data-end=\"2363\">Jurist\u00ebt e ekipit ton\u00eb konsultohen \u00e7do dit\u00eb p\u00ebr t\u00eb gjitha \u00e7\u00ebshtjet q\u00eb lidhen me t\u00eb drejt\u00ebn (tregtare, fiskale, mjedisore etj.). N\u00eb faz\u00ebn parandaluese ata k\u00ebshillojn\u00eb, p\u00ebr shembull, gjat\u00eb hartimit dhe negocimit t\u00eb kontratave. Ata nd\u00ebrhyjn\u00eb edhe n\u00eb faz\u00eb \u201ckurative\u201d n\u00eb rast t\u00eb nj\u00eb mosmarr\u00ebveshjeje, edhe pse nuk p\u00ebrfaq\u00ebsojn\u00eb klient\u00ebt n\u00eb gjykat\u00eb, pasi nuk jan\u00eb an\u00ebtar\u00eb t\u00eb Dhom\u00ebs s\u00eb Avokat\u00ebve. S\u00eb fundi, ata garantojn\u00eb ligjshm\u00ebrin\u00eb e procedurave t\u00eb ndryshme vendimmarr\u00ebse brenda kompanis\u00eb, p\u00ebr shembull duke p\u00ebrgatitur mbledhjet e bordit t\u00eb drejtor\u00ebve.<\/p>\n<h3 data-start=\"2365\" data-end=\"2388\"><strong data-start=\"2365\" data-end=\"2386\">K\u00ebshillim ligjor:<\/strong><\/h3>\n<p style=\"text-align: justify;\" data-start=\"2390\" data-end=\"2646\">K\u00ebshillimi ligjor i firm\u00ebs son\u00eb u jep mund\u00ebsin\u00eb \u00e7do personi, pavar\u00ebsisht t\u00eb ardhurave, t\u00eb marr\u00eb k\u00ebshilla dhe informacione. Ato ofrohen nga avokat\u00ebt dhe jurist\u00ebt e departamentit ton\u00eb ligjor dhe jan\u00eb anonime, konfidenciale dhe t\u00eb aksesueshme p\u00ebr t\u00eb <a href=\"https:\/\/abc-office.eu\/sq\/\">gjith\u00eb<\/a>.<\/p>\n<p data-start=\"2390\" data-end=\"2646\"><img loading=\"lazy\" decoding=\"async\" class=\"aligncenter wp-image-141\" src=\"https:\/\/abc-office.ch\/wp-content\/uploads\/2018\/06\/Droit11-300x225.jpg\" alt=\"Ligji\" width=\"383\" height=\"287\" \/><\/p>\n","protected":false},"excerpt":{"rendered":"<p>Ligji Kompania jon\u00eb, ABC Translation, \u00ebsht\u00eb e specializuar n\u00eb disa fusha q\u00eb shum\u00eb shpesh lidhen me t\u00eb drejt\u00ebn e Bashkimit Evropian dhe me t\u00eb drejt\u00ebn nd\u00ebrkomb\u00ebtare. Ne bashk\u00ebpunojm\u00eb \u00e7do dit\u00eb me noter\u00eb, avokat\u00eb dhe jurist\u00eb. Mund t\u00eb plot\u00ebsojm\u00eb t\u00eb gjitha nevojat tuaja ligjore n\u00eb gjith\u00eb Bashkimin Evropian (ligji). Noteri publik: Ne punojm\u00eb n\u00eb partneritet me&#8230;<\/p>\n","protected":false},"author":1,"featured_media":228480,"parent":0,"menu_order":0,"comment_status":"closed","ping_status":"closed","template":"","meta":{"sfsi_plus_gutenberg_text_before_share":"","sfsi_plus_gutenberg_show_text_before_share":"","sfsi_plus_gutenberg_icon_type":"","sfsi_plus_gutenberg_icon_alignemt":"","sfsi_plus_gutenburg_max_per_row":"","footnotes":""},"class_list":["post-228479","page","type-page","status-publish","has-post-thumbnail","hentry"],"yoast_head":"<!-- This site is optimized with the Yoast SEO plugin v23.8 - https:\/\/yoast.com\/wordpress\/plugins\/seo\/ -->\n<title>Ligji l ABC Translation l Noteri publik l Studio ligjore l Jurist<\/title>\n<meta name=\"description\" content=\"ABC Translation l Ligji l Noteri publik l Studio ligjore l Jurist (Solicitor) l K\u00ebshillim ligjor l Bashkimi Evropian dhe nd\u00ebrkomb\u00ebtar l Toka\" \/>\n<meta name=\"robots\" content=\"index, follow, max-snippet:-1, max-image-preview:large, max-video-preview:-1\" \/>\n<link rel=\"canonical\" href=\"https:\/\/abc-office.eu\/sq\/ligji\/\" \/>\n<meta property=\"og:locale\" content=\"sq_AL\" \/>\n<meta property=\"og:type\" content=\"article\" \/>\n<meta property=\"og:title\" content=\"Ligji l ABC Translation l Noteri publik l Studio ligjore l Jurist\" \/>\n<meta property=\"og:description\" content=\"ABC Translation l Ligji l Noteri publik l Studio ligjore l Jurist (Solicitor) l K\u00ebshillim ligjor l Bashkimi Evropian dhe nd\u00ebrkomb\u00ebtar l Toka\" \/>\n<meta property=\"og:url\" content=\"https:\/\/abc-office.eu\/sq\/ligji\/\" \/>\n<meta property=\"og:site_name\" content=\"ABC Translation\" \/>\n<meta property=\"article:modified_time\" content=\"2025-10-20T04:34:12+00:00\" \/>\n<meta property=\"og:image\" content=\"https:\/\/abc-office.eu\/wp-content\/uploads\/2025\/10\/Droit1-768x432-7.jpg\" \/>\n\t<meta property=\"og:image:width\" content=\"768\" \/>\n\t<meta property=\"og:image:height\" content=\"432\" \/>\n\t<meta property=\"og:image:type\" content=\"image\/jpeg\" \/>\n<meta name=\"twitter:card\" content=\"summary_large_image\" \/>\n<meta name=\"twitter:label1\" content=\"Est. reading time\" \/>\n\t<meta name=\"twitter:data1\" content=\"2 minutes\" \/>\n<script type=\"application\/ld+json\" class=\"yoast-schema-graph\">{\"@context\":\"https:\/\/schema.org\",\"@graph\":[{\"@type\":\"WebPage\",\"@id\":\"https:\/\/abc-office.eu\/sq\/ligji\/\",\"url\":\"https:\/\/abc-office.eu\/sq\/ligji\/\",\"name\":\"Ligji l ABC Translation l Noteri publik l Studio ligjore l Jurist\",\"isPartOf\":{\"@id\":\"https:\/\/abc-office.eu\/sq\/#website\"},\"primaryImageOfPage\":{\"@id\":\"https:\/\/abc-office.eu\/sq\/ligji\/#primaryimage\"},\"image\":{\"@id\":\"https:\/\/abc-office.eu\/sq\/ligji\/#primaryimage\"},\"thumbnailUrl\":\"https:\/\/abc-office.eu\/wp-content\/uploads\/2025\/10\/Droit1-768x432-7.jpg\",\"datePublished\":\"2022-04-25T07:58:57+00:00\",\"dateModified\":\"2025-10-20T04:34:12+00:00\",\"description\":\"ABC Translation l Ligji l Noteri publik l Studio ligjore l Jurist (Solicitor) l K\u00ebshillim ligjor l Bashkimi Evropian dhe nd\u00ebrkomb\u00ebtar l Toka\",\"breadcrumb\":{\"@id\":\"https:\/\/abc-office.eu\/sq\/ligji\/#breadcrumb\"},\"inLanguage\":\"sq-AL\",\"potentialAction\":[{\"@type\":\"ReadAction\",\"target\":[\"https:\/\/abc-office.eu\/sq\/ligji\/\"]}]},{\"@type\":\"ImageObject\",\"inLanguage\":\"sq-AL\",\"@id\":\"https:\/\/abc-office.eu\/sq\/ligji\/#primaryimage\",\"url\":\"https:\/\/abc-office.eu\/wp-content\/uploads\/2025\/10\/Droit1-768x432-7.jpg\",\"contentUrl\":\"https:\/\/abc-office.eu\/wp-content\/uploads\/2025\/10\/Droit1-768x432-7.jpg\",\"width\":768,\"height\":432},{\"@type\":\"BreadcrumbList\",\"@id\":\"https:\/\/abc-office.eu\/sq\/ligji\/#breadcrumb\",\"itemListElement\":[{\"@type\":\"ListItem\",\"position\":1,\"name\":\"Accueil\",\"item\":\"https:\/\/abc-office.eu\/sq\/\"},{\"@type\":\"ListItem\",\"position\":2,\"name\":\"Ligji\"}]},{\"@type\":\"WebSite\",\"@id\":\"https:\/\/abc-office.eu\/sq\/#website\",\"url\":\"https:\/\/abc-office.eu\/sq\/\",\"name\":\"ABC Translation\",\"description\":\"info@abc-office.eu\",\"potentialAction\":[{\"@type\":\"SearchAction\",\"target\":{\"@type\":\"EntryPoint\",\"urlTemplate\":\"https:\/\/abc-office.eu\/sq\/?s={search_term_string}\"},\"query-input\":{\"@type\":\"PropertyValueSpecification\",\"valueRequired\":true,\"valueName\":\"search_term_string\"}}],\"inLanguage\":\"sq-AL\"}]}<\/script>\n<!-- \/ Yoast SEO plugin. -->","yoast_head_json":{"title":"Ligji l ABC Translation l Noteri publik l Studio ligjore l Jurist","description":"ABC Translation l Ligji l Noteri publik l Studio ligjore l Jurist (Solicitor) l K\u00ebshillim ligjor l Bashkimi Evropian dhe nd\u00ebrkomb\u00ebtar l Toka","robots":{"index":"index","follow":"follow","max-snippet":"max-snippet:-1","max-image-preview":"max-image-preview:large","max-video-preview":"max-video-preview:-1"},"canonical":"https:\/\/abc-office.eu\/sq\/ligji\/","og_locale":"sq_AL","og_type":"article","og_title":"Ligji l ABC Translation l Noteri publik l Studio ligjore l Jurist","og_description":"ABC Translation l Ligji l Noteri publik l Studio ligjore l Jurist (Solicitor) l K\u00ebshillim ligjor l Bashkimi Evropian dhe nd\u00ebrkomb\u00ebtar l Toka","og_url":"https:\/\/abc-office.eu\/sq\/ligji\/","og_site_name":"ABC Translation","article_modified_time":"2025-10-20T04:34:12+00:00","og_image":[{"width":768,"height":432,"url":"https:\/\/abc-office.eu\/wp-content\/uploads\/2025\/10\/Droit1-768x432-7.jpg","type":"image\/jpeg"}],"twitter_card":"summary_large_image","twitter_misc":{"Est. reading time":"2 minutes"},"schema":{"@context":"https:\/\/schema.org","@graph":[{"@type":"WebPage","@id":"https:\/\/abc-office.eu\/sq\/ligji\/","url":"https:\/\/abc-office.eu\/sq\/ligji\/","name":"Ligji l ABC Translation l Noteri publik l Studio ligjore l Jurist","isPartOf":{"@id":"https:\/\/abc-office.eu\/sq\/#website"},"primaryImageOfPage":{"@id":"https:\/\/abc-office.eu\/sq\/ligji\/#primaryimage"},"image":{"@id":"https:\/\/abc-office.eu\/sq\/ligji\/#primaryimage"},"thumbnailUrl":"https:\/\/abc-office.eu\/wp-content\/uploads\/2025\/10\/Droit1-768x432-7.jpg","datePublished":"2022-04-25T07:58:57+00:00","dateModified":"2025-10-20T04:34:12+00:00","description":"ABC Translation l Ligji l Noteri publik l Studio ligjore l Jurist (Solicitor) l K\u00ebshillim ligjor l Bashkimi Evropian dhe nd\u00ebrkomb\u00ebtar l Toka","breadcrumb":{"@id":"https:\/\/abc-office.eu\/sq\/ligji\/#breadcrumb"},"inLanguage":"sq-AL","potentialAction":[{"@type":"ReadAction","target":["https:\/\/abc-office.eu\/sq\/ligji\/"]}]},{"@type":"ImageObject","inLanguage":"sq-AL","@id":"https:\/\/abc-office.eu\/sq\/ligji\/#primaryimage","url":"https:\/\/abc-office.eu\/wp-content\/uploads\/2025\/10\/Droit1-768x432-7.jpg","contentUrl":"https:\/\/abc-office.eu\/wp-content\/uploads\/2025\/10\/Droit1-768x432-7.jpg","width":768,"height":432},{"@type":"BreadcrumbList","@id":"https:\/\/abc-office.eu\/sq\/ligji\/#breadcrumb","itemListElement":[{"@type":"ListItem","position":1,"name":"Accueil","item":"https:\/\/abc-office.eu\/sq\/"},{"@type":"ListItem","position":2,"name":"Ligji"}]},{"@type":"WebSite","@id":"https:\/\/abc-office.eu\/sq\/#website","url":"https:\/\/abc-office.eu\/sq\/","name":"ABC Translation","description":"info@abc-office.eu","potentialAction":[{"@type":"SearchAction","target":{"@type":"EntryPoint","urlTemplate":"https:\/\/abc-office.eu\/sq\/?s={search_term_string}"},"query-input":{"@type":"PropertyValueSpecification","valueRequired":true,"valueName":"search_term_string"}}],"inLanguage":"sq-AL"}]}},"_links":{"self":[{"href":"https:\/\/abc-office.eu\/sq\/wp-json\/wp\/v2\/pages\/228479","targetHints":{"allow":["GET"]}}],"collection":[{"href":"https:\/\/abc-office.eu\/sq\/wp-json\/wp\/v2\/pages"}],"about":[{"href":"https:\/\/abc-office.eu\/sq\/wp-json\/wp\/v2\/types\/page"}],"author":[{"embeddable":true,"href":"https:\/\/abc-office.eu\/sq\/wp-json\/wp\/v2\/users\/1"}],"replies":[{"embeddable":true,"href":"https:\/\/abc-office.eu\/sq\/wp-json\/wp\/v2\/comments?post=228479"}],"version-history":[{"count":3,"href":"https:\/\/abc-office.eu\/sq\/wp-json\/wp\/v2\/pages\/228479\/revisions"}],"predecessor-version":[{"id":229296,"href":"https:\/\/abc-office.eu\/sq\/wp-json\/wp\/v2\/pages\/228479\/revisions\/229296"}],"wp:featuredmedia":[{"embeddable":true,"href":"https:\/\/abc-office.eu\/sq\/wp-json\/wp\/v2\/media\/228480"}],"wp:attachment":[{"href":"https:\/\/abc-office.eu\/sq\/wp-json\/wp\/v2\/media?parent=228479"}],"curies":[{"name":"wp","href":"https:\/\/api.w.org\/{rel}","templated":true}]}}