{"id":228458,"date":"2017-02-16T09:16:01","date_gmt":"2017-02-16T08:16:01","guid":{"rendered":"https:\/\/abc-office.eu\/?page_id=228458"},"modified":"2025-10-20T06:32:04","modified_gmt":"2025-10-20T04:32:04","slug":"pasuri-te-paluajtshme","status":"publish","type":"page","link":"https:\/\/abc-office.eu\/sq\/pasuri-te-paluajtshme\/","title":{"rendered":"Pasuri t\u00eb paluajtshme"},"content":{"rendered":"<h2 data-start=\"112\" data-end=\"130\"><strong>Pasuri t\u00eb paluajtshme<\/strong><\/h2>\n<p style=\"text-align: justify;\">Agjencia jon\u00eb <strong>e pasurive t\u00eb paluajtshme<\/strong>, ABC Translation, filloi p\u00ebr her\u00eb t\u00eb par\u00eb n\u00eb vitin 2017 me blerjen e nj\u00eb apartamenti 5.5 dhoma n\u00eb Zvic\u00ebr p\u00ebr ta kthyer n\u00eb nj\u00eb rezidenc\u00eb nd\u00ebrkomb\u00ebtare studentore. Meqen\u00ebse Universiteti i Lozan\u00ebs dhe EPFL ndodhen pran\u00eb, rezidenca pati sukses menj\u00ebher\u00eb sapo u hap n\u00eb shtator 2017. 4 dhomat u mor\u00ebn me qira brenda pak dit\u00ebsh dhe k\u00ebshtu lindi departamenti yn\u00eb i patundshm\u00ebris\u00eb.<\/p>\n<p style=\"text-align: justify;\" data-start=\"543\" data-end=\"740\">Q\u00eb nga kjo p\u00ebrvoj\u00eb e par\u00eb, ne kemi vazhduar t\u00eb rritemi dhe tani jemi n\u00eb gjendje t\u00eb menaxhojm\u00eb blerjen, shitjen, dh\u00ebnien me qira dhe administrimin e pron\u00ebs suaj si n\u00eb Zvic\u00ebr ashtu edhe jasht\u00eb saj.<\/p>\n<h3 data-start=\"742\" data-end=\"755\"><strong data-start=\"742\" data-end=\"753\">Blerje:<\/strong><\/h3>\n<p style=\"text-align: justify;\" data-start=\"757\" data-end=\"1212\">Blerja e nj\u00eb prone \u00ebsht\u00eb nj\u00eb vendim jasht\u00ebzakonisht i r\u00ebnd\u00ebsish\u00ebm q\u00eb do t\u00eb ndikoj\u00eb n\u00eb t\u00eb ardhmen tuaj p\u00ebr disa vite. Nj\u00eb vendim i till\u00eb nuk duhet marr\u00eb leht\u00eb. Pik\u00ebrisht p\u00ebr k\u00ebt\u00eb arsye \u00ebsht\u00eb e r\u00ebnd\u00ebsishme t\u00eb zgjidhni partnerin e duhur q\u00eb mund t\u2019ju k\u00ebshilloj\u00eb p\u00ebr disa pika ky\u00e7e si gjendja e pron\u00ebs, llogaritja e hipotek\u00ebs dhe q\u00ebndrueshm\u00ebria e investimit n\u00eb afatgjat\u00eb. Nj\u00eb analiz\u00eb e mir\u00eb e situat\u00ebs do t\u00eb garantoj\u00eb nj\u00eb blerje t\u00eb sh\u00ebndetshme dhe t\u00eb sigurt.<\/p>\n<h3 data-start=\"1214\" data-end=\"1227\"><strong data-start=\"1214\" data-end=\"1225\">Shitje:<\/strong><\/h3>\n<p style=\"text-align: justify;\" data-start=\"1229\" data-end=\"1733\">Tregu i patundshm\u00ebris\u00eb n\u00eb Zvic\u00ebr ka vazhduar t\u00eb zhvillohet, me \u00e7mime q\u00eb rriten vazhdimisht. Kemi arritur n\u00eb nj\u00eb moment vendimtar kur oferta tejkalon k\u00ebrkes\u00ebn dhe tashm\u00eb \u00ebsht\u00eb b\u00ebr\u00eb e v\u00ebshtir\u00eb t\u00eb shitet prona juaj p\u00ebr shkak t\u00eb numrit t\u00eb madh t\u00eb banesave n\u00eb shitje. Duke thirrur nj\u00eb ekspert, ju garantoni m\u00eb shum\u00eb mund\u00ebsi p\u00ebr ta shitur pron\u00ebn tuaj n\u00eb nj\u00eb koh\u00eb m\u00eb t\u00eb shkurt\u00ebr dhe me \u00e7mimin e d\u00ebshiruar. P\u00ebrfitoni nga rrjeti yn\u00eb n\u00eb gjith\u00eb Zvicr\u00ebn dhe nd\u00ebrkomb\u00ebtarisht p\u00ebr t\u00eb rritur shanset tuaja p\u00ebr sukses.<\/p>\n<h3 data-start=\"1735\" data-end=\"1756\"><strong data-start=\"1735\" data-end=\"1754\">Dh\u00ebnie me qira:<\/strong><\/h3>\n<p style=\"text-align: justify;\" data-start=\"1758\" data-end=\"2212\">Dh\u00ebnia me qira e pron\u00ebs suaj mund t\u00eb duket e leht\u00eb, por ka disa kurthe q\u00eb duhen shmangur kur d\u00ebshironi t\u00eb jepni me qira apartamentin, sht\u00ebpin\u00eb apo edhe nj\u00eb dhom\u00eb. Para se t\u00eb konsideroni nj\u00eb qiramarr\u00ebs t\u00eb mundsh\u00ebm, duhet t\u00eb p\u00ebrgatitet nj\u00eb dosje e plot\u00eb me, p\u00ebr shembull, nj\u00eb ekstrakt nga proceset gjyq\u00ebsore dhe tre flet\u00ebpagesat e fundit. M\u00eb pas, garancia duhet t\u00eb paguhet me transfer bankar, ose n\u00ebp\u00ebrmjet nj\u00eb garancie qiraje nga nj\u00eb kompani sigurimesh.<\/p>\n<h3 data-start=\"2214\" data-end=\"2242\"><strong data-start=\"2214\" data-end=\"2240\">Akomodim p\u00ebr student\u00eb:<\/strong><\/h3>\n<p style=\"text-align: justify;\" data-start=\"2244\" data-end=\"2574\">Ne kemi disa akomodime studentore t\u00eb disponueshme p\u00ebr periudha t\u00eb shkurtra ose t\u00eb gjata. Shumica e akomodimeve tona ndodhen pran\u00eb Universitetit t\u00eb Lozan\u00ebs, EPFL, ECAL dhe EHL. M\u00eb t\u00eb k\u00ebrkuarat jan\u00eb dhomat e p\u00ebrbashk\u00ebta dhe studiot. Duhet planifikuar paraprakisht p\u00ebr t\u00eb qen\u00eb i sigurt q\u00eb keni akomodim n\u00eb fillim t\u00eb vitit akademik.<\/p>\n<h3 data-start=\"2576\" data-end=\"2619\"><strong data-start=\"2576\" data-end=\"2617\">K\u00ebrkues banesash (pasuri t\u00eb paluajtshme):<\/strong><\/h3>\n<p style=\"text-align: justify;\" data-start=\"2621\" data-end=\"2976\">A keni v\u00ebshtir\u00ebsi p\u00ebr t\u00eb gjetur nj\u00eb banes\u00eb sipas kritereve tuaja apo probleme p\u00ebr t\u00eb gjetur nj\u00eb apartament me qira? Agjent\u00ebt tan\u00eb t\u00eb pasurive t\u00eb palujtshme jan\u00eb n\u00eb dispozicionin tuaj p\u00ebr t\u2019ju ndihmuar t\u00eb gjeni nj\u00eb pron\u00eb sa m\u00eb shpejt t\u00eb jet\u00eb e mundur. Fal\u00eb rrjetit ton\u00eb dhe profesionalizmit, ne do t\u2019ju gjejm\u00eb nj\u00eb akomodim sa m\u00eb shpejt dhe sipas k\u00ebrkesave tuaja.<\/p>\n<h3 data-start=\"2978\" data-end=\"2997\"><strong data-start=\"2978\" data-end=\"2995\">Home Staging:<\/strong><\/h3>\n<p style=\"text-align: justify;\" data-start=\"2999\" data-end=\"3326\">A keni v\u00ebshtir\u00ebsi n\u00eb shitjen e pron\u00ebs suaj? N\u00eb k\u00ebt\u00eb rast, mund t\u00eb kontaktoni ekipin ton\u00eb t\u00eb Home Staging, i specializuar n\u00eb p\u00ebrmir\u00ebsimin e apartamenteve dhe sht\u00ebpive, p\u00ebr t\u00eb leht\u00ebsuar shitjen e tyre. Ky sistem ka dh\u00ebn\u00eb rezultate p\u00ebr pronat q\u00eb kan\u00eb nevoj\u00eb p\u00ebr nj\u00eb rinovim t\u00eb shpejt\u00eb ose disa modifikime p\u00ebr t\u00eb b\u00ebr\u00eb diferenc\u00ebn.<\/p>\n<h3>Vler\u00ebsimi i \u00e7mimit <strong>(Pasuri t\u00eb paluajtshme):<\/strong><\/h3>\n<p style=\"text-align: justify;\" data-start=\"3370\" data-end=\"3662\">Vler\u00ebsimi i drejt\u00eb i nj\u00eb prone krahasuar me \u00e7mimin e tregut \u00ebsht\u00eb vendimtar p\u00ebr nj\u00eb shitje t\u00eb suksesshme dhe me \u00e7mimin e duhur.\u00a0Fal\u00eb kritereve si viti i nd\u00ebrtimit dhe vendndodhja, ne do t\u00eb jemi n\u00eb gjendje t\u00eb vler\u00ebsojm\u00eb pron\u00ebn tuaj sa m\u00eb af\u00ebr vler\u00ebs reale n\u00eb tregun aktual <strong>t\u00eb <a href=\"https:\/\/abc-office.eu\/sq\/\">pasurive t\u00eb paluajtshme<\/a>.<\/strong><\/p>\n<p data-start=\"3370\" data-end=\"3662\"><a href=\"https:\/\/www.instagram.com\/dr_immo\/?hl=fr\"><img loading=\"lazy\" decoding=\"async\" class=\"aligncenter wp-image-109\" src=\"https:\/\/abc-office.ch\/wp-content\/uploads\/2018\/06\/Dr_Immo.jpg\" alt=\"Pasuri t\u00eb paluajtshme\" width=\"222\" height=\"222\" \/><\/a><\/p>\n","protected":false},"excerpt":{"rendered":"<p>Pasuri t\u00eb paluajtshme Agjencia jon\u00eb e pasurive t\u00eb paluajtshme, ABC Translation, filloi p\u00ebr her\u00eb t\u00eb par\u00eb n\u00eb vitin 2017 me blerjen e nj\u00eb apartamenti 5.5 dhoma n\u00eb Zvic\u00ebr p\u00ebr ta kthyer n\u00eb nj\u00eb rezidenc\u00eb nd\u00ebrkomb\u00ebtare studentore. Meqen\u00ebse Universiteti i Lozan\u00ebs dhe EPFL ndodhen pran\u00eb, rezidenca pati sukses menj\u00ebher\u00eb sapo u hap n\u00eb shtator 2017. 4&#8230;<\/p>\n","protected":false},"author":1,"featured_media":228459,"parent":0,"menu_order":0,"comment_status":"closed","ping_status":"closed","template":"","meta":{"sfsi_plus_gutenberg_text_before_share":"","sfsi_plus_gutenberg_show_text_before_share":"","sfsi_plus_gutenberg_icon_type":"","sfsi_plus_gutenberg_icon_alignemt":"","sfsi_plus_gutenburg_max_per_row":"","footnotes":""},"class_list":["post-228458","page","type-page","status-publish","has-post-thumbnail","hentry"],"yoast_head":"<!-- This site is optimized with the Yoast SEO plugin v23.8 - https:\/\/yoast.com\/wordpress\/plugins\/seo\/ -->\n<title>Pasuri t\u00eb paluajtshme l ABC Translation l Bli l Shit l Jep me qira<\/title>\n<meta name=\"description\" content=\"ABC Translation l Pasuri t\u00eb paluajtshme l Bli l Shit l Jep me qira l Dh\u00ebnie me qira l Akomodim studentor l Home Staging l Agjenci\" \/>\n<meta name=\"robots\" content=\"index, follow, max-snippet:-1, max-image-preview:large, max-video-preview:-1\" \/>\n<link rel=\"canonical\" href=\"https:\/\/abc-office.eu\/sq\/pasuri-te-paluajtshme\/\" \/>\n<meta property=\"og:locale\" content=\"sq_AL\" \/>\n<meta property=\"og:type\" content=\"article\" \/>\n<meta property=\"og:title\" content=\"Pasuri t\u00eb paluajtshme l ABC Translation l Bli l Shit l Jep me qira\" \/>\n<meta property=\"og:description\" content=\"ABC Translation l Pasuri t\u00eb paluajtshme l Bli l Shit l Jep me qira l Dh\u00ebnie me qira l Akomodim studentor l Home Staging l Agjenci\" \/>\n<meta property=\"og:url\" content=\"https:\/\/abc-office.eu\/sq\/pasuri-te-paluajtshme\/\" \/>\n<meta property=\"og:site_name\" content=\"ABC Translation\" \/>\n<meta property=\"article:modified_time\" content=\"2025-10-20T04:32:04+00:00\" \/>\n<meta property=\"og:image\" content=\"https:\/\/abc-office.eu\/wp-content\/uploads\/2025\/10\/Immo-768x513-7.jpg\" \/>\n\t<meta property=\"og:image:width\" content=\"768\" \/>\n\t<meta property=\"og:image:height\" content=\"513\" \/>\n\t<meta property=\"og:image:type\" content=\"image\/jpeg\" \/>\n<meta name=\"twitter:card\" content=\"summary_large_image\" \/>\n<meta name=\"twitter:label1\" content=\"Est. reading time\" \/>\n\t<meta name=\"twitter:data1\" content=\"3 minutes\" \/>\n<script type=\"application\/ld+json\" class=\"yoast-schema-graph\">{\"@context\":\"https:\/\/schema.org\",\"@graph\":[{\"@type\":\"WebPage\",\"@id\":\"https:\/\/abc-office.eu\/sq\/pasuri-te-paluajtshme\/\",\"url\":\"https:\/\/abc-office.eu\/sq\/pasuri-te-paluajtshme\/\",\"name\":\"Pasuri t\u00eb paluajtshme l ABC Translation l Bli l Shit l Jep me qira\",\"isPartOf\":{\"@id\":\"https:\/\/abc-office.eu\/sq\/#website\"},\"primaryImageOfPage\":{\"@id\":\"https:\/\/abc-office.eu\/sq\/pasuri-te-paluajtshme\/#primaryimage\"},\"image\":{\"@id\":\"https:\/\/abc-office.eu\/sq\/pasuri-te-paluajtshme\/#primaryimage\"},\"thumbnailUrl\":\"https:\/\/abc-office.eu\/wp-content\/uploads\/2025\/10\/Immo-768x513-7.jpg\",\"datePublished\":\"2017-02-16T08:16:01+00:00\",\"dateModified\":\"2025-10-20T04:32:04+00:00\",\"description\":\"ABC Translation l Pasuri t\u00eb paluajtshme l Bli l Shit l Jep me qira l Dh\u00ebnie me qira l Akomodim studentor l Home Staging l Agjenci\",\"breadcrumb\":{\"@id\":\"https:\/\/abc-office.eu\/sq\/pasuri-te-paluajtshme\/#breadcrumb\"},\"inLanguage\":\"sq-AL\",\"potentialAction\":[{\"@type\":\"ReadAction\",\"target\":[\"https:\/\/abc-office.eu\/sq\/pasuri-te-paluajtshme\/\"]}]},{\"@type\":\"ImageObject\",\"inLanguage\":\"sq-AL\",\"@id\":\"https:\/\/abc-office.eu\/sq\/pasuri-te-paluajtshme\/#primaryimage\",\"url\":\"https:\/\/abc-office.eu\/wp-content\/uploads\/2025\/10\/Immo-768x513-7.jpg\",\"contentUrl\":\"https:\/\/abc-office.eu\/wp-content\/uploads\/2025\/10\/Immo-768x513-7.jpg\",\"width\":768,\"height\":513},{\"@type\":\"BreadcrumbList\",\"@id\":\"https:\/\/abc-office.eu\/sq\/pasuri-te-paluajtshme\/#breadcrumb\",\"itemListElement\":[{\"@type\":\"ListItem\",\"position\":1,\"name\":\"Accueil\",\"item\":\"https:\/\/abc-office.eu\/sq\/\"},{\"@type\":\"ListItem\",\"position\":2,\"name\":\"Pasuri t\u00eb paluajtshme\"}]},{\"@type\":\"WebSite\",\"@id\":\"https:\/\/abc-office.eu\/sq\/#website\",\"url\":\"https:\/\/abc-office.eu\/sq\/\",\"name\":\"ABC Translation\",\"description\":\"info@abc-office.eu\",\"potentialAction\":[{\"@type\":\"SearchAction\",\"target\":{\"@type\":\"EntryPoint\",\"urlTemplate\":\"https:\/\/abc-office.eu\/sq\/?s={search_term_string}\"},\"query-input\":{\"@type\":\"PropertyValueSpecification\",\"valueRequired\":true,\"valueName\":\"search_term_string\"}}],\"inLanguage\":\"sq-AL\"}]}<\/script>\n<!-- \/ Yoast SEO plugin. -->","yoast_head_json":{"title":"Pasuri t\u00eb paluajtshme l ABC Translation l Bli l Shit l Jep me qira","description":"ABC Translation l Pasuri t\u00eb paluajtshme l Bli l Shit l Jep me qira l Dh\u00ebnie me qira l Akomodim studentor l Home Staging l Agjenci","robots":{"index":"index","follow":"follow","max-snippet":"max-snippet:-1","max-image-preview":"max-image-preview:large","max-video-preview":"max-video-preview:-1"},"canonical":"https:\/\/abc-office.eu\/sq\/pasuri-te-paluajtshme\/","og_locale":"sq_AL","og_type":"article","og_title":"Pasuri t\u00eb paluajtshme l ABC Translation l Bli l Shit l Jep me qira","og_description":"ABC Translation l Pasuri t\u00eb paluajtshme l Bli l Shit l Jep me qira l Dh\u00ebnie me qira l Akomodim studentor l Home Staging l Agjenci","og_url":"https:\/\/abc-office.eu\/sq\/pasuri-te-paluajtshme\/","og_site_name":"ABC Translation","article_modified_time":"2025-10-20T04:32:04+00:00","og_image":[{"width":768,"height":513,"url":"https:\/\/abc-office.eu\/wp-content\/uploads\/2025\/10\/Immo-768x513-7.jpg","type":"image\/jpeg"}],"twitter_card":"summary_large_image","twitter_misc":{"Est. reading time":"3 minutes"},"schema":{"@context":"https:\/\/schema.org","@graph":[{"@type":"WebPage","@id":"https:\/\/abc-office.eu\/sq\/pasuri-te-paluajtshme\/","url":"https:\/\/abc-office.eu\/sq\/pasuri-te-paluajtshme\/","name":"Pasuri t\u00eb paluajtshme l ABC Translation l Bli l Shit l Jep me qira","isPartOf":{"@id":"https:\/\/abc-office.eu\/sq\/#website"},"primaryImageOfPage":{"@id":"https:\/\/abc-office.eu\/sq\/pasuri-te-paluajtshme\/#primaryimage"},"image":{"@id":"https:\/\/abc-office.eu\/sq\/pasuri-te-paluajtshme\/#primaryimage"},"thumbnailUrl":"https:\/\/abc-office.eu\/wp-content\/uploads\/2025\/10\/Immo-768x513-7.jpg","datePublished":"2017-02-16T08:16:01+00:00","dateModified":"2025-10-20T04:32:04+00:00","description":"ABC Translation l Pasuri t\u00eb paluajtshme l Bli l Shit l Jep me qira l Dh\u00ebnie me qira l Akomodim studentor l Home Staging l Agjenci","breadcrumb":{"@id":"https:\/\/abc-office.eu\/sq\/pasuri-te-paluajtshme\/#breadcrumb"},"inLanguage":"sq-AL","potentialAction":[{"@type":"ReadAction","target":["https:\/\/abc-office.eu\/sq\/pasuri-te-paluajtshme\/"]}]},{"@type":"ImageObject","inLanguage":"sq-AL","@id":"https:\/\/abc-office.eu\/sq\/pasuri-te-paluajtshme\/#primaryimage","url":"https:\/\/abc-office.eu\/wp-content\/uploads\/2025\/10\/Immo-768x513-7.jpg","contentUrl":"https:\/\/abc-office.eu\/wp-content\/uploads\/2025\/10\/Immo-768x513-7.jpg","width":768,"height":513},{"@type":"BreadcrumbList","@id":"https:\/\/abc-office.eu\/sq\/pasuri-te-paluajtshme\/#breadcrumb","itemListElement":[{"@type":"ListItem","position":1,"name":"Accueil","item":"https:\/\/abc-office.eu\/sq\/"},{"@type":"ListItem","position":2,"name":"Pasuri t\u00eb paluajtshme"}]},{"@type":"WebSite","@id":"https:\/\/abc-office.eu\/sq\/#website","url":"https:\/\/abc-office.eu\/sq\/","name":"ABC Translation","description":"info@abc-office.eu","potentialAction":[{"@type":"SearchAction","target":{"@type":"EntryPoint","urlTemplate":"https:\/\/abc-office.eu\/sq\/?s={search_term_string}"},"query-input":{"@type":"PropertyValueSpecification","valueRequired":true,"valueName":"search_term_string"}}],"inLanguage":"sq-AL"}]}},"_links":{"self":[{"href":"https:\/\/abc-office.eu\/sq\/wp-json\/wp\/v2\/pages\/228458","targetHints":{"allow":["GET"]}}],"collection":[{"href":"https:\/\/abc-office.eu\/sq\/wp-json\/wp\/v2\/pages"}],"about":[{"href":"https:\/\/abc-office.eu\/sq\/wp-json\/wp\/v2\/types\/page"}],"author":[{"embeddable":true,"href":"https:\/\/abc-office.eu\/sq\/wp-json\/wp\/v2\/users\/1"}],"replies":[{"embeddable":true,"href":"https:\/\/abc-office.eu\/sq\/wp-json\/wp\/v2\/comments?post=228458"}],"version-history":[{"count":3,"href":"https:\/\/abc-office.eu\/sq\/wp-json\/wp\/v2\/pages\/228458\/revisions"}],"predecessor-version":[{"id":229294,"href":"https:\/\/abc-office.eu\/sq\/wp-json\/wp\/v2\/pages\/228458\/revisions\/229294"}],"wp:featuredmedia":[{"embeddable":true,"href":"https:\/\/abc-office.eu\/sq\/wp-json\/wp\/v2\/media\/228459"}],"wp:attachment":[{"href":"https:\/\/abc-office.eu\/sq\/wp-json\/wp\/v2\/media?parent=228458"}],"curies":[{"name":"wp","href":"https:\/\/api.w.org\/{rel}","templated":true}]}}