{"id":228437,"date":"2017-02-16T09:16:27","date_gmt":"2017-02-16T08:16:27","guid":{"rendered":"https:\/\/abc-office.eu\/?page_id=228437"},"modified":"2025-10-18T16:08:31","modified_gmt":"2025-10-18T14:08:31","slug":"legalizimi","status":"publish","type":"page","link":"https:\/\/abc-office.eu\/sq\/legalizimi\/","title":{"rendered":"Legalizimi"},"content":{"rendered":"<h2 data-start=\"114\" data-end=\"128\"><strong data-start=\"114\" data-end=\"128\">Legalizimi<\/strong><\/h2>\n<p style=\"text-align: justify;\" data-start=\"130\" data-end=\"452\">Agjencia jon\u00eb, <strong data-start=\"145\" data-end=\"164\">ABC Translation<\/strong>, \u00ebsht\u00eb e specializuar n\u00eb legalizimin e dokumenteve p\u00ebr p\u00ebrdorim zyrtar. Ekzistojn\u00eb disa lloje legalizimesh, si apostila, kopja e noterizuar (patent\u00eb \/ vidimus) dhe legalizimi nga nj\u00eb ambasad\u00eb ose konsullat\u00eb. Disa institucione madje ndonj\u00ebher\u00eb k\u00ebrkojn\u00eb kopje t\u00eb noterizuara me apostil\u00eb.<\/p>\n<p style=\"text-align: justify;\" data-start=\"454\" data-end=\"702\">Ne bashk\u00ebpunojm\u00eb me administratat e ndryshme si noterin\u00eb, prefektur\u00ebn, kancelarin\u00eb dhe ambasadat e konsullatat p\u00ebr t\u2019ju ofruar legalizimin e duhur. Sa i p\u00ebrket koh\u00ebs s\u00eb p\u00ebrpunimit, legalizimet mund t\u00eb b\u00ebhen mjaft shpejt (midis 2 dhe 5 dit\u00eb pune).<\/p>\n<h3 data-start=\"704\" data-end=\"733\"><strong data-start=\"704\" data-end=\"731\">Legalizimi me apostil\u00eb:<\/strong><\/h3>\n<p style=\"text-align: justify;\" data-start=\"735\" data-end=\"907\">Vendet q\u00eb kan\u00eb n\u00ebnshkruar Konvent\u00ebn e Hag\u00ebs e njohin vlefshm\u00ebrin\u00eb e nj\u00eb dokumenti pa viz\u00ebn e nj\u00eb konsullate ose ambasade, me kusht q\u00eb ai t\u00eb mbaj\u00eb legalizimin me apostil\u00eb.<\/p>\n<p style=\"text-align: justify;\" data-start=\"909\" data-end=\"1086\">Kjo apostil\u00eb vendoset mbi n\u00ebnshkrimin e nj\u00eb n\u00ebpun\u00ebsi zyrtar ose mbi at\u00eb t\u00eb nj\u00eb noteri, ekskluzivisht. Nuk mund t\u00eb vendoset n\u00eb nj\u00eb dokument t\u00eb n\u00ebnshkruar nga nj\u00eb person privat.<\/p>\n<h3 data-start=\"1088\" data-end=\"1115\"><strong data-start=\"1088\" data-end=\"1113\">Legalizim i thjesht\u00eb:<\/strong><\/h3>\n<p style=\"text-align: justify;\" data-start=\"1117\" data-end=\"1323\">Legalizimi i thjesht\u00eb \u00ebsht\u00eb vula e njohur nga t\u00eb gjitha vendet q\u00eb nuk jan\u00eb n\u00ebnshkruese t\u00eb Konvent\u00ebs s\u00eb Hag\u00ebs, me kusht q\u00eb dokumenti t\u00eb mbaj\u00eb viz\u00ebn p\u00ebrfaq\u00ebsuese n\u00eb Zvic\u00ebr (ambasad\u00eb, konsullat\u00eb ose mision).<\/p>\n<p style=\"text-align: justify;\" data-start=\"1325\" data-end=\"1467\">K\u00ebto legalizime jan\u00eb t\u00eb mundshme p\u00ebr \u00e7do lloj dokumenti, me kusht q\u00eb n\u00ebnshkrimi q\u00eb shfaqet aty t\u00eb jet\u00eb i njohur nga sh\u00ebrbimi i legalizimeve.<\/p>\n<h3 data-start=\"1469\" data-end=\"1501\"><strong data-start=\"1469\" data-end=\"1499\">Nga ambasada \/ konsullata:<\/strong><\/h3>\n<p style=\"text-align: justify;\" data-start=\"1503\" data-end=\"1760\">Q\u00eb dokumentet t\u00eb jen\u00eb t\u00eb vlefshme n\u00eb disa vende, si Kina, ato duhet t\u00eb legalizohen n\u00eb Ambasad\u00eb ose Konsullat\u00eb. T\u00eb gjitha dokumentet duhet t\u00eb legalizohen nga noteri dhe Kancelaria\/Prefektura p\u00ebrpara se Ambasada ose konsullata t\u00eb vendos\u00eb legalizimin e tyre.<\/p>\n<h3 data-start=\"1762\" data-end=\"1801\"><strong data-start=\"1762\" data-end=\"1799\">Kopja e noterizuar (e v\u00ebrtetuar):<\/strong><\/h3>\n<p style=\"text-align: justify;\" data-start=\"1803\" data-end=\"2184\">Nj\u00eb kopje e noterizuar, e quajtur gjithashtu <strong data-start=\"1848\" data-end=\"1859\">Vidimus<\/strong> ose <strong data-start=\"1864\" data-end=\"1874\">Brevet<\/strong>, \u00ebsht\u00eb nj\u00eb kopje e cila \u00ebsht\u00eb njohur si e p\u00ebrputhshme me dokumentin origjinal nga nj\u00eb noter. Kur dokumentet origjinale jan\u00eb l\u00ebshuar nga autoritetet e huaja, disa institucione k\u00ebrkojn\u00eb kopje t\u00eb noterizuara t\u00eb cilat jan\u00eb v\u00ebrtetuar nga nj\u00eb noter. E nj\u00ebjta gj\u00eb vlen edhe p\u00ebr dokumentet q\u00eb shkojn\u00eb jasht\u00eb vendit.<\/p>\n<h3 data-start=\"2186\" data-end=\"2217\"><strong data-start=\"2186\" data-end=\"2215\">Legalizimi i n\u00ebnshkrimit:<\/strong><\/h3>\n<p style=\"text-align: justify;\" data-start=\"2219\" data-end=\"2389\">Duke legalizuar nj\u00eb n\u00ebnshkrim, noteri d\u00ebshmon v\u00ebrtet\u00ebsin\u00eb e tij: n\u00ebnshkrimi q\u00eb shfaqet n\u00eb fund t\u00eb nj\u00eb dokumenti \u00ebsht\u00eb ai i personit q\u00eb pretendon se e ka <a href=\"https:\/\/abc-office.eu\/sq\/\">n\u00ebnshkruar<\/a> at\u00eb.<\/p>\n<p data-start=\"2219\" data-end=\"2389\"><img loading=\"lazy\" decoding=\"async\" class=\"aligncenter wp-image-26 size-medium\" src=\"https:\/\/abc-office.ch\/wp-content\/uploads\/2018\/06\/imageedit_1_6241191614-300x300.gif\" alt=\"Legalizimi\" width=\"300\" height=\"300\" \/><\/p>\n","protected":false},"excerpt":{"rendered":"<p>Legalizimi Agjencia jon\u00eb, ABC Translation, \u00ebsht\u00eb e specializuar n\u00eb legalizimin e dokumenteve p\u00ebr p\u00ebrdorim zyrtar. Ekzistojn\u00eb disa lloje legalizimesh, si apostila, kopja e noterizuar (patent\u00eb \/ vidimus) dhe legalizimi nga nj\u00eb ambasad\u00eb ose konsullat\u00eb. Disa institucione madje ndonj\u00ebher\u00eb k\u00ebrkojn\u00eb kopje t\u00eb noterizuara me apostil\u00eb. Ne bashk\u00ebpunojm\u00eb me administratat e ndryshme si noterin\u00eb, prefektur\u00ebn, kancelarin\u00eb dhe&#8230;<\/p>\n","protected":false},"author":1,"featured_media":228438,"parent":0,"menu_order":0,"comment_status":"closed","ping_status":"closed","template":"","meta":{"sfsi_plus_gutenberg_text_before_share":"","sfsi_plus_gutenberg_show_text_before_share":"","sfsi_plus_gutenberg_icon_type":"","sfsi_plus_gutenberg_icon_alignemt":"","sfsi_plus_gutenburg_max_per_row":"","footnotes":""},"class_list":["post-228437","page","type-page","status-publish","has-post-thumbnail","hentry"],"yoast_head":"<!-- This site is optimized with the Yoast SEO plugin v23.8 - https:\/\/yoast.com\/wordpress\/plugins\/seo\/ -->\n<title>Legalizim l ABC Translation l Legalizim me apostil\u00eb l Ambasad\u00eb<\/title>\n<meta name=\"description\" content=\"Legalizimi i dokumentit zyrtar l Legalizim me apostil\u00eb l Nga nj\u00eb Ambasad\u00eb ose Konsullat\u00eb l Kopje e noterizuar (e v\u00ebrtet\u00eb) l Noteri\" \/>\n<meta name=\"robots\" content=\"index, follow, max-snippet:-1, max-image-preview:large, max-video-preview:-1\" \/>\n<link rel=\"canonical\" href=\"https:\/\/abc-office.eu\/sq\/legalizimi\/\" \/>\n<meta property=\"og:locale\" content=\"sq_AL\" \/>\n<meta property=\"og:type\" content=\"article\" \/>\n<meta property=\"og:title\" content=\"Legalizim l ABC Translation l Legalizim me apostil\u00eb l Ambasad\u00eb\" \/>\n<meta property=\"og:description\" content=\"Legalizimi i dokumentit zyrtar l Legalizim me apostil\u00eb l Nga nj\u00eb Ambasad\u00eb ose Konsullat\u00eb l Kopje e noterizuar (e v\u00ebrtet\u00eb) l Noteri\" \/>\n<meta property=\"og:url\" content=\"https:\/\/abc-office.eu\/sq\/legalizimi\/\" \/>\n<meta property=\"og:site_name\" content=\"ABC Translation\" \/>\n<meta property=\"article:modified_time\" content=\"2025-10-18T14:08:31+00:00\" \/>\n<meta property=\"og:image\" content=\"https:\/\/abc-office.eu\/wp-content\/uploads\/2025\/10\/apostille-3joo-768x522-7.jpg\" \/>\n\t<meta property=\"og:image:width\" content=\"768\" \/>\n\t<meta property=\"og:image:height\" content=\"522\" \/>\n\t<meta property=\"og:image:type\" content=\"image\/jpeg\" \/>\n<meta name=\"twitter:card\" content=\"summary_large_image\" \/>\n<meta name=\"twitter:label1\" content=\"Est. reading time\" \/>\n\t<meta name=\"twitter:data1\" content=\"2 minutes\" \/>\n<script type=\"application\/ld+json\" class=\"yoast-schema-graph\">{\"@context\":\"https:\/\/schema.org\",\"@graph\":[{\"@type\":\"WebPage\",\"@id\":\"https:\/\/abc-office.eu\/sq\/legalizimi\/\",\"url\":\"https:\/\/abc-office.eu\/sq\/legalizimi\/\",\"name\":\"Legalizim l ABC Translation l Legalizim me apostil\u00eb l Ambasad\u00eb\",\"isPartOf\":{\"@id\":\"https:\/\/abc-office.eu\/sq\/#website\"},\"primaryImageOfPage\":{\"@id\":\"https:\/\/abc-office.eu\/sq\/legalizimi\/#primaryimage\"},\"image\":{\"@id\":\"https:\/\/abc-office.eu\/sq\/legalizimi\/#primaryimage\"},\"thumbnailUrl\":\"https:\/\/abc-office.eu\/wp-content\/uploads\/2025\/10\/apostille-3joo-768x522-7.jpg\",\"datePublished\":\"2017-02-16T08:16:27+00:00\",\"dateModified\":\"2025-10-18T14:08:31+00:00\",\"description\":\"Legalizimi i dokumentit zyrtar l Legalizim me apostil\u00eb l Nga nj\u00eb Ambasad\u00eb ose Konsullat\u00eb l Kopje e noterizuar (e v\u00ebrtet\u00eb) l Noteri\",\"breadcrumb\":{\"@id\":\"https:\/\/abc-office.eu\/sq\/legalizimi\/#breadcrumb\"},\"inLanguage\":\"sq-AL\",\"potentialAction\":[{\"@type\":\"ReadAction\",\"target\":[\"https:\/\/abc-office.eu\/sq\/legalizimi\/\"]}]},{\"@type\":\"ImageObject\",\"inLanguage\":\"sq-AL\",\"@id\":\"https:\/\/abc-office.eu\/sq\/legalizimi\/#primaryimage\",\"url\":\"https:\/\/abc-office.eu\/wp-content\/uploads\/2025\/10\/apostille-3joo-768x522-7.jpg\",\"contentUrl\":\"https:\/\/abc-office.eu\/wp-content\/uploads\/2025\/10\/apostille-3joo-768x522-7.jpg\",\"width\":768,\"height\":522},{\"@type\":\"BreadcrumbList\",\"@id\":\"https:\/\/abc-office.eu\/sq\/legalizimi\/#breadcrumb\",\"itemListElement\":[{\"@type\":\"ListItem\",\"position\":1,\"name\":\"Accueil\",\"item\":\"https:\/\/abc-office.eu\/sq\/\"},{\"@type\":\"ListItem\",\"position\":2,\"name\":\"Legalizimi\"}]},{\"@type\":\"WebSite\",\"@id\":\"https:\/\/abc-office.eu\/sq\/#website\",\"url\":\"https:\/\/abc-office.eu\/sq\/\",\"name\":\"ABC Translation\",\"description\":\"info@abc-office.eu\",\"potentialAction\":[{\"@type\":\"SearchAction\",\"target\":{\"@type\":\"EntryPoint\",\"urlTemplate\":\"https:\/\/abc-office.eu\/sq\/?s={search_term_string}\"},\"query-input\":{\"@type\":\"PropertyValueSpecification\",\"valueRequired\":true,\"valueName\":\"search_term_string\"}}],\"inLanguage\":\"sq-AL\"}]}<\/script>\n<!-- \/ Yoast SEO plugin. -->","yoast_head_json":{"title":"Legalizim l ABC Translation l Legalizim me apostil\u00eb l Ambasad\u00eb","description":"Legalizimi i dokumentit zyrtar l Legalizim me apostil\u00eb l Nga nj\u00eb Ambasad\u00eb ose Konsullat\u00eb l Kopje e noterizuar (e v\u00ebrtet\u00eb) l Noteri","robots":{"index":"index","follow":"follow","max-snippet":"max-snippet:-1","max-image-preview":"max-image-preview:large","max-video-preview":"max-video-preview:-1"},"canonical":"https:\/\/abc-office.eu\/sq\/legalizimi\/","og_locale":"sq_AL","og_type":"article","og_title":"Legalizim l ABC Translation l Legalizim me apostil\u00eb l Ambasad\u00eb","og_description":"Legalizimi i dokumentit zyrtar l Legalizim me apostil\u00eb l Nga nj\u00eb Ambasad\u00eb ose Konsullat\u00eb l Kopje e noterizuar (e v\u00ebrtet\u00eb) l Noteri","og_url":"https:\/\/abc-office.eu\/sq\/legalizimi\/","og_site_name":"ABC Translation","article_modified_time":"2025-10-18T14:08:31+00:00","og_image":[{"width":768,"height":522,"url":"https:\/\/abc-office.eu\/wp-content\/uploads\/2025\/10\/apostille-3joo-768x522-7.jpg","type":"image\/jpeg"}],"twitter_card":"summary_large_image","twitter_misc":{"Est. reading time":"2 minutes"},"schema":{"@context":"https:\/\/schema.org","@graph":[{"@type":"WebPage","@id":"https:\/\/abc-office.eu\/sq\/legalizimi\/","url":"https:\/\/abc-office.eu\/sq\/legalizimi\/","name":"Legalizim l ABC Translation l Legalizim me apostil\u00eb l Ambasad\u00eb","isPartOf":{"@id":"https:\/\/abc-office.eu\/sq\/#website"},"primaryImageOfPage":{"@id":"https:\/\/abc-office.eu\/sq\/legalizimi\/#primaryimage"},"image":{"@id":"https:\/\/abc-office.eu\/sq\/legalizimi\/#primaryimage"},"thumbnailUrl":"https:\/\/abc-office.eu\/wp-content\/uploads\/2025\/10\/apostille-3joo-768x522-7.jpg","datePublished":"2017-02-16T08:16:27+00:00","dateModified":"2025-10-18T14:08:31+00:00","description":"Legalizimi i dokumentit zyrtar l Legalizim me apostil\u00eb l Nga nj\u00eb Ambasad\u00eb ose Konsullat\u00eb l Kopje e noterizuar (e v\u00ebrtet\u00eb) l Noteri","breadcrumb":{"@id":"https:\/\/abc-office.eu\/sq\/legalizimi\/#breadcrumb"},"inLanguage":"sq-AL","potentialAction":[{"@type":"ReadAction","target":["https:\/\/abc-office.eu\/sq\/legalizimi\/"]}]},{"@type":"ImageObject","inLanguage":"sq-AL","@id":"https:\/\/abc-office.eu\/sq\/legalizimi\/#primaryimage","url":"https:\/\/abc-office.eu\/wp-content\/uploads\/2025\/10\/apostille-3joo-768x522-7.jpg","contentUrl":"https:\/\/abc-office.eu\/wp-content\/uploads\/2025\/10\/apostille-3joo-768x522-7.jpg","width":768,"height":522},{"@type":"BreadcrumbList","@id":"https:\/\/abc-office.eu\/sq\/legalizimi\/#breadcrumb","itemListElement":[{"@type":"ListItem","position":1,"name":"Accueil","item":"https:\/\/abc-office.eu\/sq\/"},{"@type":"ListItem","position":2,"name":"Legalizimi"}]},{"@type":"WebSite","@id":"https:\/\/abc-office.eu\/sq\/#website","url":"https:\/\/abc-office.eu\/sq\/","name":"ABC Translation","description":"info@abc-office.eu","potentialAction":[{"@type":"SearchAction","target":{"@type":"EntryPoint","urlTemplate":"https:\/\/abc-office.eu\/sq\/?s={search_term_string}"},"query-input":{"@type":"PropertyValueSpecification","valueRequired":true,"valueName":"search_term_string"}}],"inLanguage":"sq-AL"}]}},"_links":{"self":[{"href":"https:\/\/abc-office.eu\/sq\/wp-json\/wp\/v2\/pages\/228437","targetHints":{"allow":["GET"]}}],"collection":[{"href":"https:\/\/abc-office.eu\/sq\/wp-json\/wp\/v2\/pages"}],"about":[{"href":"https:\/\/abc-office.eu\/sq\/wp-json\/wp\/v2\/types\/page"}],"author":[{"embeddable":true,"href":"https:\/\/abc-office.eu\/sq\/wp-json\/wp\/v2\/users\/1"}],"replies":[{"embeddable":true,"href":"https:\/\/abc-office.eu\/sq\/wp-json\/wp\/v2\/comments?post=228437"}],"version-history":[{"count":1,"href":"https:\/\/abc-office.eu\/sq\/wp-json\/wp\/v2\/pages\/228437\/revisions"}],"predecessor-version":[{"id":228457,"href":"https:\/\/abc-office.eu\/sq\/wp-json\/wp\/v2\/pages\/228437\/revisions\/228457"}],"wp:featuredmedia":[{"embeddable":true,"href":"https:\/\/abc-office.eu\/sq\/wp-json\/wp\/v2\/media\/228438"}],"wp:attachment":[{"href":"https:\/\/abc-office.eu\/sq\/wp-json\/wp\/v2\/media?parent=228437"}],"curies":[{"name":"wp","href":"https:\/\/api.w.org\/{rel}","templated":true}]}}