{"id":228414,"date":"2017-02-16T09:17:00","date_gmt":"2017-02-16T08:17:00","guid":{"rendered":"https:\/\/abc-office.eu\/?page_id=228414"},"modified":"2025-10-20T06:22:03","modified_gmt":"2025-10-20T04:22:03","slug":"perkthim","status":"publish","type":"page","link":"https:\/\/abc-office.eu\/sq\/perkthim\/","title":{"rendered":"P\u00ebrkthim"},"content":{"rendered":"<h2 data-start=\"97\" data-end=\"111\">P\u00ebrkthim<\/h2>\n<p style=\"text-align: justify;\" data-start=\"113\" data-end=\"382\">Agjencia jon\u00eb, <strong data-start=\"128\" data-end=\"147\">ABC Translation<\/strong>, \u00ebsht\u00eb e specializuar prej shum\u00eb vitesh n\u00eb fush\u00ebn e p\u00ebrkthimit dhe interpretimit. Ne ofrojm\u00eb t\u00eb gjitha sh\u00ebrbimet q\u00eb lidhen me k\u00ebt\u00eb fush\u00eb, qoft\u00eb p\u00ebr nj\u00eb p\u00ebrkthim zyrtar, nj\u00eb p\u00ebrkthim t\u00eb thjesht\u00eb apo nj\u00eb nevoj\u00eb p\u00ebr interpretim (live).<\/p>\n<p style=\"text-align: justify;\" data-start=\"384\" data-end=\"853\">Me nj\u00eb ekip prej mbi 800 p\u00ebrkthyesish dhe <strong>interpretuesish<\/strong>, dim\u00eb si t\u00eb menaxhojm\u00eb \u00e7do lloj projekti brenda afateve jasht\u00ebzakonisht t\u00eb shkurtra. Cil\u00ebsia dhe reagueshm\u00ebria jan\u00eb fjal\u00ebt tona ky\u00e7e p\u00ebr rezultate q\u00eb gjithmon\u00eb p\u00ebrputhen me pritshm\u00ebrit\u00eb e klient\u00ebve tan\u00eb. Jemi t\u00eb pranish\u00ebm n\u00eb Bashkimin Evropian dhe Mbret\u00ebrin\u00eb e Bashkuar. Fal\u00eb k\u00ebsaj pranie dhe reagueshm\u00ebris\u00eb son\u00eb, kemi arritur t\u00eb evoluojm\u00eb dhe tani ofrojm\u00eb sh\u00ebrbime p\u00ebrkthimi n\u00eb m\u00eb shum\u00eb se 60 gjuh\u00eb t\u00eb ndryshme.<\/p>\n<h3 data-start=\"860\" data-end=\"882\">P\u00ebrkthim zyrtar:<\/h3>\n<p style=\"text-align: justify;\" data-start=\"884\" data-end=\"1206\">Ne jemi t\u00eb specializuar n\u00eb p\u00ebrkthimin zyrtar p\u00ebr t\u2019jua leht\u00ebsuar procedurat sapo t\u00eb mb\u00ebrrini n\u00eb BE ose n\u00eb MB ose p\u00ebr nj\u00eb udh\u00ebtim jasht\u00eb vendit. P\u00ebrkthimet zakonisht legalizohen nga noteri yn\u00eb dhe m\u00eb pas legalizohen n\u00eb Kancelari me apostil ose legalizim sipas konventave. Afatet e klient\u00ebve shpesh jan\u00eb shum\u00eb t\u00eb shkurtra.<\/p>\n<p style=\"text-align: justify;\" data-start=\"1208\" data-end=\"1555\">Kjo \u00ebsht\u00eb arsyeja pse kemi vendosur nj\u00eb sistem q\u00eb lejon dokumentet t\u00eb p\u00ebrkthehen, legalizohen dhe t\u00eb pajisen me apostil n\u00eb koh\u00eb rekord. P\u00ebr shembull, na nevojiten dy dit\u00eb p\u00ebr t\u00eb kryer hapat e ndrysh\u00ebm p\u00ebr nj\u00eb dokument me m\u00eb pak se 5 faqe. K\u00ebto p\u00ebrkthime mund t\u00eb legalizohen m\u00eb pas nga konsullata e vendit t\u00eb destinacionit n\u00ebse \u00ebsht\u00eb e nevojshme.<\/p>\n<p style=\"text-align: justify;\" data-start=\"1557\" data-end=\"1806\">P\u00ebrkthimi zyrtar p\u00ebr njohjen e diplomave tuaja t\u00eb huaja n\u00eb BE dhe\/ose MB \u00ebsht\u00eb gjithashtu pjes\u00eb e gam\u00ebs son\u00eb t\u00eb sh\u00ebrbimeve. S\u00ebrish, ne p\u00ebrkthejm\u00eb dokumentet dhe m\u00eb pas i legalizojm\u00eb ato te noteri yn\u00eb n\u00eb m\u00ebnyr\u00eb q\u00eb t\u00eb pranohen nga organet e njohjes.<\/p>\n<p style=\"text-align: justify;\" data-start=\"1808\" data-end=\"1874\">Dosja juaj do t\u00eb jet\u00eb e plot\u00eb p\u00ebr analiz\u00eb nga organet p\u00ebrkat\u00ebse.<\/p>\n<h3 data-start=\"1881\" data-end=\"1894\">Gjuh\u00ebt:<\/h3>\n<p style=\"text-align: justify;\" data-start=\"1896\" data-end=\"2874\">Afrikaans | Shqip | Gjermanisht | Amerikane | Amharisht | Anglisht | Arabisht | Armenisht | Aymara | Azerbajxhanisht | Baskisht | Bengalishte | Bjellorusisht | Birmanisht | Boshnjakisht | Braziliane | Bullgarisht | Kantoneze | Katalonisht | Sinhalisht | Kinezisht | Kinezisht e thjeshtuar | Kinezisht tradicionale | Koreanisht | Kroatisht | Danisht | Dari | Spanjisht | Estonisht | Ewe | Farsi | Finlandisht | Gjeorgjisht | Greqisht | Guarani | Hebraisht | Hindisht | Hungarisht | Indonezisht | Italisht | Japonisht | Kazakisht | Kmersht | Kirgizisht | Kurdisht | Laosisht | Letonisht | Lingala | Lituanisht | Maqedonisht | Malajzisht | Malajalam | Mandarinizht | Moldavisht | Mongolisht | Malazezisht | Holandisht | Norvegjisht | Urdu | Uzbekisht | Pashto | Panxhabi | Persisht | Fula | Polonisht | Portugalisht | Kecua | Rumanisht | Rusisht | Serbisht | Sllovakisht | Sllovenisht | Suedisht | Tamile | \u00c7ekisht | Tajlandisht | Turqisht | Turkmenisht | Ukrainisht | Vietnameze<\/p>\n<h3 data-start=\"2881\" data-end=\"2898\">Dokumentet:<\/h3>\n<p style=\"text-align: justify;\" data-start=\"2900\" data-end=\"3295\">Certifikat\u00eb lindjeje | Certifikat\u00eb martese | Certifikat\u00eb gjendje civile | V\u00ebrtetim | Patent\u00eb | D\u00ebshmi penaliteti | Certifikat\u00eb | Certifikat\u00eb beqarie | Certifikat\u00eb vdekjeje | Certifikat\u00eb familjare | V\u00ebrtetim pune | Deklarat\u00eb tatimore | Diplom\u00eb | Pasaport\u00eb | Leje drejtimi | Testament | Viz\u00eb | Kontrat\u00eb | Kontrat\u00eb divorci | Kontrat\u00eb martese | Vendim gjyq\u00ebsor | Procedur\u00eb | Prokura | Procesverbal<\/p>\n<p data-start=\"3302\" data-end=\"3356\">P\u00ebr nj\u00eb gjuh\u00eb tjet\u00ebr, mos hezitoni t\u00eb na <a href=\"https:\/\/abc-office.eu\/sq\/\">kontaktoni<\/a>.<\/p>\n<p data-start=\"3302\" data-end=\"3356\"><img loading=\"lazy\" decoding=\"async\" class=\"aligncenter wp-image-26 size-medium\" src=\"https:\/\/abc-office.ch\/wp-content\/uploads\/2018\/06\/imageedit_1_6241191614-300x300.gif\" alt=\"P\u00ebrkthim\" width=\"300\" height=\"300\" \/><\/p>\n","protected":false},"excerpt":{"rendered":"<p>P\u00ebrkthim Agjencia jon\u00eb, ABC Translation, \u00ebsht\u00eb e specializuar prej shum\u00eb vitesh n\u00eb fush\u00ebn e p\u00ebrkthimit dhe interpretimit. Ne ofrojm\u00eb t\u00eb gjitha sh\u00ebrbimet q\u00eb lidhen me k\u00ebt\u00eb fush\u00eb, qoft\u00eb p\u00ebr nj\u00eb p\u00ebrkthim zyrtar, nj\u00eb p\u00ebrkthim t\u00eb thjesht\u00eb apo nj\u00eb nevoj\u00eb p\u00ebr interpretim (live). Me nj\u00eb ekip prej mbi 800 p\u00ebrkthyesish dhe interpretuesish, dim\u00eb si t\u00eb menaxhojm\u00eb&#8230;<\/p>\n","protected":false},"author":1,"featured_media":228415,"parent":0,"menu_order":0,"comment_status":"closed","ping_status":"closed","template":"","meta":{"sfsi_plus_gutenberg_text_before_share":"","sfsi_plus_gutenberg_show_text_before_share":"","sfsi_plus_gutenberg_icon_type":"","sfsi_plus_gutenberg_icon_alignemt":"","sfsi_plus_gutenburg_max_per_row":"","footnotes":""},"class_list":["post-228414","page","type-page","status-publish","has-post-thumbnail","hentry"],"yoast_head":"<!-- This site is optimized with the Yoast SEO plugin v23.8 - https:\/\/yoast.com\/wordpress\/plugins\/seo\/ -->\n<title>P\u00ebrkthim | P\u00ebrkthim zyrtar | P\u00ebrkthim profesional me cil\u00ebsi t\u00eb lart\u00eb<\/title>\n<meta name=\"description\" content=\"P\u00ebrkthim p\u00ebr procedurat tuaja administrative | P\u00ebrkthim i certifikuar dhe zyrtar | I njohur nga t\u00eb gjitha institucionet n\u00eb BE dhe jasht\u00eb saj\" \/>\n<meta name=\"robots\" content=\"index, follow, max-snippet:-1, max-image-preview:large, max-video-preview:-1\" \/>\n<link rel=\"canonical\" href=\"https:\/\/abc-office.eu\/sq\/perkthim\/\" \/>\n<meta property=\"og:locale\" content=\"sq_AL\" \/>\n<meta property=\"og:type\" content=\"article\" \/>\n<meta property=\"og:title\" content=\"P\u00ebrkthim | P\u00ebrkthim zyrtar | P\u00ebrkthim profesional me cil\u00ebsi t\u00eb lart\u00eb\" \/>\n<meta property=\"og:description\" content=\"P\u00ebrkthim p\u00ebr procedurat tuaja administrative | P\u00ebrkthim i certifikuar dhe zyrtar | I njohur nga t\u00eb gjitha institucionet n\u00eb BE dhe jasht\u00eb saj\" \/>\n<meta property=\"og:url\" content=\"https:\/\/abc-office.eu\/sq\/perkthim\/\" \/>\n<meta property=\"og:site_name\" content=\"ABC Translation\" \/>\n<meta property=\"article:modified_time\" content=\"2025-10-20T04:22:03+00:00\" \/>\n<meta property=\"og:image\" content=\"https:\/\/abc-office.eu\/wp-content\/uploads\/2025\/10\/Traduction-6.jpg\" \/>\n\t<meta property=\"og:image:width\" content=\"650\" \/>\n\t<meta property=\"og:image:height\" content=\"400\" \/>\n\t<meta property=\"og:image:type\" content=\"image\/jpeg\" \/>\n<meta name=\"twitter:card\" content=\"summary_large_image\" \/>\n<meta name=\"twitter:label1\" content=\"Est. reading time\" \/>\n\t<meta name=\"twitter:data1\" content=\"3 minutes\" \/>\n<script type=\"application\/ld+json\" class=\"yoast-schema-graph\">{\"@context\":\"https:\/\/schema.org\",\"@graph\":[{\"@type\":\"WebPage\",\"@id\":\"https:\/\/abc-office.eu\/sq\/perkthim\/\",\"url\":\"https:\/\/abc-office.eu\/sq\/perkthim\/\",\"name\":\"P\u00ebrkthim | P\u00ebrkthim zyrtar | P\u00ebrkthim profesional me cil\u00ebsi t\u00eb lart\u00eb\",\"isPartOf\":{\"@id\":\"https:\/\/abc-office.eu\/sq\/#website\"},\"primaryImageOfPage\":{\"@id\":\"https:\/\/abc-office.eu\/sq\/perkthim\/#primaryimage\"},\"image\":{\"@id\":\"https:\/\/abc-office.eu\/sq\/perkthim\/#primaryimage\"},\"thumbnailUrl\":\"https:\/\/abc-office.eu\/wp-content\/uploads\/2025\/10\/Traduction-6.jpg\",\"datePublished\":\"2017-02-16T08:17:00+00:00\",\"dateModified\":\"2025-10-20T04:22:03+00:00\",\"description\":\"P\u00ebrkthim p\u00ebr procedurat tuaja administrative | P\u00ebrkthim i certifikuar dhe zyrtar | I njohur nga t\u00eb gjitha institucionet n\u00eb BE dhe jasht\u00eb saj\",\"breadcrumb\":{\"@id\":\"https:\/\/abc-office.eu\/sq\/perkthim\/#breadcrumb\"},\"inLanguage\":\"sq-AL\",\"potentialAction\":[{\"@type\":\"ReadAction\",\"target\":[\"https:\/\/abc-office.eu\/sq\/perkthim\/\"]}]},{\"@type\":\"ImageObject\",\"inLanguage\":\"sq-AL\",\"@id\":\"https:\/\/abc-office.eu\/sq\/perkthim\/#primaryimage\",\"url\":\"https:\/\/abc-office.eu\/wp-content\/uploads\/2025\/10\/Traduction-6.jpg\",\"contentUrl\":\"https:\/\/abc-office.eu\/wp-content\/uploads\/2025\/10\/Traduction-6.jpg\",\"width\":650,\"height\":400},{\"@type\":\"BreadcrumbList\",\"@id\":\"https:\/\/abc-office.eu\/sq\/perkthim\/#breadcrumb\",\"itemListElement\":[{\"@type\":\"ListItem\",\"position\":1,\"name\":\"Accueil\",\"item\":\"https:\/\/abc-office.eu\/sq\/\"},{\"@type\":\"ListItem\",\"position\":2,\"name\":\"P\u00ebrkthim\"}]},{\"@type\":\"WebSite\",\"@id\":\"https:\/\/abc-office.eu\/sq\/#website\",\"url\":\"https:\/\/abc-office.eu\/sq\/\",\"name\":\"ABC Translation\",\"description\":\"info@abc-office.eu\",\"potentialAction\":[{\"@type\":\"SearchAction\",\"target\":{\"@type\":\"EntryPoint\",\"urlTemplate\":\"https:\/\/abc-office.eu\/sq\/?s={search_term_string}\"},\"query-input\":{\"@type\":\"PropertyValueSpecification\",\"valueRequired\":true,\"valueName\":\"search_term_string\"}}],\"inLanguage\":\"sq-AL\"}]}<\/script>\n<!-- \/ Yoast SEO plugin. -->","yoast_head_json":{"title":"P\u00ebrkthim | P\u00ebrkthim zyrtar | P\u00ebrkthim profesional me cil\u00ebsi t\u00eb lart\u00eb","description":"P\u00ebrkthim p\u00ebr procedurat tuaja administrative | P\u00ebrkthim i certifikuar dhe zyrtar | I njohur nga t\u00eb gjitha institucionet n\u00eb BE dhe jasht\u00eb saj","robots":{"index":"index","follow":"follow","max-snippet":"max-snippet:-1","max-image-preview":"max-image-preview:large","max-video-preview":"max-video-preview:-1"},"canonical":"https:\/\/abc-office.eu\/sq\/perkthim\/","og_locale":"sq_AL","og_type":"article","og_title":"P\u00ebrkthim | P\u00ebrkthim zyrtar | P\u00ebrkthim profesional me cil\u00ebsi t\u00eb lart\u00eb","og_description":"P\u00ebrkthim p\u00ebr procedurat tuaja administrative | P\u00ebrkthim i certifikuar dhe zyrtar | I njohur nga t\u00eb gjitha institucionet n\u00eb BE dhe jasht\u00eb saj","og_url":"https:\/\/abc-office.eu\/sq\/perkthim\/","og_site_name":"ABC Translation","article_modified_time":"2025-10-20T04:22:03+00:00","og_image":[{"width":650,"height":400,"url":"https:\/\/abc-office.eu\/wp-content\/uploads\/2025\/10\/Traduction-6.jpg","type":"image\/jpeg"}],"twitter_card":"summary_large_image","twitter_misc":{"Est. reading time":"3 minutes"},"schema":{"@context":"https:\/\/schema.org","@graph":[{"@type":"WebPage","@id":"https:\/\/abc-office.eu\/sq\/perkthim\/","url":"https:\/\/abc-office.eu\/sq\/perkthim\/","name":"P\u00ebrkthim | P\u00ebrkthim zyrtar | P\u00ebrkthim profesional me cil\u00ebsi t\u00eb lart\u00eb","isPartOf":{"@id":"https:\/\/abc-office.eu\/sq\/#website"},"primaryImageOfPage":{"@id":"https:\/\/abc-office.eu\/sq\/perkthim\/#primaryimage"},"image":{"@id":"https:\/\/abc-office.eu\/sq\/perkthim\/#primaryimage"},"thumbnailUrl":"https:\/\/abc-office.eu\/wp-content\/uploads\/2025\/10\/Traduction-6.jpg","datePublished":"2017-02-16T08:17:00+00:00","dateModified":"2025-10-20T04:22:03+00:00","description":"P\u00ebrkthim p\u00ebr procedurat tuaja administrative | P\u00ebrkthim i certifikuar dhe zyrtar | I njohur nga t\u00eb gjitha institucionet n\u00eb BE dhe jasht\u00eb saj","breadcrumb":{"@id":"https:\/\/abc-office.eu\/sq\/perkthim\/#breadcrumb"},"inLanguage":"sq-AL","potentialAction":[{"@type":"ReadAction","target":["https:\/\/abc-office.eu\/sq\/perkthim\/"]}]},{"@type":"ImageObject","inLanguage":"sq-AL","@id":"https:\/\/abc-office.eu\/sq\/perkthim\/#primaryimage","url":"https:\/\/abc-office.eu\/wp-content\/uploads\/2025\/10\/Traduction-6.jpg","contentUrl":"https:\/\/abc-office.eu\/wp-content\/uploads\/2025\/10\/Traduction-6.jpg","width":650,"height":400},{"@type":"BreadcrumbList","@id":"https:\/\/abc-office.eu\/sq\/perkthim\/#breadcrumb","itemListElement":[{"@type":"ListItem","position":1,"name":"Accueil","item":"https:\/\/abc-office.eu\/sq\/"},{"@type":"ListItem","position":2,"name":"P\u00ebrkthim"}]},{"@type":"WebSite","@id":"https:\/\/abc-office.eu\/sq\/#website","url":"https:\/\/abc-office.eu\/sq\/","name":"ABC Translation","description":"info@abc-office.eu","potentialAction":[{"@type":"SearchAction","target":{"@type":"EntryPoint","urlTemplate":"https:\/\/abc-office.eu\/sq\/?s={search_term_string}"},"query-input":{"@type":"PropertyValueSpecification","valueRequired":true,"valueName":"search_term_string"}}],"inLanguage":"sq-AL"}]}},"_links":{"self":[{"href":"https:\/\/abc-office.eu\/sq\/wp-json\/wp\/v2\/pages\/228414","targetHints":{"allow":["GET"]}}],"collection":[{"href":"https:\/\/abc-office.eu\/sq\/wp-json\/wp\/v2\/pages"}],"about":[{"href":"https:\/\/abc-office.eu\/sq\/wp-json\/wp\/v2\/types\/page"}],"author":[{"embeddable":true,"href":"https:\/\/abc-office.eu\/sq\/wp-json\/wp\/v2\/users\/1"}],"replies":[{"embeddable":true,"href":"https:\/\/abc-office.eu\/sq\/wp-json\/wp\/v2\/comments?post=228414"}],"version-history":[{"count":2,"href":"https:\/\/abc-office.eu\/sq\/wp-json\/wp\/v2\/pages\/228414\/revisions"}],"predecessor-version":[{"id":229292,"href":"https:\/\/abc-office.eu\/sq\/wp-json\/wp\/v2\/pages\/228414\/revisions\/229292"}],"wp:featuredmedia":[{"embeddable":true,"href":"https:\/\/abc-office.eu\/sq\/wp-json\/wp\/v2\/media\/228415"}],"wp:attachment":[{"href":"https:\/\/abc-office.eu\/sq\/wp-json\/wp\/v2\/media?parent=228414"}],"curies":[{"name":"wp","href":"https:\/\/api.w.org\/{rel}","templated":true}]}}