{"id":228393,"date":"2017-02-16T09:13:19","date_gmt":"2017-02-16T08:13:19","guid":{"rendered":"https:\/\/abc-office.eu\/?page_id=228393"},"modified":"2025-10-18T15:16:23","modified_gmt":"2025-10-18T13:16:23","slug":"kreu","status":"publish","type":"page","link":"https:\/\/abc-office.eu\/sq\/","title":{"rendered":"Kreu"},"content":{"rendered":"<h2 data-start=\"89\" data-end=\"110\">ABC Translation<\/h2>\n<p style=\"text-align: justify;\" data-start=\"112\" data-end=\"609\"><strong data-start=\"112\" data-end=\"131\">ABC Translation<\/strong> \u00ebsht\u00eb e specializuar n\u00eb disa fusha si p\u00ebrkthimi, pasurit\u00eb e paluajtshme, legalizimet, ligji dhe relokimi. Me nj\u00eb ekip prej mbi 500 punonj\u00ebsish n\u00eb mbar\u00eb bot\u00ebn, <strong data-start=\"291\" data-end=\"310\">ABC Translation<\/strong> \u00ebsht\u00eb lider n\u00eb k\u00ebto specializime dhe mund t\u00eb veproj\u00eb shum\u00eb shpejt fal\u00eb ekipit t\u00eb saj t\u00eb madh t\u00eb profesionist\u00ebve t\u00eb kualifikuar. Kompania p\u00ebrfaq\u00ebson 55 komb\u00ebsi t\u00eb ndryshme dhe ka lidhje n\u00eb m\u00eb shum\u00eb se 85 vende. Ajo ka p\u00ebrfituar nga globalizimi p\u00ebr t\u00eb t\u00ebrhequr nj\u00eb klientel\u00eb gjithnj\u00eb e m\u00eb k\u00ebrkuese.<\/p>\n<h3 data-start=\"616\" data-end=\"648\">ABC Translation n\u00eb shifra:<\/h3>\n<ul>\n<li data-start=\"652\" data-end=\"681\">500 punonj\u00ebs n\u00eb mbar\u00eb bot\u00ebn<\/li>\n<li data-start=\"684\" data-end=\"704\">60 gjuh\u00eb t\u00eb folura<\/li>\n<li data-start=\"707\" data-end=\"729\">4000 projekte n\u00eb vit<\/li>\n<li data-start=\"732\" data-end=\"753\">Mbi 10 vite p\u00ebrvoj\u00eb<\/li>\n<li data-start=\"756\" data-end=\"795\">Mbi 1,000 klient\u00eb t\u00eb rregullt biznesi<\/li>\n<li data-start=\"798\" data-end=\"840\">M\u00eb shum\u00eb se 2000 klient\u00eb privat\u00eb \u00e7do vit<\/li>\n<\/ul>\n<p style=\"text-align: justify;\" data-start=\"847\" data-end=\"1471\">Ne bashk\u00ebpunojm\u00eb me disa zyra noteriale p\u00ebr t\u00eb mund\u00ebsuar legalizimin e dokumenteve t\u00eb ndryshme sa m\u00eb shpejt t\u00eb jet\u00eb e mundur. P\u00ebr dokumentet q\u00eb do t\u00eb p\u00ebrdoren jasht\u00eb vendit, ne punojm\u00eb me ambasada, konsullata dhe kancelari. Ky bashkim midis k\u00ebtyre institucioneve t\u00eb ndryshme na lejon t\u00eb jemi shum\u00eb t\u00eb shpejt\u00eb kur b\u00ebhet fjal\u00eb p\u00ebr p\u00ebrkthimin dhe legalizimin e dokumenteve tuaja n\u00eb koh\u00eb rekord. P\u00ebr m\u00eb tep\u00ebr, korrier\u00ebt tan\u00eb me bi\u00e7ikleta sigurojn\u00eb shp\u00ebrndarjen e dokumenteve n\u00eb zyrat p\u00ebrkat\u00ebse duke respektuar mjedisin. P\u00ebr d\u00ebrgesat p\u00ebrfundimtare n\u00eb Evrop\u00eb dhe n\u00eb t\u00eb gjith\u00eb bot\u00ebn, p\u00ebrdorim sh\u00ebrbimet postare evropiane dhe DHL.<\/p>\n<p style=\"text-align: justify;\" data-start=\"1478\" data-end=\"2056\">Cil\u00ebsia dhe shpejt\u00ebsia e sh\u00ebrbimeve tona kan\u00eb b\u00ebr\u00eb diferenc\u00ebn nd\u00ebr vite. N\u00eb k\u00ebt\u00eb fush\u00eb, reagueshm\u00ebria \u00ebsht\u00eb \u00e7el\u00ebsi i suksesit. Infrastruktura jon\u00eb \u00ebsht\u00eb nd\u00ebrtuar p\u00ebr t\u00eb qen\u00eb n\u00eb gjendje t\u00eb p\u00ebrgjigjemi m\u00eb shpejt ndaj k\u00ebrkesave t\u00eb klient\u00ebve. P\u00ebr nj\u00eb kontakt t\u00eb shpejt\u00eb, mund t\u00eb na kontaktoni me telefon ose email. Forma e kontaktit n\u00eb an\u00ebn e djatht\u00eb t\u00eb k\u00ebsaj faqeje mund t\u00eb p\u00ebrdoret gjithashtu, ve\u00e7an\u00ebrisht p\u00ebr d\u00ebrgimin e dokumenteve. Ne zakonisht d\u00ebrgojm\u00eb ofert\u00ebn midis 10 dhe 20 minuta pasi marrim skedar\u00ebt. Ajo do t\u00eb p\u00ebrfshij\u00eb \u00e7mimin total dhe koh\u00ebn e p\u00ebrpunimit t\u00eb projektit.<\/p>\n<p style=\"text-align: justify;\" data-start=\"2063\" data-end=\"2155\">I gjith\u00eb ekipi mbetet n\u00eb dispozicionin tuaj t\u00eb plot\u00eb dhe mezi presim t\u00eb punojm\u00eb s\u00eb bashku.<\/p>\n<p data-start=\"2063\" data-end=\"2155\"><img loading=\"lazy\" decoding=\"async\" class=\"alignnone wp-image-298\" src=\"https:\/\/abc-office.ch\/wp-content\/uploads\/2020\/03\/bim91-1024x682.jpg\" alt=\"ABC Translation\" width=\"671\" height=\"447\" \/><\/p>\n","protected":false},"excerpt":{"rendered":"<p>ABC Translation ABC Translation \u00ebsht\u00eb e specializuar n\u00eb disa fusha si p\u00ebrkthimi, pasurit\u00eb e paluajtshme, legalizimet, ligji dhe relokimi. Me nj\u00eb ekip prej mbi 500 punonj\u00ebsish n\u00eb mbar\u00eb bot\u00ebn, ABC Translation \u00ebsht\u00eb lider n\u00eb k\u00ebto specializime dhe mund t\u00eb veproj\u00eb shum\u00eb shpejt fal\u00eb ekipit t\u00eb saj t\u00eb madh t\u00eb profesionist\u00ebve t\u00eb kualifikuar. Kompania p\u00ebrfaq\u00ebson 55&#8230;<\/p>\n","protected":false},"author":1,"featured_media":228394,"parent":0,"menu_order":0,"comment_status":"closed","ping_status":"closed","template":"","meta":{"sfsi_plus_gutenberg_text_before_share":"","sfsi_plus_gutenberg_show_text_before_share":"","sfsi_plus_gutenberg_icon_type":"","sfsi_plus_gutenberg_icon_alignemt":"","sfsi_plus_gutenburg_max_per_row":"","footnotes":""},"class_list":["post-228393","page","type-page","status-publish","has-post-thumbnail","hentry"],"yoast_head":"<!-- This site is optimized with the Yoast SEO plugin v23.8 - https:\/\/yoast.com\/wordpress\/plugins\/seo\/ -->\n<title>ABC Translation | P\u00ebrkthim | Legalizim | Pasuri t\u00eb paluajtshme<\/title>\n<meta name=\"description\" content=\"ABC Translation | Legalizim | Pasuri t\u00eb paluajtshme | Ekspat | Interpretim | Noter publik | Zyr\u00eb ligjore | Relokim personi | Kompani\" \/>\n<meta name=\"robots\" content=\"index, follow, max-snippet:-1, max-image-preview:large, max-video-preview:-1\" \/>\n<link rel=\"canonical\" href=\"https:\/\/abc-office.eu\/sq\/\" \/>\n<meta property=\"og:locale\" content=\"sq_AL\" \/>\n<meta property=\"og:type\" content=\"article\" \/>\n<meta property=\"og:title\" content=\"ABC Translation | P\u00ebrkthim | Legalizim | Pasuri t\u00eb paluajtshme\" \/>\n<meta property=\"og:description\" content=\"ABC Translation | Legalizim | Pasuri t\u00eb paluajtshme | Ekspat | Interpretim | Noter publik | Zyr\u00eb ligjore | Relokim personi | Kompani\" \/>\n<meta property=\"og:url\" content=\"https:\/\/abc-office.eu\/sq\/\" \/>\n<meta property=\"og:site_name\" content=\"ABC Translation\" \/>\n<meta property=\"article:modified_time\" content=\"2025-10-18T13:16:23+00:00\" \/>\n<meta property=\"og:image\" content=\"https:\/\/abc-office.eu\/wp-content\/uploads\/2025\/10\/6190976a-768x433-7.jpg\" \/>\n\t<meta property=\"og:image:width\" content=\"768\" \/>\n\t<meta property=\"og:image:height\" content=\"433\" \/>\n\t<meta property=\"og:image:type\" content=\"image\/jpeg\" \/>\n<meta name=\"twitter:card\" content=\"summary_large_image\" \/>\n<meta name=\"twitter:label1\" content=\"Est. reading time\" \/>\n\t<meta name=\"twitter:data1\" content=\"2 minutes\" \/>\n<script type=\"application\/ld+json\" class=\"yoast-schema-graph\">{\"@context\":\"https:\/\/schema.org\",\"@graph\":[{\"@type\":\"WebPage\",\"@id\":\"https:\/\/abc-office.eu\/sq\/\",\"url\":\"https:\/\/abc-office.eu\/sq\/\",\"name\":\"ABC Translation | P\u00ebrkthim | Legalizim | Pasuri t\u00eb paluajtshme\",\"isPartOf\":{\"@id\":\"https:\/\/abc-office.eu\/sq\/#website\"},\"primaryImageOfPage\":{\"@id\":\"https:\/\/abc-office.eu\/sq\/#primaryimage\"},\"image\":{\"@id\":\"https:\/\/abc-office.eu\/sq\/#primaryimage\"},\"thumbnailUrl\":\"https:\/\/abc-office.eu\/wp-content\/uploads\/2025\/10\/6190976a-768x433-7.jpg\",\"datePublished\":\"2017-02-16T08:13:19+00:00\",\"dateModified\":\"2025-10-18T13:16:23+00:00\",\"description\":\"ABC Translation | Legalizim | Pasuri t\u00eb paluajtshme | Ekspat | Interpretim | Noter publik | Zyr\u00eb ligjore | Relokim personi | Kompani\",\"breadcrumb\":{\"@id\":\"https:\/\/abc-office.eu\/sq\/#breadcrumb\"},\"inLanguage\":\"sq-AL\",\"potentialAction\":[{\"@type\":\"ReadAction\",\"target\":[\"https:\/\/abc-office.eu\/sq\/\"]}]},{\"@type\":\"ImageObject\",\"inLanguage\":\"sq-AL\",\"@id\":\"https:\/\/abc-office.eu\/sq\/#primaryimage\",\"url\":\"https:\/\/abc-office.eu\/wp-content\/uploads\/2025\/10\/6190976a-768x433-7.jpg\",\"contentUrl\":\"https:\/\/abc-office.eu\/wp-content\/uploads\/2025\/10\/6190976a-768x433-7.jpg\",\"width\":768,\"height\":433},{\"@type\":\"BreadcrumbList\",\"@id\":\"https:\/\/abc-office.eu\/sq\/#breadcrumb\",\"itemListElement\":[{\"@type\":\"ListItem\",\"position\":1,\"name\":\"Accueil\",\"item\":\"https:\/\/abc-office.eu\/sq\/\"},{\"@type\":\"ListItem\",\"position\":2,\"name\":\"Kreu\"}]},{\"@type\":\"WebSite\",\"@id\":\"https:\/\/abc-office.eu\/sq\/#website\",\"url\":\"https:\/\/abc-office.eu\/sq\/\",\"name\":\"ABC Translation\",\"description\":\"info@abc-office.eu\",\"potentialAction\":[{\"@type\":\"SearchAction\",\"target\":{\"@type\":\"EntryPoint\",\"urlTemplate\":\"https:\/\/abc-office.eu\/sq\/?s={search_term_string}\"},\"query-input\":{\"@type\":\"PropertyValueSpecification\",\"valueRequired\":true,\"valueName\":\"search_term_string\"}}],\"inLanguage\":\"sq-AL\"}]}<\/script>\n<!-- \/ Yoast SEO plugin. -->","yoast_head_json":{"title":"ABC Translation | P\u00ebrkthim | Legalizim | Pasuri t\u00eb paluajtshme","description":"ABC Translation | Legalizim | Pasuri t\u00eb paluajtshme | Ekspat | Interpretim | Noter publik | Zyr\u00eb ligjore | Relokim personi | Kompani","robots":{"index":"index","follow":"follow","max-snippet":"max-snippet:-1","max-image-preview":"max-image-preview:large","max-video-preview":"max-video-preview:-1"},"canonical":"https:\/\/abc-office.eu\/sq\/","og_locale":"sq_AL","og_type":"article","og_title":"ABC Translation | P\u00ebrkthim | Legalizim | Pasuri t\u00eb paluajtshme","og_description":"ABC Translation | Legalizim | Pasuri t\u00eb paluajtshme | Ekspat | Interpretim | Noter publik | Zyr\u00eb ligjore | Relokim personi | Kompani","og_url":"https:\/\/abc-office.eu\/sq\/","og_site_name":"ABC Translation","article_modified_time":"2025-10-18T13:16:23+00:00","og_image":[{"width":768,"height":433,"url":"https:\/\/abc-office.eu\/wp-content\/uploads\/2025\/10\/6190976a-768x433-7.jpg","type":"image\/jpeg"}],"twitter_card":"summary_large_image","twitter_misc":{"Est. reading time":"2 minutes"},"schema":{"@context":"https:\/\/schema.org","@graph":[{"@type":"WebPage","@id":"https:\/\/abc-office.eu\/sq\/","url":"https:\/\/abc-office.eu\/sq\/","name":"ABC Translation | P\u00ebrkthim | Legalizim | Pasuri t\u00eb paluajtshme","isPartOf":{"@id":"https:\/\/abc-office.eu\/sq\/#website"},"primaryImageOfPage":{"@id":"https:\/\/abc-office.eu\/sq\/#primaryimage"},"image":{"@id":"https:\/\/abc-office.eu\/sq\/#primaryimage"},"thumbnailUrl":"https:\/\/abc-office.eu\/wp-content\/uploads\/2025\/10\/6190976a-768x433-7.jpg","datePublished":"2017-02-16T08:13:19+00:00","dateModified":"2025-10-18T13:16:23+00:00","description":"ABC Translation | Legalizim | Pasuri t\u00eb paluajtshme | Ekspat | Interpretim | Noter publik | Zyr\u00eb ligjore | Relokim personi | Kompani","breadcrumb":{"@id":"https:\/\/abc-office.eu\/sq\/#breadcrumb"},"inLanguage":"sq-AL","potentialAction":[{"@type":"ReadAction","target":["https:\/\/abc-office.eu\/sq\/"]}]},{"@type":"ImageObject","inLanguage":"sq-AL","@id":"https:\/\/abc-office.eu\/sq\/#primaryimage","url":"https:\/\/abc-office.eu\/wp-content\/uploads\/2025\/10\/6190976a-768x433-7.jpg","contentUrl":"https:\/\/abc-office.eu\/wp-content\/uploads\/2025\/10\/6190976a-768x433-7.jpg","width":768,"height":433},{"@type":"BreadcrumbList","@id":"https:\/\/abc-office.eu\/sq\/#breadcrumb","itemListElement":[{"@type":"ListItem","position":1,"name":"Accueil","item":"https:\/\/abc-office.eu\/sq\/"},{"@type":"ListItem","position":2,"name":"Kreu"}]},{"@type":"WebSite","@id":"https:\/\/abc-office.eu\/sq\/#website","url":"https:\/\/abc-office.eu\/sq\/","name":"ABC Translation","description":"info@abc-office.eu","potentialAction":[{"@type":"SearchAction","target":{"@type":"EntryPoint","urlTemplate":"https:\/\/abc-office.eu\/sq\/?s={search_term_string}"},"query-input":{"@type":"PropertyValueSpecification","valueRequired":true,"valueName":"search_term_string"}}],"inLanguage":"sq-AL"}]}},"_links":{"self":[{"href":"https:\/\/abc-office.eu\/sq\/wp-json\/wp\/v2\/pages\/228393","targetHints":{"allow":["GET"]}}],"collection":[{"href":"https:\/\/abc-office.eu\/sq\/wp-json\/wp\/v2\/pages"}],"about":[{"href":"https:\/\/abc-office.eu\/sq\/wp-json\/wp\/v2\/types\/page"}],"author":[{"embeddable":true,"href":"https:\/\/abc-office.eu\/sq\/wp-json\/wp\/v2\/users\/1"}],"replies":[{"embeddable":true,"href":"https:\/\/abc-office.eu\/sq\/wp-json\/wp\/v2\/comments?post=228393"}],"version-history":[{"count":1,"href":"https:\/\/abc-office.eu\/sq\/wp-json\/wp\/v2\/pages\/228393\/revisions"}],"predecessor-version":[{"id":228413,"href":"https:\/\/abc-office.eu\/sq\/wp-json\/wp\/v2\/pages\/228393\/revisions\/228413"}],"wp:featuredmedia":[{"embeddable":true,"href":"https:\/\/abc-office.eu\/sq\/wp-json\/wp\/v2\/media\/228394"}],"wp:attachment":[{"href":"https:\/\/abc-office.eu\/sq\/wp-json\/wp\/v2\/media?parent=228393"}],"curies":[{"name":"wp","href":"https:\/\/api.w.org\/{rel}","templated":true}]}}