{"id":231695,"date":"2024-10-28T07:52:34","date_gmt":"2024-10-28T06:52:34","guid":{"rendered":"https:\/\/abc-office.eu\/?page_id=231695"},"modified":"2025-10-30T07:17:45","modified_gmt":"2025-10-30T06:17:45","slug":"overjeni-prevajalec-afrikaanscino-ljubljana","status":"publish","type":"page","link":"https:\/\/abc-office.eu\/sl\/slovenija\/overjen-prevod-slovenija\/overjen-prevod-ljubljana\/overjeni-prevajalec-afrikaanscino-ljubljana\/","title":{"rendered":"Overjeni prevajalec afrikaan\u0161\u010dino Ljubljana"},"content":{"rendered":"<h2 data-start=\"0\" data-end=\"52\"><strong data-start=\"0\" data-end=\"50\">Overjeni prevajalec za afrikaan\u0161\u010dino Ljubljana<\/strong><\/h2>\n<p style=\"text-align: justify;\" data-start=\"54\" data-end=\"454\">Na\u0161a prevajalska agencija je specializirana za overjene in sodne prevode iz afrikan\u0161\u010dine in v afrikan\u0161\u010dino. Na\u0161i diplomirani prevajalci za afrikan\u0161\u010dino s sede\u017eem v Ljubljani lahko va\u0161o zahtevo hitro obdelajo. Potrebujemo le kopijo dokumentov, ki jih je treba prevesti (sprejemamo vse formate). Izvirniki dokumentov niso ve\u010d potrebni (Overjeni prevajalec za afrikaan\u0161\u010dino Ljubljana).<\/p>\n<ol>\n<li style=\"text-align: justify;\" data-start=\"54\" data-end=\"454\">Prvi\u010d, uporabite lahko na\u0161 e-po\u0161tni naslov (<a href=\"mailto:info@abc-office.eu\">info@abc-office.eu<\/a>), kontaktni obrazec ali na\u0161o povezavo do WhatsAppa.<\/li>\n<li style=\"text-align: justify;\" data-start=\"54\" data-end=\"454\">Drugi\u010d, navedite jezik, v katerem \u017eelite prejeti prevod, in ali \u017eelite, da je prevod overjen pri notarju in\/ali opremljen z apostilom (notarska pisarna).<\/li>\n<li style=\"text-align: justify;\" data-start=\"54\" data-end=\"454\">Tretji\u010d, eden od na\u0161ih projektnih vodij vam bo hitro poslal ponudbo, v kateri bo navedena cena in \u010das izvedbe projekta. Obi\u010dajno odgovorimo v 30 minutah. \u010ce odgovora ne prejmete v eni uri, vas prosimo, da nas pokli\u010dete.<\/li>\n<li style=\"text-align: justify;\" data-start=\"54\" data-end=\"454\">\u010cetrti\u010d, in kar je najpomembnej\u0161e \u2013 ko sprejmete ponudbo, bomo za\u010deli s postopkom prevajanja in vam bomo overjene prevode poslali po po\u0161ti. \u010ce \u017eelite prejeti tudi kopijo prevoda po e-po\u0161ti, sporo\u010dite to projektnemu vodji, in vam jo bomo poslali po e-po\u0161ti, preden vam odpo\u0161ljemo izvirnik.<\/li>\n<\/ol>\n<div class=\"flex max-w-full flex-col grow\">\n<div class=\"min-h-8 text-message relative flex w-full flex-col items-end gap-2 text-start break-words whitespace-normal [.text-message+&amp;]:mt-1\" dir=\"auto\" data-message-author-role=\"assistant\" data-message-id=\"39e3de30-539f-4c96-8620-49b5d4cc6539\" data-message-model-slug=\"gpt-5\">\n<div class=\"flex w-full flex-col gap-1 empty:hidden first:pt-[1px]\">\n<div class=\"markdown prose dark:prose-invert w-full break-words dark markdown-new-styling\">\n<p style=\"text-align: justify;\" data-start=\"1290\" data-end=\"1582\">Kar zadeva \u010dasovno izvedbo, so overjeni prevodi in\/ali legalizacije poslani po po\u0161ti, preko DHL-a ali po e-po\u0161ti v roku 2\u20133 delovnih dni. Rok izvedbe je odvisen tudi od obsega in zahtevnosti dokumentov. Na primer: enostranski dokument boste po navadi prejeli po po\u0161ti v dveh delovnih dneh.<\/p>\n<h3 data-start=\"1584\" data-end=\"1636\">Z afrikan\u0161\u010dino lahko kombiniramo naslednje jezike:<\/h3>\n<p style=\"text-align: justify;\" data-start=\"1638\" data-end=\"2539\">ajmar\u0161\u010dina, alban\u0161\u010dina, ameri\u0161ka angle\u0161\u010dina, amhar\u0161\u010dina, angle\u0161\u010dina, arab\u0161\u010dina, armen\u0161\u010dina, azerbajd\u017ean\u0161\u010dina, baskov\u0161\u010dina, beloru\u0161\u010dina, bengal\u0161\u010dina, bolgar\u0161\u010dina, bo\u0161nja\u0161\u010dina, brazilska portugal\u0161\u010dina, burman\u0161\u010dina, \u010de\u0161\u010dina, \u010drnogorski jezik, dan\u0161\u010dina, dari, eston\u0161\u010dina, even\u0161\u010dina, farsi, fin\u0161\u010dina, flam\u0161\u010dina, ful\u0161\u010dina, gr\u0161\u010dina, gruzin\u0161\u010dina, gvaranij\u0161\u010dina, hebrej\u0161\u010dina, hinduj\u0161\u010dina, hrva\u0161\u010dina, indonezij\u0161\u010dina, iran\u0161\u010dina, italijan\u0161\u010dina, japon\u0161\u010dina, kanton\u0161\u010dina, kastilj\u0161\u010dina, katalon\u0161\u010dina, kaza\u0161\u010dina, ke\u010duan\u0161\u010dina, kirgi\u0161\u010dina, kitaj\u0161\u010dina, kmer\u0161\u010dina, korej\u0161\u010dina, kurd\u0161\u010dina, lao\u0161\u010dina, latvij\u0161\u010dina, lingala, litov\u0161\u010dina, mad\u017ear\u0161\u010dina, makedon\u0161\u010dina, malajal\u0161\u010dina, malaj\u0161\u010dina, mandar\u0161\u010dina, moldav\u0161\u010dina, mongol\u0161\u010dina, nem\u0161\u010dina, norve\u0161\u010dina, pand\u017eabi, pa\u0161tu, poenostavljena kitaj\u0161\u010dina, polj\u0161\u010dina, portugal\u0161\u010dina, romun\u0161\u010dina, ru\u0161\u010dina, singal\u0161\u010dina, slova\u0161\u010dina, sloven\u0161\u010dina, srb\u0161\u010dina, \u0161ved\u0161\u010dina, taj\u0161\u010dina, tamil\u0161\u010dina, tradicionalna kitaj\u0161\u010dina, turkmen\u0161\u010dina, tur\u0161\u010dina, ukrajin\u0161\u010dina, urduj\u0161\u010dina, uzbe\u0161\u010dina, vietnam\u0161\u010dina, vietnam\u0161\u010dina<\/p>\n<h3 data-start=\"2541\" data-end=\"2577\">Tukaj je neiz\u010drpen seznam dokumentov:<\/h3>\n<p style=\"text-align: justify;\" data-start=\"2579\" data-end=\"2955\">rojstni list, poro\u010dni list, potrdilo o osebnem stanju, potrdilo, patent, kazenska evidenca, listina, potrdilo o samskem stanju, mrli\u0161ki list, dru\u017einsko potrdilo, potrdilo o zaposlitvi, dav\u010dna napoved, diploma, potni list, vozni\u0161ko dovoljenje, oporoka, viza, pogodba, razvezna pogodba, zakonska pogodba, sodba, postopek, pooblastilo, zapisnik<\/p>\n<h3 data-start=\"2957\" data-end=\"3053\">Najpogostej\u0161e vrste overitev\/legalizacij (Overjeni prevajalec za afrikaan\u0161\u010dino Ljubljana):<\/h3>\n<ul>\n<li style=\"text-align: justify;\" data-start=\"3056\" data-end=\"3118\"><strong data-start=\"3056\" data-end=\"3075\">Overjen prevod:<\/strong> prevod izdamo z na\u0161im \u017eigom in podpisom.<\/li>\n<li style=\"text-align: justify;\"><strong>Sodno overjen prevod:<\/strong> v Sloveniji ga lahko opravi samo sodni tolma\u010d, ki ga imenuje Ministrstvo za pravosodje Republike Slovenije. Tak prevod vklju\u010duje uradni \u017eig in podpis sodnega tolma\u010da, s \u010dimer se potrdi, da je prevod popolnoma zvest izvirniku. Dokument je pravno veljaven za uporabo pri sodi\u0161\u010dih, notarjih, dr\u017eavnih institucijah ter v tujini (po potrebi z dodatno legalizacijo ali apostilom). Na\u0161a agencija poskrbi za hiter in natan\u010den sodno overjen prevod vseh vrst dokumentov \u2013 od rojstnih listov in diplom do pogodb in sodnih odlo\u010db \u2013 ki jih nato lahko legaliziramo ali opremimo z apostilom, \u010de so namenjeni za uporabo v tujini.<\/li>\n<li style=\"text-align: justify;\" data-start=\"3121\" data-end=\"3193\"><strong>Overjen prevod:<\/strong> notar overi podpis prevajalca na prevodu.<\/li>\n<li style=\"text-align: justify;\" data-start=\"3196\" data-end=\"3260\"><strong data-start=\"3196\" data-end=\"3219\">Prevod z apostilom:<\/strong> kanclerstvo legalizira podpis notarja.<\/li>\n<li style=\"text-align: justify;\" data-start=\"3263\" data-end=\"3389\"><strong data-start=\"3263\" data-end=\"3320\">Prevod, legaliziran na veleposlani\u0161tvu ali konzulatu:<\/strong> poskrbimo za kon\u010dno legalizacijo na veleposlani\u0161tvu ali konzulatu.<\/li>\n<\/ul>\n<p style=\"text-align: justify;\" data-start=\"3391\" data-end=\"3680\">Z ustrezno overitvijo bodo prevodi pravno veljavni v Sloveniji in tujini. \u010ce imate vpra\u0161anja glede vrste overitve, ki jo potrebujete za svoje dokumente, kontaktirajte na\u0161o ekipo \u2013 z veseljem vas bomo vodili skozi celoten postopek (overjeni prevajalec afrikaan\u0161\u010dino Ljubljana).<\/p>\n<p style=\"text-align: justify;\" data-start=\"3682\" data-end=\"3715\">Veselimo se sodelovanja z vami.<\/p>\n<p style=\"text-align: justify;\" data-start=\"3717\" data-end=\"3740\" data-is-last-node=\"\" data-is-only-node=\"\"><a href=\"https:\/\/abc-office.eu\/sl\/\"><strong data-start=\"3717\" data-end=\"3740\" data-is-last-node=\"\">ABC Translation LLC<\/strong><\/a><\/p>\n<p data-start=\"3717\" data-end=\"3740\" data-is-last-node=\"\" data-is-only-node=\"\"><img loading=\"lazy\" decoding=\"async\" class=\"aligncenter wp-image-271\" src=\"https:\/\/abc-office.ch\/wp-content\/uploads\/2018\/06\/imageedit_1_6241191614.gif\" alt=\"Overjeni prevajalec afrikaan\u0161\u010dino Ljubljana\" width=\"437\" height=\"437\" \/><\/p>\n<\/div>\n<\/div>\n<\/div>\n<\/div>\n","protected":false},"excerpt":{"rendered":"<p>Overjeni prevajalec za afrikaan\u0161\u010dino Ljubljana Na\u0161a prevajalska agencija je specializirana za overjene in sodne prevode iz afrikan\u0161\u010dine in v afrikan\u0161\u010dino. Na\u0161i diplomirani prevajalci za afrikan\u0161\u010dino s sede\u017eem v Ljubljani lahko va\u0161o zahtevo hitro obdelajo. Potrebujemo le kopijo dokumentov, ki jih je treba prevesti (sprejemamo vse formate). Izvirniki dokumentov niso ve\u010d potrebni (Overjeni prevajalec za afrikaan\u0161\u010dino&#8230;<\/p>\n","protected":false},"author":1,"featured_media":231696,"parent":231662,"menu_order":0,"comment_status":"closed","ping_status":"closed","template":"","meta":{"sfsi_plus_gutenberg_text_before_share":"","sfsi_plus_gutenberg_show_text_before_share":"","sfsi_plus_gutenberg_icon_type":"","sfsi_plus_gutenberg_icon_alignemt":"","sfsi_plus_gutenburg_max_per_row":"","footnotes":""},"class_list":["post-231695","page","type-page","status-publish","has-post-thumbnail","hentry"],"yoast_head":"<!-- This site is optimized with the Yoast SEO plugin v23.8 - https:\/\/yoast.com\/wordpress\/plugins\/seo\/ -->\n<title>Overjeni prevajalec afrikaan\u0161\u010dino Ljubljana | Sodni tolma\u010d<\/title>\n<meta name=\"description\" content=\"ABC Translation | Overjeni prevajalec afrikaan\u0161\u010dino Ljubljana | Sodni tolma\u010d za afrikaan\u0161\u010dino Ljubljana | Uradni prevajalec za afrikaan\u0161\u010dino\" \/>\n<meta name=\"robots\" content=\"index, follow, max-snippet:-1, max-image-preview:large, max-video-preview:-1\" \/>\n<link rel=\"canonical\" href=\"https:\/\/abc-office.eu\/sl\/slovenija\/overjen-prevod-slovenija\/overjen-prevod-ljubljana\/overjeni-prevajalec-afrikaanscino-ljubljana\/\" \/>\n<meta property=\"og:locale\" content=\"sl_SI\" \/>\n<meta property=\"og:type\" content=\"article\" \/>\n<meta property=\"og:title\" content=\"Overjeni prevajalec afrikaan\u0161\u010dino Ljubljana | Sodni tolma\u010d\" \/>\n<meta property=\"og:description\" content=\"ABC Translation | Overjeni prevajalec afrikaan\u0161\u010dino Ljubljana | Sodni tolma\u010d za afrikaan\u0161\u010dino Ljubljana | Uradni prevajalec za afrikaan\u0161\u010dino\" \/>\n<meta property=\"og:url\" content=\"https:\/\/abc-office.eu\/sl\/slovenija\/overjen-prevod-slovenija\/overjen-prevod-ljubljana\/overjeni-prevajalec-afrikaanscino-ljubljana\/\" \/>\n<meta property=\"og:site_name\" content=\"ABC Translation\" \/>\n<meta property=\"article:modified_time\" content=\"2025-10-30T06:17:45+00:00\" \/>\n<meta property=\"og:image\" content=\"https:\/\/abc-office.eu\/wp-content\/uploads\/2025\/10\/Afrikaans-13.jpg\" \/>\n\t<meta property=\"og:image:width\" content=\"669\" \/>\n\t<meta property=\"og:image:height\" content=\"491\" \/>\n\t<meta property=\"og:image:type\" content=\"image\/jpeg\" \/>\n<meta name=\"twitter:card\" content=\"summary_large_image\" \/>\n<meta name=\"twitter:label1\" content=\"Est. reading time\" \/>\n\t<meta name=\"twitter:data1\" content=\"3 minute\" \/>\n<script type=\"application\/ld+json\" class=\"yoast-schema-graph\">{\"@context\":\"https:\/\/schema.org\",\"@graph\":[{\"@type\":\"WebPage\",\"@id\":\"https:\/\/abc-office.eu\/sl\/slovenija\/overjen-prevod-slovenija\/overjen-prevod-ljubljana\/overjeni-prevajalec-afrikaanscino-ljubljana\/\",\"url\":\"https:\/\/abc-office.eu\/sl\/slovenija\/overjen-prevod-slovenija\/overjen-prevod-ljubljana\/overjeni-prevajalec-afrikaanscino-ljubljana\/\",\"name\":\"Overjeni prevajalec afrikaan\u0161\u010dino Ljubljana | Sodni tolma\u010d\",\"isPartOf\":{\"@id\":\"https:\/\/abc-office.eu\/sl\/#website\"},\"primaryImageOfPage\":{\"@id\":\"https:\/\/abc-office.eu\/sl\/slovenija\/overjen-prevod-slovenija\/overjen-prevod-ljubljana\/overjeni-prevajalec-afrikaanscino-ljubljana\/#primaryimage\"},\"image\":{\"@id\":\"https:\/\/abc-office.eu\/sl\/slovenija\/overjen-prevod-slovenija\/overjen-prevod-ljubljana\/overjeni-prevajalec-afrikaanscino-ljubljana\/#primaryimage\"},\"thumbnailUrl\":\"https:\/\/abc-office.eu\/wp-content\/uploads\/2025\/10\/Afrikaans-13.jpg\",\"datePublished\":\"2024-10-28T06:52:34+00:00\",\"dateModified\":\"2025-10-30T06:17:45+00:00\",\"description\":\"ABC Translation | Overjeni prevajalec afrikaan\u0161\u010dino Ljubljana | Sodni tolma\u010d za afrikaan\u0161\u010dino Ljubljana | Uradni prevajalec za afrikaan\u0161\u010dino\",\"breadcrumb\":{\"@id\":\"https:\/\/abc-office.eu\/sl\/slovenija\/overjen-prevod-slovenija\/overjen-prevod-ljubljana\/overjeni-prevajalec-afrikaanscino-ljubljana\/#breadcrumb\"},\"inLanguage\":\"sl-SI\",\"potentialAction\":[{\"@type\":\"ReadAction\",\"target\":[\"https:\/\/abc-office.eu\/sl\/slovenija\/overjen-prevod-slovenija\/overjen-prevod-ljubljana\/overjeni-prevajalec-afrikaanscino-ljubljana\/\"]}]},{\"@type\":\"ImageObject\",\"inLanguage\":\"sl-SI\",\"@id\":\"https:\/\/abc-office.eu\/sl\/slovenija\/overjen-prevod-slovenija\/overjen-prevod-ljubljana\/overjeni-prevajalec-afrikaanscino-ljubljana\/#primaryimage\",\"url\":\"https:\/\/abc-office.eu\/wp-content\/uploads\/2025\/10\/Afrikaans-13.jpg\",\"contentUrl\":\"https:\/\/abc-office.eu\/wp-content\/uploads\/2025\/10\/Afrikaans-13.jpg\",\"width\":669,\"height\":491},{\"@type\":\"BreadcrumbList\",\"@id\":\"https:\/\/abc-office.eu\/sl\/slovenija\/overjen-prevod-slovenija\/overjen-prevod-ljubljana\/overjeni-prevajalec-afrikaanscino-ljubljana\/#breadcrumb\",\"itemListElement\":[{\"@type\":\"ListItem\",\"position\":1,\"name\":\"Accueil\",\"item\":\"https:\/\/abc-office.eu\/sl\/\"},{\"@type\":\"ListItem\",\"position\":2,\"name\":\"Slovenija\",\"item\":\"https:\/\/abc-office.eu\/sl\/slovenija\/\"},{\"@type\":\"ListItem\",\"position\":3,\"name\":\"Overjen prevod Slovenija\",\"item\":\"https:\/\/abc-office.eu\/sl\/slovenija\/overjen-prevod-slovenija\/\"},{\"@type\":\"ListItem\",\"position\":4,\"name\":\"Overjen prevod Ljubljana\",\"item\":\"https:\/\/abc-office.eu\/sl\/slovenija\/overjen-prevod-slovenija\/overjen-prevod-ljubljana\/\"},{\"@type\":\"ListItem\",\"position\":5,\"name\":\"Overjeni prevajalec afrikaan\u0161\u010dino Ljubljana\"}]},{\"@type\":\"WebSite\",\"@id\":\"https:\/\/abc-office.eu\/sl\/#website\",\"url\":\"https:\/\/abc-office.eu\/sl\/\",\"name\":\"ABC Translation\",\"description\":\"info@abc-office.eu\",\"potentialAction\":[{\"@type\":\"SearchAction\",\"target\":{\"@type\":\"EntryPoint\",\"urlTemplate\":\"https:\/\/abc-office.eu\/sl\/?s={search_term_string}\"},\"query-input\":{\"@type\":\"PropertyValueSpecification\",\"valueRequired\":true,\"valueName\":\"search_term_string\"}}],\"inLanguage\":\"sl-SI\"}]}<\/script>\n<!-- \/ Yoast SEO plugin. -->","yoast_head_json":{"title":"Overjeni prevajalec afrikaan\u0161\u010dino Ljubljana | Sodni tolma\u010d","description":"ABC Translation | Overjeni prevajalec afrikaan\u0161\u010dino Ljubljana | Sodni tolma\u010d za afrikaan\u0161\u010dino Ljubljana | Uradni prevajalec za afrikaan\u0161\u010dino","robots":{"index":"index","follow":"follow","max-snippet":"max-snippet:-1","max-image-preview":"max-image-preview:large","max-video-preview":"max-video-preview:-1"},"canonical":"https:\/\/abc-office.eu\/sl\/slovenija\/overjen-prevod-slovenija\/overjen-prevod-ljubljana\/overjeni-prevajalec-afrikaanscino-ljubljana\/","og_locale":"sl_SI","og_type":"article","og_title":"Overjeni prevajalec afrikaan\u0161\u010dino Ljubljana | Sodni tolma\u010d","og_description":"ABC Translation | Overjeni prevajalec afrikaan\u0161\u010dino Ljubljana | Sodni tolma\u010d za afrikaan\u0161\u010dino Ljubljana | Uradni prevajalec za afrikaan\u0161\u010dino","og_url":"https:\/\/abc-office.eu\/sl\/slovenija\/overjen-prevod-slovenija\/overjen-prevod-ljubljana\/overjeni-prevajalec-afrikaanscino-ljubljana\/","og_site_name":"ABC Translation","article_modified_time":"2025-10-30T06:17:45+00:00","og_image":[{"width":669,"height":491,"url":"https:\/\/abc-office.eu\/wp-content\/uploads\/2025\/10\/Afrikaans-13.jpg","type":"image\/jpeg"}],"twitter_card":"summary_large_image","twitter_misc":{"Est. reading time":"3 minute"},"schema":{"@context":"https:\/\/schema.org","@graph":[{"@type":"WebPage","@id":"https:\/\/abc-office.eu\/sl\/slovenija\/overjen-prevod-slovenija\/overjen-prevod-ljubljana\/overjeni-prevajalec-afrikaanscino-ljubljana\/","url":"https:\/\/abc-office.eu\/sl\/slovenija\/overjen-prevod-slovenija\/overjen-prevod-ljubljana\/overjeni-prevajalec-afrikaanscino-ljubljana\/","name":"Overjeni prevajalec afrikaan\u0161\u010dino Ljubljana | Sodni tolma\u010d","isPartOf":{"@id":"https:\/\/abc-office.eu\/sl\/#website"},"primaryImageOfPage":{"@id":"https:\/\/abc-office.eu\/sl\/slovenija\/overjen-prevod-slovenija\/overjen-prevod-ljubljana\/overjeni-prevajalec-afrikaanscino-ljubljana\/#primaryimage"},"image":{"@id":"https:\/\/abc-office.eu\/sl\/slovenija\/overjen-prevod-slovenija\/overjen-prevod-ljubljana\/overjeni-prevajalec-afrikaanscino-ljubljana\/#primaryimage"},"thumbnailUrl":"https:\/\/abc-office.eu\/wp-content\/uploads\/2025\/10\/Afrikaans-13.jpg","datePublished":"2024-10-28T06:52:34+00:00","dateModified":"2025-10-30T06:17:45+00:00","description":"ABC Translation | Overjeni prevajalec afrikaan\u0161\u010dino Ljubljana | Sodni tolma\u010d za afrikaan\u0161\u010dino Ljubljana | Uradni prevajalec za afrikaan\u0161\u010dino","breadcrumb":{"@id":"https:\/\/abc-office.eu\/sl\/slovenija\/overjen-prevod-slovenija\/overjen-prevod-ljubljana\/overjeni-prevajalec-afrikaanscino-ljubljana\/#breadcrumb"},"inLanguage":"sl-SI","potentialAction":[{"@type":"ReadAction","target":["https:\/\/abc-office.eu\/sl\/slovenija\/overjen-prevod-slovenija\/overjen-prevod-ljubljana\/overjeni-prevajalec-afrikaanscino-ljubljana\/"]}]},{"@type":"ImageObject","inLanguage":"sl-SI","@id":"https:\/\/abc-office.eu\/sl\/slovenija\/overjen-prevod-slovenija\/overjen-prevod-ljubljana\/overjeni-prevajalec-afrikaanscino-ljubljana\/#primaryimage","url":"https:\/\/abc-office.eu\/wp-content\/uploads\/2025\/10\/Afrikaans-13.jpg","contentUrl":"https:\/\/abc-office.eu\/wp-content\/uploads\/2025\/10\/Afrikaans-13.jpg","width":669,"height":491},{"@type":"BreadcrumbList","@id":"https:\/\/abc-office.eu\/sl\/slovenija\/overjen-prevod-slovenija\/overjen-prevod-ljubljana\/overjeni-prevajalec-afrikaanscino-ljubljana\/#breadcrumb","itemListElement":[{"@type":"ListItem","position":1,"name":"Accueil","item":"https:\/\/abc-office.eu\/sl\/"},{"@type":"ListItem","position":2,"name":"Slovenija","item":"https:\/\/abc-office.eu\/sl\/slovenija\/"},{"@type":"ListItem","position":3,"name":"Overjen prevod Slovenija","item":"https:\/\/abc-office.eu\/sl\/slovenija\/overjen-prevod-slovenija\/"},{"@type":"ListItem","position":4,"name":"Overjen prevod Ljubljana","item":"https:\/\/abc-office.eu\/sl\/slovenija\/overjen-prevod-slovenija\/overjen-prevod-ljubljana\/"},{"@type":"ListItem","position":5,"name":"Overjeni prevajalec afrikaan\u0161\u010dino Ljubljana"}]},{"@type":"WebSite","@id":"https:\/\/abc-office.eu\/sl\/#website","url":"https:\/\/abc-office.eu\/sl\/","name":"ABC Translation","description":"info@abc-office.eu","potentialAction":[{"@type":"SearchAction","target":{"@type":"EntryPoint","urlTemplate":"https:\/\/abc-office.eu\/sl\/?s={search_term_string}"},"query-input":{"@type":"PropertyValueSpecification","valueRequired":true,"valueName":"search_term_string"}}],"inLanguage":"sl-SI"}]}},"_links":{"self":[{"href":"https:\/\/abc-office.eu\/sl\/wp-json\/wp\/v2\/pages\/231695","targetHints":{"allow":["GET"]}}],"collection":[{"href":"https:\/\/abc-office.eu\/sl\/wp-json\/wp\/v2\/pages"}],"about":[{"href":"https:\/\/abc-office.eu\/sl\/wp-json\/wp\/v2\/types\/page"}],"author":[{"embeddable":true,"href":"https:\/\/abc-office.eu\/sl\/wp-json\/wp\/v2\/users\/1"}],"replies":[{"embeddable":true,"href":"https:\/\/abc-office.eu\/sl\/wp-json\/wp\/v2\/comments?post=231695"}],"version-history":[{"count":3,"href":"https:\/\/abc-office.eu\/sl\/wp-json\/wp\/v2\/pages\/231695\/revisions"}],"predecessor-version":[{"id":233035,"href":"https:\/\/abc-office.eu\/sl\/wp-json\/wp\/v2\/pages\/231695\/revisions\/233035"}],"up":[{"embeddable":true,"href":"https:\/\/abc-office.eu\/sl\/wp-json\/wp\/v2\/pages\/231662"}],"wp:featuredmedia":[{"embeddable":true,"href":"https:\/\/abc-office.eu\/sl\/wp-json\/wp\/v2\/media\/231696"}],"wp:attachment":[{"href":"https:\/\/abc-office.eu\/sl\/wp-json\/wp\/v2\/media?parent=231695"}],"curies":[{"name":"wp","href":"https:\/\/api.w.org\/{rel}","templated":true}]}}