{"id":231662,"date":"2024-10-28T07:48:05","date_gmt":"2024-10-28T06:48:05","guid":{"rendered":"https:\/\/abc-office.eu\/?page_id=231662"},"modified":"2025-10-30T07:11:36","modified_gmt":"2025-10-30T06:11:36","slug":"overjen-prevod-ljubljana","status":"publish","type":"page","link":"https:\/\/abc-office.eu\/sl\/slovenija\/overjen-prevod-slovenija\/overjen-prevod-ljubljana\/","title":{"rendered":"Overjen prevod Ljubljana"},"content":{"rendered":"<h2 data-start=\"0\" data-end=\"30\"><strong data-start=\"0\" data-end=\"28\">Overjen prevod Ljubljana<\/strong><\/h2>\n<p style=\"text-align: justify;\" data-start=\"32\" data-end=\"372\">Na\u0161a prevajalska agencija je specializirana za <strong data-start=\"79\" data-end=\"108\">overjene in sodne prevode<\/strong> v ve\u010d kot 80 jezikih. Na\u0161a ekipa s sede\u017eem v <strong data-start=\"154\" data-end=\"167\">Ljubljani<\/strong> lahko va\u0161o zahtevo obdela hitro in u\u010dinkovito. Potrebujemo le <strong data-start=\"230\" data-end=\"251\">kopijo dokumentov<\/strong>, ki jih je treba prevesti (sprejemamo vse formate). Izvirniki dokumentov niso ve\u010d potrebni (overjen prevod Ljubljana).<\/p>\n<ol>\n<li style=\"text-align: justify;\" data-start=\"32\" data-end=\"372\">Prvi\u010d, uporabite lahko na\u0161 e-po\u0161tni naslov (<a href=\"mailto:info@abc-office.eu\">info@abc-office.eu<\/a>), kontaktni obrazec ali na\u0161o povezavo do WhatsAppa.<\/li>\n<li style=\"text-align: justify;\" data-start=\"32\" data-end=\"372\">Drugi\u010d, navedite jezik, v katerem \u017eelite prejeti prevod, in ali \u017eelite, da je prevod overjen pri notarju in\/ali opremljen z apostilom (kanclerstvo).<\/li>\n<li style=\"text-align: justify;\" data-start=\"32\" data-end=\"372\">Tretji\u010d, eden od na\u0161ih projektnih vodij vam bo hitro poslal ponudbo, v kateri bo navedena cena in rok izvedbe za ta projekt. Obi\u010dajno odgovorimo v 30 minutah. \u010ce odgovora ne prejmete v eni uri, vas prosimo, da nas pokli\u010dete.<\/li>\n<li style=\"text-align: justify;\" data-start=\"32\" data-end=\"372\">\u010cetrti\u010d, in kar je najpomembnej\u0161e \u2013 ko sprejmete ponudbo, bomo za\u010deli postopek prevajanja in vam overjene prevode poslali po po\u0161ti. \u010ce \u017eelite prejeti tudi kopijo prevoda po e-po\u0161ti, to sporo\u010dite projektnemu vodji, in vam jo bomo poslali \u0161e pred po\u0161iljanjem izvirnika.<\/li>\n<\/ol>\n<div class=\"flex max-w-full flex-col grow\">\n<div class=\"min-h-8 text-message relative flex w-full flex-col items-end gap-2 text-start break-words whitespace-normal [.text-message+&amp;]:mt-1\" dir=\"auto\" data-message-author-role=\"assistant\" data-message-id=\"a4fa1a6c-1fac-4ca5-b86e-7542911368ce\" data-message-model-slug=\"gpt-5\">\n<div class=\"flex w-full flex-col gap-1 empty:hidden first:pt-[1px]\">\n<div class=\"markdown prose dark:prose-invert w-full break-words dark markdown-new-styling\">\n<p style=\"text-align: justify;\" data-start=\"1213\" data-end=\"1505\">Kar zadeva \u010dasovno izvedbo, so overjeni prevodi in\/ali legalizacije poslani po po\u0161ti, preko DHL-a ali po e-po\u0161ti v roku 2\u20133 delovnih dni. Rok izvedbe je odvisen tudi od obsega in zahtevnosti dokumentov. Na primer: enostranski dokument boste po navadi prejeli po po\u0161ti v dveh delovnih dneh.<\/p>\n<h3 data-start=\"1507\" data-end=\"1542\"><strong data-start=\"1507\" data-end=\"1540\">Seznam na\u0161ih glavnih jezikov:<\/strong><\/h3>\n<p style=\"text-align: justify;\" data-start=\"1544\" data-end=\"2460\">afrikan\u0161\u010dina | ajmar\u0161\u010dina | alban\u0161\u010dina | ameri\u0161ka angle\u0161\u010dina | amhar\u0161\u010dina | angle\u0161\u010dina | arab\u0161\u010dina | armen\u0161\u010dina | azerbajd\u017ean\u0161\u010dina | baskov\u0161\u010dina | beloru\u0161\u010dina | bengal\u0161\u010dina | bolgar\u0161\u010dina | bo\u0161nja\u0161\u010dina | brazilska portugal\u0161\u010dina | burman\u0161\u010dina | \u010de\u0161\u010dina | \u010drnogorski jezik | dan\u0161\u010dina | dari | eston\u0161\u010dina | even\u0161\u010dina | farsi | fin\u0161\u010dina | flam\u0161\u010dina | ful\u0161\u010dina | gr\u0161\u010dina | gruzin\u0161\u010dina | gvaranij\u0161\u010dina | hebrej\u0161\u010dina | hinduj\u0161\u010dina | hrva\u0161\u010dina | indonezij\u0161\u010dina | iran\u0161\u010dina | italijan\u0161\u010dina | japon\u0161\u010dina | kanton\u0161\u010dina | kastilj\u0161\u010dina | katalon\u0161\u010dina | kaza\u0161\u010dina | ke\u010duan\u0161\u010dina | kirgi\u0161\u010dina | kitaj\u0161\u010dina | kmer\u0161\u010dina | korej\u0161\u010dina | kurd\u0161\u010dina | lao\u0161\u010dina | latvij\u0161\u010dina | lingala | litov\u0161\u010dina | mad\u017ear\u0161\u010dina | makedon\u0161\u010dina | malajal\u0161\u010dina | malaj\u0161\u010dina | mandar\u0161\u010dina | moldav\u0161\u010dina | mongol\u0161\u010dina | nem\u0161\u010dina | norve\u0161\u010dina | pand\u017eabi | pa\u0161tu | poenostavljena kitaj\u0161\u010dina | polj\u0161\u010dina | portugal\u0161\u010dina | romun\u0161\u010dina | ru\u0161\u010dina | singal\u0161\u010dina | slova\u0161\u010dina | sloven\u0161\u010dina | srb\u0161\u010dina | \u0161ved\u0161\u010dina | taj\u0161\u010dina | tamil\u0161\u010dina | tradicionalna kitaj\u0161\u010dina | turkmen\u0161\u010dina | tur\u0161\u010dina | ukrajin\u0161\u010dina | urduj\u0161\u010dina | uzbe\u0161\u010dina | vietnam\u0161\u010dina<\/p>\n<h3 data-start=\"2462\" data-end=\"2498\">Tukaj je neiz\u010drpen seznam dokumentov:<\/h3>\n<p style=\"text-align: justify;\" data-start=\"2500\" data-end=\"2876\">rojstni list, poro\u010dni list, potrdilo o osebnem stanju, potrdilo, patent, kazenska evidenca, listina, potrdilo o samskem stanju, mrli\u0161ki list, dru\u017einsko potrdilo, potrdilo o zaposlitvi, dav\u010dna napoved, diploma, potni list, vozni\u0161ko dovoljenje, oporoka, viza, pogodba, razvezna pogodba, zakonska pogodba, sodba, postopek, pooblastilo, zapisnik<\/p>\n<h3 data-start=\"2878\" data-end=\"2952\">Najpogostej\u0161e vrste overitev\/legalizacij (overjen prevod Ljubljana):<\/h3>\n<ul>\n<li style=\"text-align: justify;\" data-start=\"2955\" data-end=\"3017\"><strong data-start=\"2955\" data-end=\"2974\">Overjen prevod:<\/strong> prevod izdamo z na\u0161im \u017eigom in podpisom.<\/li>\n<li style=\"text-align: justify;\"><strong>Sodno overjen prevod:<\/strong> v Sloveniji ga lahko opravi samo sodni tolma\u010d, ki ga imenuje Ministrstvo za pravosodje Republike Slovenije. Tak prevod vklju\u010duje uradni \u017eig in podpis sodnega tolma\u010da, s \u010dimer se potrdi, da je prevod popolnoma zvest izvirniku. Dokument je pravno veljaven za uporabo pri sodi\u0161\u010dih, notarjih, dr\u017eavnih institucijah ter v tujini (po potrebi z dodatno legalizacijo ali apostilom). Na\u0161a agencija poskrbi za hiter in natan\u010den sodno overjen prevod vseh vrst dokumentov \u2013 od rojstnih listov in diplom do pogodb in sodnih odlo\u010db \u2013 ki jih nato lahko legaliziramo ali opremimo z apostilom, \u010de so namenjeni za uporabo v tujini.<\/li>\n<li style=\"text-align: justify;\" data-start=\"3020\" data-end=\"3092\"><strong>Overjen prevod:<\/strong> notar overi podpis prevajalca na prevodu.<\/li>\n<li style=\"text-align: justify;\" data-start=\"3095\" data-end=\"3159\"><strong data-start=\"3095\" data-end=\"3118\">Prevod z apostilom:<\/strong> kanclerstvo legalizira podpis notarja.<\/li>\n<li style=\"text-align: justify;\"><strong data-start=\"3237\" data-end=\"3293\">Prevod legaliziran na veleposlani\u0161tvu ali konzulatu:<\/strong> veleposlani\u0161tvo ali konzulat legalizira prevod za uporabo v tujini.<\/li>\n<\/ul>\n<p style=\"text-align: justify;\" data-start=\"3161\" data-end=\"3448\">Z ustrezno overitvijo bodo na\u0161i prevodi <strong data-start=\"3201\" data-end=\"3242\">pravno veljavni v Sloveniji in tujini<\/strong>. \u010ce imate vpra\u0161anja glede vrste overitve, ki jo potrebujete za svoje dokumente, <strong data-start=\"3323\" data-end=\"3367\">ne odla\u0161ajte in kontaktirajte na\u0161o ekipo<\/strong>. Z veseljem vas bomo vodili skozi celoten postopek (overjen prevod Ljubljana).<\/p>\n<p style=\"text-align: justify;\" data-start=\"3450\" data-end=\"3483\">Veselimo se sodelovanja z vami.<\/p>\n<p style=\"text-align: justify;\" data-start=\"3485\" data-end=\"3508\" data-is-last-node=\"\" data-is-only-node=\"\"><a href=\"https:\/\/abc-office.eu\/sl\/\"><strong data-start=\"3485\" data-end=\"3508\" data-is-last-node=\"\">ABC Translation LLC<\/strong><\/a><\/p>\n<p data-start=\"3485\" data-end=\"3508\" data-is-last-node=\"\" data-is-only-node=\"\"><img loading=\"lazy\" decoding=\"async\" class=\"aligncenter wp-image-271\" src=\"https:\/\/abc-office.ch\/wp-content\/uploads\/2018\/06\/imageedit_1_6241191614.gif\" alt=\"Overjen prevod Ljubljana\" width=\"437\" height=\"437\" \/><\/p>\n<\/div>\n<\/div>\n<\/div>\n<\/div>\n","protected":false},"excerpt":{"rendered":"<p>Overjen prevod Ljubljana Na\u0161a prevajalska agencija je specializirana za overjene in sodne prevode v ve\u010d kot 80 jezikih. Na\u0161a ekipa s sede\u017eem v Ljubljani lahko va\u0161o zahtevo obdela hitro in u\u010dinkovito. Potrebujemo le kopijo dokumentov, ki jih je treba prevesti (sprejemamo vse formate). Izvirniki dokumentov niso ve\u010d potrebni (overjen prevod Ljubljana). Prvi\u010d, uporabite lahko na\u0161&#8230;<\/p>\n","protected":false},"author":1,"featured_media":231663,"parent":231635,"menu_order":0,"comment_status":"closed","ping_status":"closed","template":"","meta":{"sfsi_plus_gutenberg_text_before_share":"","sfsi_plus_gutenberg_show_text_before_share":"","sfsi_plus_gutenberg_icon_type":"","sfsi_plus_gutenberg_icon_alignemt":"","sfsi_plus_gutenburg_max_per_row":"","footnotes":""},"class_list":["post-231662","page","type-page","status-publish","has-post-thumbnail","hentry"],"yoast_head":"<!-- This site is optimized with the Yoast SEO plugin v23.8 - https:\/\/yoast.com\/wordpress\/plugins\/seo\/ -->\n<title>Overjen prevod Ljubljana | Sodno overjen prevod Ljubljana<\/title>\n<meta name=\"description\" content=\"ABC Translation | Overjen prevod Ljubljana | Sodni tolma\u010d Ljubljana | Uradni prevod Ljubljana | Overjeno pri notarju\" \/>\n<meta name=\"robots\" content=\"index, follow, max-snippet:-1, max-image-preview:large, max-video-preview:-1\" \/>\n<link rel=\"canonical\" href=\"https:\/\/abc-office.eu\/sl\/slovenija\/overjen-prevod-slovenija\/overjen-prevod-ljubljana\/\" \/>\n<meta property=\"og:locale\" content=\"sl_SI\" \/>\n<meta property=\"og:type\" content=\"article\" \/>\n<meta property=\"og:title\" content=\"Overjen prevod Ljubljana | Sodno overjen prevod Ljubljana\" \/>\n<meta property=\"og:description\" content=\"ABC Translation | Overjen prevod Ljubljana | Sodni tolma\u010d Ljubljana | Uradni prevod Ljubljana | Overjeno pri notarju\" \/>\n<meta property=\"og:url\" content=\"https:\/\/abc-office.eu\/sl\/slovenija\/overjen-prevod-slovenija\/overjen-prevod-ljubljana\/\" \/>\n<meta property=\"og:site_name\" content=\"ABC Translation\" \/>\n<meta property=\"article:modified_time\" content=\"2025-10-30T06:11:36+00:00\" \/>\n<meta property=\"og:image\" content=\"https:\/\/abc-office.eu\/wp-content\/uploads\/2025\/10\/Ljubljana-1-768x512-1.jpg\" \/>\n\t<meta property=\"og:image:width\" content=\"768\" \/>\n\t<meta property=\"og:image:height\" content=\"512\" \/>\n\t<meta property=\"og:image:type\" content=\"image\/jpeg\" \/>\n<meta name=\"twitter:card\" content=\"summary_large_image\" \/>\n<meta name=\"twitter:label1\" content=\"Est. reading time\" \/>\n\t<meta name=\"twitter:data1\" content=\"4 minute\" \/>\n<script type=\"application\/ld+json\" class=\"yoast-schema-graph\">{\"@context\":\"https:\/\/schema.org\",\"@graph\":[{\"@type\":\"WebPage\",\"@id\":\"https:\/\/abc-office.eu\/sl\/slovenija\/overjen-prevod-slovenija\/overjen-prevod-ljubljana\/\",\"url\":\"https:\/\/abc-office.eu\/sl\/slovenija\/overjen-prevod-slovenija\/overjen-prevod-ljubljana\/\",\"name\":\"Overjen prevod Ljubljana | Sodno overjen prevod Ljubljana\",\"isPartOf\":{\"@id\":\"https:\/\/abc-office.eu\/sl\/#website\"},\"primaryImageOfPage\":{\"@id\":\"https:\/\/abc-office.eu\/sl\/slovenija\/overjen-prevod-slovenija\/overjen-prevod-ljubljana\/#primaryimage\"},\"image\":{\"@id\":\"https:\/\/abc-office.eu\/sl\/slovenija\/overjen-prevod-slovenija\/overjen-prevod-ljubljana\/#primaryimage\"},\"thumbnailUrl\":\"https:\/\/abc-office.eu\/wp-content\/uploads\/2025\/10\/Ljubljana-1-768x512-1.jpg\",\"datePublished\":\"2024-10-28T06:48:05+00:00\",\"dateModified\":\"2025-10-30T06:11:36+00:00\",\"description\":\"ABC Translation | Overjen prevod Ljubljana | Sodni tolma\u010d Ljubljana | Uradni prevod Ljubljana | Overjeno pri notarju\",\"breadcrumb\":{\"@id\":\"https:\/\/abc-office.eu\/sl\/slovenija\/overjen-prevod-slovenija\/overjen-prevod-ljubljana\/#breadcrumb\"},\"inLanguage\":\"sl-SI\",\"potentialAction\":[{\"@type\":\"ReadAction\",\"target\":[\"https:\/\/abc-office.eu\/sl\/slovenija\/overjen-prevod-slovenija\/overjen-prevod-ljubljana\/\"]}]},{\"@type\":\"ImageObject\",\"inLanguage\":\"sl-SI\",\"@id\":\"https:\/\/abc-office.eu\/sl\/slovenija\/overjen-prevod-slovenija\/overjen-prevod-ljubljana\/#primaryimage\",\"url\":\"https:\/\/abc-office.eu\/wp-content\/uploads\/2025\/10\/Ljubljana-1-768x512-1.jpg\",\"contentUrl\":\"https:\/\/abc-office.eu\/wp-content\/uploads\/2025\/10\/Ljubljana-1-768x512-1.jpg\",\"width\":768,\"height\":512},{\"@type\":\"BreadcrumbList\",\"@id\":\"https:\/\/abc-office.eu\/sl\/slovenija\/overjen-prevod-slovenija\/overjen-prevod-ljubljana\/#breadcrumb\",\"itemListElement\":[{\"@type\":\"ListItem\",\"position\":1,\"name\":\"Accueil\",\"item\":\"https:\/\/abc-office.eu\/sl\/\"},{\"@type\":\"ListItem\",\"position\":2,\"name\":\"Slovenija\",\"item\":\"https:\/\/abc-office.eu\/sl\/slovenija\/\"},{\"@type\":\"ListItem\",\"position\":3,\"name\":\"Overjen prevod Slovenija\",\"item\":\"https:\/\/abc-office.eu\/sl\/slovenija\/overjen-prevod-slovenija\/\"},{\"@type\":\"ListItem\",\"position\":4,\"name\":\"Overjen prevod Ljubljana\"}]},{\"@type\":\"WebSite\",\"@id\":\"https:\/\/abc-office.eu\/sl\/#website\",\"url\":\"https:\/\/abc-office.eu\/sl\/\",\"name\":\"ABC Translation\",\"description\":\"info@abc-office.eu\",\"potentialAction\":[{\"@type\":\"SearchAction\",\"target\":{\"@type\":\"EntryPoint\",\"urlTemplate\":\"https:\/\/abc-office.eu\/sl\/?s={search_term_string}\"},\"query-input\":{\"@type\":\"PropertyValueSpecification\",\"valueRequired\":true,\"valueName\":\"search_term_string\"}}],\"inLanguage\":\"sl-SI\"}]}<\/script>\n<!-- \/ Yoast SEO plugin. -->","yoast_head_json":{"title":"Overjen prevod Ljubljana | Sodno overjen prevod Ljubljana","description":"ABC Translation | Overjen prevod Ljubljana | Sodni tolma\u010d Ljubljana | Uradni prevod Ljubljana | Overjeno pri notarju","robots":{"index":"index","follow":"follow","max-snippet":"max-snippet:-1","max-image-preview":"max-image-preview:large","max-video-preview":"max-video-preview:-1"},"canonical":"https:\/\/abc-office.eu\/sl\/slovenija\/overjen-prevod-slovenija\/overjen-prevod-ljubljana\/","og_locale":"sl_SI","og_type":"article","og_title":"Overjen prevod Ljubljana | Sodno overjen prevod Ljubljana","og_description":"ABC Translation | Overjen prevod Ljubljana | Sodni tolma\u010d Ljubljana | Uradni prevod Ljubljana | Overjeno pri notarju","og_url":"https:\/\/abc-office.eu\/sl\/slovenija\/overjen-prevod-slovenija\/overjen-prevod-ljubljana\/","og_site_name":"ABC Translation","article_modified_time":"2025-10-30T06:11:36+00:00","og_image":[{"width":768,"height":512,"url":"https:\/\/abc-office.eu\/wp-content\/uploads\/2025\/10\/Ljubljana-1-768x512-1.jpg","type":"image\/jpeg"}],"twitter_card":"summary_large_image","twitter_misc":{"Est. reading time":"4 minute"},"schema":{"@context":"https:\/\/schema.org","@graph":[{"@type":"WebPage","@id":"https:\/\/abc-office.eu\/sl\/slovenija\/overjen-prevod-slovenija\/overjen-prevod-ljubljana\/","url":"https:\/\/abc-office.eu\/sl\/slovenija\/overjen-prevod-slovenija\/overjen-prevod-ljubljana\/","name":"Overjen prevod Ljubljana | Sodno overjen prevod Ljubljana","isPartOf":{"@id":"https:\/\/abc-office.eu\/sl\/#website"},"primaryImageOfPage":{"@id":"https:\/\/abc-office.eu\/sl\/slovenija\/overjen-prevod-slovenija\/overjen-prevod-ljubljana\/#primaryimage"},"image":{"@id":"https:\/\/abc-office.eu\/sl\/slovenija\/overjen-prevod-slovenija\/overjen-prevod-ljubljana\/#primaryimage"},"thumbnailUrl":"https:\/\/abc-office.eu\/wp-content\/uploads\/2025\/10\/Ljubljana-1-768x512-1.jpg","datePublished":"2024-10-28T06:48:05+00:00","dateModified":"2025-10-30T06:11:36+00:00","description":"ABC Translation | Overjen prevod Ljubljana | Sodni tolma\u010d Ljubljana | Uradni prevod Ljubljana | Overjeno pri notarju","breadcrumb":{"@id":"https:\/\/abc-office.eu\/sl\/slovenija\/overjen-prevod-slovenija\/overjen-prevod-ljubljana\/#breadcrumb"},"inLanguage":"sl-SI","potentialAction":[{"@type":"ReadAction","target":["https:\/\/abc-office.eu\/sl\/slovenija\/overjen-prevod-slovenija\/overjen-prevod-ljubljana\/"]}]},{"@type":"ImageObject","inLanguage":"sl-SI","@id":"https:\/\/abc-office.eu\/sl\/slovenija\/overjen-prevod-slovenija\/overjen-prevod-ljubljana\/#primaryimage","url":"https:\/\/abc-office.eu\/wp-content\/uploads\/2025\/10\/Ljubljana-1-768x512-1.jpg","contentUrl":"https:\/\/abc-office.eu\/wp-content\/uploads\/2025\/10\/Ljubljana-1-768x512-1.jpg","width":768,"height":512},{"@type":"BreadcrumbList","@id":"https:\/\/abc-office.eu\/sl\/slovenija\/overjen-prevod-slovenija\/overjen-prevod-ljubljana\/#breadcrumb","itemListElement":[{"@type":"ListItem","position":1,"name":"Accueil","item":"https:\/\/abc-office.eu\/sl\/"},{"@type":"ListItem","position":2,"name":"Slovenija","item":"https:\/\/abc-office.eu\/sl\/slovenija\/"},{"@type":"ListItem","position":3,"name":"Overjen prevod Slovenija","item":"https:\/\/abc-office.eu\/sl\/slovenija\/overjen-prevod-slovenija\/"},{"@type":"ListItem","position":4,"name":"Overjen prevod Ljubljana"}]},{"@type":"WebSite","@id":"https:\/\/abc-office.eu\/sl\/#website","url":"https:\/\/abc-office.eu\/sl\/","name":"ABC Translation","description":"info@abc-office.eu","potentialAction":[{"@type":"SearchAction","target":{"@type":"EntryPoint","urlTemplate":"https:\/\/abc-office.eu\/sl\/?s={search_term_string}"},"query-input":{"@type":"PropertyValueSpecification","valueRequired":true,"valueName":"search_term_string"}}],"inLanguage":"sl-SI"}]}},"_links":{"self":[{"href":"https:\/\/abc-office.eu\/sl\/wp-json\/wp\/v2\/pages\/231662","targetHints":{"allow":["GET"]}}],"collection":[{"href":"https:\/\/abc-office.eu\/sl\/wp-json\/wp\/v2\/pages"}],"about":[{"href":"https:\/\/abc-office.eu\/sl\/wp-json\/wp\/v2\/types\/page"}],"author":[{"embeddable":true,"href":"https:\/\/abc-office.eu\/sl\/wp-json\/wp\/v2\/users\/1"}],"replies":[{"embeddable":true,"href":"https:\/\/abc-office.eu\/sl\/wp-json\/wp\/v2\/comments?post=231662"}],"version-history":[{"count":3,"href":"https:\/\/abc-office.eu\/sl\/wp-json\/wp\/v2\/pages\/231662\/revisions"}],"predecessor-version":[{"id":233033,"href":"https:\/\/abc-office.eu\/sl\/wp-json\/wp\/v2\/pages\/231662\/revisions\/233033"}],"up":[{"embeddable":true,"href":"https:\/\/abc-office.eu\/sl\/wp-json\/wp\/v2\/pages\/231635"}],"wp:featuredmedia":[{"embeddable":true,"href":"https:\/\/abc-office.eu\/sl\/wp-json\/wp\/v2\/media\/231663"}],"wp:attachment":[{"href":"https:\/\/abc-office.eu\/sl\/wp-json\/wp\/v2\/media?parent=231662"}],"curies":[{"name":"wp","href":"https:\/\/api.w.org\/{rel}","templated":true}]}}