{"id":231635,"date":"2024-10-28T07:41:02","date_gmt":"2024-10-28T06:41:02","guid":{"rendered":"https:\/\/abc-office.eu\/?page_id=231635"},"modified":"2025-10-30T07:07:45","modified_gmt":"2025-10-30T06:07:45","slug":"overjen-prevod-slovenija","status":"publish","type":"page","link":"https:\/\/abc-office.eu\/sl\/slovenija\/overjen-prevod-slovenija\/","title":{"rendered":"Overjen prevod Slovenija"},"content":{"rendered":"<h2 data-start=\"0\" data-end=\"30\"><strong data-start=\"0\" data-end=\"28\">Overjen prevod Slovenija<\/strong><\/h2>\n<p style=\"text-align: justify;\" data-start=\"32\" data-end=\"275\">Na\u0161a agencija, <strong data-start=\"47\" data-end=\"66\">ABC Translation<\/strong>, je \u017ee vrsto let specializirana na podro\u010dju <strong data-start=\"111\" data-end=\"133\">overjenih prevodov<\/strong>. Nudimo vam vse storitve, povezane s tem podro\u010djem, bodisi gre za uradni prevod, preprost prevod ali tolma\u010denje (overjen prevod Slovenija).<\/p>\n<p style=\"text-align: justify;\" data-start=\"277\" data-end=\"718\">Z ekipo ve\u010d kot <strong data-start=\"293\" data-end=\"324\">500 prevajalcev in tolma\u010dev<\/strong> znamo upravljati katerikoli projekt v izredno kratkih rokih. Kakovost in odzivnost sta na\u0161i vodili, saj vedno dosegamo rezultate, ki izpolnjujejo pri\u010dakovanja na\u0161ih strank. Prisotni smo po <strong data-start=\"514\" data-end=\"544\">celotnem ozemlju Slovenije<\/strong>. Zahvaljujo\u010d tej prisotnosti in na\u0161i prilagodljivosti smo se razvili do te mere, da zdaj ponujamo <strong data-start=\"643\" data-end=\"688\">prevajalske storitve v ve\u010d kot 60 jezikih<\/strong> (overjen prevod Slovenija).<\/p>\n<h3 data-start=\"720\" data-end=\"740\"><strong data-start=\"720\" data-end=\"738\">Uradni prevod:<\/strong><\/h3>\n<p style=\"text-align: justify;\" data-start=\"742\" data-end=\"1100\">Specializirani smo za <strong data-start=\"764\" data-end=\"784\">overjene prevode<\/strong>, da vam lahko olaj\u0161amo postopke ob prihodu v Slovenijo ali pri potovanjih v tujino. Prevedeni dokumenti so obi\u010dajno <strong data-start=\"901\" data-end=\"925\">overjeni pri notarju<\/strong>, nato pa <strong data-start=\"935\" data-end=\"977\">legalizirani v kanclerstvu z apostilom<\/strong> ali drugo obliko legalizacije v skladu z mednarodnimi konvencijami. \u010casovne zahteve na\u0161ih strank so pogosto zelo kratke.<\/p>\n<p style=\"text-align: justify;\" data-start=\"1102\" data-end=\"1414\">Zato smo vzpostavili sistem, ki omogo\u010da, da se dokumenti <strong data-start=\"1159\" data-end=\"1227\">prevedejo, legalizirajo in opremijo z apostilom v rekordnem \u010dasu<\/strong>. Na primer, za dokument z manj kot petimi stranmi potrebujemo <strong data-start=\"1290\" data-end=\"1301\">dva dni<\/strong>, da izvedemo vse korake. Ti prevodi se lahko nato po potrebi <strong data-start=\"1363\" data-end=\"1411\">legalizirajo pri konzulatu dr\u017eave prejemnice<\/strong>.<\/p>\n<p style=\"text-align: justify;\" data-start=\"1416\" data-end=\"1715\"><strong data-start=\"1416\" data-end=\"1433\">Uradni prevod<\/strong> za priznanje va\u0161ih tujih diplom v Sloveniji je prav tako del na\u0161e ponudbe. Tudi tukaj dokumente najprej prevedemo, nato jih <strong data-start=\"1558\" data-end=\"1581\">overimo pri notarju<\/strong>, da jih lahko sprejmejo ustrezni organi. Tako bo va\u0161a dokumentacija popolna za obravnavo pri institucijah za priznavanje izobrazbe.<\/p>\n<h3 data-start=\"1717\" data-end=\"1730\"><strong data-start=\"1717\" data-end=\"1728\">Jeziki:<\/strong><\/h3>\n<p style=\"text-align: justify;\" data-start=\"1732\" data-end=\"2648\">afrikan\u0161\u010dina | ajmar\u0161\u010dina | alban\u0161\u010dina | ameri\u0161ka angle\u0161\u010dina | amhar\u0161\u010dina | angle\u0161\u010dina | arab\u0161\u010dina | armen\u0161\u010dina | azerbajd\u017ean\u0161\u010dina | baskov\u0161\u010dina | beloru\u0161\u010dina | bengal\u0161\u010dina | bolgar\u0161\u010dina | bo\u0161nja\u0161\u010dina | brazilska portugal\u0161\u010dina | burman\u0161\u010dina | \u010de\u0161\u010dina | \u010drnogorski jezik | dan\u0161\u010dina | dari | eston\u0161\u010dina | even\u0161\u010dina | farsi | fin\u0161\u010dina | flam\u0161\u010dina | ful\u0161\u010dina | gr\u0161\u010dina | gruzin\u0161\u010dina | gvaranij\u0161\u010dina | hebrej\u0161\u010dina | hinduj\u0161\u010dina | hrva\u0161\u010dina | indonezij\u0161\u010dina | iran\u0161\u010dina | italijan\u0161\u010dina | japon\u0161\u010dina | kanton\u0161\u010dina | kastilj\u0161\u010dina | katalon\u0161\u010dina | kaza\u0161\u010dina | ke\u010duan\u0161\u010dina | kirgi\u0161\u010dina | kitaj\u0161\u010dina | kmer\u0161\u010dina | korej\u0161\u010dina | kurd\u0161\u010dina | lao\u0161\u010dina | latvij\u0161\u010dina | lingala | litov\u0161\u010dina | mad\u017ear\u0161\u010dina | makedon\u0161\u010dina | malajal\u0161\u010dina | malaj\u0161\u010dina | mandar\u0161\u010dina | moldav\u0161\u010dina | mongol\u0161\u010dina | nem\u0161\u010dina | norve\u0161\u010dina | pand\u017eabi | pa\u0161tu | poenostavljena kitaj\u0161\u010dina | polj\u0161\u010dina | portugal\u0161\u010dina | romun\u0161\u010dina | ru\u0161\u010dina | singal\u0161\u010dina | slova\u0161\u010dina | sloven\u0161\u010dina | srb\u0161\u010dina | \u0161ved\u0161\u010dina | taj\u0161\u010dina | tamil\u0161\u010dina | tradicionalna kitaj\u0161\u010dina | turkmen\u0161\u010dina | tur\u0161\u010dina | ukrajin\u0161\u010dina | urduj\u0161\u010dina | uzbe\u0161\u010dina | vietnam\u0161\u010dina<\/p>\n<h3 data-start=\"2650\" data-end=\"2666\"><strong data-start=\"2650\" data-end=\"2664\">Dokumenti:<\/strong><\/h3>\n<p style=\"text-align: justify;\" data-start=\"2668\" data-end=\"3044\">rojstni list, poro\u010dni list, potrdilo o osebnem stanju, potrdilo, patent, kazenska evidenca, listina, potrdilo o samskem stanju, mrli\u0161ki list, dru\u017einsko potrdilo, potrdilo o zaposlitvi, dav\u010dna napoved, diploma, potni list, vozni\u0161ko dovoljenje, oporoka, viza, pogodba, razvezna pogodba, zakonska pogodba, sodba, postopek, pooblastilo, zapisnik<\/p>\n<p style=\"text-align: justify;\" data-start=\"3046\" data-end=\"3103\" data-is-last-node=\"\" data-is-only-node=\"\">Za prevod v drug jezik nas <strong data-start=\"3073\" data-end=\"3102\">ne odla\u0161ajte <a href=\"https:\/\/abc-office.eu\/sl\/\">kontaktirati<\/a><\/strong>.<\/p>\n<p data-start=\"3046\" data-end=\"3103\" data-is-last-node=\"\" data-is-only-node=\"\"><img loading=\"lazy\" decoding=\"async\" class=\"aligncenter wp-image-26 size-medium\" src=\"https:\/\/abc-office.ch\/wp-content\/uploads\/2018\/06\/imageedit_1_6241191614-300x300.gif\" alt=\"Overjen prevod Slovenija\" width=\"300\" height=\"300\" \/><\/p>\n","protected":false},"excerpt":{"rendered":"<p>Overjen prevod Slovenija Na\u0161a agencija, ABC Translation, je \u017ee vrsto let specializirana na podro\u010dju overjenih prevodov. Nudimo vam vse storitve, povezane s tem podro\u010djem, bodisi gre za uradni prevod, preprost prevod ali tolma\u010denje (overjen prevod Slovenija). Z ekipo ve\u010d kot 500 prevajalcev in tolma\u010dev znamo upravljati katerikoli projekt v izredno kratkih rokih. Kakovost in odzivnost&#8230;<\/p>\n","protected":false},"author":1,"featured_media":231636,"parent":231607,"menu_order":0,"comment_status":"closed","ping_status":"closed","template":"","meta":{"sfsi_plus_gutenberg_text_before_share":"","sfsi_plus_gutenberg_show_text_before_share":"","sfsi_plus_gutenberg_icon_type":"","sfsi_plus_gutenberg_icon_alignemt":"","sfsi_plus_gutenburg_max_per_row":"","footnotes":""},"class_list":["post-231635","page","type-page","status-publish","has-post-thumbnail","hentry"],"yoast_head":"<!-- This site is optimized with the Yoast SEO plugin v23.8 - https:\/\/yoast.com\/wordpress\/plugins\/seo\/ -->\n<title>Overjen prevod Slovenija | Sodni tolma\u010d Slovenija | Overjeno<\/title>\n<meta name=\"description\" content=\"ABC Translation | Overjen prevod Slovenija | Sodni tolma\u010d Slovenija | Uradni prevod Slovenija | Overjeni prevajalec Slovenija\" \/>\n<meta name=\"robots\" content=\"index, follow, max-snippet:-1, max-image-preview:large, max-video-preview:-1\" \/>\n<link rel=\"canonical\" href=\"https:\/\/abc-office.eu\/sl\/slovenija\/overjen-prevod-slovenija\/\" \/>\n<meta property=\"og:locale\" content=\"sl_SI\" \/>\n<meta property=\"og:type\" content=\"article\" \/>\n<meta property=\"og:title\" content=\"Overjen prevod Slovenija | Sodni tolma\u010d Slovenija | Overjeno\" \/>\n<meta property=\"og:description\" content=\"ABC Translation | Overjen prevod Slovenija | Sodni tolma\u010d Slovenija | Uradni prevod Slovenija | Overjeni prevajalec Slovenija\" \/>\n<meta property=\"og:url\" content=\"https:\/\/abc-office.eu\/sl\/slovenija\/overjen-prevod-slovenija\/\" \/>\n<meta property=\"og:site_name\" content=\"ABC Translation\" \/>\n<meta property=\"article:modified_time\" content=\"2025-10-30T06:07:45+00:00\" \/>\n<meta property=\"og:image\" content=\"https:\/\/abc-office.eu\/wp-content\/uploads\/2025\/10\/1280px-Flag_of_Slovenia.svg_-768x384-2.png\" \/>\n\t<meta property=\"og:image:width\" content=\"768\" \/>\n\t<meta property=\"og:image:height\" content=\"384\" \/>\n\t<meta property=\"og:image:type\" content=\"image\/png\" \/>\n<meta name=\"twitter:card\" content=\"summary_large_image\" \/>\n<meta name=\"twitter:label1\" content=\"Est. reading time\" \/>\n\t<meta name=\"twitter:data1\" content=\"3 minute\" \/>\n<script type=\"application\/ld+json\" class=\"yoast-schema-graph\">{\"@context\":\"https:\/\/schema.org\",\"@graph\":[{\"@type\":\"WebPage\",\"@id\":\"https:\/\/abc-office.eu\/sl\/slovenija\/overjen-prevod-slovenija\/\",\"url\":\"https:\/\/abc-office.eu\/sl\/slovenija\/overjen-prevod-slovenija\/\",\"name\":\"Overjen prevod Slovenija | Sodni tolma\u010d Slovenija | Overjeno\",\"isPartOf\":{\"@id\":\"https:\/\/abc-office.eu\/sl\/#website\"},\"primaryImageOfPage\":{\"@id\":\"https:\/\/abc-office.eu\/sl\/slovenija\/overjen-prevod-slovenija\/#primaryimage\"},\"image\":{\"@id\":\"https:\/\/abc-office.eu\/sl\/slovenija\/overjen-prevod-slovenija\/#primaryimage\"},\"thumbnailUrl\":\"https:\/\/abc-office.eu\/wp-content\/uploads\/2025\/10\/1280px-Flag_of_Slovenia.svg_-768x384-2.png\",\"datePublished\":\"2024-10-28T06:41:02+00:00\",\"dateModified\":\"2025-10-30T06:07:45+00:00\",\"description\":\"ABC Translation | Overjen prevod Slovenija | Sodni tolma\u010d Slovenija | Uradni prevod Slovenija | Overjeni prevajalec Slovenija\",\"breadcrumb\":{\"@id\":\"https:\/\/abc-office.eu\/sl\/slovenija\/overjen-prevod-slovenija\/#breadcrumb\"},\"inLanguage\":\"sl-SI\",\"potentialAction\":[{\"@type\":\"ReadAction\",\"target\":[\"https:\/\/abc-office.eu\/sl\/slovenija\/overjen-prevod-slovenija\/\"]}]},{\"@type\":\"ImageObject\",\"inLanguage\":\"sl-SI\",\"@id\":\"https:\/\/abc-office.eu\/sl\/slovenija\/overjen-prevod-slovenija\/#primaryimage\",\"url\":\"https:\/\/abc-office.eu\/wp-content\/uploads\/2025\/10\/1280px-Flag_of_Slovenia.svg_-768x384-2.png\",\"contentUrl\":\"https:\/\/abc-office.eu\/wp-content\/uploads\/2025\/10\/1280px-Flag_of_Slovenia.svg_-768x384-2.png\",\"width\":768,\"height\":384},{\"@type\":\"BreadcrumbList\",\"@id\":\"https:\/\/abc-office.eu\/sl\/slovenija\/overjen-prevod-slovenija\/#breadcrumb\",\"itemListElement\":[{\"@type\":\"ListItem\",\"position\":1,\"name\":\"Accueil\",\"item\":\"https:\/\/abc-office.eu\/sl\/\"},{\"@type\":\"ListItem\",\"position\":2,\"name\":\"Slovenija\",\"item\":\"https:\/\/abc-office.eu\/sl\/slovenija\/\"},{\"@type\":\"ListItem\",\"position\":3,\"name\":\"Overjen prevod Slovenija\"}]},{\"@type\":\"WebSite\",\"@id\":\"https:\/\/abc-office.eu\/sl\/#website\",\"url\":\"https:\/\/abc-office.eu\/sl\/\",\"name\":\"ABC Translation\",\"description\":\"info@abc-office.eu\",\"potentialAction\":[{\"@type\":\"SearchAction\",\"target\":{\"@type\":\"EntryPoint\",\"urlTemplate\":\"https:\/\/abc-office.eu\/sl\/?s={search_term_string}\"},\"query-input\":{\"@type\":\"PropertyValueSpecification\",\"valueRequired\":true,\"valueName\":\"search_term_string\"}}],\"inLanguage\":\"sl-SI\"}]}<\/script>\n<!-- \/ Yoast SEO plugin. -->","yoast_head_json":{"title":"Overjen prevod Slovenija | Sodni tolma\u010d Slovenija | Overjeno","description":"ABC Translation | Overjen prevod Slovenija | Sodni tolma\u010d Slovenija | Uradni prevod Slovenija | Overjeni prevajalec Slovenija","robots":{"index":"index","follow":"follow","max-snippet":"max-snippet:-1","max-image-preview":"max-image-preview:large","max-video-preview":"max-video-preview:-1"},"canonical":"https:\/\/abc-office.eu\/sl\/slovenija\/overjen-prevod-slovenija\/","og_locale":"sl_SI","og_type":"article","og_title":"Overjen prevod Slovenija | Sodni tolma\u010d Slovenija | Overjeno","og_description":"ABC Translation | Overjen prevod Slovenija | Sodni tolma\u010d Slovenija | Uradni prevod Slovenija | Overjeni prevajalec Slovenija","og_url":"https:\/\/abc-office.eu\/sl\/slovenija\/overjen-prevod-slovenija\/","og_site_name":"ABC Translation","article_modified_time":"2025-10-30T06:07:45+00:00","og_image":[{"width":768,"height":384,"url":"https:\/\/abc-office.eu\/wp-content\/uploads\/2025\/10\/1280px-Flag_of_Slovenia.svg_-768x384-2.png","type":"image\/png"}],"twitter_card":"summary_large_image","twitter_misc":{"Est. reading time":"3 minute"},"schema":{"@context":"https:\/\/schema.org","@graph":[{"@type":"WebPage","@id":"https:\/\/abc-office.eu\/sl\/slovenija\/overjen-prevod-slovenija\/","url":"https:\/\/abc-office.eu\/sl\/slovenija\/overjen-prevod-slovenija\/","name":"Overjen prevod Slovenija | Sodni tolma\u010d Slovenija | Overjeno","isPartOf":{"@id":"https:\/\/abc-office.eu\/sl\/#website"},"primaryImageOfPage":{"@id":"https:\/\/abc-office.eu\/sl\/slovenija\/overjen-prevod-slovenija\/#primaryimage"},"image":{"@id":"https:\/\/abc-office.eu\/sl\/slovenija\/overjen-prevod-slovenija\/#primaryimage"},"thumbnailUrl":"https:\/\/abc-office.eu\/wp-content\/uploads\/2025\/10\/1280px-Flag_of_Slovenia.svg_-768x384-2.png","datePublished":"2024-10-28T06:41:02+00:00","dateModified":"2025-10-30T06:07:45+00:00","description":"ABC Translation | Overjen prevod Slovenija | Sodni tolma\u010d Slovenija | Uradni prevod Slovenija | Overjeni prevajalec Slovenija","breadcrumb":{"@id":"https:\/\/abc-office.eu\/sl\/slovenija\/overjen-prevod-slovenija\/#breadcrumb"},"inLanguage":"sl-SI","potentialAction":[{"@type":"ReadAction","target":["https:\/\/abc-office.eu\/sl\/slovenija\/overjen-prevod-slovenija\/"]}]},{"@type":"ImageObject","inLanguage":"sl-SI","@id":"https:\/\/abc-office.eu\/sl\/slovenija\/overjen-prevod-slovenija\/#primaryimage","url":"https:\/\/abc-office.eu\/wp-content\/uploads\/2025\/10\/1280px-Flag_of_Slovenia.svg_-768x384-2.png","contentUrl":"https:\/\/abc-office.eu\/wp-content\/uploads\/2025\/10\/1280px-Flag_of_Slovenia.svg_-768x384-2.png","width":768,"height":384},{"@type":"BreadcrumbList","@id":"https:\/\/abc-office.eu\/sl\/slovenija\/overjen-prevod-slovenija\/#breadcrumb","itemListElement":[{"@type":"ListItem","position":1,"name":"Accueil","item":"https:\/\/abc-office.eu\/sl\/"},{"@type":"ListItem","position":2,"name":"Slovenija","item":"https:\/\/abc-office.eu\/sl\/slovenija\/"},{"@type":"ListItem","position":3,"name":"Overjen prevod Slovenija"}]},{"@type":"WebSite","@id":"https:\/\/abc-office.eu\/sl\/#website","url":"https:\/\/abc-office.eu\/sl\/","name":"ABC Translation","description":"info@abc-office.eu","potentialAction":[{"@type":"SearchAction","target":{"@type":"EntryPoint","urlTemplate":"https:\/\/abc-office.eu\/sl\/?s={search_term_string}"},"query-input":{"@type":"PropertyValueSpecification","valueRequired":true,"valueName":"search_term_string"}}],"inLanguage":"sl-SI"}]}},"_links":{"self":[{"href":"https:\/\/abc-office.eu\/sl\/wp-json\/wp\/v2\/pages\/231635","targetHints":{"allow":["GET"]}}],"collection":[{"href":"https:\/\/abc-office.eu\/sl\/wp-json\/wp\/v2\/pages"}],"about":[{"href":"https:\/\/abc-office.eu\/sl\/wp-json\/wp\/v2\/types\/page"}],"author":[{"embeddable":true,"href":"https:\/\/abc-office.eu\/sl\/wp-json\/wp\/v2\/users\/1"}],"replies":[{"embeddable":true,"href":"https:\/\/abc-office.eu\/sl\/wp-json\/wp\/v2\/comments?post=231635"}],"version-history":[{"count":2,"href":"https:\/\/abc-office.eu\/sl\/wp-json\/wp\/v2\/pages\/231635\/revisions"}],"predecessor-version":[{"id":233031,"href":"https:\/\/abc-office.eu\/sl\/wp-json\/wp\/v2\/pages\/231635\/revisions\/233031"}],"up":[{"embeddable":true,"href":"https:\/\/abc-office.eu\/sl\/wp-json\/wp\/v2\/pages\/231607"}],"wp:featuredmedia":[{"embeddable":true,"href":"https:\/\/abc-office.eu\/sl\/wp-json\/wp\/v2\/media\/231636"}],"wp:attachment":[{"href":"https:\/\/abc-office.eu\/sl\/wp-json\/wp\/v2\/media?parent=231635"}],"curies":[{"name":"wp","href":"https:\/\/api.w.org\/{rel}","templated":true}]}}