{"id":231607,"date":"2024-04-13T09:44:13","date_gmt":"2024-04-13T07:44:13","guid":{"rendered":"https:\/\/abc-office.eu\/?page_id=231607"},"modified":"2025-10-30T07:06:29","modified_gmt":"2025-10-30T06:06:29","slug":"slovenija","status":"publish","type":"page","link":"https:\/\/abc-office.eu\/sl\/slovenija\/","title":{"rendered":"Slovenija"},"content":{"rendered":"<h2 data-start=\"0\" data-end=\"15\"><strong data-start=\"0\" data-end=\"13\">Slovenija<\/strong><\/h2>\n<p style=\"text-align: justify;\" data-start=\"17\" data-end=\"359\">Na\u0161a agencija za prevajalstvo in overitve ter legalizacije je specializirana za overjene in sodne prevode v ve\u010d kot 80 jezikih ter za overitve prevodov. Na\u0161a ekipa s sede\u017eem v Sloveniji lahko va\u0161o zahtevo obdela zelo hitro. Potrebujemo le kopijo dokumentov, ki jih je treba prevesti (sprejemamo vse formate). Izvirniki dokumentov niso ve\u010d potrebni (Slovenija).<\/p>\n<ol>\n<li style=\"text-align: justify;\" data-start=\"17\" data-end=\"359\">Prvi\u010d, uporabite lahko na\u0161 e-po\u0161tni naslov (<a href=\"mailto:info@abc-office.eu\">info@abc-office.eu<\/a>), kontaktni obrazec ali na\u0161o povezavo do WhatsAppa.<\/li>\n<li style=\"text-align: justify;\" data-start=\"17\" data-end=\"359\">Drugi\u010d, prosimo, navedite jezik, v katerega \u017eelite, da bo dokument preveden, in ali \u017eelite, da prevod legaliziramo pri notarju in\/ali z apostilom (kanclerstvo), ter ali potrebujete legalizacijo preko veleposlani\u0161tva ali konzulata.<\/li>\n<li style=\"text-align: justify;\" data-start=\"17\" data-end=\"359\">Tretji\u010d, eden od na\u0161ih projektnih vodij vam bo hitro poslal ponudbo, v kateri bo navedena cena in rok izvedbe projekta. Obi\u010dajno odgovorimo v 30 minutah. \u010ce odgovora ne prejmete v roku ene ure, vas prosimo, da nas pokli\u010dete.<\/li>\n<li style=\"text-align: justify;\" data-start=\"17\" data-end=\"359\">\u010cetrti\u010d, in kar je najpomembnej\u0161e, ko sprejmete ponudbo, bomo za\u010deli s postopkom prevajanja ali overitve oz. legalizacije ter vam overjene prevode in\/ali legalizirane dokumente poslali po po\u0161ti. \u010ce \u017eelite prejeti tudi kopijo prevoda in overitve oz. legalizacije po e-po\u0161ti, obvestite projektnega vodjo, in vam jih bomo poslali po e-po\u0161ti pred odpremo izvirnikov.<\/li>\n<\/ol>\n<div class=\"flex max-w-full flex-col grow\">\n<div class=\"min-h-8 text-message relative flex w-full flex-col items-end gap-2 text-start break-words whitespace-normal [.text-message+&amp;]:mt-1\" dir=\"auto\" data-message-author-role=\"assistant\" data-message-id=\"f642c082-1458-4a0b-a10d-65c333309c82\" data-message-model-slug=\"gpt-5\">\n<div class=\"flex w-full flex-col gap-1 empty:hidden first:pt-[1px]\">\n<div class=\"markdown prose dark:prose-invert w-full break-words dark markdown-new-styling\">\n<p style=\"text-align: justify;\" data-start=\"1292\" data-end=\"1579\">Kar zadeva \u010dasovno izvedbo, so overjeni prevodi in\/ali legalizacije poslani po po\u0161ti, preko DHL-a ali po e-po\u0161ti v roku 2\u20133 delovnih dni. Rok izvedbe je odvisen tudi od obsega in zahtevnosti dokumentov. Na primer: enostranski dokument boste po navadi prejeli po po\u0161ti v dveh delovnih dneh.<\/p>\n<h3 data-start=\"1581\" data-end=\"1616\"><strong data-start=\"1581\" data-end=\"1614\">Seznam na\u0161ih glavnih jezikov:<\/strong><\/h3>\n<p style=\"text-align: justify;\" data-start=\"1618\" data-end=\"2534\">afrikan\u0161\u010dina | ajmar\u0161\u010dina | alban\u0161\u010dina | ameri\u0161ka angle\u0161\u010dina | amhar\u0161\u010dina | angle\u0161\u010dina | arab\u0161\u010dina | armen\u0161\u010dina | azerbajd\u017ean\u0161\u010dina | baskov\u0161\u010dina | beloru\u0161\u010dina | bengal\u0161\u010dina | bolgar\u0161\u010dina | bo\u0161nja\u0161\u010dina | brazilska portugal\u0161\u010dina | burman\u0161\u010dina | \u010de\u0161\u010dina | \u010drnogorski jezik | dan\u0161\u010dina | dari | eston\u0161\u010dina | even\u0161\u010dina | farsi | fin\u0161\u010dina | flam\u0161\u010dina | ful\u0161\u010dina | gr\u0161\u010dina | gruzin\u0161\u010dina | gvaranij\u0161\u010dina | hebrej\u0161\u010dina | hinduj\u0161\u010dina | hrva\u0161\u010dina | indonezij\u0161\u010dina | iran\u0161\u010dina | italijan\u0161\u010dina | japon\u0161\u010dina | kanton\u0161\u010dina | kastilj\u0161\u010dina | katalon\u0161\u010dina | kaza\u0161\u010dina | ke\u010duan\u0161\u010dina | kirgi\u0161\u010dina | kitaj\u0161\u010dina | kmer\u0161\u010dina | korej\u0161\u010dina | kurd\u0161\u010dina | lao\u0161\u010dina | latvij\u0161\u010dina | lingala | litov\u0161\u010dina | mad\u017ear\u0161\u010dina | makedon\u0161\u010dina | malajal\u0161\u010dina | malaj\u0161\u010dina | mandar\u0161\u010dina | moldav\u0161\u010dina | mongol\u0161\u010dina | nem\u0161\u010dina | norve\u0161\u010dina | pand\u017eabi | pa\u0161tu | poenostavljena kitaj\u0161\u010dina | polj\u0161\u010dina | portugal\u0161\u010dina | romun\u0161\u010dina | ru\u0161\u010dina | singal\u0161\u010dina | slova\u0161\u010dina | sloven\u0161\u010dina | srb\u0161\u010dina | \u0161ved\u0161\u010dina | taj\u0161\u010dina | tamil\u0161\u010dina | tradicionalna kitaj\u0161\u010dina | turkmen\u0161\u010dina | tur\u0161\u010dina | ukrajin\u0161\u010dina | urduj\u0161\u010dina | uzbe\u0161\u010dina | vietnam\u0161\u010dina<\/p>\n<h3 data-start=\"2536\" data-end=\"2572\">Tukaj je neiz\u010drpen seznam dokumentov:<\/h3>\n<p style=\"text-align: justify;\" data-start=\"2574\" data-end=\"2950\">rojstni list, poro\u010dni list, potrdilo o osebnem stanju, potrdilo, patent, kazenska evidenca, listina, potrdilo o samskem stanju, mrli\u0161ki list, dru\u017einsko potrdilo, potrdilo o zaposlitvi, dav\u010dna napoved, diploma, potni list, vozni\u0161ko dovoljenje, oporoka, viza, pogodba, razvezna pogodba, zakonska pogodba, sodba, postopek, pooblastilo, zapisnik<\/p>\n<h3 data-start=\"2952\" data-end=\"3020\">Najpogostej\u0161e vrste overitev\/legalizacij (Slovenija):<\/h3>\n<ul>\n<li style=\"text-align: justify;\" data-start=\"3023\" data-end=\"3092\"><strong data-start=\"3023\" data-end=\"3042\">Overjen prevod:<\/strong> prevod, ki ga izdamo z na\u0161im \u017eigom in podpisom.<\/li>\n<li style=\"text-align: justify;\" data-start=\"3023\" data-end=\"3092\"><strong>Sodno overjen prevod:<\/strong> v Sloveniji ga lahko opravi samo sodni tolma\u010d, ki ga imenuje Ministrstvo za pravosodje Republike Slovenije. Tak prevod vklju\u010duje uradni \u017eig in podpis sodnega tolma\u010da, s \u010dimer se potrdi, da je prevod popolnoma zvest izvirniku. Dokument je pravno veljaven za uporabo pri sodi\u0161\u010dih, notarjih, dr\u017eavnih institucijah ter v tujini (po potrebi z dodatno overitvijo\/legalizacijo ali apostilom). Na\u0161a agencija poskrbi za hiter in natan\u010den sodno overjen prevod vseh vrst dokumentov \u2013 od rojstnih listov in diplom do pogodb in sodnih odlo\u010db \u2013 ki jih nato lahko legaliziramo ali opremimo z apostilom, \u010de so namenjeni za uporabo v tujini.<\/li>\n<li style=\"text-align: justify;\" data-start=\"3095\" data-end=\"3167\"><strong>Overjen prevod:<\/strong> notar overi podpis prevajalca na prevodu.<\/li>\n<li style=\"text-align: justify;\" data-start=\"3170\" data-end=\"3234\"><strong data-start=\"3170\" data-end=\"3193\">Prevod z apostilom:<\/strong> kanclerstvo legalizira podpis notarja.<\/li>\n<li style=\"text-align: justify;\" data-start=\"3237\" data-end=\"3363\"><strong data-start=\"3237\" data-end=\"3293\">Prevod legaliziran na veleposlani\u0161tvu ali konzulatu:<\/strong> veleposlani\u0161tvo ali konzulat legalizira prevod za uporabo v tujini.<\/li>\n<\/ul>\n<h3 data-start=\"3365\" data-end=\"3433\">Najpogostej\u0161e vrste overitev\/legalizacij:<\/h3>\n<ul>\n<li style=\"text-align: justify;\" data-start=\"3436\" data-end=\"3628\"><strong>Overitev z apostilom:<\/strong> dr\u017eave, ki so podpisnice Haa\u0161ke konvencije, priznavajo veljavnost dokumenta brez vizuma konzulata ali veleposlani\u0161tva, \u010de ima dokument overitev z apostilom.<\/li>\n<li style=\"text-align: justify;\" data-start=\"3631\" data-end=\"3970\"><strong data-start=\"3631\" data-end=\"3684\">Legalizacija preko veleposlani\u0161tva ali konzulata:<\/strong> za veljavnost dokumentov v dolo\u010denih dr\u017eavah, kot je Kitajska, morajo biti dokumenti legalizirani na veleposlani\u0161tvu ali konzulatu. Vsi dokumenti morajo biti prej legalizirani pri notarju in v kanclerstvu\/prefekturi, preden lahko veleposlani\u0161tvo ali konzulat doda svojo legalizacijo.<\/li>\n<li style=\"text-align: justify;\" data-start=\"3973\" data-end=\"4302\"><strong>Overjena kopija<\/strong>, imenovana tudi vidimus ali brevet, je kopija, katere skladnost z izvirnim dokumentom je potrdil notar. \u010ce so originalni dokumenti izdani s strani tujih organov, nekatere institucije zahtevajo overjene kopije, ki jih je potrdil notar. Enako velja za dokumente, ki se po\u0161iljajo v tujino.<\/li>\n<li style=\"text-align: justify;\" data-start=\"4305\" data-end=\"4436\"><strong data-start=\"4305\" data-end=\"4314\">Viza:<\/strong> viza je oblika legalizacije, ki se izvede na kopiji izvirnika. \u010ce originala nimate, lahko \u0161e vedno legaliziramo kopijo.<\/li>\n<li style=\"text-align: justify;\" data-start=\"4439\" data-end=\"4648\"><strong>Overitev podpisa:<\/strong> z overitvijo podpisa notar potrdi njegovo pristnost \u2013 podpis na dnu dokumenta je podpis osebe, ki trdi, da ga je podpisala. Ta postopek se najpogosteje uporablja pri pooblastilih.<\/li>\n<\/ul>\n<p style=\"text-align: justify;\" data-start=\"4650\" data-end=\"4914\">Zaradi ustreznih overitev bodo prevodi in legalizacije priznani v Sloveniji in v tujini. \u010ce imate vpra\u0161anja glede vrste overitve ali legalizacije, ki jo potrebujete za svoje dokumente, se obrnite na na\u0161o ekipo. Vodili vas bomo skozi celoten postopek (Slovenija).<\/p>\n<p style=\"text-align: justify;\" data-start=\"4916\" data-end=\"4949\">Veselimo se sodelovanja z vami.<\/p>\n<p style=\"text-align: justify;\" data-start=\"4951\" data-end=\"4974\" data-is-last-node=\"\" data-is-only-node=\"\"><a href=\"https:\/\/abc-office.eu\/sl\/\"><strong data-start=\"4951\" data-end=\"4974\" data-is-last-node=\"\">ABC Translation LLC<\/strong><\/a><\/p>\n<p data-start=\"4951\" data-end=\"4974\" data-is-last-node=\"\" data-is-only-node=\"\"><img loading=\"lazy\" decoding=\"async\" class=\"aligncenter wp-image-271\" src=\"https:\/\/abc-office.ch\/wp-content\/uploads\/2018\/06\/imageedit_1_6241191614.gif\" alt=\"Slovenija\" width=\"437\" height=\"437\" \/><\/p>\n<\/div>\n<\/div>\n<\/div>\n<\/div>\n<div class=\"z-0 flex min-h-[46px] justify-start\"><\/div>\n","protected":false},"excerpt":{"rendered":"<p>Slovenija Na\u0161a agencija za prevajalstvo in overitve ter legalizacije je specializirana za overjene in sodne prevode v ve\u010d kot 80 jezikih ter za overitve prevodov. Na\u0161a ekipa s sede\u017eem v Sloveniji lahko va\u0161o zahtevo obdela zelo hitro. Potrebujemo le kopijo dokumentov, ki jih je treba prevesti (sprejemamo vse formate). Izvirniki dokumentov niso ve\u010d potrebni (Slovenija)&#8230;.<\/p>\n","protected":false},"author":1,"featured_media":231608,"parent":0,"menu_order":0,"comment_status":"closed","ping_status":"closed","template":"","meta":{"sfsi_plus_gutenberg_text_before_share":"","sfsi_plus_gutenberg_show_text_before_share":"","sfsi_plus_gutenberg_icon_type":"","sfsi_plus_gutenberg_icon_alignemt":"","sfsi_plus_gutenburg_max_per_row":"","footnotes":""},"class_list":["post-231607","page","type-page","status-publish","has-post-thumbnail","hentry"],"yoast_head":"<!-- This site is optimized with the Yoast SEO plugin v23.8 - https:\/\/yoast.com\/wordpress\/plugins\/seo\/ -->\n<title>Overjen prevod Slovenija | Sodni tolma\u010d Slovenija | Legalizirano<\/title>\n<meta name=\"description\" content=\"ABC Translation | Overjen prevod Slovenija | Sodni tolma\u010d Slovenija | Legalizacija pri notarju | Apostille | Konzulat | Veleposlani\u0161tvo\" \/>\n<meta name=\"robots\" content=\"index, follow, max-snippet:-1, max-image-preview:large, max-video-preview:-1\" \/>\n<link rel=\"canonical\" href=\"https:\/\/abc-office.eu\/sl\/slovenija\/\" \/>\n<meta property=\"og:locale\" content=\"sl_SI\" \/>\n<meta property=\"og:type\" content=\"article\" \/>\n<meta property=\"og:title\" content=\"Overjen prevod Slovenija | Sodni tolma\u010d Slovenija | Legalizirano\" \/>\n<meta property=\"og:description\" content=\"ABC Translation | Overjen prevod Slovenija | Sodni tolma\u010d Slovenija | Legalizacija pri notarju | Apostille | Konzulat | Veleposlani\u0161tvo\" \/>\n<meta property=\"og:url\" content=\"https:\/\/abc-office.eu\/sl\/slovenija\/\" \/>\n<meta property=\"og:site_name\" content=\"ABC Translation\" \/>\n<meta property=\"article:modified_time\" content=\"2025-10-30T06:06:29+00:00\" \/>\n<meta property=\"og:image\" content=\"https:\/\/abc-office.eu\/wp-content\/uploads\/2025\/10\/1280px-Flag_of_Slovenia.svg_-768x384-1.png\" \/>\n\t<meta property=\"og:image:width\" content=\"768\" \/>\n\t<meta property=\"og:image:height\" content=\"384\" \/>\n\t<meta property=\"og:image:type\" content=\"image\/png\" \/>\n<meta name=\"twitter:card\" content=\"summary_large_image\" \/>\n<meta name=\"twitter:label1\" content=\"Est. reading time\" \/>\n\t<meta name=\"twitter:data1\" content=\"4 minute\" \/>\n<script type=\"application\/ld+json\" class=\"yoast-schema-graph\">{\"@context\":\"https:\/\/schema.org\",\"@graph\":[{\"@type\":\"WebPage\",\"@id\":\"https:\/\/abc-office.eu\/sl\/slovenija\/\",\"url\":\"https:\/\/abc-office.eu\/sl\/slovenija\/\",\"name\":\"Overjen prevod Slovenija | Sodni tolma\u010d Slovenija | Legalizirano\",\"isPartOf\":{\"@id\":\"https:\/\/abc-office.eu\/sl\/#website\"},\"primaryImageOfPage\":{\"@id\":\"https:\/\/abc-office.eu\/sl\/slovenija\/#primaryimage\"},\"image\":{\"@id\":\"https:\/\/abc-office.eu\/sl\/slovenija\/#primaryimage\"},\"thumbnailUrl\":\"https:\/\/abc-office.eu\/wp-content\/uploads\/2025\/10\/1280px-Flag_of_Slovenia.svg_-768x384-1.png\",\"datePublished\":\"2024-04-13T07:44:13+00:00\",\"dateModified\":\"2025-10-30T06:06:29+00:00\",\"description\":\"ABC Translation | Overjen prevod Slovenija | Sodni tolma\u010d Slovenija | Legalizacija pri notarju | Apostille | Konzulat | Veleposlani\u0161tvo\",\"breadcrumb\":{\"@id\":\"https:\/\/abc-office.eu\/sl\/slovenija\/#breadcrumb\"},\"inLanguage\":\"sl-SI\",\"potentialAction\":[{\"@type\":\"ReadAction\",\"target\":[\"https:\/\/abc-office.eu\/sl\/slovenija\/\"]}]},{\"@type\":\"ImageObject\",\"inLanguage\":\"sl-SI\",\"@id\":\"https:\/\/abc-office.eu\/sl\/slovenija\/#primaryimage\",\"url\":\"https:\/\/abc-office.eu\/wp-content\/uploads\/2025\/10\/1280px-Flag_of_Slovenia.svg_-768x384-1.png\",\"contentUrl\":\"https:\/\/abc-office.eu\/wp-content\/uploads\/2025\/10\/1280px-Flag_of_Slovenia.svg_-768x384-1.png\",\"width\":768,\"height\":384},{\"@type\":\"BreadcrumbList\",\"@id\":\"https:\/\/abc-office.eu\/sl\/slovenija\/#breadcrumb\",\"itemListElement\":[{\"@type\":\"ListItem\",\"position\":1,\"name\":\"Accueil\",\"item\":\"https:\/\/abc-office.eu\/sl\/\"},{\"@type\":\"ListItem\",\"position\":2,\"name\":\"Slovenija\"}]},{\"@type\":\"WebSite\",\"@id\":\"https:\/\/abc-office.eu\/sl\/#website\",\"url\":\"https:\/\/abc-office.eu\/sl\/\",\"name\":\"ABC Translation\",\"description\":\"info@abc-office.eu\",\"potentialAction\":[{\"@type\":\"SearchAction\",\"target\":{\"@type\":\"EntryPoint\",\"urlTemplate\":\"https:\/\/abc-office.eu\/sl\/?s={search_term_string}\"},\"query-input\":{\"@type\":\"PropertyValueSpecification\",\"valueRequired\":true,\"valueName\":\"search_term_string\"}}],\"inLanguage\":\"sl-SI\"}]}<\/script>\n<!-- \/ Yoast SEO plugin. -->","yoast_head_json":{"title":"Overjen prevod Slovenija | Sodni tolma\u010d Slovenija | Legalizirano","description":"ABC Translation | Overjen prevod Slovenija | Sodni tolma\u010d Slovenija | Legalizacija pri notarju | Apostille | Konzulat | Veleposlani\u0161tvo","robots":{"index":"index","follow":"follow","max-snippet":"max-snippet:-1","max-image-preview":"max-image-preview:large","max-video-preview":"max-video-preview:-1"},"canonical":"https:\/\/abc-office.eu\/sl\/slovenija\/","og_locale":"sl_SI","og_type":"article","og_title":"Overjen prevod Slovenija | Sodni tolma\u010d Slovenija | Legalizirano","og_description":"ABC Translation | Overjen prevod Slovenija | Sodni tolma\u010d Slovenija | Legalizacija pri notarju | Apostille | Konzulat | Veleposlani\u0161tvo","og_url":"https:\/\/abc-office.eu\/sl\/slovenija\/","og_site_name":"ABC Translation","article_modified_time":"2025-10-30T06:06:29+00:00","og_image":[{"width":768,"height":384,"url":"https:\/\/abc-office.eu\/wp-content\/uploads\/2025\/10\/1280px-Flag_of_Slovenia.svg_-768x384-1.png","type":"image\/png"}],"twitter_card":"summary_large_image","twitter_misc":{"Est. reading time":"4 minute"},"schema":{"@context":"https:\/\/schema.org","@graph":[{"@type":"WebPage","@id":"https:\/\/abc-office.eu\/sl\/slovenija\/","url":"https:\/\/abc-office.eu\/sl\/slovenija\/","name":"Overjen prevod Slovenija | Sodni tolma\u010d Slovenija | Legalizirano","isPartOf":{"@id":"https:\/\/abc-office.eu\/sl\/#website"},"primaryImageOfPage":{"@id":"https:\/\/abc-office.eu\/sl\/slovenija\/#primaryimage"},"image":{"@id":"https:\/\/abc-office.eu\/sl\/slovenija\/#primaryimage"},"thumbnailUrl":"https:\/\/abc-office.eu\/wp-content\/uploads\/2025\/10\/1280px-Flag_of_Slovenia.svg_-768x384-1.png","datePublished":"2024-04-13T07:44:13+00:00","dateModified":"2025-10-30T06:06:29+00:00","description":"ABC Translation | Overjen prevod Slovenija | Sodni tolma\u010d Slovenija | Legalizacija pri notarju | Apostille | Konzulat | Veleposlani\u0161tvo","breadcrumb":{"@id":"https:\/\/abc-office.eu\/sl\/slovenija\/#breadcrumb"},"inLanguage":"sl-SI","potentialAction":[{"@type":"ReadAction","target":["https:\/\/abc-office.eu\/sl\/slovenija\/"]}]},{"@type":"ImageObject","inLanguage":"sl-SI","@id":"https:\/\/abc-office.eu\/sl\/slovenija\/#primaryimage","url":"https:\/\/abc-office.eu\/wp-content\/uploads\/2025\/10\/1280px-Flag_of_Slovenia.svg_-768x384-1.png","contentUrl":"https:\/\/abc-office.eu\/wp-content\/uploads\/2025\/10\/1280px-Flag_of_Slovenia.svg_-768x384-1.png","width":768,"height":384},{"@type":"BreadcrumbList","@id":"https:\/\/abc-office.eu\/sl\/slovenija\/#breadcrumb","itemListElement":[{"@type":"ListItem","position":1,"name":"Accueil","item":"https:\/\/abc-office.eu\/sl\/"},{"@type":"ListItem","position":2,"name":"Slovenija"}]},{"@type":"WebSite","@id":"https:\/\/abc-office.eu\/sl\/#website","url":"https:\/\/abc-office.eu\/sl\/","name":"ABC Translation","description":"info@abc-office.eu","potentialAction":[{"@type":"SearchAction","target":{"@type":"EntryPoint","urlTemplate":"https:\/\/abc-office.eu\/sl\/?s={search_term_string}"},"query-input":{"@type":"PropertyValueSpecification","valueRequired":true,"valueName":"search_term_string"}}],"inLanguage":"sl-SI"}]}},"_links":{"self":[{"href":"https:\/\/abc-office.eu\/sl\/wp-json\/wp\/v2\/pages\/231607","targetHints":{"allow":["GET"]}}],"collection":[{"href":"https:\/\/abc-office.eu\/sl\/wp-json\/wp\/v2\/pages"}],"about":[{"href":"https:\/\/abc-office.eu\/sl\/wp-json\/wp\/v2\/types\/page"}],"author":[{"embeddable":true,"href":"https:\/\/abc-office.eu\/sl\/wp-json\/wp\/v2\/users\/1"}],"replies":[{"embeddable":true,"href":"https:\/\/abc-office.eu\/sl\/wp-json\/wp\/v2\/comments?post=231607"}],"version-history":[{"count":3,"href":"https:\/\/abc-office.eu\/sl\/wp-json\/wp\/v2\/pages\/231607\/revisions"}],"predecessor-version":[{"id":233030,"href":"https:\/\/abc-office.eu\/sl\/wp-json\/wp\/v2\/pages\/231607\/revisions\/233030"}],"wp:featuredmedia":[{"embeddable":true,"href":"https:\/\/abc-office.eu\/sl\/wp-json\/wp\/v2\/media\/231608"}],"wp:attachment":[{"href":"https:\/\/abc-office.eu\/sl\/wp-json\/wp\/v2\/media?parent=231607"}],"curies":[{"name":"wp","href":"https:\/\/api.w.org\/{rel}","templated":true}]}}