{"id":231570,"date":"2022-04-25T10:26:44","date_gmt":"2022-04-25T08:26:44","guid":{"rendered":"https:\/\/abc-office.eu\/?page_id=231570"},"modified":"2025-10-30T06:58:16","modified_gmt":"2025-10-30T05:58:16","slug":"kontakt","status":"publish","type":"page","link":"https:\/\/abc-office.eu\/sl\/kontakt\/","title":{"rendered":"Kontakt"},"content":{"rendered":"<h2>Kontakt \u2013 va\u0161ih prevajalskih agencij v Evropski uniji<\/h2>\n<p><br data-start=\"56\" data-end=\"59\" \/>E-po\u0161ta: info@abc-office.eu<\/p>\n<h3 data-start=\"90\" data-end=\"111\"><strong data-start=\"90\" data-end=\"109\">ABC Translation<\/strong><\/h3>\n<p style=\"text-align: justify;\" data-start=\"113\" data-end=\"698\">Na\u0161i prevajalci in lektorji, s sede\u017eem v Evropski uniji, imajo vsi magistrsko izobrazbo iz prevajanja. Specializirani so za razli\u010dna podro\u010dja, kot so marketing, ekonomija, politika, pravo in medicina. Za hitro povpra\u0161evanje izpolnite obrazec na desni strani zaslona. Na\u0161a ekipa vam bo nato poslala ponudbo, ki vklju\u010duje ceno in \u010das izvedbe prevoda. Na\u0161a ponudba vklju\u010duje prevod besedila ter lekturo, ki jo opravi drug prevajalec, da se zagotovi najvi\u0161ja kakovost prevoda. Ko je besedilo prevedeno in lektorirano, vam ga po\u0161ljemo po e-po\u0161ti ali po po\u0161ti v primeru overjenega prevoda.<\/p>\n<p style=\"text-align: justify;\" data-start=\"700\" data-end=\"990\">Kakovost dela mora biti popolna, ko gre za prevajanje. Zahvaljujo\u010d na\u0161im glavnim prednostim \u2013 natan\u010dnosti, u\u010dinkovitosti in to\u010dnosti \u2013 vsakodnevno sodelujemo z velikim \u0161tevilom podjetij in posameznikov. Ukvarjamo se s prevajanjem spletnih strani, uradnih dokumentov in strokovnih besedil.<\/p>\n<p style=\"text-align: justify;\" data-start=\"992\" data-end=\"1399\" data-is-last-node=\"\" data-is-only-node=\"\">Cenovni razpon dolo\u010damo v skladu z natan\u010dnim sistemom Evropske unije. Ta sistem je bil vzpostavljen z namenom oblikovanja cenovne strukture, ki upo\u0161teva zahtevnost izvirnega besedila. Cena se lahko izra\u010duna glede na \u0161tevilo besed ali po vrstici s 55 znaki. Tak sistem omogo\u010da popolno preglednost do naro\u010dnika in pripravo korektnih ponudb. Sodelujemo s podjetji in zasebnimi strankami po vsej Evropski <a href=\"https:\/\/abc-office.eu\/sl\/\">uniji<\/a>.<\/p>\n<p data-start=\"992\" data-end=\"1399\" data-is-last-node=\"\" data-is-only-node=\"\"><img loading=\"lazy\" decoding=\"async\" class=\"aligncenter wp-image-28719\" src=\"https:\/\/abc-office.eu\/wp-content\/uploads\/2017\/02\/second_image-300x200.jpg\" alt=\"Kontakt\" width=\"715\" height=\"476\" srcset=\"https:\/\/abc-office.eu\/wp-content\/uploads\/2017\/02\/second_image-300x200.jpg 300w, https:\/\/abc-office.eu\/wp-content\/uploads\/2017\/02\/second_image-1024x682.jpg 1024w, https:\/\/abc-office.eu\/wp-content\/uploads\/2017\/02\/second_image-768x512.jpg 768w, https:\/\/abc-office.eu\/wp-content\/uploads\/2017\/02\/second_image-1080x720.jpg 1080w, https:\/\/abc-office.eu\/wp-content\/uploads\/2017\/02\/second_image-1280x853.jpg 1280w, https:\/\/abc-office.eu\/wp-content\/uploads\/2017\/02\/second_image-980x653.jpg 980w, https:\/\/abc-office.eu\/wp-content\/uploads\/2017\/02\/second_image-480x320.jpg 480w, https:\/\/abc-office.eu\/wp-content\/uploads\/2017\/02\/second_image.jpg 1400w\" sizes=\"auto, (max-width: 715px) 100vw, 715px\" \/><\/p>\n","protected":false},"excerpt":{"rendered":"<p>Kontakt \u2013 va\u0161ih prevajalskih agencij v Evropski uniji E-po\u0161ta: info@abc-office.eu ABC Translation Na\u0161i prevajalci in lektorji, s sede\u017eem v Evropski uniji, imajo vsi magistrsko izobrazbo iz prevajanja. Specializirani so za razli\u010dna podro\u010dja, kot so marketing, ekonomija, politika, pravo in medicina. Za hitro povpra\u0161evanje izpolnite obrazec na desni strani zaslona. Na\u0161a ekipa vam bo nato poslala&#8230;<\/p>\n","protected":false},"author":1,"featured_media":231571,"parent":0,"menu_order":0,"comment_status":"closed","ping_status":"closed","template":"","meta":{"sfsi_plus_gutenberg_text_before_share":"","sfsi_plus_gutenberg_show_text_before_share":"","sfsi_plus_gutenberg_icon_type":"","sfsi_plus_gutenberg_icon_alignemt":"","sfsi_plus_gutenburg_max_per_row":"","footnotes":""},"class_list":["post-231570","page","type-page","status-publish","has-post-thumbnail","hentry"],"yoast_head":"<!-- This site is optimized with the Yoast SEO plugin v23.8 - https:\/\/yoast.com\/wordpress\/plugins\/seo\/ -->\n<title>Kontakt prevajanje | Prevajalec Evropska unija Zdru\u017eeno kraljestvo<\/title>\n<meta name=\"description\" content=\"ABC Translation: Kontakt | Prevod spletne strani | Prevod uradnih dokumentov | Strokovni prevod | Evropska unija\" \/>\n<meta name=\"robots\" content=\"index, follow, max-snippet:-1, max-image-preview:large, max-video-preview:-1\" \/>\n<link rel=\"canonical\" href=\"https:\/\/abc-office.eu\/sl\/kontakt\/\" \/>\n<meta property=\"og:locale\" content=\"sl_SI\" \/>\n<meta property=\"og:type\" content=\"article\" \/>\n<meta property=\"og:title\" content=\"Kontakt prevajanje | Prevajalec Evropska unija Zdru\u017eeno kraljestvo\" \/>\n<meta property=\"og:description\" content=\"ABC Translation: Kontakt | Prevod spletne strani | Prevod uradnih dokumentov | Strokovni prevod | Evropska unija\" \/>\n<meta property=\"og:url\" content=\"https:\/\/abc-office.eu\/sl\/kontakt\/\" \/>\n<meta property=\"og:site_name\" content=\"ABC Translation\" \/>\n<meta property=\"article:modified_time\" content=\"2025-10-30T05:58:16+00:00\" \/>\n<meta property=\"og:image\" content=\"https:\/\/abc-office.eu\/wp-content\/uploads\/2025\/10\/Flag_of_Europe-2-768x512-14.png\" \/>\n\t<meta property=\"og:image:width\" content=\"768\" \/>\n\t<meta property=\"og:image:height\" content=\"512\" \/>\n\t<meta property=\"og:image:type\" content=\"image\/png\" \/>\n<meta name=\"twitter:card\" content=\"summary_large_image\" \/>\n<meta name=\"twitter:label1\" content=\"Est. reading time\" \/>\n\t<meta name=\"twitter:data1\" content=\"2 minuti\" \/>\n<script type=\"application\/ld+json\" class=\"yoast-schema-graph\">{\"@context\":\"https:\/\/schema.org\",\"@graph\":[{\"@type\":\"WebPage\",\"@id\":\"https:\/\/abc-office.eu\/sl\/kontakt\/\",\"url\":\"https:\/\/abc-office.eu\/sl\/kontakt\/\",\"name\":\"Kontakt prevajanje | Prevajalec Evropska unija Zdru\u017eeno kraljestvo\",\"isPartOf\":{\"@id\":\"https:\/\/abc-office.eu\/sl\/#website\"},\"primaryImageOfPage\":{\"@id\":\"https:\/\/abc-office.eu\/sl\/kontakt\/#primaryimage\"},\"image\":{\"@id\":\"https:\/\/abc-office.eu\/sl\/kontakt\/#primaryimage\"},\"thumbnailUrl\":\"https:\/\/abc-office.eu\/wp-content\/uploads\/2025\/10\/Flag_of_Europe-2-768x512-14.png\",\"datePublished\":\"2022-04-25T08:26:44+00:00\",\"dateModified\":\"2025-10-30T05:58:16+00:00\",\"description\":\"ABC Translation: Kontakt | Prevod spletne strani | Prevod uradnih dokumentov | Strokovni prevod | Evropska unija\",\"breadcrumb\":{\"@id\":\"https:\/\/abc-office.eu\/sl\/kontakt\/#breadcrumb\"},\"inLanguage\":\"sl-SI\",\"potentialAction\":[{\"@type\":\"ReadAction\",\"target\":[\"https:\/\/abc-office.eu\/sl\/kontakt\/\"]}]},{\"@type\":\"ImageObject\",\"inLanguage\":\"sl-SI\",\"@id\":\"https:\/\/abc-office.eu\/sl\/kontakt\/#primaryimage\",\"url\":\"https:\/\/abc-office.eu\/wp-content\/uploads\/2025\/10\/Flag_of_Europe-2-768x512-14.png\",\"contentUrl\":\"https:\/\/abc-office.eu\/wp-content\/uploads\/2025\/10\/Flag_of_Europe-2-768x512-14.png\",\"width\":768,\"height\":512},{\"@type\":\"BreadcrumbList\",\"@id\":\"https:\/\/abc-office.eu\/sl\/kontakt\/#breadcrumb\",\"itemListElement\":[{\"@type\":\"ListItem\",\"position\":1,\"name\":\"Accueil\",\"item\":\"https:\/\/abc-office.eu\/sl\/\"},{\"@type\":\"ListItem\",\"position\":2,\"name\":\"Kontakt\"}]},{\"@type\":\"WebSite\",\"@id\":\"https:\/\/abc-office.eu\/sl\/#website\",\"url\":\"https:\/\/abc-office.eu\/sl\/\",\"name\":\"ABC Translation\",\"description\":\"info@abc-office.eu\",\"potentialAction\":[{\"@type\":\"SearchAction\",\"target\":{\"@type\":\"EntryPoint\",\"urlTemplate\":\"https:\/\/abc-office.eu\/sl\/?s={search_term_string}\"},\"query-input\":{\"@type\":\"PropertyValueSpecification\",\"valueRequired\":true,\"valueName\":\"search_term_string\"}}],\"inLanguage\":\"sl-SI\"}]}<\/script>\n<!-- \/ Yoast SEO plugin. -->","yoast_head_json":{"title":"Kontakt prevajanje | Prevajalec Evropska unija Zdru\u017eeno kraljestvo","description":"ABC Translation: Kontakt | Prevod spletne strani | Prevod uradnih dokumentov | Strokovni prevod | Evropska unija","robots":{"index":"index","follow":"follow","max-snippet":"max-snippet:-1","max-image-preview":"max-image-preview:large","max-video-preview":"max-video-preview:-1"},"canonical":"https:\/\/abc-office.eu\/sl\/kontakt\/","og_locale":"sl_SI","og_type":"article","og_title":"Kontakt prevajanje | Prevajalec Evropska unija Zdru\u017eeno kraljestvo","og_description":"ABC Translation: Kontakt | Prevod spletne strani | Prevod uradnih dokumentov | Strokovni prevod | Evropska unija","og_url":"https:\/\/abc-office.eu\/sl\/kontakt\/","og_site_name":"ABC Translation","article_modified_time":"2025-10-30T05:58:16+00:00","og_image":[{"width":768,"height":512,"url":"https:\/\/abc-office.eu\/wp-content\/uploads\/2025\/10\/Flag_of_Europe-2-768x512-14.png","type":"image\/png"}],"twitter_card":"summary_large_image","twitter_misc":{"Est. reading time":"2 minuti"},"schema":{"@context":"https:\/\/schema.org","@graph":[{"@type":"WebPage","@id":"https:\/\/abc-office.eu\/sl\/kontakt\/","url":"https:\/\/abc-office.eu\/sl\/kontakt\/","name":"Kontakt prevajanje | Prevajalec Evropska unija Zdru\u017eeno kraljestvo","isPartOf":{"@id":"https:\/\/abc-office.eu\/sl\/#website"},"primaryImageOfPage":{"@id":"https:\/\/abc-office.eu\/sl\/kontakt\/#primaryimage"},"image":{"@id":"https:\/\/abc-office.eu\/sl\/kontakt\/#primaryimage"},"thumbnailUrl":"https:\/\/abc-office.eu\/wp-content\/uploads\/2025\/10\/Flag_of_Europe-2-768x512-14.png","datePublished":"2022-04-25T08:26:44+00:00","dateModified":"2025-10-30T05:58:16+00:00","description":"ABC Translation: Kontakt | Prevod spletne strani | Prevod uradnih dokumentov | Strokovni prevod | Evropska unija","breadcrumb":{"@id":"https:\/\/abc-office.eu\/sl\/kontakt\/#breadcrumb"},"inLanguage":"sl-SI","potentialAction":[{"@type":"ReadAction","target":["https:\/\/abc-office.eu\/sl\/kontakt\/"]}]},{"@type":"ImageObject","inLanguage":"sl-SI","@id":"https:\/\/abc-office.eu\/sl\/kontakt\/#primaryimage","url":"https:\/\/abc-office.eu\/wp-content\/uploads\/2025\/10\/Flag_of_Europe-2-768x512-14.png","contentUrl":"https:\/\/abc-office.eu\/wp-content\/uploads\/2025\/10\/Flag_of_Europe-2-768x512-14.png","width":768,"height":512},{"@type":"BreadcrumbList","@id":"https:\/\/abc-office.eu\/sl\/kontakt\/#breadcrumb","itemListElement":[{"@type":"ListItem","position":1,"name":"Accueil","item":"https:\/\/abc-office.eu\/sl\/"},{"@type":"ListItem","position":2,"name":"Kontakt"}]},{"@type":"WebSite","@id":"https:\/\/abc-office.eu\/sl\/#website","url":"https:\/\/abc-office.eu\/sl\/","name":"ABC Translation","description":"info@abc-office.eu","potentialAction":[{"@type":"SearchAction","target":{"@type":"EntryPoint","urlTemplate":"https:\/\/abc-office.eu\/sl\/?s={search_term_string}"},"query-input":{"@type":"PropertyValueSpecification","valueRequired":true,"valueName":"search_term_string"}}],"inLanguage":"sl-SI"}]}},"_links":{"self":[{"href":"https:\/\/abc-office.eu\/sl\/wp-json\/wp\/v2\/pages\/231570","targetHints":{"allow":["GET"]}}],"collection":[{"href":"https:\/\/abc-office.eu\/sl\/wp-json\/wp\/v2\/pages"}],"about":[{"href":"https:\/\/abc-office.eu\/sl\/wp-json\/wp\/v2\/types\/page"}],"author":[{"embeddable":true,"href":"https:\/\/abc-office.eu\/sl\/wp-json\/wp\/v2\/users\/1"}],"replies":[{"embeddable":true,"href":"https:\/\/abc-office.eu\/sl\/wp-json\/wp\/v2\/comments?post=231570"}],"version-history":[{"count":2,"href":"https:\/\/abc-office.eu\/sl\/wp-json\/wp\/v2\/pages\/231570\/revisions"}],"predecessor-version":[{"id":233028,"href":"https:\/\/abc-office.eu\/sl\/wp-json\/wp\/v2\/pages\/231570\/revisions\/233028"}],"wp:featuredmedia":[{"embeddable":true,"href":"https:\/\/abc-office.eu\/sl\/wp-json\/wp\/v2\/media\/231571"}],"wp:attachment":[{"href":"https:\/\/abc-office.eu\/sl\/wp-json\/wp\/v2\/media?parent=231570"}],"curies":[{"name":"wp","href":"https:\/\/api.w.org\/{rel}","templated":true}]}}