{"id":231514,"date":"2017-02-16T09:16:01","date_gmt":"2017-02-16T08:16:01","guid":{"rendered":"https:\/\/abc-office.eu\/?page_id=231514"},"modified":"2025-10-30T06:52:53","modified_gmt":"2025-10-30T05:52:53","slug":"nepremicnine","status":"publish","type":"page","link":"https:\/\/abc-office.eu\/sl\/nepremicnine\/","title":{"rendered":"Nepremi\u010dnine"},"content":{"rendered":"<h2 data-start=\"0\" data-end=\"18\"><strong data-start=\"0\" data-end=\"16\">Nepremi\u010dnine<\/strong><\/h2>\n<p style=\"text-align: justify;\" data-start=\"20\" data-end=\"385\">Na\u0161a nepremi\u010dninska agencija, ABC Translation, je za\u010dela leta 2017 z nakupom 5,5-sobnega stanovanja v \u0160vici, da bi ga spremenila v mednarodno \u0161tudentsko rezidenco. Ker sta v bli\u017eini Univerza v Lozani in Zvezna politehni\u010dna \u0161ola v Lozani (fr. \u00c9cole Polytechnique F\u00e9d\u00e9rale de Lausanne, EPFL), je rezidenca postala uspe\u0161na takoj po odprtju septembra 2017. \u0160tiri sobe so bile oddane v nekaj dneh in tako je nastal na\u0161 nepremi\u010dninski oddelek.<\/p>\n<p style=\"text-align: justify;\" data-start=\"387\" data-end=\"549\">Od te prve izku\u0161nje smo se \u0161e naprej razvijali in zdaj smo sposobni upravljati nakup, prodajo, oddajo in upravljanje va\u0161e nepremi\u010dnine v \u0160vici in tudi v tujini.<\/p>\n<h3 data-start=\"551\" data-end=\"563\"><strong data-start=\"551\" data-end=\"561\">Nakup:<\/strong><\/h3>\n<p style=\"text-align: justify;\" data-start=\"565\" data-end=\"943\">Nakup nepremi\u010dnine je izjemno pomembna odlo\u010ditev, ki bo vplivala na va\u0161o prihodnost v naslednjih letih. Tak\u0161ne odlo\u010ditve ne gre sprejemati zlahka. Zato je pomembno izbrati pravega partnerja, ki vas lahko svetuje o ve\u010d klju\u010dnih dejavnikih, kot so stanje nepremi\u010dnine, izra\u010dun hipoteke in dolgoro\u010dna donosnost nalo\u017ebe. Dobra analiza situacije zagotavlja varen in stabilen nakup.<\/p>\n<h3 data-start=\"945\" data-end=\"959\"><strong data-start=\"945\" data-end=\"957\">Prodaja:<\/strong><\/h3>\n<p style=\"text-align: justify;\" data-start=\"961\" data-end=\"1382\">Nepremi\u010dninski trg v \u0160vici se nenehno razvija, cene pa stalno rastejo. Dosegli smo odlo\u010dilno to\u010dko, ko je ponudba presegla povpra\u0161evanje, zato je zdaj te\u017eje prodati svojo nepremi\u010dnino zaradi velike koli\u010dine ponudb na trgu. S pomo\u010djo strokovnjaka si zagotovite ve\u010dje mo\u017enosti, da boste nepremi\u010dnino prodali hitreje in po \u017eeleni ceni. Izkoristite na\u0161o mre\u017eo po vsej \u0160vici in v tujini, da pove\u010date svoje mo\u017enosti za uspeh.<\/p>\n<h3 data-start=\"1384\" data-end=\"1397\"><strong data-start=\"1384\" data-end=\"1395\">Oddaja:<\/strong><\/h3>\n<p style=\"text-align: justify;\" data-start=\"1399\" data-end=\"1794\">Oddajanje nepremi\u010dnine se morda zdi preprosto, vendar obstaja ve\u010d pasti, ki se jim je treba izogniti, ko \u017eelite oddati stanovanje, hi\u0161o ali sobo. Preden razmislite o potencialnem najemniku, morate pripraviti popolno dokumentacijo, na primer izpis iz sodnega registra in zadnje tri pla\u010dilne liste. Nato mora biti var\u0161\u010dina pla\u010dana z ban\u010dnim nakazilom ali z najemnim jamstvom preko zavarovalnice.<\/p>\n<h3 data-start=\"1796\" data-end=\"1824\"><strong data-start=\"1796\" data-end=\"1822\">\u0160tudentske nastanitve:<\/strong><\/h3>\n<p style=\"text-align: justify;\" data-start=\"1826\" data-end=\"2117\">Na voljo imamo ve\u010d \u0161tudentskih nastanitev za kraj\u0161e ali dalj\u0161e obdobje. Ve\u010dina na\u0161ih nastanitev se nahaja v bli\u017eini Univerze v Lozani, Zvezna politehni\u010dna \u0161ola v Lozani (fr. \u00c9cole polytechnique f\u00e9d\u00e9rale de Lausanne (EPFL)), Kantonalna \u0161ola za umetnost v Lozani (fr. \u00c9cole cantonale d&#8217;art de Lausanne (ECAL)) in EHL (Vi\u0161ja \u0161ola za hotelirstvo v Lozani (fr. \u00c9cole h\u00f4teli\u00e8re de Lausanne, EHL). Najbolj iskane so skupne sobe in garsonjere. Da bi zagotovili nastanitev ob za\u010detku \u0161tudijskega leta, je potrebno na\u010drtovati vnaprej.<\/p>\n<h3 data-start=\"2119\" data-end=\"2158\"><strong data-start=\"2119\" data-end=\"2156\">Iskalec stanovanj (nepremi\u010dnine):<\/strong><\/h3>\n<p style=\"text-align: justify;\" data-start=\"2160\" data-end=\"2469\">Imate te\u017eave pri iskanju nastanitve, ki ustreza va\u0161im kriterijem, ali pri iskanju najemnega stanovanja? Na\u0161i iskalci stanovanj so vam na voljo, da vam pomagajo najti nepremi\u010dnino v najkraj\u0161em mo\u017enem \u010dasu. Zahvaljujo\u010d na\u0161i mre\u017ei in strokovnosti vam bomo hitro na\u0161li nastanitev, ki bo v skladu z va\u0161imi zahtevami.<\/p>\n<h3 data-start=\"2471\" data-end=\"2490\">Priprava nepremi\u010dnine za prodajo:<\/h3>\n<p style=\"text-align: justify;\" data-start=\"2492\" data-end=\"2804\">Imate te\u017eave pri prodaji va\u0161e nepremi\u010dnine? V tem primeru se lahko obrnete na na\u0161o ekipo za pripravo nepremi\u010dnine za prodajo, ki je specializirana za stilsko pripravo stanovanj in hi\u0161 za prodajo. Ta pristop se je izkazal kot zelo u\u010dinkovit pri nepremi\u010dninah, ki potrebujejo hitro prenovo ali nekaj izbolj\u0161av za pove\u010danje privla\u010dnosti.<\/p>\n<h3 data-start=\"2806\" data-end=\"2843\"><strong data-start=\"2806\" data-end=\"2841\">Ocena vrednosti (nepremi\u010dnine):<\/strong><\/h3>\n<p style=\"text-align: justify;\" data-start=\"2845\" data-end=\"3086\" data-is-last-node=\"\" data-is-only-node=\"\">Natan\u010dna ocena vrednosti nepremi\u010dnine glede na tr\u017eno ceno je klju\u010dna za uspe\u0161no prodajo po pravi ceni. Na podlagi kriterijev, kot sta leto izgradnje in lokacija, bomo lahko ocenili va\u0161o nepremi\u010dnino \u010dim bli\u017eje njeni dejanski tr\u017eni <a href=\"https:\/\/abc-office.eu\/sl\/\">vrednosti<\/a>.<\/p>\n<p data-start=\"2845\" data-end=\"3086\" data-is-last-node=\"\" data-is-only-node=\"\"><a href=\"https:\/\/www.instagram.com\/dr_immo\/?hl=fr\"><img loading=\"lazy\" decoding=\"async\" class=\"aligncenter wp-image-109\" src=\"https:\/\/abc-office.ch\/wp-content\/uploads\/2018\/06\/Dr_Immo.jpg\" alt=\"Nepremi\u010dnine\" width=\"222\" height=\"222\" \/><\/a><\/p>\n","protected":false},"excerpt":{"rendered":"<p>Nepremi\u010dnine Na\u0161a nepremi\u010dninska agencija, ABC Translation, je za\u010dela leta 2017 z nakupom 5,5-sobnega stanovanja v \u0160vici, da bi ga spremenila v mednarodno \u0161tudentsko rezidenco. Ker sta v bli\u017eini Univerza v Lozani in Zvezna politehni\u010dna \u0161ola v Lozani (fr. \u00c9cole Polytechnique F\u00e9d\u00e9rale de Lausanne, EPFL), je rezidenca postala uspe\u0161na takoj po odprtju septembra 2017. \u0160tiri sobe&#8230;<\/p>\n","protected":false},"author":1,"featured_media":231515,"parent":0,"menu_order":0,"comment_status":"closed","ping_status":"closed","template":"","meta":{"sfsi_plus_gutenberg_text_before_share":"","sfsi_plus_gutenberg_show_text_before_share":"","sfsi_plus_gutenberg_icon_type":"","sfsi_plus_gutenberg_icon_alignemt":"","sfsi_plus_gutenburg_max_per_row":"","footnotes":""},"class_list":["post-231514","page","type-page","status-publish","has-post-thumbnail","hentry"],"yoast_head":"<!-- This site is optimized with the Yoast SEO plugin v23.8 - https:\/\/yoast.com\/wordpress\/plugins\/seo\/ -->\n<title>Nepremi\u010dnine l ABC Translation l Nakup l Prodaja l Najem<\/title>\n<meta name=\"description\" content=\"ABC Translation l Nepremi\u010dnine l Nakup l Prodaja l Najem l Oddaja l \u0160tudentske nastanitve l Home Staging l Nepremi\u010dninska agencija v Evropski\" \/>\n<meta name=\"robots\" content=\"index, follow, max-snippet:-1, max-image-preview:large, max-video-preview:-1\" \/>\n<link rel=\"canonical\" href=\"https:\/\/abc-office.eu\/sl\/nepremicnine\/\" \/>\n<meta property=\"og:locale\" content=\"sl_SI\" \/>\n<meta property=\"og:type\" content=\"article\" \/>\n<meta property=\"og:title\" content=\"Nepremi\u010dnine l ABC Translation l Nakup l Prodaja l Najem\" \/>\n<meta property=\"og:description\" content=\"ABC Translation l Nepremi\u010dnine l Nakup l Prodaja l Najem l Oddaja l \u0160tudentske nastanitve l Home Staging l Nepremi\u010dninska agencija v Evropski\" \/>\n<meta property=\"og:url\" content=\"https:\/\/abc-office.eu\/sl\/nepremicnine\/\" \/>\n<meta property=\"og:site_name\" content=\"ABC Translation\" \/>\n<meta property=\"article:modified_time\" content=\"2025-10-30T05:52:53+00:00\" \/>\n<meta property=\"og:image\" content=\"https:\/\/abc-office.eu\/wp-content\/uploads\/2025\/10\/Immo-768x513-14.jpg\" \/>\n\t<meta property=\"og:image:width\" content=\"768\" \/>\n\t<meta property=\"og:image:height\" content=\"513\" \/>\n\t<meta property=\"og:image:type\" content=\"image\/jpeg\" \/>\n<meta name=\"twitter:card\" content=\"summary_large_image\" \/>\n<meta name=\"twitter:label1\" content=\"Est. reading time\" \/>\n\t<meta name=\"twitter:data1\" content=\"3 minute\" \/>\n<script type=\"application\/ld+json\" class=\"yoast-schema-graph\">{\"@context\":\"https:\/\/schema.org\",\"@graph\":[{\"@type\":\"WebPage\",\"@id\":\"https:\/\/abc-office.eu\/sl\/nepremicnine\/\",\"url\":\"https:\/\/abc-office.eu\/sl\/nepremicnine\/\",\"name\":\"Nepremi\u010dnine l ABC Translation l Nakup l Prodaja l Najem\",\"isPartOf\":{\"@id\":\"https:\/\/abc-office.eu\/sl\/#website\"},\"primaryImageOfPage\":{\"@id\":\"https:\/\/abc-office.eu\/sl\/nepremicnine\/#primaryimage\"},\"image\":{\"@id\":\"https:\/\/abc-office.eu\/sl\/nepremicnine\/#primaryimage\"},\"thumbnailUrl\":\"https:\/\/abc-office.eu\/wp-content\/uploads\/2025\/10\/Immo-768x513-14.jpg\",\"datePublished\":\"2017-02-16T08:16:01+00:00\",\"dateModified\":\"2025-10-30T05:52:53+00:00\",\"description\":\"ABC Translation l Nepremi\u010dnine l Nakup l Prodaja l Najem l Oddaja l \u0160tudentske nastanitve l Home Staging l Nepremi\u010dninska agencija v Evropski\",\"breadcrumb\":{\"@id\":\"https:\/\/abc-office.eu\/sl\/nepremicnine\/#breadcrumb\"},\"inLanguage\":\"sl-SI\",\"potentialAction\":[{\"@type\":\"ReadAction\",\"target\":[\"https:\/\/abc-office.eu\/sl\/nepremicnine\/\"]}]},{\"@type\":\"ImageObject\",\"inLanguage\":\"sl-SI\",\"@id\":\"https:\/\/abc-office.eu\/sl\/nepremicnine\/#primaryimage\",\"url\":\"https:\/\/abc-office.eu\/wp-content\/uploads\/2025\/10\/Immo-768x513-14.jpg\",\"contentUrl\":\"https:\/\/abc-office.eu\/wp-content\/uploads\/2025\/10\/Immo-768x513-14.jpg\",\"width\":768,\"height\":513},{\"@type\":\"BreadcrumbList\",\"@id\":\"https:\/\/abc-office.eu\/sl\/nepremicnine\/#breadcrumb\",\"itemListElement\":[{\"@type\":\"ListItem\",\"position\":1,\"name\":\"Accueil\",\"item\":\"https:\/\/abc-office.eu\/sl\/\"},{\"@type\":\"ListItem\",\"position\":2,\"name\":\"Nepremi\u010dnine\"}]},{\"@type\":\"WebSite\",\"@id\":\"https:\/\/abc-office.eu\/sl\/#website\",\"url\":\"https:\/\/abc-office.eu\/sl\/\",\"name\":\"ABC Translation\",\"description\":\"info@abc-office.eu\",\"potentialAction\":[{\"@type\":\"SearchAction\",\"target\":{\"@type\":\"EntryPoint\",\"urlTemplate\":\"https:\/\/abc-office.eu\/sl\/?s={search_term_string}\"},\"query-input\":{\"@type\":\"PropertyValueSpecification\",\"valueRequired\":true,\"valueName\":\"search_term_string\"}}],\"inLanguage\":\"sl-SI\"}]}<\/script>\n<!-- \/ Yoast SEO plugin. -->","yoast_head_json":{"title":"Nepremi\u010dnine l ABC Translation l Nakup l Prodaja l Najem","description":"ABC Translation l Nepremi\u010dnine l Nakup l Prodaja l Najem l Oddaja l \u0160tudentske nastanitve l Home Staging l Nepremi\u010dninska agencija v Evropski","robots":{"index":"index","follow":"follow","max-snippet":"max-snippet:-1","max-image-preview":"max-image-preview:large","max-video-preview":"max-video-preview:-1"},"canonical":"https:\/\/abc-office.eu\/sl\/nepremicnine\/","og_locale":"sl_SI","og_type":"article","og_title":"Nepremi\u010dnine l ABC Translation l Nakup l Prodaja l Najem","og_description":"ABC Translation l Nepremi\u010dnine l Nakup l Prodaja l Najem l Oddaja l \u0160tudentske nastanitve l Home Staging l Nepremi\u010dninska agencija v Evropski","og_url":"https:\/\/abc-office.eu\/sl\/nepremicnine\/","og_site_name":"ABC Translation","article_modified_time":"2025-10-30T05:52:53+00:00","og_image":[{"width":768,"height":513,"url":"https:\/\/abc-office.eu\/wp-content\/uploads\/2025\/10\/Immo-768x513-14.jpg","type":"image\/jpeg"}],"twitter_card":"summary_large_image","twitter_misc":{"Est. reading time":"3 minute"},"schema":{"@context":"https:\/\/schema.org","@graph":[{"@type":"WebPage","@id":"https:\/\/abc-office.eu\/sl\/nepremicnine\/","url":"https:\/\/abc-office.eu\/sl\/nepremicnine\/","name":"Nepremi\u010dnine l ABC Translation l Nakup l Prodaja l Najem","isPartOf":{"@id":"https:\/\/abc-office.eu\/sl\/#website"},"primaryImageOfPage":{"@id":"https:\/\/abc-office.eu\/sl\/nepremicnine\/#primaryimage"},"image":{"@id":"https:\/\/abc-office.eu\/sl\/nepremicnine\/#primaryimage"},"thumbnailUrl":"https:\/\/abc-office.eu\/wp-content\/uploads\/2025\/10\/Immo-768x513-14.jpg","datePublished":"2017-02-16T08:16:01+00:00","dateModified":"2025-10-30T05:52:53+00:00","description":"ABC Translation l Nepremi\u010dnine l Nakup l Prodaja l Najem l Oddaja l \u0160tudentske nastanitve l Home Staging l Nepremi\u010dninska agencija v Evropski","breadcrumb":{"@id":"https:\/\/abc-office.eu\/sl\/nepremicnine\/#breadcrumb"},"inLanguage":"sl-SI","potentialAction":[{"@type":"ReadAction","target":["https:\/\/abc-office.eu\/sl\/nepremicnine\/"]}]},{"@type":"ImageObject","inLanguage":"sl-SI","@id":"https:\/\/abc-office.eu\/sl\/nepremicnine\/#primaryimage","url":"https:\/\/abc-office.eu\/wp-content\/uploads\/2025\/10\/Immo-768x513-14.jpg","contentUrl":"https:\/\/abc-office.eu\/wp-content\/uploads\/2025\/10\/Immo-768x513-14.jpg","width":768,"height":513},{"@type":"BreadcrumbList","@id":"https:\/\/abc-office.eu\/sl\/nepremicnine\/#breadcrumb","itemListElement":[{"@type":"ListItem","position":1,"name":"Accueil","item":"https:\/\/abc-office.eu\/sl\/"},{"@type":"ListItem","position":2,"name":"Nepremi\u010dnine"}]},{"@type":"WebSite","@id":"https:\/\/abc-office.eu\/sl\/#website","url":"https:\/\/abc-office.eu\/sl\/","name":"ABC Translation","description":"info@abc-office.eu","potentialAction":[{"@type":"SearchAction","target":{"@type":"EntryPoint","urlTemplate":"https:\/\/abc-office.eu\/sl\/?s={search_term_string}"},"query-input":{"@type":"PropertyValueSpecification","valueRequired":true,"valueName":"search_term_string"}}],"inLanguage":"sl-SI"}]}},"_links":{"self":[{"href":"https:\/\/abc-office.eu\/sl\/wp-json\/wp\/v2\/pages\/231514","targetHints":{"allow":["GET"]}}],"collection":[{"href":"https:\/\/abc-office.eu\/sl\/wp-json\/wp\/v2\/pages"}],"about":[{"href":"https:\/\/abc-office.eu\/sl\/wp-json\/wp\/v2\/types\/page"}],"author":[{"embeddable":true,"href":"https:\/\/abc-office.eu\/sl\/wp-json\/wp\/v2\/users\/1"}],"replies":[{"embeddable":true,"href":"https:\/\/abc-office.eu\/sl\/wp-json\/wp\/v2\/comments?post=231514"}],"version-history":[{"count":3,"href":"https:\/\/abc-office.eu\/sl\/wp-json\/wp\/v2\/pages\/231514\/revisions"}],"predecessor-version":[{"id":233025,"href":"https:\/\/abc-office.eu\/sl\/wp-json\/wp\/v2\/pages\/231514\/revisions\/233025"}],"wp:featuredmedia":[{"embeddable":true,"href":"https:\/\/abc-office.eu\/sl\/wp-json\/wp\/v2\/media\/231515"}],"wp:attachment":[{"href":"https:\/\/abc-office.eu\/sl\/wp-json\/wp\/v2\/media?parent=231514"}],"curies":[{"name":"wp","href":"https:\/\/api.w.org\/{rel}","templated":true}]}}