{"id":231430,"date":"2017-02-16T09:13:19","date_gmt":"2017-02-16T08:13:19","guid":{"rendered":"https:\/\/abc-office.eu\/?page_id=231430"},"modified":"2025-10-30T06:31:28","modified_gmt":"2025-10-30T05:31:28","slug":"doma-a-stran","status":"publish","type":"page","link":"https:\/\/abc-office.eu\/sl\/","title":{"rendered":"Doma\u010da stran"},"content":{"rendered":"<h2 data-start=\"0\" data-end=\"21\"><strong data-start=\"0\" data-end=\"19\">ABC Translation<\/strong><\/h2>\n<p style=\"text-align: justify;\" data-start=\"23\" data-end=\"496\">ABC Translation je specializirano podjetje na ve\u010d podro\u010djih, kot so prevajanje, nepremi\u010dnine, overitve oz. legalizacije, pravo in selitve. S skupino ve\u010d kot 500 zaposlenih po vsem svetu je ABC Translation vodilno podjetje na teh podro\u010djih in lahko deluje zelo hitro zahvaljujo\u010d svoji veliki ekipi usposobljenih strokovnjakov. Podjetje zastopa 55 razli\u010dnih narodnosti in ima povezave v ve\u010d kot 85 dr\u017eavah. Izkoristilo je globalizacijo za privabljanje vse bolj zahtevne stranke.<\/p>\n<h3 data-start=\"498\" data-end=\"532\"><strong data-start=\"498\" data-end=\"530\">ABC Translation v \u0161tevilkah:<\/strong><\/h3>\n<ul>\n<li data-start=\"534\" data-end=\"718\">500 zaposlenih po vsem svetu<\/li>\n<li data-start=\"534\" data-end=\"718\">60 govorjenih jezikov<\/li>\n<li data-start=\"534\" data-end=\"718\">4000 projektov na leto<\/li>\n<li data-start=\"534\" data-end=\"718\">Ve\u010d kot 10 let izku\u0161enj<\/li>\n<li data-start=\"534\" data-end=\"718\">Ve\u010d kot 1000 rednih poslovnih strank<\/li>\n<li data-start=\"534\" data-end=\"718\">Ve\u010d kot 2000 zasebnih strank na leto<\/li>\n<\/ul>\n<p style=\"text-align: justify;\" data-start=\"720\" data-end=\"1242\">Sodelujemo z ve\u010d notarskimi pisarnami, da lahko \u010dim hitreje legaliziramo razli\u010dne dokumente. Za dokumente, ki so namenjeni v tujino, sodelujemo z veleposlani\u0161tvi, konzulati in kanclerstvi. Ta sodelovanje med razli\u010dnimi uradi nam omogo\u010da, da smo zelo odzivni, ko gre za prevod in overitvijo\/legalizacijo va\u0161ih dokumentov v rekordnem \u010dasu. Poleg tega na\u0161i kolesarski kurirji zagotavljajo dostavo dokumentov razli\u010dnim pisarnam, pri \u010demer spo\u0161tujemo okolje. Za kon\u010dno po\u0161iljanje po Evropi in po vsem svetu uporabljamo evropske po\u0161tne storitve in DHL.<\/p>\n<p style=\"text-align: justify;\" data-start=\"1244\" data-end=\"1716\">Kakovost in hitrost na\u0161ih storitev sta skozi leta naredili razliko. Na tem podro\u010dju je odzivnost klju\u010d do uspeha. Na\u0161a infrastruktura je zasnovana tako, da lahko hitreje odgovorimo na zahteve strank. Za hiter stik nas lahko kontaktirate po telefonu ali e-po\u0161ti. Obrazec za stik na desni strani strani je prav tako na voljo, \u0161e posebej za po\u0161iljanje dokumentov. Obi\u010dajno po\u0161ljemo ponudbo v 10 do 20 minutah po prejemu datotek. Vsebuje skupno ceno in \u010das obdelave projekta.<\/p>\n<p style=\"text-align: justify;\" data-start=\"1718\" data-end=\"1782\" data-is-last-node=\"\" data-is-only-node=\"\">Celotna ekipa vam je vedno na voljo in veselimo se sodelovanja z vami.<\/p>\n<p data-start=\"1718\" data-end=\"1782\" data-is-last-node=\"\" data-is-only-node=\"\"><img loading=\"lazy\" decoding=\"async\" class=\"wp-image-298 aligncenter\" src=\"https:\/\/abc-office.ch\/wp-content\/uploads\/2020\/03\/bim91-1024x682.jpg\" alt=\"ABC Translation\" width=\"628\" height=\"418\" \/><\/p>\n","protected":false},"excerpt":{"rendered":"<p>ABC Translation ABC Translation je specializirano podjetje na ve\u010d podro\u010djih, kot so prevajanje, nepremi\u010dnine, overitve oz. legalizacije, pravo in selitve. S skupino ve\u010d kot 500 zaposlenih po vsem svetu je ABC Translation vodilno podjetje na teh podro\u010djih in lahko deluje zelo hitro zahvaljujo\u010d svoji veliki ekipi usposobljenih strokovnjakov. Podjetje zastopa 55 razli\u010dnih narodnosti in ima&#8230;<\/p>\n","protected":false},"author":1,"featured_media":231431,"parent":0,"menu_order":0,"comment_status":"closed","ping_status":"closed","template":"","meta":{"sfsi_plus_gutenberg_text_before_share":"","sfsi_plus_gutenberg_show_text_before_share":"","sfsi_plus_gutenberg_icon_type":"","sfsi_plus_gutenberg_icon_alignemt":"","sfsi_plus_gutenburg_max_per_row":"","footnotes":""},"class_list":["post-231430","page","type-page","status-publish","has-post-thumbnail","hentry"],"yoast_head":"<!-- This site is optimized with the Yoast SEO plugin v23.8 - https:\/\/yoast.com\/wordpress\/plugins\/seo\/ -->\n<title>ABC Translation l Prevajanje l Legalizacija l Nepremi\u010dnine<\/title>\n<meta name=\"description\" content=\"ABC Translation l Legalizacija l Nepremi\u010dnine l Izseljenci l Tolma\u010denje l Notar l Odvetni\u0161ka pisarna l Selitev oseb l Podjetje\" \/>\n<meta name=\"robots\" content=\"index, follow, max-snippet:-1, max-image-preview:large, max-video-preview:-1\" \/>\n<link rel=\"canonical\" href=\"https:\/\/abc-office.eu\/sl\/\" \/>\n<meta property=\"og:locale\" content=\"sl_SI\" \/>\n<meta property=\"og:type\" content=\"article\" \/>\n<meta property=\"og:title\" content=\"ABC Translation l Prevajanje l Legalizacija l Nepremi\u010dnine\" \/>\n<meta property=\"og:description\" content=\"ABC Translation l Legalizacija l Nepremi\u010dnine l Izseljenci l Tolma\u010denje l Notar l Odvetni\u0161ka pisarna l Selitev oseb l Podjetje\" \/>\n<meta property=\"og:url\" content=\"https:\/\/abc-office.eu\/sl\/\" \/>\n<meta property=\"og:site_name\" content=\"ABC Translation\" \/>\n<meta property=\"article:modified_time\" content=\"2025-10-30T05:31:28+00:00\" \/>\n<meta property=\"og:image\" content=\"https:\/\/abc-office.eu\/wp-content\/uploads\/2025\/10\/6190976a-768x433-14.jpg\" \/>\n\t<meta property=\"og:image:width\" content=\"768\" \/>\n\t<meta property=\"og:image:height\" content=\"433\" \/>\n\t<meta property=\"og:image:type\" content=\"image\/jpeg\" \/>\n<meta name=\"twitter:card\" content=\"summary_large_image\" \/>\n<meta name=\"twitter:label1\" content=\"Est. reading time\" \/>\n\t<meta name=\"twitter:data1\" content=\"2 minuti\" \/>\n<script type=\"application\/ld+json\" class=\"yoast-schema-graph\">{\"@context\":\"https:\/\/schema.org\",\"@graph\":[{\"@type\":\"WebPage\",\"@id\":\"https:\/\/abc-office.eu\/sl\/\",\"url\":\"https:\/\/abc-office.eu\/sl\/\",\"name\":\"ABC Translation l Prevajanje l Legalizacija l Nepremi\u010dnine\",\"isPartOf\":{\"@id\":\"https:\/\/abc-office.eu\/sl\/#website\"},\"primaryImageOfPage\":{\"@id\":\"https:\/\/abc-office.eu\/sl\/#primaryimage\"},\"image\":{\"@id\":\"https:\/\/abc-office.eu\/sl\/#primaryimage\"},\"thumbnailUrl\":\"https:\/\/abc-office.eu\/wp-content\/uploads\/2025\/10\/6190976a-768x433-14.jpg\",\"datePublished\":\"2017-02-16T08:13:19+00:00\",\"dateModified\":\"2025-10-30T05:31:28+00:00\",\"description\":\"ABC Translation l Legalizacija l Nepremi\u010dnine l Izseljenci l Tolma\u010denje l Notar l Odvetni\u0161ka pisarna l Selitev oseb l Podjetje\",\"breadcrumb\":{\"@id\":\"https:\/\/abc-office.eu\/sl\/#breadcrumb\"},\"inLanguage\":\"sl-SI\",\"potentialAction\":[{\"@type\":\"ReadAction\",\"target\":[\"https:\/\/abc-office.eu\/sl\/\"]}]},{\"@type\":\"ImageObject\",\"inLanguage\":\"sl-SI\",\"@id\":\"https:\/\/abc-office.eu\/sl\/#primaryimage\",\"url\":\"https:\/\/abc-office.eu\/wp-content\/uploads\/2025\/10\/6190976a-768x433-14.jpg\",\"contentUrl\":\"https:\/\/abc-office.eu\/wp-content\/uploads\/2025\/10\/6190976a-768x433-14.jpg\",\"width\":768,\"height\":433},{\"@type\":\"BreadcrumbList\",\"@id\":\"https:\/\/abc-office.eu\/sl\/#breadcrumb\",\"itemListElement\":[{\"@type\":\"ListItem\",\"position\":1,\"name\":\"Accueil\",\"item\":\"https:\/\/abc-office.eu\/sl\/\"},{\"@type\":\"ListItem\",\"position\":2,\"name\":\"Doma\u010da stran\"}]},{\"@type\":\"WebSite\",\"@id\":\"https:\/\/abc-office.eu\/sl\/#website\",\"url\":\"https:\/\/abc-office.eu\/sl\/\",\"name\":\"ABC Translation\",\"description\":\"info@abc-office.eu\",\"potentialAction\":[{\"@type\":\"SearchAction\",\"target\":{\"@type\":\"EntryPoint\",\"urlTemplate\":\"https:\/\/abc-office.eu\/sl\/?s={search_term_string}\"},\"query-input\":{\"@type\":\"PropertyValueSpecification\",\"valueRequired\":true,\"valueName\":\"search_term_string\"}}],\"inLanguage\":\"sl-SI\"}]}<\/script>\n<!-- \/ Yoast SEO plugin. -->","yoast_head_json":{"title":"ABC Translation l Prevajanje l Legalizacija l Nepremi\u010dnine","description":"ABC Translation l Legalizacija l Nepremi\u010dnine l Izseljenci l Tolma\u010denje l Notar l Odvetni\u0161ka pisarna l Selitev oseb l Podjetje","robots":{"index":"index","follow":"follow","max-snippet":"max-snippet:-1","max-image-preview":"max-image-preview:large","max-video-preview":"max-video-preview:-1"},"canonical":"https:\/\/abc-office.eu\/sl\/","og_locale":"sl_SI","og_type":"article","og_title":"ABC Translation l Prevajanje l Legalizacija l Nepremi\u010dnine","og_description":"ABC Translation l Legalizacija l Nepremi\u010dnine l Izseljenci l Tolma\u010denje l Notar l Odvetni\u0161ka pisarna l Selitev oseb l Podjetje","og_url":"https:\/\/abc-office.eu\/sl\/","og_site_name":"ABC Translation","article_modified_time":"2025-10-30T05:31:28+00:00","og_image":[{"width":768,"height":433,"url":"https:\/\/abc-office.eu\/wp-content\/uploads\/2025\/10\/6190976a-768x433-14.jpg","type":"image\/jpeg"}],"twitter_card":"summary_large_image","twitter_misc":{"Est. reading time":"2 minuti"},"schema":{"@context":"https:\/\/schema.org","@graph":[{"@type":"WebPage","@id":"https:\/\/abc-office.eu\/sl\/","url":"https:\/\/abc-office.eu\/sl\/","name":"ABC Translation l Prevajanje l Legalizacija l Nepremi\u010dnine","isPartOf":{"@id":"https:\/\/abc-office.eu\/sl\/#website"},"primaryImageOfPage":{"@id":"https:\/\/abc-office.eu\/sl\/#primaryimage"},"image":{"@id":"https:\/\/abc-office.eu\/sl\/#primaryimage"},"thumbnailUrl":"https:\/\/abc-office.eu\/wp-content\/uploads\/2025\/10\/6190976a-768x433-14.jpg","datePublished":"2017-02-16T08:13:19+00:00","dateModified":"2025-10-30T05:31:28+00:00","description":"ABC Translation l Legalizacija l Nepremi\u010dnine l Izseljenci l Tolma\u010denje l Notar l Odvetni\u0161ka pisarna l Selitev oseb l Podjetje","breadcrumb":{"@id":"https:\/\/abc-office.eu\/sl\/#breadcrumb"},"inLanguage":"sl-SI","potentialAction":[{"@type":"ReadAction","target":["https:\/\/abc-office.eu\/sl\/"]}]},{"@type":"ImageObject","inLanguage":"sl-SI","@id":"https:\/\/abc-office.eu\/sl\/#primaryimage","url":"https:\/\/abc-office.eu\/wp-content\/uploads\/2025\/10\/6190976a-768x433-14.jpg","contentUrl":"https:\/\/abc-office.eu\/wp-content\/uploads\/2025\/10\/6190976a-768x433-14.jpg","width":768,"height":433},{"@type":"BreadcrumbList","@id":"https:\/\/abc-office.eu\/sl\/#breadcrumb","itemListElement":[{"@type":"ListItem","position":1,"name":"Accueil","item":"https:\/\/abc-office.eu\/sl\/"},{"@type":"ListItem","position":2,"name":"Doma\u010da stran"}]},{"@type":"WebSite","@id":"https:\/\/abc-office.eu\/sl\/#website","url":"https:\/\/abc-office.eu\/sl\/","name":"ABC Translation","description":"info@abc-office.eu","potentialAction":[{"@type":"SearchAction","target":{"@type":"EntryPoint","urlTemplate":"https:\/\/abc-office.eu\/sl\/?s={search_term_string}"},"query-input":{"@type":"PropertyValueSpecification","valueRequired":true,"valueName":"search_term_string"}}],"inLanguage":"sl-SI"}]}},"_links":{"self":[{"href":"https:\/\/abc-office.eu\/sl\/wp-json\/wp\/v2\/pages\/231430","targetHints":{"allow":["GET"]}}],"collection":[{"href":"https:\/\/abc-office.eu\/sl\/wp-json\/wp\/v2\/pages"}],"about":[{"href":"https:\/\/abc-office.eu\/sl\/wp-json\/wp\/v2\/types\/page"}],"author":[{"embeddable":true,"href":"https:\/\/abc-office.eu\/sl\/wp-json\/wp\/v2\/users\/1"}],"replies":[{"embeddable":true,"href":"https:\/\/abc-office.eu\/sl\/wp-json\/wp\/v2\/comments?post=231430"}],"version-history":[{"count":3,"href":"https:\/\/abc-office.eu\/sl\/wp-json\/wp\/v2\/pages\/231430\/revisions"}],"predecessor-version":[{"id":233019,"href":"https:\/\/abc-office.eu\/sl\/wp-json\/wp\/v2\/pages\/231430\/revisions\/233019"}],"wp:featuredmedia":[{"embeddable":true,"href":"https:\/\/abc-office.eu\/sl\/wp-json\/wp\/v2\/media\/231431"}],"wp:attachment":[{"href":"https:\/\/abc-office.eu\/sl\/wp-json\/wp\/v2\/media?parent=231430"}],"curies":[{"name":"wp","href":"https:\/\/api.w.org\/{rel}","templated":true}]}}