{"id":230717,"date":"2024-11-17T02:17:51","date_gmt":"2024-11-17T01:17:51","guid":{"rendered":"https:\/\/abc-office.eu\/?page_id=230717"},"modified":"2025-10-28T14:40:19","modified_gmt":"2025-10-28T13:40:19","slug":"uradny-preklady-afrikancina-bratislava","status":"publish","type":"page","link":"https:\/\/abc-office.eu\/sk\/slovensko\/uradny-preklad-slovensko\/uradny-preklad-bratislava\/uradny-preklady-afrikancina-bratislava\/","title":{"rendered":"\u00daradn\u00fd preklady afrik\u00e1n\u010dina Bratislava"},"content":{"rendered":"<h2 data-start=\"289\" data-end=\"334\"><strong data-start=\"293\" data-end=\"334\">\u00daradn\u00fd preklad afrik\u00e1n\u010dina Bratislava<\/strong><\/h2>\n<p style=\"text-align: justify;\" data-start=\"336\" data-end=\"730\">Na\u0161a prekladate\u013esk\u00e1 agent\u00fara sa \u0161pecializuje na \u00faradn\u00e9 a s\u00fadne preklady z a do afrik\u00e1n\u010diny. Na\u0161i prekladatelia afrik\u00e1n\u010diny so s\u00eddlom v Bratislave dok\u00e1\u017eu r\u00fdchlo spracova\u0165 va\u0161u po\u017eiadavku. Sta\u010d\u00ed, ak n\u00e1m za\u0161lete k\u00f3piu dokumentov, ktor\u00e9 je potrebn\u00e9 prelo\u017ei\u0165 (akceptujeme v\u0161etky form\u00e1ty). Origin\u00e1ly dokumentov u\u017e nie s\u00fa potrebn\u00e9 (\u00faradn\u00fd preklad afrik\u00e1n\u010dina Bratislava).<\/p>\n<ol>\n<li style=\"text-align: justify;\">M\u00f4\u017eete pou\u017ei\u0165 na\u0161u <strong>e-mailov\u00fa adresu<\/strong>(<a href=\"mailto:info@abc-office.eu\">info@abc-office.eu<\/a>), kontaktn\u00fd formul\u00e1r alebo aj odkaz na WhatsApp.<\/li>\n<li style=\"text-align: justify;\">Uve\u010fte jazyk, do ktor\u00e9ho chcete preklad, a \u010di po\u017eadujete, aby bol preklad overen\u00fd not\u00e1rom a\/alebo opatren\u00fd apostilou (kancel\u00e1riou).<\/li>\n<li style=\"text-align: justify;\">Jeden z na\u0161ich projektov\u00fdch mana\u017e\u00e9rov r\u00fdchlo poskytne ponuku, v ktorej bude uveden\u00e1 cena a doba realiz\u00e1cie projektu. Zvy\u010dajne odpoved\u00e1me do 30 min\u00fat, av\u0161ak ak nedostanete odpove\u010f do hodiny, pros\u00edme, kontaktujte n\u00e1s telefonicky.<\/li>\n<li style=\"text-align: justify;\">Po schv\u00e1len\u00ed cenovej ponuky za\u010dneme proces prekladu a za\u0161leme v\u00e1m \u00faradne overen\u00e9 preklady po\u0161tou. Ak si \u017eel\u00e1te aj k\u00f3piu prekladu e-mailom, informujte o tom projektov\u00e9ho mana\u017e\u00e9ra a za\u0161leme v\u00e1m ju pred odoslan\u00edm origin\u00e1lu.<\/li>\n<\/ol>\n<p style=\"text-align: justify;\">\u010co sa t\u00fdka lehoty spracovania, \u00faradn\u00e9 preklady zasielame po\u0161tou, prostredn\u00edctvom DHL a\/alebo e-mailom do 2\u20133 pracovn\u00fdch dn\u00ed. Z\u00e1vis\u00ed to v\u0161ak aj od objemu a n\u00e1ro\u010dnosti dokumentov. Napr\u00edklad jednostranov\u00fd dokument obvykle obdr\u017e\u00edte po\u0161tou do 2 pracovn\u00fdch dn\u00ed.<\/p>\n<h3><strong data-start=\"1900\" data-end=\"1943\">Jazykov\u00e9 kombin\u00e1cie z a do afrik\u00e1n\u010diny:<\/strong><\/h3>\n<p style=\"text-align: justify;\">Alb\u00e1n\u010dina | Nem\u010dina | Americk\u00e1 angli\u010dtina | Amhar\u010dina | Angli\u010dtina | Arab\u010dina | Arm\u00e9n\u010dina | Aymar\u010dina | Azerbajd\u017ean\u010dina | Baski\u010dtina | Beng\u00e1l\u010dina | Bieloru\u0161tina | Barmsk\u00fd jazyk | Bosnian\u010dina | Braz\u00edlska portugal\u010dina | Bulhar\u010dina | Kanton\u010dina | Katal\u00e1n\u010dina | Sinhal\u010dina | \u010c\u00edn\u0161tina | Zjednodu\u0161en\u00e1 \u010d\u00edn\u0161tina | Tradi\u010dn\u00e1 \u010d\u00edn\u0161tina | K\u00f3rej\u010dina | Chorv\u00e1t\u010dina | D\u00e1n\u010dina | Dar\u00ed | Est\u00f3n\u010dina | Ewe | Perz\u0161tina (F\u00e1rs\u00ed) | F\u00edn\u010dina | Gruz\u00edn\u010dina | Gr\u00e9\u010dtina | Guaran\u00ed | Hebrej\u010dina | Hind\u010dina | Ma\u010far\u010dina | Indon\u00e9z\u0161tina | Talian\u010dina | Japon\u010dina | Kaza\u0161tina | Khm\u00e9r\u010dina | Kirgiz\u0161tina | Kurd\u010dina | Lao\u0161tina | Loty\u0161tina | Lingal\u010dina | Litov\u010dina | Maced\u00f3n\u010dina | Malaj\u010dina | Malayalam | Mandar\u00ednska \u010d\u00edn\u0161tina | Moldav\u010dina | Mongol\u010dina | \u010ciernohor\u010dina | Holand\u010dina | N\u00f3r\u010dina | Urdu | Uzbe\u010dtina | Pa\u0161t\u010dina | Pand\u017e\u00e1b\u010dina | Perz\u0161tina | Fulb\u010dina | Po\u013e\u0161tina | \u0160paniel\u010dina | Ke\u010du\u00e1n\u010dina | Rumun\u010dina | Ru\u0161tina | Srb\u010dina | Sloven\u010dina | Slovin\u010dina | \u0160v\u00e9d\u010dina | Tamil\u010dina | \u010ce\u0161tina | Thaj\u010dina | Ture\u010dtina | Turkm\u00e9n\u010dina | Ukrajin\u010dina | Vietnam\u010dina | Portugal\u010dina<\/p>\n<h3><strong data-start=\"2980\" data-end=\"3012\">Zoznam dokumentov (ne\u00fapln\u00fd):<\/strong><\/h3>\n<p style=\"text-align: justify;\">Rodn\u00fd list | Sob\u00e1\u0161ny list | V\u00fdpis zo stavu civiln\u00e9ho | Potvrdenie | Patent | V\u00fdpis z registra trestov | Certifik\u00e1t | Potvrdenie o slobodnom stave | \u00damrtn\u00fd list | Rodinn\u00fd list | Potvrdenie o zamestnan\u00ed | Da\u0148ov\u00e9 priznanie | Diplom | Pas | Vodi\u010dsk\u00fd preukaz | Z\u00e1vet | V\u00edza | Zmluva | Rozvodov\u00e1 zmluva | Man\u017eelsk\u00e1 zmluva | Rozsudok | Konanie | Pln\u00e1 moc | Z\u00e1pisnica<\/p>\n<h3><strong data-start=\"3382\" data-end=\"3464\">Be\u017en\u00e9 typy certifik\u00e1ci\u00ed\/legaliz\u00e1ci\u00ed (\u00faradn\u00fd preklad afrik\u00e1n\u010dina Bratislava):<\/strong><\/h3>\n<ul>\n<li style=\"text-align: justify;\"><strong data-start=\"3466\" data-end=\"3485\">\u00daradn\u00fd preklad:<\/strong> preklad poskytujeme s na\u0161ou pe\u010diatkou a podpisom.<\/li>\n<li style=\"text-align: justify;\"><strong data-start=\"110\" data-end=\"129\">\u00daradn\u00fd preklad:<\/strong> Na\u0161a agent\u00fara zabezpe\u010duje \u00faradn\u00e9 (s\u00fadne) preklady vyhotoven\u00e9 prekladate\u013emi zap\u00edsan\u00fdmi v registri Ministerstva spravodlivosti Slovenskej republiky, pri\u010dom ka\u017ed\u00fd preklad je opatren\u00fd pe\u010diatkou, podpisom a dolo\u017ekou prekladate\u013ea, v\u010faka \u010domu m\u00e1 pr\u00e1vnu platnos\u0165 na Slovensku aj v zahrani\u010d\u00ed.<\/li>\n<li style=\"text-align: justify;\"><strong data-start=\"3542\" data-end=\"3567\">Legalizovan\u00fd preklad:<\/strong> not\u00e1r overuje podpis prekladate\u013ea na preklade.<\/li>\n<li style=\"text-align: justify;\"><strong>Preklad s apostilou:<\/strong> Apostilu vyd\u00e1va ur\u010den\u00fd \u0161t\u00e1tny org\u00e1n, napr\u00edklad ministerstvo zahrani\u010dn\u00fdch vec\u00ed, ministerstvo spravodlivosti alebo not\u00e1rska komora.<\/li>\n<li style=\"text-align: justify;\"><strong data-start=\"3700\" data-end=\"3752\">Preklad legalizovan\u00fd ambas\u00e1dou alebo konzul\u00e1tom:<\/strong> zabezpe\u010dujeme fin\u00e1lnu legaliz\u00e1ciu prostredn\u00edctvom ambas\u00e1dy alebo konzul\u00e1tu.<\/li>\n<\/ul>\n<p style=\"text-align: justify;\">V\u010faka spr\u00e1vnemu typu certifik\u00e1cie bud\u00fa va\u0161e preklady uzn\u00e1van\u00e9 na Slovensku aj v zahrani\u010d\u00ed. Ak m\u00e1te ak\u00fako\u013evek ot\u00e1zku t\u00fdkaj\u00facu sa typu certifik\u00e1cie, ktor\u00fa potrebujete pre svoje dokumenty, nev\u00e1hajte kontaktova\u0165 n\u00e1\u0161 t\u00edm. Radi v\u00e1s prevedieme cel\u00fdm postupom (\u00faradn\u00fd preklad afrik\u00e1n\u010dina Bratislava).<\/p>\n<p data-start=\"4176\" data-end=\"4206\">Te\u0161\u00edme sa na spolupr\u00e1cu.<\/p>\n<p data-start=\"4208\" data-end=\"4233\"><a href=\"https:\/\/abc-office.eu\/sk\/\">ABC Translation LLC<\/a><\/p>\n<p data-start=\"4208\" data-end=\"4233\"><img loading=\"lazy\" decoding=\"async\" class=\"aligncenter wp-image-271\" src=\"https:\/\/abc-office.ch\/wp-content\/uploads\/2018\/06\/imageedit_1_6241191614.gif\" alt=\"\u00daradn\u00fd preklad afrik\u00e1n\u010dina Bratislava\" width=\"437\" height=\"437\" \/><\/p>\n","protected":false},"excerpt":{"rendered":"<p>\u00daradn\u00fd preklad afrik\u00e1n\u010dina Bratislava Na\u0161a prekladate\u013esk\u00e1 agent\u00fara sa \u0161pecializuje na \u00faradn\u00e9 a s\u00fadne preklady z a do afrik\u00e1n\u010diny. Na\u0161i prekladatelia afrik\u00e1n\u010diny so s\u00eddlom v Bratislave dok\u00e1\u017eu r\u00fdchlo spracova\u0165 va\u0161u po\u017eiadavku. Sta\u010d\u00ed, ak n\u00e1m za\u0161lete k\u00f3piu dokumentov, ktor\u00e9 je potrebn\u00e9 prelo\u017ei\u0165 (akceptujeme v\u0161etky form\u00e1ty). Origin\u00e1ly dokumentov u\u017e nie s\u00fa potrebn\u00e9 (\u00faradn\u00fd preklad afrik\u00e1n\u010dina Bratislava). M\u00f4\u017eete pou\u017ei\u0165&#8230;<\/p>\n","protected":false},"author":1,"featured_media":230718,"parent":230692,"menu_order":0,"comment_status":"closed","ping_status":"closed","template":"","meta":{"sfsi_plus_gutenberg_text_before_share":"","sfsi_plus_gutenberg_show_text_before_share":"","sfsi_plus_gutenberg_icon_type":"","sfsi_plus_gutenberg_icon_alignemt":"","sfsi_plus_gutenburg_max_per_row":"","footnotes":""},"class_list":["post-230717","page","type-page","status-publish","has-post-thumbnail","hentry"],"yoast_head":"<!-- This site is optimized with the Yoast SEO plugin v23.8 - https:\/\/yoast.com\/wordpress\/plugins\/seo\/ -->\n<title>\u00daradn\u00fd preklad afrik\u00e1n\u010dina Bratislava l S\u00fadny preklad afrik\u00e1n\u010diny<\/title>\n<meta name=\"description\" content=\"ABC Translation | \u00daradn\u00fd preklad afrik\u00e1n\u010dina Bratislava | S\u00fadny prekladate\u013e afrik\u00e1n\u010diny Bratislava | Ofici\u00e1lny preklad afrik\u00e1n\u010diny\" \/>\n<meta name=\"robots\" content=\"index, follow, max-snippet:-1, max-image-preview:large, max-video-preview:-1\" \/>\n<link rel=\"canonical\" href=\"https:\/\/abc-office.eu\/sk\/slovensko\/uradny-preklad-slovensko\/uradny-preklad-bratislava\/uradny-preklady-afrikancina-bratislava\/\" \/>\n<meta property=\"og:locale\" content=\"sk_SK\" \/>\n<meta property=\"og:type\" content=\"article\" \/>\n<meta property=\"og:title\" content=\"\u00daradn\u00fd preklad afrik\u00e1n\u010dina Bratislava l S\u00fadny preklad afrik\u00e1n\u010diny\" \/>\n<meta property=\"og:description\" content=\"ABC Translation | \u00daradn\u00fd preklad afrik\u00e1n\u010dina Bratislava | S\u00fadny prekladate\u013e afrik\u00e1n\u010diny Bratislava | Ofici\u00e1lny preklad afrik\u00e1n\u010diny\" \/>\n<meta property=\"og:url\" content=\"https:\/\/abc-office.eu\/sk\/slovensko\/uradny-preklad-slovensko\/uradny-preklad-bratislava\/uradny-preklady-afrikancina-bratislava\/\" \/>\n<meta property=\"og:site_name\" content=\"ABC Translation\" \/>\n<meta property=\"article:modified_time\" content=\"2025-10-28T13:40:19+00:00\" \/>\n<meta property=\"og:image\" content=\"https:\/\/abc-office.eu\/wp-content\/uploads\/2025\/10\/Afrikaans-10.jpg\" \/>\n\t<meta property=\"og:image:width\" content=\"669\" \/>\n\t<meta property=\"og:image:height\" content=\"491\" \/>\n\t<meta property=\"og:image:type\" content=\"image\/jpeg\" \/>\n<meta name=\"twitter:card\" content=\"summary_large_image\" \/>\n<meta name=\"twitter:label1\" content=\"Predpokladan\u00fd \u010das \u010d\u00edtania\" \/>\n\t<meta name=\"twitter:data1\" content=\"3 min\u00faty\" \/>\n<script type=\"application\/ld+json\" class=\"yoast-schema-graph\">{\"@context\":\"https:\/\/schema.org\",\"@graph\":[{\"@type\":\"WebPage\",\"@id\":\"https:\/\/abc-office.eu\/sk\/slovensko\/uradny-preklad-slovensko\/uradny-preklad-bratislava\/uradny-preklady-afrikancina-bratislava\/\",\"url\":\"https:\/\/abc-office.eu\/sk\/slovensko\/uradny-preklad-slovensko\/uradny-preklad-bratislava\/uradny-preklady-afrikancina-bratislava\/\",\"name\":\"\u00daradn\u00fd preklad afrik\u00e1n\u010dina Bratislava l S\u00fadny preklad afrik\u00e1n\u010diny\",\"isPartOf\":{\"@id\":\"https:\/\/abc-office.eu\/sk\/#website\"},\"primaryImageOfPage\":{\"@id\":\"https:\/\/abc-office.eu\/sk\/slovensko\/uradny-preklad-slovensko\/uradny-preklad-bratislava\/uradny-preklady-afrikancina-bratislava\/#primaryimage\"},\"image\":{\"@id\":\"https:\/\/abc-office.eu\/sk\/slovensko\/uradny-preklad-slovensko\/uradny-preklad-bratislava\/uradny-preklady-afrikancina-bratislava\/#primaryimage\"},\"thumbnailUrl\":\"https:\/\/abc-office.eu\/wp-content\/uploads\/2025\/10\/Afrikaans-10.jpg\",\"datePublished\":\"2024-11-17T01:17:51+00:00\",\"dateModified\":\"2025-10-28T13:40:19+00:00\",\"description\":\"ABC Translation | \u00daradn\u00fd preklad afrik\u00e1n\u010dina Bratislava | S\u00fadny prekladate\u013e afrik\u00e1n\u010diny Bratislava | Ofici\u00e1lny preklad afrik\u00e1n\u010diny\",\"breadcrumb\":{\"@id\":\"https:\/\/abc-office.eu\/sk\/slovensko\/uradny-preklad-slovensko\/uradny-preklad-bratislava\/uradny-preklady-afrikancina-bratislava\/#breadcrumb\"},\"inLanguage\":\"sk-SK\",\"potentialAction\":[{\"@type\":\"ReadAction\",\"target\":[\"https:\/\/abc-office.eu\/sk\/slovensko\/uradny-preklad-slovensko\/uradny-preklad-bratislava\/uradny-preklady-afrikancina-bratislava\/\"]}]},{\"@type\":\"ImageObject\",\"inLanguage\":\"sk-SK\",\"@id\":\"https:\/\/abc-office.eu\/sk\/slovensko\/uradny-preklad-slovensko\/uradny-preklad-bratislava\/uradny-preklady-afrikancina-bratislava\/#primaryimage\",\"url\":\"https:\/\/abc-office.eu\/wp-content\/uploads\/2025\/10\/Afrikaans-10.jpg\",\"contentUrl\":\"https:\/\/abc-office.eu\/wp-content\/uploads\/2025\/10\/Afrikaans-10.jpg\",\"width\":669,\"height\":491},{\"@type\":\"BreadcrumbList\",\"@id\":\"https:\/\/abc-office.eu\/sk\/slovensko\/uradny-preklad-slovensko\/uradny-preklad-bratislava\/uradny-preklady-afrikancina-bratislava\/#breadcrumb\",\"itemListElement\":[{\"@type\":\"ListItem\",\"position\":1,\"name\":\"Accueil\",\"item\":\"https:\/\/abc-office.eu\/sk\/\"},{\"@type\":\"ListItem\",\"position\":2,\"name\":\"Slovensko\",\"item\":\"https:\/\/abc-office.eu\/sk\/slovensko\/\"},{\"@type\":\"ListItem\",\"position\":3,\"name\":\"\u00daradn\u00fd preklad Slovensko\",\"item\":\"https:\/\/abc-office.eu\/sk\/slovensko\/uradny-preklad-slovensko\/\"},{\"@type\":\"ListItem\",\"position\":4,\"name\":\"\u00daradn\u00fd preklad Bratislava\",\"item\":\"https:\/\/abc-office.eu\/sk\/slovensko\/uradny-preklad-slovensko\/uradny-preklad-bratislava\/\"},{\"@type\":\"ListItem\",\"position\":5,\"name\":\"\u00daradn\u00fd preklady afrik\u00e1n\u010dina Bratislava\"}]},{\"@type\":\"WebSite\",\"@id\":\"https:\/\/abc-office.eu\/sk\/#website\",\"url\":\"https:\/\/abc-office.eu\/sk\/\",\"name\":\"ABC Translation\",\"description\":\"info@abc-office.eu\",\"potentialAction\":[{\"@type\":\"SearchAction\",\"target\":{\"@type\":\"EntryPoint\",\"urlTemplate\":\"https:\/\/abc-office.eu\/sk\/?s={search_term_string}\"},\"query-input\":{\"@type\":\"PropertyValueSpecification\",\"valueRequired\":true,\"valueName\":\"search_term_string\"}}],\"inLanguage\":\"sk-SK\"}]}<\/script>\n<!-- \/ Yoast SEO plugin. -->","yoast_head_json":{"title":"\u00daradn\u00fd preklad afrik\u00e1n\u010dina Bratislava l S\u00fadny preklad afrik\u00e1n\u010diny","description":"ABC Translation | \u00daradn\u00fd preklad afrik\u00e1n\u010dina Bratislava | S\u00fadny prekladate\u013e afrik\u00e1n\u010diny Bratislava | Ofici\u00e1lny preklad afrik\u00e1n\u010diny","robots":{"index":"index","follow":"follow","max-snippet":"max-snippet:-1","max-image-preview":"max-image-preview:large","max-video-preview":"max-video-preview:-1"},"canonical":"https:\/\/abc-office.eu\/sk\/slovensko\/uradny-preklad-slovensko\/uradny-preklad-bratislava\/uradny-preklady-afrikancina-bratislava\/","og_locale":"sk_SK","og_type":"article","og_title":"\u00daradn\u00fd preklad afrik\u00e1n\u010dina Bratislava l S\u00fadny preklad afrik\u00e1n\u010diny","og_description":"ABC Translation | \u00daradn\u00fd preklad afrik\u00e1n\u010dina Bratislava | S\u00fadny prekladate\u013e afrik\u00e1n\u010diny Bratislava | Ofici\u00e1lny preklad afrik\u00e1n\u010diny","og_url":"https:\/\/abc-office.eu\/sk\/slovensko\/uradny-preklad-slovensko\/uradny-preklad-bratislava\/uradny-preklady-afrikancina-bratislava\/","og_site_name":"ABC Translation","article_modified_time":"2025-10-28T13:40:19+00:00","og_image":[{"width":669,"height":491,"url":"https:\/\/abc-office.eu\/wp-content\/uploads\/2025\/10\/Afrikaans-10.jpg","type":"image\/jpeg"}],"twitter_card":"summary_large_image","twitter_misc":{"Predpokladan\u00fd \u010das \u010d\u00edtania":"3 min\u00faty"},"schema":{"@context":"https:\/\/schema.org","@graph":[{"@type":"WebPage","@id":"https:\/\/abc-office.eu\/sk\/slovensko\/uradny-preklad-slovensko\/uradny-preklad-bratislava\/uradny-preklady-afrikancina-bratislava\/","url":"https:\/\/abc-office.eu\/sk\/slovensko\/uradny-preklad-slovensko\/uradny-preklad-bratislava\/uradny-preklady-afrikancina-bratislava\/","name":"\u00daradn\u00fd preklad afrik\u00e1n\u010dina Bratislava l S\u00fadny preklad afrik\u00e1n\u010diny","isPartOf":{"@id":"https:\/\/abc-office.eu\/sk\/#website"},"primaryImageOfPage":{"@id":"https:\/\/abc-office.eu\/sk\/slovensko\/uradny-preklad-slovensko\/uradny-preklad-bratislava\/uradny-preklady-afrikancina-bratislava\/#primaryimage"},"image":{"@id":"https:\/\/abc-office.eu\/sk\/slovensko\/uradny-preklad-slovensko\/uradny-preklad-bratislava\/uradny-preklady-afrikancina-bratislava\/#primaryimage"},"thumbnailUrl":"https:\/\/abc-office.eu\/wp-content\/uploads\/2025\/10\/Afrikaans-10.jpg","datePublished":"2024-11-17T01:17:51+00:00","dateModified":"2025-10-28T13:40:19+00:00","description":"ABC Translation | \u00daradn\u00fd preklad afrik\u00e1n\u010dina Bratislava | S\u00fadny prekladate\u013e afrik\u00e1n\u010diny Bratislava | Ofici\u00e1lny preklad afrik\u00e1n\u010diny","breadcrumb":{"@id":"https:\/\/abc-office.eu\/sk\/slovensko\/uradny-preklad-slovensko\/uradny-preklad-bratislava\/uradny-preklady-afrikancina-bratislava\/#breadcrumb"},"inLanguage":"sk-SK","potentialAction":[{"@type":"ReadAction","target":["https:\/\/abc-office.eu\/sk\/slovensko\/uradny-preklad-slovensko\/uradny-preklad-bratislava\/uradny-preklady-afrikancina-bratislava\/"]}]},{"@type":"ImageObject","inLanguage":"sk-SK","@id":"https:\/\/abc-office.eu\/sk\/slovensko\/uradny-preklad-slovensko\/uradny-preklad-bratislava\/uradny-preklady-afrikancina-bratislava\/#primaryimage","url":"https:\/\/abc-office.eu\/wp-content\/uploads\/2025\/10\/Afrikaans-10.jpg","contentUrl":"https:\/\/abc-office.eu\/wp-content\/uploads\/2025\/10\/Afrikaans-10.jpg","width":669,"height":491},{"@type":"BreadcrumbList","@id":"https:\/\/abc-office.eu\/sk\/slovensko\/uradny-preklad-slovensko\/uradny-preklad-bratislava\/uradny-preklady-afrikancina-bratislava\/#breadcrumb","itemListElement":[{"@type":"ListItem","position":1,"name":"Accueil","item":"https:\/\/abc-office.eu\/sk\/"},{"@type":"ListItem","position":2,"name":"Slovensko","item":"https:\/\/abc-office.eu\/sk\/slovensko\/"},{"@type":"ListItem","position":3,"name":"\u00daradn\u00fd preklad Slovensko","item":"https:\/\/abc-office.eu\/sk\/slovensko\/uradny-preklad-slovensko\/"},{"@type":"ListItem","position":4,"name":"\u00daradn\u00fd preklad Bratislava","item":"https:\/\/abc-office.eu\/sk\/slovensko\/uradny-preklad-slovensko\/uradny-preklad-bratislava\/"},{"@type":"ListItem","position":5,"name":"\u00daradn\u00fd preklady afrik\u00e1n\u010dina Bratislava"}]},{"@type":"WebSite","@id":"https:\/\/abc-office.eu\/sk\/#website","url":"https:\/\/abc-office.eu\/sk\/","name":"ABC Translation","description":"info@abc-office.eu","potentialAction":[{"@type":"SearchAction","target":{"@type":"EntryPoint","urlTemplate":"https:\/\/abc-office.eu\/sk\/?s={search_term_string}"},"query-input":{"@type":"PropertyValueSpecification","valueRequired":true,"valueName":"search_term_string"}}],"inLanguage":"sk-SK"}]}},"_links":{"self":[{"href":"https:\/\/abc-office.eu\/sk\/wp-json\/wp\/v2\/pages\/230717","targetHints":{"allow":["GET"]}}],"collection":[{"href":"https:\/\/abc-office.eu\/sk\/wp-json\/wp\/v2\/pages"}],"about":[{"href":"https:\/\/abc-office.eu\/sk\/wp-json\/wp\/v2\/types\/page"}],"author":[{"embeddable":true,"href":"https:\/\/abc-office.eu\/sk\/wp-json\/wp\/v2\/users\/1"}],"replies":[{"embeddable":true,"href":"https:\/\/abc-office.eu\/sk\/wp-json\/wp\/v2\/comments?post=230717"}],"version-history":[{"count":3,"href":"https:\/\/abc-office.eu\/sk\/wp-json\/wp\/v2\/pages\/230717\/revisions"}],"predecessor-version":[{"id":232085,"href":"https:\/\/abc-office.eu\/sk\/wp-json\/wp\/v2\/pages\/230717\/revisions\/232085"}],"up":[{"embeddable":true,"href":"https:\/\/abc-office.eu\/sk\/wp-json\/wp\/v2\/pages\/230692"}],"wp:featuredmedia":[{"embeddable":true,"href":"https:\/\/abc-office.eu\/sk\/wp-json\/wp\/v2\/media\/230718"}],"wp:attachment":[{"href":"https:\/\/abc-office.eu\/sk\/wp-json\/wp\/v2\/media?parent=230717"}],"curies":[{"name":"wp","href":"https:\/\/api.w.org\/{rel}","templated":true}]}}