{"id":230608,"date":"2022-04-25T10:26:44","date_gmt":"2022-04-25T08:26:44","guid":{"rendered":"https:\/\/abc-office.eu\/?page_id=230608"},"modified":"2025-10-28T14:11:41","modified_gmt":"2025-10-28T13:11:41","slug":"kontakt","status":"publish","type":"page","link":"https:\/\/abc-office.eu\/sk\/kontakt\/","title":{"rendered":"Kontakt"},"content":{"rendered":"<h2 data-start=\"139\" data-end=\"204\"><strong data-start=\"143\" data-end=\"202\">Kontakt \u2013 va\u0161e prekladate\u013esk\u00e9 agent\u00fary v Eur\u00f3pskej \u00fanii<\/strong><\/h2>\n<p data-start=\"205\" data-end=\"236\"><strong data-start=\"205\" data-end=\"215\">Email:<\/strong> <a class=\"decorated-link cursor-pointer\" href=\"mailto:info@abc-office.eu\" rel=\"noopener\" data-start=\"216\" data-end=\"234\">info@abc-office.eu<\/a><\/p>\n<h3 data-start=\"243\" data-end=\"266\"><strong data-start=\"247\" data-end=\"266\">ABC Translation<\/strong><\/h3>\n<p style=\"text-align: justify;\">Na\u0161i vysoko kvalifikovan\u00ed prekladatelia a korektori, so s\u00eddlom v Eur\u00f3pskej \u00fanii sa \u0161pecializuj\u00fa sa na r\u00f4zne oblasti, ako s\u00fa marketing, ekon\u00f3mia, politika, pr\u00e1vo a medic\u00edna. Pre r\u00fdchlu \u017eiados\u0165 vypl\u0148te formul\u00e1r na pravej strane obrazovky. N\u00e1sledne v\u00e1m n\u00e1\u0161 t\u00edm za\u0161le cenov\u00fa ponuku, ktor\u00e1 bude obsahova\u0165 celkov\u00fa cenu aj \u010das spracovania prekladu.<\/p>\n<p style=\"text-align: justify;\" data-start=\"684\" data-end=\"953\">Na\u0161a ponuka zah\u0155\u0148a preklad textu a tie\u017e korekt\u00faru, ktor\u00fa vykon\u00e1va in\u00fd prekladate\u013e, aby sa zabezpe\u010dila najvy\u0161\u0161ia kvalita prekladu. Po dokon\u010den\u00ed prekladu a korekt\u00fary v\u00e1m dokument za\u0161leme e-mailom, alebo po\u0161tou, ak ide o \u00faradne overen\u00fd preklad.<\/p>\n<p style=\"text-align: justify;\" data-start=\"960\" data-end=\"1248\">Kvalita pr\u00e1ce mus\u00ed by\u0165 pri preklade absol\u00fatne dokonal\u00e1. V\u010faka na\u0161im hlavn\u00fdm prednostiam \u2013 presnosti, efektivite a dochv\u00ed\u013enosti \u2013 spolupracujeme denne s mno\u017estvom firiem aj jednotlivcov. Zabezpe\u010dujeme preklady webov\u00fdch str\u00e1nok, \u00faradn\u00fdch dokumentov a odborn\u00fdch textov.<\/p>\n<p style=\"text-align: justify;\" data-start=\"1255\" data-end=\"1638\">Na\u0161e cenov\u00e9 rozp\u00e4tie je ur\u010den\u00e9 pod\u013ea presn\u00e9ho syst\u00e9mu E\u00da. T\u00e1to asoci\u00e1cia bola vytvoren\u00e1 s cie\u013eom zavies\u0165 cenov\u00fd syst\u00e9m, ktor\u00fd zoh\u013ead\u0148uje n\u00e1ro\u010dnos\u0165 zdrojov\u00e9ho textu. Cena sa m\u00f4\u017ee vypo\u010d\u00edta\u0165 pod\u013ea po\u010dtu slov alebo na riadok (55 znakov). Tento syst\u00e9m umo\u017e\u0148uje \u00fapln\u00fa transparentnos\u0165 vo\u010di klientovi a pom\u00e1ha vypracova\u0165 presn\u00e9 a f\u00e9rov\u00e9 cenov\u00e9 ponuky.<\/p>\n<p style=\"text-align: justify;\">Spolupracujeme s firmami aj s\u00fakromn\u00fdmi osobami v celej <a href=\"https:\/\/abc-office.eu\/sk\/\"><u>Eur\u00f3pskej<\/u> <\/a>\u00fanii.<\/p>\n<p data-start=\"1640\" data-end=\"1716\"><img loading=\"lazy\" decoding=\"async\" class=\"aligncenter wp-image-28719\" src=\"https:\/\/abc-office.eu\/wp-content\/uploads\/2017\/02\/second_image-300x200.jpg\" alt=\"Kontakt\" width=\"715\" height=\"476\" srcset=\"https:\/\/abc-office.eu\/wp-content\/uploads\/2017\/02\/second_image-300x200.jpg 300w, https:\/\/abc-office.eu\/wp-content\/uploads\/2017\/02\/second_image-1024x682.jpg 1024w, https:\/\/abc-office.eu\/wp-content\/uploads\/2017\/02\/second_image-768x512.jpg 768w, https:\/\/abc-office.eu\/wp-content\/uploads\/2017\/02\/second_image-1080x720.jpg 1080w, https:\/\/abc-office.eu\/wp-content\/uploads\/2017\/02\/second_image-1280x853.jpg 1280w, https:\/\/abc-office.eu\/wp-content\/uploads\/2017\/02\/second_image-980x653.jpg 980w, https:\/\/abc-office.eu\/wp-content\/uploads\/2017\/02\/second_image-480x320.jpg 480w, https:\/\/abc-office.eu\/wp-content\/uploads\/2017\/02\/second_image.jpg 1400w\" sizes=\"auto, (max-width: 715px) 100vw, 715px\" \/><\/p>\n","protected":false},"excerpt":{"rendered":"<p>Kontakt \u2013 va\u0161e prekladate\u013esk\u00e9 agent\u00fary v Eur\u00f3pskej \u00fanii Email: info@abc-office.eu ABC Translation Na\u0161i vysoko kvalifikovan\u00ed prekladatelia a korektori, so s\u00eddlom v Eur\u00f3pskej \u00fanii sa \u0161pecializuj\u00fa sa na r\u00f4zne oblasti, ako s\u00fa marketing, ekon\u00f3mia, politika, pr\u00e1vo a medic\u00edna. Pre r\u00fdchlu \u017eiados\u0165 vypl\u0148te formul\u00e1r na pravej strane obrazovky. N\u00e1sledne v\u00e1m n\u00e1\u0161 t\u00edm za\u0161le cenov\u00fa ponuku, ktor\u00e1 bude&#8230;<\/p>\n","protected":false},"author":1,"featured_media":230609,"parent":0,"menu_order":0,"comment_status":"closed","ping_status":"closed","template":"","meta":{"sfsi_plus_gutenberg_text_before_share":"","sfsi_plus_gutenberg_show_text_before_share":"","sfsi_plus_gutenberg_icon_type":"","sfsi_plus_gutenberg_icon_alignemt":"","sfsi_plus_gutenburg_max_per_row":"","footnotes":""},"class_list":["post-230608","page","type-page","status-publish","has-post-thumbnail","hentry"],"yoast_head":"<!-- This site is optimized with the Yoast SEO plugin v23.8 - https:\/\/yoast.com\/wordpress\/plugins\/seo\/ -->\n<title>Kontakt pre preklady | Prekladate\u013e | Eur\u00f3pska \u00fania | Spojen\u00e9<\/title>\n<meta name=\"description\" content=\"ABC Translation | Kontakt | Preklad webovej str\u00e1nky | Preklad \u00faradn\u00fdch dokumentov | Odborn\u00fd preklad | Eur\u00f3pska \u00fania\" \/>\n<meta name=\"robots\" content=\"index, follow, max-snippet:-1, max-image-preview:large, max-video-preview:-1\" \/>\n<link rel=\"canonical\" href=\"https:\/\/abc-office.eu\/sk\/kontakt\/\" \/>\n<meta property=\"og:locale\" content=\"sk_SK\" \/>\n<meta property=\"og:type\" content=\"article\" \/>\n<meta property=\"og:title\" content=\"Kontakt pre preklady | Prekladate\u013e | Eur\u00f3pska \u00fania | Spojen\u00e9\" \/>\n<meta property=\"og:description\" content=\"ABC Translation | Kontakt | Preklad webovej str\u00e1nky | Preklad \u00faradn\u00fdch dokumentov | Odborn\u00fd preklad | Eur\u00f3pska \u00fania\" \/>\n<meta property=\"og:url\" content=\"https:\/\/abc-office.eu\/sk\/kontakt\/\" \/>\n<meta property=\"og:site_name\" content=\"ABC Translation\" \/>\n<meta property=\"article:modified_time\" content=\"2025-10-28T13:11:41+00:00\" \/>\n<meta property=\"og:image\" content=\"https:\/\/abc-office.eu\/wp-content\/uploads\/2025\/10\/Flag_of_Europe-2-768x512-11.png\" \/>\n\t<meta property=\"og:image:width\" content=\"768\" \/>\n\t<meta property=\"og:image:height\" content=\"512\" \/>\n\t<meta property=\"og:image:type\" content=\"image\/png\" \/>\n<meta name=\"twitter:card\" content=\"summary_large_image\" \/>\n<meta name=\"twitter:label1\" content=\"Predpokladan\u00fd \u010das \u010d\u00edtania\" \/>\n\t<meta name=\"twitter:data1\" content=\"2 min\u00faty\" \/>\n<script type=\"application\/ld+json\" class=\"yoast-schema-graph\">{\"@context\":\"https:\/\/schema.org\",\"@graph\":[{\"@type\":\"WebPage\",\"@id\":\"https:\/\/abc-office.eu\/sk\/kontakt\/\",\"url\":\"https:\/\/abc-office.eu\/sk\/kontakt\/\",\"name\":\"Kontakt pre preklady | Prekladate\u013e | Eur\u00f3pska \u00fania | Spojen\u00e9\",\"isPartOf\":{\"@id\":\"https:\/\/abc-office.eu\/sk\/#website\"},\"primaryImageOfPage\":{\"@id\":\"https:\/\/abc-office.eu\/sk\/kontakt\/#primaryimage\"},\"image\":{\"@id\":\"https:\/\/abc-office.eu\/sk\/kontakt\/#primaryimage\"},\"thumbnailUrl\":\"https:\/\/abc-office.eu\/wp-content\/uploads\/2025\/10\/Flag_of_Europe-2-768x512-11.png\",\"datePublished\":\"2022-04-25T08:26:44+00:00\",\"dateModified\":\"2025-10-28T13:11:41+00:00\",\"description\":\"ABC Translation | Kontakt | Preklad webovej str\u00e1nky | Preklad \u00faradn\u00fdch dokumentov | Odborn\u00fd preklad | Eur\u00f3pska \u00fania\",\"breadcrumb\":{\"@id\":\"https:\/\/abc-office.eu\/sk\/kontakt\/#breadcrumb\"},\"inLanguage\":\"sk-SK\",\"potentialAction\":[{\"@type\":\"ReadAction\",\"target\":[\"https:\/\/abc-office.eu\/sk\/kontakt\/\"]}]},{\"@type\":\"ImageObject\",\"inLanguage\":\"sk-SK\",\"@id\":\"https:\/\/abc-office.eu\/sk\/kontakt\/#primaryimage\",\"url\":\"https:\/\/abc-office.eu\/wp-content\/uploads\/2025\/10\/Flag_of_Europe-2-768x512-11.png\",\"contentUrl\":\"https:\/\/abc-office.eu\/wp-content\/uploads\/2025\/10\/Flag_of_Europe-2-768x512-11.png\",\"width\":768,\"height\":512},{\"@type\":\"BreadcrumbList\",\"@id\":\"https:\/\/abc-office.eu\/sk\/kontakt\/#breadcrumb\",\"itemListElement\":[{\"@type\":\"ListItem\",\"position\":1,\"name\":\"Accueil\",\"item\":\"https:\/\/abc-office.eu\/sk\/\"},{\"@type\":\"ListItem\",\"position\":2,\"name\":\"Kontakt\"}]},{\"@type\":\"WebSite\",\"@id\":\"https:\/\/abc-office.eu\/sk\/#website\",\"url\":\"https:\/\/abc-office.eu\/sk\/\",\"name\":\"ABC Translation\",\"description\":\"info@abc-office.eu\",\"potentialAction\":[{\"@type\":\"SearchAction\",\"target\":{\"@type\":\"EntryPoint\",\"urlTemplate\":\"https:\/\/abc-office.eu\/sk\/?s={search_term_string}\"},\"query-input\":{\"@type\":\"PropertyValueSpecification\",\"valueRequired\":true,\"valueName\":\"search_term_string\"}}],\"inLanguage\":\"sk-SK\"}]}<\/script>\n<!-- \/ Yoast SEO plugin. -->","yoast_head_json":{"title":"Kontakt pre preklady | Prekladate\u013e | Eur\u00f3pska \u00fania | Spojen\u00e9","description":"ABC Translation | Kontakt | Preklad webovej str\u00e1nky | Preklad \u00faradn\u00fdch dokumentov | Odborn\u00fd preklad | Eur\u00f3pska \u00fania","robots":{"index":"index","follow":"follow","max-snippet":"max-snippet:-1","max-image-preview":"max-image-preview:large","max-video-preview":"max-video-preview:-1"},"canonical":"https:\/\/abc-office.eu\/sk\/kontakt\/","og_locale":"sk_SK","og_type":"article","og_title":"Kontakt pre preklady | Prekladate\u013e | Eur\u00f3pska \u00fania | Spojen\u00e9","og_description":"ABC Translation | Kontakt | Preklad webovej str\u00e1nky | Preklad \u00faradn\u00fdch dokumentov | Odborn\u00fd preklad | Eur\u00f3pska \u00fania","og_url":"https:\/\/abc-office.eu\/sk\/kontakt\/","og_site_name":"ABC Translation","article_modified_time":"2025-10-28T13:11:41+00:00","og_image":[{"width":768,"height":512,"url":"https:\/\/abc-office.eu\/wp-content\/uploads\/2025\/10\/Flag_of_Europe-2-768x512-11.png","type":"image\/png"}],"twitter_card":"summary_large_image","twitter_misc":{"Predpokladan\u00fd \u010das \u010d\u00edtania":"2 min\u00faty"},"schema":{"@context":"https:\/\/schema.org","@graph":[{"@type":"WebPage","@id":"https:\/\/abc-office.eu\/sk\/kontakt\/","url":"https:\/\/abc-office.eu\/sk\/kontakt\/","name":"Kontakt pre preklady | Prekladate\u013e | Eur\u00f3pska \u00fania | Spojen\u00e9","isPartOf":{"@id":"https:\/\/abc-office.eu\/sk\/#website"},"primaryImageOfPage":{"@id":"https:\/\/abc-office.eu\/sk\/kontakt\/#primaryimage"},"image":{"@id":"https:\/\/abc-office.eu\/sk\/kontakt\/#primaryimage"},"thumbnailUrl":"https:\/\/abc-office.eu\/wp-content\/uploads\/2025\/10\/Flag_of_Europe-2-768x512-11.png","datePublished":"2022-04-25T08:26:44+00:00","dateModified":"2025-10-28T13:11:41+00:00","description":"ABC Translation | Kontakt | Preklad webovej str\u00e1nky | Preklad \u00faradn\u00fdch dokumentov | Odborn\u00fd preklad | Eur\u00f3pska \u00fania","breadcrumb":{"@id":"https:\/\/abc-office.eu\/sk\/kontakt\/#breadcrumb"},"inLanguage":"sk-SK","potentialAction":[{"@type":"ReadAction","target":["https:\/\/abc-office.eu\/sk\/kontakt\/"]}]},{"@type":"ImageObject","inLanguage":"sk-SK","@id":"https:\/\/abc-office.eu\/sk\/kontakt\/#primaryimage","url":"https:\/\/abc-office.eu\/wp-content\/uploads\/2025\/10\/Flag_of_Europe-2-768x512-11.png","contentUrl":"https:\/\/abc-office.eu\/wp-content\/uploads\/2025\/10\/Flag_of_Europe-2-768x512-11.png","width":768,"height":512},{"@type":"BreadcrumbList","@id":"https:\/\/abc-office.eu\/sk\/kontakt\/#breadcrumb","itemListElement":[{"@type":"ListItem","position":1,"name":"Accueil","item":"https:\/\/abc-office.eu\/sk\/"},{"@type":"ListItem","position":2,"name":"Kontakt"}]},{"@type":"WebSite","@id":"https:\/\/abc-office.eu\/sk\/#website","url":"https:\/\/abc-office.eu\/sk\/","name":"ABC Translation","description":"info@abc-office.eu","potentialAction":[{"@type":"SearchAction","target":{"@type":"EntryPoint","urlTemplate":"https:\/\/abc-office.eu\/sk\/?s={search_term_string}"},"query-input":{"@type":"PropertyValueSpecification","valueRequired":true,"valueName":"search_term_string"}}],"inLanguage":"sk-SK"}]}},"_links":{"self":[{"href":"https:\/\/abc-office.eu\/sk\/wp-json\/wp\/v2\/pages\/230608","targetHints":{"allow":["GET"]}}],"collection":[{"href":"https:\/\/abc-office.eu\/sk\/wp-json\/wp\/v2\/pages"}],"about":[{"href":"https:\/\/abc-office.eu\/sk\/wp-json\/wp\/v2\/types\/page"}],"author":[{"embeddable":true,"href":"https:\/\/abc-office.eu\/sk\/wp-json\/wp\/v2\/users\/1"}],"replies":[{"embeddable":true,"href":"https:\/\/abc-office.eu\/sk\/wp-json\/wp\/v2\/comments?post=230608"}],"version-history":[{"count":3,"href":"https:\/\/abc-office.eu\/sk\/wp-json\/wp\/v2\/pages\/230608\/revisions"}],"predecessor-version":[{"id":232070,"href":"https:\/\/abc-office.eu\/sk\/wp-json\/wp\/v2\/pages\/230608\/revisions\/232070"}],"wp:featuredmedia":[{"embeddable":true,"href":"https:\/\/abc-office.eu\/sk\/wp-json\/wp\/v2\/media\/230609"}],"wp:attachment":[{"href":"https:\/\/abc-office.eu\/sk\/wp-json\/wp\/v2\/media?parent=230608"}],"curies":[{"name":"wp","href":"https:\/\/api.w.org\/{rel}","templated":true}]}}