{"id":230558,"date":"2017-02-16T09:16:01","date_gmt":"2017-02-16T08:16:01","guid":{"rendered":"https:\/\/abc-office.eu\/?page_id=230558"},"modified":"2025-10-28T14:20:57","modified_gmt":"2025-10-28T13:20:57","slug":"nehnutelnosti","status":"publish","type":"page","link":"https:\/\/abc-office.eu\/sk\/nehnutelnosti\/","title":{"rendered":"Nehnute\u013enosti"},"content":{"rendered":"<h2 data-start=\"139\" data-end=\"160\"><strong data-start=\"143\" data-end=\"160\">Nehnute\u013enosti<\/strong><\/h2>\n<p style=\"text-align: justify;\">Na\u0161a realitn\u00e1 agent\u00fara ABC Translation za\u010dala svoju \u010dinnos\u0165 v roku 2017 k\u00fapou bytu ve\u013ekosti 7+1 vo \u0160vaj\u010diarsku, ktor\u00fd sme premenili na medzin\u00e1rodn\u00e9 \u0161tudentsk\u00e9 ubytovanie. Ke\u010f\u017ee sa v bl\u00edzkosti nach\u00e1dza Univerzita v Lausanne a EPFL (\u00c9cole Polytechnique F\u00e9d\u00e9rale de Lausanne), rezidencia sa stala \u00faspe\u0161nou u\u017e pri svojom otvoren\u00ed v septembri 2017. \u0160tyri izby boli prenajat\u00e9 v priebehu nieko\u013ek\u00fdch dn\u00ed a t\u00fdm vzniklo na\u0161e realitn\u00e9 oddelenie.<\/p>\n<p style=\"text-align: justify;\" data-start=\"591\" data-end=\"756\">Od tejto prvej sk\u00fasenosti sme sa neust\u00e1le rozv\u00edjali a dnes dok\u00e1\u017eeme zabezpe\u010di\u0165 k\u00fapu, predaj, pren\u00e1jom a spr\u00e1vu nehnute\u013enost\u00ed vo \u0160vaj\u010diarsku aj v zahrani\u010d\u00ed.<\/p>\n<h3 data-start=\"763\" data-end=\"776\"><strong data-start=\"767\" data-end=\"776\">K\u00fapa:<\/strong><\/h3>\n<p style=\"text-align: justify;\" data-start=\"778\" data-end=\"1194\">K\u00fapa nehnute\u013enosti je mimoriadne d\u00f4le\u017eit\u00e9 rozhodnutie, ktor\u00e9 ovplyvn\u00ed va\u0161u bud\u00facnos\u0165 na nieko\u013eko rokov. Tak\u00e9to rozhodnutie by sa nemalo bra\u0165 na \u013eahk\u00fa v\u00e1hu. Preto je d\u00f4le\u017eit\u00e9 zvoli\u0165 si spr\u00e1vneho partnera, ktor\u00fd v\u00e1m porad\u00ed v nieko\u013ek\u00fdch z\u00e1sadn\u00fdch oblastiach, ako s\u00fa stav nehnute\u013enosti, v\u00fdpo\u010det hypot\u00e9ky a dlhodob\u00e1 v\u00fdhodnos\u0165 invest\u00edcie. D\u00f4kladn\u00e1 anal\u00fdza situ\u00e1cie zaru\u010d\u00ed bezpe\u010dn\u00fd a spo\u013eahliv\u00fd n\u00e1kup.<\/p>\n<h3 data-start=\"1201\" data-end=\"1216\"><strong data-start=\"1205\" data-end=\"1216\">Predaj:<\/strong><\/h3>\n<p style=\"text-align: justify;\" data-start=\"1218\" data-end=\"1683\">Realitn\u00fd trh vo \u0160vaj\u010diarsku sa neust\u00e1le rozv\u00edja a ceny nehnute\u013enost\u00ed neprestajne rast\u00fa. Dostali sme sa do rozhoduj\u00faceho bodu, ke\u010f ponuka prevy\u0161uje dopyt, a preto je dnes \u0165a\u017e\u0161ie preda\u0165 nehnute\u013enos\u0165 vzh\u013eadom na mno\u017estvo bytov na trhu. Ak sa obr\u00e1tite na odborn\u00edka, zv\u00fd\u0161ite svoje \u0161ance preda\u0165 nehnute\u013enos\u0165 r\u00fdchlej\u0161ie a za po\u017eadovan\u00fa cenu. Vyu\u017eite na\u0161u sie\u0165 po celom \u0160vaj\u010diarsku a v zahrani\u010d\u00ed, aby ste zv\u00fd\u0161ili svoje \u0161ance na \u00faspe\u0161n\u00fd predaj.<\/p>\n<h3 data-start=\"1690\" data-end=\"1707\"><strong data-start=\"1694\" data-end=\"1707\">Pren\u00e1jom:<\/strong><\/h3>\n<p style=\"text-align: justify;\" data-start=\"1709\" data-end=\"2138\">Pren\u00e1jom va\u0161ej nehnute\u013enosti sa m\u00f4\u017ee zda\u0165 jednoduch\u00fd, no existuje nieko\u013eko n\u00e1strah, ktor\u00fdm sa treba vyhn\u00fa\u0165, ak chcete prenaja\u0165 byt, dom alebo izbu. Pred osloven\u00edm potenci\u00e1lneho n\u00e1jomcu je potrebn\u00e9 pripravi\u0165 kompletn\u00fd spis, ktor\u00fd obsahuje napr\u00edklad v\u00fdpis zo s\u00fadnych z\u00e1znamov a posledn\u00e9 tri v\u00fdplatn\u00e9 p\u00e1sky. Z\u00e1loha mus\u00ed by\u0165 zaplaten\u00e1 bankov\u00fdm prevodom alebo formou z\u00e1ruky prostredn\u00edctvom pois\u0165ovne.<\/p>\n<h3 data-start=\"2145\" data-end=\"2175\"><strong data-start=\"2149\" data-end=\"2175\">\u0160tudentsk\u00e9 ubytovanie:<\/strong><\/h3>\n<p style=\"text-align: justify;\">M\u00e1me k dispoz\u00edcii viacero \u0161tudentsk\u00fdch ubytovan\u00ed na kr\u00e1tkodob\u00e9 aj dlhodob\u00e9 obdobia. V\u00e4\u010d\u0161ina na\u0161ich ubytovan\u00ed sa nach\u00e1dza v bl\u00edzkosti Univerzity v Lausanne, EPFL, ECAL a EHL. Najvyh\u013ead\u00e1vanej\u0161ie s\u00fa zdie\u013ean\u00e9 izby a \u0161t\u00fadiov\u00e9 apartm\u00e1ny. Je potrebn\u00e9 pl\u00e1nova\u0165 vopred, aby ste si boli ist\u00ed, \u017ee budete ma\u0165 ubytovanie na za\u010diatku akademick\u00e9ho roka.<\/p>\n<h3 data-start=\"2536\" data-end=\"2574\"><strong data-start=\"2540\" data-end=\"2574\">Lovci bytov (realitn\u00e9 slu\u017eby):<\/strong><\/h3>\n<p style=\"text-align: justify;\" data-start=\"2576\" data-end=\"2888\">M\u00e1te probl\u00e9m n\u00e1js\u0165 ubytovanie pod\u013ea svojich krit\u00e9ri\u00ed alebo n\u00e1jomn\u00fd byt? Na\u0161i lovci bytov s\u00fa v\u00e1m k dispoz\u00edcii a pom\u00f4\u017eu v\u00e1m n\u00e1js\u0165 vhodn\u00fa nehnute\u013enos\u0165 \u010do najr\u00fdchlej\u0161ie. V\u010faka na\u0161ej sieti kontaktov a profesionalite v\u00e1m zabezpe\u010d\u00edme ubytovanie v \u010do najkrat\u0161om \u010dase a pod\u013ea va\u0161ich po\u017eiadaviek.<\/p>\n<h3 data-start=\"2895\" data-end=\"2916\"><strong data-start=\"2899\" data-end=\"2916\">Home Staging:<\/strong><\/h3>\n<p style=\"text-align: justify;\" data-start=\"2918\" data-end=\"3275\">M\u00e1te probl\u00e9m preda\u0165 svoju nehnute\u013enos\u0165? V takom pr\u00edpade m\u00f4\u017eete vyu\u017ei\u0165 slu\u017eby n\u00e1\u0161ho t\u00edmu Home Staging, ktor\u00fd sa \u0161pecializuje na vylep\u0161ovanie vzh\u013eadu bytov a domov s cie\u013eom u\u013eah\u010di\u0165 ich predaj.<br data-start=\"3126\" data-end=\"3129\" \/>Tento syst\u00e9m sa osved\u010dil najm\u00e4 pri nehnute\u013enostiach, ktor\u00e9 potrebuj\u00fa r\u00fdchlu renov\u00e1ciu alebo men\u0161ie \u00fapravy, aby zaujali potenci\u00e1lnych kupcov.<\/p>\n<h3 data-start=\"3282\" data-end=\"3317\"><strong data-start=\"3286\" data-end=\"3317\">Odhad ceny (nehnute\u013enosti):<\/strong><\/h3>\n<p style=\"text-align: justify;\">Spr\u00e1vne ocenenie nehnute\u013enosti v porovnan\u00ed s trhovou cenou je k\u013e\u00fa\u010dom k \u00faspe\u0161n\u00e9mu predaju za spr\u00e1vnu hodnotu. Na z\u00e1klade krit\u00e9ri\u00ed, ako s\u00fa rok v\u00fdstavby a lokalita, dok\u00e1\u017eeme odhadn\u00fa\u0165 hodnotu va\u0161ej nehnute\u013enosti \u010do najpresnej\u0161ie pod\u013ea aktu\u00e1lneho stavu <a href=\"https:\/\/abc-office.eu\/sk\/\"><u>realitn\u00e9ho<\/u> <\/a>trhu.<\/p>\n<p data-start=\"3319\" data-end=\"3611\"><a href=\"https:\/\/www.instagram.com\/dr_immo\/?hl=fr\"><img loading=\"lazy\" decoding=\"async\" class=\"aligncenter wp-image-109\" src=\"https:\/\/abc-office.ch\/wp-content\/uploads\/2018\/06\/Dr_Immo.jpg\" alt=\"Nehnute\u013enosti\" width=\"222\" height=\"222\" \/><\/a><\/p>\n","protected":false},"excerpt":{"rendered":"<p>Nehnute\u013enosti Na\u0161a realitn\u00e1 agent\u00fara ABC Translation za\u010dala svoju \u010dinnos\u0165 v roku 2017 k\u00fapou bytu ve\u013ekosti 7+1 vo \u0160vaj\u010diarsku, ktor\u00fd sme premenili na medzin\u00e1rodn\u00e9 \u0161tudentsk\u00e9 ubytovanie. Ke\u010f\u017ee sa v bl\u00edzkosti nach\u00e1dza Univerzita v Lausanne a EPFL (\u00c9cole Polytechnique F\u00e9d\u00e9rale de Lausanne), rezidencia sa stala \u00faspe\u0161nou u\u017e pri svojom otvoren\u00ed v septembri 2017. \u0160tyri izby boli prenajat\u00e9&#8230;<\/p>\n","protected":false},"author":1,"featured_media":230559,"parent":0,"menu_order":0,"comment_status":"closed","ping_status":"closed","template":"","meta":{"sfsi_plus_gutenberg_text_before_share":"","sfsi_plus_gutenberg_show_text_before_share":"","sfsi_plus_gutenberg_icon_type":"","sfsi_plus_gutenberg_icon_alignemt":"","sfsi_plus_gutenburg_max_per_row":"","footnotes":""},"class_list":["post-230558","page","type-page","status-publish","has-post-thumbnail","hentry"],"yoast_head":"<!-- This site is optimized with the Yoast SEO plugin v23.8 - https:\/\/yoast.com\/wordpress\/plugins\/seo\/ -->\n<title>Nehnute\u013enosti | ABC Translation | K\u00fapa | Predaj | Pren\u00e1jom<\/title>\n<meta name=\"description\" content=\"ABC Translation | Nehnute\u013enosti | K\u00fapa | Predaj | Pren\u00e1jom | Prenaj\u00edmanie | \u0160tudentsk\u00e9 ubytovanie | Home Staging | Realitn\u00e1 kancel\u00e1ria\" \/>\n<meta name=\"robots\" content=\"index, follow, max-snippet:-1, max-image-preview:large, max-video-preview:-1\" \/>\n<link rel=\"canonical\" href=\"https:\/\/abc-office.eu\/sk\/nehnutelnosti\/\" \/>\n<meta property=\"og:locale\" content=\"sk_SK\" \/>\n<meta property=\"og:type\" content=\"article\" \/>\n<meta property=\"og:title\" content=\"Nehnute\u013enosti | ABC Translation | K\u00fapa | Predaj | Pren\u00e1jom\" \/>\n<meta property=\"og:description\" content=\"ABC Translation | Nehnute\u013enosti | K\u00fapa | Predaj | Pren\u00e1jom | Prenaj\u00edmanie | \u0160tudentsk\u00e9 ubytovanie | Home Staging | Realitn\u00e1 kancel\u00e1ria\" \/>\n<meta property=\"og:url\" content=\"https:\/\/abc-office.eu\/sk\/nehnutelnosti\/\" \/>\n<meta property=\"og:site_name\" content=\"ABC Translation\" \/>\n<meta property=\"article:modified_time\" content=\"2025-10-28T13:20:57+00:00\" \/>\n<meta property=\"og:image\" content=\"https:\/\/abc-office.eu\/wp-content\/uploads\/2025\/10\/Immo-768x513-11.jpg\" \/>\n\t<meta property=\"og:image:width\" content=\"768\" \/>\n\t<meta property=\"og:image:height\" content=\"513\" \/>\n\t<meta property=\"og:image:type\" content=\"image\/jpeg\" \/>\n<meta name=\"twitter:card\" content=\"summary_large_image\" \/>\n<meta name=\"twitter:label1\" content=\"Predpokladan\u00fd \u010das \u010d\u00edtania\" \/>\n\t<meta name=\"twitter:data1\" content=\"3 min\u00faty\" \/>\n<script type=\"application\/ld+json\" class=\"yoast-schema-graph\">{\"@context\":\"https:\/\/schema.org\",\"@graph\":[{\"@type\":\"WebPage\",\"@id\":\"https:\/\/abc-office.eu\/sk\/nehnutelnosti\/\",\"url\":\"https:\/\/abc-office.eu\/sk\/nehnutelnosti\/\",\"name\":\"Nehnute\u013enosti | ABC Translation | K\u00fapa | Predaj | Pren\u00e1jom\",\"isPartOf\":{\"@id\":\"https:\/\/abc-office.eu\/sk\/#website\"},\"primaryImageOfPage\":{\"@id\":\"https:\/\/abc-office.eu\/sk\/nehnutelnosti\/#primaryimage\"},\"image\":{\"@id\":\"https:\/\/abc-office.eu\/sk\/nehnutelnosti\/#primaryimage\"},\"thumbnailUrl\":\"https:\/\/abc-office.eu\/wp-content\/uploads\/2025\/10\/Immo-768x513-11.jpg\",\"datePublished\":\"2017-02-16T08:16:01+00:00\",\"dateModified\":\"2025-10-28T13:20:57+00:00\",\"description\":\"ABC Translation | Nehnute\u013enosti | K\u00fapa | Predaj | Pren\u00e1jom | Prenaj\u00edmanie | \u0160tudentsk\u00e9 ubytovanie | Home Staging | Realitn\u00e1 kancel\u00e1ria\",\"breadcrumb\":{\"@id\":\"https:\/\/abc-office.eu\/sk\/nehnutelnosti\/#breadcrumb\"},\"inLanguage\":\"sk-SK\",\"potentialAction\":[{\"@type\":\"ReadAction\",\"target\":[\"https:\/\/abc-office.eu\/sk\/nehnutelnosti\/\"]}]},{\"@type\":\"ImageObject\",\"inLanguage\":\"sk-SK\",\"@id\":\"https:\/\/abc-office.eu\/sk\/nehnutelnosti\/#primaryimage\",\"url\":\"https:\/\/abc-office.eu\/wp-content\/uploads\/2025\/10\/Immo-768x513-11.jpg\",\"contentUrl\":\"https:\/\/abc-office.eu\/wp-content\/uploads\/2025\/10\/Immo-768x513-11.jpg\",\"width\":768,\"height\":513},{\"@type\":\"BreadcrumbList\",\"@id\":\"https:\/\/abc-office.eu\/sk\/nehnutelnosti\/#breadcrumb\",\"itemListElement\":[{\"@type\":\"ListItem\",\"position\":1,\"name\":\"Accueil\",\"item\":\"https:\/\/abc-office.eu\/sk\/\"},{\"@type\":\"ListItem\",\"position\":2,\"name\":\"Nehnute\u013enosti\"}]},{\"@type\":\"WebSite\",\"@id\":\"https:\/\/abc-office.eu\/sk\/#website\",\"url\":\"https:\/\/abc-office.eu\/sk\/\",\"name\":\"ABC Translation\",\"description\":\"info@abc-office.eu\",\"potentialAction\":[{\"@type\":\"SearchAction\",\"target\":{\"@type\":\"EntryPoint\",\"urlTemplate\":\"https:\/\/abc-office.eu\/sk\/?s={search_term_string}\"},\"query-input\":{\"@type\":\"PropertyValueSpecification\",\"valueRequired\":true,\"valueName\":\"search_term_string\"}}],\"inLanguage\":\"sk-SK\"}]}<\/script>\n<!-- \/ Yoast SEO plugin. -->","yoast_head_json":{"title":"Nehnute\u013enosti | ABC Translation | K\u00fapa | Predaj | Pren\u00e1jom","description":"ABC Translation | Nehnute\u013enosti | K\u00fapa | Predaj | Pren\u00e1jom | Prenaj\u00edmanie | \u0160tudentsk\u00e9 ubytovanie | Home Staging | Realitn\u00e1 kancel\u00e1ria","robots":{"index":"index","follow":"follow","max-snippet":"max-snippet:-1","max-image-preview":"max-image-preview:large","max-video-preview":"max-video-preview:-1"},"canonical":"https:\/\/abc-office.eu\/sk\/nehnutelnosti\/","og_locale":"sk_SK","og_type":"article","og_title":"Nehnute\u013enosti | ABC Translation | K\u00fapa | Predaj | Pren\u00e1jom","og_description":"ABC Translation | Nehnute\u013enosti | K\u00fapa | Predaj | Pren\u00e1jom | Prenaj\u00edmanie | \u0160tudentsk\u00e9 ubytovanie | Home Staging | Realitn\u00e1 kancel\u00e1ria","og_url":"https:\/\/abc-office.eu\/sk\/nehnutelnosti\/","og_site_name":"ABC Translation","article_modified_time":"2025-10-28T13:20:57+00:00","og_image":[{"width":768,"height":513,"url":"https:\/\/abc-office.eu\/wp-content\/uploads\/2025\/10\/Immo-768x513-11.jpg","type":"image\/jpeg"}],"twitter_card":"summary_large_image","twitter_misc":{"Predpokladan\u00fd \u010das \u010d\u00edtania":"3 min\u00faty"},"schema":{"@context":"https:\/\/schema.org","@graph":[{"@type":"WebPage","@id":"https:\/\/abc-office.eu\/sk\/nehnutelnosti\/","url":"https:\/\/abc-office.eu\/sk\/nehnutelnosti\/","name":"Nehnute\u013enosti | ABC Translation | K\u00fapa | Predaj | Pren\u00e1jom","isPartOf":{"@id":"https:\/\/abc-office.eu\/sk\/#website"},"primaryImageOfPage":{"@id":"https:\/\/abc-office.eu\/sk\/nehnutelnosti\/#primaryimage"},"image":{"@id":"https:\/\/abc-office.eu\/sk\/nehnutelnosti\/#primaryimage"},"thumbnailUrl":"https:\/\/abc-office.eu\/wp-content\/uploads\/2025\/10\/Immo-768x513-11.jpg","datePublished":"2017-02-16T08:16:01+00:00","dateModified":"2025-10-28T13:20:57+00:00","description":"ABC Translation | Nehnute\u013enosti | K\u00fapa | Predaj | Pren\u00e1jom | Prenaj\u00edmanie | \u0160tudentsk\u00e9 ubytovanie | Home Staging | Realitn\u00e1 kancel\u00e1ria","breadcrumb":{"@id":"https:\/\/abc-office.eu\/sk\/nehnutelnosti\/#breadcrumb"},"inLanguage":"sk-SK","potentialAction":[{"@type":"ReadAction","target":["https:\/\/abc-office.eu\/sk\/nehnutelnosti\/"]}]},{"@type":"ImageObject","inLanguage":"sk-SK","@id":"https:\/\/abc-office.eu\/sk\/nehnutelnosti\/#primaryimage","url":"https:\/\/abc-office.eu\/wp-content\/uploads\/2025\/10\/Immo-768x513-11.jpg","contentUrl":"https:\/\/abc-office.eu\/wp-content\/uploads\/2025\/10\/Immo-768x513-11.jpg","width":768,"height":513},{"@type":"BreadcrumbList","@id":"https:\/\/abc-office.eu\/sk\/nehnutelnosti\/#breadcrumb","itemListElement":[{"@type":"ListItem","position":1,"name":"Accueil","item":"https:\/\/abc-office.eu\/sk\/"},{"@type":"ListItem","position":2,"name":"Nehnute\u013enosti"}]},{"@type":"WebSite","@id":"https:\/\/abc-office.eu\/sk\/#website","url":"https:\/\/abc-office.eu\/sk\/","name":"ABC Translation","description":"info@abc-office.eu","potentialAction":[{"@type":"SearchAction","target":{"@type":"EntryPoint","urlTemplate":"https:\/\/abc-office.eu\/sk\/?s={search_term_string}"},"query-input":{"@type":"PropertyValueSpecification","valueRequired":true,"valueName":"search_term_string"}}],"inLanguage":"sk-SK"}]}},"_links":{"self":[{"href":"https:\/\/abc-office.eu\/sk\/wp-json\/wp\/v2\/pages\/230558","targetHints":{"allow":["GET"]}}],"collection":[{"href":"https:\/\/abc-office.eu\/sk\/wp-json\/wp\/v2\/pages"}],"about":[{"href":"https:\/\/abc-office.eu\/sk\/wp-json\/wp\/v2\/types\/page"}],"author":[{"embeddable":true,"href":"https:\/\/abc-office.eu\/sk\/wp-json\/wp\/v2\/users\/1"}],"replies":[{"embeddable":true,"href":"https:\/\/abc-office.eu\/sk\/wp-json\/wp\/v2\/comments?post=230558"}],"version-history":[{"count":3,"href":"https:\/\/abc-office.eu\/sk\/wp-json\/wp\/v2\/pages\/230558\/revisions"}],"predecessor-version":[{"id":232074,"href":"https:\/\/abc-office.eu\/sk\/wp-json\/wp\/v2\/pages\/230558\/revisions\/232074"}],"wp:featuredmedia":[{"embeddable":true,"href":"https:\/\/abc-office.eu\/sk\/wp-json\/wp\/v2\/media\/230559"}],"wp:attachment":[{"href":"https:\/\/abc-office.eu\/sk\/wp-json\/wp\/v2\/media?parent=230558"}],"curies":[{"name":"wp","href":"https:\/\/api.w.org\/{rel}","templated":true}]}}