{"id":230357,"date":"2017-02-16T09:13:19","date_gmt":"2017-02-16T08:13:19","guid":{"rendered":"https:\/\/abc-office.eu\/?page_id=230357"},"modified":"2025-10-28T13:57:12","modified_gmt":"2025-10-28T12:57:12","slug":"domov","status":"publish","type":"page","link":"https:\/\/abc-office.eu\/sk\/","title":{"rendered":"Domov"},"content":{"rendered":"<h2 data-start=\"129\" data-end=\"152\"><strong data-start=\"133\" data-end=\"152\">ABC Translation<\/strong><\/h2>\n<p style=\"text-align: justify;\">ABC Translation sa \u0161pecializuje na viacero oblast\u00ed, ako s\u00fa preklady, nehnute\u013enosti, legaliz\u00e1cie, pr\u00e1vo a premiestenie. S t\u00edmom viac ako 500 zamestnancov po celom svete je ABC Translation l\u00eddrom v t\u00fdchto oblastiach a v\u010faka ve\u013ek\u00e9mu t\u00edmu kvalifikovan\u00fdch odborn\u00edkov m\u00f4\u017ee kona\u0165 ve\u013emi r\u00fdchlo. Spolo\u010dnos\u0165 zastupuje 55 r\u00f4znych n\u00e1rodnost\u00ed a m\u00e1 spojenia vo viac ako 85 krajin\u00e1ch. Vyu\u017eila globaliz\u00e1ciu na pril\u00e1kanie \u010doraz n\u00e1ro\u010dnej\u0161ej klientely.<\/p>\n<h3 data-start=\"591\" data-end=\"625\"><strong data-start=\"595\" data-end=\"625\">ABC Translation v \u010d\u00edslach:<\/strong><\/h3>\n<ul>\n<li data-start=\"627\" data-end=\"835\">500 zamestnancov po celom svete<\/li>\n<li data-start=\"627\" data-end=\"835\">60 hovoren\u00fdch jazykov<\/li>\n<li data-start=\"627\" data-end=\"835\">4000 projektov ro\u010dne<\/li>\n<li data-start=\"627\" data-end=\"835\">Viac ako 10 rokov sk\u00fasenost\u00ed<\/li>\n<li data-start=\"627\" data-end=\"835\">Viac ako 1 000 pravideln\u00fdch firemn\u00fdch z\u00e1kazn\u00edkov<\/li>\n<li data-start=\"627\" data-end=\"835\">Viac ako 2000 s\u00fakromn\u00fdch z\u00e1kazn\u00edkov ka\u017ed\u00fd rok<\/li>\n<\/ul>\n<p style=\"text-align: justify;\">Spolupracujeme s viacer\u00fdmi not\u00e1rskymi kancel\u00e1riami, aby sme mohli \u010do najr\u00fdchlej\u0161ie legalizova\u0165 r\u00f4zne dokumenty. Pre dokumenty ur\u010den\u00e9 do zahrani\u010dia spolupracujeme s ambas\u00e1dami, konzul\u00e1tmi a \u00faradmi. T\u00e1to spolupr\u00e1ca medzi r\u00f4znymi subjektmi n\u00e1m umo\u017e\u0148uje by\u0165 ve\u013emi flexibiln\u00ed a schopn\u00ed prelo\u017ei\u0165 a legalizova\u0165 va\u0161e dokumenty v rekordnom \u010dase. Okrem toho na\u0161i cyklokuri\u00e9ri zabezpe\u010duj\u00fa doru\u010dovanie dokumentov do r\u00f4znych kancel\u00e1ri\u00ed s oh\u013eadom na \u017eivotn\u00e9 prostredie. Na kone\u010dn\u00e9 zasielanie v r\u00e1mci Eur\u00f3py a do cel\u00e9ho sveta pou\u017e\u00edvame Eur\u00f3pske po\u0161tov\u00e9 slu\u017eby a DHL.<\/p>\n<p style=\"text-align: justify;\">Kvalita a r\u00fdchlos\u0165 na\u0161ich slu\u017eieb robia rozdiel u\u017e mnoho rokov. V tejto oblasti je pohotovos\u0165 k\u013e\u00fa\u010dom k \u00faspechu. Na\u0161a infra\u0161trukt\u00fara bola navrhnut\u00e1 tak, aby sme mohli r\u00fdchlej\u0161ie reagova\u0165 na po\u017eiadavky z\u00e1kazn\u00edkov. Pre r\u00fdchly kontakt n\u00e1s m\u00f4\u017eete kontaktova\u0165 telefonicky alebo e-mailom. M\u00f4\u017eete tie\u017e pou\u017ei\u0165 kontaktn\u00fd formul\u00e1r na pravej strane tejto str\u00e1nky, najm\u00e4 na zaslanie dokumentov. Cenov\u00fa ponuku zvy\u010dajne zasielame do 10 a\u017e 20 min\u00fat po prijat\u00ed s\u00faborov. Obsahuje celkov\u00fa cenu a predpokladan\u00fd \u010das spracovania projektu.<\/p>\n<p style=\"text-align: justify;\" data-start=\"1934\" data-end=\"1996\">Cel\u00fd t\u00edm je v\u00e1m plne k dispoz\u00edcii a te\u0161\u00edme sa na spolupr\u00e1cu.<\/p>\n<p data-start=\"1934\" data-end=\"1996\"><img loading=\"lazy\" decoding=\"async\" class=\"wp-image-298 aligncenter\" src=\"https:\/\/abc-office.ch\/wp-content\/uploads\/2020\/03\/bim91-1024x682.jpg\" alt=\"ABC Translation\" width=\"671\" height=\"447\" \/><\/p>\n","protected":false},"excerpt":{"rendered":"<p>ABC Translation ABC Translation sa \u0161pecializuje na viacero oblast\u00ed, ako s\u00fa preklady, nehnute\u013enosti, legaliz\u00e1cie, pr\u00e1vo a premiestenie. S t\u00edmom viac ako 500 zamestnancov po celom svete je ABC Translation l\u00eddrom v t\u00fdchto oblastiach a v\u010faka ve\u013ek\u00e9mu t\u00edmu kvalifikovan\u00fdch odborn\u00edkov m\u00f4\u017ee kona\u0165 ve\u013emi r\u00fdchlo. Spolo\u010dnos\u0165 zastupuje 55 r\u00f4znych n\u00e1rodnost\u00ed a m\u00e1 spojenia vo viac ako 85&#8230;<\/p>\n","protected":false},"author":1,"featured_media":230358,"parent":0,"menu_order":0,"comment_status":"closed","ping_status":"closed","template":"","meta":{"sfsi_plus_gutenberg_text_before_share":"","sfsi_plus_gutenberg_show_text_before_share":"","sfsi_plus_gutenberg_icon_type":"","sfsi_plus_gutenberg_icon_alignemt":"","sfsi_plus_gutenburg_max_per_row":"","footnotes":""},"class_list":["post-230357","page","type-page","status-publish","has-post-thumbnail","hentry"],"yoast_head":"<!-- This site is optimized with the Yoast SEO plugin v23.8 - https:\/\/yoast.com\/wordpress\/plugins\/seo\/ -->\n<title>ABC Translation | Preklad | Legaliz\u00e1cia | Nehnute\u013enosti | Expatrianti<\/title>\n<meta name=\"description\" content=\"ABC Translation | Legaliz\u00e1cia | Nehnute\u013enosti | Expatrianti | Tlmo\u010denie | Not\u00e1r | Advok\u00e1tska kancel\u00e1ria | Relok\u00e1cia os\u00f4b | Spolo\u010dnos\u0165\" \/>\n<meta name=\"robots\" content=\"index, follow, max-snippet:-1, max-image-preview:large, max-video-preview:-1\" \/>\n<link rel=\"canonical\" href=\"https:\/\/abc-office.eu\/sk\/\" \/>\n<meta property=\"og:locale\" content=\"sk_SK\" \/>\n<meta property=\"og:type\" content=\"article\" \/>\n<meta property=\"og:title\" content=\"ABC Translation | Preklad | Legaliz\u00e1cia | Nehnute\u013enosti | Expatrianti\" \/>\n<meta property=\"og:description\" content=\"ABC Translation | Legaliz\u00e1cia | Nehnute\u013enosti | Expatrianti | Tlmo\u010denie | Not\u00e1r | Advok\u00e1tska kancel\u00e1ria | Relok\u00e1cia os\u00f4b | Spolo\u010dnos\u0165\" \/>\n<meta property=\"og:url\" content=\"https:\/\/abc-office.eu\/sk\/\" \/>\n<meta property=\"og:site_name\" content=\"ABC Translation\" \/>\n<meta property=\"article:modified_time\" content=\"2025-10-28T12:57:12+00:00\" \/>\n<meta property=\"og:image\" content=\"https:\/\/abc-office.eu\/wp-content\/uploads\/2025\/10\/6190976a-768x433-11.jpg\" \/>\n\t<meta property=\"og:image:width\" content=\"768\" \/>\n\t<meta property=\"og:image:height\" content=\"433\" \/>\n\t<meta property=\"og:image:type\" content=\"image\/jpeg\" \/>\n<meta name=\"twitter:card\" content=\"summary_large_image\" \/>\n<meta name=\"twitter:label1\" content=\"Predpokladan\u00fd \u010das \u010d\u00edtania\" \/>\n\t<meta name=\"twitter:data1\" content=\"2 min\u00faty\" \/>\n<script type=\"application\/ld+json\" class=\"yoast-schema-graph\">{\"@context\":\"https:\/\/schema.org\",\"@graph\":[{\"@type\":\"WebPage\",\"@id\":\"https:\/\/abc-office.eu\/sk\/\",\"url\":\"https:\/\/abc-office.eu\/sk\/\",\"name\":\"ABC Translation | Preklad | Legaliz\u00e1cia | Nehnute\u013enosti | Expatrianti\",\"isPartOf\":{\"@id\":\"https:\/\/abc-office.eu\/sk\/#website\"},\"primaryImageOfPage\":{\"@id\":\"https:\/\/abc-office.eu\/sk\/#primaryimage\"},\"image\":{\"@id\":\"https:\/\/abc-office.eu\/sk\/#primaryimage\"},\"thumbnailUrl\":\"https:\/\/abc-office.eu\/wp-content\/uploads\/2025\/10\/6190976a-768x433-11.jpg\",\"datePublished\":\"2017-02-16T08:13:19+00:00\",\"dateModified\":\"2025-10-28T12:57:12+00:00\",\"description\":\"ABC Translation | Legaliz\u00e1cia | Nehnute\u013enosti | Expatrianti | Tlmo\u010denie | Not\u00e1r | Advok\u00e1tska kancel\u00e1ria | Relok\u00e1cia os\u00f4b | Spolo\u010dnos\u0165\",\"breadcrumb\":{\"@id\":\"https:\/\/abc-office.eu\/sk\/#breadcrumb\"},\"inLanguage\":\"sk-SK\",\"potentialAction\":[{\"@type\":\"ReadAction\",\"target\":[\"https:\/\/abc-office.eu\/sk\/\"]}]},{\"@type\":\"ImageObject\",\"inLanguage\":\"sk-SK\",\"@id\":\"https:\/\/abc-office.eu\/sk\/#primaryimage\",\"url\":\"https:\/\/abc-office.eu\/wp-content\/uploads\/2025\/10\/6190976a-768x433-11.jpg\",\"contentUrl\":\"https:\/\/abc-office.eu\/wp-content\/uploads\/2025\/10\/6190976a-768x433-11.jpg\",\"width\":768,\"height\":433},{\"@type\":\"BreadcrumbList\",\"@id\":\"https:\/\/abc-office.eu\/sk\/#breadcrumb\",\"itemListElement\":[{\"@type\":\"ListItem\",\"position\":1,\"name\":\"Accueil\",\"item\":\"https:\/\/abc-office.eu\/sk\/\"},{\"@type\":\"ListItem\",\"position\":2,\"name\":\"Domov\"}]},{\"@type\":\"WebSite\",\"@id\":\"https:\/\/abc-office.eu\/sk\/#website\",\"url\":\"https:\/\/abc-office.eu\/sk\/\",\"name\":\"ABC Translation\",\"description\":\"info@abc-office.eu\",\"potentialAction\":[{\"@type\":\"SearchAction\",\"target\":{\"@type\":\"EntryPoint\",\"urlTemplate\":\"https:\/\/abc-office.eu\/sk\/?s={search_term_string}\"},\"query-input\":{\"@type\":\"PropertyValueSpecification\",\"valueRequired\":true,\"valueName\":\"search_term_string\"}}],\"inLanguage\":\"sk-SK\"}]}<\/script>\n<!-- \/ Yoast SEO plugin. -->","yoast_head_json":{"title":"ABC Translation | Preklad | Legaliz\u00e1cia | Nehnute\u013enosti | Expatrianti","description":"ABC Translation | Legaliz\u00e1cia | Nehnute\u013enosti | Expatrianti | Tlmo\u010denie | Not\u00e1r | Advok\u00e1tska kancel\u00e1ria | Relok\u00e1cia os\u00f4b | Spolo\u010dnos\u0165","robots":{"index":"index","follow":"follow","max-snippet":"max-snippet:-1","max-image-preview":"max-image-preview:large","max-video-preview":"max-video-preview:-1"},"canonical":"https:\/\/abc-office.eu\/sk\/","og_locale":"sk_SK","og_type":"article","og_title":"ABC Translation | Preklad | Legaliz\u00e1cia | Nehnute\u013enosti | Expatrianti","og_description":"ABC Translation | Legaliz\u00e1cia | Nehnute\u013enosti | Expatrianti | Tlmo\u010denie | Not\u00e1r | Advok\u00e1tska kancel\u00e1ria | Relok\u00e1cia os\u00f4b | Spolo\u010dnos\u0165","og_url":"https:\/\/abc-office.eu\/sk\/","og_site_name":"ABC Translation","article_modified_time":"2025-10-28T12:57:12+00:00","og_image":[{"width":768,"height":433,"url":"https:\/\/abc-office.eu\/wp-content\/uploads\/2025\/10\/6190976a-768x433-11.jpg","type":"image\/jpeg"}],"twitter_card":"summary_large_image","twitter_misc":{"Predpokladan\u00fd \u010das \u010d\u00edtania":"2 min\u00faty"},"schema":{"@context":"https:\/\/schema.org","@graph":[{"@type":"WebPage","@id":"https:\/\/abc-office.eu\/sk\/","url":"https:\/\/abc-office.eu\/sk\/","name":"ABC Translation | Preklad | Legaliz\u00e1cia | Nehnute\u013enosti | Expatrianti","isPartOf":{"@id":"https:\/\/abc-office.eu\/sk\/#website"},"primaryImageOfPage":{"@id":"https:\/\/abc-office.eu\/sk\/#primaryimage"},"image":{"@id":"https:\/\/abc-office.eu\/sk\/#primaryimage"},"thumbnailUrl":"https:\/\/abc-office.eu\/wp-content\/uploads\/2025\/10\/6190976a-768x433-11.jpg","datePublished":"2017-02-16T08:13:19+00:00","dateModified":"2025-10-28T12:57:12+00:00","description":"ABC Translation | Legaliz\u00e1cia | Nehnute\u013enosti | Expatrianti | Tlmo\u010denie | Not\u00e1r | Advok\u00e1tska kancel\u00e1ria | Relok\u00e1cia os\u00f4b | Spolo\u010dnos\u0165","breadcrumb":{"@id":"https:\/\/abc-office.eu\/sk\/#breadcrumb"},"inLanguage":"sk-SK","potentialAction":[{"@type":"ReadAction","target":["https:\/\/abc-office.eu\/sk\/"]}]},{"@type":"ImageObject","inLanguage":"sk-SK","@id":"https:\/\/abc-office.eu\/sk\/#primaryimage","url":"https:\/\/abc-office.eu\/wp-content\/uploads\/2025\/10\/6190976a-768x433-11.jpg","contentUrl":"https:\/\/abc-office.eu\/wp-content\/uploads\/2025\/10\/6190976a-768x433-11.jpg","width":768,"height":433},{"@type":"BreadcrumbList","@id":"https:\/\/abc-office.eu\/sk\/#breadcrumb","itemListElement":[{"@type":"ListItem","position":1,"name":"Accueil","item":"https:\/\/abc-office.eu\/sk\/"},{"@type":"ListItem","position":2,"name":"Domov"}]},{"@type":"WebSite","@id":"https:\/\/abc-office.eu\/sk\/#website","url":"https:\/\/abc-office.eu\/sk\/","name":"ABC Translation","description":"info@abc-office.eu","potentialAction":[{"@type":"SearchAction","target":{"@type":"EntryPoint","urlTemplate":"https:\/\/abc-office.eu\/sk\/?s={search_term_string}"},"query-input":{"@type":"PropertyValueSpecification","valueRequired":true,"valueName":"search_term_string"}}],"inLanguage":"sk-SK"}]}},"_links":{"self":[{"href":"https:\/\/abc-office.eu\/sk\/wp-json\/wp\/v2\/pages\/230357","targetHints":{"allow":["GET"]}}],"collection":[{"href":"https:\/\/abc-office.eu\/sk\/wp-json\/wp\/v2\/pages"}],"about":[{"href":"https:\/\/abc-office.eu\/sk\/wp-json\/wp\/v2\/types\/page"}],"author":[{"embeddable":true,"href":"https:\/\/abc-office.eu\/sk\/wp-json\/wp\/v2\/users\/1"}],"replies":[{"embeddable":true,"href":"https:\/\/abc-office.eu\/sk\/wp-json\/wp\/v2\/comments?post=230357"}],"version-history":[{"count":2,"href":"https:\/\/abc-office.eu\/sk\/wp-json\/wp\/v2\/pages\/230357\/revisions"}],"predecessor-version":[{"id":232068,"href":"https:\/\/abc-office.eu\/sk\/wp-json\/wp\/v2\/pages\/230357\/revisions\/232068"}],"wp:featuredmedia":[{"embeddable":true,"href":"https:\/\/abc-office.eu\/sk\/wp-json\/wp\/v2\/media\/230358"}],"wp:attachment":[{"href":"https:\/\/abc-office.eu\/sk\/wp-json\/wp\/v2\/media?parent=230357"}],"curies":[{"name":"wp","href":"https:\/\/api.w.org\/{rel}","templated":true}]}}