{"id":226038,"date":"2024-04-13T09:05:57","date_gmt":"2024-04-13T07:05:57","guid":{"rendered":"https:\/\/abc-office.eu\/?page_id=226038"},"modified":"2025-10-15T05:07:13","modified_gmt":"2025-10-15T03:07:13","slug":"romania","status":"publish","type":"page","link":"https:\/\/abc-office.eu\/ro\/romania\/","title":{"rendered":"Rom\u00e2nia"},"content":{"rendered":"<h2 data-start=\"91\" data-end=\"104\"><strong data-start=\"91\" data-end=\"102\">Rom\u00e2nia<\/strong><\/h2>\n<p style=\"text-align: justify;\" data-start=\"106\" data-end=\"487\">Agen\u021bia noastr\u0103 de traduceri \u0219i legaliz\u0103ri este specializat\u0103 \u00een traduceri certificate \u0219i autorizate \u00een peste 80 de limbi, precum \u0219i \u00een servicii de legalizare. Echipa noastr\u0103 din Rom\u00e2nia proceseaz\u0103 rapid solicit\u0103rile clien\u021bilor, indiferent de formatul documentelor. Accept\u0103m copii scanate sau fotografii clare, astfel \u00eenc\u00e2t documentele originale nu sunt necesare.<\/p>\n<ol>\n<li style=\"text-align: justify;\">Pentru a primi o estimare gratuit\u0103 \u0219i rapid\u0103, ne pute\u021bi contacta prin e-mail la (<a href=\"mailto:info@abc-office.eu\">info@abc-office.eu<\/a>), prin formularul de contact de pe site sau prin linkul nostru WhatsApp.<\/li>\n<li style=\"text-align: justify;\">Limba \u00een care dori\u021bi traducerea; dac\u0103 este necesar\u0103 legalizarea notarial\u0103, aplicarea apostilei (prefectur\u0103\/cancelarie) sau legalizarea prin ambasad\u0103 ori consulat.<\/li>\n<li style=\"text-align: justify;\">Un manager de proiect v\u0103 va transmite rapid o estimare care va include costul total \u0219i termenul de livrare. De regul\u0103, r\u0103spundem \u00een 30 de minute. Dac\u0103 nu primi\u021bi un r\u0103spuns \u00eentr-o or\u0103, v\u0103 rug\u0103m s\u0103 ne contacta\u021bi telefonic.<\/li>\n<li style=\"text-align: justify;\">Dup\u0103 acceptarea estim\u0103rii, vom \u00eencepe procesul de traducere \u0219i\/sau legalizare. Traducerile certificate \u0219i legaliz\u0103rile sunt trimise prin po\u0219t\u0103 sau prin curier (DHL). La cerere, v\u0103 putem trimite \u0219i o copie electronic\u0103 prin e-mail, \u00eenainte de expedierea originalului.<\/li>\n<\/ol>\n<p style=\"text-align: justify;\" data-start=\"1544\" data-end=\"1909\">Termenul mediu de execu\u021bie este de 2-3 zile lucr\u0103toare, \u00een func\u021bie de volumul \u0219i complexitatea documentelor. De exemplu, pentru un document de o pagin\u0103, traducerea certificat\u0103 este de obicei livrat\u0103 \u00een cel mult dou\u0103 zile lucr\u0103toare.<\/p>\n<h3 data-start=\"1911\" data-end=\"1960\">Limbi disponibile:<\/h3>\n<p style=\"text-align: justify;\" data-start=\"1962\" data-end=\"2823\">Afrikaans | Albanez\u0103 | German\u0103 | Englez\u0103 | Arab\u0103 | Armean\u0103 | Azerbaidjan\u0103 | Bengali | Bulgar\u0103 | Catalan\u0103 | Chinez\u0103 | Chinez\u0103 simplificat\u0103 | Chinez\u0103 tradi\u021bional\u0103 | Coreean\u0103 | Croat\u0103 | Danez\u0103 | Spaniol\u0103 | Farsi | Finlandez\u0103 | Francez\u0103 | Georgian\u0103 | Greac\u0103 | Ebraic\u0103 | Hindi | Maghiar\u0103 | Indonezian\u0103 | Italian\u0103 | Japonez\u0103 | Kazah\u0103 | Leton\u0103 | Lituanian\u0103 | Macedonean\u0103 | Malaezian\u0103 | Norvegian\u0103 | Olandez\u0103 | Polonez\u0103 | Portughez\u0103 | Rom\u00e2n\u0103 | Rus\u0103 | S\u00e2rb\u0103 | Slovac\u0103 | Sloven\u0103 | Suedez\u0103 | Thailandez\u0103 | Turc\u0103 | Ucrainean\u0103 | Vietnamez\u0103 | \u0219i altele.<\/p>\n<h3 data-start=\"2825\" data-end=\"2874\">Documente frecvent traduse:<\/h3>\n<p style=\"text-align: justify;\" data-start=\"2876\" data-end=\"3284\">Certificat de na\u0219tere | Certificat de c\u0103s\u0103torie | Certificat de stare civil\u0103 | Diplom\u0103 | Atestat | Cazier judiciar | Certificat de celibat | Certificat de deces | Certificat de familie | Adeverin\u021b\u0103 de munc\u0103 | Declara\u021bie fiscal\u0103 | Pa\u0219aport | Permis de conducere | Testament | Viz\u0103 | Contract | Hot\u0103r\u00e2re judec\u0103toreasc\u0103 | Procur\u0103 | Proces-verbal<\/p>\n<h3 data-start=\"3286\" data-end=\"3359\">Tipuri de traduceri \u0219i certific\u0103ri:<\/h3>\n<ul>\n<li data-start=\"3362\" data-end=\"3440\">Traducere certificat\u0103: traducerea este furnizat\u0103 cu \u0219tampila \u0219i semn\u0103tura agen\u021biei noastre.<\/li>\n<li data-start=\"3362\" data-end=\"3440\">Traducere autorizat\u0103: este realizat\u0103 \u0219i semnat\u0103 de un traduc\u0103tor autorizat de Ministerul Justi\u021biei. Dac\u0103 este necesar, semn\u0103tura acestuia poate fi legalizat\u0103 la notar (traducere legalizat\u0103), pentru utilizare oficial\u0103 \u00een Rom\u00e2nia sau \u00een str\u0103in\u0103tate.<\/li>\n<li data-start=\"3443\" data-end=\"3525\">Traducere legalizat\u0103: notarul autentific\u0103 semn\u0103tura traduc\u0103torului pe traducere.<\/li>\n<li data-start=\"3528\" data-end=\"3596\">Traducere cu apostil\u0103: prefectura sau cancelaria aplic\u0103 apostila pe semn\u0103tura notarului.<\/li>\n<li data-start=\"3599\" data-end=\"3732\">Traducere legalizat\u0103 prin ambasad\u0103 sau consulat: ambasada sau consulatul legalizeaz\u0103 traducerea pentru utilizare interna\u021bional\u0103.<\/li>\n<\/ul>\n<h3 data-start=\"3734\" data-end=\"3796\">Tipuri de legaliz\u0103ri pentru uz oficial:<\/h3>\n<ul>\n<li style=\"text-align: justify;\" data-start=\"3799\" data-end=\"3988\">Legalizare prin apostil\u0103: t\u0103rile semnatare ale Conven\u021biei de la Haga recunosc valoarea juridic\u0103 a unui document f\u0103r\u0103 a fi necesar\u0103 viza consulatului, cu condi\u021bia ca acesta s\u0103 poarte apostila.<\/li>\n<li style=\"text-align: justify;\" data-start=\"3991\" data-end=\"4334\">Legalizare prin ambasad\u0103 sau consulat: pentru anumite \u021b\u0103ri, precum China, documentele trebuie legalizate la ambasada sau consulatul respectiv. \u00cenainte de aceasta, documentele trebuie legalizate de notar \u0219i vizate de prefectur\u0103\/cancelarie.<\/li>\n<li style=\"text-align: justify;\" data-start=\"4337\" data-end=\"4714\">Copie certificat\u0103 conform cu originalul: Numit\u0103 \u0219i vidimus sau brevet, este o copie a unui document a c\u0103rei conformitate cu originalul este atestat\u0103 de notar. Unele institu\u021bii solicit\u0103 copii certificate de acest tip, mai ales pentru documente emise \u00een str\u0103in\u0103tate.<\/li>\n<li style=\"text-align: justify;\" data-start=\"4717\" data-end=\"4855\">Viz\u0103: este o form\u0103 de legalizare aplicat\u0103 pe o copie a unui document. \u00cen cazul \u00een care nu de\u021bine\u021bi originalul, putem legaliza copia.<\/li>\n<li style=\"text-align: justify;\" data-start=\"4858\" data-end=\"5119\">Legalizarea semn\u0103turii: notarul confirm\u0103 autenticitatea semn\u0103turii, certific\u00e2nd c\u0103 persoana semnatar\u0103 a semnat documentul \u00een mod voluntar. Aceast\u0103 procedur\u0103 este utilizat\u0103 frecvent pentru procuri.<\/li>\n<\/ul>\n<p style=\"text-align: justify;\" data-start=\"5121\" data-end=\"5458\">Datorit\u0103 procedurilor corecte de certificare \u0219i legalizare, documentele emise prin intermediul agen\u021biei noastre sunt recunoscute \u0219i acceptate at\u00e2t \u00een Rom\u00e2nia, c\u00e2t \u0219i \u00een str\u0103in\u0103tate. Pentru orice \u00eentreb\u0103ri privind tipul de traducere sau legalizare necesar documentelor dumneavoastr\u0103, nu ezita\u021bi s\u0103 contacta\u021bi echipa noastr\u0103. V\u0103 vom ghida pe tot parcursul procesului.<\/p>\n<p style=\"text-align: justify;\" data-start=\"5460\" data-end=\"5512\">A\u0219tept\u0103m cu interes s\u0103 colabor\u0103m cu dumneavoastr\u0103.<\/p>\n<p style=\"text-align: justify;\" data-start=\"5514\" data-end=\"5539\"><a href=\"https:\/\/abc-office.eu\/ro\/\"><strong data-start=\"5514\" data-end=\"5537\">ABC Translation LLC<\/strong><\/a><\/p>\n<p data-start=\"5514\" data-end=\"5539\"><img loading=\"lazy\" decoding=\"async\" class=\"aligncenter wp-image-271\" src=\"https:\/\/abc-office.ch\/wp-content\/uploads\/2018\/06\/imageedit_1_6241191614.gif\" alt=\"Rom\u00e2nia\" width=\"437\" height=\"437\" \/><\/p>\n","protected":false},"excerpt":{"rendered":"<p>Rom\u00e2nia Agen\u021bia noastr\u0103 de traduceri \u0219i legaliz\u0103ri este specializat\u0103 \u00een traduceri certificate \u0219i autorizate \u00een peste 80 de limbi, precum \u0219i \u00een servicii de legalizare. Echipa noastr\u0103 din Rom\u00e2nia proceseaz\u0103 rapid solicit\u0103rile clien\u021bilor, indiferent de formatul documentelor. Accept\u0103m copii scanate sau fotografii clare, astfel \u00eenc\u00e2t documentele originale nu sunt necesare. Pentru a primi o estimare&#8230;<\/p>\n","protected":false},"author":1,"featured_media":226039,"parent":0,"menu_order":0,"comment_status":"closed","ping_status":"closed","template":"","meta":{"sfsi_plus_gutenberg_text_before_share":"","sfsi_plus_gutenberg_show_text_before_share":"","sfsi_plus_gutenberg_icon_type":"","sfsi_plus_gutenberg_icon_alignemt":"","sfsi_plus_gutenburg_max_per_row":"","footnotes":""},"class_list":["post-226038","page","type-page","status-publish","has-post-thumbnail","hentry"],"yoast_head":"<!-- This site is optimized with the Yoast SEO plugin v23.8 - https:\/\/yoast.com\/wordpress\/plugins\/seo\/ -->\n<title>Traducere certificat\u0103 Rom\u00e2nia | Traduc\u0103tor autorizat Rom\u00e2nia<\/title>\n<meta name=\"description\" content=\"ABC Translation | Traducere autorizat\u0103 Rom\u00e2nia | Traduc\u0103tor autorizat Rom\u00e2nia | Legalizare la notar | Apostil\u0103 | Consulat | Ambasad\u0103\" \/>\n<meta name=\"robots\" content=\"index, follow, max-snippet:-1, max-image-preview:large, max-video-preview:-1\" \/>\n<link rel=\"canonical\" href=\"https:\/\/abc-office.eu\/ro\/romania\/\" \/>\n<meta property=\"og:locale\" content=\"ro_RO\" \/>\n<meta property=\"og:type\" content=\"article\" \/>\n<meta property=\"og:title\" content=\"Traducere certificat\u0103 Rom\u00e2nia | Traduc\u0103tor autorizat Rom\u00e2nia\" \/>\n<meta property=\"og:description\" content=\"ABC Translation | Traducere autorizat\u0103 Rom\u00e2nia | Traduc\u0103tor autorizat Rom\u00e2nia | Legalizare la notar | Apostil\u0103 | Consulat | Ambasad\u0103\" \/>\n<meta property=\"og:url\" content=\"https:\/\/abc-office.eu\/ro\/romania\/\" \/>\n<meta property=\"og:site_name\" content=\"ABC Translation\" \/>\n<meta property=\"article:modified_time\" content=\"2025-10-15T03:07:13+00:00\" \/>\n<meta property=\"og:image\" content=\"https:\/\/abc-office.eu\/wp-content\/uploads\/2025\/10\/romania-542x410-1.jpg\" \/>\n\t<meta property=\"og:image:width\" content=\"542\" \/>\n\t<meta property=\"og:image:height\" content=\"410\" \/>\n\t<meta property=\"og:image:type\" content=\"image\/jpeg\" \/>\n<meta name=\"twitter:card\" content=\"summary_large_image\" \/>\n<meta name=\"twitter:label1\" content=\"Timp estimat pentru citire\" \/>\n\t<meta name=\"twitter:data1\" content=\"4 minute\" \/>\n<script type=\"application\/ld+json\" class=\"yoast-schema-graph\">{\"@context\":\"https:\/\/schema.org\",\"@graph\":[{\"@type\":\"WebPage\",\"@id\":\"https:\/\/abc-office.eu\/ro\/romania\/\",\"url\":\"https:\/\/abc-office.eu\/ro\/romania\/\",\"name\":\"Traducere certificat\u0103 Rom\u00e2nia | Traduc\u0103tor autorizat Rom\u00e2nia\",\"isPartOf\":{\"@id\":\"https:\/\/abc-office.eu\/ro\/#website\"},\"primaryImageOfPage\":{\"@id\":\"https:\/\/abc-office.eu\/ro\/romania\/#primaryimage\"},\"image\":{\"@id\":\"https:\/\/abc-office.eu\/ro\/romania\/#primaryimage\"},\"thumbnailUrl\":\"https:\/\/abc-office.eu\/wp-content\/uploads\/2025\/10\/romania-542x410-1.jpg\",\"datePublished\":\"2024-04-13T07:05:57+00:00\",\"dateModified\":\"2025-10-15T03:07:13+00:00\",\"description\":\"ABC Translation | Traducere autorizat\u0103 Rom\u00e2nia | Traduc\u0103tor autorizat Rom\u00e2nia | Legalizare la notar | Apostil\u0103 | Consulat | Ambasad\u0103\",\"breadcrumb\":{\"@id\":\"https:\/\/abc-office.eu\/ro\/romania\/#breadcrumb\"},\"inLanguage\":\"ro-RO\",\"potentialAction\":[{\"@type\":\"ReadAction\",\"target\":[\"https:\/\/abc-office.eu\/ro\/romania\/\"]}]},{\"@type\":\"ImageObject\",\"inLanguage\":\"ro-RO\",\"@id\":\"https:\/\/abc-office.eu\/ro\/romania\/#primaryimage\",\"url\":\"https:\/\/abc-office.eu\/wp-content\/uploads\/2025\/10\/romania-542x410-1.jpg\",\"contentUrl\":\"https:\/\/abc-office.eu\/wp-content\/uploads\/2025\/10\/romania-542x410-1.jpg\",\"width\":542,\"height\":410},{\"@type\":\"BreadcrumbList\",\"@id\":\"https:\/\/abc-office.eu\/ro\/romania\/#breadcrumb\",\"itemListElement\":[{\"@type\":\"ListItem\",\"position\":1,\"name\":\"Accueil\",\"item\":\"https:\/\/abc-office.eu\/ro\/\"},{\"@type\":\"ListItem\",\"position\":2,\"name\":\"Rom\u00e2nia\"}]},{\"@type\":\"WebSite\",\"@id\":\"https:\/\/abc-office.eu\/ro\/#website\",\"url\":\"https:\/\/abc-office.eu\/ro\/\",\"name\":\"ABC Translation\",\"description\":\"info@abc-office.eu\",\"potentialAction\":[{\"@type\":\"SearchAction\",\"target\":{\"@type\":\"EntryPoint\",\"urlTemplate\":\"https:\/\/abc-office.eu\/ro\/?s={search_term_string}\"},\"query-input\":{\"@type\":\"PropertyValueSpecification\",\"valueRequired\":true,\"valueName\":\"search_term_string\"}}],\"inLanguage\":\"ro-RO\"}]}<\/script>\n<!-- \/ Yoast SEO plugin. -->","yoast_head_json":{"title":"Traducere certificat\u0103 Rom\u00e2nia | Traduc\u0103tor autorizat Rom\u00e2nia","description":"ABC Translation | Traducere autorizat\u0103 Rom\u00e2nia | Traduc\u0103tor autorizat Rom\u00e2nia | Legalizare la notar | Apostil\u0103 | Consulat | Ambasad\u0103","robots":{"index":"index","follow":"follow","max-snippet":"max-snippet:-1","max-image-preview":"max-image-preview:large","max-video-preview":"max-video-preview:-1"},"canonical":"https:\/\/abc-office.eu\/ro\/romania\/","og_locale":"ro_RO","og_type":"article","og_title":"Traducere certificat\u0103 Rom\u00e2nia | Traduc\u0103tor autorizat Rom\u00e2nia","og_description":"ABC Translation | Traducere autorizat\u0103 Rom\u00e2nia | Traduc\u0103tor autorizat Rom\u00e2nia | Legalizare la notar | Apostil\u0103 | Consulat | Ambasad\u0103","og_url":"https:\/\/abc-office.eu\/ro\/romania\/","og_site_name":"ABC Translation","article_modified_time":"2025-10-15T03:07:13+00:00","og_image":[{"width":542,"height":410,"url":"https:\/\/abc-office.eu\/wp-content\/uploads\/2025\/10\/romania-542x410-1.jpg","type":"image\/jpeg"}],"twitter_card":"summary_large_image","twitter_misc":{"Timp estimat pentru citire":"4 minute"},"schema":{"@context":"https:\/\/schema.org","@graph":[{"@type":"WebPage","@id":"https:\/\/abc-office.eu\/ro\/romania\/","url":"https:\/\/abc-office.eu\/ro\/romania\/","name":"Traducere certificat\u0103 Rom\u00e2nia | Traduc\u0103tor autorizat Rom\u00e2nia","isPartOf":{"@id":"https:\/\/abc-office.eu\/ro\/#website"},"primaryImageOfPage":{"@id":"https:\/\/abc-office.eu\/ro\/romania\/#primaryimage"},"image":{"@id":"https:\/\/abc-office.eu\/ro\/romania\/#primaryimage"},"thumbnailUrl":"https:\/\/abc-office.eu\/wp-content\/uploads\/2025\/10\/romania-542x410-1.jpg","datePublished":"2024-04-13T07:05:57+00:00","dateModified":"2025-10-15T03:07:13+00:00","description":"ABC Translation | Traducere autorizat\u0103 Rom\u00e2nia | Traduc\u0103tor autorizat Rom\u00e2nia | Legalizare la notar | Apostil\u0103 | Consulat | Ambasad\u0103","breadcrumb":{"@id":"https:\/\/abc-office.eu\/ro\/romania\/#breadcrumb"},"inLanguage":"ro-RO","potentialAction":[{"@type":"ReadAction","target":["https:\/\/abc-office.eu\/ro\/romania\/"]}]},{"@type":"ImageObject","inLanguage":"ro-RO","@id":"https:\/\/abc-office.eu\/ro\/romania\/#primaryimage","url":"https:\/\/abc-office.eu\/wp-content\/uploads\/2025\/10\/romania-542x410-1.jpg","contentUrl":"https:\/\/abc-office.eu\/wp-content\/uploads\/2025\/10\/romania-542x410-1.jpg","width":542,"height":410},{"@type":"BreadcrumbList","@id":"https:\/\/abc-office.eu\/ro\/romania\/#breadcrumb","itemListElement":[{"@type":"ListItem","position":1,"name":"Accueil","item":"https:\/\/abc-office.eu\/ro\/"},{"@type":"ListItem","position":2,"name":"Rom\u00e2nia"}]},{"@type":"WebSite","@id":"https:\/\/abc-office.eu\/ro\/#website","url":"https:\/\/abc-office.eu\/ro\/","name":"ABC Translation","description":"info@abc-office.eu","potentialAction":[{"@type":"SearchAction","target":{"@type":"EntryPoint","urlTemplate":"https:\/\/abc-office.eu\/ro\/?s={search_term_string}"},"query-input":{"@type":"PropertyValueSpecification","valueRequired":true,"valueName":"search_term_string"}}],"inLanguage":"ro-RO"}]}},"_links":{"self":[{"href":"https:\/\/abc-office.eu\/ro\/wp-json\/wp\/v2\/pages\/226038","targetHints":{"allow":["GET"]}}],"collection":[{"href":"https:\/\/abc-office.eu\/ro\/wp-json\/wp\/v2\/pages"}],"about":[{"href":"https:\/\/abc-office.eu\/ro\/wp-json\/wp\/v2\/types\/page"}],"author":[{"embeddable":true,"href":"https:\/\/abc-office.eu\/ro\/wp-json\/wp\/v2\/users\/1"}],"replies":[{"embeddable":true,"href":"https:\/\/abc-office.eu\/ro\/wp-json\/wp\/v2\/comments?post=226038"}],"version-history":[{"count":3,"href":"https:\/\/abc-office.eu\/ro\/wp-json\/wp\/v2\/pages\/226038\/revisions"}],"predecessor-version":[{"id":226831,"href":"https:\/\/abc-office.eu\/ro\/wp-json\/wp\/v2\/pages\/226038\/revisions\/226831"}],"wp:featuredmedia":[{"embeddable":true,"href":"https:\/\/abc-office.eu\/ro\/wp-json\/wp\/v2\/media\/226039"}],"wp:attachment":[{"href":"https:\/\/abc-office.eu\/ro\/wp-json\/wp\/v2\/media?parent=226038"}],"curies":[{"name":"wp","href":"https:\/\/api.w.org\/{rel}","templated":true}]}}