{"id":226026,"date":"2022-04-25T10:26:44","date_gmt":"2022-04-25T08:26:44","guid":{"rendered":"https:\/\/abc-office.eu\/?page_id=226026"},"modified":"2025-10-15T04:52:03","modified_gmt":"2025-10-15T02:52:03","slug":"contact","status":"publish","type":"page","link":"https:\/\/abc-office.eu\/ro\/contact\/","title":{"rendered":"Contact"},"content":{"rendered":"<h2>Contact \u2013 agen\u021biile dumneavoastr\u0103 de traduceri \u00een Uniunea European\u0103<\/h2>\n<p>Email: <a class=\"decorated-link cursor-pointer\" href=\"mailto:info@abc-office.eu\" rel=\"noopener\" data-start=\"161\" data-end=\"179\">info@abc-office.eu<\/a><\/p>\n<h3 data-start=\"183\" data-end=\"204\"><strong data-start=\"183\" data-end=\"202\">ABC Translation<\/strong><\/h3>\n<p style=\"text-align: justify;\" data-start=\"206\" data-end=\"897\">Traduc\u0103torii \u0219i corectorii no\u0219tri, stabili\u021bi \u00een Uniunea European\u0103, de\u021bin diplome de master \u00een traducere \u0219i sunt specializa\u021bi \u00een domenii precum marketing, economie, politic\u0103, drept \u0219i medicin\u0103. Pentru o solicitare rapid\u0103, v\u0103 rug\u0103m s\u0103 completa\u021bi formularul de contact din partea dreapt\u0103 a ecranului. Echipa noastr\u0103 v\u0103 va trimite ulterior o estimare care va include costul total \u0219i termenul de livrare al traducerii. Fiecare proiect include traducerea textului, urmat\u0103 de o sesiune de revizie realizat\u0103 de un al doilea traduc\u0103tor, pentru a garanta acurate\u021bea \u0219i calitatea final\u0103. Dup\u0103 finalizare, traducerea este transmis\u0103 prin e-mail sau, \u00een cazul traducerilor certificate, prin po\u0219t\u0103.<\/p>\n<p style=\"text-align: justify;\" data-start=\"899\" data-end=\"1215\">Calitatea este prioritatea noastr\u0103 absolut\u0103. Datorit\u0103 principalelor noastre atuuri \u2013 precizie, eficien\u021b\u0103 \u0219i respectarea termenelor \u2013 colabor\u0103m zilnic cu numeroase companii \u0219i persoane fizice din \u00eentreaga Uniune European\u0103. Ne ocup\u0103m de traducerea site-urilor web, a documentelor oficiale \u0219i a textelor specializate, indiferent de domeniu.<\/p>\n<p style=\"text-align: justify;\" data-start=\"1217\" data-end=\"1713\">Tarifele noastre sunt stabilite conform unui sistem de referin\u021b\u0103 utilizat la nivel european, care ia \u00een considerare complexitatea textului surs\u0103. Costul poate fi calculat \u00een func\u021bie de num\u0103rul de cuvinte sau pe baza unei linii standard de 55 de caractere. Acest sistem asigur\u0103 o transparen\u021b\u0103 total\u0103 pentru client \u0219i garanteaz\u0103 oferte corecte \u0219i adaptate fiec\u0103rui proiect. Colabor\u0103m cu companii \u0219i persoane fizice din toate \u021b\u0103rile Uniunii Europene.<\/p>\n<p><img loading=\"lazy\" decoding=\"async\" class=\"aligncenter wp-image-28719\" src=\"https:\/\/abc-office.eu\/wp-content\/uploads\/2017\/02\/second_image-300x200.jpg\" alt=\"Contact\" width=\"715\" height=\"476\" srcset=\"https:\/\/abc-office.eu\/wp-content\/uploads\/2017\/02\/second_image-300x200.jpg 300w, https:\/\/abc-office.eu\/wp-content\/uploads\/2017\/02\/second_image-1024x682.jpg 1024w, https:\/\/abc-office.eu\/wp-content\/uploads\/2017\/02\/second_image-768x512.jpg 768w, https:\/\/abc-office.eu\/wp-content\/uploads\/2017\/02\/second_image-1080x720.jpg 1080w, https:\/\/abc-office.eu\/wp-content\/uploads\/2017\/02\/second_image-1280x853.jpg 1280w, https:\/\/abc-office.eu\/wp-content\/uploads\/2017\/02\/second_image-980x653.jpg 980w, https:\/\/abc-office.eu\/wp-content\/uploads\/2017\/02\/second_image-480x320.jpg 480w, https:\/\/abc-office.eu\/wp-content\/uploads\/2017\/02\/second_image.jpg 1400w\" sizes=\"auto, (max-width: 715px) 100vw, 715px\" \/><\/p>\n","protected":false},"excerpt":{"rendered":"<p>Contact \u2013 agen\u021biile dumneavoastr\u0103 de traduceri \u00een Uniunea European\u0103 Email: info@abc-office.eu ABC Translation Traduc\u0103torii \u0219i corectorii no\u0219tri, stabili\u021bi \u00een Uniunea European\u0103, de\u021bin diplome de master \u00een traducere \u0219i sunt specializa\u021bi \u00een domenii precum marketing, economie, politic\u0103, drept \u0219i medicin\u0103. Pentru o solicitare rapid\u0103, v\u0103 rug\u0103m s\u0103 completa\u021bi formularul de contact din partea dreapt\u0103 a ecranului&#8230;.<\/p>\n","protected":false},"author":1,"featured_media":225873,"parent":0,"menu_order":0,"comment_status":"closed","ping_status":"closed","template":"","meta":{"sfsi_plus_gutenberg_text_before_share":"","sfsi_plus_gutenberg_show_text_before_share":"","sfsi_plus_gutenberg_icon_type":"","sfsi_plus_gutenberg_icon_alignemt":"","sfsi_plus_gutenburg_max_per_row":"","footnotes":""},"class_list":["post-226026","page","type-page","status-publish","has-post-thumbnail","hentry"],"yoast_head":"<!-- This site is optimized with the Yoast SEO plugin v23.8 - https:\/\/yoast.com\/wordpress\/plugins\/seo\/ -->\n<title>Contact traduceri | Traduc\u0103tor | Uniunea European\u0103 | Regatul Unit<\/title>\n<meta name=\"description\" content=\"ABC Translation: Contact | Traduceri website | Traduceri acte oficiale | Traduceri specializate | Uniunea European\u0103\" \/>\n<meta name=\"robots\" content=\"index, follow, max-snippet:-1, max-image-preview:large, max-video-preview:-1\" \/>\n<link rel=\"canonical\" href=\"https:\/\/abc-office.eu\/ro\/contact\/\" \/>\n<meta property=\"og:locale\" content=\"ro_RO\" \/>\n<meta property=\"og:type\" content=\"article\" \/>\n<meta property=\"og:title\" content=\"Contact traduceri | Traduc\u0103tor | Uniunea European\u0103 | Regatul Unit\" \/>\n<meta property=\"og:description\" content=\"ABC Translation: Contact | Traduceri website | Traduceri acte oficiale | Traduceri specializate | Uniunea European\u0103\" \/>\n<meta property=\"og:url\" content=\"https:\/\/abc-office.eu\/ro\/contact\/\" \/>\n<meta property=\"og:site_name\" content=\"ABC Translation\" \/>\n<meta property=\"article:modified_time\" content=\"2025-10-15T02:52:03+00:00\" \/>\n<meta property=\"og:image\" content=\"https:\/\/abc-office.eu\/wp-content\/uploads\/2025\/10\/Flag_of_Europe-2-768x512-1.png\" \/>\n\t<meta property=\"og:image:width\" content=\"768\" \/>\n\t<meta property=\"og:image:height\" content=\"512\" \/>\n\t<meta property=\"og:image:type\" content=\"image\/png\" \/>\n<meta name=\"twitter:card\" content=\"summary_large_image\" \/>\n<meta name=\"twitter:label1\" content=\"Timp estimat pentru citire\" \/>\n\t<meta name=\"twitter:data1\" content=\"2 minute\" \/>\n<script type=\"application\/ld+json\" class=\"yoast-schema-graph\">{\"@context\":\"https:\/\/schema.org\",\"@graph\":[{\"@type\":\"WebPage\",\"@id\":\"https:\/\/abc-office.eu\/ro\/contact\/\",\"url\":\"https:\/\/abc-office.eu\/ro\/contact\/\",\"name\":\"Contact traduceri | Traduc\u0103tor | Uniunea European\u0103 | Regatul Unit\",\"isPartOf\":{\"@id\":\"https:\/\/abc-office.eu\/ro\/#website\"},\"primaryImageOfPage\":{\"@id\":\"https:\/\/abc-office.eu\/ro\/contact\/#primaryimage\"},\"image\":{\"@id\":\"https:\/\/abc-office.eu\/ro\/contact\/#primaryimage\"},\"thumbnailUrl\":\"https:\/\/abc-office.eu\/wp-content\/uploads\/2025\/10\/Flag_of_Europe-2-768x512-1.png\",\"datePublished\":\"2022-04-25T08:26:44+00:00\",\"dateModified\":\"2025-10-15T02:52:03+00:00\",\"description\":\"ABC Translation: Contact | Traduceri website | Traduceri acte oficiale | Traduceri specializate | Uniunea European\u0103\",\"breadcrumb\":{\"@id\":\"https:\/\/abc-office.eu\/ro\/contact\/#breadcrumb\"},\"inLanguage\":\"ro-RO\",\"potentialAction\":[{\"@type\":\"ReadAction\",\"target\":[\"https:\/\/abc-office.eu\/ro\/contact\/\"]}]},{\"@type\":\"ImageObject\",\"inLanguage\":\"ro-RO\",\"@id\":\"https:\/\/abc-office.eu\/ro\/contact\/#primaryimage\",\"url\":\"https:\/\/abc-office.eu\/wp-content\/uploads\/2025\/10\/Flag_of_Europe-2-768x512-1.png\",\"contentUrl\":\"https:\/\/abc-office.eu\/wp-content\/uploads\/2025\/10\/Flag_of_Europe-2-768x512-1.png\",\"width\":768,\"height\":512},{\"@type\":\"BreadcrumbList\",\"@id\":\"https:\/\/abc-office.eu\/ro\/contact\/#breadcrumb\",\"itemListElement\":[{\"@type\":\"ListItem\",\"position\":1,\"name\":\"Accueil\",\"item\":\"https:\/\/abc-office.eu\/ro\/\"},{\"@type\":\"ListItem\",\"position\":2,\"name\":\"Contact\"}]},{\"@type\":\"WebSite\",\"@id\":\"https:\/\/abc-office.eu\/ro\/#website\",\"url\":\"https:\/\/abc-office.eu\/ro\/\",\"name\":\"ABC Translation\",\"description\":\"info@abc-office.eu\",\"potentialAction\":[{\"@type\":\"SearchAction\",\"target\":{\"@type\":\"EntryPoint\",\"urlTemplate\":\"https:\/\/abc-office.eu\/ro\/?s={search_term_string}\"},\"query-input\":{\"@type\":\"PropertyValueSpecification\",\"valueRequired\":true,\"valueName\":\"search_term_string\"}}],\"inLanguage\":\"ro-RO\"}]}<\/script>\n<!-- \/ Yoast SEO plugin. -->","yoast_head_json":{"title":"Contact traduceri | Traduc\u0103tor | Uniunea European\u0103 | Regatul Unit","description":"ABC Translation: Contact | Traduceri website | Traduceri acte oficiale | Traduceri specializate | Uniunea European\u0103","robots":{"index":"index","follow":"follow","max-snippet":"max-snippet:-1","max-image-preview":"max-image-preview:large","max-video-preview":"max-video-preview:-1"},"canonical":"https:\/\/abc-office.eu\/ro\/contact\/","og_locale":"ro_RO","og_type":"article","og_title":"Contact traduceri | Traduc\u0103tor | Uniunea European\u0103 | Regatul Unit","og_description":"ABC Translation: Contact | Traduceri website | Traduceri acte oficiale | Traduceri specializate | Uniunea European\u0103","og_url":"https:\/\/abc-office.eu\/ro\/contact\/","og_site_name":"ABC Translation","article_modified_time":"2025-10-15T02:52:03+00:00","og_image":[{"width":768,"height":512,"url":"https:\/\/abc-office.eu\/wp-content\/uploads\/2025\/10\/Flag_of_Europe-2-768x512-1.png","type":"image\/png"}],"twitter_card":"summary_large_image","twitter_misc":{"Timp estimat pentru citire":"2 minute"},"schema":{"@context":"https:\/\/schema.org","@graph":[{"@type":"WebPage","@id":"https:\/\/abc-office.eu\/ro\/contact\/","url":"https:\/\/abc-office.eu\/ro\/contact\/","name":"Contact traduceri | Traduc\u0103tor | Uniunea European\u0103 | Regatul Unit","isPartOf":{"@id":"https:\/\/abc-office.eu\/ro\/#website"},"primaryImageOfPage":{"@id":"https:\/\/abc-office.eu\/ro\/contact\/#primaryimage"},"image":{"@id":"https:\/\/abc-office.eu\/ro\/contact\/#primaryimage"},"thumbnailUrl":"https:\/\/abc-office.eu\/wp-content\/uploads\/2025\/10\/Flag_of_Europe-2-768x512-1.png","datePublished":"2022-04-25T08:26:44+00:00","dateModified":"2025-10-15T02:52:03+00:00","description":"ABC Translation: Contact | Traduceri website | Traduceri acte oficiale | Traduceri specializate | Uniunea European\u0103","breadcrumb":{"@id":"https:\/\/abc-office.eu\/ro\/contact\/#breadcrumb"},"inLanguage":"ro-RO","potentialAction":[{"@type":"ReadAction","target":["https:\/\/abc-office.eu\/ro\/contact\/"]}]},{"@type":"ImageObject","inLanguage":"ro-RO","@id":"https:\/\/abc-office.eu\/ro\/contact\/#primaryimage","url":"https:\/\/abc-office.eu\/wp-content\/uploads\/2025\/10\/Flag_of_Europe-2-768x512-1.png","contentUrl":"https:\/\/abc-office.eu\/wp-content\/uploads\/2025\/10\/Flag_of_Europe-2-768x512-1.png","width":768,"height":512},{"@type":"BreadcrumbList","@id":"https:\/\/abc-office.eu\/ro\/contact\/#breadcrumb","itemListElement":[{"@type":"ListItem","position":1,"name":"Accueil","item":"https:\/\/abc-office.eu\/ro\/"},{"@type":"ListItem","position":2,"name":"Contact"}]},{"@type":"WebSite","@id":"https:\/\/abc-office.eu\/ro\/#website","url":"https:\/\/abc-office.eu\/ro\/","name":"ABC Translation","description":"info@abc-office.eu","potentialAction":[{"@type":"SearchAction","target":{"@type":"EntryPoint","urlTemplate":"https:\/\/abc-office.eu\/ro\/?s={search_term_string}"},"query-input":{"@type":"PropertyValueSpecification","valueRequired":true,"valueName":"search_term_string"}}],"inLanguage":"ro-RO"}]}},"_links":{"self":[{"href":"https:\/\/abc-office.eu\/ro\/wp-json\/wp\/v2\/pages\/226026","targetHints":{"allow":["GET"]}}],"collection":[{"href":"https:\/\/abc-office.eu\/ro\/wp-json\/wp\/v2\/pages"}],"about":[{"href":"https:\/\/abc-office.eu\/ro\/wp-json\/wp\/v2\/types\/page"}],"author":[{"embeddable":true,"href":"https:\/\/abc-office.eu\/ro\/wp-json\/wp\/v2\/users\/1"}],"replies":[{"embeddable":true,"href":"https:\/\/abc-office.eu\/ro\/wp-json\/wp\/v2\/comments?post=226026"}],"version-history":[{"count":3,"href":"https:\/\/abc-office.eu\/ro\/wp-json\/wp\/v2\/pages\/226026\/revisions"}],"predecessor-version":[{"id":226828,"href":"https:\/\/abc-office.eu\/ro\/wp-json\/wp\/v2\/pages\/226026\/revisions\/226828"}],"wp:featuredmedia":[{"embeddable":true,"href":"https:\/\/abc-office.eu\/ro\/wp-json\/wp\/v2\/media\/225873"}],"wp:attachment":[{"href":"https:\/\/abc-office.eu\/ro\/wp-json\/wp\/v2\/media?parent=226026"}],"curies":[{"name":"wp","href":"https:\/\/api.w.org\/{rel}","templated":true}]}}