{"id":226018,"date":"2017-02-16T09:16:01","date_gmt":"2017-02-16T08:16:01","guid":{"rendered":"https:\/\/abc-office.eu\/?page_id=226018"},"modified":"2025-10-15T04:44:06","modified_gmt":"2025-10-15T02:44:06","slug":"imobiliare","status":"publish","type":"page","link":"https:\/\/abc-office.eu\/ro\/imobiliare\/","title":{"rendered":"Imobiliare"},"content":{"rendered":"<h2 data-start=\"82\" data-end=\"98\"><strong data-start=\"82\" data-end=\"96\">Imobiliare<\/strong><\/h2>\n<p style=\"text-align: justify;\" data-start=\"100\" data-end=\"548\">Agen\u021bia noastr\u0103 imobiliar\u0103, ABC Translation, \u0219i-a \u00eenceput activitatea \u00een 2017, odat\u0103 cu achizi\u021bionarea unui apartament de 5 camere \u0219i jum\u0103tate \u00een Elve\u021bia, transformat ulterior \u00eentr-o re\u0219edin\u021b\u0103 interna\u021bional\u0103 pentru studen\u021bi. Datorit\u0103 proximit\u0103\u021bii fa\u021b\u0103 de Universitatea din Lausanne \u0219i EPFL, proiectul s-a bucurat de succes \u00eenc\u0103 de la deschidere, \u00een septembrie 2017. Toate cele 4 camere au fost \u00eenchiriate \u00een doar c\u00e2teva zile, marc\u00e2nd astfel \u00eenceputul diviziei noastre imobiliare.<\/p>\n<p style=\"text-align: justify;\" data-start=\"550\" data-end=\"767\">De la aceast\u0103 prim\u0103 experien\u021b\u0103, ne-am extins constant \u0219i suntem acum preg\u0103ti\u021bi s\u0103 gestion\u0103m achizi\u021bia, v\u00e2nzarea, \u00eenchirierea \u0219i administrarea propriet\u0103\u021bilor dumneavoastr\u0103, at\u00e2t \u00een Elve\u021bia, c\u00e2t \u0219i \u00een alte \u021b\u0103ri.<\/p>\n<h3 data-start=\"769\" data-end=\"785\"><strong data-start=\"769\" data-end=\"783\">Achizi\u021bie:<\/strong><\/h3>\n<p style=\"text-align: justify;\" data-start=\"787\" data-end=\"1244\">Cump\u0103rarea unei propriet\u0103\u021bi este o decizie important\u0103, cu impact pe termen lung. De aceea, este esen\u021bial s\u0103 colabora\u021bi cu un partener de \u00eencredere, care v\u0103 poate oferi consultan\u021b\u0103 privind starea imobilului, valoarea de pia\u021b\u0103, posibilit\u0103\u021bile de finan\u021bare \u0219i rentabilitatea investi\u021biei. O analiz\u0103 corect\u0103 a acestor factori garanteaz\u0103 o achizi\u021bie sigur\u0103 \u0219i avantajoas\u0103.<\/p>\n<h3 data-start=\"1246\" data-end=\"1260\"><strong data-start=\"1246\" data-end=\"1258\">V\u00e2nzare:<\/strong><\/h3>\n<p style=\"text-align: justify;\" data-start=\"1262\" data-end=\"1756\">Pia\u021ba imobiliar\u0103 din Elve\u021bia a cunoscut o cre\u0219tere constant\u0103 \u00een ultimii ani, \u00eens\u0103 concuren\u021ba tot mai mare face procesul de v\u00e2nzare mai complex. Apel\u00e2nd la speciali\u0219ti, v\u0103 cre\u0219te\u021bi semnificativ \u0219ansele de a vinde proprietatea \u00eentr-un timp scurt \u0219i la pre\u021bul dorit. Re\u021beaua noastr\u0103 extins\u0103, activ\u0103 at\u00e2t \u00een Elve\u021bia, c\u00e2t \u0219i pe plan interna\u021bional, v\u0103 ofer\u0103 vizibilitatea necesar\u0103 pentru o tranzac\u021bie reu\u0219it\u0103.<\/p>\n<h3 data-start=\"1758\" data-end=\"1775\"><strong data-start=\"1758\" data-end=\"1773\">\u00cenchiriere:<\/strong><\/h3>\n<p style=\"text-align: justify;\" data-start=\"1777\" data-end=\"2214\">\u00cenchirierea unei locuin\u021be poate p\u0103rea simpl\u0103, \u00eens\u0103 presupune o serie de pa\u0219i importan\u021bi. \u00cenainte de selectarea chiria\u0219ilor, este necesar\u0103 \u00eentocmirea unui dosar complet, care include, de exemplu, un extras din cazierul judiciar \u0219i ultimele trei flutura\u0219e de salariu. De asemenea, garan\u021bia de chirie se pl\u0103te\u0219te prin transfer bancar sau printr-o companie de asigur\u0103ri specializat\u0103. Echipa noastr\u0103 v\u0103 poate sprijini \u00een toate aceste etape, pentru o \u00eenchiriere sigur\u0103 \u0219i transparent\u0103.<\/p>\n<h3 data-start=\"2216\" data-end=\"2245\"><strong data-start=\"2216\" data-end=\"2243\">Cazare pentru studen\u021bi:<\/strong><\/h3>\n<p style=\"text-align: justify;\" data-start=\"2247\" data-end=\"2610\">Oferim locuin\u021be pentru studen\u021bi, disponibile at\u00e2t pe termen scurt, c\u00e2t \u0219i pe termen lung. Majoritatea propriet\u0103\u021bilor se afl\u0103 \u00een apropierea Universit\u0103\u021bii din Lausanne, EPFL, ECAL \u0219i EHL. Cele mai solicitate sunt camerele comune \u0219i garsonierele. Recomand\u0103m planificarea din timp, pentru a v\u0103 asigura o locuin\u021b\u0103 la \u00eenceputul anului universitar.<\/p>\n<h3 data-start=\"2612\" data-end=\"2654\">Serviciu de c\u0103utare a locuin\u021belor:<\/h3>\n<p style=\"text-align: justify;\" data-start=\"2656\" data-end=\"3037\">Dac\u0103 \u00eent\u00e2mpina\u021bi dificult\u0103\u021bi \u00een g\u0103sirea unei locuin\u021be care s\u0103 corespund\u0103 nevoilor dumneavoastr\u0103, speciali\u0219tii no\u0219tri v\u0103 pot ajuta s\u0103 identifica\u021bi rapid op\u021biuni potrivite. Datorit\u0103 re\u021belei noastre extinse \u0219i experien\u021bei acumulate, v\u0103 putem g\u0103si o proprietate conform criteriilor stabilite, \u00eentr-un timp scurt.<\/p>\n<h3 data-start=\"3039\" data-end=\"3058\"><strong data-start=\"3039\" data-end=\"3056\">Home Staging:<\/strong><\/h3>\n<p style=\"text-align: justify;\" data-start=\"3060\" data-end=\"3417\">Dac\u0103 ave\u021bi dificult\u0103\u021bi \u00een v\u00e2nzarea unei propriet\u0103\u021bi, echipa noastr\u0103 de Home Staging v\u0103 poate ajuta s\u0103 o pune\u021bi \u00een valoare. Prin solu\u021bii estetice \u0219i func\u021bionale, adaptate fiec\u0103rui spa\u021biu, v\u0103 sprijinim s\u0103 atrage\u021bi cump\u0103r\u0103tori mai rapid. Aceast\u0103 metod\u0103 s-a dovedit extrem de eficient\u0103 pentru locuin\u021bele care necesit\u0103 mici renov\u0103ri sau ajust\u0103ri pentru a ie\u0219i \u00een eviden\u021b\u0103.<\/p>\n<h3 data-start=\"3419\" data-end=\"3454\">Estimare de pre\u021b:<\/h3>\n<p style=\"text-align: justify;\" data-start=\"3456\" data-end=\"3758\">Evaluarea corect\u0103 a unei propriet\u0103\u021bi este esen\u021bial\u0103 pentru o v\u00e2nzare reu\u0219it\u0103. Lu\u0103m \u00een considerare criterii precum anul construc\u021biei, suprafa\u021ba, starea imobilului \u0219i localizarea, pentru a determina valoarea real\u0103 a propriet\u0103\u021bii pe pia\u021ba imobiliar\u0103 actual\u0103.<\/p>\n<p data-start=\"3456\" data-end=\"3758\"><a href=\"https:\/\/www.instagram.com\/dr_immo\/?hl=fr\"><img loading=\"lazy\" decoding=\"async\" class=\"aligncenter wp-image-109\" src=\"https:\/\/abc-office.ch\/wp-content\/uploads\/2018\/06\/Dr_Immo.jpg\" alt=\"Imobiliare\" width=\"222\" height=\"222\" \/><\/a><\/p>\n","protected":false},"excerpt":{"rendered":"<p>Imobiliare Agen\u021bia noastr\u0103 imobiliar\u0103, ABC Translation, \u0219i-a \u00eenceput activitatea \u00een 2017, odat\u0103 cu achizi\u021bionarea unui apartament de 5 camere \u0219i jum\u0103tate \u00een Elve\u021bia, transformat ulterior \u00eentr-o re\u0219edin\u021b\u0103 interna\u021bional\u0103 pentru studen\u021bi. Datorit\u0103 proximit\u0103\u021bii fa\u021b\u0103 de Universitatea din Lausanne \u0219i EPFL, proiectul s-a bucurat de succes \u00eenc\u0103 de la deschidere, \u00een septembrie 2017. Toate cele 4 camere&#8230;<\/p>\n","protected":false},"author":1,"featured_media":225851,"parent":0,"menu_order":0,"comment_status":"closed","ping_status":"closed","template":"","meta":{"sfsi_plus_gutenberg_text_before_share":"","sfsi_plus_gutenberg_show_text_before_share":"","sfsi_plus_gutenberg_icon_type":"","sfsi_plus_gutenberg_icon_alignemt":"","sfsi_plus_gutenburg_max_per_row":"","footnotes":""},"class_list":["post-226018","page","type-page","status-publish","has-post-thumbnail","hentry"],"yoast_head":"<!-- This site is optimized with the Yoast SEO plugin v23.8 - https:\/\/yoast.com\/wordpress\/plugins\/seo\/ -->\n<title>Imobiliare l ABC Translation l Cump\u0103rare l V\u00e2nzare l \u00cenchiriere<\/title>\n<meta name=\"description\" content=\"ABC Translation l Imobiliare l Cump\u0103rare l V\u00e2nzare l \u00cenchiriere l Sub\u00eenchiriere l Cazare pentru studen\u021bi l Home Staging l Agen\u021bie imobiliar\u0103\" \/>\n<meta name=\"robots\" content=\"index, follow, max-snippet:-1, max-image-preview:large, max-video-preview:-1\" \/>\n<link rel=\"canonical\" href=\"https:\/\/abc-office.eu\/ro\/imobiliare\/\" \/>\n<meta property=\"og:locale\" content=\"ro_RO\" \/>\n<meta property=\"og:type\" content=\"article\" \/>\n<meta property=\"og:title\" content=\"Imobiliare l ABC Translation l Cump\u0103rare l V\u00e2nzare l \u00cenchiriere\" \/>\n<meta property=\"og:description\" content=\"ABC Translation l Imobiliare l Cump\u0103rare l V\u00e2nzare l \u00cenchiriere l Sub\u00eenchiriere l Cazare pentru studen\u021bi l Home Staging l Agen\u021bie imobiliar\u0103\" \/>\n<meta property=\"og:url\" content=\"https:\/\/abc-office.eu\/ro\/imobiliare\/\" \/>\n<meta property=\"og:site_name\" content=\"ABC Translation\" \/>\n<meta property=\"article:modified_time\" content=\"2025-10-15T02:44:06+00:00\" \/>\n<meta property=\"og:image\" content=\"https:\/\/abc-office.eu\/wp-content\/uploads\/2025\/10\/Immo-768x513-1.jpg\" \/>\n\t<meta property=\"og:image:width\" content=\"768\" \/>\n\t<meta property=\"og:image:height\" content=\"513\" \/>\n\t<meta property=\"og:image:type\" content=\"image\/jpeg\" \/>\n<meta name=\"twitter:card\" content=\"summary_large_image\" \/>\n<meta name=\"twitter:label1\" content=\"Timp estimat pentru citire\" \/>\n\t<meta name=\"twitter:data1\" content=\"3 minute\" \/>\n<script type=\"application\/ld+json\" class=\"yoast-schema-graph\">{\"@context\":\"https:\/\/schema.org\",\"@graph\":[{\"@type\":\"WebPage\",\"@id\":\"https:\/\/abc-office.eu\/ro\/imobiliare\/\",\"url\":\"https:\/\/abc-office.eu\/ro\/imobiliare\/\",\"name\":\"Imobiliare l ABC Translation l Cump\u0103rare l V\u00e2nzare l \u00cenchiriere\",\"isPartOf\":{\"@id\":\"https:\/\/abc-office.eu\/ro\/#website\"},\"primaryImageOfPage\":{\"@id\":\"https:\/\/abc-office.eu\/ro\/imobiliare\/#primaryimage\"},\"image\":{\"@id\":\"https:\/\/abc-office.eu\/ro\/imobiliare\/#primaryimage\"},\"thumbnailUrl\":\"https:\/\/abc-office.eu\/wp-content\/uploads\/2025\/10\/Immo-768x513-1.jpg\",\"datePublished\":\"2017-02-16T08:16:01+00:00\",\"dateModified\":\"2025-10-15T02:44:06+00:00\",\"description\":\"ABC Translation l Imobiliare l Cump\u0103rare l V\u00e2nzare l \u00cenchiriere l Sub\u00eenchiriere l Cazare pentru studen\u021bi l Home Staging l Agen\u021bie imobiliar\u0103\",\"breadcrumb\":{\"@id\":\"https:\/\/abc-office.eu\/ro\/imobiliare\/#breadcrumb\"},\"inLanguage\":\"ro-RO\",\"potentialAction\":[{\"@type\":\"ReadAction\",\"target\":[\"https:\/\/abc-office.eu\/ro\/imobiliare\/\"]}]},{\"@type\":\"ImageObject\",\"inLanguage\":\"ro-RO\",\"@id\":\"https:\/\/abc-office.eu\/ro\/imobiliare\/#primaryimage\",\"url\":\"https:\/\/abc-office.eu\/wp-content\/uploads\/2025\/10\/Immo-768x513-1.jpg\",\"contentUrl\":\"https:\/\/abc-office.eu\/wp-content\/uploads\/2025\/10\/Immo-768x513-1.jpg\",\"width\":768,\"height\":513},{\"@type\":\"BreadcrumbList\",\"@id\":\"https:\/\/abc-office.eu\/ro\/imobiliare\/#breadcrumb\",\"itemListElement\":[{\"@type\":\"ListItem\",\"position\":1,\"name\":\"Accueil\",\"item\":\"https:\/\/abc-office.eu\/ro\/\"},{\"@type\":\"ListItem\",\"position\":2,\"name\":\"Imobiliare\"}]},{\"@type\":\"WebSite\",\"@id\":\"https:\/\/abc-office.eu\/ro\/#website\",\"url\":\"https:\/\/abc-office.eu\/ro\/\",\"name\":\"ABC Translation\",\"description\":\"info@abc-office.eu\",\"potentialAction\":[{\"@type\":\"SearchAction\",\"target\":{\"@type\":\"EntryPoint\",\"urlTemplate\":\"https:\/\/abc-office.eu\/ro\/?s={search_term_string}\"},\"query-input\":{\"@type\":\"PropertyValueSpecification\",\"valueRequired\":true,\"valueName\":\"search_term_string\"}}],\"inLanguage\":\"ro-RO\"}]}<\/script>\n<!-- \/ Yoast SEO plugin. -->","yoast_head_json":{"title":"Imobiliare l ABC Translation l Cump\u0103rare l V\u00e2nzare l \u00cenchiriere","description":"ABC Translation l Imobiliare l Cump\u0103rare l V\u00e2nzare l \u00cenchiriere l Sub\u00eenchiriere l Cazare pentru studen\u021bi l Home Staging l Agen\u021bie imobiliar\u0103","robots":{"index":"index","follow":"follow","max-snippet":"max-snippet:-1","max-image-preview":"max-image-preview:large","max-video-preview":"max-video-preview:-1"},"canonical":"https:\/\/abc-office.eu\/ro\/imobiliare\/","og_locale":"ro_RO","og_type":"article","og_title":"Imobiliare l ABC Translation l Cump\u0103rare l V\u00e2nzare l \u00cenchiriere","og_description":"ABC Translation l Imobiliare l Cump\u0103rare l V\u00e2nzare l \u00cenchiriere l Sub\u00eenchiriere l Cazare pentru studen\u021bi l Home Staging l Agen\u021bie imobiliar\u0103","og_url":"https:\/\/abc-office.eu\/ro\/imobiliare\/","og_site_name":"ABC Translation","article_modified_time":"2025-10-15T02:44:06+00:00","og_image":[{"width":768,"height":513,"url":"https:\/\/abc-office.eu\/wp-content\/uploads\/2025\/10\/Immo-768x513-1.jpg","type":"image\/jpeg"}],"twitter_card":"summary_large_image","twitter_misc":{"Timp estimat pentru citire":"3 minute"},"schema":{"@context":"https:\/\/schema.org","@graph":[{"@type":"WebPage","@id":"https:\/\/abc-office.eu\/ro\/imobiliare\/","url":"https:\/\/abc-office.eu\/ro\/imobiliare\/","name":"Imobiliare l ABC Translation l Cump\u0103rare l V\u00e2nzare l \u00cenchiriere","isPartOf":{"@id":"https:\/\/abc-office.eu\/ro\/#website"},"primaryImageOfPage":{"@id":"https:\/\/abc-office.eu\/ro\/imobiliare\/#primaryimage"},"image":{"@id":"https:\/\/abc-office.eu\/ro\/imobiliare\/#primaryimage"},"thumbnailUrl":"https:\/\/abc-office.eu\/wp-content\/uploads\/2025\/10\/Immo-768x513-1.jpg","datePublished":"2017-02-16T08:16:01+00:00","dateModified":"2025-10-15T02:44:06+00:00","description":"ABC Translation l Imobiliare l Cump\u0103rare l V\u00e2nzare l \u00cenchiriere l Sub\u00eenchiriere l Cazare pentru studen\u021bi l Home Staging l Agen\u021bie imobiliar\u0103","breadcrumb":{"@id":"https:\/\/abc-office.eu\/ro\/imobiliare\/#breadcrumb"},"inLanguage":"ro-RO","potentialAction":[{"@type":"ReadAction","target":["https:\/\/abc-office.eu\/ro\/imobiliare\/"]}]},{"@type":"ImageObject","inLanguage":"ro-RO","@id":"https:\/\/abc-office.eu\/ro\/imobiliare\/#primaryimage","url":"https:\/\/abc-office.eu\/wp-content\/uploads\/2025\/10\/Immo-768x513-1.jpg","contentUrl":"https:\/\/abc-office.eu\/wp-content\/uploads\/2025\/10\/Immo-768x513-1.jpg","width":768,"height":513},{"@type":"BreadcrumbList","@id":"https:\/\/abc-office.eu\/ro\/imobiliare\/#breadcrumb","itemListElement":[{"@type":"ListItem","position":1,"name":"Accueil","item":"https:\/\/abc-office.eu\/ro\/"},{"@type":"ListItem","position":2,"name":"Imobiliare"}]},{"@type":"WebSite","@id":"https:\/\/abc-office.eu\/ro\/#website","url":"https:\/\/abc-office.eu\/ro\/","name":"ABC Translation","description":"info@abc-office.eu","potentialAction":[{"@type":"SearchAction","target":{"@type":"EntryPoint","urlTemplate":"https:\/\/abc-office.eu\/ro\/?s={search_term_string}"},"query-input":{"@type":"PropertyValueSpecification","valueRequired":true,"valueName":"search_term_string"}}],"inLanguage":"ro-RO"}]}},"_links":{"self":[{"href":"https:\/\/abc-office.eu\/ro\/wp-json\/wp\/v2\/pages\/226018","targetHints":{"allow":["GET"]}}],"collection":[{"href":"https:\/\/abc-office.eu\/ro\/wp-json\/wp\/v2\/pages"}],"about":[{"href":"https:\/\/abc-office.eu\/ro\/wp-json\/wp\/v2\/types\/page"}],"author":[{"embeddable":true,"href":"https:\/\/abc-office.eu\/ro\/wp-json\/wp\/v2\/users\/1"}],"replies":[{"embeddable":true,"href":"https:\/\/abc-office.eu\/ro\/wp-json\/wp\/v2\/comments?post=226018"}],"version-history":[{"count":3,"href":"https:\/\/abc-office.eu\/ro\/wp-json\/wp\/v2\/pages\/226018\/revisions"}],"predecessor-version":[{"id":226824,"href":"https:\/\/abc-office.eu\/ro\/wp-json\/wp\/v2\/pages\/226018\/revisions\/226824"}],"wp:featuredmedia":[{"embeddable":true,"href":"https:\/\/abc-office.eu\/ro\/wp-json\/wp\/v2\/media\/225851"}],"wp:attachment":[{"href":"https:\/\/abc-office.eu\/ro\/wp-json\/wp\/v2\/media?parent=226018"}],"curies":[{"name":"wp","href":"https:\/\/api.w.org\/{rel}","templated":true}]}}