{"id":226011,"date":"2017-02-16T09:17:00","date_gmt":"2017-02-16T08:17:00","guid":{"rendered":"https:\/\/abc-office.eu\/?page_id=226011"},"modified":"2025-10-15T04:33:43","modified_gmt":"2025-10-15T02:33:43","slug":"traduceri","status":"publish","type":"page","link":"https:\/\/abc-office.eu\/ro\/traduceri\/","title":{"rendered":"Traduceri"},"content":{"rendered":"<h2 data-start=\"131\" data-end=\"144\"><strong data-start=\"131\" data-end=\"144\">Traduceri<\/strong><\/h2>\n<p style=\"text-align: justify;\" data-start=\"146\" data-end=\"435\">Agen\u021bia noastr\u0103, ABC Translation, este specializat\u0103 de mul\u021bi ani \u00een domeniul traducerilor \u0219i interpretariatului. V\u0103 oferim o gam\u0103 complet\u0103 de servicii lingvistice, fie c\u0103 ave\u021bi nevoie de o traducere autorizat\u0103, o traducere simpl\u0103 sau servicii de interpretariat \u00een timp real.<\/p>\n<p style=\"text-align: justify;\" data-start=\"437\" data-end=\"899\">Cu o echip\u0103 de peste 800 de traduc\u0103tori \u0219i interpre\u021bi profesioni\u0219ti, putem gestiona orice tip de proiect \u00eentr-un timp foarte scurt. Calitatea \u0219i rapiditatea definesc activitatea noastr\u0103, astfel \u00eenc\u00e2t rezultatele s\u0103 corespund\u0103 \u00eentotdeauna a\u0219tept\u0103rilor clien\u021bilor. Suntem prezen\u021bi at\u00e2t \u00een Uniunea European\u0103, c\u00e2t \u0219i \u00een Regatul Unit, iar aceast\u0103 acoperire interna\u021bional\u0103, \u00eempreun\u0103 cu promptitudinea noastr\u0103, ne permite s\u0103 oferim servicii de traducere \u00een peste 60 de limbi.<\/p>\n<h3 data-start=\"901\" data-end=\"926\">Traduceri oficiale:<\/h3>\n<p style=\"text-align: justify;\" data-start=\"928\" data-end=\"1279\">Suntem specializa\u021bi \u00een traduceri oficiale pentru a v\u0103 simplifica demersurile administrative \u00een Uniunea European\u0103, \u00een Regatul Unit sau \u00een alte \u021b\u0103ri. Traducerile sunt, de regul\u0103, legalizate la notarul nostru \u0219i apoi apostilate sau supralegalizate, \u00een func\u021bie de cerin\u021bele statului de destina\u021bie. Termenele solicitate sunt adesea foarte scurte, de aceea am creat un sistem eficient care permite traducerea, legalizarea \u0219i aplicarea apostilei \u00een timp record.<\/p>\n<p style=\"text-align: justify;\" data-start=\"1281\" data-end=\"1622\">De exemplu, pentru un document de p\u00e2n\u0103 la cinci pagini, \u00eentregul proces poate fi finalizat \u00een aproximativ dou\u0103 zile. La nevoie, traducerea poate fi ulterior legalizat\u0103 \u0219i de consulatul \u021b\u0103rii de destina\u021bie.<\/p>\n<p style=\"text-align: justify;\" data-start=\"1624\" data-end=\"1919\">Traducerea oficial\u0103 pentru recunoa\u0219terea diplomelor str\u0103ine \u00een Uniunea European\u0103 \u0219i\/sau \u00een Regatul Unit face, de asemenea, parte din portofoliul nostru de servicii. \u00cen acest caz, documentele sunt traduse \u0219i legalizate la notar, pentru a fi acceptate de organismele de recunoa\u0219tere.<\/p>\n<p style=\"text-align: justify;\" data-start=\"1921\" data-end=\"2011\">Astfel, dosarul dumneavoastr\u0103 va fi complet \u0219i preg\u0103tit pentru analiz\u0103.<\/p>\n<h3 data-start=\"2013\" data-end=\"2025\">Limbi disponibile:<\/h3>\n<p style=\"text-align: justify;\" data-start=\"2027\" data-end=\"2895\">Afrikaans | Albanez\u0103 | German\u0103 | American\u0103 | Amharic\u0103 | Englez\u0103 | Arab\u0103 | Armean\u0103 | Aymara | Azerbaidjan\u0103 | Basc\u0103 | Bengali | Bielorus\u0103 | Birman\u0103 | Bosniac\u0103 | Brazilian\u0103 | Bulgar\u0103 | Cantonez\u0103 | Catalan\u0103 | Singalez\u0103 | Chinez\u0103 | Chinez\u0103 simplificat\u0103 | Chinez\u0103 tradi\u021bional\u0103 | Coreean\u0103 | Croat\u0103 | Danez\u0103 | Dari | Spaniol\u0103 | Estonian\u0103 | Ewe | Farsi | Finlandez\u0103 | Georgian\u0103 | Greac\u0103 | Guarani | Ebraic\u0103 | Hindi | Maghiar\u0103 | Indonezian\u0103 | Italian\u0103 | Japonez\u0103 | Kazah\u0103 | Khmer\u0103 | K\u00e2rg\u00e2z\u0103 | Kurd\u0103 | Lao\u021bian\u0103 | Leton\u0103 | Lingala | Lituanian\u0103 | Macedonean\u0103 | Malaezian\u0103 | Malayalam | Mandarin\u0103 | Moldoveneasc\u0103 | Mongol\u0103 | Muntenegrean\u0103 | Olandez\u0103 | Norvegian\u0103 | Urdu | Uzbec\u0103 | Pa\u0219tun\u0103 | Punjabi | Persan\u0103 | Fulani | Polonez\u0103 | Portughez\u0103 | Quechua | Rom\u00e2n\u0103 | Rus\u0103 | S\u00e2rb\u0103 | Slovac\u0103 | Sloven\u0103 | Suedez\u0103 | Tamil\u0103 | Ceh\u0103 | Thailandez\u0103 | Turc\u0103 | Turkmen\u0103 | Ucrainean\u0103 | Vietnamez\u0103<\/p>\n<h3 data-start=\"2897\" data-end=\"2913\">Documente traduse frecvent:<\/h3>\n<p style=\"text-align: justify;\" data-start=\"2915\" data-end=\"3323\">Certificat de na\u0219tere | Certificat de c\u0103s\u0103torie | Certificat de stare civil\u0103 | Atestat | Brevet | Cazier judiciar | Certificat de celibat | Certificat de deces | Certificat de familie | Certificat de munc\u0103 | Declara\u021bie fiscal\u0103 | Diplom\u0103 | Pa\u0219aport | Permis de conducere | Testament | Viz\u0103 | Contract | Contract de divor\u021b | Contract de c\u0103s\u0103torie | Hot\u0103r\u00e2re judec\u0103toreasc\u0103 | Procedur\u0103 | Procur\u0103 | Proces-verbal<\/p>\n<p style=\"text-align: justify;\" data-start=\"3325\" data-end=\"3374\">Pentru alte limbi sau tipuri de documente, v\u0103 rug\u0103m s\u0103 ne contacta\u021bi.<\/p>\n<p data-start=\"3325\" data-end=\"3374\"><img loading=\"lazy\" decoding=\"async\" class=\"aligncenter wp-image-26 size-medium\" src=\"https:\/\/abc-office.ch\/wp-content\/uploads\/2018\/06\/imageedit_1_6241191614-300x300.gif\" alt=\"Traduceri\" width=\"300\" height=\"300\" \/><\/p>\n","protected":false},"excerpt":{"rendered":"<p>Traduceri Agen\u021bia noastr\u0103, ABC Translation, este specializat\u0103 de mul\u021bi ani \u00een domeniul traducerilor \u0219i interpretariatului. V\u0103 oferim o gam\u0103 complet\u0103 de servicii lingvistice, fie c\u0103 ave\u021bi nevoie de o traducere autorizat\u0103, o traducere simpl\u0103 sau servicii de interpretariat \u00een timp real. Cu o echip\u0103 de peste 800 de traduc\u0103tori \u0219i interpre\u021bi profesioni\u0219ti, putem gestiona orice&#8230;<\/p>\n","protected":false},"author":1,"featured_media":225829,"parent":0,"menu_order":0,"comment_status":"closed","ping_status":"closed","template":"","meta":{"sfsi_plus_gutenberg_text_before_share":"","sfsi_plus_gutenberg_show_text_before_share":"","sfsi_plus_gutenberg_icon_type":"","sfsi_plus_gutenberg_icon_alignemt":"","sfsi_plus_gutenburg_max_per_row":"","footnotes":""},"class_list":["post-226011","page","type-page","status-publish","has-post-thumbnail","hentry"],"yoast_head":"<!-- This site is optimized with the Yoast SEO plugin v23.8 - https:\/\/yoast.com\/wordpress\/plugins\/seo\/ -->\n<title>Traduceri Traduceri oficiale Traduceri profesionale de \u00eenalt\u0103 calitate<\/title>\n<meta name=\"description\" content=\"Traduceri pentru procedurile dumneavoastr\u0103 administrative l Traduceri certificate \u0219i oficiale l Recunoscute de toate institu\u021biile din UE\" \/>\n<meta name=\"robots\" content=\"index, follow, max-snippet:-1, max-image-preview:large, max-video-preview:-1\" \/>\n<link rel=\"canonical\" href=\"https:\/\/abc-office.eu\/ro\/traduceri\/\" \/>\n<meta property=\"og:locale\" content=\"ro_RO\" \/>\n<meta property=\"og:type\" content=\"article\" \/>\n<meta property=\"og:title\" content=\"Traduceri Traduceri oficiale Traduceri profesionale de \u00eenalt\u0103 calitate\" \/>\n<meta property=\"og:description\" content=\"Traduceri pentru procedurile dumneavoastr\u0103 administrative l Traduceri certificate \u0219i oficiale l Recunoscute de toate institu\u021biile din UE\" \/>\n<meta property=\"og:url\" content=\"https:\/\/abc-office.eu\/ro\/traduceri\/\" \/>\n<meta property=\"og:site_name\" content=\"ABC Translation\" \/>\n<meta property=\"article:modified_time\" content=\"2025-10-15T02:33:43+00:00\" \/>\n<meta property=\"og:image\" content=\"https:\/\/abc-office.eu\/wp-content\/uploads\/2025\/10\/Traduction.jpg\" \/>\n\t<meta property=\"og:image:width\" content=\"650\" \/>\n\t<meta property=\"og:image:height\" content=\"400\" \/>\n\t<meta property=\"og:image:type\" content=\"image\/jpeg\" \/>\n<meta name=\"twitter:card\" content=\"summary_large_image\" \/>\n<meta name=\"twitter:label1\" content=\"Timp estimat pentru citire\" \/>\n\t<meta name=\"twitter:data1\" content=\"3 minute\" \/>\n<script type=\"application\/ld+json\" class=\"yoast-schema-graph\">{\"@context\":\"https:\/\/schema.org\",\"@graph\":[{\"@type\":\"WebPage\",\"@id\":\"https:\/\/abc-office.eu\/ro\/traduceri\/\",\"url\":\"https:\/\/abc-office.eu\/ro\/traduceri\/\",\"name\":\"Traduceri Traduceri oficiale Traduceri profesionale de \u00eenalt\u0103 calitate\",\"isPartOf\":{\"@id\":\"https:\/\/abc-office.eu\/ro\/#website\"},\"primaryImageOfPage\":{\"@id\":\"https:\/\/abc-office.eu\/ro\/traduceri\/#primaryimage\"},\"image\":{\"@id\":\"https:\/\/abc-office.eu\/ro\/traduceri\/#primaryimage\"},\"thumbnailUrl\":\"https:\/\/abc-office.eu\/wp-content\/uploads\/2025\/10\/Traduction.jpg\",\"datePublished\":\"2017-02-16T08:17:00+00:00\",\"dateModified\":\"2025-10-15T02:33:43+00:00\",\"description\":\"Traduceri pentru procedurile dumneavoastr\u0103 administrative l Traduceri certificate \u0219i oficiale l Recunoscute de toate institu\u021biile din UE\",\"breadcrumb\":{\"@id\":\"https:\/\/abc-office.eu\/ro\/traduceri\/#breadcrumb\"},\"inLanguage\":\"ro-RO\",\"potentialAction\":[{\"@type\":\"ReadAction\",\"target\":[\"https:\/\/abc-office.eu\/ro\/traduceri\/\"]}]},{\"@type\":\"ImageObject\",\"inLanguage\":\"ro-RO\",\"@id\":\"https:\/\/abc-office.eu\/ro\/traduceri\/#primaryimage\",\"url\":\"https:\/\/abc-office.eu\/wp-content\/uploads\/2025\/10\/Traduction.jpg\",\"contentUrl\":\"https:\/\/abc-office.eu\/wp-content\/uploads\/2025\/10\/Traduction.jpg\",\"width\":650,\"height\":400},{\"@type\":\"BreadcrumbList\",\"@id\":\"https:\/\/abc-office.eu\/ro\/traduceri\/#breadcrumb\",\"itemListElement\":[{\"@type\":\"ListItem\",\"position\":1,\"name\":\"Accueil\",\"item\":\"https:\/\/abc-office.eu\/ro\/\"},{\"@type\":\"ListItem\",\"position\":2,\"name\":\"Traduceri\"}]},{\"@type\":\"WebSite\",\"@id\":\"https:\/\/abc-office.eu\/ro\/#website\",\"url\":\"https:\/\/abc-office.eu\/ro\/\",\"name\":\"ABC Translation\",\"description\":\"info@abc-office.eu\",\"potentialAction\":[{\"@type\":\"SearchAction\",\"target\":{\"@type\":\"EntryPoint\",\"urlTemplate\":\"https:\/\/abc-office.eu\/ro\/?s={search_term_string}\"},\"query-input\":{\"@type\":\"PropertyValueSpecification\",\"valueRequired\":true,\"valueName\":\"search_term_string\"}}],\"inLanguage\":\"ro-RO\"}]}<\/script>\n<!-- \/ Yoast SEO plugin. -->","yoast_head_json":{"title":"Traduceri Traduceri oficiale Traduceri profesionale de \u00eenalt\u0103 calitate","description":"Traduceri pentru procedurile dumneavoastr\u0103 administrative l Traduceri certificate \u0219i oficiale l Recunoscute de toate institu\u021biile din UE","robots":{"index":"index","follow":"follow","max-snippet":"max-snippet:-1","max-image-preview":"max-image-preview:large","max-video-preview":"max-video-preview:-1"},"canonical":"https:\/\/abc-office.eu\/ro\/traduceri\/","og_locale":"ro_RO","og_type":"article","og_title":"Traduceri Traduceri oficiale Traduceri profesionale de \u00eenalt\u0103 calitate","og_description":"Traduceri pentru procedurile dumneavoastr\u0103 administrative l Traduceri certificate \u0219i oficiale l Recunoscute de toate institu\u021biile din UE","og_url":"https:\/\/abc-office.eu\/ro\/traduceri\/","og_site_name":"ABC Translation","article_modified_time":"2025-10-15T02:33:43+00:00","og_image":[{"width":650,"height":400,"url":"https:\/\/abc-office.eu\/wp-content\/uploads\/2025\/10\/Traduction.jpg","type":"image\/jpeg"}],"twitter_card":"summary_large_image","twitter_misc":{"Timp estimat pentru citire":"3 minute"},"schema":{"@context":"https:\/\/schema.org","@graph":[{"@type":"WebPage","@id":"https:\/\/abc-office.eu\/ro\/traduceri\/","url":"https:\/\/abc-office.eu\/ro\/traduceri\/","name":"Traduceri Traduceri oficiale Traduceri profesionale de \u00eenalt\u0103 calitate","isPartOf":{"@id":"https:\/\/abc-office.eu\/ro\/#website"},"primaryImageOfPage":{"@id":"https:\/\/abc-office.eu\/ro\/traduceri\/#primaryimage"},"image":{"@id":"https:\/\/abc-office.eu\/ro\/traduceri\/#primaryimage"},"thumbnailUrl":"https:\/\/abc-office.eu\/wp-content\/uploads\/2025\/10\/Traduction.jpg","datePublished":"2017-02-16T08:17:00+00:00","dateModified":"2025-10-15T02:33:43+00:00","description":"Traduceri pentru procedurile dumneavoastr\u0103 administrative l Traduceri certificate \u0219i oficiale l Recunoscute de toate institu\u021biile din UE","breadcrumb":{"@id":"https:\/\/abc-office.eu\/ro\/traduceri\/#breadcrumb"},"inLanguage":"ro-RO","potentialAction":[{"@type":"ReadAction","target":["https:\/\/abc-office.eu\/ro\/traduceri\/"]}]},{"@type":"ImageObject","inLanguage":"ro-RO","@id":"https:\/\/abc-office.eu\/ro\/traduceri\/#primaryimage","url":"https:\/\/abc-office.eu\/wp-content\/uploads\/2025\/10\/Traduction.jpg","contentUrl":"https:\/\/abc-office.eu\/wp-content\/uploads\/2025\/10\/Traduction.jpg","width":650,"height":400},{"@type":"BreadcrumbList","@id":"https:\/\/abc-office.eu\/ro\/traduceri\/#breadcrumb","itemListElement":[{"@type":"ListItem","position":1,"name":"Accueil","item":"https:\/\/abc-office.eu\/ro\/"},{"@type":"ListItem","position":2,"name":"Traduceri"}]},{"@type":"WebSite","@id":"https:\/\/abc-office.eu\/ro\/#website","url":"https:\/\/abc-office.eu\/ro\/","name":"ABC Translation","description":"info@abc-office.eu","potentialAction":[{"@type":"SearchAction","target":{"@type":"EntryPoint","urlTemplate":"https:\/\/abc-office.eu\/ro\/?s={search_term_string}"},"query-input":{"@type":"PropertyValueSpecification","valueRequired":true,"valueName":"search_term_string"}}],"inLanguage":"ro-RO"}]}},"_links":{"self":[{"href":"https:\/\/abc-office.eu\/ro\/wp-json\/wp\/v2\/pages\/226011","targetHints":{"allow":["GET"]}}],"collection":[{"href":"https:\/\/abc-office.eu\/ro\/wp-json\/wp\/v2\/pages"}],"about":[{"href":"https:\/\/abc-office.eu\/ro\/wp-json\/wp\/v2\/types\/page"}],"author":[{"embeddable":true,"href":"https:\/\/abc-office.eu\/ro\/wp-json\/wp\/v2\/users\/1"}],"replies":[{"embeddable":true,"href":"https:\/\/abc-office.eu\/ro\/wp-json\/wp\/v2\/comments?post=226011"}],"version-history":[{"count":3,"href":"https:\/\/abc-office.eu\/ro\/wp-json\/wp\/v2\/pages\/226011\/revisions"}],"predecessor-version":[{"id":226820,"href":"https:\/\/abc-office.eu\/ro\/wp-json\/wp\/v2\/pages\/226011\/revisions\/226820"}],"wp:featuredmedia":[{"embeddable":true,"href":"https:\/\/abc-office.eu\/ro\/wp-json\/wp\/v2\/media\/225829"}],"wp:attachment":[{"href":"https:\/\/abc-office.eu\/ro\/wp-json\/wp\/v2\/media?parent=226011"}],"curies":[{"name":"wp","href":"https:\/\/api.w.org\/{rel}","templated":true}]}}