{"id":226008,"date":"2017-02-16T09:13:19","date_gmt":"2017-02-16T08:13:19","guid":{"rendered":"https:\/\/abc-office.eu\/?page_id=226008"},"modified":"2025-10-15T04:29:16","modified_gmt":"2025-10-15T02:29:16","slug":"acasa","status":"publish","type":"page","link":"https:\/\/abc-office.eu\/ro\/","title":{"rendered":"Acas\u0103"},"content":{"rendered":"<h2 data-start=\"110\" data-end=\"129\"><strong data-start=\"110\" data-end=\"129\">ABC Translation<\/strong><\/h2>\n<p style=\"text-align: justify;\" data-start=\"131\" data-end=\"603\">ABC Translation este specializat\u0103 \u00een mai multe domenii, precum traduceri, imobiliare, legaliz\u0103ri, drept \u0219i relocare. Cu o echip\u0103 de peste 500 de angaja\u021bi la nivel mondial, compania este lider \u00een aceste domenii \u0219i ac\u021bioneaz\u0103 rapid datorit\u0103 numero\u0219ilor profesioni\u0219ti califica\u021bi din echip\u0103. ABC Translation reune\u0219te speciali\u0219ti din 55 de na\u021bionalit\u0103\u021bi \u0219i are parteneriate \u00een peste 85 de \u021b\u0103ri. A valorificat oportunit\u0103\u021bile globaliz\u0103rii pentru a r\u0103spunde cerin\u021belor tot mai exigente ale clien\u021bilor s\u0103i.<\/p>\n<h3 data-start=\"605\" data-end=\"636\">ABC Translation \u00een cifre:<\/h3>\n<ul>\n<li>500 de angaja\u021bi \u00een \u00eentreaga lume<\/li>\n<li>60 de limbi vorbite<\/li>\n<li>4000 de proiecte pe an<\/li>\n<li>Peste 10 ani de experien\u021b\u0103<\/li>\n<li>Peste 1000 de clien\u021bi de afaceri fideli<\/li>\n<li>Peste 2000 de clien\u021bi priva\u021bi \u00een fiecare an<\/li>\n<\/ul>\n<p style=\"text-align: justify;\" data-start=\"857\" data-end=\"1459\">Colabor\u0103m cu mai multe birouri notariale pentru a legaliza documentele c\u00e2t mai rapid posibil. Pentru documentele destinate str\u0103in\u0103t\u0103\u021bii, lucr\u0103m \u00een parteneriat cu ambasade, consulate \u0219i cancelarii. Aceast\u0103 colaborare \u00eentre diferite institu\u021bii ne permite s\u0103 fim foarte prompt\u0326i \u00een traducerea \u0219i legalizarea documentelor dumneavoastr\u0103 \u00eentr-un timp record. \u00cen plus, curierii no\u0219tri pe biciclet\u0103 asigur\u0103 livrarea documentelor c\u0103tre diverse birouri, respect\u00e2nd mediul \u00eenconjur\u0103tor. Pentru expedierea interna\u021bional\u0103, utiliz\u0103m serviciile po\u0219tale europene \u0219i DHL, garant\u00e2nd o livrare sigur\u0103 \u0219i rapid\u0103 \u00een Europa \u0219i \u00een restul lumii.<\/p>\n<p style=\"text-align: justify;\" data-start=\"1461\" data-end=\"2068\">Calitatea \u0219i rapiditatea serviciilor noastre fac diferen\u021ba. \u00cen acest domeniu, promptitudinea este cheia succesului. Infrastructura noastr\u0103 este conceput\u0103 pentru a r\u0103spunde c\u00e2t mai repede solicit\u0103rilor clien\u021bilor. Pentru a ne contacta, ne pute\u021bi suna sau trimite un e-mail. De asemenea, pute\u021bi utiliza formularul de contact din partea dreapt\u0103 a paginii, \u00een special pentru trimiterea documentelor. De obicei, ofertele sunt transmise \u00een 10-20 de minute de la primirea documentelor \u0219i con\u021bin pre\u021bul total \u0219i termenul de execu\u021bie al proiectului.<\/p>\n<p style=\"text-align: justify;\" data-start=\"2070\" data-end=\"2161\">\u00centreaga echip\u0103 ABC Translation r\u0103m\u00e2ne la dispozi\u021bia dumneavoastr\u0103 \u0219i a\u0219teapt\u0103 cu ner\u0103bdare s\u0103 colaboreze cu dumneavoastr\u0103.<\/p>\n<p data-start=\"2070\" data-end=\"2161\"><img loading=\"lazy\" decoding=\"async\" class=\"aligncenter wp-image-298\" src=\"https:\/\/abc-office.ch\/wp-content\/uploads\/2020\/03\/bim91-1024x682.jpg\" alt=\"ABC Translation\" width=\"688\" height=\"458\" \/><\/p>\n","protected":false},"excerpt":{"rendered":"<p>ABC Translation ABC Translation este specializat\u0103 \u00een mai multe domenii, precum traduceri, imobiliare, legaliz\u0103ri, drept \u0219i relocare. Cu o echip\u0103 de peste 500 de angaja\u021bi la nivel mondial, compania este lider \u00een aceste domenii \u0219i ac\u021bioneaz\u0103 rapid datorit\u0103 numero\u0219ilor profesioni\u0219ti califica\u021bi din echip\u0103. ABC Translation reune\u0219te speciali\u0219ti din 55 de na\u021bionalit\u0103\u021bi \u0219i are parteneriate \u00een&#8230;<\/p>\n","protected":false},"author":1,"featured_media":225817,"parent":0,"menu_order":0,"comment_status":"closed","ping_status":"closed","template":"","meta":{"sfsi_plus_gutenberg_text_before_share":"","sfsi_plus_gutenberg_show_text_before_share":"","sfsi_plus_gutenberg_icon_type":"","sfsi_plus_gutenberg_icon_alignemt":"","sfsi_plus_gutenburg_max_per_row":"","footnotes":""},"class_list":["post-226008","page","type-page","status-publish","has-post-thumbnail","hentry"],"yoast_head":"<!-- This site is optimized with the Yoast SEO plugin v23.8 - https:\/\/yoast.com\/wordpress\/plugins\/seo\/ -->\n<title>ABC Translation l Traduceri l Legaliz\u0103ri l Imobiliare l Expatriere<\/title>\n<meta name=\"description\" content=\"ABC Translation l Legaliz\u0103ri l Imobiliare l Expatriere l Interpretariat l Notariat l Cabinet de avocatur\u0103 l Relocare persoane l Companii\" \/>\n<meta name=\"robots\" content=\"index, follow, max-snippet:-1, max-image-preview:large, max-video-preview:-1\" \/>\n<link rel=\"canonical\" href=\"https:\/\/abc-office.eu\/ro\/\" \/>\n<meta property=\"og:locale\" content=\"ro_RO\" \/>\n<meta property=\"og:type\" content=\"article\" \/>\n<meta property=\"og:title\" content=\"ABC Translation l Traduceri l Legaliz\u0103ri l Imobiliare l Expatriere\" \/>\n<meta property=\"og:description\" content=\"ABC Translation l Legaliz\u0103ri l Imobiliare l Expatriere l Interpretariat l Notariat l Cabinet de avocatur\u0103 l Relocare persoane l Companii\" \/>\n<meta property=\"og:url\" content=\"https:\/\/abc-office.eu\/ro\/\" \/>\n<meta property=\"og:site_name\" content=\"ABC Translation\" \/>\n<meta property=\"article:modified_time\" content=\"2025-10-15T02:29:16+00:00\" \/>\n<meta property=\"og:image\" content=\"https:\/\/abc-office.eu\/wp-content\/uploads\/2025\/10\/6190976a-768x433-1.jpg\" \/>\n\t<meta property=\"og:image:width\" content=\"768\" \/>\n\t<meta property=\"og:image:height\" content=\"433\" \/>\n\t<meta property=\"og:image:type\" content=\"image\/jpeg\" \/>\n<meta name=\"twitter:card\" content=\"summary_large_image\" \/>\n<meta name=\"twitter:label1\" content=\"Timp estimat pentru citire\" \/>\n\t<meta name=\"twitter:data1\" content=\"2 minute\" \/>\n<script type=\"application\/ld+json\" class=\"yoast-schema-graph\">{\"@context\":\"https:\/\/schema.org\",\"@graph\":[{\"@type\":\"WebPage\",\"@id\":\"https:\/\/abc-office.eu\/ro\/\",\"url\":\"https:\/\/abc-office.eu\/ro\/\",\"name\":\"ABC Translation l Traduceri l Legaliz\u0103ri l Imobiliare l Expatriere\",\"isPartOf\":{\"@id\":\"https:\/\/abc-office.eu\/ro\/#website\"},\"primaryImageOfPage\":{\"@id\":\"https:\/\/abc-office.eu\/ro\/#primaryimage\"},\"image\":{\"@id\":\"https:\/\/abc-office.eu\/ro\/#primaryimage\"},\"thumbnailUrl\":\"https:\/\/abc-office.eu\/wp-content\/uploads\/2025\/10\/6190976a-768x433-1.jpg\",\"datePublished\":\"2017-02-16T08:13:19+00:00\",\"dateModified\":\"2025-10-15T02:29:16+00:00\",\"description\":\"ABC Translation l Legaliz\u0103ri l Imobiliare l Expatriere l Interpretariat l Notariat l Cabinet de avocatur\u0103 l Relocare persoane l Companii\",\"breadcrumb\":{\"@id\":\"https:\/\/abc-office.eu\/ro\/#breadcrumb\"},\"inLanguage\":\"ro-RO\",\"potentialAction\":[{\"@type\":\"ReadAction\",\"target\":[\"https:\/\/abc-office.eu\/ro\/\"]}]},{\"@type\":\"ImageObject\",\"inLanguage\":\"ro-RO\",\"@id\":\"https:\/\/abc-office.eu\/ro\/#primaryimage\",\"url\":\"https:\/\/abc-office.eu\/wp-content\/uploads\/2025\/10\/6190976a-768x433-1.jpg\",\"contentUrl\":\"https:\/\/abc-office.eu\/wp-content\/uploads\/2025\/10\/6190976a-768x433-1.jpg\",\"width\":768,\"height\":433},{\"@type\":\"BreadcrumbList\",\"@id\":\"https:\/\/abc-office.eu\/ro\/#breadcrumb\",\"itemListElement\":[{\"@type\":\"ListItem\",\"position\":1,\"name\":\"Accueil\",\"item\":\"https:\/\/abc-office.eu\/ro\/\"},{\"@type\":\"ListItem\",\"position\":2,\"name\":\"Acas\u0103\"}]},{\"@type\":\"WebSite\",\"@id\":\"https:\/\/abc-office.eu\/ro\/#website\",\"url\":\"https:\/\/abc-office.eu\/ro\/\",\"name\":\"ABC Translation\",\"description\":\"info@abc-office.eu\",\"potentialAction\":[{\"@type\":\"SearchAction\",\"target\":{\"@type\":\"EntryPoint\",\"urlTemplate\":\"https:\/\/abc-office.eu\/ro\/?s={search_term_string}\"},\"query-input\":{\"@type\":\"PropertyValueSpecification\",\"valueRequired\":true,\"valueName\":\"search_term_string\"}}],\"inLanguage\":\"ro-RO\"}]}<\/script>\n<!-- \/ Yoast SEO plugin. -->","yoast_head_json":{"title":"ABC Translation l Traduceri l Legaliz\u0103ri l Imobiliare l Expatriere","description":"ABC Translation l Legaliz\u0103ri l Imobiliare l Expatriere l Interpretariat l Notariat l Cabinet de avocatur\u0103 l Relocare persoane l Companii","robots":{"index":"index","follow":"follow","max-snippet":"max-snippet:-1","max-image-preview":"max-image-preview:large","max-video-preview":"max-video-preview:-1"},"canonical":"https:\/\/abc-office.eu\/ro\/","og_locale":"ro_RO","og_type":"article","og_title":"ABC Translation l Traduceri l Legaliz\u0103ri l Imobiliare l Expatriere","og_description":"ABC Translation l Legaliz\u0103ri l Imobiliare l Expatriere l Interpretariat l Notariat l Cabinet de avocatur\u0103 l Relocare persoane l Companii","og_url":"https:\/\/abc-office.eu\/ro\/","og_site_name":"ABC Translation","article_modified_time":"2025-10-15T02:29:16+00:00","og_image":[{"width":768,"height":433,"url":"https:\/\/abc-office.eu\/wp-content\/uploads\/2025\/10\/6190976a-768x433-1.jpg","type":"image\/jpeg"}],"twitter_card":"summary_large_image","twitter_misc":{"Timp estimat pentru citire":"2 minute"},"schema":{"@context":"https:\/\/schema.org","@graph":[{"@type":"WebPage","@id":"https:\/\/abc-office.eu\/ro\/","url":"https:\/\/abc-office.eu\/ro\/","name":"ABC Translation l Traduceri l Legaliz\u0103ri l Imobiliare l Expatriere","isPartOf":{"@id":"https:\/\/abc-office.eu\/ro\/#website"},"primaryImageOfPage":{"@id":"https:\/\/abc-office.eu\/ro\/#primaryimage"},"image":{"@id":"https:\/\/abc-office.eu\/ro\/#primaryimage"},"thumbnailUrl":"https:\/\/abc-office.eu\/wp-content\/uploads\/2025\/10\/6190976a-768x433-1.jpg","datePublished":"2017-02-16T08:13:19+00:00","dateModified":"2025-10-15T02:29:16+00:00","description":"ABC Translation l Legaliz\u0103ri l Imobiliare l Expatriere l Interpretariat l Notariat l Cabinet de avocatur\u0103 l Relocare persoane l Companii","breadcrumb":{"@id":"https:\/\/abc-office.eu\/ro\/#breadcrumb"},"inLanguage":"ro-RO","potentialAction":[{"@type":"ReadAction","target":["https:\/\/abc-office.eu\/ro\/"]}]},{"@type":"ImageObject","inLanguage":"ro-RO","@id":"https:\/\/abc-office.eu\/ro\/#primaryimage","url":"https:\/\/abc-office.eu\/wp-content\/uploads\/2025\/10\/6190976a-768x433-1.jpg","contentUrl":"https:\/\/abc-office.eu\/wp-content\/uploads\/2025\/10\/6190976a-768x433-1.jpg","width":768,"height":433},{"@type":"BreadcrumbList","@id":"https:\/\/abc-office.eu\/ro\/#breadcrumb","itemListElement":[{"@type":"ListItem","position":1,"name":"Accueil","item":"https:\/\/abc-office.eu\/ro\/"},{"@type":"ListItem","position":2,"name":"Acas\u0103"}]},{"@type":"WebSite","@id":"https:\/\/abc-office.eu\/ro\/#website","url":"https:\/\/abc-office.eu\/ro\/","name":"ABC Translation","description":"info@abc-office.eu","potentialAction":[{"@type":"SearchAction","target":{"@type":"EntryPoint","urlTemplate":"https:\/\/abc-office.eu\/ro\/?s={search_term_string}"},"query-input":{"@type":"PropertyValueSpecification","valueRequired":true,"valueName":"search_term_string"}}],"inLanguage":"ro-RO"}]}},"_links":{"self":[{"href":"https:\/\/abc-office.eu\/ro\/wp-json\/wp\/v2\/pages\/226008","targetHints":{"allow":["GET"]}}],"collection":[{"href":"https:\/\/abc-office.eu\/ro\/wp-json\/wp\/v2\/pages"}],"about":[{"href":"https:\/\/abc-office.eu\/ro\/wp-json\/wp\/v2\/types\/page"}],"author":[{"embeddable":true,"href":"https:\/\/abc-office.eu\/ro\/wp-json\/wp\/v2\/users\/1"}],"replies":[{"embeddable":true,"href":"https:\/\/abc-office.eu\/ro\/wp-json\/wp\/v2\/comments?post=226008"}],"version-history":[{"count":4,"href":"https:\/\/abc-office.eu\/ro\/wp-json\/wp\/v2\/pages\/226008\/revisions"}],"predecessor-version":[{"id":226818,"href":"https:\/\/abc-office.eu\/ro\/wp-json\/wp\/v2\/pages\/226008\/revisions\/226818"}],"wp:featuredmedia":[{"embeddable":true,"href":"https:\/\/abc-office.eu\/ro\/wp-json\/wp\/v2\/media\/225817"}],"wp:attachment":[{"href":"https:\/\/abc-office.eu\/ro\/wp-json\/wp\/v2\/media?parent=226008"}],"curies":[{"name":"wp","href":"https:\/\/api.w.org\/{rel}","templated":true}]}}