{"id":227589,"date":"2024-05-24T06:33:11","date_gmt":"2024-05-24T04:33:11","guid":{"rendered":"https:\/\/abc-office.eu\/?page_id=227589"},"modified":"2025-10-20T20:45:37","modified_gmt":"2025-10-20T18:45:37","slug":"tradutor-certificado-afrikaans-lisboa","status":"publish","type":"page","link":"https:\/\/abc-office.eu\/pt-pt\/portugal\/traducao-certificada-portugal\/traducao-certificada-lisboa\/tradutor-certificado-afrikaans-lisboa\/","title":{"rendered":"Tradutor Certificado Afrikaans Lisboa"},"content":{"rendered":"<h2 data-start=\"0\" data-end=\"46\"><strong data-start=\"0\" data-end=\"44\">Tradutor Certificado Afrikaans Lisboa<\/strong><\/h2>\n<p style=\"text-align: justify;\">A nossa ag\u00eancia de tradu\u00e7\u00e3o \u00e9 especializada em tradu\u00e7\u00f5es certificadas e juramentadas de e para o afric\u00e2nder. Os nossos tradutores certificados de afric\u00e2nder, sediados em Lisboa, podem processar rapidamente o seu pedido. S\u00f3 precisamos de receber uma c\u00f3pia dos documentos que necessitam de tradu\u00e7\u00e3o (todos os formatos s\u00e3o aceites). J\u00e1 n\u00e3o \u00e9 necess\u00e1rio apresentar os documentos originais (tradutor certificado Afrikaans Lisboa).<\/p>\n<ol>\n<li style=\"text-align: justify;\">Em primeiro lugar, sinta-se \u00e0 vontade para usar o nosso endere\u00e7o de email (<a href=\"mailto:info@abc-office.eu\">info@abc-office.eu<\/a>), o formul\u00e1rio de contacto ou tamb\u00e9m pode usar o nosso link WhatsApp.<\/li>\n<li style=\"text-align: justify;\">Em segundo lugar, mencione o idioma em que deseja receber a tradu\u00e7\u00e3o e se necessita que a tradu\u00e7\u00e3o seja legalizada pelo not\u00e1rio e\/ou apostilhada (Chancelaria).<\/li>\n<li style=\"text-align: justify;\">Em terceiro lugar, um dos nossos gestores de projeto ir\u00e1 rapidamente fornecer-lhe um or\u00e7amento com o pre\u00e7o e o prazo de entrega deste projeto. Normalmente respondemos em 30 minutos. No entanto, pedimos que nos ligue se n\u00e3o tiver recebido resposta ap\u00f3s mais de uma hora.<\/li>\n<li style=\"text-align: justify;\">Em quarto lugar, e mais importante, assim que o or\u00e7amento for aceite, iniciaremos o processo de tradu\u00e7\u00e3o e enviaremos as tradu\u00e7\u00f5es certificadas por correio. Se tamb\u00e9m necessitar de uma c\u00f3pia da tradu\u00e7\u00e3o por email, informe o gestor de projeto e n\u00f3s enviaremos por email antes do envio do original.<\/li>\n<\/ol>\n<p style=\"text-align: justify;\">No que diz respeito aos prazos, as tradu\u00e7\u00f5es certificadas s\u00e3o enviadas por correio, DHL e\/ou por email no prazo de 2 a 3 dias \u00fateis. No entanto, tamb\u00e9m depende do volume e do n\u00edvel de dificuldade dos documentos. Por exemplo, dever\u00e1 receber um documento de uma p\u00e1gina em at\u00e9 2 dias \u00fateis por correio.<\/p>\n<h3><strong>Idiomas que podemos combinar de e para afric\u00e2nder:<\/strong><\/h3>\n<p style=\"text-align: justify;\">Alban\u00eas | Alem\u00e3o | Americano | Am\u00e1rico | Ingl\u00eas | \u00c1rabe | Arm\u00e9nio | Aimar\u00e1 | Azerbaijano | Basco | Bengali | Bielorrusso | Birman\u00eas | B\u00f3snio | Brasileiro | B\u00falgaro | Canton\u00eas | Catal\u00e3o | Cingal\u00eas | Chin\u00eas | Chin\u00eas Simplificado | Chin\u00eas Tradicional | Coreano | Croata | Dinamarqu\u00eas | Dari | Est\u00f3nio | Ewe | Farsi | Finland\u00eas | Georgiano | Grego | Guarani | Hebraico | Hindi | H\u00fangaro | Indon\u00e9sio | Italiano | Japon\u00eas | Cazaque | Khmer | Quirguiz | Curdo | Lao | Let\u00e3o | Lingala | Lituano | Maced\u00f3nio | Malaio | Malaiala | Mandarim | Moldavo | Mongol | Montenegrino | Neerland\u00eas | Noruegu\u00eas | Urdu | Usbeque | Pashto | Punduabi | Persa | Fula | Polaco | Espanhol | Quechua | Romeno | Russo | S\u00e9rvio | Eslovaco | Esloveno | Sueco | T\u00e2mil | Checo | Tailand\u00eas | Turco | Turcomeno | Ucraniano | Vietnamita | Portugu\u00eas<\/p>\n<h3><strong>Lista n\u00e3o exaustiva de documentos:<\/strong><\/h3>\n<p style=\"text-align: justify;\">Certid\u00e3o de nascimento | certid\u00e3o de casamento | certid\u00e3o de registo civil | atestado | patente | registo criminal | certificado | certid\u00e3o de celibato | certid\u00e3o de \u00f3bito | certid\u00e3o de fam\u00edlia | atestado de trabalho | declara\u00e7\u00e3o de impostos | diploma | passaporte | carta de condu\u00e7\u00e3o | testamento | visto | contrato | contrato de div\u00f3rcio | contrato de casamento | senten\u00e7a | processo | procura\u00e7\u00e3o | atas<\/p>\n<h3><strong>Tipos comuns de certifica\u00e7\u00f5es\/legaliza\u00e7\u00f5es (tradutor certificado Afrikaans Lisboa):<\/strong><\/h3>\n<ul>\n<li style=\"text-align: justify;\"><strong>Tradu\u00e7\u00e3o certificada:<\/strong>\u00a0fornecemos a tradu\u00e7\u00e3o com o nosso carimbo e assinatura.<\/li>\n<li style=\"text-align: justify;\"><strong>Tradu\u00e7\u00e3o certificada:<\/strong>\u00a0Em Portugal, as tradu\u00e7\u00f5es juramentadas (ou certificadas) s\u00e3o realizadas por tradutores qualificados e depois validadas atrav\u00e9s de um not\u00e1rio, advogado ou solicitador, que autentica a assinatura do tradutor. Este processo garante que a tradu\u00e7\u00e3o tem valor legal e \u00e9 aceite em todas as institui\u00e7\u00f5es oficiais, tanto em Portugal como no estrangeiro.<\/li>\n<li style=\"text-align: justify;\"><strong>Tradu\u00e7\u00e3o legalizada:<\/strong>\u00a0o not\u00e1rio legaliza a assinatura do tradutor na tradu\u00e7\u00e3o.<\/li>\n<li style=\"text-align: justify;\"><strong>Tradu\u00e7\u00e3o com apostilha:<\/strong>\u00a0a chancelaria legaliza a assinatura do not\u00e1rio.<\/li>\n<li style=\"text-align: justify;\"><strong>Tradu\u00e7\u00e3o legalizada por uma embaixada ou consulado:<\/strong>\u00a0organizamos a legaliza\u00e7\u00e3o final atrav\u00e9s da embaixada ou consulado.<\/li>\n<\/ul>\n<p style=\"text-align: justify;\">Como resultado e gra\u00e7as \u00e0 certifica\u00e7\u00e3o adequada, as tradu\u00e7\u00f5es ser\u00e3o aceites em Portugal e no estrangeiro. Para qualquer quest\u00e3o relativamente ao tipo de certifica\u00e7\u00e3o de que necessita para os seus documentos, n\u00e3o hesite em contactar a nossa equipa. Iremos gui\u00e1-lo em todo o processo (tradutor certificado Afrikaans Lisboa).<\/p>\n<p style=\"text-align: justify;\">Esperamos poder colaborar consigo.<\/p>\n<p style=\"text-align: justify;\" data-start=\"3837\" data-end=\"3864\" data-is-last-node=\"\" data-is-only-node=\"\"><a href=\"https:\/\/abc-office.eu\/pt-pt\/\"><strong data-start=\"3837\" data-end=\"3860\">ABC Translation LLC<\/strong>\u00a0<\/a><\/p>\n<p data-start=\"3837\" data-end=\"3864\" data-is-last-node=\"\" data-is-only-node=\"\"><img loading=\"lazy\" decoding=\"async\" class=\"aligncenter wp-image-271\" src=\"https:\/\/abc-office.ch\/wp-content\/uploads\/2018\/06\/imageedit_1_6241191614.gif\" alt=\"Tradutor Certificado Afrikaans Lisboa\" width=\"437\" height=\"437\" \/><\/p>\n","protected":false},"excerpt":{"rendered":"<p>Tradutor Certificado Afrikaans Lisboa A nossa ag\u00eancia de tradu\u00e7\u00e3o \u00e9 especializada em tradu\u00e7\u00f5es certificadas e juramentadas de e para o afric\u00e2nder. Os nossos tradutores certificados de afric\u00e2nder, sediados em Lisboa, podem processar rapidamente o seu pedido. S\u00f3 precisamos de receber uma c\u00f3pia dos documentos que necessitam de tradu\u00e7\u00e3o (todos os formatos s\u00e3o aceites). J\u00e1 n\u00e3o&#8230;<\/p>\n","protected":false},"author":1,"featured_media":227054,"parent":227570,"menu_order":0,"comment_status":"closed","ping_status":"closed","template":"","meta":{"sfsi_plus_gutenberg_text_before_share":"","sfsi_plus_gutenberg_show_text_before_share":"","sfsi_plus_gutenberg_icon_type":"","sfsi_plus_gutenberg_icon_alignemt":"","sfsi_plus_gutenburg_max_per_row":"","footnotes":""},"class_list":["post-227589","page","type-page","status-publish","has-post-thumbnail","hentry"],"yoast_head":"<!-- This site is optimized with the Yoast SEO plugin v23.8 - https:\/\/yoast.com\/wordpress\/plugins\/seo\/ -->\n<title>Tradutor Certificado Afrikaans Lisboa l Tradutor Juramentado<\/title>\n<meta name=\"description\" content=\"ABC Translation | Tradutor Certificado Afrikaans Lisboa | Tradutor Juramentado Afrikaans Lisboa | Tradu\u00e7\u00e3o Oficial Afrikaans Lisboa\" \/>\n<meta name=\"robots\" content=\"index, follow, max-snippet:-1, max-image-preview:large, max-video-preview:-1\" \/>\n<link rel=\"canonical\" href=\"https:\/\/abc-office.eu\/pt-pt\/portugal\/traducao-certificada-portugal\/traducao-certificada-lisboa\/tradutor-certificado-afrikaans-lisboa\/\" \/>\n<meta property=\"og:locale\" content=\"pt_PT\" \/>\n<meta property=\"og:type\" content=\"article\" \/>\n<meta property=\"og:title\" content=\"Tradutor Certificado Afrikaans Lisboa l Tradutor Juramentado\" \/>\n<meta property=\"og:description\" content=\"ABC Translation | Tradutor Certificado Afrikaans Lisboa | Tradutor Juramentado Afrikaans Lisboa | Tradu\u00e7\u00e3o Oficial Afrikaans Lisboa\" \/>\n<meta property=\"og:url\" content=\"https:\/\/abc-office.eu\/pt-pt\/portugal\/traducao-certificada-portugal\/traducao-certificada-lisboa\/tradutor-certificado-afrikaans-lisboa\/\" \/>\n<meta property=\"og:site_name\" content=\"ABC Translation\" \/>\n<meta property=\"article:modified_time\" content=\"2025-10-20T18:45:37+00:00\" \/>\n<meta property=\"og:image\" content=\"https:\/\/abc-office.eu\/wp-content\/uploads\/2025\/10\/Afrikaans-3.jpg\" \/>\n\t<meta property=\"og:image:width\" content=\"669\" \/>\n\t<meta property=\"og:image:height\" content=\"491\" \/>\n\t<meta property=\"og:image:type\" content=\"image\/jpeg\" \/>\n<meta name=\"twitter:card\" content=\"summary_large_image\" \/>\n<meta name=\"twitter:label1\" content=\"Tempo estimado de leitura\" \/>\n\t<meta name=\"twitter:data1\" content=\"4 minutos\" \/>\n<script type=\"application\/ld+json\" class=\"yoast-schema-graph\">{\"@context\":\"https:\/\/schema.org\",\"@graph\":[{\"@type\":\"WebPage\",\"@id\":\"https:\/\/abc-office.eu\/pt-pt\/portugal\/traducao-certificada-portugal\/traducao-certificada-lisboa\/tradutor-certificado-afrikaans-lisboa\/\",\"url\":\"https:\/\/abc-office.eu\/pt-pt\/portugal\/traducao-certificada-portugal\/traducao-certificada-lisboa\/tradutor-certificado-afrikaans-lisboa\/\",\"name\":\"Tradutor Certificado Afrikaans Lisboa l Tradutor Juramentado\",\"isPartOf\":{\"@id\":\"https:\/\/abc-office.eu\/pt-pt\/#website\"},\"primaryImageOfPage\":{\"@id\":\"https:\/\/abc-office.eu\/pt-pt\/portugal\/traducao-certificada-portugal\/traducao-certificada-lisboa\/tradutor-certificado-afrikaans-lisboa\/#primaryimage\"},\"image\":{\"@id\":\"https:\/\/abc-office.eu\/pt-pt\/portugal\/traducao-certificada-portugal\/traducao-certificada-lisboa\/tradutor-certificado-afrikaans-lisboa\/#primaryimage\"},\"thumbnailUrl\":\"https:\/\/abc-office.eu\/wp-content\/uploads\/2025\/10\/Afrikaans-3.jpg\",\"datePublished\":\"2024-05-24T04:33:11+00:00\",\"dateModified\":\"2025-10-20T18:45:37+00:00\",\"description\":\"ABC Translation | Tradutor Certificado Afrikaans Lisboa | Tradutor Juramentado Afrikaans Lisboa | Tradu\u00e7\u00e3o Oficial Afrikaans Lisboa\",\"breadcrumb\":{\"@id\":\"https:\/\/abc-office.eu\/pt-pt\/portugal\/traducao-certificada-portugal\/traducao-certificada-lisboa\/tradutor-certificado-afrikaans-lisboa\/#breadcrumb\"},\"inLanguage\":\"pt-PT\",\"potentialAction\":[{\"@type\":\"ReadAction\",\"target\":[\"https:\/\/abc-office.eu\/pt-pt\/portugal\/traducao-certificada-portugal\/traducao-certificada-lisboa\/tradutor-certificado-afrikaans-lisboa\/\"]}]},{\"@type\":\"ImageObject\",\"inLanguage\":\"pt-PT\",\"@id\":\"https:\/\/abc-office.eu\/pt-pt\/portugal\/traducao-certificada-portugal\/traducao-certificada-lisboa\/tradutor-certificado-afrikaans-lisboa\/#primaryimage\",\"url\":\"https:\/\/abc-office.eu\/wp-content\/uploads\/2025\/10\/Afrikaans-3.jpg\",\"contentUrl\":\"https:\/\/abc-office.eu\/wp-content\/uploads\/2025\/10\/Afrikaans-3.jpg\",\"width\":669,\"height\":491},{\"@type\":\"BreadcrumbList\",\"@id\":\"https:\/\/abc-office.eu\/pt-pt\/portugal\/traducao-certificada-portugal\/traducao-certificada-lisboa\/tradutor-certificado-afrikaans-lisboa\/#breadcrumb\",\"itemListElement\":[{\"@type\":\"ListItem\",\"position\":1,\"name\":\"Accueil\",\"item\":\"https:\/\/abc-office.eu\/pt-pt\/\"},{\"@type\":\"ListItem\",\"position\":2,\"name\":\"Portugal\",\"item\":\"https:\/\/abc-office.eu\/pt-pt\/portugal\/\"},{\"@type\":\"ListItem\",\"position\":3,\"name\":\"Tradu\u00e7\u00e3o certificada Portugal\",\"item\":\"https:\/\/abc-office.eu\/pt-pt\/portugal\/traducao-certificada-portugal\/\"},{\"@type\":\"ListItem\",\"position\":4,\"name\":\"Tradu\u00e7\u00e3o certificada Lisboa\",\"item\":\"https:\/\/abc-office.eu\/pt-pt\/portugal\/traducao-certificada-portugal\/traducao-certificada-lisboa\/\"},{\"@type\":\"ListItem\",\"position\":5,\"name\":\"Tradutor Certificado Afrikaans Lisboa\"}]},{\"@type\":\"WebSite\",\"@id\":\"https:\/\/abc-office.eu\/pt-pt\/#website\",\"url\":\"https:\/\/abc-office.eu\/pt-pt\/\",\"name\":\"ABC Translation\",\"description\":\"info@abc-office.eu\",\"potentialAction\":[{\"@type\":\"SearchAction\",\"target\":{\"@type\":\"EntryPoint\",\"urlTemplate\":\"https:\/\/abc-office.eu\/pt-pt\/?s={search_term_string}\"},\"query-input\":{\"@type\":\"PropertyValueSpecification\",\"valueRequired\":true,\"valueName\":\"search_term_string\"}}],\"inLanguage\":\"pt-PT\"}]}<\/script>\n<!-- \/ Yoast SEO plugin. -->","yoast_head_json":{"title":"Tradutor Certificado Afrikaans Lisboa l Tradutor Juramentado","description":"ABC Translation | Tradutor Certificado Afrikaans Lisboa | Tradutor Juramentado Afrikaans Lisboa | Tradu\u00e7\u00e3o Oficial Afrikaans Lisboa","robots":{"index":"index","follow":"follow","max-snippet":"max-snippet:-1","max-image-preview":"max-image-preview:large","max-video-preview":"max-video-preview:-1"},"canonical":"https:\/\/abc-office.eu\/pt-pt\/portugal\/traducao-certificada-portugal\/traducao-certificada-lisboa\/tradutor-certificado-afrikaans-lisboa\/","og_locale":"pt_PT","og_type":"article","og_title":"Tradutor Certificado Afrikaans Lisboa l Tradutor Juramentado","og_description":"ABC Translation | Tradutor Certificado Afrikaans Lisboa | Tradutor Juramentado Afrikaans Lisboa | Tradu\u00e7\u00e3o Oficial Afrikaans Lisboa","og_url":"https:\/\/abc-office.eu\/pt-pt\/portugal\/traducao-certificada-portugal\/traducao-certificada-lisboa\/tradutor-certificado-afrikaans-lisboa\/","og_site_name":"ABC Translation","article_modified_time":"2025-10-20T18:45:37+00:00","og_image":[{"width":669,"height":491,"url":"https:\/\/abc-office.eu\/wp-content\/uploads\/2025\/10\/Afrikaans-3.jpg","type":"image\/jpeg"}],"twitter_card":"summary_large_image","twitter_misc":{"Tempo estimado de leitura":"4 minutos"},"schema":{"@context":"https:\/\/schema.org","@graph":[{"@type":"WebPage","@id":"https:\/\/abc-office.eu\/pt-pt\/portugal\/traducao-certificada-portugal\/traducao-certificada-lisboa\/tradutor-certificado-afrikaans-lisboa\/","url":"https:\/\/abc-office.eu\/pt-pt\/portugal\/traducao-certificada-portugal\/traducao-certificada-lisboa\/tradutor-certificado-afrikaans-lisboa\/","name":"Tradutor Certificado Afrikaans Lisboa l Tradutor Juramentado","isPartOf":{"@id":"https:\/\/abc-office.eu\/pt-pt\/#website"},"primaryImageOfPage":{"@id":"https:\/\/abc-office.eu\/pt-pt\/portugal\/traducao-certificada-portugal\/traducao-certificada-lisboa\/tradutor-certificado-afrikaans-lisboa\/#primaryimage"},"image":{"@id":"https:\/\/abc-office.eu\/pt-pt\/portugal\/traducao-certificada-portugal\/traducao-certificada-lisboa\/tradutor-certificado-afrikaans-lisboa\/#primaryimage"},"thumbnailUrl":"https:\/\/abc-office.eu\/wp-content\/uploads\/2025\/10\/Afrikaans-3.jpg","datePublished":"2024-05-24T04:33:11+00:00","dateModified":"2025-10-20T18:45:37+00:00","description":"ABC Translation | Tradutor Certificado Afrikaans Lisboa | Tradutor Juramentado Afrikaans Lisboa | Tradu\u00e7\u00e3o Oficial Afrikaans Lisboa","breadcrumb":{"@id":"https:\/\/abc-office.eu\/pt-pt\/portugal\/traducao-certificada-portugal\/traducao-certificada-lisboa\/tradutor-certificado-afrikaans-lisboa\/#breadcrumb"},"inLanguage":"pt-PT","potentialAction":[{"@type":"ReadAction","target":["https:\/\/abc-office.eu\/pt-pt\/portugal\/traducao-certificada-portugal\/traducao-certificada-lisboa\/tradutor-certificado-afrikaans-lisboa\/"]}]},{"@type":"ImageObject","inLanguage":"pt-PT","@id":"https:\/\/abc-office.eu\/pt-pt\/portugal\/traducao-certificada-portugal\/traducao-certificada-lisboa\/tradutor-certificado-afrikaans-lisboa\/#primaryimage","url":"https:\/\/abc-office.eu\/wp-content\/uploads\/2025\/10\/Afrikaans-3.jpg","contentUrl":"https:\/\/abc-office.eu\/wp-content\/uploads\/2025\/10\/Afrikaans-3.jpg","width":669,"height":491},{"@type":"BreadcrumbList","@id":"https:\/\/abc-office.eu\/pt-pt\/portugal\/traducao-certificada-portugal\/traducao-certificada-lisboa\/tradutor-certificado-afrikaans-lisboa\/#breadcrumb","itemListElement":[{"@type":"ListItem","position":1,"name":"Accueil","item":"https:\/\/abc-office.eu\/pt-pt\/"},{"@type":"ListItem","position":2,"name":"Portugal","item":"https:\/\/abc-office.eu\/pt-pt\/portugal\/"},{"@type":"ListItem","position":3,"name":"Tradu\u00e7\u00e3o certificada Portugal","item":"https:\/\/abc-office.eu\/pt-pt\/portugal\/traducao-certificada-portugal\/"},{"@type":"ListItem","position":4,"name":"Tradu\u00e7\u00e3o certificada Lisboa","item":"https:\/\/abc-office.eu\/pt-pt\/portugal\/traducao-certificada-portugal\/traducao-certificada-lisboa\/"},{"@type":"ListItem","position":5,"name":"Tradutor Certificado Afrikaans Lisboa"}]},{"@type":"WebSite","@id":"https:\/\/abc-office.eu\/pt-pt\/#website","url":"https:\/\/abc-office.eu\/pt-pt\/","name":"ABC Translation","description":"info@abc-office.eu","potentialAction":[{"@type":"SearchAction","target":{"@type":"EntryPoint","urlTemplate":"https:\/\/abc-office.eu\/pt-pt\/?s={search_term_string}"},"query-input":{"@type":"PropertyValueSpecification","valueRequired":true,"valueName":"search_term_string"}}],"inLanguage":"pt-PT"}]}},"_links":{"self":[{"href":"https:\/\/abc-office.eu\/pt-pt\/wp-json\/wp\/v2\/pages\/227589","targetHints":{"allow":["GET"]}}],"collection":[{"href":"https:\/\/abc-office.eu\/pt-pt\/wp-json\/wp\/v2\/pages"}],"about":[{"href":"https:\/\/abc-office.eu\/pt-pt\/wp-json\/wp\/v2\/types\/page"}],"author":[{"embeddable":true,"href":"https:\/\/abc-office.eu\/pt-pt\/wp-json\/wp\/v2\/users\/1"}],"replies":[{"embeddable":true,"href":"https:\/\/abc-office.eu\/pt-pt\/wp-json\/wp\/v2\/comments?post=227589"}],"version-history":[{"count":3,"href":"https:\/\/abc-office.eu\/pt-pt\/wp-json\/wp\/v2\/pages\/227589\/revisions"}],"predecessor-version":[{"id":229420,"href":"https:\/\/abc-office.eu\/pt-pt\/wp-json\/wp\/v2\/pages\/227589\/revisions\/229420"}],"up":[{"embeddable":true,"href":"https:\/\/abc-office.eu\/pt-pt\/wp-json\/wp\/v2\/pages\/227570"}],"wp:featuredmedia":[{"embeddable":true,"href":"https:\/\/abc-office.eu\/pt-pt\/wp-json\/wp\/v2\/media\/227054"}],"wp:attachment":[{"href":"https:\/\/abc-office.eu\/pt-pt\/wp-json\/wp\/v2\/media?parent=227589"}],"curies":[{"name":"wp","href":"https:\/\/api.w.org\/{rel}","templated":true}]}}