{"id":227570,"date":"2024-05-24T06:09:57","date_gmt":"2024-05-24T04:09:57","guid":{"rendered":"https:\/\/abc-office.eu\/?page_id=227570"},"modified":"2025-10-20T20:41:26","modified_gmt":"2025-10-20T18:41:26","slug":"traducao-certificada-lisboa","status":"publish","type":"page","link":"https:\/\/abc-office.eu\/pt-pt\/portugal\/traducao-certificada-portugal\/traducao-certificada-lisboa\/","title":{"rendered":"Tradu\u00e7\u00e3o certificada Lisboa"},"content":{"rendered":"<h2 data-start=\"0\" data-end=\"31\"><strong data-start=\"0\" data-end=\"31\">Tradu\u00e7\u00e3o certificada Lisboa<\/strong><\/h2>\n<p style=\"text-align: justify;\">A nossa ag\u00eancia de tradu\u00e7\u00e3o \u00e9 especializada em tradu\u00e7\u00f5es certificadas e juramentadas em mais de 80 idiomas. A nossa equipa, sediada em Lisboa, pode processar rapidamente o seu pedido. S\u00f3 precisamos de receber uma c\u00f3pia dos documentos que precisam de ser traduzidos (aceitamos todos os formatos). Os documentos originais j\u00e1 n\u00e3o s\u00e3o necess\u00e1rios (tradu\u00e7\u00e3o certificada Lisboa).<\/p>\n<ol>\n<li>Em primeiro lugar, sinta-se \u00e0 vontade para utilizar o nosso endere\u00e7o de e-mail (<a href=\"mailto:info@abc-office.eu\">info@abc-office.eu<\/a>), o formul\u00e1rio de contacto, ou tamb\u00e9m pode usar o nosso link WhatsApp.<\/li>\n<li>Em segundo lugar, mencione o idioma em que pretende receber a tradu\u00e7\u00e3o e se necessita que a tradu\u00e7\u00e3o seja legalizada por not\u00e1rio e\/ou apostilhada (Chancelaria).<\/li>\n<li>Em terceiro lugar, um dos nossos gestores de projeto fornecer-lhe-\u00e1 rapidamente um or\u00e7amento, indicando o pre\u00e7o e o prazo de execu\u00e7\u00e3o deste projeto. Normalmente respondemos em 30 minutos. No entanto, ligue-nos se n\u00e3o tiver resposta em mais de uma hora.<\/li>\n<li>Em quarto lugar e mais importante, uma vez aceite o or\u00e7amento, iniciaremos o processo de tradu\u00e7\u00e3o e enviaremos as tradu\u00e7\u00f5es certificadas por correio. Caso tamb\u00e9m necessite de uma c\u00f3pia da tradu\u00e7\u00e3o por e-mail, por favor informe o gestor de projeto e n\u00f3s enviaremos por e-mail antes do envio do original.<\/li>\n<\/ol>\n<h3><strong>Prazos de entrega:<\/strong><\/h3>\n<p style=\"text-align: justify;\">As tradu\u00e7\u00f5es certificadas s\u00e3o enviadas por correio, DHL e\/ou por e-mail no prazo de 2-3 dias \u00fateis. No entanto, tamb\u00e9m depende do volume e do n\u00edvel de dificuldade dos documentos. Por exemplo, um documento de uma p\u00e1gina deve ser recebido por correio no prazo de 2 dias \u00fateis.<\/p>\n<h3><strong>Aqui est\u00e1 uma lista das nossas principais l\u00ednguas:<\/strong><\/h3>\n<p style=\"text-align: justify;\">Afrikaans | Alban\u00eas | Alem\u00e3o | Americano | Am\u00e1rico | Ingl\u00eas | \u00c1rabe | Arm\u00e9nio | Aimar\u00e1 | Azerbaijano | Basco | Bengali | Bielorrusso | Birman\u00eas | B\u00f3snio | Brasileiro | B\u00falgaro | Canton\u00eas | Catal\u00e3o | Cingal\u00eas | Chin\u00eas | Chin\u00eas simplificado | Chin\u00eas tradicional | Coreano | Croata | Dinamarqu\u00eas | Dari | Espanhol | Est\u00f3nio | Ewe | Farsi | Finland\u00eas | Georgiano | Grego | Guarani | Hebraico | Hindi | H\u00fangaro | Indon\u00e9sio | Italiano | Japon\u00eas | Cazaque | Khmer | Quirguiz | Curdo | Lao | Let\u00e3o | Lingala | Lituano | Maced\u00f3nio | Malaio | Malaiala | Mandarim | Moldavo | Mongol | Montenegrino | Neerland\u00eas | Noruegu\u00eas | Urdu | Usbeque | Pashto | Punjabi | Persa | Fula | Polaco | Portugu\u00eas | Quechua | Romeno | Russo | S\u00e9rvio | Eslovaco | Esloveno | Sueco | T\u00e2mil | Checo | Tailand\u00eas | Turco | Turcomeno | Ucraniano | Vietnamita<\/p>\n<h3><strong>Aqui est\u00e1 uma lista n\u00e3o exaustiva dos documentos:<\/strong><\/h3>\n<p style=\"text-align: justify;\">Certid\u00e3o de nascimento | certid\u00e3o de casamento | certid\u00e3o de registo civil | atestado | patente | registo criminal | certificado | certid\u00e3o de celibato | certid\u00e3o de \u00f3bito | certid\u00e3o de fam\u00edlia | certificado de trabalho | declara\u00e7\u00e3o fiscal | diploma | passaporte | carta de condu\u00e7\u00e3o | testamento | visto | contrato | contrato de div\u00f3rcio | contrato de casamento | senten\u00e7a | processo | procura\u00e7\u00e3o | atas<\/p>\n<h3><strong>Tipos comuns de certifica\u00e7\u00f5es\/legaliza\u00e7\u00f5es (tradu\u00e7\u00e3o certificada Lisboa):<\/strong><\/h3>\n<ul>\n<li style=\"text-align: justify;\"><strong>Tradu\u00e7\u00e3o certificada:<\/strong>\u00a0fornecemos a tradu\u00e7\u00e3o com o nosso carimbo e assinatura.<\/li>\n<li style=\"text-align: justify;\"><strong>Tradu\u00e7\u00e3o certificada<\/strong>: Em Portugal, as tradu\u00e7\u00f5es juramentadas (ou certificadas) s\u00e3o realizadas por tradutores qualificados e depois validadas atrav\u00e9s de um not\u00e1rio, advogado ou solicitador, que autentica a assinatura do tradutor. Este processo garante que a tradu\u00e7\u00e3o tem valor legal e \u00e9 aceite em todas as institui\u00e7\u00f5es oficiais, tanto em Portugal como no estrangeiro.<\/li>\n<li style=\"text-align: justify;\"><strong>Tradu\u00e7\u00e3o legalizada:<\/strong>\u00a0o not\u00e1rio legaliza a assinatura do tradutor na tradu\u00e7\u00e3o.<\/li>\n<li style=\"text-align: justify;\"><strong>Tradu\u00e7\u00e3o com apostilha<\/strong>: a chancelaria legaliza a assinatura do not\u00e1rio.<\/li>\n<li style=\"text-align: justify;\"><strong>Tradu\u00e7\u00e3o legalizada por embaixada ou consulado<\/strong>: a embaixada ou o consulado legalizam a tradu\u00e7\u00e3o para utiliza\u00e7\u00e3o no estrangeiro.<\/li>\n<\/ul>\n<p style=\"text-align: justify;\">Como resultado, e gra\u00e7as \u00e0 certifica\u00e7\u00e3o adequada, as tradu\u00e7\u00f5es ser\u00e3o aceites em Portugal e no estrangeiro. Para qualquer d\u00favida relativamente ao tipo de certifica\u00e7\u00e3o de que necessita para os seus documentos, n\u00e3o hesite em contactar a nossa equipa. Iremos orient\u00e1-lo em todo o processo (tradu\u00e7\u00e3o certificada Lisboa).<\/p>\n<p>Estamos ansiosos por colaborar consigo.<\/p>\n<p data-start=\"3663\" data-end=\"3688\" data-is-last-node=\"\" data-is-only-node=\"\"><a href=\"https:\/\/abc-office.eu\/pt-pt\/\">ABC Translation LLC\u00a0<\/a><\/p>\n<p data-start=\"3663\" data-end=\"3688\" data-is-last-node=\"\" data-is-only-node=\"\"><img loading=\"lazy\" decoding=\"async\" class=\"aligncenter wp-image-271\" src=\"https:\/\/abc-office.ch\/wp-content\/uploads\/2018\/06\/imageedit_1_6241191614.gif\" alt=\"Tradu\u00e7\u00e3o certificada Lisboa\" width=\"437\" height=\"437\" \/><\/p>\n","protected":false},"excerpt":{"rendered":"<p>Tradu\u00e7\u00e3o certificada Lisboa A nossa ag\u00eancia de tradu\u00e7\u00e3o \u00e9 especializada em tradu\u00e7\u00f5es certificadas e juramentadas em mais de 80 idiomas. A nossa equipa, sediada em Lisboa, pode processar rapidamente o seu pedido. S\u00f3 precisamos de receber uma c\u00f3pia dos documentos que precisam de ser traduzidos (aceitamos todos os formatos). Os documentos originais j\u00e1 n\u00e3o s\u00e3o&#8230;<\/p>\n","protected":false},"author":1,"featured_media":227571,"parent":227552,"menu_order":0,"comment_status":"closed","ping_status":"closed","template":"","meta":{"sfsi_plus_gutenberg_text_before_share":"","sfsi_plus_gutenberg_show_text_before_share":"","sfsi_plus_gutenberg_icon_type":"","sfsi_plus_gutenberg_icon_alignemt":"","sfsi_plus_gutenburg_max_per_row":"","footnotes":""},"class_list":["post-227570","page","type-page","status-publish","has-post-thumbnail","hentry"],"yoast_head":"<!-- This site is optimized with the Yoast SEO plugin v23.8 - https:\/\/yoast.com\/wordpress\/plugins\/seo\/ -->\n<title>Tradu\u00e7\u00e3o certificada Lisboa | Tradutor juramentado Lisboa<\/title>\n<meta name=\"description\" content=\"ABC Translation | Tradu\u00e7\u00e3o certificada Lisboa | Tradutor juramentado Lisboa | Tradu\u00e7\u00e3o oficial Lisboa | Tradutor certificado Lisboa Portugal\" \/>\n<meta name=\"robots\" content=\"index, follow, max-snippet:-1, max-image-preview:large, max-video-preview:-1\" \/>\n<link rel=\"canonical\" href=\"https:\/\/abc-office.eu\/pt-pt\/portugal\/traducao-certificada-portugal\/traducao-certificada-lisboa\/\" \/>\n<meta property=\"og:locale\" content=\"pt_PT\" \/>\n<meta property=\"og:type\" content=\"article\" \/>\n<meta property=\"og:title\" content=\"Tradu\u00e7\u00e3o certificada Lisboa | Tradutor juramentado Lisboa\" \/>\n<meta property=\"og:description\" content=\"ABC Translation | Tradu\u00e7\u00e3o certificada Lisboa | Tradutor juramentado Lisboa | Tradu\u00e7\u00e3o oficial Lisboa | Tradutor certificado Lisboa Portugal\" \/>\n<meta property=\"og:url\" content=\"https:\/\/abc-office.eu\/pt-pt\/portugal\/traducao-certificada-portugal\/traducao-certificada-lisboa\/\" \/>\n<meta property=\"og:site_name\" content=\"ABC Translation\" \/>\n<meta property=\"article:modified_time\" content=\"2025-10-20T18:41:26+00:00\" \/>\n<meta property=\"og:image\" content=\"https:\/\/abc-office.eu\/wp-content\/uploads\/2025\/10\/Lisbon1-768x575-1.jpg\" \/>\n\t<meta property=\"og:image:width\" content=\"768\" \/>\n\t<meta property=\"og:image:height\" content=\"575\" \/>\n\t<meta property=\"og:image:type\" content=\"image\/jpeg\" \/>\n<meta name=\"twitter:card\" content=\"summary_large_image\" \/>\n<meta name=\"twitter:label1\" content=\"Tempo estimado de leitura\" \/>\n\t<meta name=\"twitter:data1\" content=\"4 minutos\" \/>\n<script type=\"application\/ld+json\" class=\"yoast-schema-graph\">{\"@context\":\"https:\/\/schema.org\",\"@graph\":[{\"@type\":\"WebPage\",\"@id\":\"https:\/\/abc-office.eu\/pt-pt\/portugal\/traducao-certificada-portugal\/traducao-certificada-lisboa\/\",\"url\":\"https:\/\/abc-office.eu\/pt-pt\/portugal\/traducao-certificada-portugal\/traducao-certificada-lisboa\/\",\"name\":\"Tradu\u00e7\u00e3o certificada Lisboa | Tradutor juramentado Lisboa\",\"isPartOf\":{\"@id\":\"https:\/\/abc-office.eu\/pt-pt\/#website\"},\"primaryImageOfPage\":{\"@id\":\"https:\/\/abc-office.eu\/pt-pt\/portugal\/traducao-certificada-portugal\/traducao-certificada-lisboa\/#primaryimage\"},\"image\":{\"@id\":\"https:\/\/abc-office.eu\/pt-pt\/portugal\/traducao-certificada-portugal\/traducao-certificada-lisboa\/#primaryimage\"},\"thumbnailUrl\":\"https:\/\/abc-office.eu\/wp-content\/uploads\/2025\/10\/Lisbon1-768x575-1.jpg\",\"datePublished\":\"2024-05-24T04:09:57+00:00\",\"dateModified\":\"2025-10-20T18:41:26+00:00\",\"description\":\"ABC Translation | Tradu\u00e7\u00e3o certificada Lisboa | Tradutor juramentado Lisboa | Tradu\u00e7\u00e3o oficial Lisboa | Tradutor certificado Lisboa Portugal\",\"breadcrumb\":{\"@id\":\"https:\/\/abc-office.eu\/pt-pt\/portugal\/traducao-certificada-portugal\/traducao-certificada-lisboa\/#breadcrumb\"},\"inLanguage\":\"pt-PT\",\"potentialAction\":[{\"@type\":\"ReadAction\",\"target\":[\"https:\/\/abc-office.eu\/pt-pt\/portugal\/traducao-certificada-portugal\/traducao-certificada-lisboa\/\"]}]},{\"@type\":\"ImageObject\",\"inLanguage\":\"pt-PT\",\"@id\":\"https:\/\/abc-office.eu\/pt-pt\/portugal\/traducao-certificada-portugal\/traducao-certificada-lisboa\/#primaryimage\",\"url\":\"https:\/\/abc-office.eu\/wp-content\/uploads\/2025\/10\/Lisbon1-768x575-1.jpg\",\"contentUrl\":\"https:\/\/abc-office.eu\/wp-content\/uploads\/2025\/10\/Lisbon1-768x575-1.jpg\",\"width\":768,\"height\":575},{\"@type\":\"BreadcrumbList\",\"@id\":\"https:\/\/abc-office.eu\/pt-pt\/portugal\/traducao-certificada-portugal\/traducao-certificada-lisboa\/#breadcrumb\",\"itemListElement\":[{\"@type\":\"ListItem\",\"position\":1,\"name\":\"Accueil\",\"item\":\"https:\/\/abc-office.eu\/pt-pt\/\"},{\"@type\":\"ListItem\",\"position\":2,\"name\":\"Portugal\",\"item\":\"https:\/\/abc-office.eu\/pt-pt\/portugal\/\"},{\"@type\":\"ListItem\",\"position\":3,\"name\":\"Tradu\u00e7\u00e3o certificada Portugal\",\"item\":\"https:\/\/abc-office.eu\/pt-pt\/portugal\/traducao-certificada-portugal\/\"},{\"@type\":\"ListItem\",\"position\":4,\"name\":\"Tradu\u00e7\u00e3o certificada Lisboa\"}]},{\"@type\":\"WebSite\",\"@id\":\"https:\/\/abc-office.eu\/pt-pt\/#website\",\"url\":\"https:\/\/abc-office.eu\/pt-pt\/\",\"name\":\"ABC Translation\",\"description\":\"info@abc-office.eu\",\"potentialAction\":[{\"@type\":\"SearchAction\",\"target\":{\"@type\":\"EntryPoint\",\"urlTemplate\":\"https:\/\/abc-office.eu\/pt-pt\/?s={search_term_string}\"},\"query-input\":{\"@type\":\"PropertyValueSpecification\",\"valueRequired\":true,\"valueName\":\"search_term_string\"}}],\"inLanguage\":\"pt-PT\"}]}<\/script>\n<!-- \/ Yoast SEO plugin. -->","yoast_head_json":{"title":"Tradu\u00e7\u00e3o certificada Lisboa | Tradutor juramentado Lisboa","description":"ABC Translation | Tradu\u00e7\u00e3o certificada Lisboa | Tradutor juramentado Lisboa | Tradu\u00e7\u00e3o oficial Lisboa | Tradutor certificado Lisboa Portugal","robots":{"index":"index","follow":"follow","max-snippet":"max-snippet:-1","max-image-preview":"max-image-preview:large","max-video-preview":"max-video-preview:-1"},"canonical":"https:\/\/abc-office.eu\/pt-pt\/portugal\/traducao-certificada-portugal\/traducao-certificada-lisboa\/","og_locale":"pt_PT","og_type":"article","og_title":"Tradu\u00e7\u00e3o certificada Lisboa | Tradutor juramentado Lisboa","og_description":"ABC Translation | Tradu\u00e7\u00e3o certificada Lisboa | Tradutor juramentado Lisboa | Tradu\u00e7\u00e3o oficial Lisboa | Tradutor certificado Lisboa Portugal","og_url":"https:\/\/abc-office.eu\/pt-pt\/portugal\/traducao-certificada-portugal\/traducao-certificada-lisboa\/","og_site_name":"ABC Translation","article_modified_time":"2025-10-20T18:41:26+00:00","og_image":[{"width":768,"height":575,"url":"https:\/\/abc-office.eu\/wp-content\/uploads\/2025\/10\/Lisbon1-768x575-1.jpg","type":"image\/jpeg"}],"twitter_card":"summary_large_image","twitter_misc":{"Tempo estimado de leitura":"4 minutos"},"schema":{"@context":"https:\/\/schema.org","@graph":[{"@type":"WebPage","@id":"https:\/\/abc-office.eu\/pt-pt\/portugal\/traducao-certificada-portugal\/traducao-certificada-lisboa\/","url":"https:\/\/abc-office.eu\/pt-pt\/portugal\/traducao-certificada-portugal\/traducao-certificada-lisboa\/","name":"Tradu\u00e7\u00e3o certificada Lisboa | Tradutor juramentado Lisboa","isPartOf":{"@id":"https:\/\/abc-office.eu\/pt-pt\/#website"},"primaryImageOfPage":{"@id":"https:\/\/abc-office.eu\/pt-pt\/portugal\/traducao-certificada-portugal\/traducao-certificada-lisboa\/#primaryimage"},"image":{"@id":"https:\/\/abc-office.eu\/pt-pt\/portugal\/traducao-certificada-portugal\/traducao-certificada-lisboa\/#primaryimage"},"thumbnailUrl":"https:\/\/abc-office.eu\/wp-content\/uploads\/2025\/10\/Lisbon1-768x575-1.jpg","datePublished":"2024-05-24T04:09:57+00:00","dateModified":"2025-10-20T18:41:26+00:00","description":"ABC Translation | Tradu\u00e7\u00e3o certificada Lisboa | Tradutor juramentado Lisboa | Tradu\u00e7\u00e3o oficial Lisboa | Tradutor certificado Lisboa Portugal","breadcrumb":{"@id":"https:\/\/abc-office.eu\/pt-pt\/portugal\/traducao-certificada-portugal\/traducao-certificada-lisboa\/#breadcrumb"},"inLanguage":"pt-PT","potentialAction":[{"@type":"ReadAction","target":["https:\/\/abc-office.eu\/pt-pt\/portugal\/traducao-certificada-portugal\/traducao-certificada-lisboa\/"]}]},{"@type":"ImageObject","inLanguage":"pt-PT","@id":"https:\/\/abc-office.eu\/pt-pt\/portugal\/traducao-certificada-portugal\/traducao-certificada-lisboa\/#primaryimage","url":"https:\/\/abc-office.eu\/wp-content\/uploads\/2025\/10\/Lisbon1-768x575-1.jpg","contentUrl":"https:\/\/abc-office.eu\/wp-content\/uploads\/2025\/10\/Lisbon1-768x575-1.jpg","width":768,"height":575},{"@type":"BreadcrumbList","@id":"https:\/\/abc-office.eu\/pt-pt\/portugal\/traducao-certificada-portugal\/traducao-certificada-lisboa\/#breadcrumb","itemListElement":[{"@type":"ListItem","position":1,"name":"Accueil","item":"https:\/\/abc-office.eu\/pt-pt\/"},{"@type":"ListItem","position":2,"name":"Portugal","item":"https:\/\/abc-office.eu\/pt-pt\/portugal\/"},{"@type":"ListItem","position":3,"name":"Tradu\u00e7\u00e3o certificada Portugal","item":"https:\/\/abc-office.eu\/pt-pt\/portugal\/traducao-certificada-portugal\/"},{"@type":"ListItem","position":4,"name":"Tradu\u00e7\u00e3o certificada Lisboa"}]},{"@type":"WebSite","@id":"https:\/\/abc-office.eu\/pt-pt\/#website","url":"https:\/\/abc-office.eu\/pt-pt\/","name":"ABC Translation","description":"info@abc-office.eu","potentialAction":[{"@type":"SearchAction","target":{"@type":"EntryPoint","urlTemplate":"https:\/\/abc-office.eu\/pt-pt\/?s={search_term_string}"},"query-input":{"@type":"PropertyValueSpecification","valueRequired":true,"valueName":"search_term_string"}}],"inLanguage":"pt-PT"}]}},"_links":{"self":[{"href":"https:\/\/abc-office.eu\/pt-pt\/wp-json\/wp\/v2\/pages\/227570","targetHints":{"allow":["GET"]}}],"collection":[{"href":"https:\/\/abc-office.eu\/pt-pt\/wp-json\/wp\/v2\/pages"}],"about":[{"href":"https:\/\/abc-office.eu\/pt-pt\/wp-json\/wp\/v2\/types\/page"}],"author":[{"embeddable":true,"href":"https:\/\/abc-office.eu\/pt-pt\/wp-json\/wp\/v2\/users\/1"}],"replies":[{"embeddable":true,"href":"https:\/\/abc-office.eu\/pt-pt\/wp-json\/wp\/v2\/comments?post=227570"}],"version-history":[{"count":3,"href":"https:\/\/abc-office.eu\/pt-pt\/wp-json\/wp\/v2\/pages\/227570\/revisions"}],"predecessor-version":[{"id":229418,"href":"https:\/\/abc-office.eu\/pt-pt\/wp-json\/wp\/v2\/pages\/227570\/revisions\/229418"}],"up":[{"embeddable":true,"href":"https:\/\/abc-office.eu\/pt-pt\/wp-json\/wp\/v2\/pages\/227552"}],"wp:featuredmedia":[{"embeddable":true,"href":"https:\/\/abc-office.eu\/pt-pt\/wp-json\/wp\/v2\/media\/227571"}],"wp:attachment":[{"href":"https:\/\/abc-office.eu\/pt-pt\/wp-json\/wp\/v2\/media?parent=227570"}],"curies":[{"name":"wp","href":"https:\/\/api.w.org\/{rel}","templated":true}]}}