{"id":227552,"date":"2024-05-24T06:02:11","date_gmt":"2024-05-24T04:02:11","guid":{"rendered":"https:\/\/abc-office.eu\/?page_id=227552"},"modified":"2025-10-20T20:36:42","modified_gmt":"2025-10-20T18:36:42","slug":"traducao-certificada-portugal","status":"publish","type":"page","link":"https:\/\/abc-office.eu\/pt-pt\/portugal\/traducao-certificada-portugal\/","title":{"rendered":"Tradu\u00e7\u00e3o certificada Portugal"},"content":{"rendered":"<h2 data-start=\"0\" data-end=\"35\"><strong data-start=\"0\" data-end=\"33\">Tradu\u00e7\u00e3o certificada Portugal<\/strong><\/h2>\n<p style=\"text-align: justify;\">A nossa ag\u00eancia,\u00a0<strong>ABC Translation<\/strong>, \u00e9 especializada h\u00e1 muitos anos no campo da tradu\u00e7\u00e3o certificada. De facto, podemos fornecer-lhe todos os servi\u00e7os relacionados com esta \u00e1rea, seja para uma tradu\u00e7\u00e3o oficial, uma tradu\u00e7\u00e3o simples ou uma necessidade de interpreta\u00e7\u00e3o (<strong>tradu\u00e7\u00e3o certificada Portugal<\/strong>).<\/p>\n<p style=\"text-align: justify;\">Com uma equipa de mais de 500 tradutores e int\u00e9rpretes, sabemos como gerir qualquer tipo de projeto em prazos extremamente curtos.\u00a0<strong>Qualidade e rapidez<\/strong>\u00a0s\u00e3o as nossas palavras de ordem para resultados que est\u00e3o sempre \u00e0 altura das expectativas dos nossos clientes. Estamos presentes em todo o territ\u00f3rio portugu\u00eas. Gra\u00e7as a esta presen\u00e7a e \u00e0 nossa capacidade de resposta, conseguimos evoluir e atualmente oferecemos servi\u00e7os de tradu\u00e7\u00e3o em mais de 60 l\u00ednguas diferentes (<strong>tradu\u00e7\u00e3o certificada Portugal<\/strong>).<\/p>\n<h3 data-start=\"858\" data-end=\"881\"><strong data-start=\"858\" data-end=\"879\">Tradu\u00e7\u00e3o oficial:<\/strong><\/h3>\n<p style=\"text-align: justify;\">Somos especializados em tradu\u00e7\u00e3o certificada para que possamos facilitar a sua vida, quer chegue a Portugal, quer precise de documentos para uma viagem ao estrangeiro. As tradu\u00e7\u00f5es s\u00e3o geralmente legalizadas pelo nosso not\u00e1rio e depois legalizadas na Chancelaria com\u00a0<strong>apostila<\/strong>\u00a0ou legaliza\u00e7\u00e3o conforme as conven\u00e7\u00f5es internacionais. Os prazos dos clientes s\u00e3o muitas vezes muito curtos.<\/p>\n<p style=\"text-align: justify;\">\u00c9 por isso que implement\u00e1mos um sistema que permite que os documentos sejam traduzidos, legalizados e apostilados em tempo recorde. Por exemplo, precisamos de dois dias para realizar os v\u00e1rios passos com um documento de menos de 5 p\u00e1ginas. Estas tradu\u00e7\u00f5es podem depois ser legalizadas pelo consulado do pa\u00eds de destino, se necess\u00e1rio.<\/p>\n<p style=\"text-align: justify;\">A tradu\u00e7\u00e3o oficial para o reconhecimento dos seus diplomas estrangeiros em Portugal tamb\u00e9m faz parte da nossa gama de servi\u00e7os. Mais uma vez, traduzimos os documentos e depois legalizamo-los com o nosso not\u00e1rio, para que possam ser aceites pelas entidades competentes. O seu processo ficar\u00e1 completo para an\u00e1lise pelas entidades de reconhecimento.<\/p>\n<h3 data-start=\"1963\" data-end=\"1977\"><strong data-start=\"1963\" data-end=\"1975\">L\u00ednguas:<\/strong><\/h3>\n<p style=\"text-align: justify;\">Afric\u00e2ner | Alban\u00eas | Alem\u00e3o | Americano | Am\u00e1rico | Ingl\u00eas | \u00c1rabe | Arm\u00e9nio | Aimar\u00e1 | Azerbaijano | Basco | Bengali | Bielorrusso | Birman\u00eas | B\u00f3snio | Brasileiro | B\u00falgaro | Canton\u00eas | Catal\u00e3o | Cingal\u00eas | Chin\u00eas | Chin\u00eas simplificado | Chin\u00eas tradicional | Coreano | Croata | Dinamarqu\u00eas | Dari | Espanhol | Est\u00f3nio | Ewe | Farsi | Finland\u00eas | Georgiano | Grego | Guarani | Hebraico | Hindi | H\u00fangaro | Indon\u00e9sio | Italiano | Japon\u00eas | Cazaque | Khmer | Quirguiz | Curdo | Lao | Let\u00e3o | Lingala | Lituano | Maced\u00f3nio | Malaio | Malaiala | Mandarim | Moldavo | Mongol | Montenegrino | Neerland\u00eas | Noruegu\u00eas | Urdu | Usbeque | Pachto | Punjabi | Persa | Fula | Polaco | Portugu\u00eas | Qu\u00e9chua | Romeno | Russo | S\u00e9rvio | Eslovaco | Esloveno | Sueco | T\u00e2mil | Checo | Tailand\u00eas | Turco | Turcomano | Ucraniano | Vietnamita<\/p>\n<h3 data-start=\"2805\" data-end=\"2822\"><strong data-start=\"2805\" data-end=\"2820\">Documentos:<\/strong><\/h3>\n<p style=\"text-align: justify;\">Certid\u00e3o de nascimento | certid\u00e3o de casamento | certid\u00e3o de registo civil | atestado | patente | registo criminal | certificado | certid\u00e3o de solteiro | certid\u00e3o de \u00f3bito | certid\u00e3o de fam\u00edlia | declara\u00e7\u00e3o de trabalho | declara\u00e7\u00e3o de impostos | diploma | passaporte | carta de condu\u00e7\u00e3o | testamento | visto | contrato | contrato de div\u00f3rcio | contrato de casamento | senten\u00e7a | processo | procura\u00e7\u00e3o | atas<\/p>\n<p style=\"text-align: justify;\">Para outra l\u00edngua, n\u00e3o hesite em\u00a0<a href=\"https:\/\/abc-office.eu\/pt-pt\/\">contactar-nos<\/a>.<\/p>\n<p data-start=\"3235\" data-end=\"3284\" data-is-last-node=\"\" data-is-only-node=\"\"><img loading=\"lazy\" decoding=\"async\" class=\"aligncenter wp-image-26 size-medium\" src=\"https:\/\/abc-office.ch\/wp-content\/uploads\/2018\/06\/imageedit_1_6241191614-300x300.gif\" alt=\"Tradu\u00e7\u00e3o certificada Portugal\" width=\"300\" height=\"300\" \/><\/p>\n","protected":false},"excerpt":{"rendered":"<p>Tradu\u00e7\u00e3o certificada Portugal A nossa ag\u00eancia,\u00a0ABC Translation, \u00e9 especializada h\u00e1 muitos anos no campo da tradu\u00e7\u00e3o certificada. De facto, podemos fornecer-lhe todos os servi\u00e7os relacionados com esta \u00e1rea, seja para uma tradu\u00e7\u00e3o oficial, uma tradu\u00e7\u00e3o simples ou uma necessidade de interpreta\u00e7\u00e3o (tradu\u00e7\u00e3o certificada Portugal). Com uma equipa de mais de 500 tradutores e int\u00e9rpretes, sabemos&#8230;<\/p>\n","protected":false},"author":1,"featured_media":227553,"parent":227532,"menu_order":0,"comment_status":"closed","ping_status":"closed","template":"","meta":{"sfsi_plus_gutenberg_text_before_share":"","sfsi_plus_gutenberg_show_text_before_share":"","sfsi_plus_gutenberg_icon_type":"","sfsi_plus_gutenberg_icon_alignemt":"","sfsi_plus_gutenburg_max_per_row":"","footnotes":""},"class_list":["post-227552","page","type-page","status-publish","has-post-thumbnail","hentry"],"yoast_head":"<!-- This site is optimized with the Yoast SEO plugin v23.8 - https:\/\/yoast.com\/wordpress\/plugins\/seo\/ -->\n<title>Tradu\u00e7\u00e3o certificada Portugal | Tradutor juramentado Portugal<\/title>\n<meta name=\"description\" content=\"ABC Translation | Tradu\u00e7\u00e3o certificada Portugal | Tradutor juramentado Portugal | Tradu\u00e7\u00e3o oficial Portugal | Tradutor certificado Portugal\" \/>\n<meta name=\"robots\" content=\"index, follow, max-snippet:-1, max-image-preview:large, max-video-preview:-1\" \/>\n<link rel=\"canonical\" href=\"https:\/\/abc-office.eu\/pt-pt\/portugal\/traducao-certificada-portugal\/\" \/>\n<meta property=\"og:locale\" content=\"pt_PT\" \/>\n<meta property=\"og:type\" content=\"article\" \/>\n<meta property=\"og:title\" content=\"Tradu\u00e7\u00e3o certificada Portugal | Tradutor juramentado Portugal\" \/>\n<meta property=\"og:description\" content=\"ABC Translation | Tradu\u00e7\u00e3o certificada Portugal | Tradutor juramentado Portugal | Tradu\u00e7\u00e3o oficial Portugal | Tradutor certificado Portugal\" \/>\n<meta property=\"og:url\" content=\"https:\/\/abc-office.eu\/pt-pt\/portugal\/traducao-certificada-portugal\/\" \/>\n<meta property=\"og:site_name\" content=\"ABC Translation\" \/>\n<meta property=\"article:modified_time\" content=\"2025-10-20T18:36:42+00:00\" \/>\n<meta property=\"og:image\" content=\"https:\/\/abc-office.eu\/wp-content\/uploads\/2025\/10\/aba1d0c0115a70a7493c25cb269bdf0e-542x340-1.png\" \/>\n\t<meta property=\"og:image:width\" content=\"542\" \/>\n\t<meta property=\"og:image:height\" content=\"340\" \/>\n\t<meta property=\"og:image:type\" content=\"image\/png\" \/>\n<meta name=\"twitter:card\" content=\"summary_large_image\" \/>\n<meta name=\"twitter:label1\" content=\"Tempo estimado de leitura\" \/>\n\t<meta name=\"twitter:data1\" content=\"3 minutos\" \/>\n<script type=\"application\/ld+json\" class=\"yoast-schema-graph\">{\"@context\":\"https:\/\/schema.org\",\"@graph\":[{\"@type\":\"WebPage\",\"@id\":\"https:\/\/abc-office.eu\/pt-pt\/portugal\/traducao-certificada-portugal\/\",\"url\":\"https:\/\/abc-office.eu\/pt-pt\/portugal\/traducao-certificada-portugal\/\",\"name\":\"Tradu\u00e7\u00e3o certificada Portugal | Tradutor juramentado Portugal\",\"isPartOf\":{\"@id\":\"https:\/\/abc-office.eu\/pt-pt\/#website\"},\"primaryImageOfPage\":{\"@id\":\"https:\/\/abc-office.eu\/pt-pt\/portugal\/traducao-certificada-portugal\/#primaryimage\"},\"image\":{\"@id\":\"https:\/\/abc-office.eu\/pt-pt\/portugal\/traducao-certificada-portugal\/#primaryimage\"},\"thumbnailUrl\":\"https:\/\/abc-office.eu\/wp-content\/uploads\/2025\/10\/aba1d0c0115a70a7493c25cb269bdf0e-542x340-1.png\",\"datePublished\":\"2024-05-24T04:02:11+00:00\",\"dateModified\":\"2025-10-20T18:36:42+00:00\",\"description\":\"ABC Translation | Tradu\u00e7\u00e3o certificada Portugal | Tradutor juramentado Portugal | Tradu\u00e7\u00e3o oficial Portugal | Tradutor certificado Portugal\",\"breadcrumb\":{\"@id\":\"https:\/\/abc-office.eu\/pt-pt\/portugal\/traducao-certificada-portugal\/#breadcrumb\"},\"inLanguage\":\"pt-PT\",\"potentialAction\":[{\"@type\":\"ReadAction\",\"target\":[\"https:\/\/abc-office.eu\/pt-pt\/portugal\/traducao-certificada-portugal\/\"]}]},{\"@type\":\"ImageObject\",\"inLanguage\":\"pt-PT\",\"@id\":\"https:\/\/abc-office.eu\/pt-pt\/portugal\/traducao-certificada-portugal\/#primaryimage\",\"url\":\"https:\/\/abc-office.eu\/wp-content\/uploads\/2025\/10\/aba1d0c0115a70a7493c25cb269bdf0e-542x340-1.png\",\"contentUrl\":\"https:\/\/abc-office.eu\/wp-content\/uploads\/2025\/10\/aba1d0c0115a70a7493c25cb269bdf0e-542x340-1.png\",\"width\":542,\"height\":340},{\"@type\":\"BreadcrumbList\",\"@id\":\"https:\/\/abc-office.eu\/pt-pt\/portugal\/traducao-certificada-portugal\/#breadcrumb\",\"itemListElement\":[{\"@type\":\"ListItem\",\"position\":1,\"name\":\"Accueil\",\"item\":\"https:\/\/abc-office.eu\/pt-pt\/\"},{\"@type\":\"ListItem\",\"position\":2,\"name\":\"Portugal\",\"item\":\"https:\/\/abc-office.eu\/pt-pt\/portugal\/\"},{\"@type\":\"ListItem\",\"position\":3,\"name\":\"Tradu\u00e7\u00e3o certificada Portugal\"}]},{\"@type\":\"WebSite\",\"@id\":\"https:\/\/abc-office.eu\/pt-pt\/#website\",\"url\":\"https:\/\/abc-office.eu\/pt-pt\/\",\"name\":\"ABC Translation\",\"description\":\"info@abc-office.eu\",\"potentialAction\":[{\"@type\":\"SearchAction\",\"target\":{\"@type\":\"EntryPoint\",\"urlTemplate\":\"https:\/\/abc-office.eu\/pt-pt\/?s={search_term_string}\"},\"query-input\":{\"@type\":\"PropertyValueSpecification\",\"valueRequired\":true,\"valueName\":\"search_term_string\"}}],\"inLanguage\":\"pt-PT\"}]}<\/script>\n<!-- \/ Yoast SEO plugin. -->","yoast_head_json":{"title":"Tradu\u00e7\u00e3o certificada Portugal | Tradutor juramentado Portugal","description":"ABC Translation | Tradu\u00e7\u00e3o certificada Portugal | Tradutor juramentado Portugal | Tradu\u00e7\u00e3o oficial Portugal | Tradutor certificado Portugal","robots":{"index":"index","follow":"follow","max-snippet":"max-snippet:-1","max-image-preview":"max-image-preview:large","max-video-preview":"max-video-preview:-1"},"canonical":"https:\/\/abc-office.eu\/pt-pt\/portugal\/traducao-certificada-portugal\/","og_locale":"pt_PT","og_type":"article","og_title":"Tradu\u00e7\u00e3o certificada Portugal | Tradutor juramentado Portugal","og_description":"ABC Translation | Tradu\u00e7\u00e3o certificada Portugal | Tradutor juramentado Portugal | Tradu\u00e7\u00e3o oficial Portugal | Tradutor certificado Portugal","og_url":"https:\/\/abc-office.eu\/pt-pt\/portugal\/traducao-certificada-portugal\/","og_site_name":"ABC Translation","article_modified_time":"2025-10-20T18:36:42+00:00","og_image":[{"width":542,"height":340,"url":"https:\/\/abc-office.eu\/wp-content\/uploads\/2025\/10\/aba1d0c0115a70a7493c25cb269bdf0e-542x340-1.png","type":"image\/png"}],"twitter_card":"summary_large_image","twitter_misc":{"Tempo estimado de leitura":"3 minutos"},"schema":{"@context":"https:\/\/schema.org","@graph":[{"@type":"WebPage","@id":"https:\/\/abc-office.eu\/pt-pt\/portugal\/traducao-certificada-portugal\/","url":"https:\/\/abc-office.eu\/pt-pt\/portugal\/traducao-certificada-portugal\/","name":"Tradu\u00e7\u00e3o certificada Portugal | Tradutor juramentado Portugal","isPartOf":{"@id":"https:\/\/abc-office.eu\/pt-pt\/#website"},"primaryImageOfPage":{"@id":"https:\/\/abc-office.eu\/pt-pt\/portugal\/traducao-certificada-portugal\/#primaryimage"},"image":{"@id":"https:\/\/abc-office.eu\/pt-pt\/portugal\/traducao-certificada-portugal\/#primaryimage"},"thumbnailUrl":"https:\/\/abc-office.eu\/wp-content\/uploads\/2025\/10\/aba1d0c0115a70a7493c25cb269bdf0e-542x340-1.png","datePublished":"2024-05-24T04:02:11+00:00","dateModified":"2025-10-20T18:36:42+00:00","description":"ABC Translation | Tradu\u00e7\u00e3o certificada Portugal | Tradutor juramentado Portugal | Tradu\u00e7\u00e3o oficial Portugal | Tradutor certificado Portugal","breadcrumb":{"@id":"https:\/\/abc-office.eu\/pt-pt\/portugal\/traducao-certificada-portugal\/#breadcrumb"},"inLanguage":"pt-PT","potentialAction":[{"@type":"ReadAction","target":["https:\/\/abc-office.eu\/pt-pt\/portugal\/traducao-certificada-portugal\/"]}]},{"@type":"ImageObject","inLanguage":"pt-PT","@id":"https:\/\/abc-office.eu\/pt-pt\/portugal\/traducao-certificada-portugal\/#primaryimage","url":"https:\/\/abc-office.eu\/wp-content\/uploads\/2025\/10\/aba1d0c0115a70a7493c25cb269bdf0e-542x340-1.png","contentUrl":"https:\/\/abc-office.eu\/wp-content\/uploads\/2025\/10\/aba1d0c0115a70a7493c25cb269bdf0e-542x340-1.png","width":542,"height":340},{"@type":"BreadcrumbList","@id":"https:\/\/abc-office.eu\/pt-pt\/portugal\/traducao-certificada-portugal\/#breadcrumb","itemListElement":[{"@type":"ListItem","position":1,"name":"Accueil","item":"https:\/\/abc-office.eu\/pt-pt\/"},{"@type":"ListItem","position":2,"name":"Portugal","item":"https:\/\/abc-office.eu\/pt-pt\/portugal\/"},{"@type":"ListItem","position":3,"name":"Tradu\u00e7\u00e3o certificada Portugal"}]},{"@type":"WebSite","@id":"https:\/\/abc-office.eu\/pt-pt\/#website","url":"https:\/\/abc-office.eu\/pt-pt\/","name":"ABC Translation","description":"info@abc-office.eu","potentialAction":[{"@type":"SearchAction","target":{"@type":"EntryPoint","urlTemplate":"https:\/\/abc-office.eu\/pt-pt\/?s={search_term_string}"},"query-input":{"@type":"PropertyValueSpecification","valueRequired":true,"valueName":"search_term_string"}}],"inLanguage":"pt-PT"}]}},"_links":{"self":[{"href":"https:\/\/abc-office.eu\/pt-pt\/wp-json\/wp\/v2\/pages\/227552","targetHints":{"allow":["GET"]}}],"collection":[{"href":"https:\/\/abc-office.eu\/pt-pt\/wp-json\/wp\/v2\/pages"}],"about":[{"href":"https:\/\/abc-office.eu\/pt-pt\/wp-json\/wp\/v2\/types\/page"}],"author":[{"embeddable":true,"href":"https:\/\/abc-office.eu\/pt-pt\/wp-json\/wp\/v2\/users\/1"}],"replies":[{"embeddable":true,"href":"https:\/\/abc-office.eu\/pt-pt\/wp-json\/wp\/v2\/comments?post=227552"}],"version-history":[{"count":3,"href":"https:\/\/abc-office.eu\/pt-pt\/wp-json\/wp\/v2\/pages\/227552\/revisions"}],"predecessor-version":[{"id":229416,"href":"https:\/\/abc-office.eu\/pt-pt\/wp-json\/wp\/v2\/pages\/227552\/revisions\/229416"}],"up":[{"embeddable":true,"href":"https:\/\/abc-office.eu\/pt-pt\/wp-json\/wp\/v2\/pages\/227532"}],"wp:featuredmedia":[{"embeddable":true,"href":"https:\/\/abc-office.eu\/pt-pt\/wp-json\/wp\/v2\/media\/227553"}],"wp:attachment":[{"href":"https:\/\/abc-office.eu\/pt-pt\/wp-json\/wp\/v2\/media?parent=227552"}],"curies":[{"name":"wp","href":"https:\/\/api.w.org\/{rel}","templated":true}]}}