{"id":227514,"date":"2022-04-25T10:26:44","date_gmt":"2022-04-25T08:26:44","guid":{"rendered":"https:\/\/abc-office.eu\/?page_id=227514"},"modified":"2025-10-20T20:24:06","modified_gmt":"2025-10-20T18:24:06","slug":"contacto","status":"publish","type":"page","link":"https:\/\/abc-office.eu\/pt-pt\/contacto\/","title":{"rendered":"Contacto"},"content":{"rendered":"<h2><strong>Contacto \u2013 as suas ag\u00eancias de tradu\u00e7\u00e3o na Uni\u00e3o Europeia<\/strong><\/h2>\n<p><br data-start=\"61\" data-end=\"64\" \/>Email: <a class=\"decorated-link cursor-pointer\" href=\"mailto:info@abc-office.eu\" rel=\"noopener\" data-start=\"73\" data-end=\"91\">info@abc-office.eu<\/a><\/p>\n<h3 data-start=\"97\" data-end=\"118\"><strong data-start=\"97\" data-end=\"116\">ABC Translation<\/strong><\/h3>\n<p style=\"text-align: justify;\">Os nossos tradutores e revisores, sediados na Uni\u00e3o Europeia, s\u00e3o todos licenciados com um Mestrado em Tradu\u00e7\u00e3o. S\u00e3o especializados em diferentes \u00e1reas, como marketing, economia, pol\u00edtica, direito e medicina. Para um pedido r\u00e1pido, por favor preencha o formul\u00e1rio \u00e0 direita do ecr\u00e3. De seguida, a nossa equipa enviar-lhe-\u00e1 um or\u00e7amento que indica o custo bem como o prazo de entrega da tradu\u00e7\u00e3o. A nossa oferta inclui a tradu\u00e7\u00e3o do texto, assim como uma revis\u00e3o realizada por outro tradutor, de forma a garantir a qualidade da tradu\u00e7\u00e3o. Uma vez traduzido e revisto o texto, enviamo-lo de volta por email ou por correio, no caso de uma tradu\u00e7\u00e3o certificada.<\/p>\n<p style=\"text-align: justify;\">A qualidade do trabalho deve ser perfeita quando se trata de tradu\u00e7\u00e3o. Gra\u00e7as aos nossos principais pontos fortes \u2014 precis\u00e3o, efici\u00eancia e pontualidade \u2014 colaboramos diariamente com um grande n\u00famero de empresas e particulares. Lidamos com tradu\u00e7\u00f5es de websites, documentos oficiais e textos especializados.<\/p>\n<p style=\"text-align: justify;\">Definimos a nossa faixa de pre\u00e7os de acordo com um sistema rigoroso da UE. Esta associa\u00e7\u00e3o foi criada para estabelecer um sistema de pre\u00e7os que considera a dificuldade do texto de origem. O pre\u00e7o pode ser calculado pelo n\u00famero de palavras ou por linha de 55 caracteres. Este sistema permite total transpar\u00eancia para o cliente e possibilita a elabora\u00e7\u00e3o de or\u00e7amentos corretos. Trabalhamos tanto com empresas como com particulares em toda a Uni\u00e3o\u00a0<a href=\"https:\/\/abc-office.eu\/pt-pt\/\">Europeia<\/a>.<\/p>\n<p>&nbsp;<\/p>\n<p data-start=\"1090\" data-end=\"1547\" data-is-last-node=\"\" data-is-only-node=\"\"><img loading=\"lazy\" decoding=\"async\" class=\"aligncenter wp-image-28719\" src=\"https:\/\/abc-office.eu\/wp-content\/uploads\/2017\/02\/second_image-300x200.jpg\" alt=\"Contacto\" width=\"715\" height=\"476\" srcset=\"https:\/\/abc-office.eu\/wp-content\/uploads\/2017\/02\/second_image-300x200.jpg 300w, https:\/\/abc-office.eu\/wp-content\/uploads\/2017\/02\/second_image-1024x682.jpg 1024w, https:\/\/abc-office.eu\/wp-content\/uploads\/2017\/02\/second_image-768x512.jpg 768w, https:\/\/abc-office.eu\/wp-content\/uploads\/2017\/02\/second_image-1080x720.jpg 1080w, https:\/\/abc-office.eu\/wp-content\/uploads\/2017\/02\/second_image-1280x853.jpg 1280w, https:\/\/abc-office.eu\/wp-content\/uploads\/2017\/02\/second_image-980x653.jpg 980w, https:\/\/abc-office.eu\/wp-content\/uploads\/2017\/02\/second_image-480x320.jpg 480w, https:\/\/abc-office.eu\/wp-content\/uploads\/2017\/02\/second_image.jpg 1400w\" sizes=\"auto, (max-width: 715px) 100vw, 715px\" \/><\/p>\n","protected":false},"excerpt":{"rendered":"<p>Contacto \u2013 as suas ag\u00eancias de tradu\u00e7\u00e3o na Uni\u00e3o Europeia Email: info@abc-office.eu ABC Translation Os nossos tradutores e revisores, sediados na Uni\u00e3o Europeia, s\u00e3o todos licenciados com um Mestrado em Tradu\u00e7\u00e3o. S\u00e3o especializados em diferentes \u00e1reas, como marketing, economia, pol\u00edtica, direito e medicina. Para um pedido r\u00e1pido, por favor preencha o formul\u00e1rio \u00e0 direita do&#8230;<\/p>\n","protected":false},"author":1,"featured_media":226426,"parent":0,"menu_order":0,"comment_status":"closed","ping_status":"closed","template":"","meta":{"sfsi_plus_gutenberg_text_before_share":"","sfsi_plus_gutenberg_show_text_before_share":"","sfsi_plus_gutenberg_icon_type":"","sfsi_plus_gutenberg_icon_alignemt":"","sfsi_plus_gutenburg_max_per_row":"","footnotes":""},"class_list":["post-227514","page","type-page","status-publish","has-post-thumbnail","hentry"],"yoast_head":"<!-- This site is optimized with the Yoast SEO plugin v23.8 - https:\/\/yoast.com\/wordpress\/plugins\/seo\/ -->\n<title>Contacto tradu\u00e7\u00e3o | Tradutor | Uni\u00e3o Europeia | Reino Unido<\/title>\n<meta name=\"description\" content=\"ABC Tradu\u00e7\u00e3o: Contacto | Tradu\u00e7\u00e3o de sites web | Tradu\u00e7\u00e3o de documentos oficiais | Tradu\u00e7\u00e3o especializada | Uni\u00e3o Europeia\" \/>\n<meta name=\"robots\" content=\"index, follow, max-snippet:-1, max-image-preview:large, max-video-preview:-1\" \/>\n<link rel=\"canonical\" href=\"https:\/\/abc-office.eu\/pt-pt\/contacto\/\" \/>\n<meta property=\"og:locale\" content=\"pt_PT\" \/>\n<meta property=\"og:type\" content=\"article\" \/>\n<meta property=\"og:title\" content=\"Contacto tradu\u00e7\u00e3o | Tradutor | Uni\u00e3o Europeia | Reino Unido\" \/>\n<meta property=\"og:description\" content=\"ABC Tradu\u00e7\u00e3o: Contacto | Tradu\u00e7\u00e3o de sites web | Tradu\u00e7\u00e3o de documentos oficiais | Tradu\u00e7\u00e3o especializada | Uni\u00e3o Europeia\" \/>\n<meta property=\"og:url\" content=\"https:\/\/abc-office.eu\/pt-pt\/contacto\/\" \/>\n<meta property=\"og:site_name\" content=\"ABC Translation\" \/>\n<meta property=\"article:modified_time\" content=\"2025-10-20T18:24:06+00:00\" \/>\n<meta property=\"og:image\" content=\"https:\/\/abc-office.eu\/wp-content\/uploads\/2025\/10\/Flag_of_Europe-2-768x512-3.png\" \/>\n\t<meta property=\"og:image:width\" content=\"768\" \/>\n\t<meta property=\"og:image:height\" content=\"512\" \/>\n\t<meta property=\"og:image:type\" content=\"image\/png\" \/>\n<meta name=\"twitter:card\" content=\"summary_large_image\" \/>\n<meta name=\"twitter:label1\" content=\"Tempo estimado de leitura\" \/>\n\t<meta name=\"twitter:data1\" content=\"2 minutos\" \/>\n<script type=\"application\/ld+json\" class=\"yoast-schema-graph\">{\"@context\":\"https:\/\/schema.org\",\"@graph\":[{\"@type\":\"WebPage\",\"@id\":\"https:\/\/abc-office.eu\/pt-pt\/contacto\/\",\"url\":\"https:\/\/abc-office.eu\/pt-pt\/contacto\/\",\"name\":\"Contacto tradu\u00e7\u00e3o | Tradutor | Uni\u00e3o Europeia | Reino Unido\",\"isPartOf\":{\"@id\":\"https:\/\/abc-office.eu\/pt-pt\/#website\"},\"primaryImageOfPage\":{\"@id\":\"https:\/\/abc-office.eu\/pt-pt\/contacto\/#primaryimage\"},\"image\":{\"@id\":\"https:\/\/abc-office.eu\/pt-pt\/contacto\/#primaryimage\"},\"thumbnailUrl\":\"https:\/\/abc-office.eu\/wp-content\/uploads\/2025\/10\/Flag_of_Europe-2-768x512-3.png\",\"datePublished\":\"2022-04-25T08:26:44+00:00\",\"dateModified\":\"2025-10-20T18:24:06+00:00\",\"description\":\"ABC Tradu\u00e7\u00e3o: Contacto | Tradu\u00e7\u00e3o de sites web | Tradu\u00e7\u00e3o de documentos oficiais | Tradu\u00e7\u00e3o especializada | Uni\u00e3o Europeia\",\"breadcrumb\":{\"@id\":\"https:\/\/abc-office.eu\/pt-pt\/contacto\/#breadcrumb\"},\"inLanguage\":\"pt-PT\",\"potentialAction\":[{\"@type\":\"ReadAction\",\"target\":[\"https:\/\/abc-office.eu\/pt-pt\/contacto\/\"]}]},{\"@type\":\"ImageObject\",\"inLanguage\":\"pt-PT\",\"@id\":\"https:\/\/abc-office.eu\/pt-pt\/contacto\/#primaryimage\",\"url\":\"https:\/\/abc-office.eu\/wp-content\/uploads\/2025\/10\/Flag_of_Europe-2-768x512-3.png\",\"contentUrl\":\"https:\/\/abc-office.eu\/wp-content\/uploads\/2025\/10\/Flag_of_Europe-2-768x512-3.png\",\"width\":768,\"height\":512},{\"@type\":\"BreadcrumbList\",\"@id\":\"https:\/\/abc-office.eu\/pt-pt\/contacto\/#breadcrumb\",\"itemListElement\":[{\"@type\":\"ListItem\",\"position\":1,\"name\":\"Accueil\",\"item\":\"https:\/\/abc-office.eu\/pt-pt\/\"},{\"@type\":\"ListItem\",\"position\":2,\"name\":\"Contacto\"}]},{\"@type\":\"WebSite\",\"@id\":\"https:\/\/abc-office.eu\/pt-pt\/#website\",\"url\":\"https:\/\/abc-office.eu\/pt-pt\/\",\"name\":\"ABC Translation\",\"description\":\"info@abc-office.eu\",\"potentialAction\":[{\"@type\":\"SearchAction\",\"target\":{\"@type\":\"EntryPoint\",\"urlTemplate\":\"https:\/\/abc-office.eu\/pt-pt\/?s={search_term_string}\"},\"query-input\":{\"@type\":\"PropertyValueSpecification\",\"valueRequired\":true,\"valueName\":\"search_term_string\"}}],\"inLanguage\":\"pt-PT\"}]}<\/script>\n<!-- \/ Yoast SEO plugin. -->","yoast_head_json":{"title":"Contacto tradu\u00e7\u00e3o | Tradutor | Uni\u00e3o Europeia | Reino Unido","description":"ABC Tradu\u00e7\u00e3o: Contacto | Tradu\u00e7\u00e3o de sites web | Tradu\u00e7\u00e3o de documentos oficiais | Tradu\u00e7\u00e3o especializada | Uni\u00e3o Europeia","robots":{"index":"index","follow":"follow","max-snippet":"max-snippet:-1","max-image-preview":"max-image-preview:large","max-video-preview":"max-video-preview:-1"},"canonical":"https:\/\/abc-office.eu\/pt-pt\/contacto\/","og_locale":"pt_PT","og_type":"article","og_title":"Contacto tradu\u00e7\u00e3o | Tradutor | Uni\u00e3o Europeia | Reino Unido","og_description":"ABC Tradu\u00e7\u00e3o: Contacto | Tradu\u00e7\u00e3o de sites web | Tradu\u00e7\u00e3o de documentos oficiais | Tradu\u00e7\u00e3o especializada | Uni\u00e3o Europeia","og_url":"https:\/\/abc-office.eu\/pt-pt\/contacto\/","og_site_name":"ABC Translation","article_modified_time":"2025-10-20T18:24:06+00:00","og_image":[{"width":768,"height":512,"url":"https:\/\/abc-office.eu\/wp-content\/uploads\/2025\/10\/Flag_of_Europe-2-768x512-3.png","type":"image\/png"}],"twitter_card":"summary_large_image","twitter_misc":{"Tempo estimado de leitura":"2 minutos"},"schema":{"@context":"https:\/\/schema.org","@graph":[{"@type":"WebPage","@id":"https:\/\/abc-office.eu\/pt-pt\/contacto\/","url":"https:\/\/abc-office.eu\/pt-pt\/contacto\/","name":"Contacto tradu\u00e7\u00e3o | Tradutor | Uni\u00e3o Europeia | Reino Unido","isPartOf":{"@id":"https:\/\/abc-office.eu\/pt-pt\/#website"},"primaryImageOfPage":{"@id":"https:\/\/abc-office.eu\/pt-pt\/contacto\/#primaryimage"},"image":{"@id":"https:\/\/abc-office.eu\/pt-pt\/contacto\/#primaryimage"},"thumbnailUrl":"https:\/\/abc-office.eu\/wp-content\/uploads\/2025\/10\/Flag_of_Europe-2-768x512-3.png","datePublished":"2022-04-25T08:26:44+00:00","dateModified":"2025-10-20T18:24:06+00:00","description":"ABC Tradu\u00e7\u00e3o: Contacto | Tradu\u00e7\u00e3o de sites web | Tradu\u00e7\u00e3o de documentos oficiais | Tradu\u00e7\u00e3o especializada | Uni\u00e3o Europeia","breadcrumb":{"@id":"https:\/\/abc-office.eu\/pt-pt\/contacto\/#breadcrumb"},"inLanguage":"pt-PT","potentialAction":[{"@type":"ReadAction","target":["https:\/\/abc-office.eu\/pt-pt\/contacto\/"]}]},{"@type":"ImageObject","inLanguage":"pt-PT","@id":"https:\/\/abc-office.eu\/pt-pt\/contacto\/#primaryimage","url":"https:\/\/abc-office.eu\/wp-content\/uploads\/2025\/10\/Flag_of_Europe-2-768x512-3.png","contentUrl":"https:\/\/abc-office.eu\/wp-content\/uploads\/2025\/10\/Flag_of_Europe-2-768x512-3.png","width":768,"height":512},{"@type":"BreadcrumbList","@id":"https:\/\/abc-office.eu\/pt-pt\/contacto\/#breadcrumb","itemListElement":[{"@type":"ListItem","position":1,"name":"Accueil","item":"https:\/\/abc-office.eu\/pt-pt\/"},{"@type":"ListItem","position":2,"name":"Contacto"}]},{"@type":"WebSite","@id":"https:\/\/abc-office.eu\/pt-pt\/#website","url":"https:\/\/abc-office.eu\/pt-pt\/","name":"ABC Translation","description":"info@abc-office.eu","potentialAction":[{"@type":"SearchAction","target":{"@type":"EntryPoint","urlTemplate":"https:\/\/abc-office.eu\/pt-pt\/?s={search_term_string}"},"query-input":{"@type":"PropertyValueSpecification","valueRequired":true,"valueName":"search_term_string"}}],"inLanguage":"pt-PT"}]}},"_links":{"self":[{"href":"https:\/\/abc-office.eu\/pt-pt\/wp-json\/wp\/v2\/pages\/227514","targetHints":{"allow":["GET"]}}],"collection":[{"href":"https:\/\/abc-office.eu\/pt-pt\/wp-json\/wp\/v2\/pages"}],"about":[{"href":"https:\/\/abc-office.eu\/pt-pt\/wp-json\/wp\/v2\/types\/page"}],"author":[{"embeddable":true,"href":"https:\/\/abc-office.eu\/pt-pt\/wp-json\/wp\/v2\/users\/1"}],"replies":[{"embeddable":true,"href":"https:\/\/abc-office.eu\/pt-pt\/wp-json\/wp\/v2\/comments?post=227514"}],"version-history":[{"count":3,"href":"https:\/\/abc-office.eu\/pt-pt\/wp-json\/wp\/v2\/pages\/227514\/revisions"}],"predecessor-version":[{"id":229412,"href":"https:\/\/abc-office.eu\/pt-pt\/wp-json\/wp\/v2\/pages\/227514\/revisions\/229412"}],"wp:featuredmedia":[{"embeddable":true,"href":"https:\/\/abc-office.eu\/pt-pt\/wp-json\/wp\/v2\/media\/226426"}],"wp:attachment":[{"href":"https:\/\/abc-office.eu\/pt-pt\/wp-json\/wp\/v2\/media?parent=227514"}],"curies":[{"name":"wp","href":"https:\/\/api.w.org\/{rel}","templated":true}]}}