{"id":227506,"date":"2017-02-16T09:16:01","date_gmt":"2017-02-16T08:16:01","guid":{"rendered":"https:\/\/abc-office.eu\/?page_id=227506"},"modified":"2025-10-20T20:18:28","modified_gmt":"2025-10-20T18:18:28","slug":"imobiliario","status":"publish","type":"page","link":"https:\/\/abc-office.eu\/pt-pt\/imobiliario\/","title":{"rendered":"Imobili\u00e1rio"},"content":{"rendered":"<h2 data-start=\"105\" data-end=\"122\"><strong data-start=\"105\" data-end=\"120\">Imobili\u00e1rio<\/strong><\/h2>\n<p style=\"text-align: justify;\">A nossa ag\u00eancia imobili\u00e1ria,\u00a0<strong>ABC Translation<\/strong>, come\u00e7ou em 2017 com a compra de um apartamento de 5,5 divis\u00f5es na Su\u00ed\u00e7a, com o objetivo de o transformar numa resid\u00eancia internacional para estudantes. De facto, com a Universidade de Lausanne e a EPFL nas proximidades, a resid\u00eancia tornou-se um sucesso logo ap\u00f3s a sua abertura em setembro de 2017. Os 4 quartos foram arrendados em apenas alguns dias e o nosso departamento imobili\u00e1rio nasceu.<\/p>\n<p style=\"text-align: justify;\">Desde esta primeira experi\u00eancia, continu\u00e1mos a crescer e somos agora capazes de gerir a compra, venda, arrendamento e administra\u00e7\u00e3o do seu im\u00f3vel na Su\u00ed\u00e7a e tamb\u00e9m no estrangeiro.<\/p>\n<h3 data-start=\"755\" data-end=\"768\"><strong data-start=\"755\" data-end=\"766\">Compra:<\/strong><\/h3>\n<p style=\"text-align: justify;\">Comprar um im\u00f3vel \u00e9 uma decis\u00e3o extremamente importante que influenciar\u00e1 o seu futuro durante v\u00e1rios anos. Tal decis\u00e3o n\u00e3o deve ser tomada de \u00e2nimo leve. Por isso \u00e9 importante escolher o parceiro certo, que o possa aconselhar sobre v\u00e1rios pontos essenciais, tais como o estado do im\u00f3vel, o c\u00e1lculo da hipoteca e a viabilidade do investimento a longo prazo. Uma boa an\u00e1lise da situa\u00e7\u00e3o garantir\u00e1 uma compra segura e saud\u00e1vel.<\/p>\n<h3 data-start=\"1198\" data-end=\"1210\"><strong data-start=\"1198\" data-end=\"1208\">Venda:<\/strong><\/h3>\n<p style=\"text-align: justify;\">O mercado imobili\u00e1rio na Su\u00ed\u00e7a continuou a desenvolver-se, com pre\u00e7os em constante subida. Cheg\u00e1mos a um momento decisivo em que a oferta supera a procura e tornou-se agora dif\u00edcil vender o seu im\u00f3vel devido \u00e0 quantidade de habita\u00e7\u00f5es dispon\u00edveis no mercado. Ao recorrer a um especialista, pode garantir as suas hip\u00f3teses de conseguir vender o seu im\u00f3vel num prazo mais curto e ao pre\u00e7o pretendido. Aproveite a nossa rede em toda a Su\u00ed\u00e7a e a n\u00edvel internacional para aumentar as suas hip\u00f3teses de sucesso.<\/p>\n<h3 data-start=\"1715\" data-end=\"1734\"><strong data-start=\"1715\" data-end=\"1732\">Arrendamento:<\/strong><\/h3>\n<p style=\"text-align: justify;\">Arrendar o seu im\u00f3vel pode parecer f\u00e1cil, mas existem v\u00e1rias armadilhas a evitar quando pretende arrendar o seu apartamento, casa ou mesmo um quarto. Um processo completo deve ser preparado antes de considerar um potencial inquilino, incluindo, por exemplo, um extrato do registo de processos judiciais e os tr\u00eas \u00faltimos recibos de vencimento. Em seguida, a cau\u00e7\u00e3o deve ser paga por transfer\u00eancia banc\u00e1ria ou atrav\u00e9s de uma garantia de arrendamento com uma companhia de seguros.<\/p>\n<h3 data-start=\"2218\" data-end=\"2251\"><strong data-start=\"2218\" data-end=\"2249\">Alojamento para estudantes:<\/strong><\/h3>\n<p style=\"text-align: justify;\">Dispomos de v\u00e1rios alojamentos para estudantes dispon\u00edveis por curtos ou longos per\u00edodos. A maioria dos nossos alojamentos est\u00e1 localizada perto da Universidade de Lausanne, da EPFL, da ECAL e da EHL. Os mais procurados s\u00e3o os quartos partilhados e os T0. \u00c9 necess\u00e1rio planear com anteced\u00eancia para garantir alojamento no in\u00edcio do ano letivo.<\/p>\n<h3 data-start=\"2606\" data-end=\"2650\"><strong data-start=\"2606\" data-end=\"2648\">Ca\u00e7ador de apartamentos (imobili\u00e1rio):<\/strong><\/h3>\n<p style=\"text-align: justify;\">Tem dificuldade em encontrar alojamento de acordo com os seus crit\u00e9rios ou problemas em arrendar um apartamento? Os nossos ca\u00e7adores de apartamentos est\u00e3o \u00e0 sua disposi\u00e7\u00e3o para o ajudar a encontrar um im\u00f3vel o mais rapidamente poss\u00edvel. Gra\u00e7as \u00e0 nossa rede e ao nosso profissionalismo, encontraremos alojamento para si com a maior brevidade e de acordo com os seus crit\u00e9rios.<\/p>\n<h3 data-start=\"3031\" data-end=\"3050\"><strong data-start=\"3031\" data-end=\"3048\">Home Staging:<\/strong><\/h3>\n<p style=\"text-align: justify;\">Est\u00e1 com dificuldades em vender o seu im\u00f3vel? Nesse caso, pode recorrer \u00e0 nossa equipa de\u00a0<strong>Home Staging<\/strong>, especializada em valorizar apartamentos e casas para facilitar a sua venda. Este sistema tem-se revelado eficaz para im\u00f3veis que necessitam de uma renova\u00e7\u00e3o r\u00e1pida ou de algumas modifica\u00e7\u00f5es para fazer a diferen\u00e7a.<\/p>\n<h3 data-start=\"3378\" data-end=\"3405\"><strong data-start=\"3378\" data-end=\"3403\">Avalia\u00e7\u00e3o de im\u00f3veis:<\/strong><\/h3>\n<p style=\"text-align: justify;\">A boa valoriza\u00e7\u00e3o de um im\u00f3vel em rela\u00e7\u00e3o ao pre\u00e7o de mercado \u00e9 crucial para uma venda bem-sucedida e ao pre\u00e7o justo. Gra\u00e7as a crit\u00e9rios como o ano de constru\u00e7\u00e3o e a localiza\u00e7\u00e3o, seremos capazes de estimar o seu im\u00f3vel o mais pr\u00f3ximo poss\u00edvel do seu valor real no atual mercado\u00a0<a href=\"https:\/\/abc-office.eu\/pt-pt\/\">imobili\u00e1rio<\/a>.<\/p>\n<p data-start=\"3407\" data-end=\"3699\"><a href=\"https:\/\/www.instagram.com\/dr_immo\/?hl=fr\"><img loading=\"lazy\" decoding=\"async\" class=\"aligncenter wp-image-109\" src=\"https:\/\/abc-office.ch\/wp-content\/uploads\/2018\/06\/Dr_Immo.jpg\" alt=\"Imobili\u00e1rio\" width=\"222\" height=\"222\" \/><\/a><\/p>\n","protected":false},"excerpt":{"rendered":"<p>Imobili\u00e1rio A nossa ag\u00eancia imobili\u00e1ria,\u00a0ABC Translation, come\u00e7ou em 2017 com a compra de um apartamento de 5,5 divis\u00f5es na Su\u00ed\u00e7a, com o objetivo de o transformar numa resid\u00eancia internacional para estudantes. De facto, com a Universidade de Lausanne e a EPFL nas proximidades, a resid\u00eancia tornou-se um sucesso logo ap\u00f3s a sua abertura em setembro&#8230;<\/p>\n","protected":false},"author":1,"featured_media":226931,"parent":0,"menu_order":0,"comment_status":"closed","ping_status":"closed","template":"","meta":{"sfsi_plus_gutenberg_text_before_share":"","sfsi_plus_gutenberg_show_text_before_share":"","sfsi_plus_gutenberg_icon_type":"","sfsi_plus_gutenberg_icon_alignemt":"","sfsi_plus_gutenburg_max_per_row":"","footnotes":""},"class_list":["post-227506","page","type-page","status-publish","has-post-thumbnail","hentry"],"yoast_head":"<!-- This site is optimized with the Yoast SEO plugin v23.8 - https:\/\/yoast.com\/wordpress\/plugins\/seo\/ -->\n<title>Imobili\u00e1rio | ABC Translation | Comprar | Vender | Arrendar<\/title>\n<meta name=\"description\" content=\"ABC Translation | Imobili\u00e1rio | Comprar | Vender | Arrendar | Alugar | Alojamento para estudantes | Home Staging | Ag\u00eancia imobili\u00e1ria\" \/>\n<meta name=\"robots\" content=\"index, follow, max-snippet:-1, max-image-preview:large, max-video-preview:-1\" \/>\n<link rel=\"canonical\" href=\"https:\/\/abc-office.eu\/pt-pt\/imobiliario\/\" \/>\n<meta property=\"og:locale\" content=\"pt_PT\" \/>\n<meta property=\"og:type\" content=\"article\" \/>\n<meta property=\"og:title\" content=\"Imobili\u00e1rio | ABC Translation | Comprar | Vender | Arrendar\" \/>\n<meta property=\"og:description\" content=\"ABC Translation | Imobili\u00e1rio | Comprar | Vender | Arrendar | Alugar | Alojamento para estudantes | Home Staging | Ag\u00eancia imobili\u00e1ria\" \/>\n<meta property=\"og:url\" content=\"https:\/\/abc-office.eu\/pt-pt\/imobiliario\/\" \/>\n<meta property=\"og:site_name\" content=\"ABC Translation\" \/>\n<meta property=\"article:modified_time\" content=\"2025-10-20T18:18:28+00:00\" \/>\n<meta property=\"og:image\" content=\"https:\/\/abc-office.eu\/wp-content\/uploads\/2025\/10\/Immo-768x513-4.jpg\" \/>\n\t<meta property=\"og:image:width\" content=\"768\" \/>\n\t<meta property=\"og:image:height\" content=\"513\" \/>\n\t<meta property=\"og:image:type\" content=\"image\/jpeg\" \/>\n<meta name=\"twitter:card\" content=\"summary_large_image\" \/>\n<meta name=\"twitter:label1\" content=\"Tempo estimado de leitura\" \/>\n\t<meta name=\"twitter:data1\" content=\"3 minutos\" \/>\n<script type=\"application\/ld+json\" class=\"yoast-schema-graph\">{\"@context\":\"https:\/\/schema.org\",\"@graph\":[{\"@type\":\"WebPage\",\"@id\":\"https:\/\/abc-office.eu\/pt-pt\/imobiliario\/\",\"url\":\"https:\/\/abc-office.eu\/pt-pt\/imobiliario\/\",\"name\":\"Imobili\u00e1rio | ABC Translation | Comprar | Vender | Arrendar\",\"isPartOf\":{\"@id\":\"https:\/\/abc-office.eu\/pt-pt\/#website\"},\"primaryImageOfPage\":{\"@id\":\"https:\/\/abc-office.eu\/pt-pt\/imobiliario\/#primaryimage\"},\"image\":{\"@id\":\"https:\/\/abc-office.eu\/pt-pt\/imobiliario\/#primaryimage\"},\"thumbnailUrl\":\"https:\/\/abc-office.eu\/wp-content\/uploads\/2025\/10\/Immo-768x513-4.jpg\",\"datePublished\":\"2017-02-16T08:16:01+00:00\",\"dateModified\":\"2025-10-20T18:18:28+00:00\",\"description\":\"ABC Translation | Imobili\u00e1rio | Comprar | Vender | Arrendar | Alugar | Alojamento para estudantes | Home Staging | Ag\u00eancia imobili\u00e1ria\",\"breadcrumb\":{\"@id\":\"https:\/\/abc-office.eu\/pt-pt\/imobiliario\/#breadcrumb\"},\"inLanguage\":\"pt-PT\",\"potentialAction\":[{\"@type\":\"ReadAction\",\"target\":[\"https:\/\/abc-office.eu\/pt-pt\/imobiliario\/\"]}]},{\"@type\":\"ImageObject\",\"inLanguage\":\"pt-PT\",\"@id\":\"https:\/\/abc-office.eu\/pt-pt\/imobiliario\/#primaryimage\",\"url\":\"https:\/\/abc-office.eu\/wp-content\/uploads\/2025\/10\/Immo-768x513-4.jpg\",\"contentUrl\":\"https:\/\/abc-office.eu\/wp-content\/uploads\/2025\/10\/Immo-768x513-4.jpg\",\"width\":768,\"height\":513},{\"@type\":\"BreadcrumbList\",\"@id\":\"https:\/\/abc-office.eu\/pt-pt\/imobiliario\/#breadcrumb\",\"itemListElement\":[{\"@type\":\"ListItem\",\"position\":1,\"name\":\"Accueil\",\"item\":\"https:\/\/abc-office.eu\/pt-pt\/\"},{\"@type\":\"ListItem\",\"position\":2,\"name\":\"Imobili\u00e1rio\"}]},{\"@type\":\"WebSite\",\"@id\":\"https:\/\/abc-office.eu\/pt-pt\/#website\",\"url\":\"https:\/\/abc-office.eu\/pt-pt\/\",\"name\":\"ABC Translation\",\"description\":\"info@abc-office.eu\",\"potentialAction\":[{\"@type\":\"SearchAction\",\"target\":{\"@type\":\"EntryPoint\",\"urlTemplate\":\"https:\/\/abc-office.eu\/pt-pt\/?s={search_term_string}\"},\"query-input\":{\"@type\":\"PropertyValueSpecification\",\"valueRequired\":true,\"valueName\":\"search_term_string\"}}],\"inLanguage\":\"pt-PT\"}]}<\/script>\n<!-- \/ Yoast SEO plugin. -->","yoast_head_json":{"title":"Imobili\u00e1rio | ABC Translation | Comprar | Vender | Arrendar","description":"ABC Translation | Imobili\u00e1rio | Comprar | Vender | Arrendar | Alugar | Alojamento para estudantes | Home Staging | Ag\u00eancia imobili\u00e1ria","robots":{"index":"index","follow":"follow","max-snippet":"max-snippet:-1","max-image-preview":"max-image-preview:large","max-video-preview":"max-video-preview:-1"},"canonical":"https:\/\/abc-office.eu\/pt-pt\/imobiliario\/","og_locale":"pt_PT","og_type":"article","og_title":"Imobili\u00e1rio | ABC Translation | Comprar | Vender | Arrendar","og_description":"ABC Translation | Imobili\u00e1rio | Comprar | Vender | Arrendar | Alugar | Alojamento para estudantes | Home Staging | Ag\u00eancia imobili\u00e1ria","og_url":"https:\/\/abc-office.eu\/pt-pt\/imobiliario\/","og_site_name":"ABC Translation","article_modified_time":"2025-10-20T18:18:28+00:00","og_image":[{"width":768,"height":513,"url":"https:\/\/abc-office.eu\/wp-content\/uploads\/2025\/10\/Immo-768x513-4.jpg","type":"image\/jpeg"}],"twitter_card":"summary_large_image","twitter_misc":{"Tempo estimado de leitura":"3 minutos"},"schema":{"@context":"https:\/\/schema.org","@graph":[{"@type":"WebPage","@id":"https:\/\/abc-office.eu\/pt-pt\/imobiliario\/","url":"https:\/\/abc-office.eu\/pt-pt\/imobiliario\/","name":"Imobili\u00e1rio | ABC Translation | Comprar | Vender | Arrendar","isPartOf":{"@id":"https:\/\/abc-office.eu\/pt-pt\/#website"},"primaryImageOfPage":{"@id":"https:\/\/abc-office.eu\/pt-pt\/imobiliario\/#primaryimage"},"image":{"@id":"https:\/\/abc-office.eu\/pt-pt\/imobiliario\/#primaryimage"},"thumbnailUrl":"https:\/\/abc-office.eu\/wp-content\/uploads\/2025\/10\/Immo-768x513-4.jpg","datePublished":"2017-02-16T08:16:01+00:00","dateModified":"2025-10-20T18:18:28+00:00","description":"ABC Translation | Imobili\u00e1rio | Comprar | Vender | Arrendar | Alugar | Alojamento para estudantes | Home Staging | Ag\u00eancia imobili\u00e1ria","breadcrumb":{"@id":"https:\/\/abc-office.eu\/pt-pt\/imobiliario\/#breadcrumb"},"inLanguage":"pt-PT","potentialAction":[{"@type":"ReadAction","target":["https:\/\/abc-office.eu\/pt-pt\/imobiliario\/"]}]},{"@type":"ImageObject","inLanguage":"pt-PT","@id":"https:\/\/abc-office.eu\/pt-pt\/imobiliario\/#primaryimage","url":"https:\/\/abc-office.eu\/wp-content\/uploads\/2025\/10\/Immo-768x513-4.jpg","contentUrl":"https:\/\/abc-office.eu\/wp-content\/uploads\/2025\/10\/Immo-768x513-4.jpg","width":768,"height":513},{"@type":"BreadcrumbList","@id":"https:\/\/abc-office.eu\/pt-pt\/imobiliario\/#breadcrumb","itemListElement":[{"@type":"ListItem","position":1,"name":"Accueil","item":"https:\/\/abc-office.eu\/pt-pt\/"},{"@type":"ListItem","position":2,"name":"Imobili\u00e1rio"}]},{"@type":"WebSite","@id":"https:\/\/abc-office.eu\/pt-pt\/#website","url":"https:\/\/abc-office.eu\/pt-pt\/","name":"ABC Translation","description":"info@abc-office.eu","potentialAction":[{"@type":"SearchAction","target":{"@type":"EntryPoint","urlTemplate":"https:\/\/abc-office.eu\/pt-pt\/?s={search_term_string}"},"query-input":{"@type":"PropertyValueSpecification","valueRequired":true,"valueName":"search_term_string"}}],"inLanguage":"pt-PT"}]}},"_links":{"self":[{"href":"https:\/\/abc-office.eu\/pt-pt\/wp-json\/wp\/v2\/pages\/227506","targetHints":{"allow":["GET"]}}],"collection":[{"href":"https:\/\/abc-office.eu\/pt-pt\/wp-json\/wp\/v2\/pages"}],"about":[{"href":"https:\/\/abc-office.eu\/pt-pt\/wp-json\/wp\/v2\/types\/page"}],"author":[{"embeddable":true,"href":"https:\/\/abc-office.eu\/pt-pt\/wp-json\/wp\/v2\/users\/1"}],"replies":[{"embeddable":true,"href":"https:\/\/abc-office.eu\/pt-pt\/wp-json\/wp\/v2\/comments?post=227506"}],"version-history":[{"count":3,"href":"https:\/\/abc-office.eu\/pt-pt\/wp-json\/wp\/v2\/pages\/227506\/revisions"}],"predecessor-version":[{"id":229408,"href":"https:\/\/abc-office.eu\/pt-pt\/wp-json\/wp\/v2\/pages\/227506\/revisions\/229408"}],"wp:featuredmedia":[{"embeddable":true,"href":"https:\/\/abc-office.eu\/pt-pt\/wp-json\/wp\/v2\/media\/226931"}],"wp:attachment":[{"href":"https:\/\/abc-office.eu\/pt-pt\/wp-json\/wp\/v2\/media?parent=227506"}],"curies":[{"name":"wp","href":"https:\/\/api.w.org\/{rel}","templated":true}]}}