{"id":227497,"date":"2017-02-16T09:13:19","date_gmt":"2017-02-16T08:13:19","guid":{"rendered":"https:\/\/abc-office.eu\/?page_id=227497"},"modified":"2025-10-20T20:06:28","modified_gmt":"2025-10-20T18:06:28","slug":"inicio","status":"publish","type":"page","link":"https:\/\/abc-office.eu\/pt-pt\/","title":{"rendered":"In\u00edcio"},"content":{"rendered":"<h2 data-start=\"106\" data-end=\"125\"><strong data-start=\"106\" data-end=\"125\">ABC Translation<\/strong><\/h2>\n<p style=\"text-align: justify;\">A\u00a0<strong>ABC Translation<\/strong>\u00a0\u00e9 especializada em v\u00e1rias \u00e1reas, tais como tradu\u00e7\u00e3o, imobili\u00e1rio, legaliza\u00e7\u00f5es, direito e relocaliza\u00e7\u00e3o. Com uma equipa de mais de 500 colaboradores em todo o mundo, a\u00a0<strong>ABC Translation<\/strong>\u00a0\u00e9 o l\u00edder nestas especializa\u00e7\u00f5es e pode atuar muito rapidamente gra\u00e7as \u00e0 sua grande equipa de profissionais qualificados. A empresa representa 55 nacionalidades diferentes e tem liga\u00e7\u00f5es em mais de 85 pa\u00edses. Tirou partido da globaliza\u00e7\u00e3o para atrair uma clientela cada vez mais exigente.<\/p>\n<h3><strong>ABC Translation em n\u00fameros:<\/strong><\/h3>\n<ul>\n<li>500 colaboradores em todo o mundo<\/li>\n<li>60 l\u00ednguas faladas<\/li>\n<li>4000 projetos por ano<\/li>\n<li>Mais de 10 anos de experi\u00eancia<\/li>\n<li>Mais de 1000 clientes empresariais regulares<\/li>\n<li>Mais de 2000 clientes particulares todos os anos<\/li>\n<\/ul>\n<p style=\"text-align: justify;\">Colaboramos com v\u00e1rios cart\u00f3rios notariais para poder legalizar os diferentes documentos o mais rapidamente poss\u00edvel. Para documentos destinados ao estrangeiro, trabalhamos com embaixadas, consulados e conservat\u00f3rias. Esta coopera\u00e7\u00e3o entre estas diferentes entidades permite-nos ser muito reativos quando se trata de traduzir e legalizar os seus documentos em tempo recorde. Para al\u00e9m disso, os nossos estafetas de bicicleta garantem a entrega dos documentos nos diferentes escrit\u00f3rios respeitando o meio ambiente. Para o envio final na Europa e em todo o mundo, recorremos aos servi\u00e7os postais europeus e \u00e0 DHL.<\/p>\n<p style=\"text-align: justify;\">A qualidade e a rapidez dos nossos servi\u00e7os fizeram a diferen\u00e7a ao longo dos anos. Neste setor, a rapidez de resposta \u00e9 a chave do sucesso. A nossa infraestrutura foi criada para poder responder mais rapidamente aos pedidos dos clientes. Para um contacto r\u00e1pido, pode ligar-nos ou enviar-nos um e-mail. O formul\u00e1rio de contacto do lado direito desta p\u00e1gina tamb\u00e9m pode ser utilizado, especialmente para o envio de documentos. Normalmente enviamos o or\u00e7amento entre 10 a 20 minutos ap\u00f3s a rece\u00e7\u00e3o dos ficheiros. O or\u00e7amento incluir\u00e1 o pre\u00e7o total e o prazo de entrega do projeto.<\/p>\n<p style=\"text-align: justify;\">Toda a equipa permanece \u00e0 sua inteira disposi\u00e7\u00e3o e esperamos poder trabalhar consigo em breve.<\/p>\n<p data-start=\"2080\" data-end=\"2176\"><img loading=\"lazy\" decoding=\"async\" class=\"wp-image-298 aligncenter\" src=\"https:\/\/abc-office.ch\/wp-content\/uploads\/2020\/03\/bim91-1024x682.jpg\" alt=\"ABC Translation\" width=\"725\" height=\"483\" \/><\/p>\n","protected":false},"excerpt":{"rendered":"<p>ABC Translation A\u00a0ABC Translation\u00a0\u00e9 especializada em v\u00e1rias \u00e1reas, tais como tradu\u00e7\u00e3o, imobili\u00e1rio, legaliza\u00e7\u00f5es, direito e relocaliza\u00e7\u00e3o. Com uma equipa de mais de 500 colaboradores em todo o mundo, a\u00a0ABC Translation\u00a0\u00e9 o l\u00edder nestas especializa\u00e7\u00f5es e pode atuar muito rapidamente gra\u00e7as \u00e0 sua grande equipa de profissionais qualificados. A empresa representa 55 nacionalidades diferentes e tem&#8230;<\/p>\n","protected":false},"author":1,"featured_media":226351,"parent":0,"menu_order":0,"comment_status":"closed","ping_status":"closed","template":"","meta":{"sfsi_plus_gutenberg_text_before_share":"","sfsi_plus_gutenberg_show_text_before_share":"","sfsi_plus_gutenberg_icon_type":"","sfsi_plus_gutenberg_icon_alignemt":"","sfsi_plus_gutenburg_max_per_row":"","footnotes":""},"class_list":["post-227497","page","type-page","status-publish","has-post-thumbnail","hentry"],"yoast_head":"<!-- This site is optimized with the Yoast SEO plugin v23.8 - https:\/\/yoast.com\/wordpress\/plugins\/seo\/ -->\n<title>ABC Translation l Tradu\u00e7\u00e3o l Legaliza\u00e7\u00e3o l Imobili\u00e1rio l Expatriado<\/title>\n<meta name=\"description\" content=\"ABC Translation l Legaliza\u00e7\u00e3o l Imobili\u00e1rio l Expatriado l Interpreta\u00e7\u00e3o l Not\u00e1rio l Sociedade de advogados Relocaliza\u00e7\u00e3o de pessoas Empresa\" \/>\n<meta name=\"robots\" content=\"index, follow, max-snippet:-1, max-image-preview:large, max-video-preview:-1\" \/>\n<link rel=\"canonical\" href=\"https:\/\/abc-office.eu\/pt-pt\/\" \/>\n<meta property=\"og:locale\" content=\"pt_PT\" \/>\n<meta property=\"og:type\" content=\"article\" \/>\n<meta property=\"og:title\" content=\"ABC Translation l Tradu\u00e7\u00e3o l Legaliza\u00e7\u00e3o l Imobili\u00e1rio l Expatriado\" \/>\n<meta property=\"og:description\" content=\"ABC Translation l Legaliza\u00e7\u00e3o l Imobili\u00e1rio l Expatriado l Interpreta\u00e7\u00e3o l Not\u00e1rio l Sociedade de advogados Relocaliza\u00e7\u00e3o de pessoas Empresa\" \/>\n<meta property=\"og:url\" content=\"https:\/\/abc-office.eu\/pt-pt\/\" \/>\n<meta property=\"og:site_name\" content=\"ABC Translation\" \/>\n<meta property=\"article:modified_time\" content=\"2025-10-20T18:06:28+00:00\" \/>\n<meta property=\"og:image\" content=\"https:\/\/abc-office.eu\/wp-content\/uploads\/2025\/10\/6190976a-768x433-3.jpg\" \/>\n\t<meta property=\"og:image:width\" content=\"768\" \/>\n\t<meta property=\"og:image:height\" content=\"433\" \/>\n\t<meta property=\"og:image:type\" content=\"image\/jpeg\" \/>\n<meta name=\"twitter:card\" content=\"summary_large_image\" \/>\n<meta name=\"twitter:label1\" content=\"Tempo estimado de leitura\" \/>\n\t<meta name=\"twitter:data1\" content=\"2 minutos\" \/>\n<script type=\"application\/ld+json\" class=\"yoast-schema-graph\">{\"@context\":\"https:\/\/schema.org\",\"@graph\":[{\"@type\":\"WebPage\",\"@id\":\"https:\/\/abc-office.eu\/pt-pt\/\",\"url\":\"https:\/\/abc-office.eu\/pt-pt\/\",\"name\":\"ABC Translation l Tradu\u00e7\u00e3o l Legaliza\u00e7\u00e3o l Imobili\u00e1rio l Expatriado\",\"isPartOf\":{\"@id\":\"https:\/\/abc-office.eu\/pt-pt\/#website\"},\"primaryImageOfPage\":{\"@id\":\"https:\/\/abc-office.eu\/pt-pt\/#primaryimage\"},\"image\":{\"@id\":\"https:\/\/abc-office.eu\/pt-pt\/#primaryimage\"},\"thumbnailUrl\":\"https:\/\/abc-office.eu\/wp-content\/uploads\/2025\/10\/6190976a-768x433-3.jpg\",\"datePublished\":\"2017-02-16T08:13:19+00:00\",\"dateModified\":\"2025-10-20T18:06:28+00:00\",\"description\":\"ABC Translation l Legaliza\u00e7\u00e3o l Imobili\u00e1rio l Expatriado l Interpreta\u00e7\u00e3o l Not\u00e1rio l Sociedade de advogados Relocaliza\u00e7\u00e3o de pessoas Empresa\",\"breadcrumb\":{\"@id\":\"https:\/\/abc-office.eu\/pt-pt\/#breadcrumb\"},\"inLanguage\":\"pt-PT\",\"potentialAction\":[{\"@type\":\"ReadAction\",\"target\":[\"https:\/\/abc-office.eu\/pt-pt\/\"]}]},{\"@type\":\"ImageObject\",\"inLanguage\":\"pt-PT\",\"@id\":\"https:\/\/abc-office.eu\/pt-pt\/#primaryimage\",\"url\":\"https:\/\/abc-office.eu\/wp-content\/uploads\/2025\/10\/6190976a-768x433-3.jpg\",\"contentUrl\":\"https:\/\/abc-office.eu\/wp-content\/uploads\/2025\/10\/6190976a-768x433-3.jpg\",\"width\":768,\"height\":433},{\"@type\":\"BreadcrumbList\",\"@id\":\"https:\/\/abc-office.eu\/pt-pt\/#breadcrumb\",\"itemListElement\":[{\"@type\":\"ListItem\",\"position\":1,\"name\":\"Accueil\",\"item\":\"https:\/\/abc-office.eu\/pt-pt\/\"},{\"@type\":\"ListItem\",\"position\":2,\"name\":\"In\u00edcio\"}]},{\"@type\":\"WebSite\",\"@id\":\"https:\/\/abc-office.eu\/pt-pt\/#website\",\"url\":\"https:\/\/abc-office.eu\/pt-pt\/\",\"name\":\"ABC Translation\",\"description\":\"info@abc-office.eu\",\"potentialAction\":[{\"@type\":\"SearchAction\",\"target\":{\"@type\":\"EntryPoint\",\"urlTemplate\":\"https:\/\/abc-office.eu\/pt-pt\/?s={search_term_string}\"},\"query-input\":{\"@type\":\"PropertyValueSpecification\",\"valueRequired\":true,\"valueName\":\"search_term_string\"}}],\"inLanguage\":\"pt-PT\"}]}<\/script>\n<!-- \/ Yoast SEO plugin. -->","yoast_head_json":{"title":"ABC Translation l Tradu\u00e7\u00e3o l Legaliza\u00e7\u00e3o l Imobili\u00e1rio l Expatriado","description":"ABC Translation l Legaliza\u00e7\u00e3o l Imobili\u00e1rio l Expatriado l Interpreta\u00e7\u00e3o l Not\u00e1rio l Sociedade de advogados Relocaliza\u00e7\u00e3o de pessoas Empresa","robots":{"index":"index","follow":"follow","max-snippet":"max-snippet:-1","max-image-preview":"max-image-preview:large","max-video-preview":"max-video-preview:-1"},"canonical":"https:\/\/abc-office.eu\/pt-pt\/","og_locale":"pt_PT","og_type":"article","og_title":"ABC Translation l Tradu\u00e7\u00e3o l Legaliza\u00e7\u00e3o l Imobili\u00e1rio l Expatriado","og_description":"ABC Translation l Legaliza\u00e7\u00e3o l Imobili\u00e1rio l Expatriado l Interpreta\u00e7\u00e3o l Not\u00e1rio l Sociedade de advogados Relocaliza\u00e7\u00e3o de pessoas Empresa","og_url":"https:\/\/abc-office.eu\/pt-pt\/","og_site_name":"ABC Translation","article_modified_time":"2025-10-20T18:06:28+00:00","og_image":[{"width":768,"height":433,"url":"https:\/\/abc-office.eu\/wp-content\/uploads\/2025\/10\/6190976a-768x433-3.jpg","type":"image\/jpeg"}],"twitter_card":"summary_large_image","twitter_misc":{"Tempo estimado de leitura":"2 minutos"},"schema":{"@context":"https:\/\/schema.org","@graph":[{"@type":"WebPage","@id":"https:\/\/abc-office.eu\/pt-pt\/","url":"https:\/\/abc-office.eu\/pt-pt\/","name":"ABC Translation l Tradu\u00e7\u00e3o l Legaliza\u00e7\u00e3o l Imobili\u00e1rio l Expatriado","isPartOf":{"@id":"https:\/\/abc-office.eu\/pt-pt\/#website"},"primaryImageOfPage":{"@id":"https:\/\/abc-office.eu\/pt-pt\/#primaryimage"},"image":{"@id":"https:\/\/abc-office.eu\/pt-pt\/#primaryimage"},"thumbnailUrl":"https:\/\/abc-office.eu\/wp-content\/uploads\/2025\/10\/6190976a-768x433-3.jpg","datePublished":"2017-02-16T08:13:19+00:00","dateModified":"2025-10-20T18:06:28+00:00","description":"ABC Translation l Legaliza\u00e7\u00e3o l Imobili\u00e1rio l Expatriado l Interpreta\u00e7\u00e3o l Not\u00e1rio l Sociedade de advogados Relocaliza\u00e7\u00e3o de pessoas Empresa","breadcrumb":{"@id":"https:\/\/abc-office.eu\/pt-pt\/#breadcrumb"},"inLanguage":"pt-PT","potentialAction":[{"@type":"ReadAction","target":["https:\/\/abc-office.eu\/pt-pt\/"]}]},{"@type":"ImageObject","inLanguage":"pt-PT","@id":"https:\/\/abc-office.eu\/pt-pt\/#primaryimage","url":"https:\/\/abc-office.eu\/wp-content\/uploads\/2025\/10\/6190976a-768x433-3.jpg","contentUrl":"https:\/\/abc-office.eu\/wp-content\/uploads\/2025\/10\/6190976a-768x433-3.jpg","width":768,"height":433},{"@type":"BreadcrumbList","@id":"https:\/\/abc-office.eu\/pt-pt\/#breadcrumb","itemListElement":[{"@type":"ListItem","position":1,"name":"Accueil","item":"https:\/\/abc-office.eu\/pt-pt\/"},{"@type":"ListItem","position":2,"name":"In\u00edcio"}]},{"@type":"WebSite","@id":"https:\/\/abc-office.eu\/pt-pt\/#website","url":"https:\/\/abc-office.eu\/pt-pt\/","name":"ABC Translation","description":"info@abc-office.eu","potentialAction":[{"@type":"SearchAction","target":{"@type":"EntryPoint","urlTemplate":"https:\/\/abc-office.eu\/pt-pt\/?s={search_term_string}"},"query-input":{"@type":"PropertyValueSpecification","valueRequired":true,"valueName":"search_term_string"}}],"inLanguage":"pt-PT"}]}},"_links":{"self":[{"href":"https:\/\/abc-office.eu\/pt-pt\/wp-json\/wp\/v2\/pages\/227497","targetHints":{"allow":["GET"]}}],"collection":[{"href":"https:\/\/abc-office.eu\/pt-pt\/wp-json\/wp\/v2\/pages"}],"about":[{"href":"https:\/\/abc-office.eu\/pt-pt\/wp-json\/wp\/v2\/types\/page"}],"author":[{"embeddable":true,"href":"https:\/\/abc-office.eu\/pt-pt\/wp-json\/wp\/v2\/users\/1"}],"replies":[{"embeddable":true,"href":"https:\/\/abc-office.eu\/pt-pt\/wp-json\/wp\/v2\/comments?post=227497"}],"version-history":[{"count":3,"href":"https:\/\/abc-office.eu\/pt-pt\/wp-json\/wp\/v2\/pages\/227497\/revisions"}],"predecessor-version":[{"id":229402,"href":"https:\/\/abc-office.eu\/pt-pt\/wp-json\/wp\/v2\/pages\/227497\/revisions\/229402"}],"wp:featuredmedia":[{"embeddable":true,"href":"https:\/\/abc-office.eu\/pt-pt\/wp-json\/wp\/v2\/media\/226351"}],"wp:attachment":[{"href":"https:\/\/abc-office.eu\/pt-pt\/wp-json\/wp\/v2\/media?parent=227497"}],"curies":[{"name":"wp","href":"https:\/\/api.w.org\/{rel}","templated":true}]}}