{"id":225997,"date":"2024-08-05T10:30:33","date_gmt":"2024-08-05T08:30:33","guid":{"rendered":"https:\/\/abc-office.eu\/?page_id=225997"},"modified":"2025-10-14T10:13:46","modified_gmt":"2025-10-14T08:13:46","slug":"przysiegly-tlumacz-afrikaans-warszawa","status":"publish","type":"page","link":"https:\/\/abc-office.eu\/pl\/polska\/tlumacz-przysiegly-polska\/tlumacz-przysiegly-warszawa\/przysiegly-tlumacz-afrikaans-warszawa\/","title":{"rendered":"Przysi\u0119g\u0142y t\u0142umacz afrikaans Warszawa"},"content":{"rendered":"<h2>Przysi\u0119g\u0142y t\u0142umacz afrikaans Warszawa<\/h2>\n<p style=\"text-align: justify;\">Nasze biuro t\u0142umacze\u0144 specjalizuje si\u0119 w t\u0142umaczeniach uwierzytelnionych i przysi\u0119g\u0142ych z i na j\u0119zyk afrikaans. Nasi t\u0142umacze przysi\u0119gli j\u0119zyka afrikaans z siedzib\u0105 w Warszawie mog\u0105 szybko zrealizowa\u0107 Twoje zlecenie. Wystarczy, \u017ce otrzymamy kopi\u0119 dokument\u00f3w, kt\u00f3re maj\u0105 zosta\u0107 przet\u0142umaczone (akceptujemy wszystkie formaty). Orygina\u0142y dokument\u00f3w nie s\u0105 wymagane (przysi\u0119g\u0142y t\u0142umacz afrikaans Warszawa).<\/p>\n<ol>\n<li style=\"text-align: justify;\">Po pierwsze, mo\u017cesz skorzysta\u0107 z naszego adresu e-mail (<a href=\"mailto:info@abc-office.eu\">info@abc-office.eu<\/a>), formularza kontaktowego lub z naszego linku WhatsApp.<\/li>\n<li style=\"text-align: justify;\">Po drugie, prosimy o podanie j\u0119zyka w kt\u00f3rym chcesz otrzyma\u0107 t\u0142umaczenie, a tak\u017ce informacji czy t\u0142umaczenie ma zosta\u0107 zalegalizowane przez notariusza i\/lub opatrzone apostille (Kancelaria).<\/li>\n<li style=\"text-align: justify;\">Po trzecie, jeden z naszych project manager\u00f3w szybko przygotuje wycen\u0119 zawieraj\u0105c\u0105 cen\u0119 oraz termin realizacji projektu. Zazwyczaj odpowiadamy w ci\u0105gu 30 minut. Prosimy o kontakt telefoniczny, je\u015bli nie otrzymasz odpowiedzi w ci\u0105gu godziny.<\/li>\n<li style=\"text-align: justify;\">Po czwarte i najwa\u017cniejsze \u2013 po zaakceptowaniu wyceny rozpoczniemy proces t\u0142umaczenia i wy\u015blemy uwierzytelnione t\u0142umaczenia poczt\u0105. Je\u015bli potrzebujesz r\u00f3wnie\u017c kopii t\u0142umaczenia drog\u0105 mailow\u0105, poinformuj o tym project managera, a prze\u015blemy Ci j\u0105 e-mailem przed wysy\u0142k\u0105 orygina\u0142u.<\/li>\n<\/ol>\n<h3 data-start=\"1428\" data-end=\"1716\"><strong data-start=\"1428\" data-end=\"1448\">Czas realizacji:<\/strong><\/h3>\n<p style=\"text-align: justify;\" data-start=\"1428\" data-end=\"1716\">T\u0142umaczenia uwierzytelnione wysy\u0142ane s\u0105 poczt\u0105 lub DHL i\/lub e-mailem w ci\u0105gu 2\u20133 dni roboczych. Termin realizacji zale\u017cy od obj\u0119to\u015bci oraz stopnia trudno\u015bci dokument\u00f3w. Dla przyk\u0142adu: dokument jednostronicowy powinien zosta\u0107 dostarczony poczt\u0105 w ci\u0105gu 2 dni roboczych.<\/p>\n<h3 data-start=\"1718\" data-end=\"1779\"><strong data-start=\"1718\" data-end=\"1777\">J\u0119zyki, kt\u00f3re mo\u017cemy \u0142\u0105czy\u0107 z afrikaans i na afrikaans:<\/strong><\/h3>\n<p style=\"text-align: justify;\" data-start=\"1781\" data-end=\"2690\">Alba\u0144ski | Niemiecki | Ameryka\u0144ski | Amharski | Angielski | Arabski | Ormia\u0144ski | Ajmara | Azerski | Baskijski | Bengalski | Bia\u0142oruski | Birma\u0144ski | Bo\u015bniacki | Brazylijski | Bu\u0142garski | Kanto\u0144ski | Katalo\u0144ski | Syngaleski | Chi\u0144ski | Chi\u0144ski uproszczony | Chi\u0144ski tradycyjny | Korea\u0144ski | Chorwacki | Du\u0144ski | Dari | Esto\u0144ski | Ewe | Perski (Farsi) | Fi\u0144ski | Gruzi\u0144ski | Grecki | Guarani | Hebrajski | Hindi | W\u0119gierski | Indonezyjski | W\u0142oski | Japo\u0144ski | Kazachski | Khmerski | Kirgiski | Kurdyjski | Laota\u0144ski | \u0141otewski | Lingala | Litewski | Macedo\u0144ski | Malajski | Malajalam | Mandary\u0144ski | Mo\u0142dawski | Mongolski | Czarnog\u00f3rski | Niderlandzki | Norweski | Urdu | Uzbecki | Paszto | Pend\u017cabski | Perski | Fulani | Polski | Hiszpa\u0144ski | Keczua | Rumu\u0144ski | Rosyjski | Serbski | S\u0142owacki | S\u0142owe\u0144ski | Szwedzki | Tamilski | Czeski | Tajski | Turecki | Turkme\u0144ski | Ukrai\u0144ski | Wietnamski | Portugalski<\/p>\n<h3 data-start=\"2692\" data-end=\"2729\"><strong data-start=\"2692\" data-end=\"2727\">Lista przyk\u0142adowych dokument\u00f3w:<\/strong><\/h3>\n<p style=\"text-align: justify;\" data-start=\"2731\" data-end=\"3107\">Akt urodzenia | akt ma\u0142\u017ce\u0144stwa | akt stanu cywilnego | za\u015bwiadczenie | patent | za\u015bwiadczenie o niekaralno\u015bci | certyfikat | za\u015bwiadczenie o stanie wolnym | akt zgonu | ksi\u0119ga rodzinna | \u015bwiadectwo pracy | deklaracja podatkowa | dyplom | paszport | prawo jazdy | testament | wiza | umowa | umowa rozwodowa | umowa ma\u0142\u017ce\u0144ska | wyrok | post\u0119powanie | pe\u0142nomocnictwo | protok\u00f3\u0142<\/p>\n<p data-start=\"3109\" data-end=\"3199\"><strong data-start=\"3109\" data-end=\"3197\">Rodzaje uwierzytelnie\u0144 i legalizacji (przysi\u0119g\u0142y t\u0142umacz afrikaans Warszawa):<\/strong><\/p>\n<ul>\n<li style=\"text-align: justify;\" data-start=\"3202\" data-end=\"3288\"><strong>T\u0142umaczenie uwierzytelnione:<\/strong> dostarczamy t\u0142umaczenie opatrzone piecz\u0119ci\u0105 i podpisem.<\/li>\n<li style=\"text-align: justify;\" data-start=\"3202\" data-end=\"3288\"><strong>T\u0142umaczenie przysi\u0119g\u0142e:<\/strong> to t\u0142umaczenie wykonane i po\u015bwiadczone piecz\u0119ci\u0105 oraz podpisem t\u0142umacza przysi\u0119g\u0142ego wpisanego na list\u0119 Ministerstwa Sprawiedliwo\u015bci, wymagane w Polsce i za granic\u0105 dla dokument\u00f3w maj\u0105cych moc prawn\u0105, takich jak akty stanu cywilnego, wyroki s\u0105dowe, umowy czy dyplomy.<\/li>\n<li style=\"text-align: justify;\" data-start=\"3291\" data-end=\"3371\"><strong>T\u0142umaczenie legalizowane:<\/strong> notariusz potwierdza podpis t\u0142umacza na t\u0142umaczeniu.<\/li>\n<li style=\"text-align: justify;\" data-start=\"3374\" data-end=\"3441\"><strong>T\u0142umaczenie z apostille:<\/strong> Kancelaria legalizuje podpis notariusza.<\/li>\n<li style=\"text-align: justify;\" data-start=\"3444\" data-end=\"3561\"><strong>T\u0142umaczenie legalizowane przez ambasad\u0119 lub konsulat:<\/strong> organizujemy finaln\u0105 legalizacj\u0119 w ambasadzie lub konsulacie.<\/li>\n<\/ul>\n<p style=\"text-align: justify;\" data-start=\"3563\" data-end=\"3861\">Dzi\u0119ki odpowiedniemu uwierzytelnieniu t\u0142umaczenia s\u0105 akceptowane w Polsce i za granic\u0105. W przypadku pyta\u0144 dotycz\u0105cych rodzaju certyfikacji potrzebnej dla Twoich dokument\u00f3w, skontaktuj si\u0119 z naszym zespo\u0142em. Pomo\u017cemy Ci przej\u015b\u0107 przez ca\u0142y proces (przysi\u0119g\u0142y t\u0142umacz afrikaans Warszawa).<\/p>\n<p data-start=\"3863\" data-end=\"3894\">Czekamy na wsp\u00f3\u0142prac\u0119 z Tob\u0105.<\/p>\n<p data-start=\"3896\" data-end=\"3921\"><a href=\"https:\/\/abc-office.eu\/pl\/kontakt\/\"><strong data-start=\"3896\" data-end=\"3919\">ABC Translation LLC<\/strong><\/a><\/p>\n<p data-start=\"3896\" data-end=\"3921\"><img loading=\"lazy\" decoding=\"async\" class=\"aligncenter wp-image-271\" src=\"https:\/\/abc-office.ch\/wp-content\/uploads\/2018\/06\/imageedit_1_6241191614.gif\" alt=\"Przysi\u0119g\u0142y t\u0142umacz afrikaans Warszawa\" width=\"437\" height=\"437\" \/><\/p>\n","protected":false},"excerpt":{"rendered":"<p>Przysi\u0119g\u0142y t\u0142umacz afrikaans Warszawa Nasze biuro t\u0142umacze\u0144 specjalizuje si\u0119 w t\u0142umaczeniach uwierzytelnionych i przysi\u0119g\u0142ych z i na j\u0119zyk afrikaans. Nasi t\u0142umacze przysi\u0119gli j\u0119zyka afrikaans z siedzib\u0105 w Warszawie mog\u0105 szybko zrealizowa\u0107 Twoje zlecenie. Wystarczy, \u017ce otrzymamy kopi\u0119 dokument\u00f3w, kt\u00f3re maj\u0105 zosta\u0107 przet\u0142umaczone (akceptujemy wszystkie formaty). Orygina\u0142y dokument\u00f3w nie s\u0105 wymagane (przysi\u0119g\u0142y t\u0142umacz afrikaans Warszawa). Po&#8230;<\/p>\n","protected":false},"author":1,"featured_media":225935,"parent":225986,"menu_order":0,"comment_status":"closed","ping_status":"closed","template":"","meta":{"sfsi_plus_gutenberg_text_before_share":"","sfsi_plus_gutenberg_show_text_before_share":"","sfsi_plus_gutenberg_icon_type":"","sfsi_plus_gutenberg_icon_alignemt":"","sfsi_plus_gutenburg_max_per_row":"","footnotes":""},"class_list":["post-225997","page","type-page","status-publish","has-post-thumbnail","hentry"],"yoast_head":"<!-- This site is optimized with the Yoast SEO plugin v23.8 - https:\/\/yoast.com\/wordpress\/plugins\/seo\/ -->\n<title>Przysi\u0119g\u0142y t\u0142umacz afrikaans Warszawa l T\u0142umacz uwierzytelniony<\/title>\n<meta name=\"description\" content=\"ABC Translation | Przysi\u0119g\u0142y t\u0142umacz afrikaans Warszawa | Uwierzytelniony t\u0142umacz j\u0119zyka afrikaans Warszawa | Oficjalny t\u0142umacz\" \/>\n<meta name=\"robots\" content=\"index, follow, max-snippet:-1, max-image-preview:large, max-video-preview:-1\" \/>\n<link rel=\"canonical\" href=\"https:\/\/abc-office.eu\/pl\/polska\/tlumacz-przysiegly-polska\/tlumacz-przysiegly-warszawa\/przysiegly-tlumacz-afrikaans-warszawa\/\" \/>\n<meta property=\"og:locale\" content=\"pl_PL\" \/>\n<meta property=\"og:type\" content=\"article\" \/>\n<meta property=\"og:title\" content=\"Przysi\u0119g\u0142y t\u0142umacz afrikaans Warszawa l T\u0142umacz uwierzytelniony\" \/>\n<meta property=\"og:description\" content=\"ABC Translation | Przysi\u0119g\u0142y t\u0142umacz afrikaans Warszawa | Uwierzytelniony t\u0142umacz j\u0119zyka afrikaans Warszawa | Oficjalny t\u0142umacz\" \/>\n<meta property=\"og:url\" content=\"https:\/\/abc-office.eu\/pl\/polska\/tlumacz-przysiegly-polska\/tlumacz-przysiegly-warszawa\/przysiegly-tlumacz-afrikaans-warszawa\/\" \/>\n<meta property=\"og:site_name\" content=\"ABC Translation\" \/>\n<meta property=\"article:modified_time\" content=\"2025-10-14T08:13:46+00:00\" \/>\n<meta property=\"og:image\" content=\"https:\/\/abc-office.eu\/wp-content\/uploads\/2025\/10\/Afrikaans.jpg\" \/>\n\t<meta property=\"og:image:width\" content=\"669\" \/>\n\t<meta property=\"og:image:height\" content=\"491\" \/>\n\t<meta property=\"og:image:type\" content=\"image\/jpeg\" \/>\n<meta name=\"twitter:card\" content=\"summary_large_image\" \/>\n<meta name=\"twitter:label1\" content=\"Szacowany czas czytania\" \/>\n\t<meta name=\"twitter:data1\" content=\"3 minuty\" \/>\n<script type=\"application\/ld+json\" class=\"yoast-schema-graph\">{\"@context\":\"https:\/\/schema.org\",\"@graph\":[{\"@type\":\"WebPage\",\"@id\":\"https:\/\/abc-office.eu\/pl\/polska\/tlumacz-przysiegly-polska\/tlumacz-przysiegly-warszawa\/przysiegly-tlumacz-afrikaans-warszawa\/\",\"url\":\"https:\/\/abc-office.eu\/pl\/polska\/tlumacz-przysiegly-polska\/tlumacz-przysiegly-warszawa\/przysiegly-tlumacz-afrikaans-warszawa\/\",\"name\":\"Przysi\u0119g\u0142y t\u0142umacz afrikaans Warszawa l T\u0142umacz uwierzytelniony\",\"isPartOf\":{\"@id\":\"https:\/\/abc-office.eu\/pl\/#website\"},\"primaryImageOfPage\":{\"@id\":\"https:\/\/abc-office.eu\/pl\/polska\/tlumacz-przysiegly-polska\/tlumacz-przysiegly-warszawa\/przysiegly-tlumacz-afrikaans-warszawa\/#primaryimage\"},\"image\":{\"@id\":\"https:\/\/abc-office.eu\/pl\/polska\/tlumacz-przysiegly-polska\/tlumacz-przysiegly-warszawa\/przysiegly-tlumacz-afrikaans-warszawa\/#primaryimage\"},\"thumbnailUrl\":\"https:\/\/abc-office.eu\/wp-content\/uploads\/2025\/10\/Afrikaans.jpg\",\"datePublished\":\"2024-08-05T08:30:33+00:00\",\"dateModified\":\"2025-10-14T08:13:46+00:00\",\"description\":\"ABC Translation | Przysi\u0119g\u0142y t\u0142umacz afrikaans Warszawa | Uwierzytelniony t\u0142umacz j\u0119zyka afrikaans Warszawa | Oficjalny t\u0142umacz\",\"breadcrumb\":{\"@id\":\"https:\/\/abc-office.eu\/pl\/polska\/tlumacz-przysiegly-polska\/tlumacz-przysiegly-warszawa\/przysiegly-tlumacz-afrikaans-warszawa\/#breadcrumb\"},\"inLanguage\":\"pl-PL\",\"potentialAction\":[{\"@type\":\"ReadAction\",\"target\":[\"https:\/\/abc-office.eu\/pl\/polska\/tlumacz-przysiegly-polska\/tlumacz-przysiegly-warszawa\/przysiegly-tlumacz-afrikaans-warszawa\/\"]}]},{\"@type\":\"ImageObject\",\"inLanguage\":\"pl-PL\",\"@id\":\"https:\/\/abc-office.eu\/pl\/polska\/tlumacz-przysiegly-polska\/tlumacz-przysiegly-warszawa\/przysiegly-tlumacz-afrikaans-warszawa\/#primaryimage\",\"url\":\"https:\/\/abc-office.eu\/wp-content\/uploads\/2025\/10\/Afrikaans.jpg\",\"contentUrl\":\"https:\/\/abc-office.eu\/wp-content\/uploads\/2025\/10\/Afrikaans.jpg\",\"width\":669,\"height\":491},{\"@type\":\"BreadcrumbList\",\"@id\":\"https:\/\/abc-office.eu\/pl\/polska\/tlumacz-przysiegly-polska\/tlumacz-przysiegly-warszawa\/przysiegly-tlumacz-afrikaans-warszawa\/#breadcrumb\",\"itemListElement\":[{\"@type\":\"ListItem\",\"position\":1,\"name\":\"Accueil\",\"item\":\"https:\/\/abc-office.eu\/pl\/\"},{\"@type\":\"ListItem\",\"position\":2,\"name\":\"Polska\",\"item\":\"https:\/\/abc-office.eu\/pl\/polska\/\"},{\"@type\":\"ListItem\",\"position\":3,\"name\":\"T\u0142umacz przysi\u0119g\u0142y Polska\",\"item\":\"https:\/\/abc-office.eu\/pl\/polska\/tlumacz-przysiegly-polska\/\"},{\"@type\":\"ListItem\",\"position\":4,\"name\":\"T\u0142umacz przysi\u0119g\u0142y Warszawa\",\"item\":\"https:\/\/abc-office.eu\/pl\/polska\/tlumacz-przysiegly-polska\/tlumacz-przysiegly-warszawa\/\"},{\"@type\":\"ListItem\",\"position\":5,\"name\":\"Przysi\u0119g\u0142y t\u0142umacz afrikaans Warszawa\"}]},{\"@type\":\"WebSite\",\"@id\":\"https:\/\/abc-office.eu\/pl\/#website\",\"url\":\"https:\/\/abc-office.eu\/pl\/\",\"name\":\"ABC Translation\",\"description\":\"info@abc-office.eu\",\"potentialAction\":[{\"@type\":\"SearchAction\",\"target\":{\"@type\":\"EntryPoint\",\"urlTemplate\":\"https:\/\/abc-office.eu\/pl\/?s={search_term_string}\"},\"query-input\":{\"@type\":\"PropertyValueSpecification\",\"valueRequired\":true,\"valueName\":\"search_term_string\"}}],\"inLanguage\":\"pl-PL\"}]}<\/script>\n<!-- \/ Yoast SEO plugin. -->","yoast_head_json":{"title":"Przysi\u0119g\u0142y t\u0142umacz afrikaans Warszawa l T\u0142umacz uwierzytelniony","description":"ABC Translation | Przysi\u0119g\u0142y t\u0142umacz afrikaans Warszawa | Uwierzytelniony t\u0142umacz j\u0119zyka afrikaans Warszawa | Oficjalny t\u0142umacz","robots":{"index":"index","follow":"follow","max-snippet":"max-snippet:-1","max-image-preview":"max-image-preview:large","max-video-preview":"max-video-preview:-1"},"canonical":"https:\/\/abc-office.eu\/pl\/polska\/tlumacz-przysiegly-polska\/tlumacz-przysiegly-warszawa\/przysiegly-tlumacz-afrikaans-warszawa\/","og_locale":"pl_PL","og_type":"article","og_title":"Przysi\u0119g\u0142y t\u0142umacz afrikaans Warszawa l T\u0142umacz uwierzytelniony","og_description":"ABC Translation | Przysi\u0119g\u0142y t\u0142umacz afrikaans Warszawa | Uwierzytelniony t\u0142umacz j\u0119zyka afrikaans Warszawa | Oficjalny t\u0142umacz","og_url":"https:\/\/abc-office.eu\/pl\/polska\/tlumacz-przysiegly-polska\/tlumacz-przysiegly-warszawa\/przysiegly-tlumacz-afrikaans-warszawa\/","og_site_name":"ABC Translation","article_modified_time":"2025-10-14T08:13:46+00:00","og_image":[{"width":669,"height":491,"url":"https:\/\/abc-office.eu\/wp-content\/uploads\/2025\/10\/Afrikaans.jpg","type":"image\/jpeg"}],"twitter_card":"summary_large_image","twitter_misc":{"Szacowany czas czytania":"3 minuty"},"schema":{"@context":"https:\/\/schema.org","@graph":[{"@type":"WebPage","@id":"https:\/\/abc-office.eu\/pl\/polska\/tlumacz-przysiegly-polska\/tlumacz-przysiegly-warszawa\/przysiegly-tlumacz-afrikaans-warszawa\/","url":"https:\/\/abc-office.eu\/pl\/polska\/tlumacz-przysiegly-polska\/tlumacz-przysiegly-warszawa\/przysiegly-tlumacz-afrikaans-warszawa\/","name":"Przysi\u0119g\u0142y t\u0142umacz afrikaans Warszawa l T\u0142umacz uwierzytelniony","isPartOf":{"@id":"https:\/\/abc-office.eu\/pl\/#website"},"primaryImageOfPage":{"@id":"https:\/\/abc-office.eu\/pl\/polska\/tlumacz-przysiegly-polska\/tlumacz-przysiegly-warszawa\/przysiegly-tlumacz-afrikaans-warszawa\/#primaryimage"},"image":{"@id":"https:\/\/abc-office.eu\/pl\/polska\/tlumacz-przysiegly-polska\/tlumacz-przysiegly-warszawa\/przysiegly-tlumacz-afrikaans-warszawa\/#primaryimage"},"thumbnailUrl":"https:\/\/abc-office.eu\/wp-content\/uploads\/2025\/10\/Afrikaans.jpg","datePublished":"2024-08-05T08:30:33+00:00","dateModified":"2025-10-14T08:13:46+00:00","description":"ABC Translation | Przysi\u0119g\u0142y t\u0142umacz afrikaans Warszawa | Uwierzytelniony t\u0142umacz j\u0119zyka afrikaans Warszawa | Oficjalny t\u0142umacz","breadcrumb":{"@id":"https:\/\/abc-office.eu\/pl\/polska\/tlumacz-przysiegly-polska\/tlumacz-przysiegly-warszawa\/przysiegly-tlumacz-afrikaans-warszawa\/#breadcrumb"},"inLanguage":"pl-PL","potentialAction":[{"@type":"ReadAction","target":["https:\/\/abc-office.eu\/pl\/polska\/tlumacz-przysiegly-polska\/tlumacz-przysiegly-warszawa\/przysiegly-tlumacz-afrikaans-warszawa\/"]}]},{"@type":"ImageObject","inLanguage":"pl-PL","@id":"https:\/\/abc-office.eu\/pl\/polska\/tlumacz-przysiegly-polska\/tlumacz-przysiegly-warszawa\/przysiegly-tlumacz-afrikaans-warszawa\/#primaryimage","url":"https:\/\/abc-office.eu\/wp-content\/uploads\/2025\/10\/Afrikaans.jpg","contentUrl":"https:\/\/abc-office.eu\/wp-content\/uploads\/2025\/10\/Afrikaans.jpg","width":669,"height":491},{"@type":"BreadcrumbList","@id":"https:\/\/abc-office.eu\/pl\/polska\/tlumacz-przysiegly-polska\/tlumacz-przysiegly-warszawa\/przysiegly-tlumacz-afrikaans-warszawa\/#breadcrumb","itemListElement":[{"@type":"ListItem","position":1,"name":"Accueil","item":"https:\/\/abc-office.eu\/pl\/"},{"@type":"ListItem","position":2,"name":"Polska","item":"https:\/\/abc-office.eu\/pl\/polska\/"},{"@type":"ListItem","position":3,"name":"T\u0142umacz przysi\u0119g\u0142y Polska","item":"https:\/\/abc-office.eu\/pl\/polska\/tlumacz-przysiegly-polska\/"},{"@type":"ListItem","position":4,"name":"T\u0142umacz przysi\u0119g\u0142y Warszawa","item":"https:\/\/abc-office.eu\/pl\/polska\/tlumacz-przysiegly-polska\/tlumacz-przysiegly-warszawa\/"},{"@type":"ListItem","position":5,"name":"Przysi\u0119g\u0142y t\u0142umacz afrikaans Warszawa"}]},{"@type":"WebSite","@id":"https:\/\/abc-office.eu\/pl\/#website","url":"https:\/\/abc-office.eu\/pl\/","name":"ABC Translation","description":"info@abc-office.eu","potentialAction":[{"@type":"SearchAction","target":{"@type":"EntryPoint","urlTemplate":"https:\/\/abc-office.eu\/pl\/?s={search_term_string}"},"query-input":{"@type":"PropertyValueSpecification","valueRequired":true,"valueName":"search_term_string"}}],"inLanguage":"pl-PL"}]}},"_links":{"self":[{"href":"https:\/\/abc-office.eu\/pl\/wp-json\/wp\/v2\/pages\/225997","targetHints":{"allow":["GET"]}}],"collection":[{"href":"https:\/\/abc-office.eu\/pl\/wp-json\/wp\/v2\/pages"}],"about":[{"href":"https:\/\/abc-office.eu\/pl\/wp-json\/wp\/v2\/types\/page"}],"author":[{"embeddable":true,"href":"https:\/\/abc-office.eu\/pl\/wp-json\/wp\/v2\/users\/1"}],"replies":[{"embeddable":true,"href":"https:\/\/abc-office.eu\/pl\/wp-json\/wp\/v2\/comments?post=225997"}],"version-history":[{"count":3,"href":"https:\/\/abc-office.eu\/pl\/wp-json\/wp\/v2\/pages\/225997\/revisions"}],"predecessor-version":[{"id":226495,"href":"https:\/\/abc-office.eu\/pl\/wp-json\/wp\/v2\/pages\/225997\/revisions\/226495"}],"up":[{"embeddable":true,"href":"https:\/\/abc-office.eu\/pl\/wp-json\/wp\/v2\/pages\/225986"}],"wp:featuredmedia":[{"embeddable":true,"href":"https:\/\/abc-office.eu\/pl\/wp-json\/wp\/v2\/media\/225935"}],"wp:attachment":[{"href":"https:\/\/abc-office.eu\/pl\/wp-json\/wp\/v2\/media?parent=225997"}],"curies":[{"name":"wp","href":"https:\/\/api.w.org\/{rel}","templated":true}]}}