{"id":225986,"date":"2024-08-05T10:27:23","date_gmt":"2024-08-05T08:27:23","guid":{"rendered":"https:\/\/abc-office.eu\/?page_id=225986"},"modified":"2025-10-14T10:04:48","modified_gmt":"2025-10-14T08:04:48","slug":"tlumacz-przysiegly-warszawa","status":"publish","type":"page","link":"https:\/\/abc-office.eu\/pl\/polska\/tlumacz-przysiegly-polska\/tlumacz-przysiegly-warszawa\/","title":{"rendered":"T\u0142umacz przysi\u0119g\u0142y Warszawa"},"content":{"rendered":"<h2>T\u0142umacz przysi\u0119g\u0142y Warszawa<\/h2>\n<p style=\"text-align: justify;\">Nasza agencja t\u0142umacze\u0144 specjalizuje si\u0119 w t\u0142umaczeniach przysi\u0119g\u0142ych i uwierzytelnionych w ponad 80 j\u0119zykach. Nasz zesp\u00f3\u0142 z siedzib\u0105 w Warszawie mo\u017ce szybko zrealizowa\u0107 Pa\u0144stwa zlecenie. Wystarczy przes\u0142a\u0107 nam kopi\u0119 dokument\u00f3w, kt\u00f3re maj\u0105 zosta\u0107 przet\u0142umaczone (akceptujemy wszystkie formaty). Orygina\u0142y dokument\u00f3w nie s\u0105 ju\u017c wymagane (t\u0142umacz przysi\u0119g\u0142y Warszawa).<\/p>\n<ol>\n<li style=\"text-align: justify;\">Po pierwsze, prosimy o skorzystanie z naszego adresu e-mail (<a href=\"mailto:info@abc-office.eu\">info@abc-office.eu<\/a>), formularza kontaktowego lub linku do WhatsApp.<\/li>\n<li style=\"text-align: justify;\">Po drugie, prosimy o wskazanie j\u0119zyka, w kt\u00f3rym chc\u0105 Pa\u0144stwo otrzyma\u0107 t\u0142umaczenie, oraz informacji, czy t\u0142umaczenie powinno by\u0107 uwierzytelnione notarialnie i\/lub opatrzone apostille (Kancelaria).<\/li>\n<li style=\"text-align: justify;\">Po trzecie, jeden z naszych kierownik\u00f3w projekt\u00f3w szybko przygotuje wycen\u0119, podaj\u0105c cen\u0119 oraz czas realizacji projektu. Zwykle odpowiadamy w ci\u0105gu 30 minut. Je\u015bli jednak nie otrzymaj\u0105 Pa\u0144stwo odpowiedzi w ci\u0105gu godziny, prosimy o kontakt telefoniczny.<\/li>\n<li style=\"text-align: justify;\">Po czwarte i najwa\u017cniejsze, po zaakceptowaniu wyceny rozpoczynamy proces t\u0142umaczenia i wysy\u0142amy t\u0142umaczenia przysi\u0119g\u0142e poczt\u0105. Je\u017celi potrzebna jest r\u00f3wnie\u017c kopia t\u0142umaczenia w formie elektronicznej, prosimy poinformowa\u0107 o tym kierownika projektu \u2013 wy\u015blemy j\u0105 e-mailem jeszcze przed wysy\u0142k\u0105 orygina\u0142u.<\/li>\n<\/ol>\n<h3 data-start=\"1399\" data-end=\"1423\">Terminy realizacji<\/h3>\n<p style=\"text-align: justify;\" data-start=\"1425\" data-end=\"1679\">T\u0142umaczenia przysi\u0119g\u0142e s\u0105 wysy\u0142ane poczt\u0105, kurierem DHL i\/lub e-mailem w ci\u0105gu 2\u20133 dni roboczych. Wszystko zale\u017cy jednak od obj\u0119to\u015bci i stopnia trudno\u015bci dokument\u00f3w. Na przyk\u0142ad dokument jednostronicowy otrzymaj\u0105 Pa\u0144stwo w ci\u0105gu 2 dni roboczych poczt\u0105.<\/p>\n<h3 data-start=\"1686\" data-end=\"1698\">J\u0119zyki<\/h3>\n<p style=\"text-align: justify;\" data-start=\"1700\" data-end=\"2620\">Afrikaans | Alba\u0144ski | Niemiecki | Ameryka\u0144ski | Amharski | Angielski | Arabski | Arme\u0144ski | Ajmara | Azerski | Baskijski | Bengalski | Bia\u0142oruski | Birma\u0144ski | Bo\u015bniacki | Brazylijski | Bu\u0142garski | Kanto\u0144ski | Katalo\u0144ski | Syngaleski | Chi\u0144ski | Chi\u0144ski uproszczony | Chi\u0144ski tradycyjny | Korea\u0144ski | Chorwacki | Du\u0144ski | Dari | Hiszpa\u0144ski | Esto\u0144ski | Ewe | Perski (Farsi) | Fi\u0144ski | Gruzi\u0144ski | Grecki | Guarani | Hebrajski | Hindi | W\u0119gierski | Indonezyjski | W\u0142oski | Japo\u0144ski | Kazachski | Khmerski | Kirgiski | Kurdyjski | Laota\u0144ski | \u0141otewski | Lingala | Litewski | Macedo\u0144ski | Malajski | Malajalam | Mandary\u0144ski | Mo\u0142dawski | Mongolski | Czarnog\u00f3rski | Niderlandzki | Norweski | Urdu | Uzbecki | Paszto | Pend\u017cabski | Perski | Fulani | Polski | Portugalski | Keczua | Rumu\u0144ski | Rosyjski | Serbski | S\u0142owacki | S\u0142owe\u0144ski | Szwedzki | Tamilski | Czeski | Tajski | Turecki | Turkme\u0144ski | Ukrai\u0144ski | Wietnamski<\/p>\n<h3 data-start=\"2627\" data-end=\"2642\">Dokumenty<\/h3>\n<p style=\"text-align: justify;\" data-start=\"2644\" data-end=\"3014\">Akt urodzenia | akt ma\u0142\u017ce\u0144stwa | akt stanu cywilnego | za\u015bwiadczenie | patent | za\u015bwiadczenie o niekaralno\u015bci | \u015bwiadectwo | za\u015bwiadczenie o stanie wolnym | akt zgonu | ksi\u0119ga rodzinna | \u015bwiadectwo pracy | deklaracja podatkowa | dyplom | paszport | prawo jazdy | testament | wiza | umowa | umowa rozwodowa | intercyza | wyrok | post\u0119powanie | pe\u0142nomocnictwo | protok\u00f3\u0142<\/p>\n<h3 data-start=\"3021\" data-end=\"3108\">Najcz\u0119stsze rodzaje uwierzytelnie\u0144\/legalizacji (t\u0142umaczenie przysi\u0119g\u0142e Warszawa):<\/h3>\n<ul>\n<li style=\"text-align: justify;\" data-start=\"3112\" data-end=\"3204\"><strong data-start=\"3112\" data-end=\"3138\">T\u0142umaczenie przysi\u0119g\u0142e<\/strong> \u2013 dostarczamy t\u0142umaczenie opatrzone nasz\u0105 piecz\u0119ci\u0105 i podpisem.<\/li>\n<li style=\"text-align: justify;\" data-start=\"3112\" data-end=\"3204\"><strong>T\u0142umaczenie przysi\u0119g\u0142e<\/strong>: to t\u0142umaczenie wykonane i po\u015bwiadczone piecz\u0119ci\u0105 oraz podpisem t\u0142umacza przysi\u0119g\u0142ego wpisanego na list\u0119 Ministerstwa Sprawiedliwo\u015bci, wymagane w Polsce i za granic\u0105 dla dokument\u00f3w maj\u0105cych moc prawn\u0105, takich jak akty stanu cywilnego, wyroki s\u0105dowe, umowy czy dyplomy.<\/li>\n<li style=\"text-align: justify;\" data-start=\"3207\" data-end=\"3294\"><strong data-start=\"3207\" data-end=\"3237\">T\u0142umaczenie zalegalizowane<\/strong> \u2013 notariusz po\u015bwiadcza podpis t\u0142umacza na t\u0142umaczeniu.<\/li>\n<li style=\"text-align: justify;\" data-start=\"3297\" data-end=\"3369\"><strong data-start=\"3297\" data-end=\"3324\">T\u0142umaczenie z apostille<\/strong> \u2013 Kancelaria po\u015bwiadcza podpis notariusza.<\/li>\n<li data-start=\"3467\" data-end=\"3591\"><strong>T\u0142umaczenie zalegalizowane przez ambasad\u0119 lub konsulat:<\/strong> ambasada lub konsulat legalizuj\u0105 t\u0142umaczenie do u\u017cytku za granic\u0105.<\/li>\n<\/ul>\n<p style=\"text-align: justify;\" data-start=\"3376\" data-end=\"3662\">Dzi\u0119ki odpowiedniej certyfikacji t\u0142umaczenia b\u0119d\u0105 akceptowane w Polsce i za granic\u0105. W przypadku pyta\u0144 dotycz\u0105cych rodzaju uwierzytelnienia wymaganego dla Pa\u0144stwa dokument\u00f3w prosimy o kontakt z naszym zespo\u0142em. Poprowadzimy Pa\u0144stwa przez ca\u0142y proces (t\u0142umaczenie przysi\u0119g\u0142e Warszawa).<\/p>\n<p style=\"text-align: justify;\" data-start=\"3664\" data-end=\"3718\">Z niecierpliwo\u015bci\u0105 czekamy na wsp\u00f3\u0142prac\u0119 z Pa\u0144stwem.<\/p>\n<p style=\"text-align: justify;\" data-start=\"3720\" data-end=\"3745\"><a href=\"https:\/\/abc-office.eu\/pl\/kontakt\/\"><strong data-start=\"3720\" data-end=\"3743\">ABC Translation LLC<\/strong><\/a><\/p>\n<p data-start=\"3720\" data-end=\"3745\"><img loading=\"lazy\" decoding=\"async\" class=\"aligncenter wp-image-271\" src=\"https:\/\/abc-office.ch\/wp-content\/uploads\/2018\/06\/imageedit_1_6241191614.gif\" alt=\"T\u0142umacz przysi\u0119g\u0142y Warszawa\" width=\"437\" height=\"437\" \/><\/p>\n","protected":false},"excerpt":{"rendered":"<p>T\u0142umacz przysi\u0119g\u0142y Warszawa Nasza agencja t\u0142umacze\u0144 specjalizuje si\u0119 w t\u0142umaczeniach przysi\u0119g\u0142ych i uwierzytelnionych w ponad 80 j\u0119zykach. Nasz zesp\u00f3\u0142 z siedzib\u0105 w Warszawie mo\u017ce szybko zrealizowa\u0107 Pa\u0144stwa zlecenie. Wystarczy przes\u0142a\u0107 nam kopi\u0119 dokument\u00f3w, kt\u00f3re maj\u0105 zosta\u0107 przet\u0142umaczone (akceptujemy wszystkie formaty). Orygina\u0142y dokument\u00f3w nie s\u0105 ju\u017c wymagane (t\u0142umacz przysi\u0119g\u0142y Warszawa). Po pierwsze, prosimy o skorzystanie z&#8230;<\/p>\n","protected":false},"author":1,"featured_media":225987,"parent":225984,"menu_order":0,"comment_status":"closed","ping_status":"closed","template":"","meta":{"sfsi_plus_gutenberg_text_before_share":"","sfsi_plus_gutenberg_show_text_before_share":"","sfsi_plus_gutenberg_icon_type":"","sfsi_plus_gutenberg_icon_alignemt":"","sfsi_plus_gutenburg_max_per_row":"","footnotes":""},"class_list":["post-225986","page","type-page","status-publish","has-post-thumbnail","hentry"],"yoast_head":"<!-- This site is optimized with the Yoast SEO plugin v23.8 - https:\/\/yoast.com\/wordpress\/plugins\/seo\/ -->\n<title>T\u0142umacz przysi\u0119g\u0142y Warszawa | T\u0142umaczenie przysi\u0119g\u0142e Warszawa<\/title>\n<meta name=\"description\" content=\"ABC Translation | T\u0142umaczenie po\u015bwiadczone Warszawa | T\u0142umacz przysi\u0119g\u0142y Warszawa | T\u0142umaczenie oficjalne Warszawa | Po\u015bwiadczone notarialnie\" \/>\n<meta name=\"robots\" content=\"index, follow, max-snippet:-1, max-image-preview:large, max-video-preview:-1\" \/>\n<link rel=\"canonical\" href=\"https:\/\/abc-office.eu\/pl\/polska\/tlumacz-przysiegly-polska\/tlumacz-przysiegly-warszawa\/\" \/>\n<meta property=\"og:locale\" content=\"pl_PL\" \/>\n<meta property=\"og:type\" content=\"article\" \/>\n<meta property=\"og:title\" content=\"T\u0142umacz przysi\u0119g\u0142y Warszawa | T\u0142umaczenie przysi\u0119g\u0142e Warszawa\" \/>\n<meta property=\"og:description\" content=\"ABC Translation | T\u0142umaczenie po\u015bwiadczone Warszawa | T\u0142umacz przysi\u0119g\u0142y Warszawa | T\u0142umaczenie oficjalne Warszawa | Po\u015bwiadczone notarialnie\" \/>\n<meta property=\"og:url\" content=\"https:\/\/abc-office.eu\/pl\/polska\/tlumacz-przysiegly-polska\/tlumacz-przysiegly-warszawa\/\" \/>\n<meta property=\"og:site_name\" content=\"ABC Translation\" \/>\n<meta property=\"article:modified_time\" content=\"2025-10-14T08:04:48+00:00\" \/>\n<meta property=\"og:image\" content=\"https:\/\/abc-office.eu\/wp-content\/uploads\/2025\/10\/Warsaw-768x446-1.jpg\" \/>\n\t<meta property=\"og:image:width\" content=\"768\" \/>\n\t<meta property=\"og:image:height\" content=\"446\" \/>\n\t<meta property=\"og:image:type\" content=\"image\/jpeg\" \/>\n<meta name=\"twitter:card\" content=\"summary_large_image\" \/>\n<meta name=\"twitter:label1\" content=\"Szacowany czas czytania\" \/>\n\t<meta name=\"twitter:data1\" content=\"3 minuty\" \/>\n<script type=\"application\/ld+json\" class=\"yoast-schema-graph\">{\"@context\":\"https:\/\/schema.org\",\"@graph\":[{\"@type\":\"WebPage\",\"@id\":\"https:\/\/abc-office.eu\/pl\/polska\/tlumacz-przysiegly-polska\/tlumacz-przysiegly-warszawa\/\",\"url\":\"https:\/\/abc-office.eu\/pl\/polska\/tlumacz-przysiegly-polska\/tlumacz-przysiegly-warszawa\/\",\"name\":\"T\u0142umacz przysi\u0119g\u0142y Warszawa | T\u0142umaczenie przysi\u0119g\u0142e Warszawa\",\"isPartOf\":{\"@id\":\"https:\/\/abc-office.eu\/pl\/#website\"},\"primaryImageOfPage\":{\"@id\":\"https:\/\/abc-office.eu\/pl\/polska\/tlumacz-przysiegly-polska\/tlumacz-przysiegly-warszawa\/#primaryimage\"},\"image\":{\"@id\":\"https:\/\/abc-office.eu\/pl\/polska\/tlumacz-przysiegly-polska\/tlumacz-przysiegly-warszawa\/#primaryimage\"},\"thumbnailUrl\":\"https:\/\/abc-office.eu\/wp-content\/uploads\/2025\/10\/Warsaw-768x446-1.jpg\",\"datePublished\":\"2024-08-05T08:27:23+00:00\",\"dateModified\":\"2025-10-14T08:04:48+00:00\",\"description\":\"ABC Translation | T\u0142umaczenie po\u015bwiadczone Warszawa | T\u0142umacz przysi\u0119g\u0142y Warszawa | T\u0142umaczenie oficjalne Warszawa | Po\u015bwiadczone notarialnie\",\"breadcrumb\":{\"@id\":\"https:\/\/abc-office.eu\/pl\/polska\/tlumacz-przysiegly-polska\/tlumacz-przysiegly-warszawa\/#breadcrumb\"},\"inLanguage\":\"pl-PL\",\"potentialAction\":[{\"@type\":\"ReadAction\",\"target\":[\"https:\/\/abc-office.eu\/pl\/polska\/tlumacz-przysiegly-polska\/tlumacz-przysiegly-warszawa\/\"]}]},{\"@type\":\"ImageObject\",\"inLanguage\":\"pl-PL\",\"@id\":\"https:\/\/abc-office.eu\/pl\/polska\/tlumacz-przysiegly-polska\/tlumacz-przysiegly-warszawa\/#primaryimage\",\"url\":\"https:\/\/abc-office.eu\/wp-content\/uploads\/2025\/10\/Warsaw-768x446-1.jpg\",\"contentUrl\":\"https:\/\/abc-office.eu\/wp-content\/uploads\/2025\/10\/Warsaw-768x446-1.jpg\",\"width\":768,\"height\":446},{\"@type\":\"BreadcrumbList\",\"@id\":\"https:\/\/abc-office.eu\/pl\/polska\/tlumacz-przysiegly-polska\/tlumacz-przysiegly-warszawa\/#breadcrumb\",\"itemListElement\":[{\"@type\":\"ListItem\",\"position\":1,\"name\":\"Accueil\",\"item\":\"https:\/\/abc-office.eu\/pl\/\"},{\"@type\":\"ListItem\",\"position\":2,\"name\":\"Polska\",\"item\":\"https:\/\/abc-office.eu\/pl\/polska\/\"},{\"@type\":\"ListItem\",\"position\":3,\"name\":\"T\u0142umacz przysi\u0119g\u0142y Polska\",\"item\":\"https:\/\/abc-office.eu\/pl\/polska\/tlumacz-przysiegly-polska\/\"},{\"@type\":\"ListItem\",\"position\":4,\"name\":\"T\u0142umacz przysi\u0119g\u0142y Warszawa\"}]},{\"@type\":\"WebSite\",\"@id\":\"https:\/\/abc-office.eu\/pl\/#website\",\"url\":\"https:\/\/abc-office.eu\/pl\/\",\"name\":\"ABC Translation\",\"description\":\"info@abc-office.eu\",\"potentialAction\":[{\"@type\":\"SearchAction\",\"target\":{\"@type\":\"EntryPoint\",\"urlTemplate\":\"https:\/\/abc-office.eu\/pl\/?s={search_term_string}\"},\"query-input\":{\"@type\":\"PropertyValueSpecification\",\"valueRequired\":true,\"valueName\":\"search_term_string\"}}],\"inLanguage\":\"pl-PL\"}]}<\/script>\n<!-- \/ Yoast SEO plugin. -->","yoast_head_json":{"title":"T\u0142umacz przysi\u0119g\u0142y Warszawa | T\u0142umaczenie przysi\u0119g\u0142e Warszawa","description":"ABC Translation | T\u0142umaczenie po\u015bwiadczone Warszawa | T\u0142umacz przysi\u0119g\u0142y Warszawa | T\u0142umaczenie oficjalne Warszawa | Po\u015bwiadczone notarialnie","robots":{"index":"index","follow":"follow","max-snippet":"max-snippet:-1","max-image-preview":"max-image-preview:large","max-video-preview":"max-video-preview:-1"},"canonical":"https:\/\/abc-office.eu\/pl\/polska\/tlumacz-przysiegly-polska\/tlumacz-przysiegly-warszawa\/","og_locale":"pl_PL","og_type":"article","og_title":"T\u0142umacz przysi\u0119g\u0142y Warszawa | T\u0142umaczenie przysi\u0119g\u0142e Warszawa","og_description":"ABC Translation | T\u0142umaczenie po\u015bwiadczone Warszawa | T\u0142umacz przysi\u0119g\u0142y Warszawa | T\u0142umaczenie oficjalne Warszawa | Po\u015bwiadczone notarialnie","og_url":"https:\/\/abc-office.eu\/pl\/polska\/tlumacz-przysiegly-polska\/tlumacz-przysiegly-warszawa\/","og_site_name":"ABC Translation","article_modified_time":"2025-10-14T08:04:48+00:00","og_image":[{"width":768,"height":446,"url":"https:\/\/abc-office.eu\/wp-content\/uploads\/2025\/10\/Warsaw-768x446-1.jpg","type":"image\/jpeg"}],"twitter_card":"summary_large_image","twitter_misc":{"Szacowany czas czytania":"3 minuty"},"schema":{"@context":"https:\/\/schema.org","@graph":[{"@type":"WebPage","@id":"https:\/\/abc-office.eu\/pl\/polska\/tlumacz-przysiegly-polska\/tlumacz-przysiegly-warszawa\/","url":"https:\/\/abc-office.eu\/pl\/polska\/tlumacz-przysiegly-polska\/tlumacz-przysiegly-warszawa\/","name":"T\u0142umacz przysi\u0119g\u0142y Warszawa | T\u0142umaczenie przysi\u0119g\u0142e Warszawa","isPartOf":{"@id":"https:\/\/abc-office.eu\/pl\/#website"},"primaryImageOfPage":{"@id":"https:\/\/abc-office.eu\/pl\/polska\/tlumacz-przysiegly-polska\/tlumacz-przysiegly-warszawa\/#primaryimage"},"image":{"@id":"https:\/\/abc-office.eu\/pl\/polska\/tlumacz-przysiegly-polska\/tlumacz-przysiegly-warszawa\/#primaryimage"},"thumbnailUrl":"https:\/\/abc-office.eu\/wp-content\/uploads\/2025\/10\/Warsaw-768x446-1.jpg","datePublished":"2024-08-05T08:27:23+00:00","dateModified":"2025-10-14T08:04:48+00:00","description":"ABC Translation | T\u0142umaczenie po\u015bwiadczone Warszawa | T\u0142umacz przysi\u0119g\u0142y Warszawa | T\u0142umaczenie oficjalne Warszawa | Po\u015bwiadczone notarialnie","breadcrumb":{"@id":"https:\/\/abc-office.eu\/pl\/polska\/tlumacz-przysiegly-polska\/tlumacz-przysiegly-warszawa\/#breadcrumb"},"inLanguage":"pl-PL","potentialAction":[{"@type":"ReadAction","target":["https:\/\/abc-office.eu\/pl\/polska\/tlumacz-przysiegly-polska\/tlumacz-przysiegly-warszawa\/"]}]},{"@type":"ImageObject","inLanguage":"pl-PL","@id":"https:\/\/abc-office.eu\/pl\/polska\/tlumacz-przysiegly-polska\/tlumacz-przysiegly-warszawa\/#primaryimage","url":"https:\/\/abc-office.eu\/wp-content\/uploads\/2025\/10\/Warsaw-768x446-1.jpg","contentUrl":"https:\/\/abc-office.eu\/wp-content\/uploads\/2025\/10\/Warsaw-768x446-1.jpg","width":768,"height":446},{"@type":"BreadcrumbList","@id":"https:\/\/abc-office.eu\/pl\/polska\/tlumacz-przysiegly-polska\/tlumacz-przysiegly-warszawa\/#breadcrumb","itemListElement":[{"@type":"ListItem","position":1,"name":"Accueil","item":"https:\/\/abc-office.eu\/pl\/"},{"@type":"ListItem","position":2,"name":"Polska","item":"https:\/\/abc-office.eu\/pl\/polska\/"},{"@type":"ListItem","position":3,"name":"T\u0142umacz przysi\u0119g\u0142y Polska","item":"https:\/\/abc-office.eu\/pl\/polska\/tlumacz-przysiegly-polska\/"},{"@type":"ListItem","position":4,"name":"T\u0142umacz przysi\u0119g\u0142y Warszawa"}]},{"@type":"WebSite","@id":"https:\/\/abc-office.eu\/pl\/#website","url":"https:\/\/abc-office.eu\/pl\/","name":"ABC Translation","description":"info@abc-office.eu","potentialAction":[{"@type":"SearchAction","target":{"@type":"EntryPoint","urlTemplate":"https:\/\/abc-office.eu\/pl\/?s={search_term_string}"},"query-input":{"@type":"PropertyValueSpecification","valueRequired":true,"valueName":"search_term_string"}}],"inLanguage":"pl-PL"}]}},"_links":{"self":[{"href":"https:\/\/abc-office.eu\/pl\/wp-json\/wp\/v2\/pages\/225986","targetHints":{"allow":["GET"]}}],"collection":[{"href":"https:\/\/abc-office.eu\/pl\/wp-json\/wp\/v2\/pages"}],"about":[{"href":"https:\/\/abc-office.eu\/pl\/wp-json\/wp\/v2\/types\/page"}],"author":[{"embeddable":true,"href":"https:\/\/abc-office.eu\/pl\/wp-json\/wp\/v2\/users\/1"}],"replies":[{"embeddable":true,"href":"https:\/\/abc-office.eu\/pl\/wp-json\/wp\/v2\/comments?post=225986"}],"version-history":[{"count":2,"href":"https:\/\/abc-office.eu\/pl\/wp-json\/wp\/v2\/pages\/225986\/revisions"}],"predecessor-version":[{"id":226474,"href":"https:\/\/abc-office.eu\/pl\/wp-json\/wp\/v2\/pages\/225986\/revisions\/226474"}],"up":[{"embeddable":true,"href":"https:\/\/abc-office.eu\/pl\/wp-json\/wp\/v2\/pages\/225984"}],"wp:featuredmedia":[{"embeddable":true,"href":"https:\/\/abc-office.eu\/pl\/wp-json\/wp\/v2\/media\/225987"}],"wp:attachment":[{"href":"https:\/\/abc-office.eu\/pl\/wp-json\/wp\/v2\/media?parent=225986"}],"curies":[{"name":"wp","href":"https:\/\/api.w.org\/{rel}","templated":true}]}}